{"id":4243,"date":"2019-10-27T10:07:38","date_gmt":"2019-10-27T10:07:38","guid":{"rendered":"https:\/\/notejido.com\/sostenibilidad-y-rsc\/"},"modified":"2024-07-12T06:35:15","modified_gmt":"2024-07-12T06:35:15","slug":"sostenibilidad-y-rsc","status":"publish","type":"page","link":"https:\/\/notejido.com\/de\/sostenibilidad-y-rsc\/","title":{"rendered":"Nachhaltigkeit und CSR"},"content":{"rendered":"<div id=\"pl-gb4243-69d2bc69a1188\"  class=\"panel-layout wp-block-siteorigin-panels-layout-block\" ><div id=\"pg-gb4243-69d2bc69a1188-0\"  class=\"panel-grid panel-has-style\" ><div class=\"section-narrow panel-row-style panel-row-style-for-gb4243-69d2bc69a1188-0\" ><div id=\"pgc-gb4243-69d2bc69a1188-0-0\"  class=\"panel-grid-cell\" ><div id=\"panel-gb4243-69d2bc69a1188-0-0-0\" class=\"so-panel widget widget_sow-editor panel-first-child panel-last-child\" data-index=\"0\" ><div\n\t\t\t\n\t\t\tclass=\"so-widget-sow-editor so-widget-sow-editor-base\"\n\t\t\t\n\t\t>\n<div class=\"siteorigin-widget-tinymce textwidget\">\n\t<p style=\"text-align: center;\">Als Zeichen der Anerkennung und des Engagements f\u00fcr die soziale Verantwortung von Unternehmen haben wir die Silber-Anerkennungsstufe basierend auf den internationalen Nachhaltigkeitsstandards von Ecovadis, dem weltweit anerkanntesten Anbieter von Nachhaltigkeitsratings f\u00fcr Unternehmen, erreicht.<\/p>\n<\/div>\n<\/div><\/div><\/div><\/div><\/div><div id=\"pg-gb4243-69d2bc69a1188-1\"  class=\"panel-grid panel-has-style\" ><div class=\"section-icons panel-row-style panel-row-style-for-gb4243-69d2bc69a1188-1\" ><div id=\"pgc-gb4243-69d2bc69a1188-1-0\"  class=\"panel-grid-cell\" ><div id=\"panel-gb4243-69d2bc69a1188-1-0-0\" class=\"so-panel widget widget_sow-image panel-first-child\" data-index=\"1\" ><div\n\t\t\t\n\t\t\tclass=\"so-widget-sow-image so-widget-sow-image-default-c67d20f9f743-4243\"\n\t\t\t\n\t\t>\n<div class=\"sow-image-container\">\n\t\t<img \n\tsrc=\"https:\/\/notejido.com\/wp-content\/uploads\/2019\/10\/ico-ma.png\" width=\"209\" height=\"209\" sizes=\"(max-width: 209px) 100vw, 209px\" alt=\"\" \t\tclass=\"so-widget-image\"\/>\n\t<\/div>\n\n<\/div><\/div><div id=\"panel-gb4243-69d2bc69a1188-1-0-1\" class=\"so-panel widget widget_sow-editor panel-last-child\" data-index=\"2\" ><div\n\t\t\t\n\t\t\tclass=\"so-widget-sow-editor so-widget-sow-editor-base\"\n\t\t\t\n\t\t>\n<div class=\"siteorigin-widget-tinymce textwidget\">\n\t<h3 style=\"text-align: center;\">Umwelt<\/h3>\n<\/div>\n<\/div><\/div><\/div><div id=\"pgc-gb4243-69d2bc69a1188-1-1\"  class=\"panel-grid-cell\" ><div id=\"panel-gb4243-69d2bc69a1188-1-1-0\" class=\"so-panel widget widget_sow-image panel-first-child\" data-index=\"3\" ><div\n\t\t\t\n\t\t\tclass=\"so-widget-sow-image so-widget-sow-image-default-c67d20f9f743-4243\"\n\t\t\t\n\t\t>\n<div class=\"sow-image-container\">\n\t\t<img \n\tsrc=\"https:\/\/notejido.com\/wp-content\/uploads\/2019\/10\/ico-dh.png\" width=\"209\" height=\"209\" sizes=\"(max-width: 209px) 100vw, 209px\" alt=\"\" \t\tclass=\"so-widget-image\"\/>\n\t<\/div>\n\n<\/div><\/div><div id=\"panel-gb4243-69d2bc69a1188-1-1-1\" class=\"so-panel widget widget_sow-editor panel-last-child\" data-index=\"4\" ><div\n\t\t\t\n\t\t\tclass=\"so-widget-sow-editor so-widget-sow-editor-base\"\n\t\t\t\n\t\t>\n<div class=\"siteorigin-widget-tinymce textwidget\">\n\t<h3 style=\"text-align: center;\"><strong>Arbeitspraktiken<\/strong> und Menschenrechte<\/h3>\n<\/div>\n<\/div><\/div><\/div><div id=\"pgc-gb4243-69d2bc69a1188-1-2\"  class=\"panel-grid-cell\" ><div id=\"panel-gb4243-69d2bc69a1188-1-2-0\" class=\"so-panel widget widget_sow-image panel-first-child\" data-index=\"5\" ><div\n\t\t\t\n\t\t\tclass=\"so-widget-sow-image so-widget-sow-image-default-c67d20f9f743-4243\"\n\t\t\t\n\t\t>\n<div class=\"sow-image-container\">\n\t\t<img \n\tsrc=\"https:\/\/notejido.com\/wp-content\/uploads\/2019\/10\/ico-bpe.png\" width=\"209\" height=\"209\" sizes=\"(max-width: 209px) 100vw, 209px\" alt=\"\" \t\tclass=\"so-widget-image\"\/>\n\t<\/div>\n\n<\/div><\/div><div id=\"panel-gb4243-69d2bc69a1188-1-2-1\" class=\"so-panel widget widget_sow-editor panel-last-child\" data-index=\"6\" ><div\n\t\t\t\n\t\t\tclass=\"so-widget-sow-editor so-widget-sow-editor-base\"\n\t\t\t\n\t\t>\n<div class=\"siteorigin-widget-tinymce textwidget\">\n\t<h3 style=\"text-align: center;\">Gute Gesch\u00e4ftspraktiken<\/h3>\n<\/div>\n<\/div><\/div><\/div><div id=\"pgc-gb4243-69d2bc69a1188-1-3\"  class=\"panel-grid-cell\" ><div id=\"panel-gb4243-69d2bc69a1188-1-3-0\" class=\"so-panel widget widget_sow-image panel-first-child\" data-index=\"7\" ><div\n\t\t\t\n\t\t\tclass=\"so-widget-sow-image so-widget-sow-image-default-c67d20f9f743-4243\"\n\t\t\t\n\t\t>\n<div class=\"sow-image-container\">\n\t\t<img \n\tsrc=\"https:\/\/notejido.com\/wp-content\/uploads\/2019\/10\/ico-as.png\" width=\"209\" height=\"209\" sizes=\"(max-width: 209px) 100vw, 209px\" alt=\"\" \t\tclass=\"so-widget-image\"\/>\n\t<\/div>\n\n<\/div><\/div><div id=\"panel-gb4243-69d2bc69a1188-1-3-1\" class=\"so-panel widget widget_sow-editor panel-last-child\" data-index=\"8\" ><div\n\t\t\t\n\t\t\tclass=\"so-widget-sow-editor so-widget-sow-editor-base\"\n\t\t\t\n\t\t>\n<div class=\"siteorigin-widget-tinymce textwidget\">\n\t<h3 style=\"text-align: center;\">Nachhaltige Beschaffung<\/h3>\n<\/div>\n<\/div><\/div><\/div><\/div><\/div><div id=\"pg-gb4243-69d2bc69a1188-2\"  class=\"panel-grid panel-has-style\" ><div class=\"section-narrow panel-row-style panel-row-style-for-gb4243-69d2bc69a1188-2\" ><div id=\"pgc-gb4243-69d2bc69a1188-2-0\"  class=\"panel-grid-cell\" ><div id=\"panel-gb4243-69d2bc69a1188-2-0-0\" class=\"so-panel widget widget_sow-editor panel-first-child panel-last-child\" data-index=\"9\" ><div\n\t\t\t\n\t\t\tclass=\"so-widget-sow-editor so-widget-sow-editor-base\"\n\t\t\t\n\t\t>\n<div class=\"siteorigin-widget-tinymce textwidget\">\n\t<p style=\"text-align: center;\">Das Konzept der Nachhaltigkeit ist in allen Prozessen der Wertsch\u00f6pfungskette verankert und unterstreicht die positiven Auswirkungen unserer Gesch\u00e4ftst\u00e4tigkeit auf unsere Kunden, Mitarbeiter, Partner und die Gemeinschaften, in denen wir t\u00e4tig sind.<\/p>\n<\/div>\n<\/div><\/div><\/div><\/div><\/div><div id=\"pg-gb4243-69d2bc69a1188-3\"  class=\"panel-grid panel-has-style\" ><div class=\"section-gray siteorigin-panels-stretch panel-row-style panel-row-style-for-gb4243-69d2bc69a1188-3\" data-stretch-type=\"full\" ><div id=\"pgc-gb4243-69d2bc69a1188-3-0\"  class=\"panel-grid-cell\" ><div class=\"panel-cell-style panel-cell-style-for-gb4243-69d2bc69a1188-3-0\" ><div id=\"panel-gb4243-69d2bc69a1188-3-0-0\" class=\"so-panel widget widget_sow-editor panel-first-child\" data-index=\"10\" ><div\n\t\t\t\n\t\t\tclass=\"so-widget-sow-editor so-widget-sow-editor-base\"\n\t\t\t\n\t\t>\n<div class=\"siteorigin-widget-tinymce textwidget\">\n\t<p class=\"pre-title\" style=\"text-align: center;\">Engagement f\u00fcr die umwelt<\/p>\n<h2 style=\"text-align: center;\">Umweltmanagement<\/h2>\n<\/div>\n<\/div><\/div><div id=\"panel-gb4243-69d2bc69a1188-3-0-1\" class=\"so-panel widget widget_sow-editor panel-last-child\" data-index=\"11\" ><div class=\"panel-widget-style panel-widget-style-for-gb4243-69d2bc69a1188-3-0-1\" ><div\n\t\t\t\n\t\t\tclass=\"so-widget-sow-editor so-widget-sow-editor-base\"\n\t\t\t\n\t\t>\n<div class=\"siteorigin-widget-tinymce textwidget\">\n\t<p>Wir von Dise\u00f1os NT bieten Verpackungen und flexible Verpackungsl\u00f6sungen an, die zunehmend nachhaltiger und umweltfreundlicher sind. Wir bieten 100 % recycelbare Produkte an und reduzieren so unsere Umweltbelastung.<\/p>\n<p>Unser Ziel ist es, unsere Emissionen zu berechnen, zu reduzieren und auszugleichen, damit unsere Prozesse optimierter und nachhaltiger werden.<\/p>\n<p>Aufgrund unseres Engagements und unseres Umweltbewusstseins berechnen wir die Emissionen unseres Kerngesch\u00e4fts durch eine Lebenszyklusanalyse und die Berechnung des CO2- Fu\u00dfabdrucks des Produkts.<\/p>\n<p>Durch unsere Produktion in Spanien k\u00f6nnen wir im Vergleich zu asiatischen Importen den CO2-Aussto\u00df reduzieren und die Umweltbelastung minimieren.<\/p>\n<p>Unser Ziel ist es, weiterhin ein Vorreiter im sozialen und \u00f6kologischen Bereich zu sein, Arbeitspl\u00e4tze zu schaffen, f\u00fcr Wohlbefinden zu sorgen und Mehrwert f\u00fcr alle unsere Mitarbeiter und Interessengruppen zu schaffen. Innovation, Qualit\u00e4tsverbesserung und Nachhaltigkeit kennzeichnen unsere Wachstumsfelder.<\/p>\n<\/div>\n<\/div><\/div><\/div><\/div><\/div><\/div><\/div><div id=\"pg-gb4243-69d2bc69a1188-4\"  class=\"panel-grid panel-has-style\" ><div class=\"siteorigin-panels-stretch panel-row-style panel-row-style-for-gb4243-69d2bc69a1188-4\" data-stretch-type=\"full-width-stretch\" ><div id=\"pgc-gb4243-69d2bc69a1188-4-0\"  class=\"panel-grid-cell panel-grid-cell-mobile-last\" ><div id=\"panel-gb4243-69d2bc69a1188-4-0-0\" class=\"so-panel widget widget_sow-editor panel-first-child panel-last-child\" data-index=\"12\" ><div class=\"block-txt-info panel-widget-style panel-widget-style-for-gb4243-69d2bc69a1188-4-0-0\" ><div\n\t\t\t\n\t\t\tclass=\"so-widget-sow-editor so-widget-sow-editor-base\"\n\t\t\t\n\t\t>\n<div class=\"siteorigin-widget-tinymce textwidget\">\n\t<p class=\"pre-title\">Soziales engagement<\/p>\n<h2>Soziale anliegen<\/h2>\n<p>Soziale Verantwortung ist Teil unserer Kultur und unserer Werte. Wir f\u00f6rdern soziale Aktionen und engagieren uns in Vermittlungsprojekten in Zusammenarbeit mit Repsol, um ein soziales Integrationsprojekt durchzuf\u00fchren.<\/p>\n<p>Ein konsolidiertes Projekt, das darin besteht, alleinerziehenden M\u00fcttern mit unterhaltsberechtigten Kindern verschiedener Nationalit\u00e4ten, ohne famili\u00e4re Unterst\u00fctzung und Opfern von Gewalt in allen Formen Ausbildung und Arbeit anzubieten.<\/p>\n<\/div>\n<\/div><\/div><\/div><\/div><div id=\"pgc-gb4243-69d2bc69a1188-4-1\"  class=\"panel-grid-cell panel-grid-cell-empty\" ><div class=\"panel-cell-style panel-cell-style-for-gb4243-69d2bc69a1188-4-1\" ><\/div><\/div><\/div><\/div><div id=\"pg-gb4243-69d2bc69a1188-5\"  class=\"panel-grid panel-has-style\" ><div class=\"section-gray siteorigin-panels-stretch panel-row-style panel-row-style-for-gb4243-69d2bc69a1188-5\" data-stretch-type=\"full\" ><div id=\"pgc-gb4243-69d2bc69a1188-5-0\"  class=\"panel-grid-cell\" ><div class=\"panel-cell-style panel-cell-style-for-gb4243-69d2bc69a1188-5-0\" ><div id=\"panel-gb4243-69d2bc69a1188-5-0-0\" class=\"so-panel widget widget_sow-editor panel-first-child panel-last-child\" data-index=\"13\" ><div\n\t\t\t\n\t\t\tclass=\"so-widget-sow-editor so-widget-sow-editor-base\"\n\t\t\t\n\t\t>\n<div class=\"siteorigin-widget-tinymce textwidget\">\n\t<p class=\"pre-title\">Arbeitsengagement<\/p>\n<h2>Gute gesch\u00e4ftspraktiken<\/h2>\n<p>Wir betreiben f\u00fcnf Produktionsst\u00e4tten, die M\u00f6glichkeiten in einem kooperativen, innovativen und gleichberechtigten Arbeitsumfeld bieten. Unser Ziel ist es, einen gesunden und sicheren Arbeitsplatz zu f\u00f6rdern und gleichzeitig die Einbeziehung von Arbeitnehmern aller Herkunft zu f\u00f6rdern.<\/p>\n<p>Bei Dise\u00f1os NT verlangen wir von allen unseren Fachleuten h\u00f6chste ethische Standards. Um dies zu unterst\u00fctzen, haben wir einen Verhaltens- und <a href=\"https:\/\/mknotejido@www.notejido.com\/mk\/01%20C%C3%B3dito%20de%20Conducta%20y%20%C3%89tica_%20ESP_%20Rev2%20012024.pdf?_gl=1*1k9rnqh*_ga*MjA4MTI2MzUzNy4xNzIwNzYzMjU4*_ga_5VZYDRBE6T*MTcyMDc2MzI1Ny4xLjEuMTcyMDc2NDcwOS4wLjAuMA..\">Ethikkodex erstellt<\/a>, der Fachleuten dabei helfen soll, unter allen Umst\u00e4nden die richtigen Entscheidungen zu treffen. Dar\u00fcber hinaus haben wir einen <a href=\"https:\/\/mknotejido@www.notejido.com\/mk\/03%20Pol%C3%ADtica%20de%20compras%20responsables%20_ESP_Rev%202%20012024.pdf?_gl=1*1k9rnqh*_ga*MjA4MTI2MzUzNy4xNzIwNzYzMjU4*_ga_5VZYDRBE6T*MTcyMDc2MzI1Ny4xLjEuMTcyMDc2NDcwOS4wLjAuMA..\">Kodex f\u00fcr verantwortungsvolle Beschaffung eingef\u00fchrt<\/a>, der die Interaktionen zwischen dem Kunden und dem Unternehmen regelt.<\/p>\n<\/div>\n<\/div><\/div><\/div><\/div><div id=\"pgc-gb4243-69d2bc69a1188-5-1\"  class=\"panel-grid-cell\" ><div class=\"panel-cell-style panel-cell-style-for-gb4243-69d2bc69a1188-5-1\" ><div id=\"panel-gb4243-69d2bc69a1188-5-1-0\" class=\"so-panel widget widget_sow-editor panel-first-child panel-last-child\" data-index=\"14\" ><div\n\t\t\t\n\t\t\tclass=\"so-widget-sow-editor so-widget-sow-editor-base\"\n\t\t\t\n\t\t>\n<div class=\"siteorigin-widget-tinymce textwidget\">\n\t<p class=\"pre-title\">Engagement zur nachhaltigkeit bei lieferanten<\/p>\n<h2>Nachhaltige beschaffung<\/h2>\n<p>Unser Engagement basiert auf der Entwicklung einer effizienten und nachhaltigen Produktionskette von Anfang an. Die integrierte Produktion ist ein wesentlicher Bestandteil des Konzepts der Kreislaufwirtschaft.<\/p>\n<p>Dieses Kreislaufmodell umfasst die Herstellung des Produkts, seine Verwendung und Wiederverwendung.<\/p>\n<p>Wir verf\u00fcgen au\u00dferdem \u00fcber die PEFC Forest Management Chain of Custody-Zertifizierung, die die R\u00fcckverfolgbarkeit von Produkten \u00fcberpr\u00fcft, die aus Holz und seinen Derivaten hergestellt werden. So k\u00f6nnen wir garantieren, dass das Papier, aus dem unsere Taschen hergestellt werden, aus nachhaltig bewirtschafteten W\u00e4ldern stammt.<\/p>\n<\/div>\n<\/div><\/div><\/div><\/div><\/div><\/div><\/div>\n\n\n<p><\/p>\n","protected":false},"excerpt":{"rendered":"<p>Als Zeichen der Anerkennung und des Engagements f\u00fcr die soziale Verantwortung von Unternehmen haben wir die Silber-Anerkennungsstufe basierend auf den [&hellip;]<\/p>\n","protected":false},"author":2,"featured_media":7504,"parent":0,"menu_order":81,"comment_status":"closed","ping_status":"closed","template":"","meta":{"_acf_changed":false,"footnotes":""},"class_list":["post-4243","page","type-page","status-publish","has-post-thumbnail","hentry"],"acf":[],"yoast_head":"<!-- This site is optimized with the Yoast SEO plugin v27.2 - https:\/\/yoast.com\/product\/yoast-seo-wordpress\/ -->\n<title>Nachhaltigkeit und CSR - Disenos NT<\/title>\n<meta name=\"robots\" content=\"index, follow, max-snippet:-1, max-image-preview:large, max-video-preview:-1\" \/>\n<link rel=\"canonical\" href=\"https:\/\/notejido.com\/de\/sostenibilidad-y-rsc\/\" \/>\n<meta property=\"og:locale\" content=\"de_DE\" \/>\n<meta property=\"og:type\" content=\"article\" \/>\n<meta property=\"og:title\" content=\"Nachhaltigkeit und CSR - Disenos NT\" \/>\n<meta property=\"og:description\" content=\"Als Zeichen der Anerkennung und des Engagements f\u00fcr die soziale Verantwortung von Unternehmen haben wir die Silber-Anerkennungsstufe basierend auf den [&hellip;]\" \/>\n<meta property=\"og:url\" content=\"https:\/\/notejido.com\/de\/sostenibilidad-y-rsc\/\" \/>\n<meta property=\"og:site_name\" content=\"Disenos NT\" \/>\n<meta property=\"article:modified_time\" content=\"2024-07-12T06:35:15+00:00\" \/>\n<meta property=\"og:image\" content=\"https:\/\/notejido.com\/wp-content\/uploads\/2024\/07\/SOSTENIBILIDAD-Y-RSC.jpg\" \/>\n\t<meta property=\"og:image:width\" content=\"794\" \/>\n\t<meta property=\"og:image:height\" content=\"404\" \/>\n\t<meta property=\"og:image:type\" content=\"image\/jpeg\" \/>\n<meta name=\"twitter:card\" content=\"summary_large_image\" \/>\n<meta name=\"twitter:label1\" content=\"Gesch\u00e4tzte Lesezeit\" \/>\n\t<meta name=\"twitter:data1\" content=\"4\u00a0Minuten\" \/>\n<script type=\"application\/ld+json\" class=\"yoast-schema-graph\">{\"@context\":\"https:\/\/schema.org\",\"@graph\":[{\"@type\":\"WebPage\",\"@id\":\"https:\/\/notejido.com\/de\/sostenibilidad-y-rsc\/\",\"url\":\"https:\/\/notejido.com\/de\/sostenibilidad-y-rsc\/\",\"name\":\"Nachhaltigkeit und CSR - Disenos NT\",\"isPartOf\":{\"@id\":\"https:\/\/notejido.com\/de\/#website\"},\"primaryImageOfPage\":{\"@id\":\"https:\/\/notejido.com\/de\/sostenibilidad-y-rsc\/#primaryimage\"},\"image\":{\"@id\":\"https:\/\/notejido.com\/de\/sostenibilidad-y-rsc\/#primaryimage\"},\"thumbnailUrl\":\"https:\/\/notejido.com\/wp-content\/uploads\/2024\/07\/SOSTENIBILIDAD-Y-RSC.jpg\",\"datePublished\":\"2019-10-27T10:07:38+00:00\",\"dateModified\":\"2024-07-12T06:35:15+00:00\",\"breadcrumb\":{\"@id\":\"https:\/\/notejido.com\/de\/sostenibilidad-y-rsc\/#breadcrumb\"},\"inLanguage\":\"de\",\"potentialAction\":[{\"@type\":\"ReadAction\",\"target\":[\"https:\/\/notejido.com\/de\/sostenibilidad-y-rsc\/\"]}]},{\"@type\":\"ImageObject\",\"inLanguage\":\"de\",\"@id\":\"https:\/\/notejido.com\/de\/sostenibilidad-y-rsc\/#primaryimage\",\"url\":\"https:\/\/notejido.com\/wp-content\/uploads\/2024\/07\/SOSTENIBILIDAD-Y-RSC.jpg\",\"contentUrl\":\"https:\/\/notejido.com\/wp-content\/uploads\/2024\/07\/SOSTENIBILIDAD-Y-RSC.jpg\",\"width\":794,\"height\":404,\"caption\":\"Sostenibilidad y RSC\"},{\"@type\":\"BreadcrumbList\",\"@id\":\"https:\/\/notejido.com\/de\/sostenibilidad-y-rsc\/#breadcrumb\",\"itemListElement\":[{\"@type\":\"ListItem\",\"position\":1,\"name\":\"Portada\",\"item\":\"https:\/\/notejido.com\/de\/\"},{\"@type\":\"ListItem\",\"position\":2,\"name\":\"Nachhaltigkeit und CSR\"}]},{\"@type\":\"WebSite\",\"@id\":\"https:\/\/notejido.com\/de\/#website\",\"url\":\"https:\/\/notejido.com\/de\/\",\"name\":\"Disenos NT\",\"description\":\"Bolsas reutilizables, art\u00edculos higi\u00e9nicos-sanitarios, manteles desechables  y otro packaging promocional en material flexible\",\"potentialAction\":[{\"@type\":\"SearchAction\",\"target\":{\"@type\":\"EntryPoint\",\"urlTemplate\":\"https:\/\/notejido.com\/de\/?s={search_term_string}\"},\"query-input\":{\"@type\":\"PropertyValueSpecification\",\"valueRequired\":true,\"valueName\":\"search_term_string\"}}],\"inLanguage\":\"de\"}]}<\/script>\n<!-- \/ Yoast SEO plugin. -->","yoast_head_json":{"title":"Nachhaltigkeit und CSR - Disenos NT","robots":{"index":"index","follow":"follow","max-snippet":"max-snippet:-1","max-image-preview":"max-image-preview:large","max-video-preview":"max-video-preview:-1"},"canonical":"https:\/\/notejido.com\/de\/sostenibilidad-y-rsc\/","og_locale":"de_DE","og_type":"article","og_title":"Nachhaltigkeit und CSR - Disenos NT","og_description":"Als Zeichen der Anerkennung und des Engagements f\u00fcr die soziale Verantwortung von Unternehmen haben wir die Silber-Anerkennungsstufe basierend auf den [&hellip;]","og_url":"https:\/\/notejido.com\/de\/sostenibilidad-y-rsc\/","og_site_name":"Disenos NT","article_modified_time":"2024-07-12T06:35:15+00:00","og_image":[{"width":794,"height":404,"url":"https:\/\/notejido.com\/wp-content\/uploads\/2024\/07\/SOSTENIBILIDAD-Y-RSC.jpg","type":"image\/jpeg"}],"twitter_card":"summary_large_image","twitter_misc":{"Gesch\u00e4tzte Lesezeit":"4\u00a0Minuten"},"schema":{"@context":"https:\/\/schema.org","@graph":[{"@type":"WebPage","@id":"https:\/\/notejido.com\/de\/sostenibilidad-y-rsc\/","url":"https:\/\/notejido.com\/de\/sostenibilidad-y-rsc\/","name":"Nachhaltigkeit und CSR - Disenos NT","isPartOf":{"@id":"https:\/\/notejido.com\/de\/#website"},"primaryImageOfPage":{"@id":"https:\/\/notejido.com\/de\/sostenibilidad-y-rsc\/#primaryimage"},"image":{"@id":"https:\/\/notejido.com\/de\/sostenibilidad-y-rsc\/#primaryimage"},"thumbnailUrl":"https:\/\/notejido.com\/wp-content\/uploads\/2024\/07\/SOSTENIBILIDAD-Y-RSC.jpg","datePublished":"2019-10-27T10:07:38+00:00","dateModified":"2024-07-12T06:35:15+00:00","breadcrumb":{"@id":"https:\/\/notejido.com\/de\/sostenibilidad-y-rsc\/#breadcrumb"},"inLanguage":"de","potentialAction":[{"@type":"ReadAction","target":["https:\/\/notejido.com\/de\/sostenibilidad-y-rsc\/"]}]},{"@type":"ImageObject","inLanguage":"de","@id":"https:\/\/notejido.com\/de\/sostenibilidad-y-rsc\/#primaryimage","url":"https:\/\/notejido.com\/wp-content\/uploads\/2024\/07\/SOSTENIBILIDAD-Y-RSC.jpg","contentUrl":"https:\/\/notejido.com\/wp-content\/uploads\/2024\/07\/SOSTENIBILIDAD-Y-RSC.jpg","width":794,"height":404,"caption":"Sostenibilidad y RSC"},{"@type":"BreadcrumbList","@id":"https:\/\/notejido.com\/de\/sostenibilidad-y-rsc\/#breadcrumb","itemListElement":[{"@type":"ListItem","position":1,"name":"Portada","item":"https:\/\/notejido.com\/de\/"},{"@type":"ListItem","position":2,"name":"Nachhaltigkeit und CSR"}]},{"@type":"WebSite","@id":"https:\/\/notejido.com\/de\/#website","url":"https:\/\/notejido.com\/de\/","name":"Disenos NT","description":"Bolsas reutilizables, art\u00edculos higi\u00e9nicos-sanitarios, manteles desechables  y otro packaging promocional en material flexible","potentialAction":[{"@type":"SearchAction","target":{"@type":"EntryPoint","urlTemplate":"https:\/\/notejido.com\/de\/?s={search_term_string}"},"query-input":{"@type":"PropertyValueSpecification","valueRequired":true,"valueName":"search_term_string"}}],"inLanguage":"de"}]}},"_links":{"self":[{"href":"https:\/\/notejido.com\/de\/wp-json\/wp\/v2\/pages\/4243","targetHints":{"allow":["GET"]}}],"collection":[{"href":"https:\/\/notejido.com\/de\/wp-json\/wp\/v2\/pages"}],"about":[{"href":"https:\/\/notejido.com\/de\/wp-json\/wp\/v2\/types\/page"}],"author":[{"embeddable":true,"href":"https:\/\/notejido.com\/de\/wp-json\/wp\/v2\/users\/2"}],"replies":[{"embeddable":true,"href":"https:\/\/notejido.com\/de\/wp-json\/wp\/v2\/comments?post=4243"}],"version-history":[{"count":5,"href":"https:\/\/notejido.com\/de\/wp-json\/wp\/v2\/pages\/4243\/revisions"}],"predecessor-version":[{"id":7549,"href":"https:\/\/notejido.com\/de\/wp-json\/wp\/v2\/pages\/4243\/revisions\/7549"}],"wp:featuredmedia":[{"embeddable":true,"href":"https:\/\/notejido.com\/de\/wp-json\/wp\/v2\/media\/7504"}],"wp:attachment":[{"href":"https:\/\/notejido.com\/de\/wp-json\/wp\/v2\/media?parent=4243"}],"curies":[{"name":"wp","href":"https:\/\/api.w.org\/{rel}","templated":true}]}}