{"id":4276,"date":"2019-10-27T11:17:36","date_gmt":"2019-10-27T11:17:36","guid":{"rendered":"https:\/\/notejido.com\/calidad\/"},"modified":"2025-12-10T12:55:45","modified_gmt":"2025-12-10T12:55:45","slug":"calidad","status":"publish","type":"page","link":"https:\/\/notejido.com\/de\/calidad\/","title":{"rendered":"Qualit\u00e4t"},"content":{"rendered":"<div id=\"pl-gb4276-69d389d917309\"  class=\"panel-layout wp-block-siteorigin-panels-layout-block\" ><div id=\"pg-gb4276-69d389d917309-0\"  class=\"panel-grid panel-no-style\" ><div id=\"pgc-gb4276-69d389d917309-0-0\"  class=\"panel-grid-cell\" ><div id=\"panel-gb4276-69d389d917309-0-0-0\" class=\"so-panel widget widget_sow-editor panel-first-child panel-last-child\" data-index=\"0\" ><div class=\"panel-widget-style panel-widget-style-for-gb4276-69d389d917309-0-0-0\" ><div\n\t\t\t\n\t\t\tclass=\"so-widget-sow-editor so-widget-sow-editor-base\"\n\t\t\t\n\t\t>\n<div class=\"siteorigin-widget-tinymce textwidget\">\n\t<p style=\"text-align: center;\">Wir haben ein <strong>integriertes Managementsystem<\/strong> implementiert, das es uns erm\u00f6glicht, alle Phasen der Produktionskette zu kontrollieren und so die Qualit\u00e4t aller unserer Produkte sicherzustellen. Die folgenden Zertifizierungen best\u00e4tigen unser Streben nach kontinuierlicher Verbesserung und bekr\u00e4ftigen unser <strong>Engagement f\u00fcr Qualit\u00e4t sowie soziale und umweltgerechte Nachhaltigkeit<\/strong>:<\/p>\n<\/div>\n<\/div><\/div><\/div><\/div><\/div><div id=\"pg-gb4276-69d389d917309-1\"  class=\"panel-grid panel-has-style\" ><div class=\"border-top panel-row-style panel-row-style-for-gb4276-69d389d917309-1\" ><div id=\"pgc-gb4276-69d389d917309-1-0\"  class=\"panel-grid-cell\" ><div id=\"panel-gb4276-69d389d917309-1-0-0\" class=\"so-panel widget widget_sow-image panel-first-child panel-last-child\" data-index=\"1\" ><div\n\t\t\t\n\t\t\tclass=\"so-widget-sow-image so-widget-sow-image-default-c67d20f9f743-4276\"\n\t\t\t\n\t\t>\n<div class=\"sow-image-container\">\n\t\t<img \n\tsrc=\"https:\/\/notejido.com\/wp-content\/uploads\/2023\/04\/BRC.png\" width=\"4167\" height=\"2500\" srcset=\"https:\/\/notejido.com\/wp-content\/uploads\/2023\/04\/BRC.png 4167w, https:\/\/notejido.com\/wp-content\/uploads\/2023\/04\/BRC-500x300.png 500w, https:\/\/notejido.com\/wp-content\/uploads\/2023\/04\/BRC-1110x666.png 1110w, https:\/\/notejido.com\/wp-content\/uploads\/2023\/04\/BRC-768x461.png 768w, https:\/\/notejido.com\/wp-content\/uploads\/2023\/04\/BRC-1536x922.png 1536w, https:\/\/notejido.com\/wp-content\/uploads\/2023\/04\/BRC-2048x1229.png 2048w\" sizes=\"(max-width: 4167px) 100vw, 4167px\" alt=\"BRCGS Consumer Products Certification\" \t\tclass=\"so-widget-image\"\/>\n\t<\/div>\n\n<\/div><\/div><\/div><div id=\"pgc-gb4276-69d389d917309-1-1\"  class=\"panel-grid-cell\" ><div id=\"panel-gb4276-69d389d917309-1-1-0\" class=\"so-panel widget widget_sow-editor panel-first-child panel-last-child\" data-index=\"2\" ><div class=\"panel-widget-style panel-widget-style-for-gb4276-69d389d917309-1-1-0\" ><div\n\t\t\t\n\t\t\tclass=\"so-widget-sow-editor so-widget-sow-editor-base\"\n\t\t\t\n\t\t>\n<div class=\"siteorigin-widget-tinymce textwidget\">\n\t<h3><strong>BRCGS \u2013 Consumer<\/strong> Products<\/h3>\n<p>Zertifiziert die Lieferung sicherer, legaler und hochwertiger Verbraucherprodukte.<\/p>\n<\/div>\n<\/div><\/div><\/div><\/div><\/div><\/div><div id=\"pg-gb4276-69d389d917309-2\"  class=\"panel-grid panel-has-style\" ><div class=\"border-top panel-row-style panel-row-style-for-gb4276-69d389d917309-2\" ><div id=\"pgc-gb4276-69d389d917309-2-0\"  class=\"panel-grid-cell\" ><div id=\"panel-gb4276-69d389d917309-2-0-0\" class=\"so-panel widget widget_sow-image panel-first-child panel-last-child\" data-index=\"3\" ><div\n\t\t\t\n\t\t\tclass=\"so-widget-sow-image so-widget-sow-image-default-c67d20f9f743-4276\"\n\t\t\t\n\t\t>\n<div class=\"sow-image-container\">\n\t\t<img \n\tsrc=\"https:\/\/notejido.com\/wp-content\/uploads\/2025\/11\/ISO-9001-1.png\" width=\"250\" height=\"140\" sizes=\"(max-width: 250px) 100vw, 250px\" title=\"ISO-9001\" alt=\"\" \t\tclass=\"so-widget-image\"\/>\n\t<\/div>\n\n<\/div><\/div><\/div><div id=\"pgc-gb4276-69d389d917309-2-1\"  class=\"panel-grid-cell\" ><div id=\"panel-gb4276-69d389d917309-2-1-0\" class=\"so-panel widget widget_sow-editor panel-first-child panel-last-child\" data-index=\"4\" ><div class=\"panel-widget-style panel-widget-style-for-gb4276-69d389d917309-2-1-0\" ><div\n\t\t\t\n\t\t\tclass=\"so-widget-sow-editor so-widget-sow-editor-base\"\n\t\t\t\n\t\t>\n<div class=\"siteorigin-widget-tinymce textwidget\">\n\t<h3><strong>ISO 9001<\/strong> Zertifizierung<\/h3>\n<p>Qualit\u00e4t und Kundenzufriedenheit stehen im Vordergrund.<\/p>\n<\/div>\n<\/div><\/div><\/div><\/div><\/div><\/div><div id=\"pg-gb4276-69d389d917309-3\"  class=\"panel-grid panel-has-style\" ><div class=\"border-top panel-row-style panel-row-style-for-gb4276-69d389d917309-3\" ><div id=\"pgc-gb4276-69d389d917309-3-0\"  class=\"panel-grid-cell\" ><div id=\"panel-gb4276-69d389d917309-3-0-0\" class=\"so-panel widget widget_sow-image panel-first-child panel-last-child\" data-index=\"5\" ><div\n\t\t\t\n\t\t\tclass=\"so-widget-sow-image so-widget-sow-image-default-8b5b6f678277-4276\"\n\t\t\t\n\t\t>\n<div class=\"sow-image-container\">\n\t\t<img \n\tsrc=\"https:\/\/notejido.com\/wp-content\/uploads\/2025\/11\/ISO-9001-1.png\" width=\"250\" height=\"140\" sizes=\"(max-width: 250px) 100vw, 250px\" title=\"ISO-9001\" alt=\"\" \t\tclass=\"so-widget-image\"\/>\n\t<\/div>\n\n<\/div><\/div><\/div><div id=\"pgc-gb4276-69d389d917309-3-1\"  class=\"panel-grid-cell\" ><div id=\"panel-gb4276-69d389d917309-3-1-0\" class=\"so-panel widget widget_sow-editor panel-first-child panel-last-child\" data-index=\"6\" ><div class=\"panel-widget-style panel-widget-style-for-gb4276-69d389d917309-3-1-0\" ><div\n\t\t\t\n\t\t\tclass=\"so-widget-sow-editor so-widget-sow-editor-base\"\n\t\t\t\n\t\t>\n<div class=\"siteorigin-widget-tinymce textwidget\">\n\t<h3>ISO 14001 Zertifizierung<\/h3>\n<p>Schutz und Respekt f\u00fcr die Umwelt sind integraler Bestandteil unserer Wirtschaftsmodelle.<\/p>\n<\/div>\n<\/div><\/div><\/div><\/div><\/div><\/div><div id=\"pg-gb4276-69d389d917309-4\"  class=\"panel-grid panel-has-style\" ><div class=\"border-top panel-row-style panel-row-style-for-gb4276-69d389d917309-4\" ><div id=\"pgc-gb4276-69d389d917309-4-0\"  class=\"panel-grid-cell\" ><div id=\"panel-gb4276-69d389d917309-4-0-0\" class=\"so-panel widget widget_sow-image panel-first-child panel-last-child\" data-index=\"7\" ><div\n\t\t\t\n\t\t\tclass=\"so-widget-sow-image so-widget-sow-image-default-8b5b6f678277-4276\"\n\t\t\t\n\t\t>\n<div class=\"sow-image-container\">\n\t\t<img \n\tsrc=\"https:\/\/notejido.com\/wp-content\/uploads\/2025\/12\/ISO-14006-1.png\" width=\"250\" height=\"140\" sizes=\"(max-width: 250px) 100vw, 250px\" title=\"ISO 14006\" alt=\"ISO 14006\" \t\tclass=\"so-widget-image\"\/>\n\t<\/div>\n\n<\/div><\/div><\/div><div id=\"pgc-gb4276-69d389d917309-4-1\"  class=\"panel-grid-cell\" ><div id=\"panel-gb4276-69d389d917309-4-1-0\" class=\"so-panel widget widget_sow-editor panel-first-child panel-last-child\" data-index=\"8\" ><div class=\"panel-widget-style panel-widget-style-for-gb4276-69d389d917309-4-1-0\" ><div\n\t\t\t\n\t\t\tclass=\"so-widget-sow-editor so-widget-sow-editor-base\"\n\t\t\t\n\t\t>\n<div class=\"siteorigin-widget-tinymce textwidget\">\n\t<h3>ISO 14006 Zertifizierung<\/h3>\n<p>Umweltmanagement im Bereich der Produktgestaltung und -entwicklung, das zur Verringerung der Umweltbelastung \u00fcber den gesamten Lebenszyklus beitr\u00e4gt.<\/p>\n<\/div>\n<\/div><\/div><\/div><\/div><\/div><\/div><div id=\"pg-gb4276-69d389d917309-5\"  class=\"panel-grid panel-has-style\" ><div class=\"border-top panel-row-style panel-row-style-for-gb4276-69d389d917309-5\" ><div id=\"pgc-gb4276-69d389d917309-5-0\"  class=\"panel-grid-cell\" ><div id=\"panel-gb4276-69d389d917309-5-0-0\" class=\"so-panel widget widget_sow-image panel-first-child panel-last-child\" data-index=\"9\" ><div\n\t\t\t\n\t\t\tclass=\"so-widget-sow-image so-widget-sow-image-default-8b5b6f678277-4276\"\n\t\t\t\n\t\t>\n<div class=\"sow-image-container\">\n\t\t<img \n\tsrc=\"https:\/\/notejido.com\/wp-content\/uploads\/2024\/07\/SELLO-ISO-13485_GENERICO-01.png\" width=\"1616\" height=\"1251\" srcset=\"https:\/\/notejido.com\/wp-content\/uploads\/2024\/07\/SELLO-ISO-13485_GENERICO-01.png 1616w, https:\/\/notejido.com\/wp-content\/uploads\/2024\/07\/SELLO-ISO-13485_GENERICO-01-388x300.png 388w, https:\/\/notejido.com\/wp-content\/uploads\/2024\/07\/SELLO-ISO-13485_GENERICO-01-1110x859.png 1110w, https:\/\/notejido.com\/wp-content\/uploads\/2024\/07\/SELLO-ISO-13485_GENERICO-01-768x595.png 768w, https:\/\/notejido.com\/wp-content\/uploads\/2024\/07\/SELLO-ISO-13485_GENERICO-01-1536x1189.png 1536w\" sizes=\"(max-width: 1616px) 100vw, 1616px\" alt=\"Certificaci\u00f3n de calidad ISO 13485\" \t\tclass=\"so-widget-image\"\/>\n\t<\/div>\n\n<\/div><\/div><\/div><div id=\"pgc-gb4276-69d389d917309-5-1\"  class=\"panel-grid-cell\" ><div id=\"panel-gb4276-69d389d917309-5-1-0\" class=\"so-panel widget widget_sow-editor panel-first-child panel-last-child\" data-index=\"10\" ><div class=\"panel-widget-style panel-widget-style-for-gb4276-69d389d917309-5-1-0\" ><div\n\t\t\t\n\t\t\tclass=\"so-widget-sow-editor so-widget-sow-editor-base\"\n\t\t\t\n\t\t>\n<div class=\"siteorigin-widget-tinymce textwidget\">\n\t<h3>ISO 13485 Zertifizierung<\/h3>\n<p>Internationale Qualit\u00e4tsmanagement-Zertifizierung f\u00fcr die Herstellung von Sanit\u00e4rprodukten.<\/p>\n<\/div>\n<\/div><\/div><\/div><\/div><\/div><\/div><div id=\"pg-gb4276-69d389d917309-6\"  class=\"panel-grid panel-has-style\" ><div class=\"border-top panel-row-style panel-row-style-for-gb4276-69d389d917309-6\" ><div id=\"pgc-gb4276-69d389d917309-6-0\"  class=\"panel-grid-cell\" ><div id=\"panel-gb4276-69d389d917309-6-0-0\" class=\"so-panel widget widget_sow-image panel-first-child panel-last-child\" data-index=\"11\" ><div\n\t\t\t\n\t\t\tclass=\"so-widget-sow-image so-widget-sow-image-default-c67d20f9f743-4276\"\n\t\t\t\n\t\t>\n<div class=\"sow-image-container\">\n\t\t<img \n\tsrc=\"https:\/\/notejido.com\/wp-content\/uploads\/2024\/07\/PEFC-PRO-B-P.png\" width=\"553\" height=\"550\" srcset=\"https:\/\/notejido.com\/wp-content\/uploads\/2024\/07\/PEFC-PRO-B-P.png 553w, https:\/\/notejido.com\/wp-content\/uploads\/2024\/07\/PEFC-PRO-B-P-302x300.png 302w\" sizes=\"(max-width: 553px) 100vw, 553px\" alt=\"\" \t\tclass=\"so-widget-image\"\/>\n\t<\/div>\n\n<\/div><\/div><\/div><div id=\"pgc-gb4276-69d389d917309-6-1\"  class=\"panel-grid-cell\" ><div id=\"panel-gb4276-69d389d917309-6-1-0\" class=\"so-panel widget widget_sow-editor panel-first-child panel-last-child\" data-index=\"12\" ><div class=\"panel-widget-style panel-widget-style-for-gb4276-69d389d917309-6-1-0\" ><div\n\t\t\t\n\t\t\tclass=\"so-widget-sow-editor so-widget-sow-editor-base\"\n\t\t\t\n\t\t>\n<div class=\"siteorigin-widget-tinymce textwidget\">\n\t<h3>PEFC-Management<\/h3>\n<p>Es garantiert, dass das zur Herstellung unserer Taschen verwendete Papier aus nachhaltig bewirtschafteten W\u00e4ldern stammt.<\/p>\n<\/div>\n<\/div><\/div><\/div><\/div><\/div><\/div><div id=\"pg-gb4276-69d389d917309-7\"  class=\"panel-grid panel-has-style\" ><div class=\"border-top panel-row-style panel-row-style-for-gb4276-69d389d917309-7\" ><div id=\"pgc-gb4276-69d389d917309-7-0\"  class=\"panel-grid-cell\" ><div id=\"panel-gb4276-69d389d917309-7-0-0\" class=\"so-panel widget widget_sow-image panel-first-child panel-last-child\" data-index=\"13\" ><div\n\t\t\t\n\t\t\tclass=\"so-widget-sow-image so-widget-sow-image-default-c67d20f9f743-4276\"\n\t\t\t\n\t\t>\n<div class=\"sow-image-container\">\n\t\t<img \n\tsrc=\"https:\/\/notejido.com\/wp-content\/uploads\/2019\/10\/oekotex.png\" width=\"584\" height=\"307\" srcset=\"https:\/\/notejido.com\/wp-content\/uploads\/2019\/10\/oekotex.png 584w, https:\/\/notejido.com\/wp-content\/uploads\/2019\/10\/oekotex-285x150.png 285w, https:\/\/notejido.com\/wp-content\/uploads\/2019\/10\/oekotex-571x300.png 571w\" sizes=\"(max-width: 584px) 100vw, 584px\" alt=\"\" \t\tclass=\"so-widget-image\"\/>\n\t<\/div>\n\n<\/div><\/div><\/div><div id=\"pgc-gb4276-69d389d917309-7-1\"  class=\"panel-grid-cell\" ><div id=\"panel-gb4276-69d389d917309-7-1-0\" class=\"so-panel widget widget_sow-editor panel-first-child panel-last-child\" data-index=\"14\" ><div class=\"panel-widget-style panel-widget-style-for-gb4276-69d389d917309-7-1-0\" ><div\n\t\t\t\n\t\t\tclass=\"so-widget-sow-editor so-widget-sow-editor-base\"\n\t\t\t\n\t\t>\n<div class=\"siteorigin-widget-tinymce textwidget\">\n\t<h3>Oekotex<strong><br \/>\n<\/strong><\/h3>\n<p>Es garantiert, dass die bei der Herstellung unserer Taschen verwendeten Stoffe in ihrer Zusammensetzung keinerlei giftige chemische Substanzen enthalten.<\/p>\n<\/div>\n<\/div><\/div><\/div><\/div><\/div><\/div><div id=\"pg-gb4276-69d389d917309-8\"  class=\"panel-grid panel-has-style\" ><div class=\"border-top panel-row-style panel-row-style-for-gb4276-69d389d917309-8\" ><div id=\"pgc-gb4276-69d389d917309-8-0\"  class=\"panel-grid-cell\" ><div id=\"panel-gb4276-69d389d917309-8-0-0\" class=\"so-panel widget widget_sow-image panel-first-child panel-last-child\" data-index=\"15\" ><div\n\t\t\t\n\t\t\tclass=\"so-widget-sow-image so-widget-sow-image-default-c67d20f9f743-4276\"\n\t\t\t\n\t\t>\n<div class=\"sow-image-container\">\n\t\t<img \n\tsrc=\"https:\/\/notejido.com\/wp-content\/uploads\/2025\/09\/ecovadis2025-300x300.png\" width=\"150\" height=\"150\" srcset=\"https:\/\/notejido.com\/wp-content\/uploads\/2025\/09\/ecovadis2025-300x300.png 300w, https:\/\/notejido.com\/wp-content\/uploads\/2025\/09\/ecovadis2025-1024x1024.png 1024w, https:\/\/notejido.com\/wp-content\/uploads\/2025\/09\/ecovadis2025-768x768.png 768w, https:\/\/notejido.com\/wp-content\/uploads\/2025\/09\/ecovadis2025-1536x1536.png 1536w, https:\/\/notejido.com\/wp-content\/uploads\/2025\/09\/ecovadis2025.png 1667w\" sizes=\"(max-width: 150px) 100vw, 150px\" title=\"Ecovadis-Zertifikat\" alt=\"Ecovadis-Zertifikat\" \t\tclass=\"so-widget-image\"\/>\n\t<\/div>\n\n<\/div><\/div><\/div><div id=\"pgc-gb4276-69d389d917309-8-1\"  class=\"panel-grid-cell\" ><div id=\"panel-gb4276-69d389d917309-8-1-0\" class=\"so-panel widget widget_sow-editor panel-first-child panel-last-child\" data-index=\"16\" ><div class=\"panel-widget-style panel-widget-style-for-gb4276-69d389d917309-8-1-0\" ><div\n\t\t\t\n\t\t\tclass=\"so-widget-sow-editor so-widget-sow-editor-base\"\n\t\t\t\n\t\t>\n<div class=\"siteorigin-widget-tinymce textwidget\">\n\t<h3><strong>Ecovadis<br \/>\n<\/strong><\/h3>\n<p>Anerkennung unserer Umweltleistung und unseres ethischen und sozialen Engagements.<\/p>\n<\/div>\n<\/div><\/div><\/div><\/div><\/div><\/div><div id=\"pg-gb4276-69d389d917309-9\"  class=\"panel-grid panel-has-style\" ><div class=\"border-top panel-row-style panel-row-style-for-gb4276-69d389d917309-9\" ><div id=\"pgc-gb4276-69d389d917309-9-0\"  class=\"panel-grid-cell panel-grid-cell-empty panel-grid-cell-mobile-last\" ><\/div><div id=\"pgc-gb4276-69d389d917309-9-1\"  class=\"panel-grid-cell panel-grid-cell-empty\" ><\/div><\/div><\/div><div id=\"pg-gb4276-69d389d917309-10\"  class=\"panel-grid panel-no-style\" ><div id=\"pgc-gb4276-69d389d917309-10-0\"  class=\"panel-grid-cell\" ><div id=\"panel-gb4276-69d389d917309-10-0-0\" class=\"so-panel widget widget_sow-editor panel-first-child panel-last-child\" data-index=\"17\" ><div\n\t\t\t\n\t\t\tclass=\"so-widget-sow-editor so-widget-sow-editor-base\"\n\t\t\t\n\t\t>\n<div class=\"siteorigin-widget-tinymce textwidget\">\n\t<p style=\"text-align: center;\">Die <strong>integrierte Managementrichtlinie<\/strong> <strong>der Dise\u00f1os NT Gruppe<\/strong>, zu der wir geh\u00f6ren, steht hier <strong><a href=\"https:\/\/notejido.com\/wp-content\/uploads\/2025\/04\/Politica-de-Calidad-Grupo_Rev.7mar-25.pdf\">allen<\/a><\/strong> interessierten Parteien zur Verf\u00fcgung. Hier k\u00f6nnen Sie unsere Zertifikate einsehen.<\/p>\n<\/div>\n<\/div><\/div><\/div><\/div><\/div>","protected":false},"excerpt":{"rendered":"<p>Wir haben ein integriertes Managementsystem implementiert, das es uns erm\u00f6glicht, alle Phasen der Produktionskette zu kontrollieren und so die Qualit\u00e4t [&hellip;]<\/p>\n","protected":false},"author":2,"featured_media":7637,"parent":0,"menu_order":76,"comment_status":"closed","ping_status":"closed","template":"","meta":{"_acf_changed":false,"footnotes":""},"class_list":["post-4276","page","type-page","status-publish","has-post-thumbnail","hentry"],"acf":[],"yoast_head":"<!-- This site is optimized with the Yoast SEO plugin v27.2 - https:\/\/yoast.com\/product\/yoast-seo-wordpress\/ -->\n<title>Qualit\u00e4t - Disenos NT<\/title>\n<meta name=\"robots\" content=\"index, follow, max-snippet:-1, max-image-preview:large, max-video-preview:-1\" \/>\n<link rel=\"canonical\" href=\"https:\/\/notejido.com\/de\/calidad\/\" \/>\n<meta property=\"og:locale\" content=\"de_DE\" \/>\n<meta property=\"og:type\" content=\"article\" \/>\n<meta property=\"og:title\" content=\"Qualit\u00e4t - Disenos NT\" \/>\n<meta property=\"og:description\" content=\"Wir haben ein integriertes Managementsystem implementiert, das es uns erm\u00f6glicht, alle Phasen der Produktionskette zu kontrollieren und so die Qualit\u00e4t [&hellip;]\" \/>\n<meta property=\"og:url\" content=\"https:\/\/notejido.com\/de\/calidad\/\" \/>\n<meta property=\"og:site_name\" content=\"Disenos NT\" \/>\n<meta property=\"article:modified_time\" content=\"2025-12-10T12:55:45+00:00\" \/>\n<meta property=\"og:image\" content=\"https:\/\/notejido.com\/wp-content\/uploads\/2024\/07\/CALIDAD-PORTADA.jpg\" \/>\n\t<meta property=\"og:image:width\" content=\"1898\" \/>\n\t<meta property=\"og:image:height\" content=\"681\" \/>\n\t<meta property=\"og:image:type\" content=\"image\/jpeg\" \/>\n<meta name=\"twitter:card\" content=\"summary_large_image\" \/>\n<meta name=\"twitter:label1\" content=\"Gesch\u00e4tzte Lesezeit\" \/>\n\t<meta name=\"twitter:data1\" content=\"3\u00a0Minuten\" \/>\n<script type=\"application\/ld+json\" class=\"yoast-schema-graph\">{\"@context\":\"https:\/\/schema.org\",\"@graph\":[{\"@type\":\"WebPage\",\"@id\":\"https:\/\/notejido.com\/de\/calidad\/\",\"url\":\"https:\/\/notejido.com\/de\/calidad\/\",\"name\":\"Qualit\u00e4t - Disenos NT\",\"isPartOf\":{\"@id\":\"https:\/\/notejido.com\/de\/#website\"},\"primaryImageOfPage\":{\"@id\":\"https:\/\/notejido.com\/de\/calidad\/#primaryimage\"},\"image\":{\"@id\":\"https:\/\/notejido.com\/de\/calidad\/#primaryimage\"},\"thumbnailUrl\":\"https:\/\/notejido.com\/wp-content\/uploads\/2024\/07\/CALIDAD-PORTADA.jpg\",\"datePublished\":\"2019-10-27T11:17:36+00:00\",\"dateModified\":\"2025-12-10T12:55:45+00:00\",\"breadcrumb\":{\"@id\":\"https:\/\/notejido.com\/de\/calidad\/#breadcrumb\"},\"inLanguage\":\"de\",\"potentialAction\":[{\"@type\":\"ReadAction\",\"target\":[\"https:\/\/notejido.com\/de\/calidad\/\"]}]},{\"@type\":\"ImageObject\",\"inLanguage\":\"de\",\"@id\":\"https:\/\/notejido.com\/de\/calidad\/#primaryimage\",\"url\":\"https:\/\/notejido.com\/wp-content\/uploads\/2024\/07\/CALIDAD-PORTADA.jpg\",\"contentUrl\":\"https:\/\/notejido.com\/wp-content\/uploads\/2024\/07\/CALIDAD-PORTADA.jpg\",\"width\":1898,\"height\":681,\"caption\":\"Calidad\"},{\"@type\":\"BreadcrumbList\",\"@id\":\"https:\/\/notejido.com\/de\/calidad\/#breadcrumb\",\"itemListElement\":[{\"@type\":\"ListItem\",\"position\":1,\"name\":\"Portada\",\"item\":\"https:\/\/notejido.com\/de\/\"},{\"@type\":\"ListItem\",\"position\":2,\"name\":\"Qualit\u00e4t\"}]},{\"@type\":\"WebSite\",\"@id\":\"https:\/\/notejido.com\/de\/#website\",\"url\":\"https:\/\/notejido.com\/de\/\",\"name\":\"Disenos NT\",\"description\":\"Bolsas reutilizables, art\u00edculos higi\u00e9nicos-sanitarios, manteles desechables  y otro packaging promocional en material flexible\",\"potentialAction\":[{\"@type\":\"SearchAction\",\"target\":{\"@type\":\"EntryPoint\",\"urlTemplate\":\"https:\/\/notejido.com\/de\/?s={search_term_string}\"},\"query-input\":{\"@type\":\"PropertyValueSpecification\",\"valueRequired\":true,\"valueName\":\"search_term_string\"}}],\"inLanguage\":\"de\"}]}<\/script>\n<!-- \/ Yoast SEO plugin. -->","yoast_head_json":{"title":"Qualit\u00e4t - Disenos NT","robots":{"index":"index","follow":"follow","max-snippet":"max-snippet:-1","max-image-preview":"max-image-preview:large","max-video-preview":"max-video-preview:-1"},"canonical":"https:\/\/notejido.com\/de\/calidad\/","og_locale":"de_DE","og_type":"article","og_title":"Qualit\u00e4t - Disenos NT","og_description":"Wir haben ein integriertes Managementsystem implementiert, das es uns erm\u00f6glicht, alle Phasen der Produktionskette zu kontrollieren und so die Qualit\u00e4t [&hellip;]","og_url":"https:\/\/notejido.com\/de\/calidad\/","og_site_name":"Disenos NT","article_modified_time":"2025-12-10T12:55:45+00:00","og_image":[{"width":1898,"height":681,"url":"https:\/\/notejido.com\/wp-content\/uploads\/2024\/07\/CALIDAD-PORTADA.jpg","type":"image\/jpeg"}],"twitter_card":"summary_large_image","twitter_misc":{"Gesch\u00e4tzte Lesezeit":"3\u00a0Minuten"},"schema":{"@context":"https:\/\/schema.org","@graph":[{"@type":"WebPage","@id":"https:\/\/notejido.com\/de\/calidad\/","url":"https:\/\/notejido.com\/de\/calidad\/","name":"Qualit\u00e4t - Disenos NT","isPartOf":{"@id":"https:\/\/notejido.com\/de\/#website"},"primaryImageOfPage":{"@id":"https:\/\/notejido.com\/de\/calidad\/#primaryimage"},"image":{"@id":"https:\/\/notejido.com\/de\/calidad\/#primaryimage"},"thumbnailUrl":"https:\/\/notejido.com\/wp-content\/uploads\/2024\/07\/CALIDAD-PORTADA.jpg","datePublished":"2019-10-27T11:17:36+00:00","dateModified":"2025-12-10T12:55:45+00:00","breadcrumb":{"@id":"https:\/\/notejido.com\/de\/calidad\/#breadcrumb"},"inLanguage":"de","potentialAction":[{"@type":"ReadAction","target":["https:\/\/notejido.com\/de\/calidad\/"]}]},{"@type":"ImageObject","inLanguage":"de","@id":"https:\/\/notejido.com\/de\/calidad\/#primaryimage","url":"https:\/\/notejido.com\/wp-content\/uploads\/2024\/07\/CALIDAD-PORTADA.jpg","contentUrl":"https:\/\/notejido.com\/wp-content\/uploads\/2024\/07\/CALIDAD-PORTADA.jpg","width":1898,"height":681,"caption":"Calidad"},{"@type":"BreadcrumbList","@id":"https:\/\/notejido.com\/de\/calidad\/#breadcrumb","itemListElement":[{"@type":"ListItem","position":1,"name":"Portada","item":"https:\/\/notejido.com\/de\/"},{"@type":"ListItem","position":2,"name":"Qualit\u00e4t"}]},{"@type":"WebSite","@id":"https:\/\/notejido.com\/de\/#website","url":"https:\/\/notejido.com\/de\/","name":"Disenos NT","description":"Bolsas reutilizables, art\u00edculos higi\u00e9nicos-sanitarios, manteles desechables  y otro packaging promocional en material flexible","potentialAction":[{"@type":"SearchAction","target":{"@type":"EntryPoint","urlTemplate":"https:\/\/notejido.com\/de\/?s={search_term_string}"},"query-input":{"@type":"PropertyValueSpecification","valueRequired":true,"valueName":"search_term_string"}}],"inLanguage":"de"}]}},"_links":{"self":[{"href":"https:\/\/notejido.com\/de\/wp-json\/wp\/v2\/pages\/4276","targetHints":{"allow":["GET"]}}],"collection":[{"href":"https:\/\/notejido.com\/de\/wp-json\/wp\/v2\/pages"}],"about":[{"href":"https:\/\/notejido.com\/de\/wp-json\/wp\/v2\/types\/page"}],"author":[{"embeddable":true,"href":"https:\/\/notejido.com\/de\/wp-json\/wp\/v2\/users\/2"}],"replies":[{"embeddable":true,"href":"https:\/\/notejido.com\/de\/wp-json\/wp\/v2\/comments?post=4276"}],"version-history":[{"count":4,"href":"https:\/\/notejido.com\/de\/wp-json\/wp\/v2\/pages\/4276\/revisions"}],"predecessor-version":[{"id":10382,"href":"https:\/\/notejido.com\/de\/wp-json\/wp\/v2\/pages\/4276\/revisions\/10382"}],"wp:featuredmedia":[{"embeddable":true,"href":"https:\/\/notejido.com\/de\/wp-json\/wp\/v2\/media\/7637"}],"wp:attachment":[{"href":"https:\/\/notejido.com\/de\/wp-json\/wp\/v2\/media?parent=4276"}],"curies":[{"name":"wp","href":"https:\/\/api.w.org\/{rel}","templated":true}]}}