{"id":4313,"date":"2019-10-30T10:00:59","date_gmt":"2019-10-30T10:00:59","guid":{"rendered":"https:\/\/notejido.com\/compra-on-line\/"},"modified":"2020-05-05T12:38:25","modified_gmt":"2020-05-05T12:38:25","slug":"compra-on-line","status":"publish","type":"page","link":"https:\/\/notejido.com\/de\/compra-on-line\/","title":{"rendered":"On-line einkauf"},"content":{"rendered":"<div id=\"pl-gb4313-69d0418fcafdf\"  class=\"panel-layout\" ><div id=\"pg-gb4313-69d0418fcafdf-0\"  class=\"panel-grid panel-has-style\" ><div class=\"section-intro panel-row-style panel-row-style-for-gb4313-69d0418fcafdf-0\" ><div id=\"pgc-gb4313-69d0418fcafdf-0-0\"  class=\"panel-grid-cell\" ><div id=\"panel-gb4313-69d0418fcafdf-0-0-0\" class=\"so-panel widget widget_sow-editor panel-first-child panel-last-child\" data-index=\"0\" ><div\n\t\t\t\n\t\t\tclass=\"so-widget-sow-editor so-widget-sow-editor-base\"\n\t\t\t\n\t\t>\n<div class=\"siteorigin-widget-tinymce textwidget\">\n\t<p>In BAGS COLLECTION k\u00f6nnen Sie alle Arten von <strong>wiederverwendbaren Taschen auf Lager<\/strong> kaufen. Viele Modelle und Gr\u00f6\u00dfen sind in verschiedenen Materialien erh\u00e4ltlich, wie z.B. Vliesstoff, Raffiabast, Baumwolle, Papier, recyceltes PET, etc.<\/p>\n<p>Wenn Sie <strong>ma\u00dfgeschneiderte Taschen und H\u00fcllen<\/strong> ben\u00f6tigen, sind Sie hier genau richtig! Wir fertigen alle Arten von <strong>Verpackungen aus flexiblem Material<\/strong> an.<\/p>\n<p>Dar\u00fcber hinaus finden Fachleute von <strong>HoReCa und Food Service<\/strong> in der neuen Marke <strong>NWN<\/strong> die breiteste Auswahl an Einweg-Tischdecken aus Vliesstoff: die einfachste, bequemste und wirtschaftlichste Art, Ihren Tisch zu dekorieren!<\/p>\n<p>Und schon bald wird es Sch\u00fcrzen, Kappen, Masken, Schuh\u00fcberz\u00fcge und andere <strong>Einwegbekleidung<\/strong> der neuen <strong>DPPE<\/strong>-Linie geben, die sich auf Schutz, Arbeitssicherheit und professionelle Hygienema\u00dfnahmen spezialisiert.<\/p>\n<p>Wir bieten alles, was Sie f\u00fcr Ihr Unternehmen ben\u00f6tigen, zum besten Preis und mit der Garantie von Grupo Dise\u00f1os NT.<\/p>\n<\/div>\n<\/div><\/div><\/div><\/div><\/div><div id=\"pg-gb4313-69d0418fcafdf-1\"  class=\"panel-grid panel-has-style\" ><div class=\"section-online panel-row-style panel-row-style-for-gb4313-69d0418fcafdf-1\" ><div id=\"pgc-gb4313-69d0418fcafdf-1-0\"  class=\"panel-grid-cell\" ><div class=\"section-online-item panel-cell-style panel-cell-style-for-gb4313-69d0418fcafdf-1-0\" ><div id=\"panel-gb4313-69d0418fcafdf-1-0-0\" class=\"so-panel widget widget_sow-image panel-first-child\" data-index=\"1\" ><div class=\"shop-item-img panel-widget-style panel-widget-style-for-gb4313-69d0418fcafdf-1-0-0\" ><div\n\t\t\t\n\t\t\tclass=\"so-widget-sow-image so-widget-sow-image-default-8b5b6f678277-4313\"\n\t\t\t\n\t\t>\n<div class=\"sow-image-container\">\n\t\t<img \n\tsrc=\"https:\/\/notejido.com\/wp-content\/uploads\/2019\/11\/production-hover.jpg\" width=\"500\" height=\"500\" srcset=\"https:\/\/notejido.com\/wp-content\/uploads\/2019\/11\/production-hover.jpg 500w, https:\/\/notejido.com\/wp-content\/uploads\/2019\/11\/production-hover-300x300.jpg 300w\" sizes=\"(max-width: 500px) 100vw, 500px\" alt=\"\" \t\tclass=\"so-widget-image\"\/>\n\t<\/div>\n\n<\/div><\/div><\/div><div id=\"panel-gb4313-69d0418fcafdf-1-0-1\" class=\"so-panel widget widget_sow-image\" data-index=\"2\" ><div\n\t\t\t\n\t\t\tclass=\"so-widget-sow-image so-widget-sow-image-default-c67d20f9f743-4313\"\n\t\t\t\n\t\t><\/div><\/div><div id=\"panel-gb4313-69d0418fcafdf-1-0-2\" class=\"so-panel widget widget_sow-editor panel-last-child\" data-index=\"3\" ><div\n\t\t\t\n\t\t\tclass=\"so-widget-sow-editor so-widget-sow-editor-base\"\n\t\t\t\n\t\t>\n<div class=\"siteorigin-widget-tinymce textwidget\">\n\t<h3>Ben\u00f6tigen Sie ma\u00dfgeschneiderte, individuell angepasste Taschen?<\/h3>\n<p>Unsere Experten f\u00fcr kundenspezifische Verpackungen werden sich mit Ihnen in Verbindung setzen, um die L\u00f6sung auszuw\u00e4hlen, die am besten zu den Anforderungen Ihrer Marke oder Ihres Unternehmens passt.<\/p>\n<\/div>\n<\/div><\/div><\/div><\/div><div id=\"pgc-gb4313-69d0418fcafdf-1-1\"  class=\"panel-grid-cell\" ><div class=\"section-online-item panel-cell-style panel-cell-style-for-gb4313-69d0418fcafdf-1-1\" ><div id=\"panel-gb4313-69d0418fcafdf-1-1-0\" class=\"so-panel widget widget_sow-image panel-first-child\" data-index=\"4\" ><div class=\"shop-item-img panel-widget-style panel-widget-style-for-gb4313-69d0418fcafdf-1-1-0\" ><div\n\t\t\t\n\t\t\tclass=\"so-widget-sow-image so-widget-sow-image-default-8b5b6f678277-4313\"\n\t\t\t\n\t\t>\n<div class=\"sow-image-container\">\n\t\t<img \n\tsrc=\"https:\/\/notejido.com\/wp-content\/uploads\/2019\/11\/collection-hover.jpg\" width=\"500\" height=\"500\" srcset=\"https:\/\/notejido.com\/wp-content\/uploads\/2019\/11\/collection-hover.jpg 500w, https:\/\/notejido.com\/wp-content\/uploads\/2019\/11\/collection-hover-300x300.jpg 300w\" sizes=\"(max-width: 500px) 100vw, 500px\" alt=\"\" \t\tclass=\"so-widget-image\"\/>\n\t<\/div>\n\n<\/div><\/div><\/div><div id=\"panel-gb4313-69d0418fcafdf-1-1-1\" class=\"so-panel widget widget_sow-image\" data-index=\"5\" ><div\n\t\t\t\n\t\t\tclass=\"so-widget-sow-image so-widget-sow-image-default-c67d20f9f743-4313\"\n\t\t\t\n\t\t><\/div><\/div><div id=\"panel-gb4313-69d0418fcafdf-1-1-2\" class=\"so-panel widget widget_sow-editor panel-last-child\" data-index=\"6\" ><div\n\t\t\t\n\t\t\tclass=\"so-widget-sow-editor so-widget-sow-editor-base\"\n\t\t\t\n\t\t>\n<div class=\"siteorigin-widget-tinymce textwidget\">\n\t<h3>Ihre Taschen in nur 48 Stunden!<\/h3>\n<p>Das gr\u00f6\u00dfte Sortiment an wiederverwendbaren Taschen auf dem Markt in Uni- oder Druckfarben. Und wenn Sie sie mit Ihrem Logo oder Markenbild individuell gestalten m\u00f6chten, denken Sie daran, dass wir einen hochwertigen Druckservice zu einem unschlagbaren Preis anbieten.<br \/>\n<a target=\"_blank\" href=\"https:\/\/dntbags.com\"><\/a><\/p>\n<\/div>\n<\/div><\/div><\/div><\/div><\/div><\/div><div id=\"pg-gb4313-69d0418fcafdf-2\"  class=\"panel-grid panel-has-style\" ><div class=\"section-online panel-row-style panel-row-style-for-gb4313-69d0418fcafdf-2\" ><div id=\"pgc-gb4313-69d0418fcafdf-2-0\"  class=\"panel-grid-cell\" ><div class=\"section-online-item panel-cell-style panel-cell-style-for-gb4313-69d0418fcafdf-2-0\" ><div id=\"panel-gb4313-69d0418fcafdf-2-0-0\" class=\"so-panel widget widget_sow-image panel-first-child\" data-index=\"7\" ><div class=\"shop-item-img panel-widget-style panel-widget-style-for-gb4313-69d0418fcafdf-2-0-0\" ><div\n\t\t\t\n\t\t\tclass=\"so-widget-sow-image so-widget-sow-image-default-8b5b6f678277-4313\"\n\t\t\t\n\t\t>\n<div class=\"sow-image-container\">\n\t\t<img \n\tsrc=\"https:\/\/notejido.com\/wp-content\/uploads\/2019\/11\/nwn-hover.jpg\" width=\"500\" height=\"500\" srcset=\"https:\/\/notejido.com\/wp-content\/uploads\/2019\/11\/nwn-hover.jpg 500w, https:\/\/notejido.com\/wp-content\/uploads\/2019\/11\/nwn-hover-300x300.jpg 300w\" sizes=\"(max-width: 500px) 100vw, 500px\" alt=\"\" \t\tclass=\"so-widget-image\"\/>\n\t<\/div>\n\n<\/div><\/div><\/div><div id=\"panel-gb4313-69d0418fcafdf-2-0-1\" class=\"so-panel widget widget_sow-image\" data-index=\"8\" ><div\n\t\t\t\n\t\t\tclass=\"so-widget-sow-image so-widget-sow-image-default-c67d20f9f743-4313\"\n\t\t\t\n\t\t>\n<div class=\"sow-image-container\">\n\t\t<img \n\tsrc=\"https:\/\/notejido.com\/wp-content\/uploads\/2019\/11\/nwn-02.png\" width=\"128\" height=\"186\" sizes=\"(max-width: 128px) 100vw, 128px\" alt=\"\" \t\tclass=\"so-widget-image\"\/>\n\t<\/div>\n\n<\/div><\/div><div id=\"panel-gb4313-69d0418fcafdf-2-0-2\" class=\"so-panel widget widget_sow-editor panel-last-child\" data-index=\"9\" ><div\n\t\t\t\n\t\t\tclass=\"so-widget-sow-editor so-widget-sow-editor-base\"\n\t\t\t\n\t\t>\n<div class=\"siteorigin-widget-tinymce textwidget\">\n\t<h3>Tischw\u00e4sche aus Vliesstoff<\/h3>\n<p>Entdecken Sie das neue Sortiment an Einweg-Tischdecken aus Vliesstoff. Tischdecken, die Funktionalit\u00e4t, Sicherheit und Design vereinen.<br \/>\n<a target=\"_blank\" href=\"http:\/\/nwnfoodservice.com\"><\/a><\/p>\n<\/div>\n<\/div><\/div><\/div><\/div><div id=\"pgc-gb4313-69d0418fcafdf-2-1\"  class=\"panel-grid-cell\" ><div class=\"section-online-item panel-cell-style panel-cell-style-for-gb4313-69d0418fcafdf-2-1\" ><div id=\"panel-gb4313-69d0418fcafdf-2-1-0\" class=\"so-panel widget widget_sow-image panel-first-child\" data-index=\"10\" ><div class=\"shop-item-img panel-widget-style panel-widget-style-for-gb4313-69d0418fcafdf-2-1-0\" ><div\n\t\t\t\n\t\t\tclass=\"so-widget-sow-image so-widget-sow-image-default-8b5b6f678277-4313\"\n\t\t\t\n\t\t>\n<div class=\"sow-image-container\">\n\t\t<img \n\tsrc=\"https:\/\/notejido.com\/wp-content\/uploads\/2019\/11\/dppe-hover.jpg\" width=\"500\" height=\"500\" srcset=\"https:\/\/notejido.com\/wp-content\/uploads\/2019\/11\/dppe-hover.jpg 500w, https:\/\/notejido.com\/wp-content\/uploads\/2019\/11\/dppe-hover-300x300.jpg 300w\" sizes=\"(max-width: 500px) 100vw, 500px\" alt=\"\" \t\tclass=\"so-widget-image\"\/>\n\t<\/div>\n\n<\/div><\/div><\/div><div id=\"panel-gb4313-69d0418fcafdf-2-1-1\" class=\"so-panel widget widget_sow-image\" data-index=\"11\" ><div\n\t\t\t\n\t\t\tclass=\"so-widget-sow-image so-widget-sow-image-default-c67d20f9f743-4313\"\n\t\t\t\n\t\t>\n<div class=\"sow-image-container\">\n\t\t<img \n\tsrc=\"https:\/\/notejido.com\/wp-content\/uploads\/2020\/05\/LOGO-DNT-PROTECTION-BLANCO.jpg\" width=\"720\" height=\"720\" srcset=\"https:\/\/notejido.com\/wp-content\/uploads\/2020\/05\/LOGO-DNT-PROTECTION-BLANCO.jpg 720w, https:\/\/notejido.com\/wp-content\/uploads\/2020\/05\/LOGO-DNT-PROTECTION-BLANCO-300x300.jpg 300w\" sizes=\"(max-width: 720px) 100vw, 720px\" alt=\"DNT PROTECTION\" \t\tclass=\"so-widget-image\"\/>\n\t<\/div>\n\n<\/div><\/div><div id=\"panel-gb4313-69d0418fcafdf-2-1-2\" class=\"so-panel widget widget_sow-editor panel-last-child\" data-index=\"12\" ><div\n\t\t\t\n\t\t\tclass=\"so-widget-sow-editor so-widget-sow-editor-base\"\n\t\t\t\n\t\t>\n<div class=\"siteorigin-widget-tinymce textwidget\">\n\t<h3>Einweg-Personenschutzausr\u00fcstung<\/h3>\n<p>Einweg-Arbeitskleidung: Sch\u00fcrzen, Kappen, Masken, Schuh\u00fcberz\u00fcge&#8230;.<br \/>\n<a target=\"_blank\" href=\"https:\/\/catalogue.dntprotection.com\/en\"><\/a><\/p>\n<\/div>\n<\/div><\/div><\/div><\/div><\/div><\/div><\/div>\n\n\n<p><\/p>\n","protected":false},"excerpt":{"rendered":"<p>In BAGS COLLECTION k\u00f6nnen Sie alle Arten von wiederverwendbaren Taschen auf Lager kaufen. Viele Modelle und Gr\u00f6\u00dfen sind in verschiedenen [&hellip;]<\/p>\n","protected":false},"author":2,"featured_media":2132,"parent":0,"menu_order":62,"comment_status":"closed","ping_status":"closed","template":"","meta":{"_acf_changed":false,"footnotes":""},"class_list":["post-4313","page","type-page","status-publish","has-post-thumbnail","hentry"],"acf":[],"yoast_head":"<!-- This site is optimized with the Yoast SEO plugin v27.2 - https:\/\/yoast.com\/product\/yoast-seo-wordpress\/ -->\n<title>On-line einkauf - Disenos NT<\/title>\n<meta name=\"robots\" content=\"index, follow, max-snippet:-1, max-image-preview:large, max-video-preview:-1\" \/>\n<link rel=\"canonical\" href=\"https:\/\/notejido.com\/de\/compra-on-line\/\" \/>\n<meta property=\"og:locale\" content=\"de_DE\" \/>\n<meta property=\"og:type\" content=\"article\" \/>\n<meta property=\"og:title\" content=\"On-line einkauf - Disenos NT\" \/>\n<meta property=\"og:description\" content=\"In BAGS COLLECTION k\u00f6nnen Sie alle Arten von wiederverwendbaren Taschen auf Lager kaufen. Viele Modelle und Gr\u00f6\u00dfen sind in verschiedenen [&hellip;]\" \/>\n<meta property=\"og:url\" content=\"https:\/\/notejido.com\/de\/compra-on-line\/\" \/>\n<meta property=\"og:site_name\" content=\"Disenos NT\" \/>\n<meta property=\"article:modified_time\" content=\"2020-05-05T12:38:25+00:00\" \/>\n<meta property=\"og:image\" content=\"https:\/\/notejido.com\/wp-content\/uploads\/2019\/11\/bg-shop.jpg\" \/>\n\t<meta property=\"og:image:width\" content=\"1600\" \/>\n\t<meta property=\"og:image:height\" content=\"1000\" \/>\n\t<meta property=\"og:image:type\" content=\"image\/jpeg\" \/>\n<meta name=\"twitter:card\" content=\"summary_large_image\" \/>\n<script type=\"application\/ld+json\" class=\"yoast-schema-graph\">{\"@context\":\"https:\/\/schema.org\",\"@graph\":[{\"@type\":\"WebPage\",\"@id\":\"https:\/\/notejido.com\/de\/compra-on-line\/\",\"url\":\"https:\/\/notejido.com\/de\/compra-on-line\/\",\"name\":\"On-line einkauf - Disenos NT\",\"isPartOf\":{\"@id\":\"https:\/\/notejido.com\/de\/#website\"},\"primaryImageOfPage\":{\"@id\":\"https:\/\/notejido.com\/de\/compra-on-line\/#primaryimage\"},\"image\":{\"@id\":\"https:\/\/notejido.com\/de\/compra-on-line\/#primaryimage\"},\"thumbnailUrl\":\"https:\/\/notejido.com\/wp-content\/uploads\/2019\/11\/bg-shop.jpg\",\"datePublished\":\"2019-10-30T10:00:59+00:00\",\"dateModified\":\"2020-05-05T12:38:25+00:00\",\"breadcrumb\":{\"@id\":\"https:\/\/notejido.com\/de\/compra-on-line\/#breadcrumb\"},\"inLanguage\":\"de\",\"potentialAction\":[{\"@type\":\"ReadAction\",\"target\":[\"https:\/\/notejido.com\/de\/compra-on-line\/\"]}]},{\"@type\":\"ImageObject\",\"inLanguage\":\"de\",\"@id\":\"https:\/\/notejido.com\/de\/compra-on-line\/#primaryimage\",\"url\":\"https:\/\/notejido.com\/wp-content\/uploads\/2019\/11\/bg-shop.jpg\",\"contentUrl\":\"https:\/\/notejido.com\/wp-content\/uploads\/2019\/11\/bg-shop.jpg\",\"width\":1600,\"height\":1000},{\"@type\":\"BreadcrumbList\",\"@id\":\"https:\/\/notejido.com\/de\/compra-on-line\/#breadcrumb\",\"itemListElement\":[{\"@type\":\"ListItem\",\"position\":1,\"name\":\"Portada\",\"item\":\"https:\/\/notejido.com\/de\/\"},{\"@type\":\"ListItem\",\"position\":2,\"name\":\"On-line einkauf\"}]},{\"@type\":\"WebSite\",\"@id\":\"https:\/\/notejido.com\/de\/#website\",\"url\":\"https:\/\/notejido.com\/de\/\",\"name\":\"Disenos NT\",\"description\":\"Bolsas reutilizables, art\u00edculos higi\u00e9nicos-sanitarios, manteles desechables  y otro packaging promocional en material flexible\",\"potentialAction\":[{\"@type\":\"SearchAction\",\"target\":{\"@type\":\"EntryPoint\",\"urlTemplate\":\"https:\/\/notejido.com\/de\/?s={search_term_string}\"},\"query-input\":{\"@type\":\"PropertyValueSpecification\",\"valueRequired\":true,\"valueName\":\"search_term_string\"}}],\"inLanguage\":\"de\"}]}<\/script>\n<!-- \/ Yoast SEO plugin. -->","yoast_head_json":{"title":"On-line einkauf - Disenos NT","robots":{"index":"index","follow":"follow","max-snippet":"max-snippet:-1","max-image-preview":"max-image-preview:large","max-video-preview":"max-video-preview:-1"},"canonical":"https:\/\/notejido.com\/de\/compra-on-line\/","og_locale":"de_DE","og_type":"article","og_title":"On-line einkauf - Disenos NT","og_description":"In BAGS COLLECTION k\u00f6nnen Sie alle Arten von wiederverwendbaren Taschen auf Lager kaufen. Viele Modelle und Gr\u00f6\u00dfen sind in verschiedenen [&hellip;]","og_url":"https:\/\/notejido.com\/de\/compra-on-line\/","og_site_name":"Disenos NT","article_modified_time":"2020-05-05T12:38:25+00:00","og_image":[{"width":1600,"height":1000,"url":"https:\/\/notejido.com\/wp-content\/uploads\/2019\/11\/bg-shop.jpg","type":"image\/jpeg"}],"twitter_card":"summary_large_image","schema":{"@context":"https:\/\/schema.org","@graph":[{"@type":"WebPage","@id":"https:\/\/notejido.com\/de\/compra-on-line\/","url":"https:\/\/notejido.com\/de\/compra-on-line\/","name":"On-line einkauf - Disenos NT","isPartOf":{"@id":"https:\/\/notejido.com\/de\/#website"},"primaryImageOfPage":{"@id":"https:\/\/notejido.com\/de\/compra-on-line\/#primaryimage"},"image":{"@id":"https:\/\/notejido.com\/de\/compra-on-line\/#primaryimage"},"thumbnailUrl":"https:\/\/notejido.com\/wp-content\/uploads\/2019\/11\/bg-shop.jpg","datePublished":"2019-10-30T10:00:59+00:00","dateModified":"2020-05-05T12:38:25+00:00","breadcrumb":{"@id":"https:\/\/notejido.com\/de\/compra-on-line\/#breadcrumb"},"inLanguage":"de","potentialAction":[{"@type":"ReadAction","target":["https:\/\/notejido.com\/de\/compra-on-line\/"]}]},{"@type":"ImageObject","inLanguage":"de","@id":"https:\/\/notejido.com\/de\/compra-on-line\/#primaryimage","url":"https:\/\/notejido.com\/wp-content\/uploads\/2019\/11\/bg-shop.jpg","contentUrl":"https:\/\/notejido.com\/wp-content\/uploads\/2019\/11\/bg-shop.jpg","width":1600,"height":1000},{"@type":"BreadcrumbList","@id":"https:\/\/notejido.com\/de\/compra-on-line\/#breadcrumb","itemListElement":[{"@type":"ListItem","position":1,"name":"Portada","item":"https:\/\/notejido.com\/de\/"},{"@type":"ListItem","position":2,"name":"On-line einkauf"}]},{"@type":"WebSite","@id":"https:\/\/notejido.com\/de\/#website","url":"https:\/\/notejido.com\/de\/","name":"Disenos NT","description":"Bolsas reutilizables, art\u00edculos higi\u00e9nicos-sanitarios, manteles desechables  y otro packaging promocional en material flexible","potentialAction":[{"@type":"SearchAction","target":{"@type":"EntryPoint","urlTemplate":"https:\/\/notejido.com\/de\/?s={search_term_string}"},"query-input":{"@type":"PropertyValueSpecification","valueRequired":true,"valueName":"search_term_string"}}],"inLanguage":"de"}]}},"_links":{"self":[{"href":"https:\/\/notejido.com\/de\/wp-json\/wp\/v2\/pages\/4313","targetHints":{"allow":["GET"]}}],"collection":[{"href":"https:\/\/notejido.com\/de\/wp-json\/wp\/v2\/pages"}],"about":[{"href":"https:\/\/notejido.com\/de\/wp-json\/wp\/v2\/types\/page"}],"author":[{"embeddable":true,"href":"https:\/\/notejido.com\/de\/wp-json\/wp\/v2\/users\/2"}],"replies":[{"embeddable":true,"href":"https:\/\/notejido.com\/de\/wp-json\/wp\/v2\/comments?post=4313"}],"version-history":[{"count":5,"href":"https:\/\/notejido.com\/de\/wp-json\/wp\/v2\/pages\/4313\/revisions"}],"predecessor-version":[{"id":5309,"href":"https:\/\/notejido.com\/de\/wp-json\/wp\/v2\/pages\/4313\/revisions\/5309"}],"wp:featuredmedia":[{"embeddable":true,"href":"https:\/\/notejido.com\/de\/wp-json\/wp\/v2\/media\/2132"}],"wp:attachment":[{"href":"https:\/\/notejido.com\/de\/wp-json\/wp\/v2\/media?parent=4313"}],"curies":[{"name":"wp","href":"https:\/\/api.w.org\/{rel}","templated":true}]}}