{"id":4351,"date":"2019-05-10T08:52:16","date_gmt":"2019-05-10T08:52:16","guid":{"rendered":"https:\/\/notejido.com\/bolsas-supermercados-y-grandes-superficies\/"},"modified":"2026-04-07T11:47:03","modified_gmt":"2026-04-07T11:47:03","slug":"bolsas-supermercados-y-grandes-superficies","status":"publish","type":"page","link":"https:\/\/notejido.com\/de\/bolsas-supermercados-y-grandes-superficies\/","title":{"rendered":"Taschen f\u00fcr Superm\u00e4rkte und Gro\u00dffl\u00e4chen"},"content":{"rendered":"<div id=\"pl-gb4351-69db8afab1fbf\"  class=\"panel-layout\" ><div id=\"pg-gb4351-69db8afab1fbf-0\"  class=\"panel-grid panel-has-style\" ><div class=\"section-intro panel-row-style panel-row-style-for-gb4351-69db8afab1fbf-0\" ><div id=\"pgc-gb4351-69db8afab1fbf-0-0\"  class=\"panel-grid-cell\" ><div id=\"panel-gb4351-69db8afab1fbf-0-0-0\" class=\"so-panel widget widget_sow-editor panel-first-child panel-last-child\" data-index=\"0\" ><div\n\t\t\t\n\t\t\tclass=\"so-widget-sow-editor so-widget-sow-editor-base\"\n\t\t\t\n\t\t>\n<div class=\"siteorigin-widget-tinymce textwidget\">\n\t<p>Extra starke wiederverwendbare Taschen, die mehr als 15 kg Tragf\u00e4higkeit besitzen und eine Lebensdauer von mehr als 100 Anwendungen haben. Hergestellt aus nachhaltigen Materialien wie Vlies, Raffiabast, Baumwolle oder Papier, zweifellos die &#8222;\u00d6KO&#8220;-Alternative f\u00fcr Ihre Verkaufsstelle.<\/p>\n<p>Die Verbraucher sind sich der Umwelt und der negativen Auswirkungen von Einweg-Plastikt\u00fcten zunehmend bewusst.\u00a0 Dieses gr\u00f6\u00dfere Umweltbewusstsein spiegelt sich in einer steigenden Nachfrage nach wiederverwendbaren Taschen wider.\u00a0 Daher ist es wichtig, robuste Taschen f\u00fcr den Transport der eingekauften Waren anzubieten, aber gleichzeitig 100% umweltfreundlich. Bieten Sie Ihren Kunden nachhaltige L\u00f6sungen, f\u00f6rdern Sie den verantwortungsvollen Konsum und stellen Sie immer wiederverwendbare Taschen zur Verf\u00fcgung.<\/p>\n<\/div>\n<\/div><\/div><\/div><\/div><\/div><div id=\"pg-gb4351-69db8afab1fbf-1\"  class=\"panel-grid panel-has-style\" ><div class=\"sector-products panel-row-style panel-row-style-for-gb4351-69db8afab1fbf-1\" ><div id=\"pgc-gb4351-69db8afab1fbf-1-0\"  class=\"panel-grid-cell\" ><div class=\"sector-products-item panel-cell-style panel-cell-style-for-gb4351-69db8afab1fbf-1-0\" ><div id=\"panel-gb4351-69db8afab1fbf-1-0-0\" class=\"so-panel widget widget_sow-editor panel-first-child panel-last-child\" data-index=\"1\" ><div\n\t\t\t\n\t\t\tclass=\"so-widget-sow-editor so-widget-sow-editor-base\"\n\t\t\t\n\t\t>\n<div class=\"siteorigin-widget-tinymce textwidget\">\n\t<h3>Kraftpapiert\u00fcten<\/h3>\n<p>Die umweltfreundliche Verpackung par excellence: 100% recycelbar, wiederverwendbar und biologisch abbaubar. Von den eleganten und klassischen naturfarbenen oder braunen Taschen bis hin zu einer endlosen Anzahl von Farben und Formaten zur Auswahl: breite Bodenfl\u00e4che, mit gewelltem Griff, etc.<\/p>\n<div><\/div>\n<\/div>\n<\/div><\/div><\/div><\/div><div id=\"pgc-gb4351-69db8afab1fbf-1-1\"  class=\"panel-grid-cell\" ><div class=\"sector-products-item panel-cell-style panel-cell-style-for-gb4351-69db8afab1fbf-1-1\" ><div id=\"panel-gb4351-69db8afab1fbf-1-1-0\" class=\"so-panel widget widget_sow-editor panel-first-child panel-last-child\" data-index=\"2\" ><div\n\t\t\t\n\t\t\tclass=\"so-widget-sow-editor so-widget-sow-editor-base\"\n\t\t\t\n\t\t>\n<div class=\"siteorigin-widget-tinymce textwidget\">\n\t<h3>Gen\u00e4hte stofftaschen<\/h3>\n<p>handgen\u00e4ht, sind die ideale Wahl f\u00fcr diejenigen, die eine besonders dauerhafte Festigkeit suchen. Hier finden Sie die gr\u00f6\u00dfte Vielfalt auf dem Markt: Baumwolle, Raffiabast, recyceltes PET, Vliesstoff, Polyester&#8230;<\/p>\n<div><\/div>\n<\/div>\n<\/div><\/div><\/div><\/div><\/div><\/div><div id=\"pg-gb4351-69db8afab1fbf-2\"  class=\"panel-grid panel-has-style\" ><div class=\"sector-products panel-row-style panel-row-style-for-gb4351-69db8afab1fbf-2\" ><div id=\"pgc-gb4351-69db8afab1fbf-2-0\"  class=\"panel-grid-cell panel-grid-cell-mobile-last\" ><div class=\"sector-products-item panel-cell-style panel-cell-style-for-gb4351-69db8afab1fbf-2-0\" ><div id=\"panel-gb4351-69db8afab1fbf-2-0-0\" class=\"so-panel widget widget_sow-editor panel-first-child panel-last-child\" data-index=\"3\" ><div\n\t\t\t\n\t\t\tclass=\"so-widget-sow-editor so-widget-sow-editor-base\"\n\t\t\t\n\t\t>\n<div class=\"siteorigin-widget-tinymce textwidget\">\n\t<h3>Thermisch versiegelte stofftaschen<\/h3>\n<p>aus 100% recycelbaren Materialien: Vliesstoff oder Raffiabast. Laminierte oder unlaminierte, hei\u00dfversiegelte Beutel sind die wirtschaftlichste, widerstandsf\u00e4higste und vielseitigste Option zur individuellen Gestaltung. Ideal f\u00fcr jede Art von Produkt oder Gesch\u00e4ft.<\/p>\n<div><\/div>\n<\/div>\n<\/div><\/div><\/div><\/div><div id=\"pgc-gb4351-69db8afab1fbf-2-1\"  class=\"panel-grid-cell panel-grid-cell-empty\" ><\/div><\/div><\/div><\/div>","protected":false},"excerpt":{"rendered":"<p>Extra starke wiederverwendbare Taschen, die mehr als 15 kg Tragf\u00e4higkeit besitzen und eine Lebensdauer von mehr als 100 Anwendungen haben. [&hellip;]<\/p>\n","protected":false},"author":2,"featured_media":1632,"parent":0,"menu_order":0,"comment_status":"closed","ping_status":"closed","template":"page-sector.php","meta":{"_acf_changed":false,"footnotes":""},"class_list":["post-4351","page","type-page","status-publish","has-post-thumbnail","hentry"],"acf":[],"yoast_head":"<!-- This site is optimized with the Yoast SEO plugin v27.3 - https:\/\/yoast.com\/product\/yoast-seo-wordpress\/ -->\n<title>Taschen f\u00fcr Superm\u00e4rkte und Gro\u00dffl\u00e4chen - Disenos NT<\/title>\n<meta name=\"robots\" content=\"index, follow, max-snippet:-1, max-image-preview:large, max-video-preview:-1\" \/>\n<link rel=\"canonical\" href=\"https:\/\/notejido.com\/de\/bolsas-supermercados-y-grandes-superficies\/\" \/>\n<meta property=\"og:locale\" content=\"de_DE\" \/>\n<meta property=\"og:type\" content=\"article\" \/>\n<meta property=\"og:title\" content=\"Taschen f\u00fcr Superm\u00e4rkte und Gro\u00dffl\u00e4chen - Disenos NT\" \/>\n<meta property=\"og:description\" content=\"Extra starke wiederverwendbare Taschen, die mehr als 15 kg Tragf\u00e4higkeit besitzen und eine Lebensdauer von mehr als 100 Anwendungen haben. [&hellip;]\" \/>\n<meta property=\"og:url\" content=\"https:\/\/notejido.com\/de\/bolsas-supermercados-y-grandes-superficies\/\" \/>\n<meta property=\"og:site_name\" content=\"Disenos NT\" \/>\n<meta property=\"article:modified_time\" content=\"2026-04-07T11:47:03+00:00\" \/>\n<meta property=\"og:image\" content=\"https:\/\/notejido.com\/wp-content\/uploads\/2019\/09\/s-01b.jpg\" \/>\n\t<meta property=\"og:image:width\" content=\"1600\" \/>\n\t<meta property=\"og:image:height\" content=\"1000\" \/>\n\t<meta property=\"og:image:type\" content=\"image\/jpeg\" \/>\n<meta name=\"twitter:card\" content=\"summary_large_image\" \/>\n<script type=\"application\/ld+json\" class=\"yoast-schema-graph\">{\"@context\":\"https:\\\/\\\/schema.org\",\"@graph\":[{\"@type\":\"WebPage\",\"@id\":\"https:\\\/\\\/notejido.com\\\/de\\\/bolsas-supermercados-y-grandes-superficies\\\/\",\"url\":\"https:\\\/\\\/notejido.com\\\/de\\\/bolsas-supermercados-y-grandes-superficies\\\/\",\"name\":\"Taschen f\u00fcr Superm\u00e4rkte und Gro\u00dffl\u00e4chen - Disenos NT\",\"isPartOf\":{\"@id\":\"https:\\\/\\\/notejido.com\\\/de\\\/#website\"},\"primaryImageOfPage\":{\"@id\":\"https:\\\/\\\/notejido.com\\\/de\\\/bolsas-supermercados-y-grandes-superficies\\\/#primaryimage\"},\"image\":{\"@id\":\"https:\\\/\\\/notejido.com\\\/de\\\/bolsas-supermercados-y-grandes-superficies\\\/#primaryimage\"},\"thumbnailUrl\":\"https:\\\/\\\/notejido.com\\\/wp-content\\\/uploads\\\/2019\\\/09\\\/s-01b.jpg\",\"datePublished\":\"2019-05-10T08:52:16+00:00\",\"dateModified\":\"2026-04-07T11:47:03+00:00\",\"breadcrumb\":{\"@id\":\"https:\\\/\\\/notejido.com\\\/de\\\/bolsas-supermercados-y-grandes-superficies\\\/#breadcrumb\"},\"inLanguage\":\"de\",\"potentialAction\":[{\"@type\":\"ReadAction\",\"target\":[\"https:\\\/\\\/notejido.com\\\/de\\\/bolsas-supermercados-y-grandes-superficies\\\/\"]}]},{\"@type\":\"ImageObject\",\"inLanguage\":\"de\",\"@id\":\"https:\\\/\\\/notejido.com\\\/de\\\/bolsas-supermercados-y-grandes-superficies\\\/#primaryimage\",\"url\":\"https:\\\/\\\/notejido.com\\\/wp-content\\\/uploads\\\/2019\\\/09\\\/s-01b.jpg\",\"contentUrl\":\"https:\\\/\\\/notejido.com\\\/wp-content\\\/uploads\\\/2019\\\/09\\\/s-01b.jpg\",\"width\":1600,\"height\":1000,\"caption\":\"Supermercados y Grandes superficies\"},{\"@type\":\"BreadcrumbList\",\"@id\":\"https:\\\/\\\/notejido.com\\\/de\\\/bolsas-supermercados-y-grandes-superficies\\\/#breadcrumb\",\"itemListElement\":[{\"@type\":\"ListItem\",\"position\":1,\"name\":\"Portada\",\"item\":\"https:\\\/\\\/notejido.com\\\/de\\\/\"},{\"@type\":\"ListItem\",\"position\":2,\"name\":\"Taschen f\u00fcr Superm\u00e4rkte und Gro\u00dffl\u00e4chen\"}]},{\"@type\":\"WebSite\",\"@id\":\"https:\\\/\\\/notejido.com\\\/de\\\/#website\",\"url\":\"https:\\\/\\\/notejido.com\\\/de\\\/\",\"name\":\"Disenos NT\",\"description\":\"Bolsas reutilizables, art\u00edculos higi\u00e9nicos-sanitarios, manteles desechables  y otro packaging promocional en material flexible\",\"potentialAction\":[{\"@type\":\"SearchAction\",\"target\":{\"@type\":\"EntryPoint\",\"urlTemplate\":\"https:\\\/\\\/notejido.com\\\/de\\\/?s={search_term_string}\"},\"query-input\":{\"@type\":\"PropertyValueSpecification\",\"valueRequired\":true,\"valueName\":\"search_term_string\"}}],\"inLanguage\":\"de\"}]}<\/script>\n<!-- \/ Yoast SEO plugin. -->","yoast_head_json":{"title":"Taschen f\u00fcr Superm\u00e4rkte und Gro\u00dffl\u00e4chen - Disenos NT","robots":{"index":"index","follow":"follow","max-snippet":"max-snippet:-1","max-image-preview":"max-image-preview:large","max-video-preview":"max-video-preview:-1"},"canonical":"https:\/\/notejido.com\/de\/bolsas-supermercados-y-grandes-superficies\/","og_locale":"de_DE","og_type":"article","og_title":"Taschen f\u00fcr Superm\u00e4rkte und Gro\u00dffl\u00e4chen - Disenos NT","og_description":"Extra starke wiederverwendbare Taschen, die mehr als 15 kg Tragf\u00e4higkeit besitzen und eine Lebensdauer von mehr als 100 Anwendungen haben. [&hellip;]","og_url":"https:\/\/notejido.com\/de\/bolsas-supermercados-y-grandes-superficies\/","og_site_name":"Disenos NT","article_modified_time":"2026-04-07T11:47:03+00:00","og_image":[{"width":1600,"height":1000,"url":"https:\/\/notejido.com\/wp-content\/uploads\/2019\/09\/s-01b.jpg","type":"image\/jpeg"}],"twitter_card":"summary_large_image","schema":{"@context":"https:\/\/schema.org","@graph":[{"@type":"WebPage","@id":"https:\/\/notejido.com\/de\/bolsas-supermercados-y-grandes-superficies\/","url":"https:\/\/notejido.com\/de\/bolsas-supermercados-y-grandes-superficies\/","name":"Taschen f\u00fcr Superm\u00e4rkte und Gro\u00dffl\u00e4chen - Disenos NT","isPartOf":{"@id":"https:\/\/notejido.com\/de\/#website"},"primaryImageOfPage":{"@id":"https:\/\/notejido.com\/de\/bolsas-supermercados-y-grandes-superficies\/#primaryimage"},"image":{"@id":"https:\/\/notejido.com\/de\/bolsas-supermercados-y-grandes-superficies\/#primaryimage"},"thumbnailUrl":"https:\/\/notejido.com\/wp-content\/uploads\/2019\/09\/s-01b.jpg","datePublished":"2019-05-10T08:52:16+00:00","dateModified":"2026-04-07T11:47:03+00:00","breadcrumb":{"@id":"https:\/\/notejido.com\/de\/bolsas-supermercados-y-grandes-superficies\/#breadcrumb"},"inLanguage":"de","potentialAction":[{"@type":"ReadAction","target":["https:\/\/notejido.com\/de\/bolsas-supermercados-y-grandes-superficies\/"]}]},{"@type":"ImageObject","inLanguage":"de","@id":"https:\/\/notejido.com\/de\/bolsas-supermercados-y-grandes-superficies\/#primaryimage","url":"https:\/\/notejido.com\/wp-content\/uploads\/2019\/09\/s-01b.jpg","contentUrl":"https:\/\/notejido.com\/wp-content\/uploads\/2019\/09\/s-01b.jpg","width":1600,"height":1000,"caption":"Supermercados y Grandes superficies"},{"@type":"BreadcrumbList","@id":"https:\/\/notejido.com\/de\/bolsas-supermercados-y-grandes-superficies\/#breadcrumb","itemListElement":[{"@type":"ListItem","position":1,"name":"Portada","item":"https:\/\/notejido.com\/de\/"},{"@type":"ListItem","position":2,"name":"Taschen f\u00fcr Superm\u00e4rkte und Gro\u00dffl\u00e4chen"}]},{"@type":"WebSite","@id":"https:\/\/notejido.com\/de\/#website","url":"https:\/\/notejido.com\/de\/","name":"Disenos NT","description":"Bolsas reutilizables, art\u00edculos higi\u00e9nicos-sanitarios, manteles desechables  y otro packaging promocional en material flexible","potentialAction":[{"@type":"SearchAction","target":{"@type":"EntryPoint","urlTemplate":"https:\/\/notejido.com\/de\/?s={search_term_string}"},"query-input":{"@type":"PropertyValueSpecification","valueRequired":true,"valueName":"search_term_string"}}],"inLanguage":"de"}]}},"_links":{"self":[{"href":"https:\/\/notejido.com\/de\/wp-json\/wp\/v2\/pages\/4351","targetHints":{"allow":["GET"]}}],"collection":[{"href":"https:\/\/notejido.com\/de\/wp-json\/wp\/v2\/pages"}],"about":[{"href":"https:\/\/notejido.com\/de\/wp-json\/wp\/v2\/types\/page"}],"author":[{"embeddable":true,"href":"https:\/\/notejido.com\/de\/wp-json\/wp\/v2\/users\/2"}],"replies":[{"embeddable":true,"href":"https:\/\/notejido.com\/de\/wp-json\/wp\/v2\/comments?post=4351"}],"version-history":[{"count":3,"href":"https:\/\/notejido.com\/de\/wp-json\/wp\/v2\/pages\/4351\/revisions"}],"predecessor-version":[{"id":10811,"href":"https:\/\/notejido.com\/de\/wp-json\/wp\/v2\/pages\/4351\/revisions\/10811"}],"wp:featuredmedia":[{"embeddable":true,"href":"https:\/\/notejido.com\/de\/wp-json\/wp\/v2\/media\/1632"}],"wp:attachment":[{"href":"https:\/\/notejido.com\/de\/wp-json\/wp\/v2\/media?parent=4351"}],"curies":[{"name":"wp","href":"https:\/\/api.w.org\/{rel}","templated":true}]}}