{"id":4360,"date":"2019-05-10T08:59:17","date_gmt":"2019-05-10T08:59:17","guid":{"rendered":"https:\/\/notejido.com\/bolsas-comercio-y-boutiques\/"},"modified":"2026-04-07T11:47:20","modified_gmt":"2026-04-07T11:47:20","slug":"bolsas-comercio-y-boutiques","status":"publish","type":"page","link":"https:\/\/notejido.com\/de\/bolsas-comercio-y-boutiques\/","title":{"rendered":"Taschen f\u00fcr Gesch\u00e4fte und Boutiquen"},"content":{"rendered":"<div id=\"pl-gb4360-69debc833602a\"  class=\"panel-layout\" ><div id=\"pg-gb4360-69debc833602a-0\"  class=\"panel-grid panel-has-style\" ><div class=\"section-intro panel-row-style panel-row-style-for-gb4360-69debc833602a-0\" ><div id=\"pgc-gb4360-69debc833602a-0-0\"  class=\"panel-grid-cell\" ><div id=\"panel-gb4360-69debc833602a-0-0-0\" class=\"so-panel widget widget_sow-editor panel-first-child panel-last-child\" data-index=\"0\" ><div\n\t\t\t\n\t\t\tclass=\"so-widget-sow-editor so-widget-sow-editor-base\"\n\t\t\t\n\t\t>\n<div class=\"siteorigin-widget-tinymce textwidget\">\n\t<p>Personalisierte Taschen sind die perfekte Erg\u00e4nzung nicht nur, um die Eink\u00e4ufe Ihrer Kunden zu verwahren, sondern auch, um Ihre Marke zu st\u00e4rken und Ihren Bekanntheitsgrad gleichzeitig au\u00dferhalb Ihrer Einrichtungen zu steigern.<\/p>\n<p>Heute sind sich L\u00e4den, Shops und Boutiquen der Bedeutung bewusst, ihren Kunden personalisierte Taschen anzubieten. Und es handelt sich nicht nur um ein Mittel des Transports der Eink\u00e4ufe Ihrer Kunden, sondern es ist auch eine perfekte L\u00f6sung, um das Image Ihres Unternehmens bekannt zu machen. Eine personalisierte Tasche aus Stoff, Baumwolle, Kraftpapier oder Luxuspapier sagt viel \u00fcber ein Unternehmen aus. Der Kunde tr\u00e4gt die eigens f\u00fcr Ihr Gesch\u00e4ft entworfene Tasche \u00fcberallhin mit sich, und tr\u00e4gt dazu bei, Ihr Image zu verbreiten und Ihre Marke bekannt zu machen.<\/p>\n<\/div>\n<\/div><\/div><\/div><\/div><\/div><div id=\"pg-gb4360-69debc833602a-1\"  class=\"panel-grid panel-has-style\" ><div class=\"sector-products panel-row-style panel-row-style-for-gb4360-69debc833602a-1\" ><div id=\"pgc-gb4360-69debc833602a-1-0\"  class=\"panel-grid-cell\" ><div class=\"sector-products-item panel-cell-style panel-cell-style-for-gb4360-69debc833602a-1-0\" ><div id=\"panel-gb4360-69debc833602a-1-0-0\" class=\"so-panel widget widget_sow-editor panel-first-child panel-last-child\" data-index=\"1\" ><div\n\t\t\t\n\t\t\tclass=\"so-widget-sow-editor so-widget-sow-editor-base\"\n\t\t\t\n\t\t>\n<div class=\"siteorigin-widget-tinymce textwidget\">\n\t<h3>Luxus papiertaschen<\/h3>\n<p>Die <em>Premium<\/em>-Verpackung f\u00fcr Unternehmen, die sich um jedes Detail k\u00fcmmern. Sie sind das bevorzugte Format gro\u00dfer Modemarken, Juweliergesch\u00e4fte, Kosmetika, Boutiquen und so weiter.<\/p>\n<div><\/div>\n<\/div>\n<\/div><\/div><\/div><\/div><div id=\"pgc-gb4360-69debc833602a-1-1\"  class=\"panel-grid-cell\" ><div class=\"sector-products-item panel-cell-style panel-cell-style-for-gb4360-69debc833602a-1-1\" ><div id=\"panel-gb4360-69debc833602a-1-1-0\" class=\"so-panel widget widget_sow-editor panel-first-child panel-last-child\" data-index=\"2\" ><div\n\t\t\t\n\t\t\tclass=\"so-widget-sow-editor so-widget-sow-editor-base\"\n\t\t\t\n\t\t>\n<div class=\"siteorigin-widget-tinymce textwidget\">\n\t<h3>Kraftpapiert\u00fcten<\/h3>\n<p>Die umweltfreundliche Verpackung par excellence: 100% recycelbar, wiederverwendbar und biologisch abbaubar. Von den eleganten und klassischen naturfarbenen oder braunen Taschen bis hin zu einer endlosen Anzahl von Farben und Formaten zur Auswahl: breite Bodenfl\u00e4che, mit gewelltem Griff, etc.<\/p>\n<div><\/div>\n<\/div>\n<\/div><\/div><\/div><\/div><\/div><\/div><div id=\"pg-gb4360-69debc833602a-2\"  class=\"panel-grid panel-has-style\" ><div class=\"sector-products panel-row-style panel-row-style-for-gb4360-69debc833602a-2\" ><div id=\"pgc-gb4360-69debc833602a-2-0\"  class=\"panel-grid-cell\" ><div class=\"sector-products-item panel-cell-style panel-cell-style-for-gb4360-69debc833602a-2-0\" ><div id=\"panel-gb4360-69debc833602a-2-0-0\" class=\"so-panel widget widget_sow-editor panel-first-child panel-last-child\" data-index=\"3\" ><div\n\t\t\t\n\t\t\tclass=\"so-widget-sow-editor so-widget-sow-editor-base\"\n\t\t\t\n\t\t>\n<div class=\"siteorigin-widget-tinymce textwidget\">\n\t<h3>Thermisch versiegelte stofftaschen<\/h3>\n<p>Aus 100% recycelbaren Materialien: Vliesstoff oder Raffiabast. Laminierte oder unlaminierte, hei\u00dfversiegelte Beutel sind die wirtschaftlichste, widerstandsf\u00e4higste und vielseitigste Option zur individuellen Gestaltung. Ideal f\u00fcr jede Art von Produkt oder Gesch\u00e4ft.<\/p>\n<div><\/div>\n<\/div>\n<\/div><\/div><\/div><\/div><div id=\"pgc-gb4360-69debc833602a-2-1\"  class=\"panel-grid-cell\" ><div class=\"sector-products-item panel-cell-style panel-cell-style-for-gb4360-69debc833602a-2-1\" ><div id=\"panel-gb4360-69debc833602a-2-1-0\" class=\"so-panel widget widget_sow-editor panel-first-child panel-last-child\" data-index=\"4\" ><div\n\t\t\t\n\t\t\tclass=\"so-widget-sow-editor so-widget-sow-editor-base\"\n\t\t\t\n\t\t>\n<div class=\"siteorigin-widget-tinymce textwidget\">\n\t<h3>Kleiderh\u00fcllen<\/h3>\n<p>Ideal f\u00fcr die Aufbewahrung, den Schutz und den Transport empfindlicher Kleidungsst\u00fccke: Brautkleider, Kommunionskleider, Abendkleider, etc. Die perfekte Unterst\u00fctzung, um Flecken und Faltenbildung an der Kleidung w\u00e4hrend des Transports zu vermeiden.<\/p>\n<div><\/div>\n<\/div>\n<\/div><\/div><\/div><\/div><\/div><\/div><\/div>","protected":false},"excerpt":{"rendered":"<p>Personalisierte Taschen sind die perfekte Erg\u00e4nzung nicht nur, um die Eink\u00e4ufe Ihrer Kunden zu verwahren, sondern auch, um Ihre Marke [&hellip;]<\/p>\n","protected":false},"author":2,"featured_media":1640,"parent":0,"menu_order":1,"comment_status":"closed","ping_status":"closed","template":"page-sector.php","meta":{"_acf_changed":false,"footnotes":""},"class_list":["post-4360","page","type-page","status-publish","has-post-thumbnail","hentry"],"acf":[],"yoast_head":"<!-- This site is optimized with the Yoast SEO plugin v27.3 - https:\/\/yoast.com\/product\/yoast-seo-wordpress\/ -->\n<title>Taschen f\u00fcr Gesch\u00e4fte und Boutiquen - Disenos NT<\/title>\n<meta name=\"robots\" content=\"index, follow, max-snippet:-1, max-image-preview:large, max-video-preview:-1\" \/>\n<link rel=\"canonical\" href=\"https:\/\/notejido.com\/de\/bolsas-comercio-y-boutiques\/\" \/>\n<meta property=\"og:locale\" content=\"de_DE\" \/>\n<meta property=\"og:type\" content=\"article\" \/>\n<meta property=\"og:title\" content=\"Taschen f\u00fcr Gesch\u00e4fte und Boutiquen - Disenos NT\" \/>\n<meta property=\"og:description\" content=\"Personalisierte Taschen sind die perfekte Erg\u00e4nzung nicht nur, um die Eink\u00e4ufe Ihrer Kunden zu verwahren, sondern auch, um Ihre Marke [&hellip;]\" \/>\n<meta property=\"og:url\" content=\"https:\/\/notejido.com\/de\/bolsas-comercio-y-boutiques\/\" \/>\n<meta property=\"og:site_name\" content=\"Disenos NT\" \/>\n<meta property=\"article:modified_time\" content=\"2026-04-07T11:47:20+00:00\" \/>\n<meta property=\"og:image\" content=\"https:\/\/notejido.com\/wp-content\/uploads\/2019\/09\/s-02b.jpg\" \/>\n\t<meta property=\"og:image:width\" content=\"1600\" \/>\n\t<meta property=\"og:image:height\" content=\"1000\" \/>\n\t<meta property=\"og:image:type\" content=\"image\/jpeg\" \/>\n<meta name=\"twitter:card\" content=\"summary_large_image\" \/>\n<script type=\"application\/ld+json\" class=\"yoast-schema-graph\">{\"@context\":\"https:\\\/\\\/schema.org\",\"@graph\":[{\"@type\":\"WebPage\",\"@id\":\"https:\\\/\\\/notejido.com\\\/de\\\/bolsas-comercio-y-boutiques\\\/\",\"url\":\"https:\\\/\\\/notejido.com\\\/de\\\/bolsas-comercio-y-boutiques\\\/\",\"name\":\"Taschen f\u00fcr Gesch\u00e4fte und Boutiquen - Disenos NT\",\"isPartOf\":{\"@id\":\"https:\\\/\\\/notejido.com\\\/de\\\/#website\"},\"primaryImageOfPage\":{\"@id\":\"https:\\\/\\\/notejido.com\\\/de\\\/bolsas-comercio-y-boutiques\\\/#primaryimage\"},\"image\":{\"@id\":\"https:\\\/\\\/notejido.com\\\/de\\\/bolsas-comercio-y-boutiques\\\/#primaryimage\"},\"thumbnailUrl\":\"https:\\\/\\\/notejido.com\\\/wp-content\\\/uploads\\\/2019\\\/09\\\/s-02b.jpg\",\"datePublished\":\"2019-05-10T08:59:17+00:00\",\"dateModified\":\"2026-04-07T11:47:20+00:00\",\"breadcrumb\":{\"@id\":\"https:\\\/\\\/notejido.com\\\/de\\\/bolsas-comercio-y-boutiques\\\/#breadcrumb\"},\"inLanguage\":\"de\",\"potentialAction\":[{\"@type\":\"ReadAction\",\"target\":[\"https:\\\/\\\/notejido.com\\\/de\\\/bolsas-comercio-y-boutiques\\\/\"]}]},{\"@type\":\"ImageObject\",\"inLanguage\":\"de\",\"@id\":\"https:\\\/\\\/notejido.com\\\/de\\\/bolsas-comercio-y-boutiques\\\/#primaryimage\",\"url\":\"https:\\\/\\\/notejido.com\\\/wp-content\\\/uploads\\\/2019\\\/09\\\/s-02b.jpg\",\"contentUrl\":\"https:\\\/\\\/notejido.com\\\/wp-content\\\/uploads\\\/2019\\\/09\\\/s-02b.jpg\",\"width\":1600,\"height\":1000,\"caption\":\"Comercio y Boutiques\"},{\"@type\":\"BreadcrumbList\",\"@id\":\"https:\\\/\\\/notejido.com\\\/de\\\/bolsas-comercio-y-boutiques\\\/#breadcrumb\",\"itemListElement\":[{\"@type\":\"ListItem\",\"position\":1,\"name\":\"Portada\",\"item\":\"https:\\\/\\\/notejido.com\\\/de\\\/\"},{\"@type\":\"ListItem\",\"position\":2,\"name\":\"Taschen f\u00fcr Gesch\u00e4fte und Boutiquen\"}]},{\"@type\":\"WebSite\",\"@id\":\"https:\\\/\\\/notejido.com\\\/de\\\/#website\",\"url\":\"https:\\\/\\\/notejido.com\\\/de\\\/\",\"name\":\"Disenos NT\",\"description\":\"Bolsas reutilizables, art\u00edculos higi\u00e9nicos-sanitarios, manteles desechables  y otro packaging promocional en material flexible\",\"potentialAction\":[{\"@type\":\"SearchAction\",\"target\":{\"@type\":\"EntryPoint\",\"urlTemplate\":\"https:\\\/\\\/notejido.com\\\/de\\\/?s={search_term_string}\"},\"query-input\":{\"@type\":\"PropertyValueSpecification\",\"valueRequired\":true,\"valueName\":\"search_term_string\"}}],\"inLanguage\":\"de\"}]}<\/script>\n<!-- \/ Yoast SEO plugin. -->","yoast_head_json":{"title":"Taschen f\u00fcr Gesch\u00e4fte und Boutiquen - Disenos NT","robots":{"index":"index","follow":"follow","max-snippet":"max-snippet:-1","max-image-preview":"max-image-preview:large","max-video-preview":"max-video-preview:-1"},"canonical":"https:\/\/notejido.com\/de\/bolsas-comercio-y-boutiques\/","og_locale":"de_DE","og_type":"article","og_title":"Taschen f\u00fcr Gesch\u00e4fte und Boutiquen - Disenos NT","og_description":"Personalisierte Taschen sind die perfekte Erg\u00e4nzung nicht nur, um die Eink\u00e4ufe Ihrer Kunden zu verwahren, sondern auch, um Ihre Marke [&hellip;]","og_url":"https:\/\/notejido.com\/de\/bolsas-comercio-y-boutiques\/","og_site_name":"Disenos NT","article_modified_time":"2026-04-07T11:47:20+00:00","og_image":[{"width":1600,"height":1000,"url":"https:\/\/notejido.com\/wp-content\/uploads\/2019\/09\/s-02b.jpg","type":"image\/jpeg"}],"twitter_card":"summary_large_image","schema":{"@context":"https:\/\/schema.org","@graph":[{"@type":"WebPage","@id":"https:\/\/notejido.com\/de\/bolsas-comercio-y-boutiques\/","url":"https:\/\/notejido.com\/de\/bolsas-comercio-y-boutiques\/","name":"Taschen f\u00fcr Gesch\u00e4fte und Boutiquen - Disenos NT","isPartOf":{"@id":"https:\/\/notejido.com\/de\/#website"},"primaryImageOfPage":{"@id":"https:\/\/notejido.com\/de\/bolsas-comercio-y-boutiques\/#primaryimage"},"image":{"@id":"https:\/\/notejido.com\/de\/bolsas-comercio-y-boutiques\/#primaryimage"},"thumbnailUrl":"https:\/\/notejido.com\/wp-content\/uploads\/2019\/09\/s-02b.jpg","datePublished":"2019-05-10T08:59:17+00:00","dateModified":"2026-04-07T11:47:20+00:00","breadcrumb":{"@id":"https:\/\/notejido.com\/de\/bolsas-comercio-y-boutiques\/#breadcrumb"},"inLanguage":"de","potentialAction":[{"@type":"ReadAction","target":["https:\/\/notejido.com\/de\/bolsas-comercio-y-boutiques\/"]}]},{"@type":"ImageObject","inLanguage":"de","@id":"https:\/\/notejido.com\/de\/bolsas-comercio-y-boutiques\/#primaryimage","url":"https:\/\/notejido.com\/wp-content\/uploads\/2019\/09\/s-02b.jpg","contentUrl":"https:\/\/notejido.com\/wp-content\/uploads\/2019\/09\/s-02b.jpg","width":1600,"height":1000,"caption":"Comercio y Boutiques"},{"@type":"BreadcrumbList","@id":"https:\/\/notejido.com\/de\/bolsas-comercio-y-boutiques\/#breadcrumb","itemListElement":[{"@type":"ListItem","position":1,"name":"Portada","item":"https:\/\/notejido.com\/de\/"},{"@type":"ListItem","position":2,"name":"Taschen f\u00fcr Gesch\u00e4fte und Boutiquen"}]},{"@type":"WebSite","@id":"https:\/\/notejido.com\/de\/#website","url":"https:\/\/notejido.com\/de\/","name":"Disenos NT","description":"Bolsas reutilizables, art\u00edculos higi\u00e9nicos-sanitarios, manteles desechables  y otro packaging promocional en material flexible","potentialAction":[{"@type":"SearchAction","target":{"@type":"EntryPoint","urlTemplate":"https:\/\/notejido.com\/de\/?s={search_term_string}"},"query-input":{"@type":"PropertyValueSpecification","valueRequired":true,"valueName":"search_term_string"}}],"inLanguage":"de"}]}},"_links":{"self":[{"href":"https:\/\/notejido.com\/de\/wp-json\/wp\/v2\/pages\/4360","targetHints":{"allow":["GET"]}}],"collection":[{"href":"https:\/\/notejido.com\/de\/wp-json\/wp\/v2\/pages"}],"about":[{"href":"https:\/\/notejido.com\/de\/wp-json\/wp\/v2\/types\/page"}],"author":[{"embeddable":true,"href":"https:\/\/notejido.com\/de\/wp-json\/wp\/v2\/users\/2"}],"replies":[{"embeddable":true,"href":"https:\/\/notejido.com\/de\/wp-json\/wp\/v2\/comments?post=4360"}],"version-history":[{"count":3,"href":"https:\/\/notejido.com\/de\/wp-json\/wp\/v2\/pages\/4360\/revisions"}],"predecessor-version":[{"id":10813,"href":"https:\/\/notejido.com\/de\/wp-json\/wp\/v2\/pages\/4360\/revisions\/10813"}],"wp:featuredmedia":[{"embeddable":true,"href":"https:\/\/notejido.com\/de\/wp-json\/wp\/v2\/media\/1640"}],"wp:attachment":[{"href":"https:\/\/notejido.com\/de\/wp-json\/wp\/v2\/media?parent=4360"}],"curies":[{"name":"wp","href":"https:\/\/api.w.org\/{rel}","templated":true}]}}