{"id":4370,"date":"2019-09-24T15:08:46","date_gmt":"2019-09-24T15:08:46","guid":{"rendered":"https:\/\/notejido.com\/bolsas-hosteleria\/"},"modified":"2019-11-28T08:49:04","modified_gmt":"2019-11-28T08:49:04","slug":"bolsas-hosteleria","status":"publish","type":"page","link":"https:\/\/notejido.com\/de\/bolsas-hosteleria\/","title":{"rendered":"Hotel- und bewirtung"},"content":{"rendered":"<div id=\"pl-gb4370-69d21b9477cd3\"  class=\"panel-layout\" ><div id=\"pg-gb4370-69d21b9477cd3-0\"  class=\"panel-grid panel-has-style\" ><div class=\"section-intro panel-row-style panel-row-style-for-gb4370-69d21b9477cd3-0\" ><div id=\"pgc-gb4370-69d21b9477cd3-0-0\"  class=\"panel-grid-cell\" ><div id=\"panel-gb4370-69d21b9477cd3-0-0-0\" class=\"so-panel widget widget_sow-editor panel-first-child panel-last-child\" data-index=\"0\" ><div\n\t\t\t\n\t\t\tclass=\"so-widget-sow-editor so-widget-sow-editor-base\"\n\t\t\t\n\t\t>\n<div class=\"siteorigin-widget-tinymce textwidget\">\n\t<p>Die gr\u00f6\u00dfte Auswahl an Einwegtischdecken f\u00fcr den HORECA- und Retail-Kanal.\u00a0 Dar\u00fcber hinaus finden Sie hier alle Arten von Verpackungen f\u00fcr den &#8222;Take-away&#8220; wie z.B. Kraftpapierbeutel mit Sonderbreite, ideal f\u00fcr den Transport von Lebensmitteln oder f\u00fcr Gesch\u00e4fte mit &#8222;Lieferservice&#8220;.<\/p>\n<p>Alle unsere Tischdecken werden in Spanien hergestellt und entsprechen den h\u00f6chsten Qualit\u00e4ts- und Lebensmittelsicherheitsstandards. Hypoallergen, frei von gesundheitssch\u00e4dlichen Substanzen und f\u00fcr den Kontakt mit Lebensmitteln geeignet.<\/p>\n<p>Lassen Sie sich von unserem Expertenteam beraten!<\/p>\n<\/div>\n<\/div><\/div><\/div><\/div><\/div><div id=\"pg-gb4370-69d21b9477cd3-1\"  class=\"panel-grid panel-has-style\" ><div class=\"sector-products panel-row-style panel-row-style-for-gb4370-69d21b9477cd3-1\" ><div id=\"pgc-gb4370-69d21b9477cd3-1-0\"  class=\"panel-grid-cell\" ><div class=\"sector-products-item panel-cell-style panel-cell-style-for-gb4370-69d21b9477cd3-1-0\" ><div id=\"panel-gb4370-69d21b9477cd3-1-0-0\" class=\"so-panel widget widget_sow-editor panel-first-child panel-last-child\" data-index=\"1\" ><div\n\t\t\t\n\t\t\tclass=\"so-widget-sow-editor so-widget-sow-editor-base\"\n\t\t\t\n\t\t>\n<div class=\"siteorigin-widget-tinymce textwidget\">\n\t<h3>Kraftpapiert\u00fcten<\/h3>\n<p>Die umweltfreundliche Verpackung par excellence: 100% recycelbar, wiederverwendbar und biologisch abbaubar. Von den eleganten und klassischen naturfarbenen oder braunen Taschen bis hin zu einer endlosen Anzahl von Farben und Formaten zur Auswahl: breite Bodenfl\u00e4che, mit gewelltem Griff, etc.<\/p>\n<div><\/div>\n<\/div>\n<\/div><\/div><\/div><\/div><div id=\"pgc-gb4370-69d21b9477cd3-1-1\"  class=\"panel-grid-cell\" ><div class=\"sector-products-item panel-cell-style panel-cell-style-for-gb4370-69d21b9477cd3-1-1\" ><div id=\"panel-gb4370-69d21b9477cd3-1-1-0\" class=\"so-panel widget widget_sow-editor panel-first-child panel-last-child\" data-index=\"2\" ><div\n\t\t\t\n\t\t\tclass=\"so-widget-sow-editor so-widget-sow-editor-base\"\n\t\t\t\n\t\t>\n<div class=\"siteorigin-widget-tinymce textwidget\">\n\t<h3>Einwegtischdecken<\/h3>\n<p>Individuelle Tischdecken, Tischl\u00e4ufer, quadratische Tischdecken, rechteckige Tischdecken&#8230;. die gr\u00f6\u00dfte Auswahl an Formaten, Farben und Designs, um Ihren Tisch auf die einfachste, bequemste und wirtschaftlichste Weise zu dekorieren.<\/p>\n<div><\/div>\n<\/div>\n<\/div><\/div><\/div><\/div><\/div><\/div><div id=\"pg-gb4370-69d21b9477cd3-2\"  class=\"panel-grid panel-has-style\" ><div class=\"sector-products panel-row-style panel-row-style-for-gb4370-69d21b9477cd3-2\" ><div id=\"pgc-gb4370-69d21b9477cd3-2-0\"  class=\"panel-grid-cell\" ><div class=\"sector-products-item panel-cell-style panel-cell-style-for-gb4370-69d21b9477cd3-2-0\" ><div id=\"panel-gb4370-69d21b9477cd3-2-0-0\" class=\"so-panel widget widget_sow-editor panel-first-child panel-last-child\" data-index=\"3\" ><div\n\t\t\t\n\t\t\tclass=\"so-widget-sow-editor so-widget-sow-editor-base\"\n\t\t\t\n\t\t>\n<div class=\"siteorigin-widget-tinymce textwidget\">\n\t<h3>Thermisch versiegelte stofftaschen<\/h3>\n<p>Aus 100% recycelbaren Materialien: Vliesstoff oder Raffiabast. Laminierte oder unlaminierte, hei\u00dfversiegelte Beutel sind die wirtschaftlichste, widerstandsf\u00e4higste und vielseitigste Option zur individuellen Gestaltung. Ideal f\u00fcr jede Art von Produkt oder Gesch\u00e4ft.<\/p>\n<div><\/div>\n<\/div>\n<\/div><\/div><\/div><\/div><div id=\"pgc-gb4370-69d21b9477cd3-2-1\"  class=\"panel-grid-cell\" ><div class=\"sector-products-item panel-cell-style panel-cell-style-for-gb4370-69d21b9477cd3-2-1\" ><div id=\"panel-gb4370-69d21b9477cd3-2-1-0\" class=\"so-panel widget widget_sow-editor panel-first-child panel-last-child\" data-index=\"4\" ><div\n\t\t\t\n\t\t\tclass=\"so-widget-sow-editor so-widget-sow-editor-base\"\n\t\t\t\n\t\t>\n<div class=\"siteorigin-widget-tinymce textwidget\">\n\t<h3>Gen\u00e4hte stofftaschen<\/h3>\n<p>Handgen\u00e4ht, sind die ideale Wahl f\u00fcr diejenigen, die eine besonders dauerhafte Festigkeit suchen. Hier finden Sie die gr\u00f6\u00dfte Vielfalt auf dem Markt: Baumwolle, Raffiabast, recyceltes PET, Vliesstoff, Polyester&#8230;<\/p>\n<div><\/div>\n<\/div>\n<\/div><\/div><\/div><\/div><\/div><\/div><div id=\"pg-gb4370-69d21b9477cd3-3\"  class=\"panel-grid panel-has-style\" ><div class=\"sector-products panel-row-style panel-row-style-for-gb4370-69d21b9477cd3-3\" ><div id=\"pgc-gb4370-69d21b9477cd3-3-0\"  class=\"panel-grid-cell panel-grid-cell-mobile-last\" ><div class=\"sector-products-item panel-cell-style panel-cell-style-for-gb4370-69d21b9477cd3-3-0\" ><div id=\"panel-gb4370-69d21b9477cd3-3-0-0\" class=\"so-panel widget widget_sow-editor panel-first-child panel-last-child\" data-index=\"5\" ><div\n\t\t\t\n\t\t\tclass=\"so-widget-sow-editor so-widget-sow-editor-base\"\n\t\t\t\n\t\t>\n<div class=\"siteorigin-widget-tinymce textwidget\">\n\t<h3>Andere werbeverpackungen<\/h3>\n<p>Werbegeschenke sind eine der besten Alternativen f\u00fcr personalisierte Verpackungen, um den Umsatz zu steigern und eine h\u00f6here Markenbekanntheit zu erzielen. Taschen, Rucks\u00e4cke, H\u00fcllen&#8230; n\u00fctzliche Verpackungen, des Alltagsgebrauchs und sehr kosteng\u00fcnstig, sichern den Erfolg Ihrer Direktmarketing-Kampagne.<\/p>\n<div><\/div>\n<\/div>\n<\/div><\/div><\/div><\/div><div id=\"pgc-gb4370-69d21b9477cd3-3-1\"  class=\"panel-grid-cell panel-grid-cell-empty\" ><\/div><\/div><\/div><\/div>","protected":false},"excerpt":{"rendered":"<p>Die gr\u00f6\u00dfte Auswahl an Einwegtischdecken f\u00fcr den HORECA- und Retail-Kanal.\u00a0 Dar\u00fcber hinaus finden Sie hier alle Arten von Verpackungen f\u00fcr [&hellip;]<\/p>\n","protected":false},"author":2,"featured_media":1644,"parent":0,"menu_order":2,"comment_status":"closed","ping_status":"closed","template":"page-sector.php","meta":{"_acf_changed":false,"footnotes":""},"class_list":["post-4370","page","type-page","status-publish","has-post-thumbnail","hentry"],"acf":[],"yoast_head":"<!-- This site is optimized with the Yoast SEO plugin v27.2 - https:\/\/yoast.com\/product\/yoast-seo-wordpress\/ -->\n<title>Hotel- und bewirtung - Disenos NT<\/title>\n<meta name=\"robots\" content=\"index, follow, max-snippet:-1, max-image-preview:large, max-video-preview:-1\" \/>\n<link rel=\"canonical\" href=\"https:\/\/notejido.com\/de\/bolsas-hosteleria\/\" \/>\n<meta property=\"og:locale\" content=\"de_DE\" \/>\n<meta property=\"og:type\" content=\"article\" \/>\n<meta property=\"og:title\" content=\"Hotel- und bewirtung - Disenos NT\" \/>\n<meta property=\"og:description\" content=\"Die gr\u00f6\u00dfte Auswahl an Einwegtischdecken f\u00fcr den HORECA- und Retail-Kanal.\u00a0 Dar\u00fcber hinaus finden Sie hier alle Arten von Verpackungen f\u00fcr [&hellip;]\" \/>\n<meta property=\"og:url\" content=\"https:\/\/notejido.com\/de\/bolsas-hosteleria\/\" \/>\n<meta property=\"og:site_name\" content=\"Disenos NT\" \/>\n<meta property=\"article:modified_time\" content=\"2019-11-28T08:49:04+00:00\" \/>\n<meta property=\"og:image\" content=\"https:\/\/notejido.com\/wp-content\/uploads\/2019\/09\/s04.jpg\" \/>\n\t<meta property=\"og:image:width\" content=\"1600\" \/>\n\t<meta property=\"og:image:height\" content=\"1000\" \/>\n\t<meta property=\"og:image:type\" content=\"image\/jpeg\" \/>\n<meta name=\"twitter:card\" content=\"summary_large_image\" \/>\n<script type=\"application\/ld+json\" class=\"yoast-schema-graph\">{\"@context\":\"https:\/\/schema.org\",\"@graph\":[{\"@type\":\"WebPage\",\"@id\":\"https:\/\/notejido.com\/de\/bolsas-hosteleria\/\",\"url\":\"https:\/\/notejido.com\/de\/bolsas-hosteleria\/\",\"name\":\"Hotel- und bewirtung - Disenos NT\",\"isPartOf\":{\"@id\":\"https:\/\/notejido.com\/de\/#website\"},\"primaryImageOfPage\":{\"@id\":\"https:\/\/notejido.com\/de\/bolsas-hosteleria\/#primaryimage\"},\"image\":{\"@id\":\"https:\/\/notejido.com\/de\/bolsas-hosteleria\/#primaryimage\"},\"thumbnailUrl\":\"https:\/\/notejido.com\/wp-content\/uploads\/2019\/09\/s04.jpg\",\"datePublished\":\"2019-09-24T15:08:46+00:00\",\"dateModified\":\"2019-11-28T08:49:04+00:00\",\"breadcrumb\":{\"@id\":\"https:\/\/notejido.com\/de\/bolsas-hosteleria\/#breadcrumb\"},\"inLanguage\":\"de\",\"potentialAction\":[{\"@type\":\"ReadAction\",\"target\":[\"https:\/\/notejido.com\/de\/bolsas-hosteleria\/\"]}]},{\"@type\":\"ImageObject\",\"inLanguage\":\"de\",\"@id\":\"https:\/\/notejido.com\/de\/bolsas-hosteleria\/#primaryimage\",\"url\":\"https:\/\/notejido.com\/wp-content\/uploads\/2019\/09\/s04.jpg\",\"contentUrl\":\"https:\/\/notejido.com\/wp-content\/uploads\/2019\/09\/s04.jpg\",\"width\":1600,\"height\":1000,\"caption\":\"Hosteler\u00eda\"},{\"@type\":\"BreadcrumbList\",\"@id\":\"https:\/\/notejido.com\/de\/bolsas-hosteleria\/#breadcrumb\",\"itemListElement\":[{\"@type\":\"ListItem\",\"position\":1,\"name\":\"Portada\",\"item\":\"https:\/\/notejido.com\/de\/\"},{\"@type\":\"ListItem\",\"position\":2,\"name\":\"Hotel- und bewirtung\"}]},{\"@type\":\"WebSite\",\"@id\":\"https:\/\/notejido.com\/de\/#website\",\"url\":\"https:\/\/notejido.com\/de\/\",\"name\":\"Disenos NT\",\"description\":\"Bolsas reutilizables, art\u00edculos higi\u00e9nicos-sanitarios, manteles desechables  y otro packaging promocional en material flexible\",\"potentialAction\":[{\"@type\":\"SearchAction\",\"target\":{\"@type\":\"EntryPoint\",\"urlTemplate\":\"https:\/\/notejido.com\/de\/?s={search_term_string}\"},\"query-input\":{\"@type\":\"PropertyValueSpecification\",\"valueRequired\":true,\"valueName\":\"search_term_string\"}}],\"inLanguage\":\"de\"}]}<\/script>\n<!-- \/ Yoast SEO plugin. -->","yoast_head_json":{"title":"Hotel- und bewirtung - Disenos NT","robots":{"index":"index","follow":"follow","max-snippet":"max-snippet:-1","max-image-preview":"max-image-preview:large","max-video-preview":"max-video-preview:-1"},"canonical":"https:\/\/notejido.com\/de\/bolsas-hosteleria\/","og_locale":"de_DE","og_type":"article","og_title":"Hotel- und bewirtung - Disenos NT","og_description":"Die gr\u00f6\u00dfte Auswahl an Einwegtischdecken f\u00fcr den HORECA- und Retail-Kanal.\u00a0 Dar\u00fcber hinaus finden Sie hier alle Arten von Verpackungen f\u00fcr [&hellip;]","og_url":"https:\/\/notejido.com\/de\/bolsas-hosteleria\/","og_site_name":"Disenos NT","article_modified_time":"2019-11-28T08:49:04+00:00","og_image":[{"width":1600,"height":1000,"url":"https:\/\/notejido.com\/wp-content\/uploads\/2019\/09\/s04.jpg","type":"image\/jpeg"}],"twitter_card":"summary_large_image","schema":{"@context":"https:\/\/schema.org","@graph":[{"@type":"WebPage","@id":"https:\/\/notejido.com\/de\/bolsas-hosteleria\/","url":"https:\/\/notejido.com\/de\/bolsas-hosteleria\/","name":"Hotel- und bewirtung - Disenos NT","isPartOf":{"@id":"https:\/\/notejido.com\/de\/#website"},"primaryImageOfPage":{"@id":"https:\/\/notejido.com\/de\/bolsas-hosteleria\/#primaryimage"},"image":{"@id":"https:\/\/notejido.com\/de\/bolsas-hosteleria\/#primaryimage"},"thumbnailUrl":"https:\/\/notejido.com\/wp-content\/uploads\/2019\/09\/s04.jpg","datePublished":"2019-09-24T15:08:46+00:00","dateModified":"2019-11-28T08:49:04+00:00","breadcrumb":{"@id":"https:\/\/notejido.com\/de\/bolsas-hosteleria\/#breadcrumb"},"inLanguage":"de","potentialAction":[{"@type":"ReadAction","target":["https:\/\/notejido.com\/de\/bolsas-hosteleria\/"]}]},{"@type":"ImageObject","inLanguage":"de","@id":"https:\/\/notejido.com\/de\/bolsas-hosteleria\/#primaryimage","url":"https:\/\/notejido.com\/wp-content\/uploads\/2019\/09\/s04.jpg","contentUrl":"https:\/\/notejido.com\/wp-content\/uploads\/2019\/09\/s04.jpg","width":1600,"height":1000,"caption":"Hosteler\u00eda"},{"@type":"BreadcrumbList","@id":"https:\/\/notejido.com\/de\/bolsas-hosteleria\/#breadcrumb","itemListElement":[{"@type":"ListItem","position":1,"name":"Portada","item":"https:\/\/notejido.com\/de\/"},{"@type":"ListItem","position":2,"name":"Hotel- und bewirtung"}]},{"@type":"WebSite","@id":"https:\/\/notejido.com\/de\/#website","url":"https:\/\/notejido.com\/de\/","name":"Disenos NT","description":"Bolsas reutilizables, art\u00edculos higi\u00e9nicos-sanitarios, manteles desechables  y otro packaging promocional en material flexible","potentialAction":[{"@type":"SearchAction","target":{"@type":"EntryPoint","urlTemplate":"https:\/\/notejido.com\/de\/?s={search_term_string}"},"query-input":{"@type":"PropertyValueSpecification","valueRequired":true,"valueName":"search_term_string"}}],"inLanguage":"de"}]}},"_links":{"self":[{"href":"https:\/\/notejido.com\/de\/wp-json\/wp\/v2\/pages\/4370","targetHints":{"allow":["GET"]}}],"collection":[{"href":"https:\/\/notejido.com\/de\/wp-json\/wp\/v2\/pages"}],"about":[{"href":"https:\/\/notejido.com\/de\/wp-json\/wp\/v2\/types\/page"}],"author":[{"embeddable":true,"href":"https:\/\/notejido.com\/de\/wp-json\/wp\/v2\/users\/2"}],"replies":[{"embeddable":true,"href":"https:\/\/notejido.com\/de\/wp-json\/wp\/v2\/comments?post=4370"}],"version-history":[{"count":1,"href":"https:\/\/notejido.com\/de\/wp-json\/wp\/v2\/pages\/4370\/revisions"}],"predecessor-version":[{"id":4378,"href":"https:\/\/notejido.com\/de\/wp-json\/wp\/v2\/pages\/4370\/revisions\/4378"}],"wp:featuredmedia":[{"embeddable":true,"href":"https:\/\/notejido.com\/de\/wp-json\/wp\/v2\/media\/1644"}],"wp:attachment":[{"href":"https:\/\/notejido.com\/de\/wp-json\/wp\/v2\/media?parent=4370"}],"curies":[{"name":"wp","href":"https:\/\/api.w.org\/{rel}","templated":true}]}}