{"id":4380,"date":"2019-09-24T15:18:50","date_gmt":"2019-09-24T15:18:50","guid":{"rendered":"https:\/\/notejido.com\/bolsas-publicidad-y-promocion\/"},"modified":"2019-11-28T08:55:22","modified_gmt":"2019-11-28T08:55:22","slug":"bolsas-publicidad-y-promocion","status":"publish","type":"page","link":"https:\/\/notejido.com\/de\/bolsas-publicidad-y-promocion\/","title":{"rendered":"Promotion und werbung"},"content":{"rendered":"<div id=\"pl-gb4380-69d230a395f12\"  class=\"panel-layout\" ><div id=\"pg-gb4380-69d230a395f12-0\"  class=\"panel-grid panel-has-style\" ><div class=\"section-intro panel-row-style panel-row-style-for-gb4380-69d230a395f12-0\" ><div id=\"pgc-gb4380-69d230a395f12-0-0\"  class=\"panel-grid-cell\" ><div id=\"panel-gb4380-69d230a395f12-0-0-0\" class=\"so-panel widget widget_sow-editor panel-first-child panel-last-child\" data-index=\"0\" ><div\n\t\t\t\n\t\t\tclass=\"so-widget-sow-editor so-widget-sow-editor-base\"\n\t\t\t\n\t\t>\n<div class=\"siteorigin-widget-tinymce textwidget\">\n\t<p>Wirtschaftlich, praktisch und funktional, das sind Werbetaschen; das gefragteste Werbegeschenk in Werbekampagnen aufgrund der niedrigen Kosten und hohen Wirkung, die sie w\u00e4hrend ihrer Nutzungsdauer erzeugen.<\/p>\n<p id=\"tw-target-text\" class=\"tw-data-text tw-text-large tw-ta\" dir=\"ltr\" data-placeholder=\"Traducci\u00f3n\"><span lang=\"es\">Im Bereich der Werbekampagnen garantieren passende Geschenke und eine h\u00e4ufigen Nutzung den Erfolg und die Verbreitung jeder Kampagne. Dar\u00fcber hinaus k\u00f6nnen Mehrwegtaschen \u00fcber einen langen Zeitraum unz\u00e4hlige Male verwendet werden. Brauchen Sie weitere Argumente, um Werbetaschen in Ihre Werbekampagnen aufzunehmen?<br \/>\n<\/span><\/p>\n<\/div>\n<\/div><\/div><\/div><\/div><\/div><div id=\"pg-gb4380-69d230a395f12-1\"  class=\"panel-grid panel-has-style\" ><div class=\"sector-products panel-row-style panel-row-style-for-gb4380-69d230a395f12-1\" ><div id=\"pgc-gb4380-69d230a395f12-1-0\"  class=\"panel-grid-cell\" ><div class=\"sector-products-item panel-cell-style panel-cell-style-for-gb4380-69d230a395f12-1-0\" ><div id=\"panel-gb4380-69d230a395f12-1-0-0\" class=\"so-panel widget widget_sow-editor panel-first-child panel-last-child\" data-index=\"1\" ><div\n\t\t\t\n\t\t\tclass=\"so-widget-sow-editor so-widget-sow-editor-base\"\n\t\t\t\n\t\t>\n<div class=\"siteorigin-widget-tinymce textwidget\">\n\t<h3>Kraftpapiert\u00fcten<\/h3>\n<p>Die umweltfreundliche Verpackung par excellence: 100% recycelbar, wiederverwendbar und biologisch abbaubar. Von den eleganten und klassischen naturfarbenen oder braunen Taschen bis hin zu einer endlosen Anzahl von Farben und Formaten zur Auswahl: breite Bodenfl\u00e4che, mit gewelltem Griff, etc.<\/p>\n<div><\/div>\n<\/div>\n<\/div><\/div><\/div><\/div><div id=\"pgc-gb4380-69d230a395f12-1-1\"  class=\"panel-grid-cell\" ><div class=\"sector-products-item panel-cell-style panel-cell-style-for-gb4380-69d230a395f12-1-1\" ><div id=\"panel-gb4380-69d230a395f12-1-1-0\" class=\"so-panel widget widget_sow-editor panel-first-child panel-last-child\" data-index=\"2\" ><div\n\t\t\t\n\t\t\tclass=\"so-widget-sow-editor so-widget-sow-editor-base\"\n\t\t\t\n\t\t>\n<div class=\"siteorigin-widget-tinymce textwidget\">\n\t<h3>Luxus papiertaschen<\/h3>\n<p>Die <em>Premium<\/em>-Verpackung f\u00fcr Unternehmen, die sich um jedes Detail k\u00fcmmern. Sie sind das bevorzugte Format gro\u00dfer Modemarken, Juweliergesch\u00e4fte, Kosmetika, Boutiquen und so weiter.<\/p>\n<div><\/div>\n<\/div>\n<\/div><\/div><\/div><\/div><\/div><\/div><div id=\"pg-gb4380-69d230a395f12-2\"  class=\"panel-grid panel-has-style\" ><div class=\"sector-products panel-row-style panel-row-style-for-gb4380-69d230a395f12-2\" ><div id=\"pgc-gb4380-69d230a395f12-2-0\"  class=\"panel-grid-cell\" ><div class=\"sector-products-item panel-cell-style panel-cell-style-for-gb4380-69d230a395f12-2-0\" ><div id=\"panel-gb4380-69d230a395f12-2-0-0\" class=\"so-panel widget widget_sow-editor panel-first-child panel-last-child\" data-index=\"3\" ><div\n\t\t\t\n\t\t\tclass=\"so-widget-sow-editor so-widget-sow-editor-base\"\n\t\t\t\n\t\t>\n<div class=\"siteorigin-widget-tinymce textwidget\">\n\t<h3>Gen\u00e4hte stofftaschen<\/h3>\n<p>Handgen\u00e4ht, sind die ideale Wahl f\u00fcr diejenigen, die eine besonders dauerhafte Festigkeit suchen. Hier finden Sie die gr\u00f6\u00dfte Vielfalt auf dem Markt: Baumwolle, Raffiabast, recyceltes PET, Vliesstoff, Polyester&#8230;<\/p>\n<div><\/div>\n<\/div>\n<\/div><\/div><\/div><\/div><div id=\"pgc-gb4380-69d230a395f12-2-1\"  class=\"panel-grid-cell\" ><div class=\"sector-products-item panel-cell-style panel-cell-style-for-gb4380-69d230a395f12-2-1\" ><div id=\"panel-gb4380-69d230a395f12-2-1-0\" class=\"so-panel widget widget_sow-editor panel-first-child panel-last-child\" data-index=\"4\" ><div\n\t\t\t\n\t\t\tclass=\"so-widget-sow-editor so-widget-sow-editor-base\"\n\t\t\t\n\t\t>\n<div class=\"siteorigin-widget-tinymce textwidget\">\n\t<h3>Thermisch versiegelte stofftaschen<\/h3>\n<p>Aus 100% recycelbaren Materialien: Vliesstoff oder Raffiabast. Laminierte oder unlaminierte, hei\u00dfversiegelte Beutel sind die wirtschaftlichste, widerstandsf\u00e4higste und vielseitigste Option zur individuellen Gestaltung. Ideal f\u00fcr jede Art von Produkt oder Gesch\u00e4ft.<\/p>\n<div><\/div>\n<\/div>\n<\/div><\/div><\/div><\/div><\/div><\/div><div id=\"pg-gb4380-69d230a395f12-3\"  class=\"panel-grid panel-has-style\" ><div class=\"sector-products panel-row-style panel-row-style-for-gb4380-69d230a395f12-3\" ><div id=\"pgc-gb4380-69d230a395f12-3-0\"  class=\"panel-grid-cell\" ><div class=\"sector-products-item panel-cell-style panel-cell-style-for-gb4380-69d230a395f12-3-0\" ><div id=\"panel-gb4380-69d230a395f12-3-0-0\" class=\"so-panel widget widget_sow-editor panel-first-child panel-last-child\" data-index=\"5\" ><div\n\t\t\t\n\t\t\tclass=\"so-widget-sow-editor so-widget-sow-editor-base\"\n\t\t\t\n\t\t>\n<div class=\"siteorigin-widget-tinymce textwidget\">\n\t<h3>Kleiderh\u00fcllen<\/h3>\n<p>Ideal f\u00fcr die Aufbewahrung, den Schutz und den Transport empfindlicher Kleidungsst\u00fccke: Brautkleider, Kommunionskleider, Abendkleider, etc. Die perfekte Unterst\u00fctzung, um Flecken und Faltenbildung an der Kleidung w\u00e4hrend des Transports zu vermeiden.<\/p>\n<div><\/div>\n<\/div>\n<\/div><\/div><\/div><\/div><div id=\"pgc-gb4380-69d230a395f12-3-1\"  class=\"panel-grid-cell\" ><div class=\"sector-products-item panel-cell-style panel-cell-style-for-gb4380-69d230a395f12-3-1\" ><div id=\"panel-gb4380-69d230a395f12-3-1-0\" class=\"so-panel widget widget_sow-editor panel-first-child panel-last-child\" data-index=\"6\" ><div\n\t\t\t\n\t\t\tclass=\"so-widget-sow-editor so-widget-sow-editor-base\"\n\t\t\t\n\t\t>\n<div class=\"siteorigin-widget-tinymce textwidget\">\n\t<h3>Andere werbeverpackungen<\/h3>\n<p>Werbegeschenke sind eine der besten Alternativen f\u00fcr personalisierte Verpackungen, um den Umsatz zu steigern und eine h\u00f6here Markenbekanntheit zu erzielen. Taschen, Rucks\u00e4cke, H\u00fcllen&#8230;. n\u00fctzliche Verpackungen, des Alltagsgebrauchs und sehr kosteng\u00fcnstig, sichern den Erfolg Ihrer Direktmarketing-Kampagne.<\/p>\n<div><\/div>\n<\/div>\n<\/div><\/div><\/div><\/div><\/div><\/div><\/div>","protected":false},"excerpt":{"rendered":"<p>Wirtschaftlich, praktisch und funktional, das sind Werbetaschen; das gefragteste Werbegeschenk in Werbekampagnen aufgrund der niedrigen Kosten und hohen Wirkung, die [&hellip;]<\/p>\n","protected":false},"author":2,"featured_media":1648,"parent":0,"menu_order":3,"comment_status":"closed","ping_status":"closed","template":"page-sector.php","meta":{"_acf_changed":false,"footnotes":""},"class_list":["post-4380","page","type-page","status-publish","has-post-thumbnail","hentry"],"acf":[],"yoast_head":"<!-- This site is optimized with the Yoast SEO plugin v27.2 - https:\/\/yoast.com\/product\/yoast-seo-wordpress\/ -->\n<title>Promotion und werbung - Disenos NT<\/title>\n<meta name=\"robots\" content=\"index, follow, max-snippet:-1, max-image-preview:large, max-video-preview:-1\" \/>\n<link rel=\"canonical\" href=\"https:\/\/notejido.com\/de\/bolsas-publicidad-y-promocion\/\" \/>\n<meta property=\"og:locale\" content=\"de_DE\" \/>\n<meta property=\"og:type\" content=\"article\" \/>\n<meta property=\"og:title\" content=\"Promotion und werbung - Disenos NT\" \/>\n<meta property=\"og:description\" content=\"Wirtschaftlich, praktisch und funktional, das sind Werbetaschen; das gefragteste Werbegeschenk in Werbekampagnen aufgrund der niedrigen Kosten und hohen Wirkung, die [&hellip;]\" \/>\n<meta property=\"og:url\" content=\"https:\/\/notejido.com\/de\/bolsas-publicidad-y-promocion\/\" \/>\n<meta property=\"og:site_name\" content=\"Disenos NT\" \/>\n<meta property=\"article:modified_time\" content=\"2019-11-28T08:55:22+00:00\" \/>\n<meta property=\"og:image\" content=\"https:\/\/notejido.com\/wp-content\/uploads\/2019\/09\/s-03.jpg\" \/>\n\t<meta property=\"og:image:width\" content=\"1600\" \/>\n\t<meta property=\"og:image:height\" content=\"1000\" \/>\n\t<meta property=\"og:image:type\" content=\"image\/jpeg\" \/>\n<meta name=\"twitter:card\" content=\"summary_large_image\" \/>\n<script type=\"application\/ld+json\" class=\"yoast-schema-graph\">{\"@context\":\"https:\/\/schema.org\",\"@graph\":[{\"@type\":\"WebPage\",\"@id\":\"https:\/\/notejido.com\/de\/bolsas-publicidad-y-promocion\/\",\"url\":\"https:\/\/notejido.com\/de\/bolsas-publicidad-y-promocion\/\",\"name\":\"Promotion und werbung - Disenos NT\",\"isPartOf\":{\"@id\":\"https:\/\/notejido.com\/de\/#website\"},\"primaryImageOfPage\":{\"@id\":\"https:\/\/notejido.com\/de\/bolsas-publicidad-y-promocion\/#primaryimage\"},\"image\":{\"@id\":\"https:\/\/notejido.com\/de\/bolsas-publicidad-y-promocion\/#primaryimage\"},\"thumbnailUrl\":\"https:\/\/notejido.com\/wp-content\/uploads\/2019\/09\/s-03.jpg\",\"datePublished\":\"2019-09-24T15:18:50+00:00\",\"dateModified\":\"2019-11-28T08:55:22+00:00\",\"breadcrumb\":{\"@id\":\"https:\/\/notejido.com\/de\/bolsas-publicidad-y-promocion\/#breadcrumb\"},\"inLanguage\":\"de\",\"potentialAction\":[{\"@type\":\"ReadAction\",\"target\":[\"https:\/\/notejido.com\/de\/bolsas-publicidad-y-promocion\/\"]}]},{\"@type\":\"ImageObject\",\"inLanguage\":\"de\",\"@id\":\"https:\/\/notejido.com\/de\/bolsas-publicidad-y-promocion\/#primaryimage\",\"url\":\"https:\/\/notejido.com\/wp-content\/uploads\/2019\/09\/s-03.jpg\",\"contentUrl\":\"https:\/\/notejido.com\/wp-content\/uploads\/2019\/09\/s-03.jpg\",\"width\":1600,\"height\":1000,\"caption\":\"Publicidad y Promoci\u00f3n\"},{\"@type\":\"BreadcrumbList\",\"@id\":\"https:\/\/notejido.com\/de\/bolsas-publicidad-y-promocion\/#breadcrumb\",\"itemListElement\":[{\"@type\":\"ListItem\",\"position\":1,\"name\":\"Portada\",\"item\":\"https:\/\/notejido.com\/de\/\"},{\"@type\":\"ListItem\",\"position\":2,\"name\":\"Promotion und werbung\"}]},{\"@type\":\"WebSite\",\"@id\":\"https:\/\/notejido.com\/de\/#website\",\"url\":\"https:\/\/notejido.com\/de\/\",\"name\":\"Disenos NT\",\"description\":\"Bolsas reutilizables, art\u00edculos higi\u00e9nicos-sanitarios, manteles desechables  y otro packaging promocional en material flexible\",\"potentialAction\":[{\"@type\":\"SearchAction\",\"target\":{\"@type\":\"EntryPoint\",\"urlTemplate\":\"https:\/\/notejido.com\/de\/?s={search_term_string}\"},\"query-input\":{\"@type\":\"PropertyValueSpecification\",\"valueRequired\":true,\"valueName\":\"search_term_string\"}}],\"inLanguage\":\"de\"}]}<\/script>\n<!-- \/ Yoast SEO plugin. -->","yoast_head_json":{"title":"Promotion und werbung - Disenos NT","robots":{"index":"index","follow":"follow","max-snippet":"max-snippet:-1","max-image-preview":"max-image-preview:large","max-video-preview":"max-video-preview:-1"},"canonical":"https:\/\/notejido.com\/de\/bolsas-publicidad-y-promocion\/","og_locale":"de_DE","og_type":"article","og_title":"Promotion und werbung - Disenos NT","og_description":"Wirtschaftlich, praktisch und funktional, das sind Werbetaschen; das gefragteste Werbegeschenk in Werbekampagnen aufgrund der niedrigen Kosten und hohen Wirkung, die [&hellip;]","og_url":"https:\/\/notejido.com\/de\/bolsas-publicidad-y-promocion\/","og_site_name":"Disenos NT","article_modified_time":"2019-11-28T08:55:22+00:00","og_image":[{"width":1600,"height":1000,"url":"https:\/\/notejido.com\/wp-content\/uploads\/2019\/09\/s-03.jpg","type":"image\/jpeg"}],"twitter_card":"summary_large_image","schema":{"@context":"https:\/\/schema.org","@graph":[{"@type":"WebPage","@id":"https:\/\/notejido.com\/de\/bolsas-publicidad-y-promocion\/","url":"https:\/\/notejido.com\/de\/bolsas-publicidad-y-promocion\/","name":"Promotion und werbung - Disenos NT","isPartOf":{"@id":"https:\/\/notejido.com\/de\/#website"},"primaryImageOfPage":{"@id":"https:\/\/notejido.com\/de\/bolsas-publicidad-y-promocion\/#primaryimage"},"image":{"@id":"https:\/\/notejido.com\/de\/bolsas-publicidad-y-promocion\/#primaryimage"},"thumbnailUrl":"https:\/\/notejido.com\/wp-content\/uploads\/2019\/09\/s-03.jpg","datePublished":"2019-09-24T15:18:50+00:00","dateModified":"2019-11-28T08:55:22+00:00","breadcrumb":{"@id":"https:\/\/notejido.com\/de\/bolsas-publicidad-y-promocion\/#breadcrumb"},"inLanguage":"de","potentialAction":[{"@type":"ReadAction","target":["https:\/\/notejido.com\/de\/bolsas-publicidad-y-promocion\/"]}]},{"@type":"ImageObject","inLanguage":"de","@id":"https:\/\/notejido.com\/de\/bolsas-publicidad-y-promocion\/#primaryimage","url":"https:\/\/notejido.com\/wp-content\/uploads\/2019\/09\/s-03.jpg","contentUrl":"https:\/\/notejido.com\/wp-content\/uploads\/2019\/09\/s-03.jpg","width":1600,"height":1000,"caption":"Publicidad y Promoci\u00f3n"},{"@type":"BreadcrumbList","@id":"https:\/\/notejido.com\/de\/bolsas-publicidad-y-promocion\/#breadcrumb","itemListElement":[{"@type":"ListItem","position":1,"name":"Portada","item":"https:\/\/notejido.com\/de\/"},{"@type":"ListItem","position":2,"name":"Promotion und werbung"}]},{"@type":"WebSite","@id":"https:\/\/notejido.com\/de\/#website","url":"https:\/\/notejido.com\/de\/","name":"Disenos NT","description":"Bolsas reutilizables, art\u00edculos higi\u00e9nicos-sanitarios, manteles desechables  y otro packaging promocional en material flexible","potentialAction":[{"@type":"SearchAction","target":{"@type":"EntryPoint","urlTemplate":"https:\/\/notejido.com\/de\/?s={search_term_string}"},"query-input":{"@type":"PropertyValueSpecification","valueRequired":true,"valueName":"search_term_string"}}],"inLanguage":"de"}]}},"_links":{"self":[{"href":"https:\/\/notejido.com\/de\/wp-json\/wp\/v2\/pages\/4380","targetHints":{"allow":["GET"]}}],"collection":[{"href":"https:\/\/notejido.com\/de\/wp-json\/wp\/v2\/pages"}],"about":[{"href":"https:\/\/notejido.com\/de\/wp-json\/wp\/v2\/types\/page"}],"author":[{"embeddable":true,"href":"https:\/\/notejido.com\/de\/wp-json\/wp\/v2\/users\/2"}],"replies":[{"embeddable":true,"href":"https:\/\/notejido.com\/de\/wp-json\/wp\/v2\/comments?post=4380"}],"version-history":[{"count":2,"href":"https:\/\/notejido.com\/de\/wp-json\/wp\/v2\/pages\/4380\/revisions"}],"predecessor-version":[{"id":4393,"href":"https:\/\/notejido.com\/de\/wp-json\/wp\/v2\/pages\/4380\/revisions\/4393"}],"wp:featuredmedia":[{"embeddable":true,"href":"https:\/\/notejido.com\/de\/wp-json\/wp\/v2\/media\/1648"}],"wp:attachment":[{"href":"https:\/\/notejido.com\/de\/wp-json\/wp\/v2\/media?parent=4380"}],"curies":[{"name":"wp","href":"https:\/\/api.w.org\/{rel}","templated":true}]}}