{"id":4672,"date":"2019-11-07T15:57:59","date_gmt":"2019-11-07T15:57:59","guid":{"rendered":"https:\/\/notejido.com\/contacto\/"},"modified":"2022-08-11T09:20:25","modified_gmt":"2022-08-11T09:20:25","slug":"contacto","status":"publish","type":"page","link":"https:\/\/notejido.com\/de\/contacto\/","title":{"rendered":"Kontakt"},"content":{"rendered":"<div id=\"pl-gb4672-69d0f1f46bba8\"  class=\"panel-layout\" ><div id=\"pg-gb4672-69d0f1f46bba8-0\"  class=\"panel-grid panel-has-style\" ><div class=\"contact-info panel-row-style panel-row-style-for-gb4672-69d0f1f46bba8-0\" ><div id=\"pgc-gb4672-69d0f1f46bba8-0-0\"  class=\"panel-grid-cell\" ><div id=\"panel-gb4672-69d0f1f46bba8-0-0-0\" class=\"so-panel widget widget_sow-editor panel-first-child panel-last-child\" data-index=\"0\" ><div\n\t\t\t\n\t\t\tclass=\"so-widget-sow-editor so-widget-sow-editor-base\"\n\t\t\t\n\t\t>\n<div class=\"siteorigin-widget-tinymce textwidget\">\n\t<div class=\"contact-ico contact-ico-map\"><\/div>\n<h3>Fabrik und Zentrale<\/h3>\n<p>Pol. Ind. El Chaparral, Santa Ana, s\/n<br \/>\n23692 Alcal\u00e1 la Real, Ja\u00e9n &#8211; Espa\u00f1a<br \/>\n<a href=\"https:\/\/goo.gl\/maps\/pfaht7M61swfKgjJ9\" target=\"_blank\" rel=\"noopener\">siehe karte<\/a><\/p>\n<\/div>\n<\/div><\/div><\/div><div id=\"pgc-gb4672-69d0f1f46bba8-0-1\"  class=\"panel-grid-cell\" ><div id=\"panel-gb4672-69d0f1f46bba8-0-1-0\" class=\"so-panel widget widget_sow-editor panel-first-child panel-last-child\" data-index=\"1\" ><div\n\t\t\t\n\t\t\tclass=\"so-widget-sow-editor so-widget-sow-editor-base\"\n\t\t\t\n\t\t>\n<div class=\"siteorigin-widget-tinymce textwidget\">\n\t<div class=\"contact-ico contact-ico-email\"><\/div>\n<h3>Email<\/h3>\n<p><a class=\"contact-link\" href=\"mailto:sales@notejido.com\">sales@notejido.com<\/a><\/p>\n<\/div>\n<\/div><\/div><\/div><div id=\"pgc-gb4672-69d0f1f46bba8-0-2\"  class=\"panel-grid-cell\" ><div id=\"panel-gb4672-69d0f1f46bba8-0-2-0\" class=\"so-panel widget widget_sow-editor panel-first-child panel-last-child\" data-index=\"2\" ><div\n\t\t\t\n\t\t\tclass=\"so-widget-sow-editor so-widget-sow-editor-base\"\n\t\t\t\n\t\t>\n<div class=\"siteorigin-widget-tinymce textwidget\">\n\t<div class=\"contact-ico contact-ico-phone\"><\/div>\n<h3>Telefon<\/h3>\n<p><a class=\"contact-link\" href=\"tel:+34953581683\">+34 953 58 16 83<\/a><br \/>\nZentrale<\/p>\n<\/div>\n<\/div><\/div><\/div><\/div><\/div><div id=\"pg-gb4672-69d0f1f46bba8-1\"  class=\"panel-grid panel-no-style\" ><div id=\"pgc-gb4672-69d0f1f46bba8-1-0\"  class=\"panel-grid-cell\" ><div id=\"panel-gb4672-69d0f1f46bba8-1-0-0\" class=\"so-panel widget widget_sow-editor panel-first-child panel-last-child\" data-index=\"3\" ><div class=\"panel-widget-style panel-widget-style-for-gb4672-69d0f1f46bba8-1-0-0\" ><div\n\t\t\t\n\t\t\tclass=\"so-widget-sow-editor so-widget-sow-editor-base\"\n\t\t\t\n\t\t>\n<div class=\"siteorigin-widget-tinymce textwidget\">\n\t<p class=\"pre-title\" style=\"text-align: center\">Kontaktieren Sie uns<\/p>\n<h2 style=\"text-align: center\">Kontakt Formular<\/h2>\n<\/div>\n<\/div><\/div><\/div><\/div><\/div><\/div>\n\n\n<div class=\"wpcf7 no-js\" id=\"wpcf7-f9754-o1\" lang=\"de-DE\" dir=\"ltr\" data-wpcf7-id=\"9754\">\n<div class=\"screen-reader-response\"><p role=\"status\" aria-live=\"polite\" aria-atomic=\"true\"><\/p> <ul><\/ul><\/div>\n<form action=\"\/de\/wp-json\/wp\/v2\/pages\/4672#wpcf7-f9754-o1\" method=\"post\" class=\"wpcf7-form init\" aria-label=\"Kontaktformular\" novalidate=\"novalidate\" data-status=\"init\">\n<fieldset class=\"hidden-fields-container\"><input type=\"hidden\" name=\"_wpcf7\" value=\"9754\" \/><input type=\"hidden\" name=\"_wpcf7_version\" value=\"6.1.5\" \/><input type=\"hidden\" name=\"_wpcf7_locale\" value=\"de_DE\" \/><input type=\"hidden\" name=\"_wpcf7_unit_tag\" value=\"wpcf7-f9754-o1\" \/><input type=\"hidden\" name=\"_wpcf7_container_post\" value=\"0\" \/><input type=\"hidden\" name=\"_wpcf7_posted_data_hash\" value=\"\" \/><input type=\"hidden\" name=\"_wpcf7_recaptcha_response\" value=\"\" \/>\n<\/fieldset>\n<p><label> Name *<br \/>\n<span class=\"wpcf7-form-control-wrap\" data-name=\"your-name\"><input size=\"40\" maxlength=\"400\" class=\"wpcf7-form-control wpcf7-text wpcf7-validates-as-required\" aria-required=\"true\" aria-invalid=\"false\" value=\"\" type=\"text\" name=\"your-name\" \/><\/span> <\/label>\n<\/p>\n<p><label> Unternehmen *<br \/>\n<span class=\"wpcf7-form-control-wrap\" data-name=\"your-company\"><input size=\"40\" maxlength=\"400\" class=\"wpcf7-form-control wpcf7-text wpcf7-validates-as-required\" aria-required=\"true\" aria-invalid=\"false\" value=\"\" type=\"text\" name=\"your-company\" \/><\/span> <\/label>\n<\/p>\n<p><label> Land *<br \/>\n<span class=\"wpcf7-form-control-wrap\" data-name=\"your-country\"><input size=\"40\" maxlength=\"400\" class=\"wpcf7-form-control wpcf7-text wpcf7-validates-as-required\" aria-required=\"true\" aria-invalid=\"false\" value=\"\" type=\"text\" name=\"your-country\" \/><\/span> <\/label>\n<\/p>\n<p><label> E-Mail *<br \/>\n<span class=\"wpcf7-form-control-wrap\" data-name=\"your-email\"><input size=\"40\" maxlength=\"400\" class=\"wpcf7-form-control wpcf7-email wpcf7-validates-as-required wpcf7-text wpcf7-validates-as-email\" aria-required=\"true\" aria-invalid=\"false\" value=\"\" type=\"email\" name=\"your-email\" \/><\/span> <\/label>\n<\/p>\n<p><label> Nachricht *<br \/>\n<span class=\"wpcf7-form-control-wrap\" data-name=\"your-message\"><textarea cols=\"40\" rows=\"10\" maxlength=\"2000\" class=\"wpcf7-form-control wpcf7-textarea wpcf7-validates-as-required\" aria-required=\"true\" aria-invalid=\"false\" name=\"your-message\"><\/textarea><\/span> <\/label>\n<\/p>\n<span class=\"wpcf7-form-control-wrap recaptcha\" data-name=\"recaptcha\"><span data-sitekey=\"6LdbvTkrAAAAADcrtXmAGLkMAurEKDulaG-5DjfB\" class=\"wpcf7-form-control wpcf7-recaptcha g-recaptcha\"><\/span>\r\n<noscript>\r\n\t<div class=\"grecaptcha-noscript\">\r\n\t\t<iframe src=\"https:\/\/www.google.com\/recaptcha\/api\/fallback?k=6LdbvTkrAAAAADcrtXmAGLkMAurEKDulaG-5DjfB\" frameborder=\"0\" scrolling=\"no\" width=\"310\" height=\"430\">\r\n\t\t<\/iframe>\r\n\t\t<textarea name=\"g-recaptcha-response\" rows=\"3\" cols=\"40\" placeholder=\"reCaptcha Response Here\">\r\n\t\t<\/textarea>\r\n\t<\/div>\r\n<\/noscript>\r\n<\/span>\n<p><span class=\"wpcf7-form-control-wrap\" data-name=\"acceptance-431\"><span class=\"wpcf7-form-control wpcf7-acceptance\"><span class=\"wpcf7-list-item\"><label><input type=\"checkbox\" name=\"acceptance-431\" value=\"1\" aria-invalid=\"false\" \/><span class=\"wpcf7-list-item-label\">Ich habe die <a href=\"\/politica-privacidad\" target=\"_blank\">Datenschutzerkl\u00e4rung<\/a> gelesen und akzeptiere sie<\/span><\/label><\/span><\/span><\/span>\n<\/p>\n<p><span class=\"wpcf7-form-control-wrap\" data-name=\"recibirInformacion\"><span class=\"wpcf7-form-control wpcf7-acceptance optional\"><span class=\"wpcf7-list-item\"><label><input type=\"checkbox\" name=\"recibirInformacion\" value=\"1\" aria-invalid=\"false\" \/><span class=\"wpcf7-list-item-label\">Ich bin damit einverstanden, Informationen zu erhalten. <br> <small>DISE\u00d1O Y APLICACIONES DEL NOTEJIDO, S.L. Wir verarbeiten Ihre Daten, um Ihre Anfrage zu beantworten und zu verwalten. Wenn Sie uns Ihre Einwilligung erteilen, senden wir Ihnen kommerzielle Informationen zu.\nSie k\u00f6nnen Ihre Rechte auf Zugang, \u00dcbertragbarkeit, Berichtigung, L\u00f6schung, Einschr\u00e4nkung und Widerspruch aus\u00fcben, indem Sie an rgpd@grupodisenosnt.com schreiben.\nWeitere Informationen finden Sie in der<a href=\"\/politica-privacidad\" target=\"_blank\">Datenschutzerkl\u00e4rung<\/a>\n<\/small><\/span><\/label><\/span><\/span><\/span>\n<\/p>\n<p class=\"text-center\">\n<input class=\"wpcf7-form-control wpcf7-hidden clientify_cookie\" value=\"\" type=\"hidden\" name=\"clientify_cookie\" \/><input class=\"wpcf7-form-control wpcf7-submit has-spinner\" type=\"submit\" value=\"Senden\" \/>\n<\/p><div class=\"wpcf7-response-output\" aria-hidden=\"true\"><\/div>\n<\/form>\n<\/div>\n\n\n\n\n<script type=\"text\/javascript\" src=\"https:\/\/clientify.net\/web-marketing\/webforms\/external\/script\/89514.js\"><\/script>\n","protected":false},"excerpt":{"rendered":"<p>Fabrik und Zentrale Pol. Ind. El Chaparral, Santa Ana, s\/n 23692 Alcal\u00e1 la Real, Ja\u00e9n &#8211; Espa\u00f1a siehe karte Email [&hellip;]<\/p>\n","protected":false},"author":2,"featured_media":2748,"parent":0,"menu_order":60,"comment_status":"closed","ping_status":"closed","template":"","meta":{"_acf_changed":false,"footnotes":""},"class_list":["post-4672","page","type-page","status-publish","has-post-thumbnail","hentry"],"acf":[],"yoast_head":"<!-- This site is optimized with the Yoast SEO plugin v27.2 - https:\/\/yoast.com\/product\/yoast-seo-wordpress\/ -->\n<title>Kontakt - Disenos NT<\/title>\n<meta name=\"robots\" content=\"index, follow, max-snippet:-1, max-image-preview:large, max-video-preview:-1\" \/>\n<link rel=\"canonical\" href=\"https:\/\/notejido.com\/de\/contacto\/\" \/>\n<meta property=\"og:locale\" content=\"de_DE\" \/>\n<meta property=\"og:type\" content=\"article\" \/>\n<meta property=\"og:title\" content=\"Kontakt - Disenos NT\" \/>\n<meta property=\"og:description\" content=\"Fabrik und Zentrale Pol. Ind. El Chaparral, Santa Ana, s\/n 23692 Alcal\u00e1 la Real, Ja\u00e9n - Espa\u00f1a siehe karte Email [&hellip;]\" \/>\n<meta property=\"og:url\" content=\"https:\/\/notejido.com\/de\/contacto\/\" \/>\n<meta property=\"og:site_name\" content=\"Disenos NT\" \/>\n<meta property=\"article:modified_time\" content=\"2022-08-11T09:20:25+00:00\" \/>\n<meta property=\"og:image\" content=\"https:\/\/notejido.com\/wp-content\/uploads\/2019\/11\/bg-contact.jpg\" \/>\n\t<meta property=\"og:image:width\" content=\"1600\" \/>\n\t<meta property=\"og:image:height\" content=\"1000\" \/>\n\t<meta property=\"og:image:type\" content=\"image\/jpeg\" \/>\n<meta name=\"twitter:card\" content=\"summary_large_image\" \/>\n<meta name=\"twitter:label1\" content=\"Gesch\u00e4tzte Lesezeit\" \/>\n\t<meta name=\"twitter:data1\" content=\"1\u00a0Minute\" \/>\n<script type=\"application\/ld+json\" class=\"yoast-schema-graph\">{\"@context\":\"https:\/\/schema.org\",\"@graph\":[{\"@type\":\"WebPage\",\"@id\":\"https:\/\/notejido.com\/de\/contacto\/\",\"url\":\"https:\/\/notejido.com\/de\/contacto\/\",\"name\":\"Kontakt - Disenos NT\",\"isPartOf\":{\"@id\":\"https:\/\/notejido.com\/de\/#website\"},\"primaryImageOfPage\":{\"@id\":\"https:\/\/notejido.com\/de\/contacto\/#primaryimage\"},\"image\":{\"@id\":\"https:\/\/notejido.com\/de\/contacto\/#primaryimage\"},\"thumbnailUrl\":\"https:\/\/notejido.com\/wp-content\/uploads\/2019\/11\/bg-contact.jpg\",\"datePublished\":\"2019-11-07T15:57:59+00:00\",\"dateModified\":\"2022-08-11T09:20:25+00:00\",\"breadcrumb\":{\"@id\":\"https:\/\/notejido.com\/de\/contacto\/#breadcrumb\"},\"inLanguage\":\"de\",\"potentialAction\":[{\"@type\":\"ReadAction\",\"target\":[\"https:\/\/notejido.com\/de\/contacto\/\"]}]},{\"@type\":\"ImageObject\",\"inLanguage\":\"de\",\"@id\":\"https:\/\/notejido.com\/de\/contacto\/#primaryimage\",\"url\":\"https:\/\/notejido.com\/wp-content\/uploads\/2019\/11\/bg-contact.jpg\",\"contentUrl\":\"https:\/\/notejido.com\/wp-content\/uploads\/2019\/11\/bg-contact.jpg\",\"width\":1600,\"height\":1000,\"caption\":\"Contact us\"},{\"@type\":\"BreadcrumbList\",\"@id\":\"https:\/\/notejido.com\/de\/contacto\/#breadcrumb\",\"itemListElement\":[{\"@type\":\"ListItem\",\"position\":1,\"name\":\"Portada\",\"item\":\"https:\/\/notejido.com\/de\/\"},{\"@type\":\"ListItem\",\"position\":2,\"name\":\"Kontakt\"}]},{\"@type\":\"WebSite\",\"@id\":\"https:\/\/notejido.com\/de\/#website\",\"url\":\"https:\/\/notejido.com\/de\/\",\"name\":\"Disenos NT\",\"description\":\"Bolsas reutilizables, art\u00edculos higi\u00e9nicos-sanitarios, manteles desechables  y otro packaging promocional en material flexible\",\"potentialAction\":[{\"@type\":\"SearchAction\",\"target\":{\"@type\":\"EntryPoint\",\"urlTemplate\":\"https:\/\/notejido.com\/de\/?s={search_term_string}\"},\"query-input\":{\"@type\":\"PropertyValueSpecification\",\"valueRequired\":true,\"valueName\":\"search_term_string\"}}],\"inLanguage\":\"de\"}]}<\/script>\n<!-- \/ Yoast SEO plugin. -->","yoast_head_json":{"title":"Kontakt - Disenos NT","robots":{"index":"index","follow":"follow","max-snippet":"max-snippet:-1","max-image-preview":"max-image-preview:large","max-video-preview":"max-video-preview:-1"},"canonical":"https:\/\/notejido.com\/de\/contacto\/","og_locale":"de_DE","og_type":"article","og_title":"Kontakt - Disenos NT","og_description":"Fabrik und Zentrale Pol. Ind. El Chaparral, Santa Ana, s\/n 23692 Alcal\u00e1 la Real, Ja\u00e9n - Espa\u00f1a siehe karte Email [&hellip;]","og_url":"https:\/\/notejido.com\/de\/contacto\/","og_site_name":"Disenos NT","article_modified_time":"2022-08-11T09:20:25+00:00","og_image":[{"width":1600,"height":1000,"url":"https:\/\/notejido.com\/wp-content\/uploads\/2019\/11\/bg-contact.jpg","type":"image\/jpeg"}],"twitter_card":"summary_large_image","twitter_misc":{"Gesch\u00e4tzte Lesezeit":"1\u00a0Minute"},"schema":{"@context":"https:\/\/schema.org","@graph":[{"@type":"WebPage","@id":"https:\/\/notejido.com\/de\/contacto\/","url":"https:\/\/notejido.com\/de\/contacto\/","name":"Kontakt - Disenos NT","isPartOf":{"@id":"https:\/\/notejido.com\/de\/#website"},"primaryImageOfPage":{"@id":"https:\/\/notejido.com\/de\/contacto\/#primaryimage"},"image":{"@id":"https:\/\/notejido.com\/de\/contacto\/#primaryimage"},"thumbnailUrl":"https:\/\/notejido.com\/wp-content\/uploads\/2019\/11\/bg-contact.jpg","datePublished":"2019-11-07T15:57:59+00:00","dateModified":"2022-08-11T09:20:25+00:00","breadcrumb":{"@id":"https:\/\/notejido.com\/de\/contacto\/#breadcrumb"},"inLanguage":"de","potentialAction":[{"@type":"ReadAction","target":["https:\/\/notejido.com\/de\/contacto\/"]}]},{"@type":"ImageObject","inLanguage":"de","@id":"https:\/\/notejido.com\/de\/contacto\/#primaryimage","url":"https:\/\/notejido.com\/wp-content\/uploads\/2019\/11\/bg-contact.jpg","contentUrl":"https:\/\/notejido.com\/wp-content\/uploads\/2019\/11\/bg-contact.jpg","width":1600,"height":1000,"caption":"Contact us"},{"@type":"BreadcrumbList","@id":"https:\/\/notejido.com\/de\/contacto\/#breadcrumb","itemListElement":[{"@type":"ListItem","position":1,"name":"Portada","item":"https:\/\/notejido.com\/de\/"},{"@type":"ListItem","position":2,"name":"Kontakt"}]},{"@type":"WebSite","@id":"https:\/\/notejido.com\/de\/#website","url":"https:\/\/notejido.com\/de\/","name":"Disenos NT","description":"Bolsas reutilizables, art\u00edculos higi\u00e9nicos-sanitarios, manteles desechables  y otro packaging promocional en material flexible","potentialAction":[{"@type":"SearchAction","target":{"@type":"EntryPoint","urlTemplate":"https:\/\/notejido.com\/de\/?s={search_term_string}"},"query-input":{"@type":"PropertyValueSpecification","valueRequired":true,"valueName":"search_term_string"}}],"inLanguage":"de"}]}},"_links":{"self":[{"href":"https:\/\/notejido.com\/de\/wp-json\/wp\/v2\/pages\/4672","targetHints":{"allow":["GET"]}}],"collection":[{"href":"https:\/\/notejido.com\/de\/wp-json\/wp\/v2\/pages"}],"about":[{"href":"https:\/\/notejido.com\/de\/wp-json\/wp\/v2\/types\/page"}],"author":[{"embeddable":true,"href":"https:\/\/notejido.com\/de\/wp-json\/wp\/v2\/users\/2"}],"replies":[{"embeddable":true,"href":"https:\/\/notejido.com\/de\/wp-json\/wp\/v2\/comments?post=4672"}],"version-history":[{"count":5,"href":"https:\/\/notejido.com\/de\/wp-json\/wp\/v2\/pages\/4672\/revisions"}],"predecessor-version":[{"id":6982,"href":"https:\/\/notejido.com\/de\/wp-json\/wp\/v2\/pages\/4672\/revisions\/6982"}],"wp:featuredmedia":[{"embeddable":true,"href":"https:\/\/notejido.com\/de\/wp-json\/wp\/v2\/media\/2748"}],"wp:attachment":[{"href":"https:\/\/notejido.com\/de\/wp-json\/wp\/v2\/media?parent=4672"}],"curies":[{"name":"wp","href":"https:\/\/api.w.org\/{rel}","templated":true}]}}