{"id":4700,"date":"2019-12-02T10:42:43","date_gmt":"2019-12-02T10:42:43","guid":{"rendered":"https:\/\/notejido.com\/politica-de-cookies\/"},"modified":"2021-11-22T16:40:32","modified_gmt":"2021-11-22T16:40:32","slug":"cookies","status":"publish","type":"page","link":"https:\/\/notejido.com\/de\/cookies\/","title":{"rendered":"Cookie-Richtlinie"},"content":{"rendered":"\n<p>Dise\u00f1o y Aplicaciones del No Tejido, S.L. (im Folgenden DISE\u00d1OS NT) informiert durch diese Cookie-Richtlinie \u00fcber die Verwendung von Datenspeicher- und -abrufger\u00e4ten auf Benutzerterminals.<\/p>\n\n\n\n<h2 class=\"wp-block-heading\">Was sind Kekse?<\/h2>\n\n\n\n<p>Ein Cookie ist eine Datei, die beim Zugriff auf bestimmte Webseiten auf Ihren Computer \/ Ihr Smartphone \/ Tablet heruntergeladen wird. Cookies erm\u00f6glichen es einer Webseite unter anderem, Informationen \u00fcber die Surfgewohnheiten eines Benutzers oder seiner Ger\u00e4te zu speichern und abzurufen, und k\u00f6nnen je nach den darin enthaltenen Informationen und der Art und Weise, wie sie ihre Ger\u00e4te verwenden, verwendet werden, um den Benutzer wiederzuerkennen.<\/p>\n\n\n\n<h2 class=\"wp-block-heading\">Wof\u00fcr verwendet NT Designs Cookies?<\/h2>\n\n\n\n<p>Gem\u00e4\u00df Artikel 22 des Gesetzes \u00fcber Dienste der Informationsgesellschaft und des elektronischen Gesch\u00e4ftsverkehrs sowie in Erw\u00e4gungsgrund (30) der Datenschutz-Grundverordnung verwendet diese Website Cookies oder andere Informationsspeicher- und -abrufger\u00e4te, um die Interaktionen der Benutzer mit den Dienstleistungen, die auf der Website angeboten werden.<\/p>\n\n\n\n<p>Cookies erm\u00f6glichen die Wiedererkennung des Browsers eines Benutzers sowie des Ger\u00e4tetyps, von dem aus auf die Website zugegriffen wird, und werden verwendet, um den n\u00e4chsten Besuch des Benutzers zu erleichtern und die Website n\u00fctzlicher zu machen.<\/p>\n\n\n\n<p>DISE\u00d1OS NT verwendet Cookies f\u00fcr folgende Zwecke:<\/p>\n\n\n\n<p>1 &#8211; Stellen Sie sicher, dass die Website ordnungsgem\u00e4\u00df funktioniert.<br> 2 &#8211; Speichern Sie Ihre Einstellungen, wie die von Ihnen gew\u00e4hlte Sprache, um die Benutzerf\u00fchrung zu optimieren.<br> 3 &#8211; Sammeln Sie anonyme statistische Informationen, um die Navigation zu optimieren und die Website zu verbessern.<\/p>\n\n\n\n<h2 class=\"wp-block-heading\">Welche Art von Cookies verwendet diese Website?<\/h2>\n\n\n\n<p><strong>Analyse-Cookies<\/strong><\/p>\n\n\n\n<p>Sie erm\u00f6glichen die \u00dcberwachung und Analyse des Nutzerverhaltens auf unserer Seite. Die gesammelten Informationen werden verwendet, um die Benutzeraktivit\u00e4t im Web zu messen und Benutzernavigationsprofile zu erstellen, um das Web sowie die angebotenen Produkte und Dienstleistungen zu verbessern.<\/p>\n\n\n\n<p><strong>Marketing-Cookies<\/strong><\/p>\n\n\n\n<p>Sie sind diejenigen, die eine effektive Verwaltung der im Web enthaltenen Werbefl\u00e4chen basierend auf Kriterien wie dem Inhalt oder der H\u00e4ufigkeit der Anzeigenschaltung erm\u00f6glichen.<\/p>\n\n\n\n<p>Zur Nutzung dieser Website ist die Installation von Cookies erforderlich. Andernfalls k\u00f6nnen wir viele der von uns angebotenen Dienste nicht anbieten. Der Benutzer darf sie nicht akzeptieren oder seinen Browser so konfigurieren, dass er sie blockiert und gegebenenfalls beseitigt.<\/p>\n\n\n\n<h2 class=\"wp-block-heading\">Wer verwendet Cookies?<\/h2>\n\n\n\n<p>Die auf dieser Website verwendeten Cookies werden von der f\u00fcr diese Website verantwortlichen juristischen Person und von folgenden Diensten bzw. Dienstleistern verwendet:<br>   \u2022 Google Analytics: Dies ist ein Webanalysedienst, der Analyse-Cookies verwendet. Datenschutzerkl\u00e4rung von Google Analytics.<\/p>\n\n\n\n<h2 class=\"wp-block-heading\">Wie kann ich Cookies deaktivieren oder entfernen?<\/h2>\n\n\n\n<p>Der Benutzer kann jederzeit w\u00e4hlen, welche Cookies er auf dieser Website verwenden m\u00f6chte. <\/p>\n\n\n\n<h2 class=\"wp-block-heading\">Was passiert, wenn Cookies deaktiviert sind?<\/h2>\n\n\n\n<p>Einige Funktionen der Dienste werden deaktiviert.<\/p>\n","protected":false},"excerpt":{"rendered":"<p>Dise\u00f1o y Aplicaciones del No Tejido, S.L. (im Folgenden DISE\u00d1OS NT) informiert durch diese Cookie-Richtlinie \u00fcber die Verwendung von Datenspeicher- [&hellip;]<\/p>\n","protected":false},"author":2,"featured_media":1684,"parent":0,"menu_order":51,"comment_status":"closed","ping_status":"closed","template":"","meta":{"_acf_changed":false,"footnotes":""},"class_list":["post-4700","page","type-page","status-publish","has-post-thumbnail","hentry"],"acf":[],"yoast_head":"<!-- This site is optimized with the Yoast SEO plugin v27.2 - https:\/\/yoast.com\/product\/yoast-seo-wordpress\/ -->\n<title>Cookie-Richtlinie - Disenos NT<\/title>\n<meta name=\"robots\" content=\"index, follow, max-snippet:-1, max-image-preview:large, max-video-preview:-1\" \/>\n<link rel=\"canonical\" href=\"https:\/\/notejido.com\/de\/cookies\/\" \/>\n<meta property=\"og:locale\" content=\"de_DE\" \/>\n<meta property=\"og:type\" content=\"article\" \/>\n<meta property=\"og:title\" content=\"Cookie-Richtlinie - Disenos NT\" \/>\n<meta property=\"og:description\" content=\"Dise\u00f1o y Aplicaciones del No Tejido, S.L. (im Folgenden DISE\u00d1OS NT) informiert durch diese Cookie-Richtlinie \u00fcber die Verwendung von Datenspeicher- [&hellip;]\" \/>\n<meta property=\"og:url\" content=\"https:\/\/notejido.com\/de\/cookies\/\" \/>\n<meta property=\"og:site_name\" content=\"Disenos NT\" \/>\n<meta property=\"article:modified_time\" content=\"2021-11-22T16:40:32+00:00\" \/>\n<meta property=\"og:image\" content=\"https:\/\/notejido.com\/wp-content\/uploads\/2019\/10\/bg-us.jpg\" \/>\n\t<meta property=\"og:image:width\" content=\"1600\" \/>\n\t<meta property=\"og:image:height\" content=\"1000\" \/>\n\t<meta property=\"og:image:type\" content=\"image\/jpeg\" \/>\n<meta name=\"twitter:card\" content=\"summary_large_image\" \/>\n<meta name=\"twitter:label1\" content=\"Gesch\u00e4tzte Lesezeit\" \/>\n\t<meta name=\"twitter:data1\" content=\"2\u00a0Minuten\" \/>\n<script type=\"application\/ld+json\" class=\"yoast-schema-graph\">{\"@context\":\"https:\/\/schema.org\",\"@graph\":[{\"@type\":\"WebPage\",\"@id\":\"https:\/\/notejido.com\/de\/cookies\/\",\"url\":\"https:\/\/notejido.com\/de\/cookies\/\",\"name\":\"Cookie-Richtlinie - Disenos NT\",\"isPartOf\":{\"@id\":\"https:\/\/notejido.com\/de\/#website\"},\"primaryImageOfPage\":{\"@id\":\"https:\/\/notejido.com\/de\/cookies\/#primaryimage\"},\"image\":{\"@id\":\"https:\/\/notejido.com\/de\/cookies\/#primaryimage\"},\"thumbnailUrl\":\"https:\/\/notejido.com\/wp-content\/uploads\/2019\/10\/bg-us.jpg\",\"datePublished\":\"2019-12-02T10:42:43+00:00\",\"dateModified\":\"2021-11-22T16:40:32+00:00\",\"breadcrumb\":{\"@id\":\"https:\/\/notejido.com\/de\/cookies\/#breadcrumb\"},\"inLanguage\":\"de\",\"potentialAction\":[{\"@type\":\"ReadAction\",\"target\":[\"https:\/\/notejido.com\/de\/cookies\/\"]}]},{\"@type\":\"ImageObject\",\"inLanguage\":\"de\",\"@id\":\"https:\/\/notejido.com\/de\/cookies\/#primaryimage\",\"url\":\"https:\/\/notejido.com\/wp-content\/uploads\/2019\/10\/bg-us.jpg\",\"contentUrl\":\"https:\/\/notejido.com\/wp-content\/uploads\/2019\/10\/bg-us.jpg\",\"width\":1600,\"height\":1000,\"caption\":\"Edificio Dise\u00f1os NT\"},{\"@type\":\"BreadcrumbList\",\"@id\":\"https:\/\/notejido.com\/de\/cookies\/#breadcrumb\",\"itemListElement\":[{\"@type\":\"ListItem\",\"position\":1,\"name\":\"Portada\",\"item\":\"https:\/\/notejido.com\/de\/\"},{\"@type\":\"ListItem\",\"position\":2,\"name\":\"Cookie-Richtlinie\"}]},{\"@type\":\"WebSite\",\"@id\":\"https:\/\/notejido.com\/de\/#website\",\"url\":\"https:\/\/notejido.com\/de\/\",\"name\":\"Disenos NT\",\"description\":\"Bolsas reutilizables, art\u00edculos higi\u00e9nicos-sanitarios, manteles desechables  y otro packaging promocional en material flexible\",\"potentialAction\":[{\"@type\":\"SearchAction\",\"target\":{\"@type\":\"EntryPoint\",\"urlTemplate\":\"https:\/\/notejido.com\/de\/?s={search_term_string}\"},\"query-input\":{\"@type\":\"PropertyValueSpecification\",\"valueRequired\":true,\"valueName\":\"search_term_string\"}}],\"inLanguage\":\"de\"}]}<\/script>\n<!-- \/ Yoast SEO plugin. -->","yoast_head_json":{"title":"Cookie-Richtlinie - Disenos NT","robots":{"index":"index","follow":"follow","max-snippet":"max-snippet:-1","max-image-preview":"max-image-preview:large","max-video-preview":"max-video-preview:-1"},"canonical":"https:\/\/notejido.com\/de\/cookies\/","og_locale":"de_DE","og_type":"article","og_title":"Cookie-Richtlinie - Disenos NT","og_description":"Dise\u00f1o y Aplicaciones del No Tejido, S.L. (im Folgenden DISE\u00d1OS NT) informiert durch diese Cookie-Richtlinie \u00fcber die Verwendung von Datenspeicher- [&hellip;]","og_url":"https:\/\/notejido.com\/de\/cookies\/","og_site_name":"Disenos NT","article_modified_time":"2021-11-22T16:40:32+00:00","og_image":[{"width":1600,"height":1000,"url":"https:\/\/notejido.com\/wp-content\/uploads\/2019\/10\/bg-us.jpg","type":"image\/jpeg"}],"twitter_card":"summary_large_image","twitter_misc":{"Gesch\u00e4tzte Lesezeit":"2\u00a0Minuten"},"schema":{"@context":"https:\/\/schema.org","@graph":[{"@type":"WebPage","@id":"https:\/\/notejido.com\/de\/cookies\/","url":"https:\/\/notejido.com\/de\/cookies\/","name":"Cookie-Richtlinie - Disenos NT","isPartOf":{"@id":"https:\/\/notejido.com\/de\/#website"},"primaryImageOfPage":{"@id":"https:\/\/notejido.com\/de\/cookies\/#primaryimage"},"image":{"@id":"https:\/\/notejido.com\/de\/cookies\/#primaryimage"},"thumbnailUrl":"https:\/\/notejido.com\/wp-content\/uploads\/2019\/10\/bg-us.jpg","datePublished":"2019-12-02T10:42:43+00:00","dateModified":"2021-11-22T16:40:32+00:00","breadcrumb":{"@id":"https:\/\/notejido.com\/de\/cookies\/#breadcrumb"},"inLanguage":"de","potentialAction":[{"@type":"ReadAction","target":["https:\/\/notejido.com\/de\/cookies\/"]}]},{"@type":"ImageObject","inLanguage":"de","@id":"https:\/\/notejido.com\/de\/cookies\/#primaryimage","url":"https:\/\/notejido.com\/wp-content\/uploads\/2019\/10\/bg-us.jpg","contentUrl":"https:\/\/notejido.com\/wp-content\/uploads\/2019\/10\/bg-us.jpg","width":1600,"height":1000,"caption":"Edificio Dise\u00f1os NT"},{"@type":"BreadcrumbList","@id":"https:\/\/notejido.com\/de\/cookies\/#breadcrumb","itemListElement":[{"@type":"ListItem","position":1,"name":"Portada","item":"https:\/\/notejido.com\/de\/"},{"@type":"ListItem","position":2,"name":"Cookie-Richtlinie"}]},{"@type":"WebSite","@id":"https:\/\/notejido.com\/de\/#website","url":"https:\/\/notejido.com\/de\/","name":"Disenos NT","description":"Bolsas reutilizables, art\u00edculos higi\u00e9nicos-sanitarios, manteles desechables  y otro packaging promocional en material flexible","potentialAction":[{"@type":"SearchAction","target":{"@type":"EntryPoint","urlTemplate":"https:\/\/notejido.com\/de\/?s={search_term_string}"},"query-input":{"@type":"PropertyValueSpecification","valueRequired":true,"valueName":"search_term_string"}}],"inLanguage":"de"}]}},"_links":{"self":[{"href":"https:\/\/notejido.com\/de\/wp-json\/wp\/v2\/pages\/4700","targetHints":{"allow":["GET"]}}],"collection":[{"href":"https:\/\/notejido.com\/de\/wp-json\/wp\/v2\/pages"}],"about":[{"href":"https:\/\/notejido.com\/de\/wp-json\/wp\/v2\/types\/page"}],"author":[{"embeddable":true,"href":"https:\/\/notejido.com\/de\/wp-json\/wp\/v2\/users\/2"}],"replies":[{"embeddable":true,"href":"https:\/\/notejido.com\/de\/wp-json\/wp\/v2\/comments?post=4700"}],"version-history":[{"count":2,"href":"https:\/\/notejido.com\/de\/wp-json\/wp\/v2\/pages\/4700\/revisions"}],"predecessor-version":[{"id":6261,"href":"https:\/\/notejido.com\/de\/wp-json\/wp\/v2\/pages\/4700\/revisions\/6261"}],"wp:featuredmedia":[{"embeddable":true,"href":"https:\/\/notejido.com\/de\/wp-json\/wp\/v2\/media\/1684"}],"wp:attachment":[{"href":"https:\/\/notejido.com\/de\/wp-json\/wp\/v2\/media?parent=4700"}],"curies":[{"name":"wp","href":"https:\/\/api.w.org\/{rel}","templated":true}]}}