{"id":4720,"date":"2019-12-02T10:55:15","date_gmt":"2019-12-02T10:55:15","guid":{"rendered":"https:\/\/notejido.com\/condiciones-generales-de-venta\/"},"modified":"2022-04-07T07:40:42","modified_gmt":"2022-04-07T07:40:42","slug":"verkaufsbedingungen","status":"publish","type":"page","link":"https:\/\/notejido.com\/de\/verkaufsbedingungen\/","title":{"rendered":"RECHTLICHE WARNUNG"},"content":{"rendered":"\n<h2 class=\"wp-block-heading\">1.- Rechtliche Hinweise und Akzeptanz<\/h2>\n\n\n\n<p>Die Website www.notejido.com (die \u201eWebsite\u201c) ist Eigentum von:<br>\u2022 DESIGN UND ANWENDUNGEN VON NOTEJIDO, S.L.<br>Eingetragen im Handelsregister von Ja\u00e9n, Blatt 65, Band 21, Eintrag 1, Seite J-728.<br>NIF: B23258635<br>Eingetragener Sitz: Pol. Ind. El Chaparral s\/n, 23692 Santa Ana, Alcal\u00e1 la Real (Ja\u00e9n), Spanien.<br>E-Mail: info@dntbags.com<br>Die in diesem rechtlichen Hinweis enthaltenen Bedingungen regeln die Nutzung der Website, die DISE\u00d1O Y APLICACIONES DEL NOTEJIDO, S.L. (im Folgenden &#8222;DISE\u00d1OS NT&#8220;) den Benutzern zur Verf\u00fcgung stellt, die darauf zugreifen. (im Folgenden der \u201eBenutzer\u201c oder die \u201eBenutzer\u201c).<\/p>\n\n\n\n<p>Die Nutzung des Webs durch die Benutzer setzt die Annahme aller in diesem rechtlichen Hinweis enthaltenen Bedingungen voraus.<\/p>\n\n\n\n<p>Der Kauf der auf der Website angebotenen Produkte unterliegt den Einkaufsbedingungen, die gegebenenfalls diese Allgemeinen Gesch\u00e4ftsbedingungen erg\u00e4nzen und denen der Benutzer zustimmen muss.<\/p>\n\n\n\n<p>Der Zugriff auf und\/oder die Nutzung dieser Dienste und Inhalte dr\u00fcckt die vollst\u00e4ndige und bedingungslose Annahme der besonderen Bedingungen in der von DISE\u00d1OS NT zum Zeitpunkt des Zugriffs und\/oder der Nutzung ver\u00f6ffentlichten Version aus.<\/p>\n\n\n\n<p>Es ist m\u00f6glich, dass w\u00e4hrend der Bereitstellung der im Web enthaltenen Dienste der Name der Domain, unter der diese Dienste bereitgestellt werden, ge\u00e4ndert werden kann. Daher sind sich die Benutzer dieser M\u00f6glichkeit bewusst und akzeptieren sie, wobei in diesem Fall die von den Benutzern und DISE\u00d1OS NT akzeptierten Verpflichtungen gem\u00e4\u00df den Bestimmungen dieses Dokuments vollst\u00e4ndig in Kraft bleiben.<\/p>\n\n\n\n<h2 class=\"wp-block-heading\">2.- Nutzungsbedingungen f\u00fcr Inhalte und Dienste<\/h2>\n\n\n\n<p>Benutzer d\u00fcrfen auf die Dienste und Inhalte nur \u00fcber die Mittel oder Verfahren zugreifen, die ihnen zu diesem Zweck im Internet zur Verf\u00fcgung gestellt wurden oder f\u00fcr diesen Zweck im Internet allgemein verwendet werden, sofern sie nicht die Verletzung von Rechten des geistigen Eigentums implizieren oder gewerblich oder implizieren irgendeine Art von Besch\u00e4digung des Webs und\/oder seiner angebotenen Informationen oder Dienste.<\/p>\n\n\n\n<p>Der Nutzer verpflichtet sich, die Inhalte und Dienste gewissenhaft, legal, korrekt und rechtm\u00e4\u00dfig zu nutzen und verpflichtet sich insbesondere beispielhaft und nicht ersch\u00f6pfend, Folgendes zu unterlassen:<\/p>\n\n\n\n<p>\u2022 die Inhalte und Dienste in einer Weise und zu Zwecken zu nutzen, die gegen das Gesetz, die guten Sitten und die allgemein anerkannten guten Sitten oder die \u00f6ffentliche Ordnung versto\u00dfen;<br>\u2022 Rechte an geistigem oder gewerblichem Eigentum von DISE\u00d1OS NT oder Dritten verletzen;<br>\u2022 die Dienste und Inhalte in einer Weise nutzen, die den Betrieb der Website beeintr\u00e4chtigen oder \u00fcberlasten k\u00f6nnte;<br>\u2022 betr\u00fcgerische Transaktionen durchf\u00fchren oder illegales oder betr\u00fcgerisches Verhalten jeglicher Art beg\u00fcnstigen; und<br>\u2022 die Inhalte und Dienste und insbesondere die \u00fcber das Web erhaltenen Informationen jeglicher Art f\u00fcr Werbezwecke jeglicher Art zu verwenden und insbesondere Werbung, Mitteilungen f\u00fcr Direktverkaufszwecke oder f\u00fcr andere Zwecke zu versenden. unerw\u00fcnschte Nachrichten, die individualisiert oder an eine Vielzahl von Personen gerichtet sind, sowie die Vermarktung oder Offenlegung dieser Informationen in irgendeiner Weise ohne die Genehmigung des Eigent\u00fcmers und\/oder von DISE\u00d1OS NT.<\/p>\n\n\n\n<p>Die Benutzer haften f\u00fcr Sch\u00e4den jeglicher Art, die DISE\u00d1OS NT direkt oder indirekt als Folge der Verletzung einer der Verpflichtungen entstehen, die sich aus diesem rechtlichen Hinweis oder dem Gesetz in Bezug auf die Nutzung des Webs ergeben.<\/p>\n\n\n\n<h2 class=\"wp-block-heading\">3.- Links zu Dritten (ausgehende Links)<\/h2>\n\n\n\n<p>Die Website kann Links enthalten, die Benutzern den Zugriff auf Websites Dritter (\u201eWebsites Dritter\u201c) erm\u00f6glichen, was nicht das Bestehen von Vereinbarungen mit den Verantwortlichen oder deren Eigent\u00fcmern voraussetzen sollte. In diesen F\u00e4llen ist DISE\u00d1OS NT nicht f\u00fcr den Inhalt dieser Websites verantwortlich. Jegliche Nutzung eines Links oder Zugriff auf eine nicht propriet\u00e4re Website erfolgt auf Wunsch und ausschlie\u00dfliches Risiko des Benutzers.<br>F\u00fcr den Fall, dass der Benutzer der Ansicht ist, dass es eine Website eines Drittanbieters mit illegalen oder unangemessenen Inhalten gibt, kann er DISE\u00d1OS NT unter der im ersten Abschnitt dieses rechtlichen Hinweises angegebenen Kontaktadresse benachrichtigen und dabei Folgendes angeben:<br>\u2022 des Anrufers: Name, Adresse, Telefonnummer und E-Mail-Adresse;<br>\u2022 eine Beschreibung der Tatsachen, die den rechtswidrigen oder unangemessenen Charakter der verlinkten Seite offenbaren; und<br>\u2022 eine ausdr\u00fcckliche Erkl\u00e4rung, dass die in der Mitteilung enthaltenen Informationen korrekt sind.<\/p>\n\n\n\n<h2 class=\"wp-block-heading\">4.- Links zum Web (eingehende Links)<\/h2>\n\n\n\n<p>Benutzer, die von ihren eigenen Websites Links ins Internet einf\u00fcgen m\u00f6chten, d\u00fcrfen dies tun, sofern die Website, die den Link herstellt, gesetzeskonform ist und auf keinen Fall auf Inhalte verlinkt, die:<br>\u2022 illegal, sch\u00e4dlich oder gegen die guten Sitten und Sitten versto\u00dfen (pornografisch, gewaltt\u00e4tig, rassistisch etc.);<br>\u2022 beim Benutzer die falsche Vorstellung hervorrufen oder hervorrufen k\u00f6nnen, dass DISE\u00d1OS NT die legalen oder illegalen Ideen, Manifestationen oder \u00c4u\u00dferungen des Absenders abonniert, unterst\u00fctzt, befolgt oder in irgendeiner Weise unterst\u00fctzt;<br>\u2022 f\u00fcr die T\u00e4tigkeit von DISE\u00d1OS NT in Bezug auf Ort, Inhalt und Thema der Website des Absenders unangemessen oder nicht relevant sind.<br>DISE\u00d1OS NT kann jederzeit und ohne Angabe von Gr\u00fcnden verlangen, dass ein Link zur Website entfernt wird, woraufhin die f\u00fcr die verlinkende Website verantwortliche Person diesen unverz\u00fcglich entfernen muss.<\/p>\n\n\n\n<h2 class=\"wp-block-heading\">5- Geistiges und gewerbliches Eigentum<\/h2>\n\n\n\n<p>Die Gesamtheit der Inhalte des Webs, darunter beispielsweise Texte, Fotografien, Grafiken, Bilder, Symbole, Technologie, Software, Links, Domains, Marken und andere Inhalte, einschlie\u00dflich audiovisueller oder Toninhalte sowie ihr Design, Grafiken und Quellcodes sind das ausschlie\u00dfliche Eigentum von DISE\u00d1OS NT oder von Dritten, deren Rechte gegebenenfalls von DISE\u00d1OS NT anerkannt werden, und unterliegen geistigen und gewerblichen Eigentumsrechten, die durch nationale und internationale Gesetze gesch\u00fctzt sind.<\/p>\n\n\n\n<p>Jegliche Verwendung von Elementen, die dem gewerblichen und geistigen Eigentum unterliegen, f\u00fcr jeglichen Zweck, insbesondere f\u00fcr kommerzielle Zwecke, sowie deren Verbreitung, \u00f6ffentliche Kommunikation, Modifikation, \u00c4nderung, Umwandlung oder Dekompilierung, es sei denn, es wurde ausdr\u00fccklich schriftlich von DESIGNS NT oder autorisiert der Eigent\u00fcmer davon.<\/p>\n\n\n\n<h2 class=\"wp-block-heading\">6.- Garantie- und Haftungsausschluss<\/h2>\n\n\n\n<p>NT DESIGNS ist nicht verantwortlich:<\/p>\n\n\n\n<p>(i) im Falle von Dienstunterbrechungen, Verz\u00f6gerungen, Fehlern, Fehlfunktionen und im Allgemeinen anderen Unannehmlichkeiten, die ihren Ursprung in Ursachen haben, die au\u00dferhalb der Kontrolle von DISE\u00d1OS NT liegen, und\/oder auf Vorsatz oder Verschulden der Benutzer zur\u00fcckzuf\u00fchren sind und\/oder entstehen aus Gr\u00fcnden h\u00f6herer Gewalt. Unbeschadet der Bestimmungen in Artikel 1105 des B\u00fcrgerlichen Gesetzbuchs umfasst der Begriff der h\u00f6heren Gewalt zus\u00e4tzlich und f\u00fcr die Zwecke dieser Allgemeinen Gesch\u00e4ftsbedingungen alle Ereignisse, die au\u00dferhalb der Kontrolle von DISE\u00d1OS NT eintreten, wie: Dritte, Betreiber oder Dienstleistungsunternehmen, Regierungshandlungen, mangelnder Zugang zu Netzen Dritter, Handlungen oder Unterlassungen \u00f6ffentlicher Beh\u00f6rden, solche, die als Folge von Naturereignissen, Stromausf\u00e4llen, Streiks, St\u00f6rungen der \u00f6ffentlichen Ordnung, Hackerangriffen entstehen , Cracker oder andere Dritte an der Sicherheit oder Integrit\u00e4t des Computersystems oder andere, die sich aus einem Ereignis ergeben, das durch einen vorhersehbaren technologischen Fortschritt verursacht wird. Unabh\u00e4ngig von der Ursache \u00fcbernimmt DISE\u00d1OS NT keine Verantwortung f\u00fcr direkte oder indirekte Sch\u00e4den, Folgesch\u00e4den und\/oder entgangenen Gewinn.<\/p>\n\n\n\n<p>(ii) aufgrund der Nutzung des Inhalts der Website durch die Benutzer sowie aller anderen auf der Website enthaltenen Materialien, die eine Verletzung jeglicher Art von nationalen oder internationalen Standards f\u00fcr geistige oder gewerbliche Eigentumsrechte beinhalten k\u00f6nnen sonstige Rechte Dritter;<\/p>\n\n\n\n<p>(iii) m\u00f6gliche Sicherheitsfehler, die aufgrund der Verwendung nicht aktualisierter Browserversionen auftreten k\u00f6nnen, oder der Folgen, die sich aus der Fehlfunktion des Browsers ergeben k\u00f6nnen, sei es aufgrund einer unzureichenden Konfiguration, des Vorhandenseins von Computerviren oder einer anderen dar\u00fcber hinausgehenden Ursache DISE\u00d1OS NT.<\/p>\n\n\n\n<h2 class=\"wp-block-heading\">7.- Verwendung von Passw\u00f6rtern<\/h2>\n\n\n\n<p>F\u00fcr den Zugriff auf das Internet ist keine Benutzerregistrierung erforderlich, um jedoch die \u00fcber das Internet angebotenen Produkte zu kaufen, muss sich der Benutzer im Webkonto (im Folgenden \u201eDISE\u00d1OS-Konto NT\u201c) registrieren.<\/p>\n\n\n\n<p>Der Zugriff auf die \u00fcber das Web bereitgestellten Dienste kann mit oder ohne vorherige Registrierung der Benutzer im Webkonto (im Folgenden \u201eDISE\u00d1OS NT-Konto\u201c) erfolgen.<\/p>\n\n\n\n<p>Um sich als Inhaber zu registrieren, wird die Wahl eines Passworts verlangt, das den Zugriff auf das DISE\u00d1OS NT-Konto erm\u00f6glicht. Hinsichtlich der Anfrage nach personenbezogenen Daten durch DISE\u00d1OS NT werden die Bestimmungen der Datenschutzrichtlinie befolgt.<\/p>\n\n\n\n<p>Die Passw\u00f6rter sind pers\u00f6nlich und nicht \u00fcbertragbar und d\u00fcrfen nicht, auch nicht vor\u00fcbergehend, an Dritte weitergegeben werden. Insoweit verpflichtet sich der Nutzer, das vergebene Passwort gewissenhaft zu verwenden und geheim zu halten.<\/p>\n\n\n\n<p>F\u00fcr den Fall, dass Benutzer den Verlust, Diebstahl oder die Verwendung ihres Passworts durch Dritte kennen oder vermuten, m\u00fcssen sie DISE\u00d1OS NT so schnell wie m\u00f6glich \u00fcber diesen Umstand informieren.<\/p>\n\n\n\n<p>Jeder Benutzer ist f\u00fcr die Kosten und Sch\u00e4den verantwortlich, die durch die Nutzung der Dienste durch Dritte verursacht werden, die ihr Passwort f\u00fcr diesen Zweck aufgrund von nicht sorgf\u00e4ltiger Verwendung oder Verlust desselben durch den Benutzer verwenden.<\/p>\n\n\n\n<h2 class=\"wp-block-heading\">8.- Allgemeines<\/h2>\n\n\n\n<p>Jede Klausel oder Bestimmung dieses rechtlichen Hinweises, die illegal, ung\u00fcltig oder nicht durchsetzbar ist oder wird, wird davon ausgeschlossen und gilt im Umfang dieser Rechtswidrigkeit, Ung\u00fcltigkeit oder Nichtdurchsetzbarkeit als nicht anwendbar und wird durch eine andere ersetzt, die so \u00e4hnlich wie m\u00f6glich ist die oben genannten, aber es wird die \u00fcbrigen Bestimmungen nicht beeintr\u00e4chtigen oder beeintr\u00e4chtigen, die von illegalen, ung\u00fcltigen oder nicht durchsetzbaren Klauseln oder Bestimmungen ausgeschlossen werden und in vollem Umfang in Kraft bleiben.<\/p>\n\n\n\n<p>DISE\u00d1OS NT schlie\u00dft jede Art von Garantie aus und ist daher frei von jeglicher Haftung, die sich aus den oben genannten Punkten sowie aus anderen Aspekten ergibt, die in diesem Dokument m\u00f6glicherweise nicht ber\u00fccksichtigt werden.<\/p>\n\n\n\n<h2 class=\"wp-block-heading\">9.- Anwendbares Recht<\/h2>\n\n\n\n<p>Die Beziehung zwischen DISE\u00d1OS NT und dem Benutzer unterliegt den geltenden spanischen Vorschriften.<\/p>\n","protected":false},"excerpt":{"rendered":"<p>1.- Rechtliche Hinweise und Akzeptanz Die Website www.notejido.com (die \u201eWebsite\u201c) ist Eigentum von:\u2022 DESIGN UND ANWENDUNGEN VON NOTEJIDO, S.L.Eingetragen im [&hellip;]<\/p>\n","protected":false},"author":2,"featured_media":1684,"parent":0,"menu_order":45,"comment_status":"closed","ping_status":"closed","template":"","meta":{"_acf_changed":false,"footnotes":""},"class_list":["post-4720","page","type-page","status-publish","has-post-thumbnail","hentry"],"acf":[],"yoast_head":"<!-- This site is optimized with the Yoast SEO plugin v27.2 - https:\/\/yoast.com\/product\/yoast-seo-wordpress\/ -->\n<title>RECHTLICHE WARNUNG - Disenos NT<\/title>\n<meta name=\"robots\" content=\"index, follow, max-snippet:-1, max-image-preview:large, max-video-preview:-1\" \/>\n<link rel=\"canonical\" href=\"https:\/\/notejido.com\/de\/verkaufsbedingungen\/\" \/>\n<meta property=\"og:locale\" content=\"de_DE\" \/>\n<meta property=\"og:type\" content=\"article\" \/>\n<meta property=\"og:title\" content=\"RECHTLICHE WARNUNG - Disenos NT\" \/>\n<meta property=\"og:description\" content=\"1.- Rechtliche Hinweise und Akzeptanz Die Website www.notejido.com (die \u201eWebsite\u201c) ist Eigentum von:\u2022 DESIGN UND ANWENDUNGEN VON NOTEJIDO, S.L.Eingetragen im [&hellip;]\" \/>\n<meta property=\"og:url\" content=\"https:\/\/notejido.com\/de\/verkaufsbedingungen\/\" \/>\n<meta property=\"og:site_name\" content=\"Disenos NT\" \/>\n<meta property=\"article:modified_time\" content=\"2022-04-07T07:40:42+00:00\" \/>\n<meta property=\"og:image\" content=\"https:\/\/notejido.com\/wp-content\/uploads\/2019\/10\/bg-us.jpg\" \/>\n\t<meta property=\"og:image:width\" content=\"1600\" \/>\n\t<meta property=\"og:image:height\" content=\"1000\" \/>\n\t<meta property=\"og:image:type\" content=\"image\/jpeg\" \/>\n<meta name=\"twitter:card\" content=\"summary_large_image\" \/>\n<meta name=\"twitter:label1\" content=\"Gesch\u00e4tzte Lesezeit\" \/>\n\t<meta name=\"twitter:data1\" content=\"7\u00a0Minuten\" \/>\n<script type=\"application\/ld+json\" class=\"yoast-schema-graph\">{\"@context\":\"https:\/\/schema.org\",\"@graph\":[{\"@type\":\"WebPage\",\"@id\":\"https:\/\/notejido.com\/de\/verkaufsbedingungen\/\",\"url\":\"https:\/\/notejido.com\/de\/verkaufsbedingungen\/\",\"name\":\"RECHTLICHE WARNUNG - Disenos NT\",\"isPartOf\":{\"@id\":\"https:\/\/notejido.com\/de\/#website\"},\"primaryImageOfPage\":{\"@id\":\"https:\/\/notejido.com\/de\/verkaufsbedingungen\/#primaryimage\"},\"image\":{\"@id\":\"https:\/\/notejido.com\/de\/verkaufsbedingungen\/#primaryimage\"},\"thumbnailUrl\":\"https:\/\/notejido.com\/wp-content\/uploads\/2019\/10\/bg-us.jpg\",\"datePublished\":\"2019-12-02T10:55:15+00:00\",\"dateModified\":\"2022-04-07T07:40:42+00:00\",\"breadcrumb\":{\"@id\":\"https:\/\/notejido.com\/de\/verkaufsbedingungen\/#breadcrumb\"},\"inLanguage\":\"de\",\"potentialAction\":[{\"@type\":\"ReadAction\",\"target\":[\"https:\/\/notejido.com\/de\/verkaufsbedingungen\/\"]}]},{\"@type\":\"ImageObject\",\"inLanguage\":\"de\",\"@id\":\"https:\/\/notejido.com\/de\/verkaufsbedingungen\/#primaryimage\",\"url\":\"https:\/\/notejido.com\/wp-content\/uploads\/2019\/10\/bg-us.jpg\",\"contentUrl\":\"https:\/\/notejido.com\/wp-content\/uploads\/2019\/10\/bg-us.jpg\",\"width\":1600,\"height\":1000,\"caption\":\"Edificio Dise\u00f1os NT\"},{\"@type\":\"BreadcrumbList\",\"@id\":\"https:\/\/notejido.com\/de\/verkaufsbedingungen\/#breadcrumb\",\"itemListElement\":[{\"@type\":\"ListItem\",\"position\":1,\"name\":\"Portada\",\"item\":\"https:\/\/notejido.com\/de\/\"},{\"@type\":\"ListItem\",\"position\":2,\"name\":\"RECHTLICHE WARNUNG\"}]},{\"@type\":\"WebSite\",\"@id\":\"https:\/\/notejido.com\/de\/#website\",\"url\":\"https:\/\/notejido.com\/de\/\",\"name\":\"Disenos NT\",\"description\":\"Bolsas reutilizables, art\u00edculos higi\u00e9nicos-sanitarios, manteles desechables  y otro packaging promocional en material flexible\",\"potentialAction\":[{\"@type\":\"SearchAction\",\"target\":{\"@type\":\"EntryPoint\",\"urlTemplate\":\"https:\/\/notejido.com\/de\/?s={search_term_string}\"},\"query-input\":{\"@type\":\"PropertyValueSpecification\",\"valueRequired\":true,\"valueName\":\"search_term_string\"}}],\"inLanguage\":\"de\"}]}<\/script>\n<!-- \/ Yoast SEO plugin. -->","yoast_head_json":{"title":"RECHTLICHE WARNUNG - Disenos NT","robots":{"index":"index","follow":"follow","max-snippet":"max-snippet:-1","max-image-preview":"max-image-preview:large","max-video-preview":"max-video-preview:-1"},"canonical":"https:\/\/notejido.com\/de\/verkaufsbedingungen\/","og_locale":"de_DE","og_type":"article","og_title":"RECHTLICHE WARNUNG - Disenos NT","og_description":"1.- Rechtliche Hinweise und Akzeptanz Die Website www.notejido.com (die \u201eWebsite\u201c) ist Eigentum von:\u2022 DESIGN UND ANWENDUNGEN VON NOTEJIDO, S.L.Eingetragen im [&hellip;]","og_url":"https:\/\/notejido.com\/de\/verkaufsbedingungen\/","og_site_name":"Disenos NT","article_modified_time":"2022-04-07T07:40:42+00:00","og_image":[{"width":1600,"height":1000,"url":"https:\/\/notejido.com\/wp-content\/uploads\/2019\/10\/bg-us.jpg","type":"image\/jpeg"}],"twitter_card":"summary_large_image","twitter_misc":{"Gesch\u00e4tzte Lesezeit":"7\u00a0Minuten"},"schema":{"@context":"https:\/\/schema.org","@graph":[{"@type":"WebPage","@id":"https:\/\/notejido.com\/de\/verkaufsbedingungen\/","url":"https:\/\/notejido.com\/de\/verkaufsbedingungen\/","name":"RECHTLICHE WARNUNG - Disenos NT","isPartOf":{"@id":"https:\/\/notejido.com\/de\/#website"},"primaryImageOfPage":{"@id":"https:\/\/notejido.com\/de\/verkaufsbedingungen\/#primaryimage"},"image":{"@id":"https:\/\/notejido.com\/de\/verkaufsbedingungen\/#primaryimage"},"thumbnailUrl":"https:\/\/notejido.com\/wp-content\/uploads\/2019\/10\/bg-us.jpg","datePublished":"2019-12-02T10:55:15+00:00","dateModified":"2022-04-07T07:40:42+00:00","breadcrumb":{"@id":"https:\/\/notejido.com\/de\/verkaufsbedingungen\/#breadcrumb"},"inLanguage":"de","potentialAction":[{"@type":"ReadAction","target":["https:\/\/notejido.com\/de\/verkaufsbedingungen\/"]}]},{"@type":"ImageObject","inLanguage":"de","@id":"https:\/\/notejido.com\/de\/verkaufsbedingungen\/#primaryimage","url":"https:\/\/notejido.com\/wp-content\/uploads\/2019\/10\/bg-us.jpg","contentUrl":"https:\/\/notejido.com\/wp-content\/uploads\/2019\/10\/bg-us.jpg","width":1600,"height":1000,"caption":"Edificio Dise\u00f1os NT"},{"@type":"BreadcrumbList","@id":"https:\/\/notejido.com\/de\/verkaufsbedingungen\/#breadcrumb","itemListElement":[{"@type":"ListItem","position":1,"name":"Portada","item":"https:\/\/notejido.com\/de\/"},{"@type":"ListItem","position":2,"name":"RECHTLICHE WARNUNG"}]},{"@type":"WebSite","@id":"https:\/\/notejido.com\/de\/#website","url":"https:\/\/notejido.com\/de\/","name":"Disenos NT","description":"Bolsas reutilizables, art\u00edculos higi\u00e9nicos-sanitarios, manteles desechables  y otro packaging promocional en material flexible","potentialAction":[{"@type":"SearchAction","target":{"@type":"EntryPoint","urlTemplate":"https:\/\/notejido.com\/de\/?s={search_term_string}"},"query-input":{"@type":"PropertyValueSpecification","valueRequired":true,"valueName":"search_term_string"}}],"inLanguage":"de"}]}},"_links":{"self":[{"href":"https:\/\/notejido.com\/de\/wp-json\/wp\/v2\/pages\/4720","targetHints":{"allow":["GET"]}}],"collection":[{"href":"https:\/\/notejido.com\/de\/wp-json\/wp\/v2\/pages"}],"about":[{"href":"https:\/\/notejido.com\/de\/wp-json\/wp\/v2\/types\/page"}],"author":[{"embeddable":true,"href":"https:\/\/notejido.com\/de\/wp-json\/wp\/v2\/users\/2"}],"replies":[{"embeddable":true,"href":"https:\/\/notejido.com\/de\/wp-json\/wp\/v2\/comments?post=4720"}],"version-history":[{"count":4,"href":"https:\/\/notejido.com\/de\/wp-json\/wp\/v2\/pages\/4720\/revisions"}],"predecessor-version":[{"id":6571,"href":"https:\/\/notejido.com\/de\/wp-json\/wp\/v2\/pages\/4720\/revisions\/6571"}],"wp:featuredmedia":[{"embeddable":true,"href":"https:\/\/notejido.com\/de\/wp-json\/wp\/v2\/media\/1684"}],"wp:attachment":[{"href":"https:\/\/notejido.com\/de\/wp-json\/wp\/v2\/media?parent=4720"}],"curies":[{"name":"wp","href":"https:\/\/api.w.org\/{rel}","templated":true}]}}