{"id":5698,"date":"2020-10-28T09:32:52","date_gmt":"2020-10-28T09:32:52","guid":{"rendered":"https:\/\/notejido.com\/gesundheits-und-pharmaindustrie-2\/"},"modified":"2026-04-07T11:48:25","modified_gmt":"2026-04-07T11:48:25","slug":"gesundheits-und-pharmaindustrie","status":"publish","type":"page","link":"https:\/\/notejido.com\/de\/gesundheits-und-pharmaindustrie\/","title":{"rendered":"Apotheken und Krankenh\u00e4user"},"content":{"rendered":"\n<p class=\"has-text-align-center\"><\/p>\n\n\n<div id=\"pl-gb5698-69e0b840e77ee\"  class=\"panel-layout\" ><div id=\"pg-gb5698-69e0b840e77ee-0\"  class=\"panel-grid panel-has-style\" ><div class=\"section-intro panel-row-style panel-row-style-for-gb5698-69e0b840e77ee-0\" ><div id=\"pgc-gb5698-69e0b840e77ee-0-0\"  class=\"panel-grid-cell\" ><div id=\"panel-gb5698-69e0b840e77ee-0-0-0\" class=\"so-panel widget widget_sow-editor panel-first-child panel-last-child\" data-index=\"0\" ><div\n\t\t\t\n\t\t\tclass=\"so-widget-sow-editor so-widget-sow-editor-base\"\n\t\t\t\n\t\t>\n<div class=\"siteorigin-widget-tinymce textwidget\">\n\t<p><strong>DNT Protection<\/strong> ist die neue Reihe von <strong>Einweg-Hygiene- und Hygieneschutzprodukten<\/strong> aus Vliesstoff, die vollst\u00e4ndig in Spanien hergestellt werden. In diesem neuen Sortiment, das aus drei Produktlinien besteht: Atemschutz-, K\u00f6rper- und Schutzabdeckungen, finden Fachleute im Gesundheitssektor, in der Lebensmittel- und Chemieindustrie die Schutzartikel, die sie f\u00fcr die sichere Aus\u00fcbung ihrer T\u00e4tigkeit ben\u00f6tigen. Dar\u00fcber hinaus sind alle Produkte mit <strong>OEKO-TEX\u00ae<\/strong> zertifiziert, einem hypoallergenen Textil, das f\u00fcr den Kontakt mit der Haut geeignet ist.<\/p>\n<\/div>\n<\/div><\/div><\/div><\/div><\/div><div id=\"pg-gb5698-69e0b840e77ee-1\"  class=\"panel-grid panel-has-style\" ><div class=\"sector-products panel-row-style panel-row-style-for-gb5698-69e0b840e77ee-1\" ><div id=\"pgc-gb5698-69e0b840e77ee-1-0\"  class=\"panel-grid-cell\" ><div class=\"sector-products-item panel-cell-style panel-cell-style-for-gb5698-69e0b840e77ee-1-0\" ><div id=\"panel-gb5698-69e0b840e77ee-1-0-0\" class=\"so-panel widget widget_sow-editor panel-first-child panel-last-child\" data-index=\"1\" ><div class=\"panel-widget-style panel-widget-style-for-gb5698-69e0b840e77ee-1-0-0\" ><div\n\t\t\t\n\t\t\tclass=\"so-widget-sow-editor so-widget-sow-editor-base\"\n\t\t\t\n\t\t>\n<div class=\"siteorigin-widget-tinymce textwidget\">\n\t<h3>Atemschutzsortiment<\/h3>\n<div><a href=\"https:\/\/notejido.com\/de\/produkte\/atemschutzsortiment\/\"><\/a><\/div>\n<\/div>\n<\/div><\/div><\/div><\/div><\/div><div id=\"pgc-gb5698-69e0b840e77ee-1-1\"  class=\"panel-grid-cell\" ><div class=\"sector-products-item panel-cell-style panel-cell-style-for-gb5698-69e0b840e77ee-1-1\" ><div id=\"panel-gb5698-69e0b840e77ee-1-1-0\" class=\"so-panel widget widget_sow-editor panel-first-child panel-last-child\" data-index=\"2\" ><div class=\"panel-widget-style panel-widget-style-for-gb5698-69e0b840e77ee-1-1-0\" ><div\n\t\t\t\n\t\t\tclass=\"so-widget-sow-editor so-widget-sow-editor-base\"\n\t\t\t\n\t\t>\n<div class=\"siteorigin-widget-tinymce textwidget\">\n\t<h3>K\u00f6rperschutzsortiment<\/h3>\n<div><a href=\"https:\/\/notejido.com\/de\/produkte\/koerperschutzsortiment\/\"><\/a><\/div>\n<\/div>\n<\/div><\/div><\/div><\/div><\/div><\/div><\/div><div id=\"pg-gb5698-69e0b840e77ee-2\"  class=\"panel-grid panel-has-style\" ><div class=\"sector-products panel-row-style panel-row-style-for-gb5698-69e0b840e77ee-2\" ><div id=\"pgc-gb5698-69e0b840e77ee-2-0\"  class=\"panel-grid-cell panel-grid-cell-mobile-last\" ><div class=\"sector-products-item panel-cell-style panel-cell-style-for-gb5698-69e0b840e77ee-2-0\" ><div id=\"panel-gb5698-69e0b840e77ee-2-0-0\" class=\"so-panel widget widget_sow-editor panel-first-child panel-last-child\" data-index=\"3\" ><div class=\"panel-widget-style panel-widget-style-for-gb5698-69e0b840e77ee-2-0-0\" ><div\n\t\t\t\n\t\t\tclass=\"so-widget-sow-editor so-widget-sow-editor-base\"\n\t\t\t\n\t\t>\n<div class=\"siteorigin-widget-tinymce textwidget\">\n\t<h3>Schutzabdeckungen<\/h3>\n<div><a href=\"https:\/\/notejido.com\/de\/produkte\/schutzabdeckungen\/\"><\/a><\/div>\n<\/div>\n<\/div><\/div><\/div><\/div><\/div><div id=\"pgc-gb5698-69e0b840e77ee-2-1\"  class=\"panel-grid-cell panel-grid-cell-empty\" ><\/div><\/div><\/div><\/div>","protected":false},"excerpt":{"rendered":"","protected":false},"author":2,"featured_media":8019,"parent":0,"menu_order":5,"comment_status":"closed","ping_status":"closed","template":"page-sector.php","meta":{"_acf_changed":false,"footnotes":""},"class_list":["post-5698","page","type-page","status-publish","has-post-thumbnail","hentry"],"acf":[],"yoast_head":"<!-- This site is optimized with the Yoast SEO plugin v27.3 - https:\/\/yoast.com\/product\/yoast-seo-wordpress\/ -->\n<title>Apotheken und Krankenh\u00e4user - Disenos NT<\/title>\n<meta name=\"robots\" content=\"index, follow, max-snippet:-1, max-image-preview:large, max-video-preview:-1\" \/>\n<link rel=\"canonical\" href=\"https:\/\/notejido.com\/de\/gesundheits-und-pharmaindustrie\/\" \/>\n<meta property=\"og:locale\" content=\"de_DE\" \/>\n<meta property=\"og:type\" content=\"article\" \/>\n<meta property=\"og:title\" content=\"Apotheken und Krankenh\u00e4user - Disenos NT\" \/>\n<meta property=\"og:url\" content=\"https:\/\/notejido.com\/de\/gesundheits-und-pharmaindustrie\/\" \/>\n<meta property=\"og:site_name\" content=\"Disenos NT\" \/>\n<meta property=\"article:modified_time\" content=\"2026-04-07T11:48:25+00:00\" \/>\n<meta property=\"og:image\" content=\"https:\/\/notejido.com\/wp-content\/uploads\/2024\/10\/BATA-CIRUJANO-NO-TEJIDO.jpg\" \/>\n\t<meta property=\"og:image:width\" content=\"794\" \/>\n\t<meta property=\"og:image:height\" content=\"529\" \/>\n\t<meta property=\"og:image:type\" content=\"image\/jpeg\" \/>\n<meta name=\"twitter:card\" content=\"summary_large_image\" \/>\n<meta name=\"twitter:label1\" content=\"Gesch\u00e4tzte Lesezeit\" \/>\n\t<meta name=\"twitter:data1\" content=\"1\u00a0Minute\" \/>\n<script type=\"application\/ld+json\" class=\"yoast-schema-graph\">{\"@context\":\"https:\\\/\\\/schema.org\",\"@graph\":[{\"@type\":\"WebPage\",\"@id\":\"https:\\\/\\\/notejido.com\\\/de\\\/gesundheits-und-pharmaindustrie\\\/\",\"url\":\"https:\\\/\\\/notejido.com\\\/de\\\/gesundheits-und-pharmaindustrie\\\/\",\"name\":\"Apotheken und Krankenh\u00e4user - Disenos NT\",\"isPartOf\":{\"@id\":\"https:\\\/\\\/notejido.com\\\/de\\\/#website\"},\"primaryImageOfPage\":{\"@id\":\"https:\\\/\\\/notejido.com\\\/de\\\/gesundheits-und-pharmaindustrie\\\/#primaryimage\"},\"image\":{\"@id\":\"https:\\\/\\\/notejido.com\\\/de\\\/gesundheits-und-pharmaindustrie\\\/#primaryimage\"},\"thumbnailUrl\":\"https:\\\/\\\/notejido.com\\\/wp-content\\\/uploads\\\/2024\\\/10\\\/BATA-CIRUJANO-NO-TEJIDO.jpg\",\"datePublished\":\"2020-10-28T09:32:52+00:00\",\"dateModified\":\"2026-04-07T11:48:25+00:00\",\"breadcrumb\":{\"@id\":\"https:\\\/\\\/notejido.com\\\/de\\\/gesundheits-und-pharmaindustrie\\\/#breadcrumb\"},\"inLanguage\":\"de\",\"potentialAction\":[{\"@type\":\"ReadAction\",\"target\":[\"https:\\\/\\\/notejido.com\\\/de\\\/gesundheits-und-pharmaindustrie\\\/\"]}]},{\"@type\":\"ImageObject\",\"inLanguage\":\"de\",\"@id\":\"https:\\\/\\\/notejido.com\\\/de\\\/gesundheits-und-pharmaindustrie\\\/#primaryimage\",\"url\":\"https:\\\/\\\/notejido.com\\\/wp-content\\\/uploads\\\/2024\\\/10\\\/BATA-CIRUJANO-NO-TEJIDO.jpg\",\"contentUrl\":\"https:\\\/\\\/notejido.com\\\/wp-content\\\/uploads\\\/2024\\\/10\\\/BATA-CIRUJANO-NO-TEJIDO.jpg\",\"width\":794,\"height\":529,\"caption\":\"Sanitario Farmacia e Industria\"},{\"@type\":\"BreadcrumbList\",\"@id\":\"https:\\\/\\\/notejido.com\\\/de\\\/gesundheits-und-pharmaindustrie\\\/#breadcrumb\",\"itemListElement\":[{\"@type\":\"ListItem\",\"position\":1,\"name\":\"Portada\",\"item\":\"https:\\\/\\\/notejido.com\\\/de\\\/\"},{\"@type\":\"ListItem\",\"position\":2,\"name\":\"Apotheken und Krankenh\u00e4user\"}]},{\"@type\":\"WebSite\",\"@id\":\"https:\\\/\\\/notejido.com\\\/de\\\/#website\",\"url\":\"https:\\\/\\\/notejido.com\\\/de\\\/\",\"name\":\"Disenos NT\",\"description\":\"Bolsas reutilizables, art\u00edculos higi\u00e9nicos-sanitarios, manteles desechables  y otro packaging promocional en material flexible\",\"potentialAction\":[{\"@type\":\"SearchAction\",\"target\":{\"@type\":\"EntryPoint\",\"urlTemplate\":\"https:\\\/\\\/notejido.com\\\/de\\\/?s={search_term_string}\"},\"query-input\":{\"@type\":\"PropertyValueSpecification\",\"valueRequired\":true,\"valueName\":\"search_term_string\"}}],\"inLanguage\":\"de\"}]}<\/script>\n<!-- \/ Yoast SEO plugin. -->","yoast_head_json":{"title":"Apotheken und Krankenh\u00e4user - Disenos NT","robots":{"index":"index","follow":"follow","max-snippet":"max-snippet:-1","max-image-preview":"max-image-preview:large","max-video-preview":"max-video-preview:-1"},"canonical":"https:\/\/notejido.com\/de\/gesundheits-und-pharmaindustrie\/","og_locale":"de_DE","og_type":"article","og_title":"Apotheken und Krankenh\u00e4user - Disenos NT","og_url":"https:\/\/notejido.com\/de\/gesundheits-und-pharmaindustrie\/","og_site_name":"Disenos NT","article_modified_time":"2026-04-07T11:48:25+00:00","og_image":[{"width":794,"height":529,"url":"https:\/\/notejido.com\/wp-content\/uploads\/2024\/10\/BATA-CIRUJANO-NO-TEJIDO.jpg","type":"image\/jpeg"}],"twitter_card":"summary_large_image","twitter_misc":{"Gesch\u00e4tzte Lesezeit":"1\u00a0Minute"},"schema":{"@context":"https:\/\/schema.org","@graph":[{"@type":"WebPage","@id":"https:\/\/notejido.com\/de\/gesundheits-und-pharmaindustrie\/","url":"https:\/\/notejido.com\/de\/gesundheits-und-pharmaindustrie\/","name":"Apotheken und Krankenh\u00e4user - Disenos NT","isPartOf":{"@id":"https:\/\/notejido.com\/de\/#website"},"primaryImageOfPage":{"@id":"https:\/\/notejido.com\/de\/gesundheits-und-pharmaindustrie\/#primaryimage"},"image":{"@id":"https:\/\/notejido.com\/de\/gesundheits-und-pharmaindustrie\/#primaryimage"},"thumbnailUrl":"https:\/\/notejido.com\/wp-content\/uploads\/2024\/10\/BATA-CIRUJANO-NO-TEJIDO.jpg","datePublished":"2020-10-28T09:32:52+00:00","dateModified":"2026-04-07T11:48:25+00:00","breadcrumb":{"@id":"https:\/\/notejido.com\/de\/gesundheits-und-pharmaindustrie\/#breadcrumb"},"inLanguage":"de","potentialAction":[{"@type":"ReadAction","target":["https:\/\/notejido.com\/de\/gesundheits-und-pharmaindustrie\/"]}]},{"@type":"ImageObject","inLanguage":"de","@id":"https:\/\/notejido.com\/de\/gesundheits-und-pharmaindustrie\/#primaryimage","url":"https:\/\/notejido.com\/wp-content\/uploads\/2024\/10\/BATA-CIRUJANO-NO-TEJIDO.jpg","contentUrl":"https:\/\/notejido.com\/wp-content\/uploads\/2024\/10\/BATA-CIRUJANO-NO-TEJIDO.jpg","width":794,"height":529,"caption":"Sanitario Farmacia e Industria"},{"@type":"BreadcrumbList","@id":"https:\/\/notejido.com\/de\/gesundheits-und-pharmaindustrie\/#breadcrumb","itemListElement":[{"@type":"ListItem","position":1,"name":"Portada","item":"https:\/\/notejido.com\/de\/"},{"@type":"ListItem","position":2,"name":"Apotheken und Krankenh\u00e4user"}]},{"@type":"WebSite","@id":"https:\/\/notejido.com\/de\/#website","url":"https:\/\/notejido.com\/de\/","name":"Disenos NT","description":"Bolsas reutilizables, art\u00edculos higi\u00e9nicos-sanitarios, manteles desechables  y otro packaging promocional en material flexible","potentialAction":[{"@type":"SearchAction","target":{"@type":"EntryPoint","urlTemplate":"https:\/\/notejido.com\/de\/?s={search_term_string}"},"query-input":{"@type":"PropertyValueSpecification","valueRequired":true,"valueName":"search_term_string"}}],"inLanguage":"de"}]}},"_links":{"self":[{"href":"https:\/\/notejido.com\/de\/wp-json\/wp\/v2\/pages\/5698","targetHints":{"allow":["GET"]}}],"collection":[{"href":"https:\/\/notejido.com\/de\/wp-json\/wp\/v2\/pages"}],"about":[{"href":"https:\/\/notejido.com\/de\/wp-json\/wp\/v2\/types\/page"}],"author":[{"embeddable":true,"href":"https:\/\/notejido.com\/de\/wp-json\/wp\/v2\/users\/2"}],"replies":[{"embeddable":true,"href":"https:\/\/notejido.com\/de\/wp-json\/wp\/v2\/comments?post=5698"}],"version-history":[{"count":5,"href":"https:\/\/notejido.com\/de\/wp-json\/wp\/v2\/pages\/5698\/revisions"}],"predecessor-version":[{"id":10821,"href":"https:\/\/notejido.com\/de\/wp-json\/wp\/v2\/pages\/5698\/revisions\/10821"}],"wp:featuredmedia":[{"embeddable":true,"href":"https:\/\/notejido.com\/de\/wp-json\/wp\/v2\/media\/8019"}],"wp:attachment":[{"href":"https:\/\/notejido.com\/de\/wp-json\/wp\/v2\/media?parent=5698"}],"curies":[{"name":"wp","href":"https:\/\/api.w.org\/{rel}","templated":true}]}}