{"id":6584,"date":"2022-04-07T09:01:31","date_gmt":"2022-04-07T09:01:31","guid":{"rendered":"https:\/\/notejido.com\/?page_id=6584"},"modified":"2022-04-07T09:02:13","modified_gmt":"2022-04-07T09:02:13","slug":"politica-de-privacidad","status":"publish","type":"page","link":"https:\/\/notejido.com\/de\/politica-de-privacidad\/","title":{"rendered":"DATENSCHUTZ-BESTIMMUNGEN"},"content":{"rendered":"\n<p>F\u00fcr die Zwecke der Bestimmungen der geltenden Vorschriften zum Schutz personenbezogener Daten, durch diese Datenschutzrichtlinie, DISE\u00d1O Y APLICACIONES DEL NOTEJIDO, S.L. (\u201eDISE\u00d1OS NT\u201c) informiert Benutzer (der \u201eBenutzer\u201c oder die \u201eBenutzer\u201c) der Website www.notejido.com, deren Eigent\u00fcmer und Verantwortlicher sie ist (die \u201eWebsite\u201c), \u00fcber ihre Datenschutzrichtlinie .<\/p>\n\n\n\n<p>Auf diese Weise k\u00f6nnen Benutzer frei und freiwillig entscheiden, ob sie DISE\u00d1OS NT die erforderlichen oder beim Zugriff auf und die Nutzung des Webs sowie der angebotenen Dienste von DESIGNS NT \u00fcber sie erhobenen personenbezogenen Daten zur Verf\u00fcgung stellen m\u00f6chten.<\/p>\n\n\n\n<h3 class=\"wp-block-heading\">Wer ist f\u00fcr die Verarbeitung Ihrer personenbezogenen Daten verantwortlich?<\/h3>\n\n\n\n<p>Datenverantwortlicher: DISE\u00d1OS Y APLICACIONES DEL NO TEJIDO, S.L.<br>Adresse: Pol. Ind. El Chaparral s\/n, 23692 Santa Ana, Alcal\u00e1 la Real (Ja\u00e9n), Spanien.<br>E-Mail: rgpd@grupodisenosnt.com<\/p>\n\n\n\n<h3 class=\"wp-block-heading\">Zu welchem \u200b\u200bZweck behandeln wir Ihre Daten?<\/h3>\n\n\n\n<p>Je nachdem, wo Sie uns Ihre Daten zur Verf\u00fcgung stellen, werden wir sie zu folgenden Zwecken behandeln:<\/p>\n\n\n\n<figure class=\"wp-block-table\"><table><tbody><tr><td>(1) Verwaltung Ihrer Registrierung im Konto<\/td><td>Wenn Sie sich im Web registrieren, werden die von Ihnen angegebenen personenbezogenen Daten entweder in Ihrem eigenen Namen oder als gesetzlicher Vertreter Ihres Unternehmens erfasst, um Sie zu identifizieren und Ihnen als registrierter Benutzer Zugang zu den angebotenen Diensten zu verschaffen. Wir werden sie auch behandeln, um Sie \u00fcber \u00c4nderungen unserer Dienstleistungen zu informieren.<\/td><\/tr><tr><td>(2) Verwaltung des Kaufs von Produkten.<\/td><td>Wenn Sie eines unserer Produkte kaufen, werden die erhaltenen Daten verarbeitet, um deren Lieferung zu verwalten.<\/td><\/tr><tr><td>(3) Beantworten Sie Ihre Fragen und\/oder Budgetanfragen<\/td><td>Wenn Sie Fragen haben oder ein Angebot anfordern m\u00f6chten, verarbeiten wir Ihre Daten, um Ihre Fragen oder Anregungen zu bearbeiten.<\/td><\/tr><tr><td>(4) Versand von kommerziellen Informationen und Newslettern<\/td><td>Um Ihnen personalisierte kommerzielle Mitteilungen gem\u00e4\u00df Ihren Pr\u00e4ferenzen zu senden und Sie auf elektronischem oder nicht elektronischem Wege \u00fcber unsere Produkte, Initiativen und Dienstleistungen auf dem Laufenden zu halten. Sie k\u00f6nnen sich jederzeit abmelden, indem Sie eine E-Mail an senden rgpd@grupodisenosnt.com<\/td><\/tr><tr><td>(5) Umfragen durchf\u00fchren<\/td><td>Um sicherzustellen, dass die Qualit\u00e4t unserer Dienstleistungen und Produkte immer Ihren Erwartungen entspricht, kann DISE\u00d1OS NT Sie einladen, per E-Mail Frageb\u00f6gen zu Ihrer Erfahrung und Ihrem Zufriedenheitsgrad auszuf\u00fcllen. Frageb\u00f6gen beziehen sich nur auf Produkte, die Sie gekauft haben, oder Dienstleistungen, die Sie in Anspruch genommen haben (z. B. unseren Kundendienst).<\/td><\/tr><tr><td>(6) Auswahlverfahren f\u00fcr Stellenangebote (Work with us)<\/td><td>\u00dcberpr\u00fcfen Sie hier die <a href=\"https:\/\/notejido.com\/informacion-de-proteccion-de-datos-de-candidatos\/\" target=\"_blank\" rel=\"noreferrer noopener\">Datenschutzinformationen f\u00fcr Bewerber<\/a><\/td><\/tr><\/tbody><\/table><\/figure>\n\n\n\n<hr class=\"wp-block-separator\"\/>\n\n\n\n<h3 class=\"wp-block-heading\">Was ist die rechtliche Grundlage f\u00fcr die Behandlung Ihrer Daten?<\/h3>\n\n\n\n<p>Die legitimen Grundlagen f\u00fcr die Verarbeitung Ihrer personenbezogenen Daten sind:<\/p>\n\n\n\n<ul class=\"wp-block-list\"><li>Die Ausf\u00fchrung eines Vertrages oder Ma\u00dfnahmen vor Vertragsabschluss, die Verwaltung Ihrer Registrierung im Konto (1) sowie f\u00fcr Zwecke, die ausschlie\u00dflich mit dem Kauf von Produkten verbunden sind (2).<\/li><li>Das berechtigte Interesse von DISE\u00d1OS NT:<br>o Um Ihre Anfrage in Bezug darauf oder den Budgetantrag zu verwalten (3).<br>o Um kommerzielle Informationen und Newsletter zu versenden, falls Sie eines unserer Produkte bestellt haben und solange Sie nicht widersprochen haben (4).<br>o Durchf\u00fchrung von Umfragen und Marktstudien (5).<\/li><li>Zustimmung Wenn Sie keine vorherige Beziehung zu uns haben, werden wir Sie um Ihre Zustimmung bitten, kommerzielle Mitteilungen zu senden (4). Sie k\u00f6nnen Ihre Einwilligung jederzeit widerrufen.<br>Im Falle von Direktmarketing-E-Mails und\/oder Newslettern k\u00f6nnen Sie Ihre Einwilligung widerrufen, indem Sie auf den Link \u201eAbbestellen\u201c klicken.<\/li><li>Einhaltung gesetzlicher Verpflichtungen steuerlicher, buchhalterischer, administrativer oder anderer Art, die in den jederzeit geltenden Vorschriften geregelt sind.<\/li><\/ul>\n\n\n\n<h3 class=\"wp-block-heading\">Woher bekommen wir Ihre Daten?<\/h3>\n\n\n\n<p>Die von DISE\u00d1OS NT erhobenen personenbezogenen Daten variieren je nach genutztem Dienst. F\u00fcr jede Aktivit\u00e4t verarbeitet DISE\u00d1OS NT Ihre Identifikationsdaten und Kontaktdaten. Au\u00dferdem behandeln wir:<\/p>\n\n\n\n<ul class=\"wp-block-list\"><li>Im Falle des Kaufs von Produkten, Zahlungsdaten und berufliche Daten (falls Sie ein Gewerbetreibender sind).<\/li><li>Ihre kommerziellen Pr\u00e4ferenzen, falls wir sie f\u00fcr den Versand von Newslettern behandeln.<\/li><\/ul>\n\n\n\n<p>DISE\u00d1OS NT verarbeitet keine besonderen Kategorien von Daten, wie z. B. Informationen \u00fcber Ihre Rasse, politische Meinung, Religion, Gesundheit oder sexuelle Orientierung, es sei denn, Sie haben sich daf\u00fcr entschieden, uns diese Informationen zur Verf\u00fcgung zu stellen.<\/p>\n\n\n\n<h3 class=\"wp-block-heading\">An wen \u00fcbermitteln wir Ihre Daten?<\/h3>\n\n\n\n<p>DISE\u00d1OS NT kann Ihre personenbezogenen Daten an die Unternehmen der Gruppe sowie an die Dienstleister weitergeben, die an der Lieferung der von Ihnen gekauften Produkte beteiligt sind. Beispielsweise geben wir Ihre Kontaktdaten an Logistikunternehmen f\u00fcr den Versand der Produkte weiter.<\/p>\n\n\n\n<p>DISE\u00d1OS NT wird Ihre personenbezogenen Daten nicht an Dritte weitergeben, es sei denn, Sie haben Ihre vorherige Zustimmung dazu.<\/p>\n\n\n\n<h3 class=\"wp-block-heading\">Wie lange bewahren wir Ihre Daten auf?<\/h3>\n\n\n\n<p>DISE\u00d1OS NT verarbeitet Ihre personenbezogenen Daten, solange sie f\u00fcr den Zweck, f\u00fcr den sie erhoben wurden, erforderlich sind.<\/p>\n\n\n\n<p>Wenn diese f\u00fcr die Zwecke, f\u00fcr die sie erhoben wurden, nicht mehr erforderlich sind, werden wir Ihre Daten w\u00e4hrend der in den geltenden Bestimmungen oder gegebenenfalls in festgelegten Zeitr\u00e4ume sperren (damit DISE\u00d1OS NT keinen Zugriff darauf hat). die mit DISE\u00d1OS NT unterhaltenen Vertragsbeziehungen, die w\u00e4hrend der Verj\u00e4hrungsfrist der Klagen nur auf Anfrage von Richtern und Gerichten, der Staatsanwaltschaft oder den zust\u00e4ndigen \u00f6ffentlichen Verwaltungen verf\u00fcgbar sind.<\/p>\n\n\n\n<p>Nach Ablauf dieser Fristen wird DISE\u00d1OS NT mit der physischen L\u00f6schung oder Anonymisierung derselben fortfahren.<\/p>\n\n\n\n<h3 class=\"wp-block-heading\">Welche Rechte haben Sie?<\/h3>\n\n\n\n<p>Sie k\u00f6nnen die Rechte auf Auskunft, \u00dcbertragbarkeit, Berichtigung, L\u00f6schung, Einschr\u00e4nkung, Widerspruch aus\u00fcben und nicht Gegenstand einer ausschlie\u00dflich auf automatisierter Verarbeitung beruhenden Entscheidung zu sein. Ebenso k\u00f6nnen Sie eine erteilte Einwilligung jederzeit widerrufen.<\/p>\n\n\n\n<p>F\u00fcr jede Anfrage im Zusammenhang mit der Aus\u00fcbung dieser Rechte oder einer anderen Angelegenheit im Zusammenhang mit der Behandlung k\u00f6nnen Sie diese Rechte durch eine schriftliche Anfrage an DISE\u00d1OS NT \u00fcber die zu Beginn der Datenschutzrichtlinie angegebene E-Mail-Adresse aus\u00fcben.<\/p>\n\n\n\n<p>Jeder Anspruch im Zusammenhang mit der hier gemeldeten Behandlung kann bei der spanischen Datenschutzbeh\u00f6rde (www.aepd.es) eingereicht werden, um einen Anspruch geltend zu machen, da die spanische \u00f6ffentliche Stelle, die f\u00fcr die Einhaltung der hierin enthaltenen Vorschriften verantwortlich ist, gewarnt wird.<\/p>\n","protected":false},"excerpt":{"rendered":"<p>F\u00fcr die Zwecke der Bestimmungen der geltenden Vorschriften zum Schutz personenbezogener Daten, durch diese Datenschutzrichtlinie, DISE\u00d1O Y APLICACIONES DEL NOTEJIDO, [&hellip;]<\/p>\n","protected":false},"author":4,"featured_media":0,"parent":0,"menu_order":0,"comment_status":"closed","ping_status":"closed","template":"","meta":{"_acf_changed":false,"footnotes":""},"class_list":["post-6584","page","type-page","status-publish","hentry"],"acf":[],"yoast_head":"<!-- This site is optimized with the Yoast SEO plugin v27.2 - https:\/\/yoast.com\/product\/yoast-seo-wordpress\/ -->\n<title>DATENSCHUTZ-BESTIMMUNGEN - Disenos NT<\/title>\n<meta name=\"robots\" content=\"index, follow, max-snippet:-1, max-image-preview:large, max-video-preview:-1\" \/>\n<link rel=\"canonical\" href=\"https:\/\/notejido.com\/de\/politica-de-privacidad\/\" \/>\n<meta property=\"og:locale\" content=\"de_DE\" \/>\n<meta property=\"og:type\" content=\"article\" \/>\n<meta property=\"og:title\" content=\"DATENSCHUTZ-BESTIMMUNGEN - Disenos NT\" \/>\n<meta property=\"og:description\" content=\"F\u00fcr die Zwecke der Bestimmungen der geltenden Vorschriften zum Schutz personenbezogener Daten, durch diese Datenschutzrichtlinie, DISE\u00d1O Y APLICACIONES DEL NOTEJIDO, [&hellip;]\" \/>\n<meta property=\"og:url\" content=\"https:\/\/notejido.com\/de\/politica-de-privacidad\/\" \/>\n<meta property=\"og:site_name\" content=\"Disenos NT\" \/>\n<meta property=\"article:modified_time\" content=\"2022-04-07T09:02:13+00:00\" \/>\n<meta name=\"twitter:card\" content=\"summary_large_image\" \/>\n<meta name=\"twitter:label1\" content=\"Gesch\u00e4tzte Lesezeit\" \/>\n\t<meta name=\"twitter:data1\" content=\"5\u00a0Minuten\" \/>\n<script type=\"application\/ld+json\" class=\"yoast-schema-graph\">{\"@context\":\"https:\/\/schema.org\",\"@graph\":[{\"@type\":\"WebPage\",\"@id\":\"https:\/\/notejido.com\/de\/politica-de-privacidad\/\",\"url\":\"https:\/\/notejido.com\/de\/politica-de-privacidad\/\",\"name\":\"DATENSCHUTZ-BESTIMMUNGEN - Disenos NT\",\"isPartOf\":{\"@id\":\"https:\/\/notejido.com\/de\/#website\"},\"datePublished\":\"2022-04-07T09:01:31+00:00\",\"dateModified\":\"2022-04-07T09:02:13+00:00\",\"breadcrumb\":{\"@id\":\"https:\/\/notejido.com\/de\/politica-de-privacidad\/#breadcrumb\"},\"inLanguage\":\"de\",\"potentialAction\":[{\"@type\":\"ReadAction\",\"target\":[\"https:\/\/notejido.com\/de\/politica-de-privacidad\/\"]}]},{\"@type\":\"BreadcrumbList\",\"@id\":\"https:\/\/notejido.com\/de\/politica-de-privacidad\/#breadcrumb\",\"itemListElement\":[{\"@type\":\"ListItem\",\"position\":1,\"name\":\"Portada\",\"item\":\"https:\/\/notejido.com\/de\/\"},{\"@type\":\"ListItem\",\"position\":2,\"name\":\"DATENSCHUTZ-BESTIMMUNGEN\"}]},{\"@type\":\"WebSite\",\"@id\":\"https:\/\/notejido.com\/de\/#website\",\"url\":\"https:\/\/notejido.com\/de\/\",\"name\":\"Disenos NT\",\"description\":\"Bolsas reutilizables, art\u00edculos higi\u00e9nicos-sanitarios, manteles desechables  y otro packaging promocional en material flexible\",\"potentialAction\":[{\"@type\":\"SearchAction\",\"target\":{\"@type\":\"EntryPoint\",\"urlTemplate\":\"https:\/\/notejido.com\/de\/?s={search_term_string}\"},\"query-input\":{\"@type\":\"PropertyValueSpecification\",\"valueRequired\":true,\"valueName\":\"search_term_string\"}}],\"inLanguage\":\"de\"}]}<\/script>\n<!-- \/ Yoast SEO plugin. -->","yoast_head_json":{"title":"DATENSCHUTZ-BESTIMMUNGEN - Disenos NT","robots":{"index":"index","follow":"follow","max-snippet":"max-snippet:-1","max-image-preview":"max-image-preview:large","max-video-preview":"max-video-preview:-1"},"canonical":"https:\/\/notejido.com\/de\/politica-de-privacidad\/","og_locale":"de_DE","og_type":"article","og_title":"DATENSCHUTZ-BESTIMMUNGEN - Disenos NT","og_description":"F\u00fcr die Zwecke der Bestimmungen der geltenden Vorschriften zum Schutz personenbezogener Daten, durch diese Datenschutzrichtlinie, DISE\u00d1O Y APLICACIONES DEL NOTEJIDO, [&hellip;]","og_url":"https:\/\/notejido.com\/de\/politica-de-privacidad\/","og_site_name":"Disenos NT","article_modified_time":"2022-04-07T09:02:13+00:00","twitter_card":"summary_large_image","twitter_misc":{"Gesch\u00e4tzte Lesezeit":"5\u00a0Minuten"},"schema":{"@context":"https:\/\/schema.org","@graph":[{"@type":"WebPage","@id":"https:\/\/notejido.com\/de\/politica-de-privacidad\/","url":"https:\/\/notejido.com\/de\/politica-de-privacidad\/","name":"DATENSCHUTZ-BESTIMMUNGEN - Disenos NT","isPartOf":{"@id":"https:\/\/notejido.com\/de\/#website"},"datePublished":"2022-04-07T09:01:31+00:00","dateModified":"2022-04-07T09:02:13+00:00","breadcrumb":{"@id":"https:\/\/notejido.com\/de\/politica-de-privacidad\/#breadcrumb"},"inLanguage":"de","potentialAction":[{"@type":"ReadAction","target":["https:\/\/notejido.com\/de\/politica-de-privacidad\/"]}]},{"@type":"BreadcrumbList","@id":"https:\/\/notejido.com\/de\/politica-de-privacidad\/#breadcrumb","itemListElement":[{"@type":"ListItem","position":1,"name":"Portada","item":"https:\/\/notejido.com\/de\/"},{"@type":"ListItem","position":2,"name":"DATENSCHUTZ-BESTIMMUNGEN"}]},{"@type":"WebSite","@id":"https:\/\/notejido.com\/de\/#website","url":"https:\/\/notejido.com\/de\/","name":"Disenos NT","description":"Bolsas reutilizables, art\u00edculos higi\u00e9nicos-sanitarios, manteles desechables  y otro packaging promocional en material flexible","potentialAction":[{"@type":"SearchAction","target":{"@type":"EntryPoint","urlTemplate":"https:\/\/notejido.com\/de\/?s={search_term_string}"},"query-input":{"@type":"PropertyValueSpecification","valueRequired":true,"valueName":"search_term_string"}}],"inLanguage":"de"}]}},"_links":{"self":[{"href":"https:\/\/notejido.com\/de\/wp-json\/wp\/v2\/pages\/6584","targetHints":{"allow":["GET"]}}],"collection":[{"href":"https:\/\/notejido.com\/de\/wp-json\/wp\/v2\/pages"}],"about":[{"href":"https:\/\/notejido.com\/de\/wp-json\/wp\/v2\/types\/page"}],"author":[{"embeddable":true,"href":"https:\/\/notejido.com\/de\/wp-json\/wp\/v2\/users\/4"}],"replies":[{"embeddable":true,"href":"https:\/\/notejido.com\/de\/wp-json\/wp\/v2\/comments?post=6584"}],"version-history":[{"count":2,"href":"https:\/\/notejido.com\/de\/wp-json\/wp\/v2\/pages\/6584\/revisions"}],"predecessor-version":[{"id":6586,"href":"https:\/\/notejido.com\/de\/wp-json\/wp\/v2\/pages\/6584\/revisions\/6586"}],"wp:attachment":[{"href":"https:\/\/notejido.com\/de\/wp-json\/wp\/v2\/media?parent=6584"}],"curies":[{"name":"wp","href":"https:\/\/api.w.org\/{rel}","templated":true}]}}