{"id":4345,"date":"2019-11-11T11:01:09","date_gmt":"2019-11-11T11:01:09","guid":{"rendered":"https:\/\/notejido.com\/productos\/otro-packaging-promocional\/"},"modified":"2019-12-25T10:56:26","modified_gmt":"2019-12-25T10:56:26","slug":"andere-werbeverpackungen","status":"publish","type":"product","link":"https:\/\/notejido.com\/de\/produkte\/andere-werbeverpackungen\/","title":{"rendered":"Andere werbeverpackungen"},"content":{"rendered":"<div id=\"pl-gb4345-69d21c3d02f00\"  class=\"panel-layout\" ><div id=\"pg-gb4345-69d21c3d02f00-0\"  class=\"panel-grid panel-has-style\" ><div class=\"section-intro panel-row-style panel-row-style-for-gb4345-69d21c3d02f00-0\" ><div id=\"pgc-gb4345-69d21c3d02f00-0-0\"  class=\"panel-grid-cell\" ><div id=\"panel-gb4345-69d21c3d02f00-0-0-0\" class=\"so-panel widget widget_sow-editor panel-first-child panel-last-child\" data-index=\"0\" ><div\n\t\t\t\n\t\t\tclass=\"so-widget-sow-editor so-widget-sow-editor-base\"\n\t\t\t\n\t\t>\n<div class=\"siteorigin-widget-tinymce textwidget\">\n\t<p>Werbegeschenke sind eine der besten Alternativen f\u00fcr personalisierte Verpackungen, um den Umsatz zu steigern und eine h\u00f6here Markenbekanntheit zu erzielen. Taschen, Rucks\u00e4cke, H\u00fcllen&#8230;. n\u00fctzliche Verpackungen, des Alltagsgebrauchs und sehr kosteng\u00fcnstig, sichern den Erfolg Ihrer Direktmarketing-Kampagne.<\/p>\n<\/div>\n<\/div><\/div><\/div><\/div><\/div><\/div>","protected":false},"featured_media":2700,"template":"","class_list":["post-4345","product","type-product","status-publish","has-post-thumbnail","hentry"],"acf":[],"yoast_head":"<!-- This site is optimized with the Yoast SEO plugin v27.2 - https:\/\/yoast.com\/product\/yoast-seo-wordpress\/ -->\n<title>Andere werbeverpackungen - Disenos NT<\/title>\n<meta name=\"robots\" content=\"index, follow, max-snippet:-1, max-image-preview:large, max-video-preview:-1\" \/>\n<link rel=\"canonical\" href=\"https:\/\/notejido.com\/de\/produkte\/andere-werbeverpackungen\/\" \/>\n<meta property=\"og:locale\" content=\"de_DE\" \/>\n<meta property=\"og:type\" content=\"article\" \/>\n<meta property=\"og:title\" content=\"Andere werbeverpackungen - Disenos NT\" \/>\n<meta property=\"og:description\" content=\"Werbegeschenke sind eine der besten Alternativen f\u00fcr personalisierte Verpackungen, um den Umsatz zu steigern und eine h\u00f6here Markenbekanntheit zu erzielen. [&hellip;]\" \/>\n<meta property=\"og:url\" content=\"https:\/\/notejido.com\/de\/produkte\/andere-werbeverpackungen\/\" \/>\n<meta property=\"og:site_name\" content=\"Disenos NT\" \/>\n<meta property=\"article:modified_time\" content=\"2019-12-25T10:56:26+00:00\" \/>\n<meta property=\"og:image\" content=\"https:\/\/notejido.com\/wp-content\/uploads\/2019\/11\/bg-promo.jpg\" \/>\n\t<meta property=\"og:image:width\" content=\"1600\" \/>\n\t<meta property=\"og:image:height\" content=\"1000\" \/>\n\t<meta property=\"og:image:type\" content=\"image\/jpeg\" \/>\n<meta name=\"twitter:card\" content=\"summary_large_image\" \/>\n<script type=\"application\/ld+json\" class=\"yoast-schema-graph\">{\"@context\":\"https:\/\/schema.org\",\"@graph\":[{\"@type\":\"WebPage\",\"@id\":\"https:\/\/notejido.com\/de\/produkte\/andere-werbeverpackungen\/\",\"url\":\"https:\/\/notejido.com\/de\/produkte\/andere-werbeverpackungen\/\",\"name\":\"Andere werbeverpackungen - Disenos NT\",\"isPartOf\":{\"@id\":\"https:\/\/notejido.com\/de\/#website\"},\"primaryImageOfPage\":{\"@id\":\"https:\/\/notejido.com\/de\/produkte\/andere-werbeverpackungen\/#primaryimage\"},\"image\":{\"@id\":\"https:\/\/notejido.com\/de\/produkte\/andere-werbeverpackungen\/#primaryimage\"},\"thumbnailUrl\":\"https:\/\/notejido.com\/wp-content\/uploads\/2019\/11\/bg-promo.jpg\",\"datePublished\":\"2019-11-11T11:01:09+00:00\",\"dateModified\":\"2019-12-25T10:56:26+00:00\",\"breadcrumb\":{\"@id\":\"https:\/\/notejido.com\/de\/produkte\/andere-werbeverpackungen\/#breadcrumb\"},\"inLanguage\":\"de\",\"potentialAction\":[{\"@type\":\"ReadAction\",\"target\":[\"https:\/\/notejido.com\/de\/produkte\/andere-werbeverpackungen\/\"]}]},{\"@type\":\"ImageObject\",\"inLanguage\":\"de\",\"@id\":\"https:\/\/notejido.com\/de\/produkte\/andere-werbeverpackungen\/#primaryimage\",\"url\":\"https:\/\/notejido.com\/wp-content\/uploads\/2019\/11\/bg-promo.jpg\",\"contentUrl\":\"https:\/\/notejido.com\/wp-content\/uploads\/2019\/11\/bg-promo.jpg\",\"width\":1600,\"height\":1000,\"caption\":\"Otro packaging promocional\"},{\"@type\":\"BreadcrumbList\",\"@id\":\"https:\/\/notejido.com\/de\/produkte\/andere-werbeverpackungen\/#breadcrumb\",\"itemListElement\":[{\"@type\":\"ListItem\",\"position\":1,\"name\":\"Portada\",\"item\":\"https:\/\/notejido.com\/de\/\"},{\"@type\":\"ListItem\",\"position\":2,\"name\":\"Andere werbeverpackungen\"}]},{\"@type\":\"WebSite\",\"@id\":\"https:\/\/notejido.com\/de\/#website\",\"url\":\"https:\/\/notejido.com\/de\/\",\"name\":\"Disenos NT\",\"description\":\"Bolsas reutilizables, art\u00edculos higi\u00e9nicos-sanitarios, manteles desechables  y otro packaging promocional en material flexible\",\"potentialAction\":[{\"@type\":\"SearchAction\",\"target\":{\"@type\":\"EntryPoint\",\"urlTemplate\":\"https:\/\/notejido.com\/de\/?s={search_term_string}\"},\"query-input\":{\"@type\":\"PropertyValueSpecification\",\"valueRequired\":true,\"valueName\":\"search_term_string\"}}],\"inLanguage\":\"de\"}]}<\/script>\n<!-- \/ Yoast SEO plugin. -->","yoast_head_json":{"title":"Andere werbeverpackungen - Disenos NT","robots":{"index":"index","follow":"follow","max-snippet":"max-snippet:-1","max-image-preview":"max-image-preview:large","max-video-preview":"max-video-preview:-1"},"canonical":"https:\/\/notejido.com\/de\/produkte\/andere-werbeverpackungen\/","og_locale":"de_DE","og_type":"article","og_title":"Andere werbeverpackungen - Disenos NT","og_description":"Werbegeschenke sind eine der besten Alternativen f\u00fcr personalisierte Verpackungen, um den Umsatz zu steigern und eine h\u00f6here Markenbekanntheit zu erzielen. [&hellip;]","og_url":"https:\/\/notejido.com\/de\/produkte\/andere-werbeverpackungen\/","og_site_name":"Disenos NT","article_modified_time":"2019-12-25T10:56:26+00:00","og_image":[{"width":1600,"height":1000,"url":"https:\/\/notejido.com\/wp-content\/uploads\/2019\/11\/bg-promo.jpg","type":"image\/jpeg"}],"twitter_card":"summary_large_image","schema":{"@context":"https:\/\/schema.org","@graph":[{"@type":"WebPage","@id":"https:\/\/notejido.com\/de\/produkte\/andere-werbeverpackungen\/","url":"https:\/\/notejido.com\/de\/produkte\/andere-werbeverpackungen\/","name":"Andere werbeverpackungen - Disenos NT","isPartOf":{"@id":"https:\/\/notejido.com\/de\/#website"},"primaryImageOfPage":{"@id":"https:\/\/notejido.com\/de\/produkte\/andere-werbeverpackungen\/#primaryimage"},"image":{"@id":"https:\/\/notejido.com\/de\/produkte\/andere-werbeverpackungen\/#primaryimage"},"thumbnailUrl":"https:\/\/notejido.com\/wp-content\/uploads\/2019\/11\/bg-promo.jpg","datePublished":"2019-11-11T11:01:09+00:00","dateModified":"2019-12-25T10:56:26+00:00","breadcrumb":{"@id":"https:\/\/notejido.com\/de\/produkte\/andere-werbeverpackungen\/#breadcrumb"},"inLanguage":"de","potentialAction":[{"@type":"ReadAction","target":["https:\/\/notejido.com\/de\/produkte\/andere-werbeverpackungen\/"]}]},{"@type":"ImageObject","inLanguage":"de","@id":"https:\/\/notejido.com\/de\/produkte\/andere-werbeverpackungen\/#primaryimage","url":"https:\/\/notejido.com\/wp-content\/uploads\/2019\/11\/bg-promo.jpg","contentUrl":"https:\/\/notejido.com\/wp-content\/uploads\/2019\/11\/bg-promo.jpg","width":1600,"height":1000,"caption":"Otro packaging promocional"},{"@type":"BreadcrumbList","@id":"https:\/\/notejido.com\/de\/produkte\/andere-werbeverpackungen\/#breadcrumb","itemListElement":[{"@type":"ListItem","position":1,"name":"Portada","item":"https:\/\/notejido.com\/de\/"},{"@type":"ListItem","position":2,"name":"Andere werbeverpackungen"}]},{"@type":"WebSite","@id":"https:\/\/notejido.com\/de\/#website","url":"https:\/\/notejido.com\/de\/","name":"Disenos NT","description":"Bolsas reutilizables, art\u00edculos higi\u00e9nicos-sanitarios, manteles desechables  y otro packaging promocional en material flexible","potentialAction":[{"@type":"SearchAction","target":{"@type":"EntryPoint","urlTemplate":"https:\/\/notejido.com\/de\/?s={search_term_string}"},"query-input":{"@type":"PropertyValueSpecification","valueRequired":true,"valueName":"search_term_string"}}],"inLanguage":"de"}]}},"_links":{"self":[{"href":"https:\/\/notejido.com\/de\/wp-json\/wp\/v2\/product\/4345","targetHints":{"allow":["GET"]}}],"collection":[{"href":"https:\/\/notejido.com\/de\/wp-json\/wp\/v2\/product"}],"about":[{"href":"https:\/\/notejido.com\/de\/wp-json\/wp\/v2\/types\/product"}],"wp:featuredmedia":[{"embeddable":true,"href":"https:\/\/notejido.com\/de\/wp-json\/wp\/v2\/media\/2700"}],"wp:attachment":[{"href":"https:\/\/notejido.com\/de\/wp-json\/wp\/v2\/media?parent=4345"}],"curies":[{"name":"wp","href":"https:\/\/api.w.org\/{rel}","templated":true}]}}