{"id":4347,"date":"2019-09-25T16:08:55","date_gmt":"2019-09-25T16:08:55","guid":{"rendered":"https:\/\/notejido.com\/productos\/bolsas-de-papel-de-lujo\/"},"modified":"2019-12-25T10:45:05","modified_gmt":"2019-12-25T10:45:05","slug":"luxus-papiertaschen","status":"publish","type":"product","link":"https:\/\/notejido.com\/de\/produkte\/luxus-papiertaschen\/","title":{"rendered":"Luxus papiertaschen"},"content":{"rendered":"<div id=\"pl-gb4347-69eba644e200c\"  class=\"panel-layout\" ><div id=\"pg-gb4347-69eba644e200c-0\"  class=\"panel-grid panel-has-style\" ><div class=\"section-intro panel-row-style panel-row-style-for-gb4347-69eba644e200c-0\" ><div id=\"pgc-gb4347-69eba644e200c-0-0\"  class=\"panel-grid-cell\" ><div id=\"panel-gb4347-69eba644e200c-0-0-0\" class=\"so-panel widget widget_sow-editor panel-first-child panel-last-child\" data-index=\"0\" ><div\n\t\t\t\n\t\t\tclass=\"so-widget-sow-editor so-widget-sow-editor-base\"\n\t\t\t\n\t\t>\n<div class=\"siteorigin-widget-tinymce textwidget\">\n\t<p>Die Premium-Verpackung f\u00fcr Unternehmen, die sich um jedes Detail k\u00fcmmern. Sie sind das bevorzugte Format gro\u00dfer Modemarken, Juweliergesch\u00e4fte, Kosmetika, Boutiquen und so weiter.<\/p>\n<\/div>\n<\/div><\/div><\/div><\/div><\/div><\/div>","protected":false},"featured_media":1672,"template":"","class_list":["post-4347","product","type-product","status-publish","has-post-thumbnail","hentry"],"acf":[],"yoast_head":"<!-- This site is optimized with the Yoast SEO plugin v27.3 - https:\/\/yoast.com\/product\/yoast-seo-wordpress\/ -->\n<title>Luxus papiertaschen - Disenos NT<\/title>\n<meta name=\"robots\" content=\"index, follow, max-snippet:-1, max-image-preview:large, max-video-preview:-1\" \/>\n<link rel=\"canonical\" href=\"https:\/\/notejido.com\/de\/produkte\/luxus-papiertaschen\/\" \/>\n<meta property=\"og:locale\" content=\"de_DE\" \/>\n<meta property=\"og:type\" content=\"article\" \/>\n<meta property=\"og:title\" content=\"Luxus papiertaschen - Disenos NT\" \/>\n<meta property=\"og:description\" content=\"Die Premium-Verpackung f\u00fcr Unternehmen, die sich um jedes Detail k\u00fcmmern. Sie sind das bevorzugte Format gro\u00dfer Modemarken, Juweliergesch\u00e4fte, Kosmetika, Boutiquen [&hellip;]\" \/>\n<meta property=\"og:url\" content=\"https:\/\/notejido.com\/de\/produkte\/luxus-papiertaschen\/\" \/>\n<meta property=\"og:site_name\" content=\"Disenos NT\" \/>\n<meta property=\"article:modified_time\" content=\"2019-12-25T10:45:05+00:00\" \/>\n<meta property=\"og:image\" content=\"https:\/\/notejido.com\/wp-content\/uploads\/2019\/09\/p-03-1.jpg\" \/>\n\t<meta property=\"og:image:width\" content=\"1600\" \/>\n\t<meta property=\"og:image:height\" content=\"1000\" \/>\n\t<meta property=\"og:image:type\" content=\"image\/jpeg\" \/>\n<meta name=\"twitter:card\" content=\"summary_large_image\" \/>\n<script type=\"application\/ld+json\" class=\"yoast-schema-graph\">{\"@context\":\"https:\\\/\\\/schema.org\",\"@graph\":[{\"@type\":\"WebPage\",\"@id\":\"https:\\\/\\\/notejido.com\\\/de\\\/produkte\\\/luxus-papiertaschen\\\/\",\"url\":\"https:\\\/\\\/notejido.com\\\/de\\\/produkte\\\/luxus-papiertaschen\\\/\",\"name\":\"Luxus papiertaschen - Disenos NT\",\"isPartOf\":{\"@id\":\"https:\\\/\\\/notejido.com\\\/de\\\/#website\"},\"primaryImageOfPage\":{\"@id\":\"https:\\\/\\\/notejido.com\\\/de\\\/produkte\\\/luxus-papiertaschen\\\/#primaryimage\"},\"image\":{\"@id\":\"https:\\\/\\\/notejido.com\\\/de\\\/produkte\\\/luxus-papiertaschen\\\/#primaryimage\"},\"thumbnailUrl\":\"https:\\\/\\\/notejido.com\\\/wp-content\\\/uploads\\\/2019\\\/09\\\/p-03-1.jpg\",\"datePublished\":\"2019-09-25T16:08:55+00:00\",\"dateModified\":\"2019-12-25T10:45:05+00:00\",\"breadcrumb\":{\"@id\":\"https:\\\/\\\/notejido.com\\\/de\\\/produkte\\\/luxus-papiertaschen\\\/#breadcrumb\"},\"inLanguage\":\"de\",\"potentialAction\":[{\"@type\":\"ReadAction\",\"target\":[\"https:\\\/\\\/notejido.com\\\/de\\\/produkte\\\/luxus-papiertaschen\\\/\"]}]},{\"@type\":\"ImageObject\",\"inLanguage\":\"de\",\"@id\":\"https:\\\/\\\/notejido.com\\\/de\\\/produkte\\\/luxus-papiertaschen\\\/#primaryimage\",\"url\":\"https:\\\/\\\/notejido.com\\\/wp-content\\\/uploads\\\/2019\\\/09\\\/p-03-1.jpg\",\"contentUrl\":\"https:\\\/\\\/notejido.com\\\/wp-content\\\/uploads\\\/2019\\\/09\\\/p-03-1.jpg\",\"width\":1600,\"height\":1000,\"caption\":\"Luxury paper bags\"},{\"@type\":\"BreadcrumbList\",\"@id\":\"https:\\\/\\\/notejido.com\\\/de\\\/produkte\\\/luxus-papiertaschen\\\/#breadcrumb\",\"itemListElement\":[{\"@type\":\"ListItem\",\"position\":1,\"name\":\"Portada\",\"item\":\"https:\\\/\\\/notejido.com\\\/de\\\/\"},{\"@type\":\"ListItem\",\"position\":2,\"name\":\"Luxus papiertaschen\"}]},{\"@type\":\"WebSite\",\"@id\":\"https:\\\/\\\/notejido.com\\\/de\\\/#website\",\"url\":\"https:\\\/\\\/notejido.com\\\/de\\\/\",\"name\":\"Disenos NT\",\"description\":\"Bolsas reutilizables, art\u00edculos higi\u00e9nicos-sanitarios, manteles desechables  y otro packaging promocional en material flexible\",\"potentialAction\":[{\"@type\":\"SearchAction\",\"target\":{\"@type\":\"EntryPoint\",\"urlTemplate\":\"https:\\\/\\\/notejido.com\\\/de\\\/?s={search_term_string}\"},\"query-input\":{\"@type\":\"PropertyValueSpecification\",\"valueRequired\":true,\"valueName\":\"search_term_string\"}}],\"inLanguage\":\"de\"}]}<\/script>\n<!-- \/ Yoast SEO plugin. -->","yoast_head_json":{"title":"Luxus papiertaschen - Disenos NT","robots":{"index":"index","follow":"follow","max-snippet":"max-snippet:-1","max-image-preview":"max-image-preview:large","max-video-preview":"max-video-preview:-1"},"canonical":"https:\/\/notejido.com\/de\/produkte\/luxus-papiertaschen\/","og_locale":"de_DE","og_type":"article","og_title":"Luxus papiertaschen - Disenos NT","og_description":"Die Premium-Verpackung f\u00fcr Unternehmen, die sich um jedes Detail k\u00fcmmern. Sie sind das bevorzugte Format gro\u00dfer Modemarken, Juweliergesch\u00e4fte, Kosmetika, Boutiquen [&hellip;]","og_url":"https:\/\/notejido.com\/de\/produkte\/luxus-papiertaschen\/","og_site_name":"Disenos NT","article_modified_time":"2019-12-25T10:45:05+00:00","og_image":[{"width":1600,"height":1000,"url":"https:\/\/notejido.com\/wp-content\/uploads\/2019\/09\/p-03-1.jpg","type":"image\/jpeg"}],"twitter_card":"summary_large_image","schema":{"@context":"https:\/\/schema.org","@graph":[{"@type":"WebPage","@id":"https:\/\/notejido.com\/de\/produkte\/luxus-papiertaschen\/","url":"https:\/\/notejido.com\/de\/produkte\/luxus-papiertaschen\/","name":"Luxus papiertaschen - Disenos NT","isPartOf":{"@id":"https:\/\/notejido.com\/de\/#website"},"primaryImageOfPage":{"@id":"https:\/\/notejido.com\/de\/produkte\/luxus-papiertaschen\/#primaryimage"},"image":{"@id":"https:\/\/notejido.com\/de\/produkte\/luxus-papiertaschen\/#primaryimage"},"thumbnailUrl":"https:\/\/notejido.com\/wp-content\/uploads\/2019\/09\/p-03-1.jpg","datePublished":"2019-09-25T16:08:55+00:00","dateModified":"2019-12-25T10:45:05+00:00","breadcrumb":{"@id":"https:\/\/notejido.com\/de\/produkte\/luxus-papiertaschen\/#breadcrumb"},"inLanguage":"de","potentialAction":[{"@type":"ReadAction","target":["https:\/\/notejido.com\/de\/produkte\/luxus-papiertaschen\/"]}]},{"@type":"ImageObject","inLanguage":"de","@id":"https:\/\/notejido.com\/de\/produkte\/luxus-papiertaschen\/#primaryimage","url":"https:\/\/notejido.com\/wp-content\/uploads\/2019\/09\/p-03-1.jpg","contentUrl":"https:\/\/notejido.com\/wp-content\/uploads\/2019\/09\/p-03-1.jpg","width":1600,"height":1000,"caption":"Luxury paper bags"},{"@type":"BreadcrumbList","@id":"https:\/\/notejido.com\/de\/produkte\/luxus-papiertaschen\/#breadcrumb","itemListElement":[{"@type":"ListItem","position":1,"name":"Portada","item":"https:\/\/notejido.com\/de\/"},{"@type":"ListItem","position":2,"name":"Luxus papiertaschen"}]},{"@type":"WebSite","@id":"https:\/\/notejido.com\/de\/#website","url":"https:\/\/notejido.com\/de\/","name":"Disenos NT","description":"Bolsas reutilizables, art\u00edculos higi\u00e9nicos-sanitarios, manteles desechables  y otro packaging promocional en material flexible","potentialAction":[{"@type":"SearchAction","target":{"@type":"EntryPoint","urlTemplate":"https:\/\/notejido.com\/de\/?s={search_term_string}"},"query-input":{"@type":"PropertyValueSpecification","valueRequired":true,"valueName":"search_term_string"}}],"inLanguage":"de"}]}},"_links":{"self":[{"href":"https:\/\/notejido.com\/de\/wp-json\/wp\/v2\/product\/4347","targetHints":{"allow":["GET"]}}],"collection":[{"href":"https:\/\/notejido.com\/de\/wp-json\/wp\/v2\/product"}],"about":[{"href":"https:\/\/notejido.com\/de\/wp-json\/wp\/v2\/types\/product"}],"wp:featuredmedia":[{"embeddable":true,"href":"https:\/\/notejido.com\/de\/wp-json\/wp\/v2\/media\/1672"}],"wp:attachment":[{"href":"https:\/\/notejido.com\/de\/wp-json\/wp\/v2\/media?parent=4347"}],"curies":[{"name":"wp","href":"https:\/\/api.w.org\/{rel}","templated":true}]}}