{"id":5724,"date":"2020-10-28T11:54:50","date_gmt":"2020-10-28T11:54:50","guid":{"rendered":"https:\/\/notejido.com\/productos\/sanitaeren-und-hygienischen-produkten\/"},"modified":"2026-04-07T12:08:04","modified_gmt":"2026-04-07T12:08:04","slug":"atemschutzsortiment","status":"publish","type":"product","link":"https:\/\/notejido.com\/de\/produkte\/atemschutzsortiment\/","title":{"rendered":"Atemschutz"},"content":{"rendered":"<div id=\"pl-gb5724-69d6f727237a3\"  class=\"panel-layout\" ><div id=\"pg-gb5724-69d6f727237a3-0\"  class=\"panel-grid panel-has-style\" ><div class=\"section-intro panel-row-style panel-row-style-for-gb5724-69d6f727237a3-0\" ><div id=\"pgc-gb5724-69d6f727237a3-0-0\"  class=\"panel-grid-cell\" ><div id=\"panel-gb5724-69d6f727237a3-0-0-0\" class=\"so-panel widget widget_sow-editor panel-first-child panel-last-child\" data-index=\"0\" ><div\n\t\t\t\n\t\t\tclass=\"so-widget-sow-editor so-widget-sow-editor-base\"\n\t\t\t\n\t\t>\n<div class=\"siteorigin-widget-tinymce textwidget\">\n\t<p style=\"text-align: center;\">Unser <strong>Atemschutzsortiment<\/strong> umfasst Hygiene- und Hygieneprodukte, die den Benutzer vor verschiedenen Partikeln mit hoher Toxizit\u00e4t sch\u00fctzen sollen. Bei den Produkten, \u00fcber die wir sprechen, handelt es sich sowohl um <strong>OP-Masken vom Typ IIR<\/strong> als auch um<strong> Masken vom Typ FFP2<\/strong>.<\/p>\n<\/div>\n<\/div><\/div><\/div><\/div><\/div><\/div>\n\n\n<p><\/p>\n","protected":false},"featured_media":8013,"template":"","class_list":["post-5724","product","type-product","status-publish","has-post-thumbnail","hentry"],"acf":[],"yoast_head":"<!-- This site is optimized with the Yoast SEO plugin v27.3 - https:\/\/yoast.com\/product\/yoast-seo-wordpress\/ -->\n<title>Atemschutz - Disenos NT<\/title>\n<meta name=\"robots\" content=\"index, follow, max-snippet:-1, max-image-preview:large, max-video-preview:-1\" \/>\n<link rel=\"canonical\" href=\"https:\/\/notejido.com\/de\/produkte\/atemschutzsortiment\/\" \/>\n<meta property=\"og:locale\" content=\"de_DE\" \/>\n<meta property=\"og:type\" content=\"article\" \/>\n<meta property=\"og:title\" content=\"Atemschutz - Disenos NT\" \/>\n<meta property=\"og:description\" content=\"Unser Atemschutzsortiment umfasst Hygiene- und Hygieneprodukte, die den Benutzer vor verschiedenen Partikeln mit hoher Toxizit\u00e4t sch\u00fctzen sollen. Bei den Produkten, [&hellip;]\" \/>\n<meta property=\"og:url\" content=\"https:\/\/notejido.com\/de\/produkte\/atemschutzsortiment\/\" \/>\n<meta property=\"og:site_name\" content=\"Disenos NT\" \/>\n<meta property=\"article:modified_time\" content=\"2026-04-07T12:08:04+00:00\" \/>\n<meta property=\"og:image\" content=\"https:\/\/notejido.com\/wp-content\/uploads\/2020\/09\/MASCARILLAS-QUIRURJICAS-scaled.jpg\" \/>\n\t<meta property=\"og:image:width\" content=\"2560\" \/>\n\t<meta property=\"og:image:height\" content=\"1440\" \/>\n\t<meta property=\"og:image:type\" content=\"image\/jpeg\" \/>\n<meta name=\"twitter:card\" content=\"summary_large_image\" \/>\n<meta name=\"twitter:label1\" content=\"Gesch\u00e4tzte Lesezeit\" \/>\n\t<meta name=\"twitter:data1\" content=\"1\u00a0Minute\" \/>\n<script type=\"application\/ld+json\" class=\"yoast-schema-graph\">{\"@context\":\"https:\\\/\\\/schema.org\",\"@graph\":[{\"@type\":\"WebPage\",\"@id\":\"https:\\\/\\\/notejido.com\\\/de\\\/produkte\\\/atemschutzsortiment\\\/\",\"url\":\"https:\\\/\\\/notejido.com\\\/de\\\/produkte\\\/atemschutzsortiment\\\/\",\"name\":\"Atemschutz - Disenos NT\",\"isPartOf\":{\"@id\":\"https:\\\/\\\/notejido.com\\\/de\\\/#website\"},\"primaryImageOfPage\":{\"@id\":\"https:\\\/\\\/notejido.com\\\/de\\\/produkte\\\/atemschutzsortiment\\\/#primaryimage\"},\"image\":{\"@id\":\"https:\\\/\\\/notejido.com\\\/de\\\/produkte\\\/atemschutzsortiment\\\/#primaryimage\"},\"thumbnailUrl\":\"https:\\\/\\\/notejido.com\\\/wp-content\\\/uploads\\\/2020\\\/09\\\/MASCARILLAS-QUIRURJICAS-scaled.jpg\",\"datePublished\":\"2020-10-28T11:54:50+00:00\",\"dateModified\":\"2026-04-07T12:08:04+00:00\",\"breadcrumb\":{\"@id\":\"https:\\\/\\\/notejido.com\\\/de\\\/produkte\\\/atemschutzsortiment\\\/#breadcrumb\"},\"inLanguage\":\"de\",\"potentialAction\":[{\"@type\":\"ReadAction\",\"target\":[\"https:\\\/\\\/notejido.com\\\/de\\\/produkte\\\/atemschutzsortiment\\\/\"]}]},{\"@type\":\"ImageObject\",\"inLanguage\":\"de\",\"@id\":\"https:\\\/\\\/notejido.com\\\/de\\\/produkte\\\/atemschutzsortiment\\\/#primaryimage\",\"url\":\"https:\\\/\\\/notejido.com\\\/wp-content\\\/uploads\\\/2020\\\/09\\\/MASCARILLAS-QUIRURJICAS-scaled.jpg\",\"contentUrl\":\"https:\\\/\\\/notejido.com\\\/wp-content\\\/uploads\\\/2020\\\/09\\\/MASCARILLAS-QUIRURJICAS-scaled.jpg\",\"width\":2560,\"height\":1440,\"caption\":\"Coronavirus department doctor making a phone call\"},{\"@type\":\"BreadcrumbList\",\"@id\":\"https:\\\/\\\/notejido.com\\\/de\\\/produkte\\\/atemschutzsortiment\\\/#breadcrumb\",\"itemListElement\":[{\"@type\":\"ListItem\",\"position\":1,\"name\":\"Portada\",\"item\":\"https:\\\/\\\/notejido.com\\\/de\\\/\"},{\"@type\":\"ListItem\",\"position\":2,\"name\":\"Atemschutz\"}]},{\"@type\":\"WebSite\",\"@id\":\"https:\\\/\\\/notejido.com\\\/de\\\/#website\",\"url\":\"https:\\\/\\\/notejido.com\\\/de\\\/\",\"name\":\"Disenos NT\",\"description\":\"Bolsas reutilizables, art\u00edculos higi\u00e9nicos-sanitarios, manteles desechables  y otro packaging promocional en material flexible\",\"potentialAction\":[{\"@type\":\"SearchAction\",\"target\":{\"@type\":\"EntryPoint\",\"urlTemplate\":\"https:\\\/\\\/notejido.com\\\/de\\\/?s={search_term_string}\"},\"query-input\":{\"@type\":\"PropertyValueSpecification\",\"valueRequired\":true,\"valueName\":\"search_term_string\"}}],\"inLanguage\":\"de\"}]}<\/script>\n<!-- \/ Yoast SEO plugin. -->","yoast_head_json":{"title":"Atemschutz - Disenos NT","robots":{"index":"index","follow":"follow","max-snippet":"max-snippet:-1","max-image-preview":"max-image-preview:large","max-video-preview":"max-video-preview:-1"},"canonical":"https:\/\/notejido.com\/de\/produkte\/atemschutzsortiment\/","og_locale":"de_DE","og_type":"article","og_title":"Atemschutz - Disenos NT","og_description":"Unser Atemschutzsortiment umfasst Hygiene- und Hygieneprodukte, die den Benutzer vor verschiedenen Partikeln mit hoher Toxizit\u00e4t sch\u00fctzen sollen. Bei den Produkten, [&hellip;]","og_url":"https:\/\/notejido.com\/de\/produkte\/atemschutzsortiment\/","og_site_name":"Disenos NT","article_modified_time":"2026-04-07T12:08:04+00:00","og_image":[{"width":2560,"height":1440,"url":"https:\/\/notejido.com\/wp-content\/uploads\/2020\/09\/MASCARILLAS-QUIRURJICAS-scaled.jpg","type":"image\/jpeg"}],"twitter_card":"summary_large_image","twitter_misc":{"Gesch\u00e4tzte Lesezeit":"1\u00a0Minute"},"schema":{"@context":"https:\/\/schema.org","@graph":[{"@type":"WebPage","@id":"https:\/\/notejido.com\/de\/produkte\/atemschutzsortiment\/","url":"https:\/\/notejido.com\/de\/produkte\/atemschutzsortiment\/","name":"Atemschutz - Disenos NT","isPartOf":{"@id":"https:\/\/notejido.com\/de\/#website"},"primaryImageOfPage":{"@id":"https:\/\/notejido.com\/de\/produkte\/atemschutzsortiment\/#primaryimage"},"image":{"@id":"https:\/\/notejido.com\/de\/produkte\/atemschutzsortiment\/#primaryimage"},"thumbnailUrl":"https:\/\/notejido.com\/wp-content\/uploads\/2020\/09\/MASCARILLAS-QUIRURJICAS-scaled.jpg","datePublished":"2020-10-28T11:54:50+00:00","dateModified":"2026-04-07T12:08:04+00:00","breadcrumb":{"@id":"https:\/\/notejido.com\/de\/produkte\/atemschutzsortiment\/#breadcrumb"},"inLanguage":"de","potentialAction":[{"@type":"ReadAction","target":["https:\/\/notejido.com\/de\/produkte\/atemschutzsortiment\/"]}]},{"@type":"ImageObject","inLanguage":"de","@id":"https:\/\/notejido.com\/de\/produkte\/atemschutzsortiment\/#primaryimage","url":"https:\/\/notejido.com\/wp-content\/uploads\/2020\/09\/MASCARILLAS-QUIRURJICAS-scaled.jpg","contentUrl":"https:\/\/notejido.com\/wp-content\/uploads\/2020\/09\/MASCARILLAS-QUIRURJICAS-scaled.jpg","width":2560,"height":1440,"caption":"Coronavirus department doctor making a phone call"},{"@type":"BreadcrumbList","@id":"https:\/\/notejido.com\/de\/produkte\/atemschutzsortiment\/#breadcrumb","itemListElement":[{"@type":"ListItem","position":1,"name":"Portada","item":"https:\/\/notejido.com\/de\/"},{"@type":"ListItem","position":2,"name":"Atemschutz"}]},{"@type":"WebSite","@id":"https:\/\/notejido.com\/de\/#website","url":"https:\/\/notejido.com\/de\/","name":"Disenos NT","description":"Bolsas reutilizables, art\u00edculos higi\u00e9nicos-sanitarios, manteles desechables  y otro packaging promocional en material flexible","potentialAction":[{"@type":"SearchAction","target":{"@type":"EntryPoint","urlTemplate":"https:\/\/notejido.com\/de\/?s={search_term_string}"},"query-input":{"@type":"PropertyValueSpecification","valueRequired":true,"valueName":"search_term_string"}}],"inLanguage":"de"}]}},"_links":{"self":[{"href":"https:\/\/notejido.com\/de\/wp-json\/wp\/v2\/product\/5724","targetHints":{"allow":["GET"]}}],"collection":[{"href":"https:\/\/notejido.com\/de\/wp-json\/wp\/v2\/product"}],"about":[{"href":"https:\/\/notejido.com\/de\/wp-json\/wp\/v2\/types\/product"}],"wp:featuredmedia":[{"embeddable":true,"href":"https:\/\/notejido.com\/de\/wp-json\/wp\/v2\/media\/8013"}],"wp:attachment":[{"href":"https:\/\/notejido.com\/de\/wp-json\/wp\/v2\/media?parent=5724"}],"curies":[{"name":"wp","href":"https:\/\/api.w.org\/{rel}","templated":true}]}}