{"id":8330,"date":"2024-11-04T09:16:44","date_gmt":"2024-11-04T09:16:44","guid":{"rendered":"https:\/\/notejido.com\/productos\/proteccion-corporal\/"},"modified":"2024-11-12T11:25:40","modified_gmt":"2024-11-12T11:25:40","slug":"koerperschutzsortiment","status":"publish","type":"product","link":"https:\/\/notejido.com\/de\/produkte\/koerperschutzsortiment\/","title":{"rendered":"K\u00f6rperschutzsortiment"},"content":{"rendered":"<div id=\"pl-gb8330-69d2208c9183b\"  class=\"panel-layout\" ><div id=\"pg-gb8330-69d2208c9183b-0\"  class=\"panel-grid panel-has-style\" ><div class=\"section-intro panel-row-style panel-row-style-for-gb8330-69d2208c9183b-0\" ><div id=\"pgc-gb8330-69d2208c9183b-0-0\"  class=\"panel-grid-cell\" ><div id=\"panel-gb8330-69d2208c9183b-0-0-0\" class=\"so-panel widget widget_sow-editor panel-first-child panel-last-child\" data-index=\"0\" ><div\n\t\t\t\n\t\t\tclass=\"so-widget-sow-editor so-widget-sow-editor-base\"\n\t\t\t\n\t\t>\n<div class=\"siteorigin-widget-tinymce textwidget\">\n\t<p style=\"text-align: center;\">Das <strong data-rich-text-format-boundary=\"true\">K\u00f6rperschutzsortiment<\/strong> ist f\u00fcr Hygiene- und Hygieneprodukte gedacht, die das Gesundheitspersonal und die Patienten vor m\u00f6glichen Infektionserregern sch\u00fctzen. Alle diese Produkte zeichnen sich durch die Herstellung aus <strong>Hochleistungsgewebe aus<\/strong>, <strong>das besonders weich<\/strong>, <strong>bequem<\/strong> und <strong>atmungsaktiv ist<\/strong>. <\/p>\n<\/div>\n<\/div><\/div><\/div><\/div><\/div><\/div>\n<p><\/p>\n","protected":false},"featured_media":8026,"template":"","class_list":["post-8330","product","type-product","status-publish","has-post-thumbnail","hentry"],"acf":[],"yoast_head":"<!-- This site is optimized with the Yoast SEO plugin v27.2 - https:\/\/yoast.com\/product\/yoast-seo-wordpress\/ -->\n<title>K\u00f6rperschutzsortiment - Disenos NT<\/title>\n<meta name=\"robots\" content=\"index, follow, max-snippet:-1, max-image-preview:large, max-video-preview:-1\" \/>\n<link rel=\"canonical\" href=\"https:\/\/notejido.com\/de\/produkte\/koerperschutzsortiment\/\" \/>\n<meta property=\"og:locale\" content=\"de_DE\" \/>\n<meta property=\"og:type\" content=\"article\" \/>\n<meta property=\"og:title\" content=\"K\u00f6rperschutzsortiment - Disenos NT\" \/>\n<meta property=\"og:description\" content=\"Das K\u00f6rperschutzsortiment ist f\u00fcr Hygiene- und Hygieneprodukte gedacht, die das Gesundheitspersonal und die Patienten vor m\u00f6glichen Infektionserregern sch\u00fctzen. Alle diese [&hellip;]\" \/>\n<meta property=\"og:url\" content=\"https:\/\/notejido.com\/de\/produkte\/koerperschutzsortiment\/\" \/>\n<meta property=\"og:site_name\" content=\"Disenos NT\" \/>\n<meta property=\"article:modified_time\" content=\"2024-11-12T11:25:40+00:00\" \/>\n<meta property=\"og:image\" content=\"https:\/\/notejido.com\/wp-content\/uploads\/2024\/10\/PROTECCION-CORPORAL-SANITARIA-scaled.jpg\" \/>\n\t<meta property=\"og:image:width\" content=\"2560\" \/>\n\t<meta property=\"og:image:height\" content=\"1707\" \/>\n\t<meta property=\"og:image:type\" content=\"image\/jpeg\" \/>\n<meta name=\"twitter:card\" content=\"summary_large_image\" \/>\n<meta name=\"twitter:label1\" content=\"Gesch\u00e4tzte Lesezeit\" \/>\n\t<meta name=\"twitter:data1\" content=\"1\u00a0Minute\" \/>\n<script type=\"application\/ld+json\" class=\"yoast-schema-graph\">{\"@context\":\"https:\/\/schema.org\",\"@graph\":[{\"@type\":\"WebPage\",\"@id\":\"https:\/\/notejido.com\/de\/produkte\/koerperschutzsortiment\/\",\"url\":\"https:\/\/notejido.com\/de\/produkte\/koerperschutzsortiment\/\",\"name\":\"K\u00f6rperschutzsortiment - Disenos NT\",\"isPartOf\":{\"@id\":\"https:\/\/notejido.com\/de\/#website\"},\"primaryImageOfPage\":{\"@id\":\"https:\/\/notejido.com\/de\/produkte\/koerperschutzsortiment\/#primaryimage\"},\"image\":{\"@id\":\"https:\/\/notejido.com\/de\/produkte\/koerperschutzsortiment\/#primaryimage\"},\"thumbnailUrl\":\"https:\/\/notejido.com\/wp-content\/uploads\/2024\/10\/PROTECCION-CORPORAL-SANITARIA-scaled.jpg\",\"datePublished\":\"2024-11-04T09:16:44+00:00\",\"dateModified\":\"2024-11-12T11:25:40+00:00\",\"breadcrumb\":{\"@id\":\"https:\/\/notejido.com\/de\/produkte\/koerperschutzsortiment\/#breadcrumb\"},\"inLanguage\":\"de\",\"potentialAction\":[{\"@type\":\"ReadAction\",\"target\":[\"https:\/\/notejido.com\/de\/produkte\/koerperschutzsortiment\/\"]}]},{\"@type\":\"ImageObject\",\"inLanguage\":\"de\",\"@id\":\"https:\/\/notejido.com\/de\/produkte\/koerperschutzsortiment\/#primaryimage\",\"url\":\"https:\/\/notejido.com\/wp-content\/uploads\/2024\/10\/PROTECCION-CORPORAL-SANITARIA-scaled.jpg\",\"contentUrl\":\"https:\/\/notejido.com\/wp-content\/uploads\/2024\/10\/PROTECCION-CORPORAL-SANITARIA-scaled.jpg\",\"width\":2560,\"height\":1707,\"caption\":\"Close up of surgeon standing in operating room with crossing hands, ready to work on patient\"},{\"@type\":\"BreadcrumbList\",\"@id\":\"https:\/\/notejido.com\/de\/produkte\/koerperschutzsortiment\/#breadcrumb\",\"itemListElement\":[{\"@type\":\"ListItem\",\"position\":1,\"name\":\"Portada\",\"item\":\"https:\/\/notejido.com\/de\/\"},{\"@type\":\"ListItem\",\"position\":2,\"name\":\"K\u00f6rperschutzsortiment\"}]},{\"@type\":\"WebSite\",\"@id\":\"https:\/\/notejido.com\/de\/#website\",\"url\":\"https:\/\/notejido.com\/de\/\",\"name\":\"Disenos NT\",\"description\":\"Bolsas reutilizables, art\u00edculos higi\u00e9nicos-sanitarios, manteles desechables  y otro packaging promocional en material flexible\",\"potentialAction\":[{\"@type\":\"SearchAction\",\"target\":{\"@type\":\"EntryPoint\",\"urlTemplate\":\"https:\/\/notejido.com\/de\/?s={search_term_string}\"},\"query-input\":{\"@type\":\"PropertyValueSpecification\",\"valueRequired\":true,\"valueName\":\"search_term_string\"}}],\"inLanguage\":\"de\"}]}<\/script>\n<!-- \/ Yoast SEO plugin. -->","yoast_head_json":{"title":"K\u00f6rperschutzsortiment - Disenos NT","robots":{"index":"index","follow":"follow","max-snippet":"max-snippet:-1","max-image-preview":"max-image-preview:large","max-video-preview":"max-video-preview:-1"},"canonical":"https:\/\/notejido.com\/de\/produkte\/koerperschutzsortiment\/","og_locale":"de_DE","og_type":"article","og_title":"K\u00f6rperschutzsortiment - Disenos NT","og_description":"Das K\u00f6rperschutzsortiment ist f\u00fcr Hygiene- und Hygieneprodukte gedacht, die das Gesundheitspersonal und die Patienten vor m\u00f6glichen Infektionserregern sch\u00fctzen. Alle diese [&hellip;]","og_url":"https:\/\/notejido.com\/de\/produkte\/koerperschutzsortiment\/","og_site_name":"Disenos NT","article_modified_time":"2024-11-12T11:25:40+00:00","og_image":[{"width":2560,"height":1707,"url":"https:\/\/notejido.com\/wp-content\/uploads\/2024\/10\/PROTECCION-CORPORAL-SANITARIA-scaled.jpg","type":"image\/jpeg"}],"twitter_card":"summary_large_image","twitter_misc":{"Gesch\u00e4tzte Lesezeit":"1\u00a0Minute"},"schema":{"@context":"https:\/\/schema.org","@graph":[{"@type":"WebPage","@id":"https:\/\/notejido.com\/de\/produkte\/koerperschutzsortiment\/","url":"https:\/\/notejido.com\/de\/produkte\/koerperschutzsortiment\/","name":"K\u00f6rperschutzsortiment - Disenos NT","isPartOf":{"@id":"https:\/\/notejido.com\/de\/#website"},"primaryImageOfPage":{"@id":"https:\/\/notejido.com\/de\/produkte\/koerperschutzsortiment\/#primaryimage"},"image":{"@id":"https:\/\/notejido.com\/de\/produkte\/koerperschutzsortiment\/#primaryimage"},"thumbnailUrl":"https:\/\/notejido.com\/wp-content\/uploads\/2024\/10\/PROTECCION-CORPORAL-SANITARIA-scaled.jpg","datePublished":"2024-11-04T09:16:44+00:00","dateModified":"2024-11-12T11:25:40+00:00","breadcrumb":{"@id":"https:\/\/notejido.com\/de\/produkte\/koerperschutzsortiment\/#breadcrumb"},"inLanguage":"de","potentialAction":[{"@type":"ReadAction","target":["https:\/\/notejido.com\/de\/produkte\/koerperschutzsortiment\/"]}]},{"@type":"ImageObject","inLanguage":"de","@id":"https:\/\/notejido.com\/de\/produkte\/koerperschutzsortiment\/#primaryimage","url":"https:\/\/notejido.com\/wp-content\/uploads\/2024\/10\/PROTECCION-CORPORAL-SANITARIA-scaled.jpg","contentUrl":"https:\/\/notejido.com\/wp-content\/uploads\/2024\/10\/PROTECCION-CORPORAL-SANITARIA-scaled.jpg","width":2560,"height":1707,"caption":"Close up of surgeon standing in operating room with crossing hands, ready to work on patient"},{"@type":"BreadcrumbList","@id":"https:\/\/notejido.com\/de\/produkte\/koerperschutzsortiment\/#breadcrumb","itemListElement":[{"@type":"ListItem","position":1,"name":"Portada","item":"https:\/\/notejido.com\/de\/"},{"@type":"ListItem","position":2,"name":"K\u00f6rperschutzsortiment"}]},{"@type":"WebSite","@id":"https:\/\/notejido.com\/de\/#website","url":"https:\/\/notejido.com\/de\/","name":"Disenos NT","description":"Bolsas reutilizables, art\u00edculos higi\u00e9nicos-sanitarios, manteles desechables  y otro packaging promocional en material flexible","potentialAction":[{"@type":"SearchAction","target":{"@type":"EntryPoint","urlTemplate":"https:\/\/notejido.com\/de\/?s={search_term_string}"},"query-input":{"@type":"PropertyValueSpecification","valueRequired":true,"valueName":"search_term_string"}}],"inLanguage":"de"}]}},"_links":{"self":[{"href":"https:\/\/notejido.com\/de\/wp-json\/wp\/v2\/product\/8330","targetHints":{"allow":["GET"]}}],"collection":[{"href":"https:\/\/notejido.com\/de\/wp-json\/wp\/v2\/product"}],"about":[{"href":"https:\/\/notejido.com\/de\/wp-json\/wp\/v2\/types\/product"}],"wp:featuredmedia":[{"embeddable":true,"href":"https:\/\/notejido.com\/de\/wp-json\/wp\/v2\/media\/8026"}],"wp:attachment":[{"href":"https:\/\/notejido.com\/de\/wp-json\/wp\/v2\/media?parent=8330"}],"curies":[{"name":"wp","href":"https:\/\/api.w.org\/{rel}","templated":true}]}}