{"id":3256,"date":"2019-10-27T10:07:38","date_gmt":"2019-10-27T10:07:38","guid":{"rendered":"https:\/\/notejido.com\/sostenibilidad-y-rsc\/"},"modified":"2024-11-19T15:08:36","modified_gmt":"2024-11-19T15:08:36","slug":"durabilite-et-rse","status":"publish","type":"page","link":"https:\/\/notejido.com\/fr\/durabilite-et-rse\/","title":{"rendered":"Durabilit\u00e9 et RSE"},"content":{"rendered":"<div id=\"pl-gb3256-69d0c2b9e90ac\"  class=\"panel-layout wp-block-siteorigin-panels-layout-block\" ><div id=\"pg-gb3256-69d0c2b9e90ac-0\"  class=\"panel-grid panel-has-style\" ><div class=\"section-narrow panel-row-style panel-row-style-for-gb3256-69d0c2b9e90ac-0\" ><div id=\"pgc-gb3256-69d0c2b9e90ac-0-0\"  class=\"panel-grid-cell\" ><div id=\"panel-gb3256-69d0c2b9e90ac-0-0-0\" class=\"so-panel widget widget_sow-editor panel-first-child panel-last-child\" data-index=\"0\" ><div\n\t\t\t\n\t\t\tclass=\"so-widget-sow-editor so-widget-sow-editor-base\"\n\t\t\t\n\t\t>\n<div class=\"siteorigin-widget-tinymce textwidget\">\n\t<p style=\"text-align: center;\">En reconnaissance et en engagement envers la responsabilit\u00e9 sociale des entreprises, nous avons obtenu le niveau Silver Recognition bas\u00e9 sur les normes internationales de d\u00e9veloppement durable d&rsquo;Ecovadis, le fournisseur le plus reconnu de notations de Durabilit\u00e9 et RSE des entreprises au monde.<\/p>\n<\/div>\n<\/div><\/div><\/div><\/div><\/div><div id=\"pg-gb3256-69d0c2b9e90ac-1\"  class=\"panel-grid panel-has-style\" ><div class=\"section-icons panel-row-style panel-row-style-for-gb3256-69d0c2b9e90ac-1\" ><div id=\"pgc-gb3256-69d0c2b9e90ac-1-0\"  class=\"panel-grid-cell\" ><div id=\"panel-gb3256-69d0c2b9e90ac-1-0-0\" class=\"so-panel widget widget_sow-image panel-first-child\" data-index=\"1\" ><div\n\t\t\t\n\t\t\tclass=\"so-widget-sow-image so-widget-sow-image-default-c67d20f9f743-3256\"\n\t\t\t\n\t\t>\n<div class=\"sow-image-container\">\n\t\t<img \n\tsrc=\"https:\/\/notejido.com\/wp-content\/uploads\/2019\/10\/ico-ma.png\" width=\"209\" height=\"209\" sizes=\"(max-width: 209px) 100vw, 209px\" title=\"Durabilit\u00e9 et RSE\" alt=\"Environnement\" \t\tclass=\"so-widget-image\"\/>\n\t<\/div>\n\n<\/div><\/div><div id=\"panel-gb3256-69d0c2b9e90ac-1-0-1\" class=\"so-panel widget widget_sow-editor panel-last-child\" data-index=\"2\" ><div\n\t\t\t\n\t\t\tclass=\"so-widget-sow-editor so-widget-sow-editor-base\"\n\t\t\t\n\t\t>\n<div class=\"siteorigin-widget-tinymce textwidget\">\n\t<h3 style=\"text-align: center;\">Environnement<\/h3>\n<\/div>\n<\/div><\/div><\/div><div id=\"pgc-gb3256-69d0c2b9e90ac-1-1\"  class=\"panel-grid-cell\" ><div id=\"panel-gb3256-69d0c2b9e90ac-1-1-0\" class=\"so-panel widget widget_sow-image panel-first-child\" data-index=\"3\" ><div\n\t\t\t\n\t\t\tclass=\"so-widget-sow-image so-widget-sow-image-default-c67d20f9f743-3256\"\n\t\t\t\n\t\t>\n<div class=\"sow-image-container\">\n\t\t<img \n\tsrc=\"https:\/\/notejido.com\/wp-content\/uploads\/2019\/10\/ico-dh.png\" width=\"209\" height=\"209\" sizes=\"(max-width: 209px) 100vw, 209px\" title=\"Pratiques du travail et droits de l\u2019homme\" alt=\"Durabilit\u00e9 et RSE\" \t\tclass=\"so-widget-image\"\/>\n\t<\/div>\n\n<\/div><\/div><div id=\"panel-gb3256-69d0c2b9e90ac-1-1-1\" class=\"so-panel widget widget_sow-editor panel-last-child\" data-index=\"4\" ><div\n\t\t\t\n\t\t\tclass=\"so-widget-sow-editor so-widget-sow-editor-base\"\n\t\t\t\n\t\t>\n<div class=\"siteorigin-widget-tinymce textwidget\">\n\t<h3 style=\"text-align: center;\">Pratiques du travail et droits de l\u2019homme<\/h3>\n<\/div>\n<\/div><\/div><\/div><div id=\"pgc-gb3256-69d0c2b9e90ac-1-2\"  class=\"panel-grid-cell\" ><div id=\"panel-gb3256-69d0c2b9e90ac-1-2-0\" class=\"so-panel widget widget_sow-image panel-first-child\" data-index=\"5\" ><div\n\t\t\t\n\t\t\tclass=\"so-widget-sow-image so-widget-sow-image-default-c67d20f9f743-3256\"\n\t\t\t\n\t\t>\n<div class=\"sow-image-container\">\n\t\t<img \n\tsrc=\"https:\/\/notejido.com\/wp-content\/uploads\/2019\/10\/ico-bpe.png\" width=\"209\" height=\"209\" sizes=\"(max-width: 209px) 100vw, 209px\" title=\"Pratiques commerciales efficaces\" alt=\"Durabilit\u00e9 et RSE \" \t\tclass=\"so-widget-image\"\/>\n\t<\/div>\n\n<\/div><\/div><div id=\"panel-gb3256-69d0c2b9e90ac-1-2-1\" class=\"so-panel widget widget_sow-editor panel-last-child\" data-index=\"6\" ><div\n\t\t\t\n\t\t\tclass=\"so-widget-sow-editor so-widget-sow-editor-base\"\n\t\t\t\n\t\t>\n<div class=\"siteorigin-widget-tinymce textwidget\">\n\t<h3 style=\"text-align: center;\">Pratiques commerciales efficaces<\/h3>\n<\/div>\n<\/div><\/div><\/div><div id=\"pgc-gb3256-69d0c2b9e90ac-1-3\"  class=\"panel-grid-cell\" ><div id=\"panel-gb3256-69d0c2b9e90ac-1-3-0\" class=\"so-panel widget widget_sow-image panel-first-child\" data-index=\"7\" ><div\n\t\t\t\n\t\t\tclass=\"so-widget-sow-image so-widget-sow-image-default-c67d20f9f743-3256\"\n\t\t\t\n\t\t>\n<div class=\"sow-image-container\">\n\t\t<img \n\tsrc=\"https:\/\/notejido.com\/wp-content\/uploads\/2019\/10\/ico-as.png\" width=\"209\" height=\"209\" sizes=\"(max-width: 209px) 100vw, 209px\" title=\"Approvisionnement durable\" alt=\"Durabilit\u00e9 et RSE\" \t\tclass=\"so-widget-image\"\/>\n\t<\/div>\n\n<\/div><\/div><div id=\"panel-gb3256-69d0c2b9e90ac-1-3-1\" class=\"so-panel widget widget_sow-editor panel-last-child\" data-index=\"8\" ><div\n\t\t\t\n\t\t\tclass=\"so-widget-sow-editor so-widget-sow-editor-base\"\n\t\t\t\n\t\t>\n<div class=\"siteorigin-widget-tinymce textwidget\">\n\t<h3 style=\"text-align: center;\">Approvisionnement durable<\/h3>\n<\/div>\n<\/div><\/div><\/div><\/div><\/div><div id=\"pg-gb3256-69d0c2b9e90ac-2\"  class=\"panel-grid panel-has-style\" ><div class=\"section-narrow panel-row-style panel-row-style-for-gb3256-69d0c2b9e90ac-2\" ><div id=\"pgc-gb3256-69d0c2b9e90ac-2-0\"  class=\"panel-grid-cell\" ><div id=\"panel-gb3256-69d0c2b9e90ac-2-0-0\" class=\"so-panel widget widget_sow-editor panel-first-child panel-last-child\" data-index=\"9\" ><div\n\t\t\t\n\t\t\tclass=\"so-widget-sow-editor so-widget-sow-editor-base\"\n\t\t\t\n\t\t>\n<div class=\"siteorigin-widget-tinymce textwidget\">\n\t<p style=\"text-align: center;\">Le concept de durabilit\u00e9 est intrins\u00e8que \u00e0 tous les processus de la cha\u00eene de valeur, soulignant l&rsquo;impact positif de notre activit\u00e9 commerciale sur nos clients, employ\u00e9s, partenaires et communaut\u00e9s dans lesquelles nous op\u00e9rons.<\/p>\n<\/div>\n<\/div><\/div><\/div><\/div><\/div><div id=\"pg-gb3256-69d0c2b9e90ac-3\"  class=\"panel-grid panel-has-style\" ><div class=\"section-gray siteorigin-panels-stretch panel-row-style panel-row-style-for-gb3256-69d0c2b9e90ac-3\" data-stretch-type=\"full\" ><div id=\"pgc-gb3256-69d0c2b9e90ac-3-0\"  class=\"panel-grid-cell\" ><div class=\"panel-cell-style panel-cell-style-for-gb3256-69d0c2b9e90ac-3-0\" ><div id=\"panel-gb3256-69d0c2b9e90ac-3-0-0\" class=\"so-panel widget widget_sow-editor panel-first-child\" data-index=\"10\" ><div\n\t\t\t\n\t\t\tclass=\"so-widget-sow-editor so-widget-sow-editor-base\"\n\t\t\t\n\t\t>\n<div class=\"siteorigin-widget-tinymce textwidget\">\n\t<p class=\"pre-title\" style=\"text-align: center;\">Engagement vis-\u00e0-vis de l&rsquo;environnement<\/p>\n<h2 style=\"text-align: center;\">Gestion Environnementale<\/h2>\n<\/div>\n<\/div><\/div><div id=\"panel-gb3256-69d0c2b9e90ac-3-0-1\" class=\"so-panel widget widget_sow-editor panel-last-child\" data-index=\"11\" ><div class=\"panel-widget-style panel-widget-style-for-gb3256-69d0c2b9e90ac-3-0-1\" ><div\n\t\t\t\n\t\t\tclass=\"so-widget-sow-editor so-widget-sow-editor-base\"\n\t\t\t\n\t\t>\n<div class=\"siteorigin-widget-tinymce textwidget\">\n\t<p>Chez Dise\u00f1os NT, nous proposons des solutions d&#8217;emballage et d&#8217;emballage flexibles de plus en plus durables et respectueuses de l&rsquo;environnement. Nous proposons des produits 100% recyclables, r\u00e9duisant ainsi notre impact.<\/p>\n<p>Notre objectif Durabilit\u00e9 et RSE, est de calculer, r\u00e9duire et compenser<\/p>\n<p>nos \u00e9missions afin que nos processus soient plus optimaux et durables.<\/p>\n<p>Compte tenu de notre engagement et de notre conscience environnementale, nous calculons les \u00e9missions de notre activit\u00e9 principale \u00e0 travers l&rsquo;analyse du cycle de vie et le calcul de l&#8217;empreinte carbone du produit.<\/p>\n<p>Notre fabrication en Espagne nous permet de r\u00e9duire les \u00e9missions de CO2 et de minimiser l&rsquo;impact environnemental par rapport aux importations asiatiques.<\/p>\n<p>Notre objectif est de continuer la Durabilit\u00e9 et RSE \u00e0 \u00eatre un leader social et environnemental, g\u00e9n\u00e9rateur d\u2019emplois, apportant du bien-\u00eatre et cr\u00e9ant de la valeur pour tous nos collaborateurs et groupes d\u2019int\u00e9r\u00eat. L&rsquo;innovation, l&rsquo;am\u00e9lioration de la qualit\u00e9 et la durabilit\u00e9 marquent nos axes de croissance.<\/p>\n<\/div>\n<\/div><\/div><\/div><\/div><\/div><\/div><\/div><div id=\"pg-gb3256-69d0c2b9e90ac-4\"  class=\"panel-grid panel-has-style\" ><div class=\"siteorigin-panels-stretch panel-row-style panel-row-style-for-gb3256-69d0c2b9e90ac-4\" data-stretch-type=\"full-width-stretch\" ><div id=\"pgc-gb3256-69d0c2b9e90ac-4-0\"  class=\"panel-grid-cell panel-grid-cell-mobile-last\" ><div id=\"panel-gb3256-69d0c2b9e90ac-4-0-0\" class=\"so-panel widget widget_sow-editor panel-first-child panel-last-child\" data-index=\"12\" ><div class=\"block-txt-info panel-widget-style panel-widget-style-for-gb3256-69d0c2b9e90ac-4-0-0\" ><div\n\t\t\t\n\t\t\tclass=\"so-widget-sow-editor so-widget-sow-editor-base\"\n\t\t\t\n\t\t>\n<div class=\"siteorigin-widget-tinymce textwidget\">\n\t<p class=\"pre-title\">Engagement social<\/p>\n<h2>Causes sociales<\/h2>\n<p>Les actions de <a href=\"https:\/\/notejido.com\/fr\/connaissez-nous\/\">responsabilit\u00e9 sociale<\/a> font partie de notre culture et de nos valeurs. Nous promouvons les actions sociales et sommes immerg\u00e9s dans des projets de placement en collaboration avec Repsol pour mettre en \u0153uvre un projet d&rsquo;insertion sociale.<\/p>\n<p>&nbsp;<\/p>\n<p>Un projet consolid\u00e9 qui consiste \u00e0 offrir une formation et un emploi aux m\u00e8res c\u00e9libataires avec enfants \u00e0 charge, de diff\u00e9rentes nationalit\u00e9s, sans soutien familial et victimes de violence sous toutes ses formes.<\/p>\n<\/div>\n<\/div><\/div><\/div><\/div><div id=\"pgc-gb3256-69d0c2b9e90ac-4-1\"  class=\"panel-grid-cell panel-grid-cell-empty\" ><div class=\"panel-cell-style panel-cell-style-for-gb3256-69d0c2b9e90ac-4-1\" ><\/div><\/div><\/div><\/div><div id=\"pg-gb3256-69d0c2b9e90ac-5\"  class=\"panel-grid panel-has-style\" ><div class=\"section-gray siteorigin-panels-stretch panel-row-style panel-row-style-for-gb3256-69d0c2b9e90ac-5\" data-stretch-type=\"full\" ><div id=\"pgc-gb3256-69d0c2b9e90ac-5-0\"  class=\"panel-grid-cell\" ><div class=\"panel-cell-style panel-cell-style-for-gb3256-69d0c2b9e90ac-5-0\" ><div id=\"panel-gb3256-69d0c2b9e90ac-5-0-0\" class=\"so-panel widget widget_sow-editor panel-first-child panel-last-child\" data-index=\"13\" ><div\n\t\t\t\n\t\t\tclass=\"so-widget-sow-editor so-widget-sow-editor-base\"\n\t\t\t\n\t\t>\n<div class=\"siteorigin-widget-tinymce textwidget\">\n\t<p class=\"pre-title\">Engagement du travail<\/p>\n<h2>Bonnes pratiques commerciales<\/h2>\n<p>Nous exploitons cinq usines de fabrication qui offrent des opportunit\u00e9s dans un environnement de travail coop\u00e9ratif, innovant et \u00e9galitaire. Notre objectif est de favoriser un lieu de travail sain et s\u00e9curitaire tout en favorisant l\u2019inclusion des travailleurs de tous horizons.<\/p>\n<p>Chez Dise\u00f1os NT, nous exigeons les normes \u00e9thiques les plus \u00e9lev\u00e9es de la part de tous nos professionnels. Pour soutenir cela, nous avons cr\u00e9\u00e9 un <a href=\"https:\/\/mknotejido@www.notejido.com\/mk\/01%20C%C3%B3dito%20de%20Conducta%20y%20%C3%89tica_%20ESP_%20Rev2%20012024.pdf?_gl=1*1k9rnqh*_ga*MjA4MTI2MzUzNy4xNzIwNzYzMjU4*_ga_5VZYDRBE6T*MTcyMDc2MzI1Ny4xLjEuMTcyMDc2NDcwOS4wLjAuMA..\">Code de conduite et d\u2019\u00e9thique<\/a> comme r\u00e9f\u00e9rence pour guider les professionnels dans la prise des bonnes d\u00e9cisions en toute circonstance. De plus, nous avons \u00e9tabli un <a href=\"https:\/\/mknotejido@www.notejido.com\/mk\/03%20Pol%C3%ADtica%20de%20compras%20responsables%20_ESP_Rev%202%20012024.pdf?_gl=1*1k9rnqh*_ga*MjA4MTI2MzUzNy4xNzIwNzYzMjU4*_ga_5VZYDRBE6T*MTcyMDc2MzI1Ny4xLjEuMTcyMDc2NDcwOS4wLjAuMA..\">Code d\u2019Achats Responsables<\/a> pour r\u00e9gir les interactions entre le client et l\u2019entreprise<\/p>\n<\/div>\n<\/div><\/div><\/div><\/div><div id=\"pgc-gb3256-69d0c2b9e90ac-5-1\"  class=\"panel-grid-cell\" ><div class=\"panel-cell-style panel-cell-style-for-gb3256-69d0c2b9e90ac-5-1\" ><div id=\"panel-gb3256-69d0c2b9e90ac-5-1-0\" class=\"so-panel widget widget_sow-editor panel-first-child panel-last-child\" data-index=\"14\" ><div\n\t\t\t\n\t\t\tclass=\"so-widget-sow-editor so-widget-sow-editor-base\"\n\t\t\t\n\t\t>\n<div class=\"siteorigin-widget-tinymce textwidget\">\n\t<p class=\"pre-title\">Engagement de durabilit\u00e9 envers les fournisseurs<\/p>\n<h2>Approvisionnement durable<\/h2>\n<p>Notre engagement repose sur le d\u00e9veloppement d\u2019une cha\u00eene de production efficace et durable depuis son origine. La production int\u00e9gr\u00e9e int\u00e8gre le concept d\u2019\u00e9conomie circulaire.<\/p>\n<p>Ce mod\u00e8le de circularit\u00e9 de Durabilit\u00e9 et RSE implique la fabrication du produit, son utilisation et sa r\u00e9utilisation.<\/p>\n<p>De plus, nous disposons de la certification PEFC Forest Management Chain of Custody, qui v\u00e9rifie la tra\u00e7abilit\u00e9 des produits fabriqu\u00e9s \u00e0 partir du bois et de ses d\u00e9riv\u00e9s. Nous pouvons ainsi garantir que le papier avec lequel nos sacs sont fabriqu\u00e9s provient de for\u00eats g\u00e9r\u00e9es durablement.<\/p>\n<\/div>\n<\/div><\/div><\/div><\/div><\/div><\/div><\/div>\n\n\n<p><\/p>\n","protected":false},"excerpt":{"rendered":"<p>En reconnaissance et en engagement envers la responsabilit\u00e9 sociale des entreprises, nous avons obtenu le niveau Silver Recognition bas\u00e9 sur [&hellip;]<\/p>\n","protected":false},"author":2,"featured_media":7503,"parent":0,"menu_order":82,"comment_status":"closed","ping_status":"closed","template":"","meta":{"_acf_changed":false,"footnotes":""},"class_list":["post-3256","page","type-page","status-publish","has-post-thumbnail","hentry"],"acf":[],"yoast_head":"<!-- This site is optimized with the Yoast SEO plugin v27.2 - https:\/\/yoast.com\/product\/yoast-seo-wordpress\/ -->\n<title>Durabilit\u00e9 et RSE - Disenos NT<\/title>\n<meta name=\"description\" content=\"En reconnaissance et en engagement envers la Durabilit\u00e9 et RSE des entreprises, nous avons obtenu le niveau Silver Recognition\" \/>\n<meta name=\"robots\" content=\"index, follow, max-snippet:-1, max-image-preview:large, max-video-preview:-1\" \/>\n<link rel=\"canonical\" href=\"https:\/\/notejido.com\/fr\/durabilite-et-rse\/\" \/>\n<meta property=\"og:locale\" content=\"fr_FR\" \/>\n<meta property=\"og:type\" content=\"article\" \/>\n<meta property=\"og:title\" content=\"Durabilit\u00e9 et RSE - Disenos NT\" \/>\n<meta property=\"og:description\" content=\"En reconnaissance et en engagement envers la Durabilit\u00e9 et RSE des entreprises, nous avons obtenu le niveau Silver Recognition\" \/>\n<meta property=\"og:url\" content=\"https:\/\/notejido.com\/fr\/durabilite-et-rse\/\" \/>\n<meta property=\"og:site_name\" content=\"Disenos NT\" \/>\n<meta property=\"article:modified_time\" content=\"2024-11-19T15:08:36+00:00\" \/>\n<meta property=\"og:image\" content=\"https:\/\/notejido.com\/wp-content\/uploads\/2024\/07\/SOSTENIBILIDAD-Y-RSC.jpg\" \/>\n\t<meta property=\"og:image:width\" content=\"794\" \/>\n\t<meta property=\"og:image:height\" content=\"404\" \/>\n\t<meta property=\"og:image:type\" content=\"image\/jpeg\" \/>\n<meta name=\"twitter:card\" content=\"summary_large_image\" \/>\n<meta name=\"twitter:label1\" content=\"Dur\u00e9e de lecture estim\u00e9e\" \/>\n\t<meta name=\"twitter:data1\" content=\"7 minutes\" \/>\n<script type=\"application\/ld+json\" class=\"yoast-schema-graph\">{\"@context\":\"https:\/\/schema.org\",\"@graph\":[{\"@type\":\"WebPage\",\"@id\":\"https:\/\/notejido.com\/fr\/durabilite-et-rse\/\",\"url\":\"https:\/\/notejido.com\/fr\/durabilite-et-rse\/\",\"name\":\"Durabilit\u00e9 et RSE - Disenos NT\",\"isPartOf\":{\"@id\":\"https:\/\/notejido.com\/fr\/#website\"},\"primaryImageOfPage\":{\"@id\":\"https:\/\/notejido.com\/fr\/durabilite-et-rse\/#primaryimage\"},\"image\":{\"@id\":\"https:\/\/notejido.com\/fr\/durabilite-et-rse\/#primaryimage\"},\"thumbnailUrl\":\"https:\/\/notejido.com\/wp-content\/uploads\/2024\/07\/SOSTENIBILIDAD-Y-RSC.jpg\",\"datePublished\":\"2019-10-27T10:07:38+00:00\",\"dateModified\":\"2024-11-19T15:08:36+00:00\",\"description\":\"En reconnaissance et en engagement envers la Durabilit\u00e9 et RSE des entreprises, nous avons obtenu le niveau Silver Recognition\",\"breadcrumb\":{\"@id\":\"https:\/\/notejido.com\/fr\/durabilite-et-rse\/#breadcrumb\"},\"inLanguage\":\"fr-FR\",\"potentialAction\":[{\"@type\":\"ReadAction\",\"target\":[\"https:\/\/notejido.com\/fr\/durabilite-et-rse\/\"]}]},{\"@type\":\"ImageObject\",\"inLanguage\":\"fr-FR\",\"@id\":\"https:\/\/notejido.com\/fr\/durabilite-et-rse\/#primaryimage\",\"url\":\"https:\/\/notejido.com\/wp-content\/uploads\/2024\/07\/SOSTENIBILIDAD-Y-RSC.jpg\",\"contentUrl\":\"https:\/\/notejido.com\/wp-content\/uploads\/2024\/07\/SOSTENIBILIDAD-Y-RSC.jpg\",\"width\":794,\"height\":404,\"caption\":\"Sostenibilidad y RSC\"},{\"@type\":\"BreadcrumbList\",\"@id\":\"https:\/\/notejido.com\/fr\/durabilite-et-rse\/#breadcrumb\",\"itemListElement\":[{\"@type\":\"ListItem\",\"position\":1,\"name\":\"Portada\",\"item\":\"https:\/\/notejido.com\/fr\/\"},{\"@type\":\"ListItem\",\"position\":2,\"name\":\"Durabilit\u00e9 et RSE\"}]},{\"@type\":\"WebSite\",\"@id\":\"https:\/\/notejido.com\/fr\/#website\",\"url\":\"https:\/\/notejido.com\/fr\/\",\"name\":\"Disenos NT\",\"description\":\"Bolsas reutilizables, art\u00edculos higi\u00e9nicos-sanitarios, manteles desechables  y otro packaging promocional en material flexible\",\"potentialAction\":[{\"@type\":\"SearchAction\",\"target\":{\"@type\":\"EntryPoint\",\"urlTemplate\":\"https:\/\/notejido.com\/fr\/?s={search_term_string}\"},\"query-input\":{\"@type\":\"PropertyValueSpecification\",\"valueRequired\":true,\"valueName\":\"search_term_string\"}}],\"inLanguage\":\"fr-FR\"}]}<\/script>\n<!-- \/ Yoast SEO plugin. -->","yoast_head_json":{"title":"Durabilit\u00e9 et RSE - Disenos NT","description":"En reconnaissance et en engagement envers la Durabilit\u00e9 et RSE des entreprises, nous avons obtenu le niveau Silver Recognition","robots":{"index":"index","follow":"follow","max-snippet":"max-snippet:-1","max-image-preview":"max-image-preview:large","max-video-preview":"max-video-preview:-1"},"canonical":"https:\/\/notejido.com\/fr\/durabilite-et-rse\/","og_locale":"fr_FR","og_type":"article","og_title":"Durabilit\u00e9 et RSE - Disenos NT","og_description":"En reconnaissance et en engagement envers la Durabilit\u00e9 et RSE des entreprises, nous avons obtenu le niveau Silver Recognition","og_url":"https:\/\/notejido.com\/fr\/durabilite-et-rse\/","og_site_name":"Disenos NT","article_modified_time":"2024-11-19T15:08:36+00:00","og_image":[{"width":794,"height":404,"url":"https:\/\/notejido.com\/wp-content\/uploads\/2024\/07\/SOSTENIBILIDAD-Y-RSC.jpg","type":"image\/jpeg"}],"twitter_card":"summary_large_image","twitter_misc":{"Dur\u00e9e de lecture estim\u00e9e":"7 minutes"},"schema":{"@context":"https:\/\/schema.org","@graph":[{"@type":"WebPage","@id":"https:\/\/notejido.com\/fr\/durabilite-et-rse\/","url":"https:\/\/notejido.com\/fr\/durabilite-et-rse\/","name":"Durabilit\u00e9 et RSE - Disenos NT","isPartOf":{"@id":"https:\/\/notejido.com\/fr\/#website"},"primaryImageOfPage":{"@id":"https:\/\/notejido.com\/fr\/durabilite-et-rse\/#primaryimage"},"image":{"@id":"https:\/\/notejido.com\/fr\/durabilite-et-rse\/#primaryimage"},"thumbnailUrl":"https:\/\/notejido.com\/wp-content\/uploads\/2024\/07\/SOSTENIBILIDAD-Y-RSC.jpg","datePublished":"2019-10-27T10:07:38+00:00","dateModified":"2024-11-19T15:08:36+00:00","description":"En reconnaissance et en engagement envers la Durabilit\u00e9 et RSE des entreprises, nous avons obtenu le niveau Silver Recognition","breadcrumb":{"@id":"https:\/\/notejido.com\/fr\/durabilite-et-rse\/#breadcrumb"},"inLanguage":"fr-FR","potentialAction":[{"@type":"ReadAction","target":["https:\/\/notejido.com\/fr\/durabilite-et-rse\/"]}]},{"@type":"ImageObject","inLanguage":"fr-FR","@id":"https:\/\/notejido.com\/fr\/durabilite-et-rse\/#primaryimage","url":"https:\/\/notejido.com\/wp-content\/uploads\/2024\/07\/SOSTENIBILIDAD-Y-RSC.jpg","contentUrl":"https:\/\/notejido.com\/wp-content\/uploads\/2024\/07\/SOSTENIBILIDAD-Y-RSC.jpg","width":794,"height":404,"caption":"Sostenibilidad y RSC"},{"@type":"BreadcrumbList","@id":"https:\/\/notejido.com\/fr\/durabilite-et-rse\/#breadcrumb","itemListElement":[{"@type":"ListItem","position":1,"name":"Portada","item":"https:\/\/notejido.com\/fr\/"},{"@type":"ListItem","position":2,"name":"Durabilit\u00e9 et RSE"}]},{"@type":"WebSite","@id":"https:\/\/notejido.com\/fr\/#website","url":"https:\/\/notejido.com\/fr\/","name":"Disenos NT","description":"Bolsas reutilizables, art\u00edculos higi\u00e9nicos-sanitarios, manteles desechables  y otro packaging promocional en material flexible","potentialAction":[{"@type":"SearchAction","target":{"@type":"EntryPoint","urlTemplate":"https:\/\/notejido.com\/fr\/?s={search_term_string}"},"query-input":{"@type":"PropertyValueSpecification","valueRequired":true,"valueName":"search_term_string"}}],"inLanguage":"fr-FR"}]}},"_links":{"self":[{"href":"https:\/\/notejido.com\/fr\/wp-json\/wp\/v2\/pages\/3256","targetHints":{"allow":["GET"]}}],"collection":[{"href":"https:\/\/notejido.com\/fr\/wp-json\/wp\/v2\/pages"}],"about":[{"href":"https:\/\/notejido.com\/fr\/wp-json\/wp\/v2\/types\/page"}],"author":[{"embeddable":true,"href":"https:\/\/notejido.com\/fr\/wp-json\/wp\/v2\/users\/2"}],"replies":[{"embeddable":true,"href":"https:\/\/notejido.com\/fr\/wp-json\/wp\/v2\/comments?post=3256"}],"version-history":[{"count":5,"href":"https:\/\/notejido.com\/fr\/wp-json\/wp\/v2\/pages\/3256\/revisions"}],"predecessor-version":[{"id":9492,"href":"https:\/\/notejido.com\/fr\/wp-json\/wp\/v2\/pages\/3256\/revisions\/9492"}],"wp:featuredmedia":[{"embeddable":true,"href":"https:\/\/notejido.com\/fr\/wp-json\/wp\/v2\/media\/7503"}],"wp:attachment":[{"href":"https:\/\/notejido.com\/fr\/wp-json\/wp\/v2\/media?parent=3256"}],"curies":[{"name":"wp","href":"https:\/\/api.w.org\/{rel}","templated":true}]}}