{"id":3502,"date":"2019-10-30T10:00:59","date_gmt":"2019-10-30T10:00:59","guid":{"rendered":"https:\/\/notejido.com\/compra-on-line\/"},"modified":"2020-05-05T11:51:20","modified_gmt":"2020-05-05T11:51:20","slug":"compra-on-line","status":"publish","type":"page","link":"https:\/\/notejido.com\/fr\/compra-on-line\/","title":{"rendered":"Achat en ligne"},"content":{"rendered":"<div id=\"pl-gb3502-69d0420bd071d\"  class=\"panel-layout\" ><div id=\"pg-gb3502-69d0420bd071d-0\"  class=\"panel-grid panel-has-style\" ><div class=\"section-intro panel-row-style panel-row-style-for-gb3502-69d0420bd071d-0\" ><div id=\"pgc-gb3502-69d0420bd071d-0-0\"  class=\"panel-grid-cell\" ><div id=\"panel-gb3502-69d0420bd071d-0-0-0\" class=\"so-panel widget widget_sow-editor panel-first-child panel-last-child\" data-index=\"0\" ><div\n\t\t\t\n\t\t\tclass=\"so-widget-sow-editor so-widget-sow-editor-base\"\n\t\t\t\n\t\t>\n<div class=\"siteorigin-widget-tinymce textwidget\">\n\t<p>Chez <strong>BAGS COLLECTION<\/strong> vous pourrez acheter tout type de <strong>sacs r\u00e9utilisables en stock<\/strong>. Une large gamme de produits et formats disponibles fabriqu\u00e9s en mat\u00e9riaux diff\u00e9rents comme le non tiss\u00e9, le PP tiss\u00e9, le coton, le papier, le PET recycl\u00e9, entre autres.<\/p>\n<p>Si vous avez besoin des <strong>sacs et housses personnalis\u00e9es sur mesure<\/strong>, ce site est \u00e0 vous\u00a0! Nous fabriquons tout type de <strong>packaging en mat\u00e9riel flexible<\/strong>.<\/p>\n<p>En plus, les professionnels du secteur <strong>CHR et Food Service<\/strong> trouverons dans notre nouvelle marque NWN, la plus large gamme de linge de table jetable fabriqu\u00e9e en tissu non tiss\u00e9. La mani\u00e8re la plus facile, pratique et \u00e9conomique d\u2019habiller votre table\u00a0!<\/p>\n<p>Et, prochainement, blouses, toques, masques, couvre-chaussures et tout autre type de v\u00eatement jetable de la nouvelle ligne <strong>DPPE (Disposable Personal Protective Equipment), <\/strong>sp\u00e9cialis\u00e9e dans la protection, s\u00e9curit\u00e9 et hygi\u00e8ne personnelle.<\/p>\n<p>Tout dont vous avez besoin pour votre affaire au meilleur prix et avec la garantie du Groupe Dise\u00f1os NT.<\/p>\n<\/div>\n<\/div><\/div><\/div><\/div><\/div><div id=\"pg-gb3502-69d0420bd071d-1\"  class=\"panel-grid panel-has-style\" ><div class=\"section-online panel-row-style panel-row-style-for-gb3502-69d0420bd071d-1\" ><div id=\"pgc-gb3502-69d0420bd071d-1-0\"  class=\"panel-grid-cell\" ><div class=\"section-online-item panel-cell-style panel-cell-style-for-gb3502-69d0420bd071d-1-0\" ><div id=\"panel-gb3502-69d0420bd071d-1-0-0\" class=\"so-panel widget widget_sow-image panel-first-child\" data-index=\"1\" ><div class=\"shop-item-img panel-widget-style panel-widget-style-for-gb3502-69d0420bd071d-1-0-0\" ><div\n\t\t\t\n\t\t\tclass=\"so-widget-sow-image so-widget-sow-image-default-8b5b6f678277-3502\"\n\t\t\t\n\t\t>\n<div class=\"sow-image-container\">\n\t\t<img \n\tsrc=\"https:\/\/notejido.com\/wp-content\/uploads\/2019\/11\/production-hover.jpg\" width=\"500\" height=\"500\" srcset=\"https:\/\/notejido.com\/wp-content\/uploads\/2019\/11\/production-hover.jpg 500w, https:\/\/notejido.com\/wp-content\/uploads\/2019\/11\/production-hover-300x300.jpg 300w\" sizes=\"(max-width: 500px) 100vw, 500px\" alt=\"\" \t\tclass=\"so-widget-image\"\/>\n\t<\/div>\n\n<\/div><\/div><\/div><div id=\"panel-gb3502-69d0420bd071d-1-0-1\" class=\"so-panel widget widget_sow-image\" data-index=\"2\" ><div\n\t\t\t\n\t\t\tclass=\"so-widget-sow-image so-widget-sow-image-default-c67d20f9f743-3502\"\n\t\t\t\n\t\t><\/div><\/div><div id=\"panel-gb3502-69d0420bd071d-1-0-2\" class=\"so-panel widget widget_sow-editor panel-last-child\" data-index=\"3\" ><div\n\t\t\t\n\t\t\tclass=\"so-widget-sow-editor so-widget-sow-editor-base\"\n\t\t\t\n\t\t>\n<div class=\"siteorigin-widget-tinymce textwidget\">\n\t<h3>Vous avez besoin des sacs personnalis\u00e9s sur mesure ?<\/h3>\n<p>Nos experts en packaging personnalis\u00e9 vous contacteront pour que vous puissiez choisir la solution qui s\u2019adapte le mieux aux besoins de votre marque ou commerce.<\/p>\n<\/div>\n<\/div><\/div><\/div><\/div><div id=\"pgc-gb3502-69d0420bd071d-1-1\"  class=\"panel-grid-cell\" ><div class=\"section-online-item panel-cell-style panel-cell-style-for-gb3502-69d0420bd071d-1-1\" ><div id=\"panel-gb3502-69d0420bd071d-1-1-0\" class=\"so-panel widget widget_sow-image panel-first-child\" data-index=\"4\" ><div class=\"shop-item-img panel-widget-style panel-widget-style-for-gb3502-69d0420bd071d-1-1-0\" ><div\n\t\t\t\n\t\t\tclass=\"so-widget-sow-image so-widget-sow-image-default-8b5b6f678277-3502\"\n\t\t\t\n\t\t>\n<div class=\"sow-image-container\">\n\t\t<img \n\tsrc=\"https:\/\/notejido.com\/wp-content\/uploads\/2019\/11\/collection-hover.jpg\" width=\"500\" height=\"500\" srcset=\"https:\/\/notejido.com\/wp-content\/uploads\/2019\/11\/collection-hover.jpg 500w, https:\/\/notejido.com\/wp-content\/uploads\/2019\/11\/collection-hover-300x300.jpg 300w\" sizes=\"(max-width: 500px) 100vw, 500px\" alt=\"\" \t\tclass=\"so-widget-image\"\/>\n\t<\/div>\n\n<\/div><\/div><\/div><div id=\"panel-gb3502-69d0420bd071d-1-1-1\" class=\"so-panel widget widget_sow-image\" data-index=\"5\" ><div\n\t\t\t\n\t\t\tclass=\"so-widget-sow-image so-widget-sow-image-default-c67d20f9f743-3502\"\n\t\t\t\n\t\t><\/div><\/div><div id=\"panel-gb3502-69d0420bd071d-1-1-2\" class=\"so-panel widget widget_sow-editor panel-last-child\" data-index=\"6\" ><div\n\t\t\t\n\t\t\tclass=\"so-widget-sow-editor so-widget-sow-editor-base\"\n\t\t\t\n\t\t>\n<div class=\"siteorigin-widget-tinymce textwidget\">\n\t<h3>Vos sacs disponibles en seulement 48 heures !<\/h3>\n<p>La plus large gamme des sacs r\u00e9utilisables du march\u00e9 en couleurs unies ou avec des motifs diff\u00e9rents. Et si vous avez besoin des sacs personnalis\u00e9s avec votre logo ou l\u2019image de votre marque n\u2019oubliez pas que nous vous offrons un service d\u2019impression \u00e0 haute qualit\u00e9 \u00e0 un prix imbattable.<br \/>\n<a target=\"_blank\" href=\"https:\/\/dntbags.com\"><\/a><\/p>\n<\/div>\n<\/div><\/div><\/div><\/div><\/div><\/div><div id=\"pg-gb3502-69d0420bd071d-2\"  class=\"panel-grid panel-has-style\" ><div class=\"section-online panel-row-style panel-row-style-for-gb3502-69d0420bd071d-2\" ><div id=\"pgc-gb3502-69d0420bd071d-2-0\"  class=\"panel-grid-cell\" ><div class=\"section-online-item panel-cell-style panel-cell-style-for-gb3502-69d0420bd071d-2-0\" ><div id=\"panel-gb3502-69d0420bd071d-2-0-0\" class=\"so-panel widget widget_sow-image panel-first-child\" data-index=\"7\" ><div class=\"shop-item-img panel-widget-style panel-widget-style-for-gb3502-69d0420bd071d-2-0-0\" ><div\n\t\t\t\n\t\t\tclass=\"so-widget-sow-image so-widget-sow-image-default-8b5b6f678277-3502\"\n\t\t\t\n\t\t>\n<div class=\"sow-image-container\">\n\t\t<img \n\tsrc=\"https:\/\/notejido.com\/wp-content\/uploads\/2019\/11\/nwn-hover.jpg\" width=\"500\" height=\"500\" srcset=\"https:\/\/notejido.com\/wp-content\/uploads\/2019\/11\/nwn-hover.jpg 500w, https:\/\/notejido.com\/wp-content\/uploads\/2019\/11\/nwn-hover-300x300.jpg 300w\" sizes=\"(max-width: 500px) 100vw, 500px\" alt=\"\" \t\tclass=\"so-widget-image\"\/>\n\t<\/div>\n\n<\/div><\/div><\/div><div id=\"panel-gb3502-69d0420bd071d-2-0-1\" class=\"so-panel widget widget_sow-image\" data-index=\"8\" ><div\n\t\t\t\n\t\t\tclass=\"so-widget-sow-image so-widget-sow-image-default-c67d20f9f743-3502\"\n\t\t\t\n\t\t>\n<div class=\"sow-image-container\">\n\t\t<img \n\tsrc=\"https:\/\/notejido.com\/wp-content\/uploads\/2019\/11\/nwn-02.png\" width=\"128\" height=\"186\" sizes=\"(max-width: 128px) 100vw, 128px\" alt=\"\" \t\tclass=\"so-widget-image\"\/>\n\t<\/div>\n\n<\/div><\/div><div id=\"panel-gb3502-69d0420bd071d-2-0-2\" class=\"so-panel widget widget_sow-editor panel-last-child\" data-index=\"9\" ><div\n\t\t\t\n\t\t\tclass=\"so-widget-sow-editor so-widget-sow-editor-base\"\n\t\t\t\n\t\t>\n<div class=\"siteorigin-widget-tinymce textwidget\">\n\t<h3>Non Woven Table Linens<\/h3>\n<p>D\u00e9couvrez notre nouvelle gamme de linge de table jetable en tissu non tiss\u00e9. Nappes qui combinent fonctionnalit\u00e9, s\u00e9curit\u00e9 et design.<br \/>\n<a target=\"_blank\" href=\"http:\/\/nwnfoodservice.com\"><\/a><\/p>\n<\/div>\n<\/div><\/div><\/div><\/div><div id=\"pgc-gb3502-69d0420bd071d-2-1\"  class=\"panel-grid-cell\" ><div class=\"section-online-item panel-cell-style panel-cell-style-for-gb3502-69d0420bd071d-2-1\" ><div id=\"panel-gb3502-69d0420bd071d-2-1-0\" class=\"so-panel widget widget_sow-image panel-first-child\" data-index=\"10\" ><div class=\"shop-item-img panel-widget-style panel-widget-style-for-gb3502-69d0420bd071d-2-1-0\" ><div\n\t\t\t\n\t\t\tclass=\"so-widget-sow-image so-widget-sow-image-default-8b5b6f678277-3502\"\n\t\t\t\n\t\t>\n<div class=\"sow-image-container\">\n\t\t<img \n\tsrc=\"https:\/\/notejido.com\/wp-content\/uploads\/2019\/11\/dppe-hover.jpg\" width=\"500\" height=\"500\" srcset=\"https:\/\/notejido.com\/wp-content\/uploads\/2019\/11\/dppe-hover.jpg 500w, https:\/\/notejido.com\/wp-content\/uploads\/2019\/11\/dppe-hover-300x300.jpg 300w\" sizes=\"(max-width: 500px) 100vw, 500px\" alt=\"\" \t\tclass=\"so-widget-image\"\/>\n\t<\/div>\n\n<\/div><\/div><\/div><div id=\"panel-gb3502-69d0420bd071d-2-1-1\" class=\"so-panel widget widget_sow-image\" data-index=\"11\" ><div\n\t\t\t\n\t\t\tclass=\"so-widget-sow-image so-widget-sow-image-default-c67d20f9f743-3502\"\n\t\t\t\n\t\t>\n<div class=\"sow-image-container\">\n\t\t<img \n\tsrc=\"https:\/\/notejido.com\/wp-content\/uploads\/2020\/05\/LOGO-DNT-PROTECTION-BLANCO.jpg\" width=\"720\" height=\"720\" srcset=\"https:\/\/notejido.com\/wp-content\/uploads\/2020\/05\/LOGO-DNT-PROTECTION-BLANCO.jpg 720w, https:\/\/notejido.com\/wp-content\/uploads\/2020\/05\/LOGO-DNT-PROTECTION-BLANCO-300x300.jpg 300w\" sizes=\"(max-width: 720px) 100vw, 720px\" alt=\"DNT PROTECTION\" \t\tclass=\"so-widget-image\"\/>\n\t<\/div>\n\n<\/div><\/div><div id=\"panel-gb3502-69d0420bd071d-2-1-2\" class=\"so-panel widget widget_sow-editor panel-last-child\" data-index=\"12\" ><div\n\t\t\t\n\t\t\tclass=\"so-widget-sow-editor so-widget-sow-editor-base\"\n\t\t\t\n\t\t>\n<div class=\"siteorigin-widget-tinymce textwidget\">\n\t<h3>DNT Protection<\/h3>\n<p>V\u00eatements du travail jetables : blouses, toques, masques, couvre-chaussures\u2026<br \/>\n<a target=\"_blank\" href=\"https:\/\/catalogue.dntprotection.com\/fr\"><\/a><\/p>\n<\/div>\n<\/div><\/div><\/div><\/div><\/div><\/div><\/div>\n\n\n<p><\/p>\n","protected":false},"excerpt":{"rendered":"<p>Chez BAGS COLLECTION vous pourrez acheter tout type de sacs r\u00e9utilisables en stock. Une large gamme de produits et formats [&hellip;]<\/p>\n","protected":false},"author":2,"featured_media":2131,"parent":0,"menu_order":66,"comment_status":"closed","ping_status":"closed","template":"","meta":{"_acf_changed":false,"footnotes":""},"class_list":["post-3502","page","type-page","status-publish","has-post-thumbnail","hentry"],"acf":[],"yoast_head":"<!-- This site is optimized with the Yoast SEO plugin v27.2 - https:\/\/yoast.com\/product\/yoast-seo-wordpress\/ -->\n<title>Achat en ligne - Disenos NT<\/title>\n<meta name=\"robots\" content=\"index, follow, max-snippet:-1, max-image-preview:large, max-video-preview:-1\" \/>\n<link rel=\"canonical\" href=\"https:\/\/notejido.com\/fr\/compra-on-line\/\" \/>\n<meta property=\"og:locale\" content=\"fr_FR\" \/>\n<meta property=\"og:type\" content=\"article\" \/>\n<meta property=\"og:title\" content=\"Achat en ligne - Disenos NT\" \/>\n<meta property=\"og:description\" content=\"Chez BAGS COLLECTION vous pourrez acheter tout type de sacs r\u00e9utilisables en stock. Une large gamme de produits et formats [&hellip;]\" \/>\n<meta property=\"og:url\" content=\"https:\/\/notejido.com\/fr\/compra-on-line\/\" \/>\n<meta property=\"og:site_name\" content=\"Disenos NT\" \/>\n<meta property=\"article:modified_time\" content=\"2020-05-05T11:51:20+00:00\" \/>\n<meta property=\"og:image\" content=\"https:\/\/notejido.com\/wp-content\/uploads\/2019\/11\/bg-shop.jpg\" \/>\n\t<meta property=\"og:image:width\" content=\"1600\" \/>\n\t<meta property=\"og:image:height\" content=\"1000\" \/>\n\t<meta property=\"og:image:type\" content=\"image\/jpeg\" \/>\n<meta name=\"twitter:card\" content=\"summary_large_image\" \/>\n<script type=\"application\/ld+json\" class=\"yoast-schema-graph\">{\"@context\":\"https:\/\/schema.org\",\"@graph\":[{\"@type\":\"WebPage\",\"@id\":\"https:\/\/notejido.com\/fr\/compra-on-line\/\",\"url\":\"https:\/\/notejido.com\/fr\/compra-on-line\/\",\"name\":\"Achat en ligne - Disenos NT\",\"isPartOf\":{\"@id\":\"https:\/\/notejido.com\/fr\/#website\"},\"primaryImageOfPage\":{\"@id\":\"https:\/\/notejido.com\/fr\/compra-on-line\/#primaryimage\"},\"image\":{\"@id\":\"https:\/\/notejido.com\/fr\/compra-on-line\/#primaryimage\"},\"thumbnailUrl\":\"https:\/\/notejido.com\/wp-content\/uploads\/2019\/11\/bg-shop.jpg\",\"datePublished\":\"2019-10-30T10:00:59+00:00\",\"dateModified\":\"2020-05-05T11:51:20+00:00\",\"breadcrumb\":{\"@id\":\"https:\/\/notejido.com\/fr\/compra-on-line\/#breadcrumb\"},\"inLanguage\":\"fr-FR\",\"potentialAction\":[{\"@type\":\"ReadAction\",\"target\":[\"https:\/\/notejido.com\/fr\/compra-on-line\/\"]}]},{\"@type\":\"ImageObject\",\"inLanguage\":\"fr-FR\",\"@id\":\"https:\/\/notejido.com\/fr\/compra-on-line\/#primaryimage\",\"url\":\"https:\/\/notejido.com\/wp-content\/uploads\/2019\/11\/bg-shop.jpg\",\"contentUrl\":\"https:\/\/notejido.com\/wp-content\/uploads\/2019\/11\/bg-shop.jpg\",\"width\":1600,\"height\":1000},{\"@type\":\"BreadcrumbList\",\"@id\":\"https:\/\/notejido.com\/fr\/compra-on-line\/#breadcrumb\",\"itemListElement\":[{\"@type\":\"ListItem\",\"position\":1,\"name\":\"Portada\",\"item\":\"https:\/\/notejido.com\/fr\/\"},{\"@type\":\"ListItem\",\"position\":2,\"name\":\"Achat en ligne\"}]},{\"@type\":\"WebSite\",\"@id\":\"https:\/\/notejido.com\/fr\/#website\",\"url\":\"https:\/\/notejido.com\/fr\/\",\"name\":\"Disenos NT\",\"description\":\"Bolsas reutilizables, art\u00edculos higi\u00e9nicos-sanitarios, manteles desechables  y otro packaging promocional en material flexible\",\"potentialAction\":[{\"@type\":\"SearchAction\",\"target\":{\"@type\":\"EntryPoint\",\"urlTemplate\":\"https:\/\/notejido.com\/fr\/?s={search_term_string}\"},\"query-input\":{\"@type\":\"PropertyValueSpecification\",\"valueRequired\":true,\"valueName\":\"search_term_string\"}}],\"inLanguage\":\"fr-FR\"}]}<\/script>\n<!-- \/ Yoast SEO plugin. -->","yoast_head_json":{"title":"Achat en ligne - Disenos NT","robots":{"index":"index","follow":"follow","max-snippet":"max-snippet:-1","max-image-preview":"max-image-preview:large","max-video-preview":"max-video-preview:-1"},"canonical":"https:\/\/notejido.com\/fr\/compra-on-line\/","og_locale":"fr_FR","og_type":"article","og_title":"Achat en ligne - Disenos NT","og_description":"Chez BAGS COLLECTION vous pourrez acheter tout type de sacs r\u00e9utilisables en stock. Une large gamme de produits et formats [&hellip;]","og_url":"https:\/\/notejido.com\/fr\/compra-on-line\/","og_site_name":"Disenos NT","article_modified_time":"2020-05-05T11:51:20+00:00","og_image":[{"width":1600,"height":1000,"url":"https:\/\/notejido.com\/wp-content\/uploads\/2019\/11\/bg-shop.jpg","type":"image\/jpeg"}],"twitter_card":"summary_large_image","schema":{"@context":"https:\/\/schema.org","@graph":[{"@type":"WebPage","@id":"https:\/\/notejido.com\/fr\/compra-on-line\/","url":"https:\/\/notejido.com\/fr\/compra-on-line\/","name":"Achat en ligne - Disenos NT","isPartOf":{"@id":"https:\/\/notejido.com\/fr\/#website"},"primaryImageOfPage":{"@id":"https:\/\/notejido.com\/fr\/compra-on-line\/#primaryimage"},"image":{"@id":"https:\/\/notejido.com\/fr\/compra-on-line\/#primaryimage"},"thumbnailUrl":"https:\/\/notejido.com\/wp-content\/uploads\/2019\/11\/bg-shop.jpg","datePublished":"2019-10-30T10:00:59+00:00","dateModified":"2020-05-05T11:51:20+00:00","breadcrumb":{"@id":"https:\/\/notejido.com\/fr\/compra-on-line\/#breadcrumb"},"inLanguage":"fr-FR","potentialAction":[{"@type":"ReadAction","target":["https:\/\/notejido.com\/fr\/compra-on-line\/"]}]},{"@type":"ImageObject","inLanguage":"fr-FR","@id":"https:\/\/notejido.com\/fr\/compra-on-line\/#primaryimage","url":"https:\/\/notejido.com\/wp-content\/uploads\/2019\/11\/bg-shop.jpg","contentUrl":"https:\/\/notejido.com\/wp-content\/uploads\/2019\/11\/bg-shop.jpg","width":1600,"height":1000},{"@type":"BreadcrumbList","@id":"https:\/\/notejido.com\/fr\/compra-on-line\/#breadcrumb","itemListElement":[{"@type":"ListItem","position":1,"name":"Portada","item":"https:\/\/notejido.com\/fr\/"},{"@type":"ListItem","position":2,"name":"Achat en ligne"}]},{"@type":"WebSite","@id":"https:\/\/notejido.com\/fr\/#website","url":"https:\/\/notejido.com\/fr\/","name":"Disenos NT","description":"Bolsas reutilizables, art\u00edculos higi\u00e9nicos-sanitarios, manteles desechables  y otro packaging promocional en material flexible","potentialAction":[{"@type":"SearchAction","target":{"@type":"EntryPoint","urlTemplate":"https:\/\/notejido.com\/fr\/?s={search_term_string}"},"query-input":{"@type":"PropertyValueSpecification","valueRequired":true,"valueName":"search_term_string"}}],"inLanguage":"fr-FR"}]}},"_links":{"self":[{"href":"https:\/\/notejido.com\/fr\/wp-json\/wp\/v2\/pages\/3502","targetHints":{"allow":["GET"]}}],"collection":[{"href":"https:\/\/notejido.com\/fr\/wp-json\/wp\/v2\/pages"}],"about":[{"href":"https:\/\/notejido.com\/fr\/wp-json\/wp\/v2\/types\/page"}],"author":[{"embeddable":true,"href":"https:\/\/notejido.com\/fr\/wp-json\/wp\/v2\/users\/2"}],"replies":[{"embeddable":true,"href":"https:\/\/notejido.com\/fr\/wp-json\/wp\/v2\/comments?post=3502"}],"version-history":[{"count":5,"href":"https:\/\/notejido.com\/fr\/wp-json\/wp\/v2\/pages\/3502\/revisions"}],"predecessor-version":[{"id":5308,"href":"https:\/\/notejido.com\/fr\/wp-json\/wp\/v2\/pages\/3502\/revisions\/5308"}],"wp:featuredmedia":[{"embeddable":true,"href":"https:\/\/notejido.com\/fr\/wp-json\/wp\/v2\/media\/2131"}],"wp:attachment":[{"href":"https:\/\/notejido.com\/fr\/wp-json\/wp\/v2\/media?parent=3502"}],"curies":[{"name":"wp","href":"https:\/\/api.w.org\/{rel}","templated":true}]}}