{"id":3540,"date":"2019-05-06T14:32:27","date_gmt":"2019-05-06T14:32:27","guid":{"rendered":"https:\/\/notejido.com\/casos-de-exito\/"},"modified":"2024-12-03T09:45:49","modified_gmt":"2024-12-03T09:45:49","slug":"reussites","status":"publish","type":"page","link":"https:\/\/notejido.com\/fr\/reussites\/","title":{"rendered":"R\u00e9ussites"},"content":{"rendered":"<div id=\"pl-gb3540-69d0c2815ab34\"  class=\"panel-layout\" ><div id=\"pg-gb3540-69d0c2815ab34-0\"  class=\"panel-grid panel-no-style\" ><div id=\"pgc-gb3540-69d0c2815ab34-0-0\"  class=\"panel-grid-cell\" ><div id=\"panel-gb3540-69d0c2815ab34-0-0-0\" class=\"so-panel widget widget_sow-editor panel-first-child panel-last-child\" data-index=\"0\" ><div\n\t\t\t\n\t\t\tclass=\"so-widget-sow-editor so-widget-sow-editor-base\"\n\t\t\t\n\t\t>\n<div class=\"siteorigin-widget-tinymce textwidget\">\n\t<p class=\"pre-title\">Ils nous ont choisis !<\/p>\n<h2>Chez Dise\u00f1os NT, nous cr\u00e9ons des produits qui aident nos clients \u00e0 se d\u00e9marquer et faire en sorte que leurs campagnes deviennent un vrai succ\u00e8s.<\/h2>\n<\/div>\n<\/div><\/div><\/div><\/div><\/div>","protected":false},"excerpt":{"rendered":"<p>Ils nous ont choisis ! Chez Dise\u00f1os NT, nous cr\u00e9ons des produits qui aident nos clients \u00e0 se d\u00e9marquer et [&hellip;]<\/p>\n","protected":false},"author":2,"featured_media":7556,"parent":0,"menu_order":116,"comment_status":"closed","ping_status":"closed","template":"page-success.php","meta":{"_acf_changed":false,"footnotes":""},"class_list":["post-3540","page","type-page","status-publish","has-post-thumbnail","hentry"],"acf":[],"yoast_head":"<!-- This site is optimized with the Yoast SEO plugin v27.2 - https:\/\/yoast.com\/product\/yoast-seo-wordpress\/ -->\n<title>R\u00e9ussites - Disenos NT<\/title>\n<meta name=\"description\" content=\"R\u00e9ussites, Nous cr\u00e9ons des produits qui aident nos clients \u00e0 se d\u00e9marquer et faire en sorte que leurs campagnes deviennent un vrai succ\u00e8s.\" \/>\n<meta name=\"robots\" content=\"index, follow, max-snippet:-1, max-image-preview:large, max-video-preview:-1\" \/>\n<link rel=\"canonical\" href=\"https:\/\/notejido.com\/fr\/reussites\/\" \/>\n<meta property=\"og:locale\" content=\"fr_FR\" \/>\n<meta property=\"og:type\" content=\"article\" \/>\n<meta property=\"og:title\" content=\"R\u00e9ussites - Disenos NT\" \/>\n<meta property=\"og:description\" content=\"R\u00e9ussites, Nous cr\u00e9ons des produits qui aident nos clients \u00e0 se d\u00e9marquer et faire en sorte que leurs campagnes deviennent un vrai succ\u00e8s.\" \/>\n<meta property=\"og:url\" content=\"https:\/\/notejido.com\/fr\/reussites\/\" \/>\n<meta property=\"og:site_name\" content=\"Disenos NT\" \/>\n<meta property=\"article:modified_time\" content=\"2024-12-03T09:45:49+00:00\" \/>\n<meta property=\"og:image\" content=\"https:\/\/notejido.com\/wp-content\/uploads\/2024\/07\/CASO-DE-EXITO-EL-CORTEINGLES-scaled.jpg\" \/>\n\t<meta property=\"og:image:width\" content=\"2560\" \/>\n\t<meta property=\"og:image:height\" content=\"1707\" \/>\n\t<meta property=\"og:image:type\" content=\"image\/jpeg\" \/>\n<meta name=\"twitter:card\" content=\"summary_large_image\" \/>\n<meta name=\"twitter:label1\" content=\"Dur\u00e9e de lecture estim\u00e9e\" \/>\n\t<meta name=\"twitter:data1\" content=\"1 minute\" \/>\n<script type=\"application\/ld+json\" class=\"yoast-schema-graph\">{\"@context\":\"https:\/\/schema.org\",\"@graph\":[{\"@type\":\"WebPage\",\"@id\":\"https:\/\/notejido.com\/fr\/reussites\/\",\"url\":\"https:\/\/notejido.com\/fr\/reussites\/\",\"name\":\"R\u00e9ussites - Disenos NT\",\"isPartOf\":{\"@id\":\"https:\/\/notejido.com\/fr\/#website\"},\"primaryImageOfPage\":{\"@id\":\"https:\/\/notejido.com\/fr\/reussites\/#primaryimage\"},\"image\":{\"@id\":\"https:\/\/notejido.com\/fr\/reussites\/#primaryimage\"},\"thumbnailUrl\":\"https:\/\/notejido.com\/wp-content\/uploads\/2024\/07\/CASO-DE-EXITO-EL-CORTEINGLES-scaled.jpg\",\"datePublished\":\"2019-05-06T14:32:27+00:00\",\"dateModified\":\"2024-12-03T09:45:49+00:00\",\"description\":\"R\u00e9ussites, Nous cr\u00e9ons des produits qui aident nos clients \u00e0 se d\u00e9marquer et faire en sorte que leurs campagnes deviennent un vrai succ\u00e8s.\",\"breadcrumb\":{\"@id\":\"https:\/\/notejido.com\/fr\/reussites\/#breadcrumb\"},\"inLanguage\":\"fr-FR\",\"potentialAction\":[{\"@type\":\"ReadAction\",\"target\":[\"https:\/\/notejido.com\/fr\/reussites\/\"]}]},{\"@type\":\"ImageObject\",\"inLanguage\":\"fr-FR\",\"@id\":\"https:\/\/notejido.com\/fr\/reussites\/#primaryimage\",\"url\":\"https:\/\/notejido.com\/wp-content\/uploads\/2024\/07\/CASO-DE-EXITO-EL-CORTEINGLES-scaled.jpg\",\"contentUrl\":\"https:\/\/notejido.com\/wp-content\/uploads\/2024\/07\/CASO-DE-EXITO-EL-CORTEINGLES-scaled.jpg\",\"width\":2560,\"height\":1707,\"caption\":\"R\u00e9ussites\"},{\"@type\":\"BreadcrumbList\",\"@id\":\"https:\/\/notejido.com\/fr\/reussites\/#breadcrumb\",\"itemListElement\":[{\"@type\":\"ListItem\",\"position\":1,\"name\":\"Portada\",\"item\":\"https:\/\/notejido.com\/fr\/\"},{\"@type\":\"ListItem\",\"position\":2,\"name\":\"R\u00e9ussites\"}]},{\"@type\":\"WebSite\",\"@id\":\"https:\/\/notejido.com\/fr\/#website\",\"url\":\"https:\/\/notejido.com\/fr\/\",\"name\":\"Disenos NT\",\"description\":\"Bolsas reutilizables, art\u00edculos higi\u00e9nicos-sanitarios, manteles desechables  y otro packaging promocional en material flexible\",\"potentialAction\":[{\"@type\":\"SearchAction\",\"target\":{\"@type\":\"EntryPoint\",\"urlTemplate\":\"https:\/\/notejido.com\/fr\/?s={search_term_string}\"},\"query-input\":{\"@type\":\"PropertyValueSpecification\",\"valueRequired\":true,\"valueName\":\"search_term_string\"}}],\"inLanguage\":\"fr-FR\"}]}<\/script>\n<!-- \/ Yoast SEO plugin. -->","yoast_head_json":{"title":"R\u00e9ussites - Disenos NT","description":"R\u00e9ussites, Nous cr\u00e9ons des produits qui aident nos clients \u00e0 se d\u00e9marquer et faire en sorte que leurs campagnes deviennent un vrai succ\u00e8s.","robots":{"index":"index","follow":"follow","max-snippet":"max-snippet:-1","max-image-preview":"max-image-preview:large","max-video-preview":"max-video-preview:-1"},"canonical":"https:\/\/notejido.com\/fr\/reussites\/","og_locale":"fr_FR","og_type":"article","og_title":"R\u00e9ussites - Disenos NT","og_description":"R\u00e9ussites, Nous cr\u00e9ons des produits qui aident nos clients \u00e0 se d\u00e9marquer et faire en sorte que leurs campagnes deviennent un vrai succ\u00e8s.","og_url":"https:\/\/notejido.com\/fr\/reussites\/","og_site_name":"Disenos NT","article_modified_time":"2024-12-03T09:45:49+00:00","og_image":[{"width":2560,"height":1707,"url":"https:\/\/notejido.com\/wp-content\/uploads\/2024\/07\/CASO-DE-EXITO-EL-CORTEINGLES-scaled.jpg","type":"image\/jpeg"}],"twitter_card":"summary_large_image","twitter_misc":{"Dur\u00e9e de lecture estim\u00e9e":"1 minute"},"schema":{"@context":"https:\/\/schema.org","@graph":[{"@type":"WebPage","@id":"https:\/\/notejido.com\/fr\/reussites\/","url":"https:\/\/notejido.com\/fr\/reussites\/","name":"R\u00e9ussites - Disenos NT","isPartOf":{"@id":"https:\/\/notejido.com\/fr\/#website"},"primaryImageOfPage":{"@id":"https:\/\/notejido.com\/fr\/reussites\/#primaryimage"},"image":{"@id":"https:\/\/notejido.com\/fr\/reussites\/#primaryimage"},"thumbnailUrl":"https:\/\/notejido.com\/wp-content\/uploads\/2024\/07\/CASO-DE-EXITO-EL-CORTEINGLES-scaled.jpg","datePublished":"2019-05-06T14:32:27+00:00","dateModified":"2024-12-03T09:45:49+00:00","description":"R\u00e9ussites, Nous cr\u00e9ons des produits qui aident nos clients \u00e0 se d\u00e9marquer et faire en sorte que leurs campagnes deviennent un vrai succ\u00e8s.","breadcrumb":{"@id":"https:\/\/notejido.com\/fr\/reussites\/#breadcrumb"},"inLanguage":"fr-FR","potentialAction":[{"@type":"ReadAction","target":["https:\/\/notejido.com\/fr\/reussites\/"]}]},{"@type":"ImageObject","inLanguage":"fr-FR","@id":"https:\/\/notejido.com\/fr\/reussites\/#primaryimage","url":"https:\/\/notejido.com\/wp-content\/uploads\/2024\/07\/CASO-DE-EXITO-EL-CORTEINGLES-scaled.jpg","contentUrl":"https:\/\/notejido.com\/wp-content\/uploads\/2024\/07\/CASO-DE-EXITO-EL-CORTEINGLES-scaled.jpg","width":2560,"height":1707,"caption":"R\u00e9ussites"},{"@type":"BreadcrumbList","@id":"https:\/\/notejido.com\/fr\/reussites\/#breadcrumb","itemListElement":[{"@type":"ListItem","position":1,"name":"Portada","item":"https:\/\/notejido.com\/fr\/"},{"@type":"ListItem","position":2,"name":"R\u00e9ussites"}]},{"@type":"WebSite","@id":"https:\/\/notejido.com\/fr\/#website","url":"https:\/\/notejido.com\/fr\/","name":"Disenos NT","description":"Bolsas reutilizables, art\u00edculos higi\u00e9nicos-sanitarios, manteles desechables  y otro packaging promocional en material flexible","potentialAction":[{"@type":"SearchAction","target":{"@type":"EntryPoint","urlTemplate":"https:\/\/notejido.com\/fr\/?s={search_term_string}"},"query-input":{"@type":"PropertyValueSpecification","valueRequired":true,"valueName":"search_term_string"}}],"inLanguage":"fr-FR"}]}},"_links":{"self":[{"href":"https:\/\/notejido.com\/fr\/wp-json\/wp\/v2\/pages\/3540","targetHints":{"allow":["GET"]}}],"collection":[{"href":"https:\/\/notejido.com\/fr\/wp-json\/wp\/v2\/pages"}],"about":[{"href":"https:\/\/notejido.com\/fr\/wp-json\/wp\/v2\/types\/page"}],"author":[{"embeddable":true,"href":"https:\/\/notejido.com\/fr\/wp-json\/wp\/v2\/users\/2"}],"replies":[{"embeddable":true,"href":"https:\/\/notejido.com\/fr\/wp-json\/wp\/v2\/comments?post=3540"}],"version-history":[{"count":5,"href":"https:\/\/notejido.com\/fr\/wp-json\/wp\/v2\/pages\/3540\/revisions"}],"predecessor-version":[{"id":9575,"href":"https:\/\/notejido.com\/fr\/wp-json\/wp\/v2\/pages\/3540\/revisions\/9575"}],"wp:featuredmedia":[{"embeddable":true,"href":"https:\/\/notejido.com\/fr\/wp-json\/wp\/v2\/media\/7556"}],"wp:attachment":[{"href":"https:\/\/notejido.com\/fr\/wp-json\/wp\/v2\/media?parent=3540"}],"curies":[{"name":"wp","href":"https:\/\/api.w.org\/{rel}","templated":true}]}}