{"id":3565,"date":"2019-05-10T08:52:16","date_gmt":"2019-05-10T08:52:16","guid":{"rendered":"https:\/\/notejido.com\/bolsas-supermercados-y-grandes-superficies\/"},"modified":"2024-11-20T12:12:57","modified_gmt":"2024-11-20T12:12:57","slug":"supermarches-et-grandes-surfaces","status":"publish","type":"page","link":"https:\/\/notejido.com\/fr\/supermarches-et-grandes-surfaces\/","title":{"rendered":"Supermarch\u00e9s et grandes surfaces"},"content":{"rendered":"<div id=\"pl-gb3565-69d0c2810a580\"  class=\"panel-layout\" ><div id=\"pg-gb3565-69d0c2810a580-0\"  class=\"panel-grid panel-has-style\" ><div class=\"section-intro panel-row-style panel-row-style-for-gb3565-69d0c2810a580-0\" ><div id=\"pgc-gb3565-69d0c2810a580-0-0\"  class=\"panel-grid-cell\" ><div id=\"panel-gb3565-69d0c2810a580-0-0-0\" class=\"so-panel widget widget_sow-editor panel-first-child panel-last-child\" data-index=\"0\" ><div\n\t\t\t\n\t\t\tclass=\"so-widget-sow-editor so-widget-sow-editor-base\"\n\t\t\t\n\t\t>\n<div class=\"siteorigin-widget-tinymce textwidget\">\n\t<p>Sacs de Supermarch\u00e9s et grandes surfaces r\u00e9utilisables extra r\u00e9sistants, avec une capacit\u00e9 suffisante pour supporter jusqu\u2019\u00e0 15 kg de poids et en mesure de r\u00e9sister plus de 100 usages. Fabriqu\u00e9s avec des mat\u00e9riaux durables comme le <a href=\"https:\/\/ecommerce.notejido.com\/fr\/sacs-en-tissu\/93-364-sac-en-tissu-intiss%C3%A9-imprim%C3%A9-Eco-friendly.html#\/36-format-40x40x15\/117-couleur-myrtilles\">non tiss\u00e9<\/a>, le PP tiss\u00e9, le coton ou le papier. Sans doute, la alternative la plus \u00ab ECO \u00bb pour votre point de vente.<\/p>\n<p>Les consommateurs sont de plus en plus responsables envers de l\u2019environnement et l\u2019impact n\u00e9gatif qui repr\u00e9sente l\u2019utilisation de sacs plastiques \u00e0 usage unique. Cette prise de conscience \u00e9cologique est traduite par une demande plus \u00e9lev\u00e9e de sacs r\u00e9utilisables. Cela a donn\u00e9 naissance \u00e0 l\u2019importance d\u2019offrir des sacs r\u00e9utilisables pour transporter les courses, des sacs 100% respectueux de notre entourage au m\u00eame temps. Offrez \u00e0 vos clients des solutions durables, promouvez une consommation responsable et proposez toujours des sacs r\u00e9utilisables de Supermarch\u00e9s et grandes surfaces.<\/p>\n<\/div>\n<\/div><\/div><\/div><\/div><\/div><div id=\"pg-gb3565-69d0c2810a580-1\"  class=\"panel-grid panel-has-style\" ><div class=\"sector-products panel-row-style panel-row-style-for-gb3565-69d0c2810a580-1\" ><div id=\"pgc-gb3565-69d0c2810a580-1-0\"  class=\"panel-grid-cell\" ><div class=\"sector-products-item panel-cell-style panel-cell-style-for-gb3565-69d0c2810a580-1-0\" ><div id=\"panel-gb3565-69d0c2810a580-1-0-0\" class=\"so-panel widget widget_sow-editor panel-first-child panel-last-child\" data-index=\"1\" ><div\n\t\t\t\n\t\t\tclass=\"so-widget-sow-editor so-widget-sow-editor-base\"\n\t\t\t\n\t\t>\n<div class=\"siteorigin-widget-tinymce textwidget\">\n\t<h3>Sacs en papier Kraft<\/h3>\n<p>&nbsp;<\/p>\n<div><\/div>\n<\/div>\n<\/div><\/div><\/div><\/div><div id=\"pgc-gb3565-69d0c2810a580-1-1\"  class=\"panel-grid-cell\" ><div class=\"sector-products-item panel-cell-style panel-cell-style-for-gb3565-69d0c2810a580-1-1\" ><div id=\"panel-gb3565-69d0c2810a580-1-1-0\" class=\"so-panel widget widget_sow-editor panel-first-child panel-last-child\" data-index=\"2\" ><div\n\t\t\t\n\t\t\tclass=\"so-widget-sow-editor so-widget-sow-editor-base\"\n\t\t\t\n\t\t>\n<div class=\"siteorigin-widget-tinymce textwidget\">\n\t<h3>Sacs cousus en tissu<\/h3>\n<div><\/div>\n<\/div>\n<\/div><\/div><\/div><\/div><\/div><\/div><div id=\"pg-gb3565-69d0c2810a580-2\"  class=\"panel-grid panel-has-style\" ><div class=\"sector-products panel-row-style panel-row-style-for-gb3565-69d0c2810a580-2\" ><div id=\"pgc-gb3565-69d0c2810a580-2-0\"  class=\"panel-grid-cell panel-grid-cell-mobile-last\" ><div class=\"sector-products-item panel-cell-style panel-cell-style-for-gb3565-69d0c2810a580-2-0\" ><div id=\"panel-gb3565-69d0c2810a580-2-0-0\" class=\"so-panel widget widget_sow-editor panel-first-child panel-last-child\" data-index=\"3\" ><div\n\t\t\t\n\t\t\tclass=\"so-widget-sow-editor so-widget-sow-editor-base\"\n\t\t\t\n\t\t>\n<div class=\"siteorigin-widget-tinymce textwidget\">\n\t<h3>Sacs thermosoud\u00e9s en tissu<\/h3>\n<\/div>\n<\/div><\/div><\/div><\/div><div id=\"pgc-gb3565-69d0c2810a580-2-1\"  class=\"panel-grid-cell panel-grid-cell-empty\" ><\/div><\/div><\/div><\/div>\n\n\n<p><\/p>\n","protected":false},"excerpt":{"rendered":"<p>Sacs de Supermarch\u00e9s et grandes surfaces r\u00e9utilisables extra r\u00e9sistants, avec une capacit\u00e9 suffisante pour supporter jusqu\u2019\u00e0 15 kg de poids [&hellip;]<\/p>\n","protected":false},"author":2,"featured_media":1631,"parent":0,"menu_order":104,"comment_status":"closed","ping_status":"closed","template":"page-sector.php","meta":{"_acf_changed":false,"footnotes":""},"class_list":["post-3565","page","type-page","status-publish","has-post-thumbnail","hentry"],"acf":[],"yoast_head":"<!-- This site is optimized with the Yoast SEO plugin v27.2 - https:\/\/yoast.com\/product\/yoast-seo-wordpress\/ -->\n<title>Supermarch\u00e9s et grandes surfaces - Disenos NT<\/title>\n<meta name=\"description\" content=\"Sacs de Supermarch\u00e9s et grandes surfaces r\u00e9utilisables extra r\u00e9sistants, avec une capacit\u00e9 suffisante pour supporter jusqu\u2019\u00e0 15 kg de poids.\" \/>\n<meta name=\"robots\" content=\"index, follow, max-snippet:-1, max-image-preview:large, max-video-preview:-1\" \/>\n<link rel=\"canonical\" href=\"https:\/\/notejido.com\/fr\/supermarches-et-grandes-surfaces\/\" \/>\n<meta property=\"og:locale\" content=\"fr_FR\" \/>\n<meta property=\"og:type\" content=\"article\" \/>\n<meta property=\"og:title\" content=\"Supermarch\u00e9s et grandes surfaces - Disenos NT\" \/>\n<meta property=\"og:description\" content=\"Sacs de Supermarch\u00e9s et grandes surfaces r\u00e9utilisables extra r\u00e9sistants, avec une capacit\u00e9 suffisante pour supporter jusqu\u2019\u00e0 15 kg de poids.\" \/>\n<meta property=\"og:url\" content=\"https:\/\/notejido.com\/fr\/supermarches-et-grandes-surfaces\/\" \/>\n<meta property=\"og:site_name\" content=\"Disenos NT\" \/>\n<meta property=\"article:modified_time\" content=\"2024-11-20T12:12:57+00:00\" \/>\n<meta property=\"og:image\" content=\"https:\/\/notejido.com\/wp-content\/uploads\/2019\/09\/s-01b.jpg\" \/>\n\t<meta property=\"og:image:width\" content=\"1600\" \/>\n\t<meta property=\"og:image:height\" content=\"1000\" \/>\n\t<meta property=\"og:image:type\" content=\"image\/jpeg\" \/>\n<meta name=\"twitter:card\" content=\"summary_large_image\" \/>\n<meta name=\"twitter:label1\" content=\"Dur\u00e9e de lecture estim\u00e9e\" \/>\n\t<meta name=\"twitter:data1\" content=\"1 minute\" \/>\n<script type=\"application\/ld+json\" class=\"yoast-schema-graph\">{\"@context\":\"https:\/\/schema.org\",\"@graph\":[{\"@type\":\"WebPage\",\"@id\":\"https:\/\/notejido.com\/fr\/supermarches-et-grandes-surfaces\/\",\"url\":\"https:\/\/notejido.com\/fr\/supermarches-et-grandes-surfaces\/\",\"name\":\"Supermarch\u00e9s et grandes surfaces - Disenos NT\",\"isPartOf\":{\"@id\":\"https:\/\/notejido.com\/fr\/#website\"},\"primaryImageOfPage\":{\"@id\":\"https:\/\/notejido.com\/fr\/supermarches-et-grandes-surfaces\/#primaryimage\"},\"image\":{\"@id\":\"https:\/\/notejido.com\/fr\/supermarches-et-grandes-surfaces\/#primaryimage\"},\"thumbnailUrl\":\"https:\/\/notejido.com\/wp-content\/uploads\/2019\/09\/s-01b.jpg\",\"datePublished\":\"2019-05-10T08:52:16+00:00\",\"dateModified\":\"2024-11-20T12:12:57+00:00\",\"description\":\"Sacs de Supermarch\u00e9s et grandes surfaces r\u00e9utilisables extra r\u00e9sistants, avec une capacit\u00e9 suffisante pour supporter jusqu\u2019\u00e0 15 kg de poids.\",\"breadcrumb\":{\"@id\":\"https:\/\/notejido.com\/fr\/supermarches-et-grandes-surfaces\/#breadcrumb\"},\"inLanguage\":\"fr-FR\",\"potentialAction\":[{\"@type\":\"ReadAction\",\"target\":[\"https:\/\/notejido.com\/fr\/supermarches-et-grandes-surfaces\/\"]}]},{\"@type\":\"ImageObject\",\"inLanguage\":\"fr-FR\",\"@id\":\"https:\/\/notejido.com\/fr\/supermarches-et-grandes-surfaces\/#primaryimage\",\"url\":\"https:\/\/notejido.com\/wp-content\/uploads\/2019\/09\/s-01b.jpg\",\"contentUrl\":\"https:\/\/notejido.com\/wp-content\/uploads\/2019\/09\/s-01b.jpg\",\"width\":1600,\"height\":1000,\"caption\":\"Supermarch\u00e9s et grandes surfaces\"},{\"@type\":\"BreadcrumbList\",\"@id\":\"https:\/\/notejido.com\/fr\/supermarches-et-grandes-surfaces\/#breadcrumb\",\"itemListElement\":[{\"@type\":\"ListItem\",\"position\":1,\"name\":\"Portada\",\"item\":\"https:\/\/notejido.com\/fr\/\"},{\"@type\":\"ListItem\",\"position\":2,\"name\":\"Supermarch\u00e9s et grandes surfaces\"}]},{\"@type\":\"WebSite\",\"@id\":\"https:\/\/notejido.com\/fr\/#website\",\"url\":\"https:\/\/notejido.com\/fr\/\",\"name\":\"Disenos NT\",\"description\":\"Bolsas reutilizables, art\u00edculos higi\u00e9nicos-sanitarios, manteles desechables  y otro packaging promocional en material flexible\",\"potentialAction\":[{\"@type\":\"SearchAction\",\"target\":{\"@type\":\"EntryPoint\",\"urlTemplate\":\"https:\/\/notejido.com\/fr\/?s={search_term_string}\"},\"query-input\":{\"@type\":\"PropertyValueSpecification\",\"valueRequired\":true,\"valueName\":\"search_term_string\"}}],\"inLanguage\":\"fr-FR\"}]}<\/script>\n<!-- \/ Yoast SEO plugin. -->","yoast_head_json":{"title":"Supermarch\u00e9s et grandes surfaces - Disenos NT","description":"Sacs de Supermarch\u00e9s et grandes surfaces r\u00e9utilisables extra r\u00e9sistants, avec une capacit\u00e9 suffisante pour supporter jusqu\u2019\u00e0 15 kg de poids.","robots":{"index":"index","follow":"follow","max-snippet":"max-snippet:-1","max-image-preview":"max-image-preview:large","max-video-preview":"max-video-preview:-1"},"canonical":"https:\/\/notejido.com\/fr\/supermarches-et-grandes-surfaces\/","og_locale":"fr_FR","og_type":"article","og_title":"Supermarch\u00e9s et grandes surfaces - Disenos NT","og_description":"Sacs de Supermarch\u00e9s et grandes surfaces r\u00e9utilisables extra r\u00e9sistants, avec une capacit\u00e9 suffisante pour supporter jusqu\u2019\u00e0 15 kg de poids.","og_url":"https:\/\/notejido.com\/fr\/supermarches-et-grandes-surfaces\/","og_site_name":"Disenos NT","article_modified_time":"2024-11-20T12:12:57+00:00","og_image":[{"width":1600,"height":1000,"url":"https:\/\/notejido.com\/wp-content\/uploads\/2019\/09\/s-01b.jpg","type":"image\/jpeg"}],"twitter_card":"summary_large_image","twitter_misc":{"Dur\u00e9e de lecture estim\u00e9e":"1 minute"},"schema":{"@context":"https:\/\/schema.org","@graph":[{"@type":"WebPage","@id":"https:\/\/notejido.com\/fr\/supermarches-et-grandes-surfaces\/","url":"https:\/\/notejido.com\/fr\/supermarches-et-grandes-surfaces\/","name":"Supermarch\u00e9s et grandes surfaces - Disenos NT","isPartOf":{"@id":"https:\/\/notejido.com\/fr\/#website"},"primaryImageOfPage":{"@id":"https:\/\/notejido.com\/fr\/supermarches-et-grandes-surfaces\/#primaryimage"},"image":{"@id":"https:\/\/notejido.com\/fr\/supermarches-et-grandes-surfaces\/#primaryimage"},"thumbnailUrl":"https:\/\/notejido.com\/wp-content\/uploads\/2019\/09\/s-01b.jpg","datePublished":"2019-05-10T08:52:16+00:00","dateModified":"2024-11-20T12:12:57+00:00","description":"Sacs de Supermarch\u00e9s et grandes surfaces r\u00e9utilisables extra r\u00e9sistants, avec une capacit\u00e9 suffisante pour supporter jusqu\u2019\u00e0 15 kg de poids.","breadcrumb":{"@id":"https:\/\/notejido.com\/fr\/supermarches-et-grandes-surfaces\/#breadcrumb"},"inLanguage":"fr-FR","potentialAction":[{"@type":"ReadAction","target":["https:\/\/notejido.com\/fr\/supermarches-et-grandes-surfaces\/"]}]},{"@type":"ImageObject","inLanguage":"fr-FR","@id":"https:\/\/notejido.com\/fr\/supermarches-et-grandes-surfaces\/#primaryimage","url":"https:\/\/notejido.com\/wp-content\/uploads\/2019\/09\/s-01b.jpg","contentUrl":"https:\/\/notejido.com\/wp-content\/uploads\/2019\/09\/s-01b.jpg","width":1600,"height":1000,"caption":"Supermarch\u00e9s et grandes surfaces"},{"@type":"BreadcrumbList","@id":"https:\/\/notejido.com\/fr\/supermarches-et-grandes-surfaces\/#breadcrumb","itemListElement":[{"@type":"ListItem","position":1,"name":"Portada","item":"https:\/\/notejido.com\/fr\/"},{"@type":"ListItem","position":2,"name":"Supermarch\u00e9s et grandes surfaces"}]},{"@type":"WebSite","@id":"https:\/\/notejido.com\/fr\/#website","url":"https:\/\/notejido.com\/fr\/","name":"Disenos NT","description":"Bolsas reutilizables, art\u00edculos higi\u00e9nicos-sanitarios, manteles desechables  y otro packaging promocional en material flexible","potentialAction":[{"@type":"SearchAction","target":{"@type":"EntryPoint","urlTemplate":"https:\/\/notejido.com\/fr\/?s={search_term_string}"},"query-input":{"@type":"PropertyValueSpecification","valueRequired":true,"valueName":"search_term_string"}}],"inLanguage":"fr-FR"}]}},"_links":{"self":[{"href":"https:\/\/notejido.com\/fr\/wp-json\/wp\/v2\/pages\/3565","targetHints":{"allow":["GET"]}}],"collection":[{"href":"https:\/\/notejido.com\/fr\/wp-json\/wp\/v2\/pages"}],"about":[{"href":"https:\/\/notejido.com\/fr\/wp-json\/wp\/v2\/types\/page"}],"author":[{"embeddable":true,"href":"https:\/\/notejido.com\/fr\/wp-json\/wp\/v2\/users\/2"}],"replies":[{"embeddable":true,"href":"https:\/\/notejido.com\/fr\/wp-json\/wp\/v2\/comments?post=3565"}],"version-history":[{"count":5,"href":"https:\/\/notejido.com\/fr\/wp-json\/wp\/v2\/pages\/3565\/revisions"}],"predecessor-version":[{"id":9517,"href":"https:\/\/notejido.com\/fr\/wp-json\/wp\/v2\/pages\/3565\/revisions\/9517"}],"wp:featuredmedia":[{"embeddable":true,"href":"https:\/\/notejido.com\/fr\/wp-json\/wp\/v2\/media\/1631"}],"wp:attachment":[{"href":"https:\/\/notejido.com\/fr\/wp-json\/wp\/v2\/media?parent=3565"}],"curies":[{"name":"wp","href":"https:\/\/api.w.org\/{rel}","templated":true}]}}