{"id":3573,"date":"2019-05-10T08:59:17","date_gmt":"2019-05-10T08:59:17","guid":{"rendered":"https:\/\/notejido.com\/bolsas-comercio-y-boutiques\/"},"modified":"2026-04-07T11:44:51","modified_gmt":"2026-04-07T11:44:51","slug":"commerces-et-boutiques","status":"publish","type":"page","link":"https:\/\/notejido.com\/fr\/commerces-et-boutiques\/","title":{"rendered":"Sacs pour commerces et boutiques"},"content":{"rendered":"<div id=\"pl-gb3573-69e8bd05879a9\"  class=\"panel-layout\" ><div id=\"pg-gb3573-69e8bd05879a9-0\"  class=\"panel-grid panel-has-style\" ><div class=\"section-intro panel-row-style panel-row-style-for-gb3573-69e8bd05879a9-0\" ><div id=\"pgc-gb3573-69e8bd05879a9-0-0\"  class=\"panel-grid-cell\" ><div id=\"panel-gb3573-69e8bd05879a9-0-0-0\" class=\"so-panel widget widget_sow-editor panel-first-child panel-last-child\" data-index=\"0\" ><div\n\t\t\t\n\t\t\tclass=\"so-widget-sow-editor so-widget-sow-editor-base\"\n\t\t\t\n\t\t>\n<div class=\"siteorigin-widget-tinymce textwidget\">\n\t<p>Les sacs personnalis\u00e9s sont le support parfait non seulement pour garder les achats de vos clients mais aussi pour mettre en valeur votre marque et promouvoir votre Commerces et boutiques.<\/p>\n<p>De nos jours, magasins, commerces et boutiques sont conscients de l\u2019importance d\u2019offrir des sacs personnalis\u00e9s \u00e0 leurs clients. En outre, en plus d\u2019\u00eatre le support pour garder les achats de vos clients, ils constituent le choix parfait\u00a0 pour projeter l\u2019image de votre commerce. Un sac personnalis\u00e9, que ce soit en tissu, en coton, en <a href=\"https:\/\/ecommerce.notejido.com\/fr\/44-sacs-en-papier-kraft\">papier kraft<\/a> ou en papier luxe dit long sur votre commerce. Le client portera partout le sac avec le logo personnalis\u00e9 de votre magasin, aidant ainsi \u00e0 une diffusion de votre image et \u00e0 une promotion de votre marque o\u00f9 qu\u2019il aille.<\/p>\n<\/div>\n<\/div><\/div><\/div><\/div><\/div><div id=\"pg-gb3573-69e8bd05879a9-1\"  class=\"panel-grid panel-has-style\" ><div class=\"sector-products panel-row-style panel-row-style-for-gb3573-69e8bd05879a9-1\" ><div id=\"pgc-gb3573-69e8bd05879a9-1-0\"  class=\"panel-grid-cell\" ><div class=\"sector-products-item panel-cell-style panel-cell-style-for-gb3573-69e8bd05879a9-1-0\" ><div id=\"panel-gb3573-69e8bd05879a9-1-0-0\" class=\"so-panel widget widget_sow-editor panel-first-child panel-last-child\" data-index=\"1\" ><div\n\t\t\t\n\t\t\tclass=\"so-widget-sow-editor so-widget-sow-editor-base\"\n\t\t\t\n\t\t>\n<div class=\"siteorigin-widget-tinymce textwidget\">\n\t<h3>Sacs en papier luxe<\/h3>\n<div><\/div>\n<\/div>\n<\/div><\/div><\/div><\/div><div id=\"pgc-gb3573-69e8bd05879a9-1-1\"  class=\"panel-grid-cell\" ><div class=\"sector-products-item panel-cell-style panel-cell-style-for-gb3573-69e8bd05879a9-1-1\" ><div id=\"panel-gb3573-69e8bd05879a9-1-1-0\" class=\"so-panel widget widget_sow-editor panel-first-child panel-last-child\" data-index=\"2\" ><div\n\t\t\t\n\t\t\tclass=\"so-widget-sow-editor so-widget-sow-editor-base\"\n\t\t\t\n\t\t>\n<div class=\"siteorigin-widget-tinymce textwidget\">\n\t<h3>Sacs en papier Kraft<\/h3>\n<div><\/div>\n<\/div>\n<\/div><\/div><\/div><\/div><\/div><\/div><div id=\"pg-gb3573-69e8bd05879a9-2\"  class=\"panel-grid panel-has-style\" ><div class=\"sector-products panel-row-style panel-row-style-for-gb3573-69e8bd05879a9-2\" ><div id=\"pgc-gb3573-69e8bd05879a9-2-0\"  class=\"panel-grid-cell\" ><div class=\"sector-products-item panel-cell-style panel-cell-style-for-gb3573-69e8bd05879a9-2-0\" ><div id=\"panel-gb3573-69e8bd05879a9-2-0-0\" class=\"so-panel widget widget_sow-editor panel-first-child panel-last-child\" data-index=\"3\" ><div\n\t\t\t\n\t\t\tclass=\"so-widget-sow-editor so-widget-sow-editor-base\"\n\t\t\t\n\t\t>\n<div class=\"siteorigin-widget-tinymce textwidget\">\n\t<h3>Sacs thermosoud\u00e9s en tissu<\/h3>\n<\/div>\n<\/div><\/div><\/div><\/div><div id=\"pgc-gb3573-69e8bd05879a9-2-1\"  class=\"panel-grid-cell\" ><div class=\"sector-products-item panel-cell-style panel-cell-style-for-gb3573-69e8bd05879a9-2-1\" ><div id=\"panel-gb3573-69e8bd05879a9-2-1-0\" class=\"so-panel widget widget_sow-editor panel-first-child panel-last-child\" data-index=\"4\" ><div\n\t\t\t\n\t\t\tclass=\"so-widget-sow-editor so-widget-sow-editor-base\"\n\t\t\t\n\t\t>\n<div class=\"siteorigin-widget-tinymce textwidget\">\n\t<h3>Housses \u00e0 v\u00eatements<\/h3>\n<\/div>\n<\/div><\/div><\/div><\/div><\/div><\/div><\/div>","protected":false},"excerpt":{"rendered":"<p>Les sacs personnalis\u00e9s sont le support parfait non seulement pour garder les achats de vos clients mais aussi pour mettre [&hellip;]<\/p>\n","protected":false},"author":2,"featured_media":1639,"parent":0,"menu_order":1,"comment_status":"closed","ping_status":"closed","template":"page-sector.php","meta":{"_acf_changed":false,"footnotes":""},"class_list":["post-3573","page","type-page","status-publish","has-post-thumbnail","hentry"],"acf":[],"yoast_head":"<!-- This site is optimized with the Yoast SEO plugin v27.3 - https:\/\/yoast.com\/product\/yoast-seo-wordpress\/ -->\n<title>Sacs pour commerces et boutiques - Disenos NT<\/title>\n<meta name=\"description\" content=\"Sacs personnalis\u00e9s sont le support parfait pour garder les achats de vos clients et pour mettre en valeur le marque de Commerces et boutiques\" \/>\n<meta name=\"robots\" content=\"index, follow, max-snippet:-1, max-image-preview:large, max-video-preview:-1\" \/>\n<link rel=\"canonical\" href=\"https:\/\/notejido.com\/fr\/commerces-et-boutiques\/\" \/>\n<meta property=\"og:locale\" content=\"fr_FR\" \/>\n<meta property=\"og:type\" content=\"article\" \/>\n<meta property=\"og:title\" content=\"Sacs pour commerces et boutiques - Disenos NT\" \/>\n<meta property=\"og:description\" content=\"Sacs personnalis\u00e9s sont le support parfait pour garder les achats de vos clients et pour mettre en valeur le marque de Commerces et boutiques\" \/>\n<meta property=\"og:url\" content=\"https:\/\/notejido.com\/fr\/commerces-et-boutiques\/\" \/>\n<meta property=\"og:site_name\" content=\"Disenos NT\" \/>\n<meta property=\"article:modified_time\" content=\"2026-04-07T11:44:51+00:00\" \/>\n<meta property=\"og:image\" content=\"https:\/\/notejido.com\/wp-content\/uploads\/2019\/09\/s-02b.jpg\" \/>\n\t<meta property=\"og:image:width\" content=\"1600\" \/>\n\t<meta property=\"og:image:height\" content=\"1000\" \/>\n\t<meta property=\"og:image:type\" content=\"image\/jpeg\" \/>\n<meta name=\"twitter:card\" content=\"summary_large_image\" \/>\n<meta name=\"twitter:label1\" content=\"Dur\u00e9e de lecture estim\u00e9e\" \/>\n\t<meta name=\"twitter:data1\" content=\"1 minute\" \/>\n<script type=\"application\/ld+json\" class=\"yoast-schema-graph\">{\"@context\":\"https:\\\/\\\/schema.org\",\"@graph\":[{\"@type\":\"WebPage\",\"@id\":\"https:\\\/\\\/notejido.com\\\/fr\\\/commerces-et-boutiques\\\/\",\"url\":\"https:\\\/\\\/notejido.com\\\/fr\\\/commerces-et-boutiques\\\/\",\"name\":\"Sacs pour commerces et boutiques - Disenos NT\",\"isPartOf\":{\"@id\":\"https:\\\/\\\/notejido.com\\\/fr\\\/#website\"},\"primaryImageOfPage\":{\"@id\":\"https:\\\/\\\/notejido.com\\\/fr\\\/commerces-et-boutiques\\\/#primaryimage\"},\"image\":{\"@id\":\"https:\\\/\\\/notejido.com\\\/fr\\\/commerces-et-boutiques\\\/#primaryimage\"},\"thumbnailUrl\":\"https:\\\/\\\/notejido.com\\\/wp-content\\\/uploads\\\/2019\\\/09\\\/s-02b.jpg\",\"datePublished\":\"2019-05-10T08:59:17+00:00\",\"dateModified\":\"2026-04-07T11:44:51+00:00\",\"description\":\"Sacs personnalis\u00e9s sont le support parfait pour garder les achats de vos clients et pour mettre en valeur le marque de Commerces et boutiques\",\"breadcrumb\":{\"@id\":\"https:\\\/\\\/notejido.com\\\/fr\\\/commerces-et-boutiques\\\/#breadcrumb\"},\"inLanguage\":\"fr-FR\",\"potentialAction\":[{\"@type\":\"ReadAction\",\"target\":[\"https:\\\/\\\/notejido.com\\\/fr\\\/commerces-et-boutiques\\\/\"]}]},{\"@type\":\"ImageObject\",\"inLanguage\":\"fr-FR\",\"@id\":\"https:\\\/\\\/notejido.com\\\/fr\\\/commerces-et-boutiques\\\/#primaryimage\",\"url\":\"https:\\\/\\\/notejido.com\\\/wp-content\\\/uploads\\\/2019\\\/09\\\/s-02b.jpg\",\"contentUrl\":\"https:\\\/\\\/notejido.com\\\/wp-content\\\/uploads\\\/2019\\\/09\\\/s-02b.jpg\",\"width\":1600,\"height\":1000,\"caption\":\"Comercio y Boutiques\"},{\"@type\":\"BreadcrumbList\",\"@id\":\"https:\\\/\\\/notejido.com\\\/fr\\\/commerces-et-boutiques\\\/#breadcrumb\",\"itemListElement\":[{\"@type\":\"ListItem\",\"position\":1,\"name\":\"Portada\",\"item\":\"https:\\\/\\\/notejido.com\\\/fr\\\/\"},{\"@type\":\"ListItem\",\"position\":2,\"name\":\"Sacs pour commerces et boutiques\"}]},{\"@type\":\"WebSite\",\"@id\":\"https:\\\/\\\/notejido.com\\\/fr\\\/#website\",\"url\":\"https:\\\/\\\/notejido.com\\\/fr\\\/\",\"name\":\"Disenos NT\",\"description\":\"Bolsas reutilizables, art\u00edculos higi\u00e9nicos-sanitarios, manteles desechables  y otro packaging promocional en material flexible\",\"potentialAction\":[{\"@type\":\"SearchAction\",\"target\":{\"@type\":\"EntryPoint\",\"urlTemplate\":\"https:\\\/\\\/notejido.com\\\/fr\\\/?s={search_term_string}\"},\"query-input\":{\"@type\":\"PropertyValueSpecification\",\"valueRequired\":true,\"valueName\":\"search_term_string\"}}],\"inLanguage\":\"fr-FR\"}]}<\/script>\n<!-- \/ Yoast SEO plugin. -->","yoast_head_json":{"title":"Sacs pour commerces et boutiques - Disenos NT","description":"Sacs personnalis\u00e9s sont le support parfait pour garder les achats de vos clients et pour mettre en valeur le marque de Commerces et boutiques","robots":{"index":"index","follow":"follow","max-snippet":"max-snippet:-1","max-image-preview":"max-image-preview:large","max-video-preview":"max-video-preview:-1"},"canonical":"https:\/\/notejido.com\/fr\/commerces-et-boutiques\/","og_locale":"fr_FR","og_type":"article","og_title":"Sacs pour commerces et boutiques - Disenos NT","og_description":"Sacs personnalis\u00e9s sont le support parfait pour garder les achats de vos clients et pour mettre en valeur le marque de Commerces et boutiques","og_url":"https:\/\/notejido.com\/fr\/commerces-et-boutiques\/","og_site_name":"Disenos NT","article_modified_time":"2026-04-07T11:44:51+00:00","og_image":[{"width":1600,"height":1000,"url":"https:\/\/notejido.com\/wp-content\/uploads\/2019\/09\/s-02b.jpg","type":"image\/jpeg"}],"twitter_card":"summary_large_image","twitter_misc":{"Dur\u00e9e de lecture estim\u00e9e":"1 minute"},"schema":{"@context":"https:\/\/schema.org","@graph":[{"@type":"WebPage","@id":"https:\/\/notejido.com\/fr\/commerces-et-boutiques\/","url":"https:\/\/notejido.com\/fr\/commerces-et-boutiques\/","name":"Sacs pour commerces et boutiques - Disenos NT","isPartOf":{"@id":"https:\/\/notejido.com\/fr\/#website"},"primaryImageOfPage":{"@id":"https:\/\/notejido.com\/fr\/commerces-et-boutiques\/#primaryimage"},"image":{"@id":"https:\/\/notejido.com\/fr\/commerces-et-boutiques\/#primaryimage"},"thumbnailUrl":"https:\/\/notejido.com\/wp-content\/uploads\/2019\/09\/s-02b.jpg","datePublished":"2019-05-10T08:59:17+00:00","dateModified":"2026-04-07T11:44:51+00:00","description":"Sacs personnalis\u00e9s sont le support parfait pour garder les achats de vos clients et pour mettre en valeur le marque de Commerces et boutiques","breadcrumb":{"@id":"https:\/\/notejido.com\/fr\/commerces-et-boutiques\/#breadcrumb"},"inLanguage":"fr-FR","potentialAction":[{"@type":"ReadAction","target":["https:\/\/notejido.com\/fr\/commerces-et-boutiques\/"]}]},{"@type":"ImageObject","inLanguage":"fr-FR","@id":"https:\/\/notejido.com\/fr\/commerces-et-boutiques\/#primaryimage","url":"https:\/\/notejido.com\/wp-content\/uploads\/2019\/09\/s-02b.jpg","contentUrl":"https:\/\/notejido.com\/wp-content\/uploads\/2019\/09\/s-02b.jpg","width":1600,"height":1000,"caption":"Comercio y Boutiques"},{"@type":"BreadcrumbList","@id":"https:\/\/notejido.com\/fr\/commerces-et-boutiques\/#breadcrumb","itemListElement":[{"@type":"ListItem","position":1,"name":"Portada","item":"https:\/\/notejido.com\/fr\/"},{"@type":"ListItem","position":2,"name":"Sacs pour commerces et boutiques"}]},{"@type":"WebSite","@id":"https:\/\/notejido.com\/fr\/#website","url":"https:\/\/notejido.com\/fr\/","name":"Disenos NT","description":"Bolsas reutilizables, art\u00edculos higi\u00e9nicos-sanitarios, manteles desechables  y otro packaging promocional en material flexible","potentialAction":[{"@type":"SearchAction","target":{"@type":"EntryPoint","urlTemplate":"https:\/\/notejido.com\/fr\/?s={search_term_string}"},"query-input":{"@type":"PropertyValueSpecification","valueRequired":true,"valueName":"search_term_string"}}],"inLanguage":"fr-FR"}]}},"_links":{"self":[{"href":"https:\/\/notejido.com\/fr\/wp-json\/wp\/v2\/pages\/3573","targetHints":{"allow":["GET"]}}],"collection":[{"href":"https:\/\/notejido.com\/fr\/wp-json\/wp\/v2\/pages"}],"about":[{"href":"https:\/\/notejido.com\/fr\/wp-json\/wp\/v2\/types\/page"}],"author":[{"embeddable":true,"href":"https:\/\/notejido.com\/fr\/wp-json\/wp\/v2\/users\/2"}],"replies":[{"embeddable":true,"href":"https:\/\/notejido.com\/fr\/wp-json\/wp\/v2\/comments?post=3573"}],"version-history":[{"count":5,"href":"https:\/\/notejido.com\/fr\/wp-json\/wp\/v2\/pages\/3573\/revisions"}],"predecessor-version":[{"id":10801,"href":"https:\/\/notejido.com\/fr\/wp-json\/wp\/v2\/pages\/3573\/revisions\/10801"}],"wp:featuredmedia":[{"embeddable":true,"href":"https:\/\/notejido.com\/fr\/wp-json\/wp\/v2\/media\/1639"}],"wp:attachment":[{"href":"https:\/\/notejido.com\/fr\/wp-json\/wp\/v2\/media?parent=3573"}],"curies":[{"name":"wp","href":"https:\/\/api.w.org\/{rel}","templated":true}]}}