{"id":3580,"date":"2019-09-24T15:08:46","date_gmt":"2019-09-24T15:08:46","guid":{"rendered":"https:\/\/notejido.com\/bolsas-hosteleria\/"},"modified":"2024-11-19T17:00:31","modified_gmt":"2024-11-19T17:00:31","slug":"hotellerie","status":"publish","type":"page","link":"https:\/\/notejido.com\/fr\/hotellerie\/","title":{"rendered":"H\u00f4tellerie"},"content":{"rendered":"<div id=\"pl-gb3580-69d0c2ba0e19b\"  class=\"panel-layout\" ><div id=\"pg-gb3580-69d0c2ba0e19b-0\"  class=\"panel-grid panel-has-style\" ><div class=\"section-intro panel-row-style panel-row-style-for-gb3580-69d0c2ba0e19b-0\" ><div id=\"pgc-gb3580-69d0c2ba0e19b-0-0\"  class=\"panel-grid-cell\" ><div id=\"panel-gb3580-69d0c2ba0e19b-0-0-0\" class=\"so-panel widget widget_sow-editor panel-first-child panel-last-child\" data-index=\"0\" ><div\n\t\t\t\n\t\t\tclass=\"so-widget-sow-editor so-widget-sow-editor-base\"\n\t\t\t\n\t\t>\n<div class=\"siteorigin-widget-tinymce textwidget\">\n\t<p>La plus large gamme de nappes \u00e0 usage unique pour H\u00f4tellerie, le secteur CHR et Retail. En outre, vous trouverez ici tout type de packaging \u00e0 emporter comme des sacs en papier kraft \u00e0 grand soufflet, id\u00e9aux pour plats \u00e0 emporter ou pour commerces avec service de livraison \u00e0 domicile.<\/p>\n<p>Toutes nos nappes ont \u00e9t\u00e9 fabriqu\u00e9es en Espagne conform\u00e9ment aux plus hautes exigences de qualit\u00e9 et s\u00e9curit\u00e9 alimentaire pour <a href=\"https:\/\/ecommerce.notejido.com\/fr\/sacs-en-papier\/200-1661-sac-en-papier-kraft-%C3%A0-emporter-imperm%C3%A9able.html#\/74-couleur-pk_kraft_brun\/239-format-27x26x13\">H\u00f4tellerie<\/a>. Hypoallerg\u00e9niques, sans aucune substance nocive pour la sant\u00e9 et apte au contact alimentaire.<\/p>\n<p>Laissez-vous conseiller par notre \u00e9quipe d\u2019experts\u00a0!<\/p>\n<\/div>\n<\/div><\/div><\/div><\/div><\/div><div id=\"pg-gb3580-69d0c2ba0e19b-1\"  class=\"panel-grid panel-has-style\" ><div class=\"sector-products panel-row-style panel-row-style-for-gb3580-69d0c2ba0e19b-1\" ><div id=\"pgc-gb3580-69d0c2ba0e19b-1-0\"  class=\"panel-grid-cell\" ><div class=\"sector-products-item panel-cell-style panel-cell-style-for-gb3580-69d0c2ba0e19b-1-0\" ><div id=\"panel-gb3580-69d0c2ba0e19b-1-0-0\" class=\"so-panel widget widget_sow-editor panel-first-child panel-last-child\" data-index=\"1\" ><div\n\t\t\t\n\t\t\tclass=\"so-widget-sow-editor so-widget-sow-editor-base\"\n\t\t\t\n\t\t>\n<div class=\"siteorigin-widget-tinymce textwidget\">\n\t<h3>Sacs en papier Kraft<\/h3>\n<div><\/div>\n<\/div>\n<\/div><\/div><\/div><\/div><div id=\"pgc-gb3580-69d0c2ba0e19b-1-1\"  class=\"panel-grid-cell\" ><div class=\"sector-products-item panel-cell-style panel-cell-style-for-gb3580-69d0c2ba0e19b-1-1\" ><div id=\"panel-gb3580-69d0c2ba0e19b-1-1-0\" class=\"so-panel widget widget_sow-editor panel-first-child panel-last-child\" data-index=\"2\" ><div\n\t\t\t\n\t\t\tclass=\"so-widget-sow-editor so-widget-sow-editor-base\"\n\t\t\t\n\t\t>\n<div class=\"siteorigin-widget-tinymce textwidget\">\n\t<h3>Linge de table jetable<\/h3>\n<div><\/div>\n<\/div>\n<\/div><\/div><\/div><\/div><\/div><\/div><div id=\"pg-gb3580-69d0c2ba0e19b-2\"  class=\"panel-grid panel-has-style\" ><div class=\"sector-products panel-row-style panel-row-style-for-gb3580-69d0c2ba0e19b-2\" ><div id=\"pgc-gb3580-69d0c2ba0e19b-2-0\"  class=\"panel-grid-cell\" ><div class=\"sector-products-item panel-cell-style panel-cell-style-for-gb3580-69d0c2ba0e19b-2-0\" ><div id=\"panel-gb3580-69d0c2ba0e19b-2-0-0\" class=\"so-panel widget widget_sow-editor panel-first-child panel-last-child\" data-index=\"3\" ><div\n\t\t\t\n\t\t\tclass=\"so-widget-sow-editor so-widget-sow-editor-base\"\n\t\t\t\n\t\t>\n<div class=\"siteorigin-widget-tinymce textwidget\">\n\t<h3>Sacs thermosoud\u00e9s en tissu<\/h3>\n<div><\/div>\n<\/div>\n<\/div><\/div><\/div><\/div><div id=\"pgc-gb3580-69d0c2ba0e19b-2-1\"  class=\"panel-grid-cell\" ><div class=\"sector-products-item panel-cell-style panel-cell-style-for-gb3580-69d0c2ba0e19b-2-1\" ><div id=\"panel-gb3580-69d0c2ba0e19b-2-1-0\" class=\"so-panel widget widget_sow-editor panel-first-child panel-last-child\" data-index=\"4\" ><div\n\t\t\t\n\t\t\tclass=\"so-widget-sow-editor so-widget-sow-editor-base\"\n\t\t\t\n\t\t>\n<div class=\"siteorigin-widget-tinymce textwidget\">\n\t<h3>Sacs cousus en tissu<\/h3>\n<\/div>\n<\/div><\/div><\/div><\/div><\/div><\/div><div id=\"pg-gb3580-69d0c2ba0e19b-3\"  class=\"panel-grid panel-has-style\" ><div class=\"sector-products panel-row-style panel-row-style-for-gb3580-69d0c2ba0e19b-3\" ><div id=\"pgc-gb3580-69d0c2ba0e19b-3-0\"  class=\"panel-grid-cell panel-grid-cell-mobile-last\" ><div class=\"sector-products-item panel-cell-style panel-cell-style-for-gb3580-69d0c2ba0e19b-3-0\" ><div id=\"panel-gb3580-69d0c2ba0e19b-3-0-0\" class=\"so-panel widget widget_sow-editor panel-first-child panel-last-child\" data-index=\"5\" ><div\n\t\t\t\n\t\t\tclass=\"so-widget-sow-editor so-widget-sow-editor-base\"\n\t\t\t\n\t\t>\n<div class=\"siteorigin-widget-tinymce textwidget\">\n\t<h3>Autre packaging promotionnel<\/h3>\n<\/div>\n<\/div><\/div><\/div><\/div><div id=\"pgc-gb3580-69d0c2ba0e19b-3-1\"  class=\"panel-grid-cell panel-grid-cell-empty\" ><\/div><\/div><\/div><\/div>","protected":false},"excerpt":{"rendered":"<p>La plus large gamme de nappes \u00e0 usage unique pour H\u00f4tellerie, le secteur CHR et Retail. En outre, vous trouverez [&hellip;]<\/p>\n","protected":false},"author":2,"featured_media":1643,"parent":0,"menu_order":2,"comment_status":"closed","ping_status":"closed","template":"page-sector.php","meta":{"_acf_changed":false,"footnotes":""},"class_list":["post-3580","page","type-page","status-publish","has-post-thumbnail","hentry"],"acf":[],"yoast_head":"<!-- This site is optimized with the Yoast SEO plugin v27.2 - https:\/\/yoast.com\/product\/yoast-seo-wordpress\/ -->\n<title>H\u00f4tellerie - Disenos NT<\/title>\n<meta name=\"description\" content=\"La plus large gamme de nappes \u00e0 usage unique pour H\u00f4tellerie, le secteur CHR et Retail. id\u00e9aux pour plats \u00e0 emporter ou pour commerces.\" \/>\n<meta name=\"robots\" content=\"index, follow, max-snippet:-1, max-image-preview:large, max-video-preview:-1\" \/>\n<link rel=\"canonical\" href=\"https:\/\/notejido.com\/fr\/hotellerie\/\" \/>\n<meta property=\"og:locale\" content=\"fr_FR\" \/>\n<meta property=\"og:type\" content=\"article\" \/>\n<meta property=\"og:title\" content=\"H\u00f4tellerie - Disenos NT\" \/>\n<meta property=\"og:description\" content=\"La plus large gamme de nappes \u00e0 usage unique pour H\u00f4tellerie, le secteur CHR et Retail. id\u00e9aux pour plats \u00e0 emporter ou pour commerces.\" \/>\n<meta property=\"og:url\" content=\"https:\/\/notejido.com\/fr\/hotellerie\/\" \/>\n<meta property=\"og:site_name\" content=\"Disenos NT\" \/>\n<meta property=\"article:modified_time\" content=\"2024-11-19T17:00:31+00:00\" \/>\n<meta property=\"og:image\" content=\"https:\/\/notejido.com\/wp-content\/uploads\/2019\/09\/s04.jpg\" \/>\n\t<meta property=\"og:image:width\" content=\"1600\" \/>\n\t<meta property=\"og:image:height\" content=\"1000\" \/>\n\t<meta property=\"og:image:type\" content=\"image\/jpeg\" \/>\n<meta name=\"twitter:card\" content=\"summary_large_image\" \/>\n<meta name=\"twitter:label1\" content=\"Dur\u00e9e de lecture estim\u00e9e\" \/>\n\t<meta name=\"twitter:data1\" content=\"1 minute\" \/>\n<script type=\"application\/ld+json\" class=\"yoast-schema-graph\">{\"@context\":\"https:\/\/schema.org\",\"@graph\":[{\"@type\":\"WebPage\",\"@id\":\"https:\/\/notejido.com\/fr\/hotellerie\/\",\"url\":\"https:\/\/notejido.com\/fr\/hotellerie\/\",\"name\":\"H\u00f4tellerie - Disenos NT\",\"isPartOf\":{\"@id\":\"https:\/\/notejido.com\/fr\/#website\"},\"primaryImageOfPage\":{\"@id\":\"https:\/\/notejido.com\/fr\/hotellerie\/#primaryimage\"},\"image\":{\"@id\":\"https:\/\/notejido.com\/fr\/hotellerie\/#primaryimage\"},\"thumbnailUrl\":\"https:\/\/notejido.com\/wp-content\/uploads\/2019\/09\/s04.jpg\",\"datePublished\":\"2019-09-24T15:08:46+00:00\",\"dateModified\":\"2024-11-19T17:00:31+00:00\",\"description\":\"La plus large gamme de nappes \u00e0 usage unique pour H\u00f4tellerie, le secteur CHR et Retail. id\u00e9aux pour plats \u00e0 emporter ou pour commerces.\",\"breadcrumb\":{\"@id\":\"https:\/\/notejido.com\/fr\/hotellerie\/#breadcrumb\"},\"inLanguage\":\"fr-FR\",\"potentialAction\":[{\"@type\":\"ReadAction\",\"target\":[\"https:\/\/notejido.com\/fr\/hotellerie\/\"]}]},{\"@type\":\"ImageObject\",\"inLanguage\":\"fr-FR\",\"@id\":\"https:\/\/notejido.com\/fr\/hotellerie\/#primaryimage\",\"url\":\"https:\/\/notejido.com\/wp-content\/uploads\/2019\/09\/s04.jpg\",\"contentUrl\":\"https:\/\/notejido.com\/wp-content\/uploads\/2019\/09\/s04.jpg\",\"width\":1600,\"height\":1000,\"caption\":\"H\u00f4tellerie\"},{\"@type\":\"BreadcrumbList\",\"@id\":\"https:\/\/notejido.com\/fr\/hotellerie\/#breadcrumb\",\"itemListElement\":[{\"@type\":\"ListItem\",\"position\":1,\"name\":\"Portada\",\"item\":\"https:\/\/notejido.com\/fr\/\"},{\"@type\":\"ListItem\",\"position\":2,\"name\":\"H\u00f4tellerie\"}]},{\"@type\":\"WebSite\",\"@id\":\"https:\/\/notejido.com\/fr\/#website\",\"url\":\"https:\/\/notejido.com\/fr\/\",\"name\":\"Disenos NT\",\"description\":\"Bolsas reutilizables, art\u00edculos higi\u00e9nicos-sanitarios, manteles desechables  y otro packaging promocional en material flexible\",\"potentialAction\":[{\"@type\":\"SearchAction\",\"target\":{\"@type\":\"EntryPoint\",\"urlTemplate\":\"https:\/\/notejido.com\/fr\/?s={search_term_string}\"},\"query-input\":{\"@type\":\"PropertyValueSpecification\",\"valueRequired\":true,\"valueName\":\"search_term_string\"}}],\"inLanguage\":\"fr-FR\"}]}<\/script>\n<!-- \/ Yoast SEO plugin. -->","yoast_head_json":{"title":"H\u00f4tellerie - Disenos NT","description":"La plus large gamme de nappes \u00e0 usage unique pour H\u00f4tellerie, le secteur CHR et Retail. id\u00e9aux pour plats \u00e0 emporter ou pour commerces.","robots":{"index":"index","follow":"follow","max-snippet":"max-snippet:-1","max-image-preview":"max-image-preview:large","max-video-preview":"max-video-preview:-1"},"canonical":"https:\/\/notejido.com\/fr\/hotellerie\/","og_locale":"fr_FR","og_type":"article","og_title":"H\u00f4tellerie - Disenos NT","og_description":"La plus large gamme de nappes \u00e0 usage unique pour H\u00f4tellerie, le secteur CHR et Retail. id\u00e9aux pour plats \u00e0 emporter ou pour commerces.","og_url":"https:\/\/notejido.com\/fr\/hotellerie\/","og_site_name":"Disenos NT","article_modified_time":"2024-11-19T17:00:31+00:00","og_image":[{"width":1600,"height":1000,"url":"https:\/\/notejido.com\/wp-content\/uploads\/2019\/09\/s04.jpg","type":"image\/jpeg"}],"twitter_card":"summary_large_image","twitter_misc":{"Dur\u00e9e de lecture estim\u00e9e":"1 minute"},"schema":{"@context":"https:\/\/schema.org","@graph":[{"@type":"WebPage","@id":"https:\/\/notejido.com\/fr\/hotellerie\/","url":"https:\/\/notejido.com\/fr\/hotellerie\/","name":"H\u00f4tellerie - Disenos NT","isPartOf":{"@id":"https:\/\/notejido.com\/fr\/#website"},"primaryImageOfPage":{"@id":"https:\/\/notejido.com\/fr\/hotellerie\/#primaryimage"},"image":{"@id":"https:\/\/notejido.com\/fr\/hotellerie\/#primaryimage"},"thumbnailUrl":"https:\/\/notejido.com\/wp-content\/uploads\/2019\/09\/s04.jpg","datePublished":"2019-09-24T15:08:46+00:00","dateModified":"2024-11-19T17:00:31+00:00","description":"La plus large gamme de nappes \u00e0 usage unique pour H\u00f4tellerie, le secteur CHR et Retail. id\u00e9aux pour plats \u00e0 emporter ou pour commerces.","breadcrumb":{"@id":"https:\/\/notejido.com\/fr\/hotellerie\/#breadcrumb"},"inLanguage":"fr-FR","potentialAction":[{"@type":"ReadAction","target":["https:\/\/notejido.com\/fr\/hotellerie\/"]}]},{"@type":"ImageObject","inLanguage":"fr-FR","@id":"https:\/\/notejido.com\/fr\/hotellerie\/#primaryimage","url":"https:\/\/notejido.com\/wp-content\/uploads\/2019\/09\/s04.jpg","contentUrl":"https:\/\/notejido.com\/wp-content\/uploads\/2019\/09\/s04.jpg","width":1600,"height":1000,"caption":"H\u00f4tellerie"},{"@type":"BreadcrumbList","@id":"https:\/\/notejido.com\/fr\/hotellerie\/#breadcrumb","itemListElement":[{"@type":"ListItem","position":1,"name":"Portada","item":"https:\/\/notejido.com\/fr\/"},{"@type":"ListItem","position":2,"name":"H\u00f4tellerie"}]},{"@type":"WebSite","@id":"https:\/\/notejido.com\/fr\/#website","url":"https:\/\/notejido.com\/fr\/","name":"Disenos NT","description":"Bolsas reutilizables, art\u00edculos higi\u00e9nicos-sanitarios, manteles desechables  y otro packaging promocional en material flexible","potentialAction":[{"@type":"SearchAction","target":{"@type":"EntryPoint","urlTemplate":"https:\/\/notejido.com\/fr\/?s={search_term_string}"},"query-input":{"@type":"PropertyValueSpecification","valueRequired":true,"valueName":"search_term_string"}}],"inLanguage":"fr-FR"}]}},"_links":{"self":[{"href":"https:\/\/notejido.com\/fr\/wp-json\/wp\/v2\/pages\/3580","targetHints":{"allow":["GET"]}}],"collection":[{"href":"https:\/\/notejido.com\/fr\/wp-json\/wp\/v2\/pages"}],"about":[{"href":"https:\/\/notejido.com\/fr\/wp-json\/wp\/v2\/types\/page"}],"author":[{"embeddable":true,"href":"https:\/\/notejido.com\/fr\/wp-json\/wp\/v2\/users\/2"}],"replies":[{"embeddable":true,"href":"https:\/\/notejido.com\/fr\/wp-json\/wp\/v2\/comments?post=3580"}],"version-history":[{"count":4,"href":"https:\/\/notejido.com\/fr\/wp-json\/wp\/v2\/pages\/3580\/revisions"}],"predecessor-version":[{"id":9514,"href":"https:\/\/notejido.com\/fr\/wp-json\/wp\/v2\/pages\/3580\/revisions\/9514"}],"wp:featuredmedia":[{"embeddable":true,"href":"https:\/\/notejido.com\/fr\/wp-json\/wp\/v2\/media\/1643"}],"wp:attachment":[{"href":"https:\/\/notejido.com\/fr\/wp-json\/wp\/v2\/media?parent=3580"}],"curies":[{"name":"wp","href":"https:\/\/api.w.org\/{rel}","templated":true}]}}