{"id":3585,"date":"2019-09-24T15:18:50","date_gmt":"2019-09-24T15:18:50","guid":{"rendered":"https:\/\/notejido.com\/bolsas-publicidad-y-promocion\/"},"modified":"2024-11-19T16:58:57","modified_gmt":"2024-11-19T16:58:57","slug":"promotion-et-publicite","status":"publish","type":"page","link":"https:\/\/notejido.com\/fr\/promotion-et-publicite\/","title":{"rendered":"Promotion et publicit\u00e9"},"content":{"rendered":"<div id=\"pl-gb3585-69d109d1ad3f7\"  class=\"panel-layout\" ><div id=\"pg-gb3585-69d109d1ad3f7-0\"  class=\"panel-grid panel-has-style\" ><div class=\"section-intro panel-row-style panel-row-style-for-gb3585-69d109d1ad3f7-0\" ><div id=\"pgc-gb3585-69d109d1ad3f7-0-0\"  class=\"panel-grid-cell\" ><div id=\"panel-gb3585-69d109d1ad3f7-0-0-0\" class=\"so-panel widget widget_sow-editor panel-first-child panel-last-child\" data-index=\"0\" ><div\n\t\t\t\n\t\t\tclass=\"so-widget-sow-editor so-widget-sow-editor-base\"\n\t\t\t\n\t\t>\n<div class=\"siteorigin-widget-tinymce textwidget\">\n\t<p>\u00c9conomiques, pratiques et fonctionnels, les sacs pour Promotion et publicit\u00e9 sont comme cela : le cadeau promotionnel le plus demand\u00e9 dans les campagnes publicitaires par leur faible co\u00fbt et par l\u2019\u00e9lev\u00e9 impact cr\u00e9e pendant leur dur\u00e9e de vie utile.<\/p>\n<p>Dans le cadre des campagnes publicitaires, parier sur des cadeaux utiles largement utilis\u00e9s au quotidien assure le succ\u00e8s et la diffusion de toute campagne. En plus, les <a href=\"https:\/\/ecommerce.notejido.com\/fr\/63-dnt-bags-collection?page=3\">sacs pour Promotion et publicit\u00e9<\/a> r\u00e9utilisables peuvent \u00eatre utilis\u00e9s une infinit\u00e9 de fois pendant une p\u00e9riode de temps prolong\u00e9e. Vous avez besoin de plus d\u2019arguments pour inclure les sacs publicitaires dans vos campagnes ?<\/p>\n<\/div>\n<\/div><\/div><\/div><\/div><\/div><div id=\"pg-gb3585-69d109d1ad3f7-1\"  class=\"panel-grid panel-has-style\" ><div class=\"sector-products panel-row-style panel-row-style-for-gb3585-69d109d1ad3f7-1\" ><div id=\"pgc-gb3585-69d109d1ad3f7-1-0\"  class=\"panel-grid-cell\" ><div class=\"sector-products-item panel-cell-style panel-cell-style-for-gb3585-69d109d1ad3f7-1-0\" ><div id=\"panel-gb3585-69d109d1ad3f7-1-0-0\" class=\"so-panel widget widget_sow-editor panel-first-child panel-last-child\" data-index=\"1\" ><div\n\t\t\t\n\t\t\tclass=\"so-widget-sow-editor so-widget-sow-editor-base\"\n\t\t\t\n\t\t>\n<div class=\"siteorigin-widget-tinymce textwidget\">\n\t<h3>Sacs en papier Kraft<\/h3>\n<div><\/div>\n<\/div>\n<\/div><\/div><\/div><\/div><div id=\"pgc-gb3585-69d109d1ad3f7-1-1\"  class=\"panel-grid-cell\" ><div class=\"sector-products-item panel-cell-style panel-cell-style-for-gb3585-69d109d1ad3f7-1-1\" ><div id=\"panel-gb3585-69d109d1ad3f7-1-1-0\" class=\"so-panel widget widget_sow-editor panel-first-child panel-last-child\" data-index=\"2\" ><div\n\t\t\t\n\t\t\tclass=\"so-widget-sow-editor so-widget-sow-editor-base\"\n\t\t\t\n\t\t>\n<div class=\"siteorigin-widget-tinymce textwidget\">\n\t<h3>Sacs en papier luxe<\/h3>\n<div><\/div>\n<\/div>\n<\/div><\/div><\/div><\/div><\/div><\/div><div id=\"pg-gb3585-69d109d1ad3f7-2\"  class=\"panel-grid panel-has-style\" ><div class=\"sector-products panel-row-style panel-row-style-for-gb3585-69d109d1ad3f7-2\" ><div id=\"pgc-gb3585-69d109d1ad3f7-2-0\"  class=\"panel-grid-cell\" ><div class=\"sector-products-item panel-cell-style panel-cell-style-for-gb3585-69d109d1ad3f7-2-0\" ><div id=\"panel-gb3585-69d109d1ad3f7-2-0-0\" class=\"so-panel widget widget_sow-editor panel-first-child panel-last-child\" data-index=\"3\" ><div\n\t\t\t\n\t\t\tclass=\"so-widget-sow-editor so-widget-sow-editor-base\"\n\t\t\t\n\t\t>\n<div class=\"siteorigin-widget-tinymce textwidget\">\n\t<h3>Sacs cousus en tissu<\/h3>\n<div><\/div>\n<\/div>\n<\/div><\/div><\/div><\/div><div id=\"pgc-gb3585-69d109d1ad3f7-2-1\"  class=\"panel-grid-cell\" ><div class=\"sector-products-item panel-cell-style panel-cell-style-for-gb3585-69d109d1ad3f7-2-1\" ><div id=\"panel-gb3585-69d109d1ad3f7-2-1-0\" class=\"so-panel widget widget_sow-editor panel-first-child panel-last-child\" data-index=\"4\" ><div\n\t\t\t\n\t\t\tclass=\"so-widget-sow-editor so-widget-sow-editor-base\"\n\t\t\t\n\t\t>\n<div class=\"siteorigin-widget-tinymce textwidget\">\n\t<h3>Sacs thermosoud\u00e9s en tissu<\/h3>\n<\/div>\n<\/div><\/div><\/div><\/div><\/div><\/div><div id=\"pg-gb3585-69d109d1ad3f7-3\"  class=\"panel-grid panel-has-style\" ><div class=\"sector-products panel-row-style panel-row-style-for-gb3585-69d109d1ad3f7-3\" ><div id=\"pgc-gb3585-69d109d1ad3f7-3-0\"  class=\"panel-grid-cell\" ><div class=\"sector-products-item panel-cell-style panel-cell-style-for-gb3585-69d109d1ad3f7-3-0\" ><div id=\"panel-gb3585-69d109d1ad3f7-3-0-0\" class=\"so-panel widget widget_sow-editor panel-first-child panel-last-child\" data-index=\"5\" ><div\n\t\t\t\n\t\t\tclass=\"so-widget-sow-editor so-widget-sow-editor-base\"\n\t\t\t\n\t\t>\n<div class=\"siteorigin-widget-tinymce textwidget\">\n\t<h3>Housses \u00e0 v\u00eatements<\/h3>\n<div><\/div>\n<\/div>\n<\/div><\/div><\/div><\/div><div id=\"pgc-gb3585-69d109d1ad3f7-3-1\"  class=\"panel-grid-cell\" ><div class=\"sector-products-item panel-cell-style panel-cell-style-for-gb3585-69d109d1ad3f7-3-1\" ><div id=\"panel-gb3585-69d109d1ad3f7-3-1-0\" class=\"so-panel widget widget_sow-editor panel-first-child panel-last-child\" data-index=\"6\" ><div\n\t\t\t\n\t\t\tclass=\"so-widget-sow-editor so-widget-sow-editor-base\"\n\t\t\t\n\t\t>\n<div class=\"siteorigin-widget-tinymce textwidget\">\n\t<h3>Autre packaging promotionnel<\/h3>\n<div><\/div>\n<\/div>\n<\/div><\/div><\/div><\/div><\/div><\/div><\/div>","protected":false},"excerpt":{"rendered":"<p>\u00c9conomiques, pratiques et fonctionnels, les sacs pour Promotion et publicit\u00e9 sont comme cela : le cadeau promotionnel le plus demand\u00e9 [&hellip;]<\/p>\n","protected":false},"author":2,"featured_media":1647,"parent":0,"menu_order":3,"comment_status":"closed","ping_status":"closed","template":"page-sector.php","meta":{"_acf_changed":false,"footnotes":""},"class_list":["post-3585","page","type-page","status-publish","has-post-thumbnail","hentry"],"acf":[],"yoast_head":"<!-- This site is optimized with the Yoast SEO plugin v27.2 - https:\/\/yoast.com\/product\/yoast-seo-wordpress\/ -->\n<title>Promotion et publicit\u00e9 - Disenos NT<\/title>\n<meta name=\"description\" content=\"\u00c9conomiques, pratiques et fonctionnels, les sacs pour Promotion et publicit\u00e9 sont comme cela le cadeau promotionnel le plus demand\u00e9.\" \/>\n<meta name=\"robots\" content=\"index, follow, max-snippet:-1, max-image-preview:large, max-video-preview:-1\" \/>\n<link rel=\"canonical\" href=\"https:\/\/notejido.com\/fr\/promotion-et-publicite\/\" \/>\n<meta property=\"og:locale\" content=\"fr_FR\" \/>\n<meta property=\"og:type\" content=\"article\" \/>\n<meta property=\"og:title\" content=\"Promotion et publicit\u00e9 - Disenos NT\" \/>\n<meta property=\"og:description\" content=\"\u00c9conomiques, pratiques et fonctionnels, les sacs pour Promotion et publicit\u00e9 sont comme cela le cadeau promotionnel le plus demand\u00e9.\" \/>\n<meta property=\"og:url\" content=\"https:\/\/notejido.com\/fr\/promotion-et-publicite\/\" \/>\n<meta property=\"og:site_name\" content=\"Disenos NT\" \/>\n<meta property=\"article:modified_time\" content=\"2024-11-19T16:58:57+00:00\" \/>\n<meta property=\"og:image\" content=\"https:\/\/notejido.com\/wp-content\/uploads\/2019\/09\/s-03.jpg\" \/>\n\t<meta property=\"og:image:width\" content=\"1600\" \/>\n\t<meta property=\"og:image:height\" content=\"1000\" \/>\n\t<meta property=\"og:image:type\" content=\"image\/jpeg\" \/>\n<meta name=\"twitter:card\" content=\"summary_large_image\" \/>\n<meta name=\"twitter:label1\" content=\"Dur\u00e9e de lecture estim\u00e9e\" \/>\n\t<meta name=\"twitter:data1\" content=\"1 minute\" \/>\n<script type=\"application\/ld+json\" class=\"yoast-schema-graph\">{\"@context\":\"https:\/\/schema.org\",\"@graph\":[{\"@type\":\"WebPage\",\"@id\":\"https:\/\/notejido.com\/fr\/promotion-et-publicite\/\",\"url\":\"https:\/\/notejido.com\/fr\/promotion-et-publicite\/\",\"name\":\"Promotion et publicit\u00e9 - Disenos NT\",\"isPartOf\":{\"@id\":\"https:\/\/notejido.com\/fr\/#website\"},\"primaryImageOfPage\":{\"@id\":\"https:\/\/notejido.com\/fr\/promotion-et-publicite\/#primaryimage\"},\"image\":{\"@id\":\"https:\/\/notejido.com\/fr\/promotion-et-publicite\/#primaryimage\"},\"thumbnailUrl\":\"https:\/\/notejido.com\/wp-content\/uploads\/2019\/09\/s-03.jpg\",\"datePublished\":\"2019-09-24T15:18:50+00:00\",\"dateModified\":\"2024-11-19T16:58:57+00:00\",\"description\":\"\u00c9conomiques, pratiques et fonctionnels, les sacs pour Promotion et publicit\u00e9 sont comme cela le cadeau promotionnel le plus demand\u00e9.\",\"breadcrumb\":{\"@id\":\"https:\/\/notejido.com\/fr\/promotion-et-publicite\/#breadcrumb\"},\"inLanguage\":\"fr-FR\",\"potentialAction\":[{\"@type\":\"ReadAction\",\"target\":[\"https:\/\/notejido.com\/fr\/promotion-et-publicite\/\"]}]},{\"@type\":\"ImageObject\",\"inLanguage\":\"fr-FR\",\"@id\":\"https:\/\/notejido.com\/fr\/promotion-et-publicite\/#primaryimage\",\"url\":\"https:\/\/notejido.com\/wp-content\/uploads\/2019\/09\/s-03.jpg\",\"contentUrl\":\"https:\/\/notejido.com\/wp-content\/uploads\/2019\/09\/s-03.jpg\",\"width\":1600,\"height\":1000,\"caption\":\"Promotion et publicit\u00e9\"},{\"@type\":\"BreadcrumbList\",\"@id\":\"https:\/\/notejido.com\/fr\/promotion-et-publicite\/#breadcrumb\",\"itemListElement\":[{\"@type\":\"ListItem\",\"position\":1,\"name\":\"Portada\",\"item\":\"https:\/\/notejido.com\/fr\/\"},{\"@type\":\"ListItem\",\"position\":2,\"name\":\"Promotion et publicit\u00e9\"}]},{\"@type\":\"WebSite\",\"@id\":\"https:\/\/notejido.com\/fr\/#website\",\"url\":\"https:\/\/notejido.com\/fr\/\",\"name\":\"Disenos NT\",\"description\":\"Bolsas reutilizables, art\u00edculos higi\u00e9nicos-sanitarios, manteles desechables  y otro packaging promocional en material flexible\",\"potentialAction\":[{\"@type\":\"SearchAction\",\"target\":{\"@type\":\"EntryPoint\",\"urlTemplate\":\"https:\/\/notejido.com\/fr\/?s={search_term_string}\"},\"query-input\":{\"@type\":\"PropertyValueSpecification\",\"valueRequired\":true,\"valueName\":\"search_term_string\"}}],\"inLanguage\":\"fr-FR\"}]}<\/script>\n<!-- \/ Yoast SEO plugin. -->","yoast_head_json":{"title":"Promotion et publicit\u00e9 - Disenos NT","description":"\u00c9conomiques, pratiques et fonctionnels, les sacs pour Promotion et publicit\u00e9 sont comme cela le cadeau promotionnel le plus demand\u00e9.","robots":{"index":"index","follow":"follow","max-snippet":"max-snippet:-1","max-image-preview":"max-image-preview:large","max-video-preview":"max-video-preview:-1"},"canonical":"https:\/\/notejido.com\/fr\/promotion-et-publicite\/","og_locale":"fr_FR","og_type":"article","og_title":"Promotion et publicit\u00e9 - Disenos NT","og_description":"\u00c9conomiques, pratiques et fonctionnels, les sacs pour Promotion et publicit\u00e9 sont comme cela le cadeau promotionnel le plus demand\u00e9.","og_url":"https:\/\/notejido.com\/fr\/promotion-et-publicite\/","og_site_name":"Disenos NT","article_modified_time":"2024-11-19T16:58:57+00:00","og_image":[{"width":1600,"height":1000,"url":"https:\/\/notejido.com\/wp-content\/uploads\/2019\/09\/s-03.jpg","type":"image\/jpeg"}],"twitter_card":"summary_large_image","twitter_misc":{"Dur\u00e9e de lecture estim\u00e9e":"1 minute"},"schema":{"@context":"https:\/\/schema.org","@graph":[{"@type":"WebPage","@id":"https:\/\/notejido.com\/fr\/promotion-et-publicite\/","url":"https:\/\/notejido.com\/fr\/promotion-et-publicite\/","name":"Promotion et publicit\u00e9 - Disenos NT","isPartOf":{"@id":"https:\/\/notejido.com\/fr\/#website"},"primaryImageOfPage":{"@id":"https:\/\/notejido.com\/fr\/promotion-et-publicite\/#primaryimage"},"image":{"@id":"https:\/\/notejido.com\/fr\/promotion-et-publicite\/#primaryimage"},"thumbnailUrl":"https:\/\/notejido.com\/wp-content\/uploads\/2019\/09\/s-03.jpg","datePublished":"2019-09-24T15:18:50+00:00","dateModified":"2024-11-19T16:58:57+00:00","description":"\u00c9conomiques, pratiques et fonctionnels, les sacs pour Promotion et publicit\u00e9 sont comme cela le cadeau promotionnel le plus demand\u00e9.","breadcrumb":{"@id":"https:\/\/notejido.com\/fr\/promotion-et-publicite\/#breadcrumb"},"inLanguage":"fr-FR","potentialAction":[{"@type":"ReadAction","target":["https:\/\/notejido.com\/fr\/promotion-et-publicite\/"]}]},{"@type":"ImageObject","inLanguage":"fr-FR","@id":"https:\/\/notejido.com\/fr\/promotion-et-publicite\/#primaryimage","url":"https:\/\/notejido.com\/wp-content\/uploads\/2019\/09\/s-03.jpg","contentUrl":"https:\/\/notejido.com\/wp-content\/uploads\/2019\/09\/s-03.jpg","width":1600,"height":1000,"caption":"Promotion et publicit\u00e9"},{"@type":"BreadcrumbList","@id":"https:\/\/notejido.com\/fr\/promotion-et-publicite\/#breadcrumb","itemListElement":[{"@type":"ListItem","position":1,"name":"Portada","item":"https:\/\/notejido.com\/fr\/"},{"@type":"ListItem","position":2,"name":"Promotion et publicit\u00e9"}]},{"@type":"WebSite","@id":"https:\/\/notejido.com\/fr\/#website","url":"https:\/\/notejido.com\/fr\/","name":"Disenos NT","description":"Bolsas reutilizables, art\u00edculos higi\u00e9nicos-sanitarios, manteles desechables  y otro packaging promocional en material flexible","potentialAction":[{"@type":"SearchAction","target":{"@type":"EntryPoint","urlTemplate":"https:\/\/notejido.com\/fr\/?s={search_term_string}"},"query-input":{"@type":"PropertyValueSpecification","valueRequired":true,"valueName":"search_term_string"}}],"inLanguage":"fr-FR"}]}},"_links":{"self":[{"href":"https:\/\/notejido.com\/fr\/wp-json\/wp\/v2\/pages\/3585","targetHints":{"allow":["GET"]}}],"collection":[{"href":"https:\/\/notejido.com\/fr\/wp-json\/wp\/v2\/pages"}],"about":[{"href":"https:\/\/notejido.com\/fr\/wp-json\/wp\/v2\/types\/page"}],"author":[{"embeddable":true,"href":"https:\/\/notejido.com\/fr\/wp-json\/wp\/v2\/users\/2"}],"replies":[{"embeddable":true,"href":"https:\/\/notejido.com\/fr\/wp-json\/wp\/v2\/comments?post=3585"}],"version-history":[{"count":4,"href":"https:\/\/notejido.com\/fr\/wp-json\/wp\/v2\/pages\/3585\/revisions"}],"predecessor-version":[{"id":9512,"href":"https:\/\/notejido.com\/fr\/wp-json\/wp\/v2\/pages\/3585\/revisions\/9512"}],"wp:featuredmedia":[{"embeddable":true,"href":"https:\/\/notejido.com\/fr\/wp-json\/wp\/v2\/media\/1647"}],"wp:attachment":[{"href":"https:\/\/notejido.com\/fr\/wp-json\/wp\/v2\/media?parent=3585"}],"curies":[{"name":"wp","href":"https:\/\/api.w.org\/{rel}","templated":true}]}}