{"id":4448,"date":"2019-02-19T10:51:02","date_gmt":"2019-02-19T10:51:02","guid":{"rendered":"https:\/\/notejido.com\/inicio\/"},"modified":"2026-04-07T11:38:36","modified_gmt":"2026-04-07T11:38:36","slug":"inicio","status":"publish","type":"page","link":"https:\/\/notejido.com\/fr\/","title":{"rendered":"Accueil"},"content":{"rendered":"<div id=\"pl-gb4448-69eb7a5468c70\"  class=\"panel-layout\" ><div id=\"pg-gb4448-69eb7a5468c70-0\"  class=\"panel-grid panel-no-style\" ><div id=\"pgc-gb4448-69eb7a5468c70-0-0\"  class=\"panel-grid-cell\" ><div id=\"panel-gb4448-69eb7a5468c70-0-0-0\" class=\"so-panel widget widget_sow-editor panel-first-child panel-last-child\" data-index=\"0\" ><div class=\"section-intro panel-widget-style panel-widget-style-for-gb4448-69eb7a5468c70-0-0-0\" ><div\n\t\t\t\n\t\t\tclass=\"so-widget-sow-editor so-widget-sow-editor-base\"\n\t\t\t\n\t\t>\n<div class=\"siteorigin-widget-tinymce textwidget\">\n\t<h2 style=\"text-align: center;\">NOUS SOMMES VOTRE PARTENAIRE STRAT\u00c9GIQUE<\/h2>\n<p style=\"text-align: center;\">B\u00e9n\u00e9ficiez d\u2019une proposition de valeur diff\u00e9rentielle<\/p>\n<\/div>\n<\/div><\/div><\/div><\/div><\/div><div id=\"pg-gb4448-69eb7a5468c70-1\"  class=\"panel-grid panel-has-style\" ><div class=\"section-numbers panel-row-style panel-row-style-for-gb4448-69eb7a5468c70-1\" ><div id=\"pgc-gb4448-69eb7a5468c70-1-0\"  class=\"panel-grid-cell\" ><div id=\"panel-gb4448-69eb7a5468c70-1-0-0\" class=\"so-panel widget widget_sow-image panel-first-child\" data-index=\"1\" ><div\n\t\t\t\n\t\t\tclass=\"so-widget-sow-image so-widget-sow-image-default-c67d20f9f743-4448\"\n\t\t\t\n\t\t>\n<div class=\"sow-image-container\">\n\t\t<img \n\tsrc=\"https:\/\/notejido.com\/wp-content\/uploads\/2026\/03\/35-anos.png\" width=\"91\" height=\"91\" sizes=\"(max-width: 91px) 100vw, 91px\" title=\"+35 a\u00f1os\" alt=\"\" \t\tclass=\"so-widget-image\"\/>\n\t<\/div>\n\n<\/div><\/div><div id=\"panel-gb4448-69eb7a5468c70-1-0-1\" class=\"so-panel widget widget_sow-editor panel-last-child\" data-index=\"2\" ><div\n\t\t\t\n\t\t\tclass=\"so-widget-sow-editor so-widget-sow-editor-base\"\n\t\t\t\n\t\t>\n<div class=\"siteorigin-widget-tinymce textwidget\">\n\t<h3 style=\"text-align: center;\">+35 ans d\u2019exp\u00e9rience dans le secteur du packaging<\/h3>\n<\/div>\n<\/div><\/div><\/div><div id=\"pgc-gb4448-69eb7a5468c70-1-1\"  class=\"panel-grid-cell\" ><div id=\"panel-gb4448-69eb7a5468c70-1-1-0\" class=\"so-panel widget widget_sow-image panel-first-child\" data-index=\"3\" ><div\n\t\t\t\n\t\t\tclass=\"so-widget-sow-image so-widget-sow-image-default-c67d20f9f743-4448\"\n\t\t\t\n\t\t>\n<div class=\"sow-image-container\">\n\t\t<img \n\tsrc=\"https:\/\/notejido.com\/wp-content\/uploads\/2026\/03\/produccion-integrada.png\" width=\"91\" height=\"91\" sizes=\"(max-width: 91px) 100vw, 91px\" title=\"produccion integrada\" alt=\"\" \t\tclass=\"so-widget-image\"\/>\n\t<\/div>\n\n<\/div><\/div><div id=\"panel-gb4448-69eb7a5468c70-1-1-1\" class=\"so-panel widget widget_sow-editor panel-last-child\" data-index=\"4\" ><div\n\t\t\t\n\t\t\tclass=\"so-widget-sow-editor so-widget-sow-editor-base\"\n\t\t\t\n\t\t>\n<div class=\"siteorigin-widget-tinymce textwidget\">\n\t<h3 style=\"text-align: center;\">Production 100 % int\u00e9gr\u00e9e sans interm\u00e9diaires<\/h3>\n<\/div>\n<\/div><\/div><\/div><div id=\"pgc-gb4448-69eb7a5468c70-1-2\"  class=\"panel-grid-cell\" ><div id=\"panel-gb4448-69eb7a5468c70-1-2-0\" class=\"so-panel widget widget_sow-image panel-first-child\" data-index=\"5\" ><div\n\t\t\t\n\t\t\tclass=\"so-widget-sow-image so-widget-sow-image-default-c67d20f9f743-4448\"\n\t\t\t\n\t\t>\n<div class=\"sow-image-container\">\n\t\t<img \n\tsrc=\"https:\/\/notejido.com\/wp-content\/uploads\/2026\/03\/certificaciones.png\" width=\"91\" height=\"91\" sizes=\"(max-width: 91px) 100vw, 91px\" alt=\"\" \t\tclass=\"so-widget-image\"\/>\n\t<\/div>\n\n<\/div><\/div><div id=\"panel-gb4448-69eb7a5468c70-1-2-1\" class=\"so-panel widget widget_sow-editor panel-last-child\" data-index=\"6\" ><div\n\t\t\t\n\t\t\tclass=\"so-widget-sow-editor so-widget-sow-editor-base\"\n\t\t\t\n\t\t>\n<div class=\"siteorigin-widget-tinymce textwidget\">\n\t<h3 style=\"text-align: center;\">Certifications de qualit\u00e9 \u00e0 la pointe<\/h3>\n<\/div>\n<\/div><\/div><\/div><\/div><\/div><div id=\"pg-gb4448-69eb7a5468c70-2\"  class=\"panel-grid panel-has-style\" ><div class=\"section-numbers panel-row-style panel-row-style-for-gb4448-69eb7a5468c70-2\" ><div id=\"pgc-gb4448-69eb7a5468c70-2-0\"  class=\"panel-grid-cell\" ><div id=\"panel-gb4448-69eb7a5468c70-2-0-0\" class=\"so-panel widget widget_sow-image panel-first-child\" data-index=\"7\" ><div\n\t\t\t\n\t\t\tclass=\"so-widget-sow-image so-widget-sow-image-default-c67d20f9f743-4448\"\n\t\t\t\n\t\t>\n<div class=\"sow-image-container\">\n\t\t<img \n\tsrc=\"https:\/\/notejido.com\/wp-content\/uploads\/2026\/03\/sostenibilidad.png\" width=\"91\" height=\"91\" sizes=\"(max-width: 91px) 100vw, 91px\" alt=\"\" \t\tclass=\"so-widget-image\"\/>\n\t<\/div>\n\n<\/div><\/div><div id=\"panel-gb4448-69eb7a5468c70-2-0-1\" class=\"so-panel widget widget_sow-editor panel-last-child\" data-index=\"8\" ><div\n\t\t\t\n\t\t\tclass=\"so-widget-sow-editor so-widget-sow-editor-base\"\n\t\t\t\n\t\t>\n<div class=\"siteorigin-widget-tinymce textwidget\">\n\t<h3 style=\"text-align: center;\">Durabilit\u00e9 et engagement environnemental<\/h3>\n<\/div>\n<\/div><\/div><\/div><div id=\"pgc-gb4448-69eb7a5468c70-2-1\"  class=\"panel-grid-cell\" ><div id=\"panel-gb4448-69eb7a5468c70-2-1-0\" class=\"so-panel widget widget_sow-image panel-first-child\" data-index=\"9\" ><div\n\t\t\t\n\t\t\tclass=\"so-widget-sow-image so-widget-sow-image-default-c67d20f9f743-4448\"\n\t\t\t\n\t\t>\n<div class=\"sow-image-container\">\n\t\t<img \n\tsrc=\"https:\/\/notejido.com\/wp-content\/uploads\/2026\/03\/catalogo-mayor-oferta.png\" width=\"91\" height=\"91\" sizes=\"(max-width: 91px) 100vw, 91px\" title=\"catalogo mayor oferta\" alt=\"\" \t\tclass=\"so-widget-image\"\/>\n\t<\/div>\n\n<\/div><\/div><div id=\"panel-gb4448-69eb7a5468c70-2-1-1\" class=\"so-panel widget widget_sow-editor panel-last-child\" data-index=\"10\" ><div\n\t\t\t\n\t\t\tclass=\"so-widget-sow-editor so-widget-sow-editor-base\"\n\t\t\t\n\t\t>\n<div class=\"siteorigin-widget-tinymce textwidget\">\n\t<h3 style=\"text-align: center;\">Catalogue avec la plus large gamme de formats et de mat\u00e9riaux<\/h3>\n<\/div>\n<\/div><\/div><\/div><div id=\"pgc-gb4448-69eb7a5468c70-2-2\"  class=\"panel-grid-cell\" ><div id=\"panel-gb4448-69eb7a5468c70-2-2-0\" class=\"so-panel widget widget_sow-image panel-first-child\" data-index=\"11\" ><div\n\t\t\t\n\t\t\tclass=\"so-widget-sow-image so-widget-sow-image-default-c67d20f9f743-4448\"\n\t\t\t\n\t\t>\n<div class=\"sow-image-container\">\n\t\t<img \n\tsrc=\"https:\/\/notejido.com\/wp-content\/uploads\/2026\/03\/flexibilidad-productiva.png\" width=\"91\" height=\"91\" sizes=\"(max-width: 91px) 100vw, 91px\" title=\"flexibilidad productiva\" alt=\"\" \t\tclass=\"so-widget-image\"\/>\n\t<\/div>\n\n<\/div><\/div><div id=\"panel-gb4448-69eb7a5468c70-2-2-1\" class=\"so-panel widget widget_sow-editor panel-last-child\" data-index=\"12\" ><div\n\t\t\t\n\t\t\tclass=\"so-widget-sow-editor so-widget-sow-editor-base\"\n\t\t\t\n\t\t>\n<div class=\"siteorigin-widget-tinymce textwidget\">\n\t<h3 style=\"text-align: center;\">Flexibilit\u00e9 de production et agilit\u00e9 dans les livraisons sans rupture de stock<\/h3>\n<\/div>\n<\/div><\/div><\/div><\/div><\/div><\/div>","protected":false},"excerpt":{"rendered":"<p>NOUS SOMMES VOTRE PARTENAIRE STRAT\u00c9GIQUE B\u00e9n\u00e9ficiez d\u2019une proposition de valeur diff\u00e9rentielle +35 ans d\u2019exp\u00e9rience dans le secteur du packaging Production [&hellip;]<\/p>\n","protected":false},"author":2,"featured_media":0,"parent":0,"menu_order":128,"comment_status":"closed","ping_status":"closed","template":"","meta":{"_acf_changed":false,"footnotes":""},"class_list":["post-4448","page","type-page","status-publish","hentry"],"acf":[],"yoast_head":"<!-- This site is optimized with the Yoast SEO plugin v27.3 - https:\/\/yoast.com\/product\/yoast-seo-wordpress\/ -->\n<title>Accueil - Disenos NT<\/title>\n<meta name=\"robots\" content=\"index, follow, max-snippet:-1, max-image-preview:large, max-video-preview:-1\" \/>\n<link rel=\"canonical\" href=\"https:\/\/notejido.com\/fr\/\" \/>\n<meta property=\"og:locale\" content=\"fr_FR\" \/>\n<meta property=\"og:type\" content=\"article\" \/>\n<meta property=\"og:title\" content=\"Accueil - Disenos NT\" \/>\n<meta property=\"og:description\" content=\"NOUS SOMMES VOTRE PARTENAIRE STRAT\u00c9GIQUE B\u00e9n\u00e9ficiez d\u2019une proposition de valeur diff\u00e9rentielle +35 ans d\u2019exp\u00e9rience dans le secteur du packaging Production [&hellip;]\" \/>\n<meta property=\"og:url\" content=\"https:\/\/notejido.com\/fr\/\" \/>\n<meta property=\"og:site_name\" content=\"Disenos NT\" \/>\n<meta property=\"article:modified_time\" content=\"2026-04-07T11:38:36+00:00\" \/>\n<meta name=\"twitter:card\" content=\"summary_large_image\" \/>\n<meta name=\"twitter:label1\" content=\"Dur\u00e9e de lecture estim\u00e9e\" \/>\n\t<meta name=\"twitter:data1\" content=\"2 minutes\" \/>\n<script type=\"application\/ld+json\" class=\"yoast-schema-graph\">{\"@context\":\"https:\\\/\\\/schema.org\",\"@graph\":[{\"@type\":\"WebPage\",\"@id\":\"https:\\\/\\\/notejido.com\\\/fr\\\/\",\"url\":\"https:\\\/\\\/notejido.com\\\/fr\\\/\",\"name\":\"Accueil - Disenos NT\",\"isPartOf\":{\"@id\":\"https:\\\/\\\/notejido.com\\\/fr\\\/#website\"},\"datePublished\":\"2019-02-19T10:51:02+00:00\",\"dateModified\":\"2026-04-07T11:38:36+00:00\",\"breadcrumb\":{\"@id\":\"https:\\\/\\\/notejido.com\\\/fr\\\/#breadcrumb\"},\"inLanguage\":\"fr-FR\",\"potentialAction\":[{\"@type\":\"ReadAction\",\"target\":[\"https:\\\/\\\/notejido.com\\\/fr\\\/\"]}]},{\"@type\":\"BreadcrumbList\",\"@id\":\"https:\\\/\\\/notejido.com\\\/fr\\\/#breadcrumb\",\"itemListElement\":[{\"@type\":\"ListItem\",\"position\":1,\"name\":\"Portada\",\"item\":\"https:\\\/\\\/notejido.com\\\/fr\\\/\"},{\"@type\":\"ListItem\",\"position\":2,\"name\":\"Accueil\"}]},{\"@type\":\"WebSite\",\"@id\":\"https:\\\/\\\/notejido.com\\\/fr\\\/#website\",\"url\":\"https:\\\/\\\/notejido.com\\\/fr\\\/\",\"name\":\"Disenos NT\",\"description\":\"Bolsas reutilizables, art\u00edculos higi\u00e9nicos-sanitarios, manteles desechables  y otro packaging promocional en material flexible\",\"potentialAction\":[{\"@type\":\"SearchAction\",\"target\":{\"@type\":\"EntryPoint\",\"urlTemplate\":\"https:\\\/\\\/notejido.com\\\/fr\\\/?s={search_term_string}\"},\"query-input\":{\"@type\":\"PropertyValueSpecification\",\"valueRequired\":true,\"valueName\":\"search_term_string\"}}],\"inLanguage\":\"fr-FR\"}]}<\/script>\n<!-- \/ Yoast SEO plugin. -->","yoast_head_json":{"title":"Accueil - Disenos NT","robots":{"index":"index","follow":"follow","max-snippet":"max-snippet:-1","max-image-preview":"max-image-preview:large","max-video-preview":"max-video-preview:-1"},"canonical":"https:\/\/notejido.com\/fr\/","og_locale":"fr_FR","og_type":"article","og_title":"Accueil - Disenos NT","og_description":"NOUS SOMMES VOTRE PARTENAIRE STRAT\u00c9GIQUE B\u00e9n\u00e9ficiez d\u2019une proposition de valeur diff\u00e9rentielle +35 ans d\u2019exp\u00e9rience dans le secteur du packaging Production [&hellip;]","og_url":"https:\/\/notejido.com\/fr\/","og_site_name":"Disenos NT","article_modified_time":"2026-04-07T11:38:36+00:00","twitter_card":"summary_large_image","twitter_misc":{"Dur\u00e9e de lecture estim\u00e9e":"2 minutes"},"schema":{"@context":"https:\/\/schema.org","@graph":[{"@type":"WebPage","@id":"https:\/\/notejido.com\/fr\/","url":"https:\/\/notejido.com\/fr\/","name":"Accueil - Disenos NT","isPartOf":{"@id":"https:\/\/notejido.com\/fr\/#website"},"datePublished":"2019-02-19T10:51:02+00:00","dateModified":"2026-04-07T11:38:36+00:00","breadcrumb":{"@id":"https:\/\/notejido.com\/fr\/#breadcrumb"},"inLanguage":"fr-FR","potentialAction":[{"@type":"ReadAction","target":["https:\/\/notejido.com\/fr\/"]}]},{"@type":"BreadcrumbList","@id":"https:\/\/notejido.com\/fr\/#breadcrumb","itemListElement":[{"@type":"ListItem","position":1,"name":"Portada","item":"https:\/\/notejido.com\/fr\/"},{"@type":"ListItem","position":2,"name":"Accueil"}]},{"@type":"WebSite","@id":"https:\/\/notejido.com\/fr\/#website","url":"https:\/\/notejido.com\/fr\/","name":"Disenos NT","description":"Bolsas reutilizables, art\u00edculos higi\u00e9nicos-sanitarios, manteles desechables  y otro packaging promocional en material flexible","potentialAction":[{"@type":"SearchAction","target":{"@type":"EntryPoint","urlTemplate":"https:\/\/notejido.com\/fr\/?s={search_term_string}"},"query-input":{"@type":"PropertyValueSpecification","valueRequired":true,"valueName":"search_term_string"}}],"inLanguage":"fr-FR"}]}},"_links":{"self":[{"href":"https:\/\/notejido.com\/fr\/wp-json\/wp\/v2\/pages\/4448","targetHints":{"allow":["GET"]}}],"collection":[{"href":"https:\/\/notejido.com\/fr\/wp-json\/wp\/v2\/pages"}],"about":[{"href":"https:\/\/notejido.com\/fr\/wp-json\/wp\/v2\/types\/page"}],"author":[{"embeddable":true,"href":"https:\/\/notejido.com\/fr\/wp-json\/wp\/v2\/users\/2"}],"replies":[{"embeddable":true,"href":"https:\/\/notejido.com\/fr\/wp-json\/wp\/v2\/comments?post=4448"}],"version-history":[{"count":5,"href":"https:\/\/notejido.com\/fr\/wp-json\/wp\/v2\/pages\/4448\/revisions"}],"predecessor-version":[{"id":10781,"href":"https:\/\/notejido.com\/fr\/wp-json\/wp\/v2\/pages\/4448\/revisions\/10781"}],"wp:attachment":[{"href":"https:\/\/notejido.com\/fr\/wp-json\/wp\/v2\/media?parent=4448"}],"curies":[{"name":"wp","href":"https:\/\/api.w.org\/{rel}","templated":true}]}}