{"id":4699,"date":"2019-12-02T10:42:43","date_gmt":"2019-12-02T10:42:43","guid":{"rendered":"https:\/\/notejido.com\/politica-de-cookies\/"},"modified":"2021-11-22T16:32:25","modified_gmt":"2021-11-22T16:32:25","slug":"politica-de-cookies","status":"publish","type":"page","link":"https:\/\/notejido.com\/fr\/politica-de-cookies\/","title":{"rendered":"Politique de cookies"},"content":{"rendered":"\n<p>Dise\u00f1o y Aplicaciones del No Tejido, S.L. (ci-apr\u00e8s, DISE\u00d1OS NT) informe, par le biais de cette politique de cookies, de l&rsquo;utilisation des dispositifs de stockage et de r\u00e9cup\u00e9ration de donn\u00e9es sur les terminaux des utilisateurs.<\/p>\n\n\n\n<h2 class=\"wp-block-heading\">Que sont les cookies ?<\/h2>\n\n\n\n<p>Un cookie est un fichier qui est t\u00e9l\u00e9charg\u00e9 sur votre ordinateur\/smartphone\/tablette lorsque vous acc\u00e9dez \u00e0 certaines pages Web. Les cookies permettent, entre autres, \u00e0 une page Web de stocker et de r\u00e9cup\u00e9rer des informations sur les habitudes de navigation d&rsquo;un utilisateur ou de son \u00e9quipement et, en fonction des informations qu&rsquo;ils contiennent et de la mani\u00e8re dont ils utilisent leur \u00e9quipement, ils peuvent \u00eatre utilis\u00e9s pour reconna\u00eetre l&rsquo;utilisateur.<\/p>\n\n\n\n<h2 class=\"wp-block-heading\">Pourquoi NT Designs utilise-t-il des cookies ?<\/h2>\n\n\n\n<p>Conform\u00e9ment \u00e0 l&rsquo;article 22 de la loi sur les services de la soci\u00e9t\u00e9 de l&rsquo;information et du commerce \u00e9lectronique, ainsi qu&rsquo;au consid\u00e9rant (30) du r\u00e8glement g\u00e9n\u00e9ral sur la protection des donn\u00e9es, ce site Web utilise des cookies ou d&rsquo;autres dispositifs de stockage et de r\u00e9cup\u00e9ration d&rsquo;informations pour suivre les interactions des utilisateurs avec le services offerts sur le site Web.<\/p>\n\n\n\n<p>Les cookies permettent de reconna\u00eetre le navigateur d&rsquo;un Utilisateur, ainsi que le type d&rsquo;appareil \u00e0 partir duquel le Site est accessible, et sont utilis\u00e9s pour faciliter la prochaine visite de l&rsquo;Utilisateur et rendre le Site plus utile.<\/p>\n\n\n\n<p>DISE\u00d1OS NT utilise des cookies aux fins suivantes :<\/p>\n\n\n\n<p>1- Assurez-vous que le site Web fonctionne correctement.<br>\n2 &#8211; M\u00e9morisez vos pr\u00e9f\u00e9rences, telles que la langue que vous avez s\u00e9lectionn\u00e9e afin d&rsquo;optimiser la navigation de l&rsquo;utilisateur.<br>\n3 &#8211; Collecter des informations statistiques anonymes pour optimiser la navigation et am\u00e9liorer le site.<\/p>\n\n\n\n<h2 class=\"wp-block-heading\">Quel type de cookies ce site utilise-t-il ?<\/h2>\n\n\n\n<p><strong>Cookies d&rsquo;analyse<\/strong><\/p>\n\n\n\n<p>Ce sont ceux qui permettent le suivi et l&rsquo;analyse du comportement des utilisateurs sur notre page. Les informations collect\u00e9es sont utilis\u00e9es pour mesurer l&rsquo;activit\u00e9 des utilisateurs sur le Web et pour cr\u00e9er des profils de navigation des utilisateurs, afin d&rsquo;am\u00e9liorer le Web, ainsi que les produits et services propos\u00e9s.<\/p>\n\n\n\n<p><strong>Cookies de marketing<\/strong><\/p>\n\n\n\n<p>Ce sont ceux qui permettent une gestion efficace des espaces publicitaires inclus dans le web en fonction de crit\u00e8res tels que le contenu ou la fr\u00e9quence \u00e0 laquelle les annonces sont affich\u00e9es.<\/p>\n\n\n\n<p>Pour utiliser ce site Web, il est n\u00e9cessaire d&rsquo;installer des cookies. Sinon, nous ne serons pas en mesure de fournir la plupart des services que nous montrons. L&rsquo;utilisateur ne peut pas les accepter ou configurer son navigateur pour les bloquer et, le cas \u00e9ch\u00e9ant, les \u00e9liminer.<\/p>\n\n\n\n<h2 class=\"wp-block-heading\">Qui utilise des cookies ?<\/h2>\n\n\n\n<p>Les cookies utilis\u00e9s sur ce site Internet sont utilis\u00e9s par la personne morale responsable de ce site Internet et par les services ou prestataires suivants :<br>   \u2022 Google Analytics : Il s&rsquo;agit d&rsquo;un service d&rsquo;analyse Web qui utilise des cookies d&rsquo;analyse. Politique de confidentialit\u00e9 de Google Analytics.<\/p>\n\n\n\n<h2 class=\"wp-block-heading\">Comment puis-je d\u00e9sactiver ou supprimer les cookies ?<\/h2>\n\n\n\n<p>L&rsquo;utilisateur peut, \u00e0 tout moment, choisir les cookies qu&rsquo;il souhaite utiliser sur ce site. Dans les liens suivants, vous trouverez des informations suppl\u00e9mentaires sur les options de configuration des cookies dans les diff\u00e9rents navigateurs.<\/p>\n\n\n\n<figure class=\"wp-block-table\"><table class=\"\"><tbody><tr><td>\n  Internet Explorer:\n  <\/td><td>Supprimer et g\u00e9rer les cookies<\/td><\/tr><tr><td>\n  Google Chrome:\n  <\/td><td>Effacer, activer et g\u00e9rer les cookies dans Chrome<\/td><\/tr><tr><td>\n  Mozilla Firefox:\n  <\/td><td>Activer et d\u00e9sactiver les cookies que les sites Web utilisent pour suivre vos pr\u00e9f\u00e9rences<\/td><\/tr><tr><td>\n  Safari (Apple):\n  <\/td><td>G\u00e9rer les cookies et les donn\u00e9es du site Web avec Safari<\/td><\/tr><\/tbody><\/table><\/figure>\n\n\n\n<h2 class=\"wp-block-heading\">Que se passe-t-il si les cookies sont d\u00e9sactiv\u00e9s ?<\/h2>\n\n\n\n<p>Certaines fonctionnalit\u00e9s des Services seront d\u00e9sactiv\u00e9es.<\/p>\n","protected":false},"excerpt":{"rendered":"<p>Dise\u00f1o y Aplicaciones del No Tejido, S.L. (ci-apr\u00e8s, DISE\u00d1OS NT) informe, par le biais de cette politique de cookies, de [&hellip;]<\/p>\n","protected":false},"author":2,"featured_media":1683,"parent":0,"menu_order":50,"comment_status":"closed","ping_status":"closed","template":"","meta":{"_acf_changed":false,"footnotes":""},"class_list":["post-4699","page","type-page","status-publish","has-post-thumbnail","hentry"],"acf":[],"yoast_head":"<!-- This site is optimized with the Yoast SEO plugin v27.2 - https:\/\/yoast.com\/product\/yoast-seo-wordpress\/ -->\n<title>Politique de cookies - Disenos NT<\/title>\n<meta name=\"robots\" content=\"index, follow, max-snippet:-1, max-image-preview:large, max-video-preview:-1\" \/>\n<link rel=\"canonical\" href=\"https:\/\/notejido.com\/fr\/politica-de-cookies\/\" \/>\n<meta property=\"og:locale\" content=\"fr_FR\" \/>\n<meta property=\"og:type\" content=\"article\" \/>\n<meta property=\"og:title\" content=\"Politique de cookies - Disenos NT\" \/>\n<meta property=\"og:description\" content=\"Dise\u00f1o y Aplicaciones del No Tejido, S.L. (ci-apr\u00e8s, DISE\u00d1OS NT) informe, par le biais de cette politique de cookies, de [&hellip;]\" \/>\n<meta property=\"og:url\" content=\"https:\/\/notejido.com\/fr\/politica-de-cookies\/\" \/>\n<meta property=\"og:site_name\" content=\"Disenos NT\" \/>\n<meta property=\"article:modified_time\" content=\"2021-11-22T16:32:25+00:00\" \/>\n<meta property=\"og:image\" content=\"https:\/\/notejido.com\/wp-content\/uploads\/2019\/10\/bg-us.jpg\" \/>\n\t<meta property=\"og:image:width\" content=\"1600\" \/>\n\t<meta property=\"og:image:height\" content=\"1000\" \/>\n\t<meta property=\"og:image:type\" content=\"image\/jpeg\" \/>\n<meta name=\"twitter:card\" content=\"summary_large_image\" \/>\n<meta name=\"twitter:label1\" content=\"Dur\u00e9e de lecture estim\u00e9e\" \/>\n\t<meta name=\"twitter:data1\" content=\"3 minutes\" \/>\n<script type=\"application\/ld+json\" class=\"yoast-schema-graph\">{\"@context\":\"https:\/\/schema.org\",\"@graph\":[{\"@type\":\"WebPage\",\"@id\":\"https:\/\/notejido.com\/fr\/politica-de-cookies\/\",\"url\":\"https:\/\/notejido.com\/fr\/politica-de-cookies\/\",\"name\":\"Politique de cookies - Disenos NT\",\"isPartOf\":{\"@id\":\"https:\/\/notejido.com\/fr\/#website\"},\"primaryImageOfPage\":{\"@id\":\"https:\/\/notejido.com\/fr\/politica-de-cookies\/#primaryimage\"},\"image\":{\"@id\":\"https:\/\/notejido.com\/fr\/politica-de-cookies\/#primaryimage\"},\"thumbnailUrl\":\"https:\/\/notejido.com\/wp-content\/uploads\/2019\/10\/bg-us.jpg\",\"datePublished\":\"2019-12-02T10:42:43+00:00\",\"dateModified\":\"2021-11-22T16:32:25+00:00\",\"breadcrumb\":{\"@id\":\"https:\/\/notejido.com\/fr\/politica-de-cookies\/#breadcrumb\"},\"inLanguage\":\"fr-FR\",\"potentialAction\":[{\"@type\":\"ReadAction\",\"target\":[\"https:\/\/notejido.com\/fr\/politica-de-cookies\/\"]}]},{\"@type\":\"ImageObject\",\"inLanguage\":\"fr-FR\",\"@id\":\"https:\/\/notejido.com\/fr\/politica-de-cookies\/#primaryimage\",\"url\":\"https:\/\/notejido.com\/wp-content\/uploads\/2019\/10\/bg-us.jpg\",\"contentUrl\":\"https:\/\/notejido.com\/wp-content\/uploads\/2019\/10\/bg-us.jpg\",\"width\":1600,\"height\":1000,\"caption\":\"Connaissez nous\"},{\"@type\":\"BreadcrumbList\",\"@id\":\"https:\/\/notejido.com\/fr\/politica-de-cookies\/#breadcrumb\",\"itemListElement\":[{\"@type\":\"ListItem\",\"position\":1,\"name\":\"Portada\",\"item\":\"https:\/\/notejido.com\/fr\/\"},{\"@type\":\"ListItem\",\"position\":2,\"name\":\"Politique de cookies\"}]},{\"@type\":\"WebSite\",\"@id\":\"https:\/\/notejido.com\/fr\/#website\",\"url\":\"https:\/\/notejido.com\/fr\/\",\"name\":\"Disenos NT\",\"description\":\"Bolsas reutilizables, art\u00edculos higi\u00e9nicos-sanitarios, manteles desechables  y otro packaging promocional en material flexible\",\"potentialAction\":[{\"@type\":\"SearchAction\",\"target\":{\"@type\":\"EntryPoint\",\"urlTemplate\":\"https:\/\/notejido.com\/fr\/?s={search_term_string}\"},\"query-input\":{\"@type\":\"PropertyValueSpecification\",\"valueRequired\":true,\"valueName\":\"search_term_string\"}}],\"inLanguage\":\"fr-FR\"}]}<\/script>\n<!-- \/ Yoast SEO plugin. -->","yoast_head_json":{"title":"Politique de cookies - Disenos NT","robots":{"index":"index","follow":"follow","max-snippet":"max-snippet:-1","max-image-preview":"max-image-preview:large","max-video-preview":"max-video-preview:-1"},"canonical":"https:\/\/notejido.com\/fr\/politica-de-cookies\/","og_locale":"fr_FR","og_type":"article","og_title":"Politique de cookies - Disenos NT","og_description":"Dise\u00f1o y Aplicaciones del No Tejido, S.L. (ci-apr\u00e8s, DISE\u00d1OS NT) informe, par le biais de cette politique de cookies, de [&hellip;]","og_url":"https:\/\/notejido.com\/fr\/politica-de-cookies\/","og_site_name":"Disenos NT","article_modified_time":"2021-11-22T16:32:25+00:00","og_image":[{"width":1600,"height":1000,"url":"https:\/\/notejido.com\/wp-content\/uploads\/2019\/10\/bg-us.jpg","type":"image\/jpeg"}],"twitter_card":"summary_large_image","twitter_misc":{"Dur\u00e9e de lecture estim\u00e9e":"3 minutes"},"schema":{"@context":"https:\/\/schema.org","@graph":[{"@type":"WebPage","@id":"https:\/\/notejido.com\/fr\/politica-de-cookies\/","url":"https:\/\/notejido.com\/fr\/politica-de-cookies\/","name":"Politique de cookies - Disenos NT","isPartOf":{"@id":"https:\/\/notejido.com\/fr\/#website"},"primaryImageOfPage":{"@id":"https:\/\/notejido.com\/fr\/politica-de-cookies\/#primaryimage"},"image":{"@id":"https:\/\/notejido.com\/fr\/politica-de-cookies\/#primaryimage"},"thumbnailUrl":"https:\/\/notejido.com\/wp-content\/uploads\/2019\/10\/bg-us.jpg","datePublished":"2019-12-02T10:42:43+00:00","dateModified":"2021-11-22T16:32:25+00:00","breadcrumb":{"@id":"https:\/\/notejido.com\/fr\/politica-de-cookies\/#breadcrumb"},"inLanguage":"fr-FR","potentialAction":[{"@type":"ReadAction","target":["https:\/\/notejido.com\/fr\/politica-de-cookies\/"]}]},{"@type":"ImageObject","inLanguage":"fr-FR","@id":"https:\/\/notejido.com\/fr\/politica-de-cookies\/#primaryimage","url":"https:\/\/notejido.com\/wp-content\/uploads\/2019\/10\/bg-us.jpg","contentUrl":"https:\/\/notejido.com\/wp-content\/uploads\/2019\/10\/bg-us.jpg","width":1600,"height":1000,"caption":"Connaissez nous"},{"@type":"BreadcrumbList","@id":"https:\/\/notejido.com\/fr\/politica-de-cookies\/#breadcrumb","itemListElement":[{"@type":"ListItem","position":1,"name":"Portada","item":"https:\/\/notejido.com\/fr\/"},{"@type":"ListItem","position":2,"name":"Politique de cookies"}]},{"@type":"WebSite","@id":"https:\/\/notejido.com\/fr\/#website","url":"https:\/\/notejido.com\/fr\/","name":"Disenos NT","description":"Bolsas reutilizables, art\u00edculos higi\u00e9nicos-sanitarios, manteles desechables  y otro packaging promocional en material flexible","potentialAction":[{"@type":"SearchAction","target":{"@type":"EntryPoint","urlTemplate":"https:\/\/notejido.com\/fr\/?s={search_term_string}"},"query-input":{"@type":"PropertyValueSpecification","valueRequired":true,"valueName":"search_term_string"}}],"inLanguage":"fr-FR"}]}},"_links":{"self":[{"href":"https:\/\/notejido.com\/fr\/wp-json\/wp\/v2\/pages\/4699","targetHints":{"allow":["GET"]}}],"collection":[{"href":"https:\/\/notejido.com\/fr\/wp-json\/wp\/v2\/pages"}],"about":[{"href":"https:\/\/notejido.com\/fr\/wp-json\/wp\/v2\/types\/page"}],"author":[{"embeddable":true,"href":"https:\/\/notejido.com\/fr\/wp-json\/wp\/v2\/users\/2"}],"replies":[{"embeddable":true,"href":"https:\/\/notejido.com\/fr\/wp-json\/wp\/v2\/comments?post=4699"}],"version-history":[{"count":1,"href":"https:\/\/notejido.com\/fr\/wp-json\/wp\/v2\/pages\/4699\/revisions"}],"predecessor-version":[{"id":6260,"href":"https:\/\/notejido.com\/fr\/wp-json\/wp\/v2\/pages\/4699\/revisions\/6260"}],"wp:featuredmedia":[{"embeddable":true,"href":"https:\/\/notejido.com\/fr\/wp-json\/wp\/v2\/media\/1683"}],"wp:attachment":[{"href":"https:\/\/notejido.com\/fr\/wp-json\/wp\/v2\/media?parent=4699"}],"curies":[{"name":"wp","href":"https:\/\/api.w.org\/{rel}","templated":true}]}}