{"id":4719,"date":"2019-12-02T10:55:15","date_gmt":"2019-12-02T10:55:15","guid":{"rendered":"https:\/\/notejido.com\/condiciones-generales-de-venta\/"},"modified":"2024-11-19T16:40:43","modified_gmt":"2024-11-19T16:40:43","slug":"avis-juridique","status":"publish","type":"page","link":"https:\/\/notejido.com\/fr\/avis-juridique\/","title":{"rendered":"Avis juridique"},"content":{"rendered":"\n<h2 class=\"wp-block-heading\">1.- Informations l\u00e9gales et acceptation<\/h2>\n\n\n\n<p>Le site Internet www.notejido.com (le \u00ab Site Internet \u00bb) appartient \u00e0 :<br>\u2022 CONCEPTION ET APPLICATIONS DE NOTEJIDO, S.L.<br>Inscrite au Registre du Commerce de Ja\u00e9n, au folio 65 du tome 21, entr\u00e9e 1, de la page J-728.<br>NIF : B23258635<br>Si\u00e8ge social : Pol. Ind. El Chaparral s\/n, 23692 Santa Ana, Alcal\u00e1 la Real (Ja\u00e9n), Espagne.<br>Courriel : info@dntbags.com<br>Les termes et conditions contenus dans le pr\u00e9sent avis l\u00e9gal r\u00e9gissent l&rsquo;utilisation du Web que DISE\u00d1O Y APLICACIONES DEL NOTEJIDO, S.L. (ci-apr\u00e8s, \u00ab\u00a0DISE\u00d1OS NT\u00a0\u00bb) met \u00e0 la disposition des utilisateurs qui y acc\u00e8dent. (ci-apr\u00e8s, l&rsquo;\u00ab Utilisateur \u00bb ou les \u00ab Utilisateurs \u00bb).<\/p>\n\n\n\n<p>L&rsquo;utilisation du Web par les Utilisateurs implique l&rsquo;acceptation de toutes les conditions incluses dans les pr\u00e9sentes Avis juridique Mentions L\u00e9gales.<\/p>\n\n\n\n<p>L&rsquo;achat des produits propos\u00e9s par le Web est soumis aux Conditions d&rsquo;achat qui, le cas \u00e9ch\u00e9ant, compl\u00e8tent les pr\u00e9sentes conditions g\u00e9n\u00e9rales, et \u00e0 l&rsquo;\u00e9gard desquelles l&rsquo;Utilisateur doit donner son consentement.<\/p>\n\n\n\n<p>L&rsquo;acc\u00e8s et\/ou l&rsquo;utilisation desdits services et contenus expriment l&rsquo;acceptation enti\u00e8re et inconditionnelle des conditions particuli\u00e8res dans la version publi\u00e9e par DISE\u00d1OS NT au moment de l&rsquo;acc\u00e8s et\/ou de l&rsquo;utilisation.<\/p>\n\n\n\n<p>Il est possible que, tout au long de la fourniture des services inclus dans le Web, le nom du domaine sous lequel lesdits services sont fournis puisse \u00eatre modifi\u00e9. Par cons\u00e9quent, les Utilisateurs sont conscients et acceptent cette possibilit\u00e9, auquel cas les obligations accept\u00e9es par les Utilisateurs et DISE\u00d1OS NT conform\u00e9ment aux dispositions du pr\u00e9sent document restent pleinement en vigueur.<\/p>\n\n\n\n<h2 class=\"wp-block-heading\">2.- Conditions d&rsquo;utilisation des contenus et services<\/h2>\n\n\n\n<p>Avis juridique pour les utilisateurs ne peuvent acc\u00e9der aux services et contenus que par les moyens ou proc\u00e9dures qui ont \u00e9t\u00e9 mis \u00e0 leur disposition \u00e0 cette fin sur le Web ou sont couramment utilis\u00e9s sur Internet \u00e0 cette fin, \u00e0 condition qu&rsquo;ils n&rsquo;impliquent pas la violation des droits de propri\u00e9t\u00e9 intellectuelle ou industriels ou impliquent un certain type de dommage au Web et\/ou \u00e0 ses informations ou services propos\u00e9s.<\/p>\n\n\n\n<p>L&rsquo;Utilisateur s&rsquo;engage \u00e0 utiliser les contenus et services de mani\u00e8re diligente, l\u00e9gale, correcte et licite et, en particulier, s&rsquo;engage \u00e0 titre d&rsquo;exemple et non exhaustif \u00e0 s&rsquo;abstenir de :<\/p>\n\n\n\n<p>\u2022 Le contenu et les services d&rsquo;une mani\u00e8re et \u00e0 des fins contraires \u00e0 la loi, aux bonnes m\u0153urs et aux bonnes m\u0153urs g\u00e9n\u00e9ralement accept\u00e9es ou \u00e0 l&rsquo;ordre public ;<br>\u2022 Violer les droits de propri\u00e9t\u00e9 intellectuelle ou industrielle appartenant \u00e0 <a href=\"https:\/\/ecommerce.notejido.com\/fr\/\">DISE\u00d1OS NT<\/a> ou \u00e0 des tiers\u00a0;<br>\u2022 utiliser les services et contenus de mani\u00e8re \u00e0 nuire ou \u00e0 surcharger le fonctionnement du Site ;<br>\u2022 Effectuer des transactions frauduleuses ou pouvant faciliter une conduite illicite ou frauduleuse de quelque nature que ce soit ; et <\/p>\n\n\n\n<p>Contenus et services et, en particulier, les informations de toute nature obtenues via le Web \u00e0 des fins publicitaires de tout type et, en particulier, pour envoyer de la publicit\u00e9, des communications \u00e0 des fins de vente directe ou \u00e0 toute autre fin commerciale, les messages non sollicit\u00e9s individualis\u00e9s ou adress\u00e9s \u00e0 plusieurs personnes, ainsi que la commercialisation ou la divulgation desdites informations de quelque mani\u00e8re que ce soit sans l&rsquo;autorisation du propri\u00e9taire et\/ou de DISE\u00d1OS NT.<\/p>\n\n\n\n<p>Les utilisateurs seront responsables des dommages de toute nature que DISE\u00d1OS NT pourrait subir, directement ou indirectement, \u00e0 la suite du non-respect de l&rsquo;une des obligations d\u00e9coulant du pr\u00e9sent Avis juridique ou de la loi relative \u00e0 l&rsquo;utilisation du Web.<\/p>\n\n\n\n<h2 class=\"wp-block-heading\">3.- Liens vers des tiers (liens sortants)<\/h2>\n\n\n\n<p>Le site Web peut inclure des liens permettant aux utilisateurs d&rsquo;acc\u00e9der \u00e0 des sites Web de tiers (\u00ab\u00a0sites Web tiers\u00a0\u00bb), qui ne doivent pas pr\u00e9supposer l&rsquo;existence d&rsquo;accords avec les responsables ou les propri\u00e9taires de ceux-ci. Dans ces cas, DISE\u00d1OS NT n&rsquo;est pas responsable du contenu desdits sites Web. Toute utilisation d&rsquo;un lien ou acc\u00e8s \u00e0 un site Web non propri\u00e9taire s&rsquo;effectue \u00e0 la volont\u00e9 et aux risques exclusifs de l&rsquo;Utilisateur.<br>Dans le cas o\u00f9 l&rsquo;utilisateur consid\u00e8re qu&rsquo;il existe un site Web tiers avec un contenu ill\u00e9gal ou inappropri\u00e9, il peut en informer DISE\u00d1OS NT \u00e0 l&rsquo;adresse de contact indiqu\u00e9e dans la premi\u00e8re section du pr\u00e9sent Avis juridique, en indiquant\u00a0:<br>\u2022 de l&rsquo;appelant : nom, adresse, num\u00e9ro de t\u00e9l\u00e9phone et adresse e-mail ;<br>\u2022 Description des faits r\u00e9v\u00e9lant le caract\u00e8re illicite ou inappropri\u00e9 du Site Li\u00e9 ; et<br>\u2022 une d\u00e9claration expresse que les informations contenues dans la communication sont exactes.<\/p>\n\n\n\n<h2 class=\"wp-block-heading\">4.- Liens vers le Web (liens entrants)<\/h2>\n\n\n\n<p>Les utilisateurs qui souhaitent introduire des liens vers le Web \u00e0 partir de leurs propres sites Web peuvent le faire \u00e0 condition que la page Web qui \u00e9tablit le lien soit conforme \u00e0 la loi et ne renvoie en aucun cas \u00e0 un contenu qui :<br>\u2022 Ill\u00e9gaux, nuisibles ou contraires aux bonnes m\u0153urs (pornographiques, violents, racistes, etc.) ;<br>\u2022 induisent ou peuvent induire chez l&rsquo;utilisateur la fausse conception que DISE\u00d1OS NT souscrit, approuve, adh\u00e8re ou soutient de quelque mani\u00e8re que ce soit les id\u00e9es, manifestations ou expressions, l\u00e9gales ou ill\u00e9gales, de l&rsquo;exp\u00e9diteur\u00a0;<br>\u2022 Inappropri\u00e9s ou non pertinents pour l&rsquo;activit\u00e9 de DISE\u00d1OS NT en tenant compte du lieu, du contenu et du th\u00e8me du site Web de l&rsquo;exp\u00e9diteur.<br>DISE\u00d1OS NT peut demander, \u00e0 tout moment et sans avoir \u00e0 fournir les motifs de ladite demande, la suppression de tout lien vers le site Web, apr\u00e8s quoi la personne responsable du site Web de liaison doit imm\u00e9diatement le supprimer.<\/p>\n\n\n\n<h2 class=\"wp-block-heading\">5- Propri\u00e9t\u00e9 Intellectuelle et Industrielle<\/h2>\n\n\n\n<p>La totalit\u00e9 des contenus du Web, comprenant par ceux-ci, \u00e0 titre d&rsquo;exemple, les textes, photographies, graphiques, images, ic\u00f4nes, technologies, logiciels, liens, domaines, marques et autres contenus, y compris les contenus audiovisuels ou sonores, ainsi que comme sa conception, les graphiques et les codes sources sont la propri\u00e9t\u00e9 exclusive de DISE\u00d1OS NT, ou de tiers dont les droits, le cas \u00e9ch\u00e9ant, sont reconnus par DISE\u00d1OS NT, et sont soumis \u00e0 des droits de propri\u00e9t\u00e9 intellectuelle et industrielle prot\u00e9g\u00e9s par la l\u00e9gislation nationale et internationale.<\/p>\n\n\n\n<p>Toute utilisation de  l&rsquo; Avis juridique un quelconque des \u00e9l\u00e9ments soumis \u00e0 la propri\u00e9t\u00e9 industrielle et intellectuelle \u00e0 quelque fin que ce soit, notamment commerciale, est strictement interdite, ainsi que sa distribution, communication publique, modification, alt\u00e9ration, transformation ou d\u00e9compilation, sauf autorisation expresse et \u00e9crite de Disenos NT ou le propri\u00e9taire de celle-ci.<\/p>\n\n\n\n<h2 class=\"wp-block-heading\">6.- Exclusion de garanties et de responsabilit\u00e9<\/h2>\n\n\n\n<p>L&rsquo; Avis juridique Disenos NT ne sera pas responsable :<\/p>\n\n\n\n<p>(i) en cas d&rsquo;interruptions de service, de retards, d&rsquo;erreurs, de dysfonctionnements et, en g\u00e9n\u00e9ral, d&rsquo;autres inconv\u00e9nients qui ont leur origine dans des causes ind\u00e9pendantes de la volont\u00e9 de DISE\u00d1OS NT, et\/ou dues \u00e0 la malveillance ou \u00e0 la faute des Utilisateurs et\/ou proviennent de causes de Force Majeure. Sans pr\u00e9judice de ce qui est \u00e9tabli \u00e0 l&rsquo;article 1105 du Code civil, la notion de Force Majeure sera \u00e9galement comprise comme incluant, en outre, et aux fins des pr\u00e9sentes conditions g\u00e9n\u00e9rales, tous les \u00e9v\u00e9nements qui se produisent en dehors du contr\u00f4le de DISE\u00d1OS NT, tels que\u00a0: <\/p>\n\n\n\n<p>tiers, op\u00e9rateurs ou soci\u00e9t\u00e9s de services, actes gouvernementaux, manque d&rsquo;acc\u00e8s \u00e0 des r\u00e9seaux tiers, actes ou omissions des autorit\u00e9s publiques, ceux produits \u00e0 la suite de ph\u00e9nom\u00e8nes naturels, pannes d&rsquo;\u00e9lectricit\u00e9, gr\u00e8ves, troubles \u00e0 l&rsquo;ordre public, attaques de pirates , crackers ou autres tiers \u00e0 la s\u00e9curit\u00e9 ou \u00e0 l&rsquo;int\u00e9grit\u00e9 du syst\u00e8me informatique ou \u00e0 tout autre qui d\u00e9coule d&rsquo;un \u00e9v\u00e9nement caus\u00e9 par une avanc\u00e9e technologique pr\u00e9visible. Dans tous les cas, quelle qu&rsquo;en soit la cause, DISE\u00d1OS NT n&rsquo;assumera aucune responsabilit\u00e9 pour les dommages directs ou indirects, les dommages cons\u00e9cutifs et\/ou le manque \u00e0 gagner.<\/p>\n\n\n\n<p>(ii) en raison de l&rsquo;utilisation que les utilisateurs font du contenu du site Web, ainsi que de tout autre mat\u00e9riel contenu sur le site Web, qui peut impliquer une violation de tout type de norme nationale ou internationale en mati\u00e8re de droits de propri\u00e9t\u00e9 intellectuelle ou industrielle ou de toute autre autres droits de tiers&nbsp;;<\/p>\n\n\n\n<p>(iii) des \u00e9ventuelles erreurs de s\u00e9curit\u00e9 pouvant survenir du fait de l&rsquo;utilisation de versions de navigateur non mises \u00e0 jour, ou des cons\u00e9quences pouvant d\u00e9couler du dysfonctionnement du navigateur, qu&rsquo;elles soient dues \u00e0 une configuration inad\u00e9quate, \u00e0 la pr\u00e9sence de virus informatiques ou \u00e0 toute autre cause ind\u00e9pendante DISE\u00d1OS NT.<\/p>\n\n\n\n<h2 class=\"wp-block-heading\">7.- Utilisation des mots de passe<\/h2>\n\n\n\n<p>Pour acc\u00e9der au Web, l&rsquo;enregistrement de l&rsquo;Utilisateur ne sera pas n\u00e9cessaire, cependant, pour acheter les produits propos\u00e9s sur le Web, il sera n\u00e9cessaire que l&rsquo;Utilisateur s&rsquo;enregistre dans le compte Web (ci-apr\u00e8s, \u00ab&nbsp;Compte DISE\u00d1OS NT&nbsp;\u00bb).<\/p>\n\n\n\n<p>L&rsquo;acc\u00e8s aux services fournis via le Web peut \u00eatre effectu\u00e9 avec ou sans enregistrement pr\u00e9alable des Utilisateurs dans le compte Web (ci-apr\u00e8s, \u00ab\u00a0Compte DISE\u00d1OS NT\u00a0\u00bb).<\/p>\n\n\n\n<p>Pour s&rsquo;inscrire en tant que titulaire, le choix d&rsquo;un mot de passe permettant l&rsquo;acc\u00e8s au compte DISE\u00d1OS NT sera demand\u00e9. En ce qui concerne la demande de donn\u00e9es personnelles par DISE\u00d1OS NT, les dispositions de la politique de protection des donn\u00e9es seront suivies.<\/p>\n\n\n\n<p>Les mots de passe seront personnels et incessibles, ne pouvant \u00eatre c\u00e9d\u00e9s, m\u00eame temporairement, \u00e0 des tiers. A cet \u00e9gard, l&rsquo;Utilisateur s&rsquo;engage \u00e0 faire un usage diligent et \u00e0 garder secret le mot de passe attribu\u00e9.<\/p>\n\n\n\n<p>Dans le cas o\u00f9 les Utilisateurs auraient connaissance ou suspecteraient la perte, le vol ou l&rsquo;utilisation de leur mot de passe par des tiers, ils devront en informer DISE\u00d1OS NT dans les plus brefs d\u00e9lais.<\/p>\n\n\n\n<p>Chaque Utilisateur sera responsable des d\u00e9penses et des dommages caus\u00e9s par l&rsquo;utilisation des services par tout tiers qui utilise son mot de passe \u00e0 cette fin gr\u00e2ce \u00e0 une utilisation non diligente ou \u00e0 la perte de celui-ci par l&rsquo;Utilisateur.<\/p>\n\n\n\n<h2 class=\"wp-block-heading\">8.- G\u00e9n\u00e9ralit\u00e9s<\/h2>\n\n\n\n<p>Toute clause d&rsquo; Avis juridique ou disposition des pr\u00e9sentes Mentions L\u00e9gales qui serait ou deviendrait ill\u00e9gale, invalide ou inapplicable en sera exclue et sera consid\u00e9r\u00e9e comme inapplicable dans la mesure de cette ill\u00e9galit\u00e9, invalidit\u00e9 ou inapplicabilit\u00e9, et sera remplac\u00e9e par une autre qui lui ressemblera le plus possible. ce qui pr\u00e9c\u00e8de, mais cela n&rsquo;affectera ni ne nuira aux dispositions restantes, qui seront exclues de toute clause ou disposition ill\u00e9gale, invalide ou inapplicable et resteront en vigueur et de plein effet.<\/p>\n\n\n\n<p>DISE\u00d1OS NT exclut tout type de garantie et, par cons\u00e9quent, est exempt de toute responsabilit\u00e9 d\u00e9coulant des points exprim\u00e9s ci-dessus, ainsi que d&rsquo;autres aspects qui ne peuvent pas \u00eatre envisag\u00e9s dans ce document.<\/p>\n\n\n\n<h2 class=\"wp-block-heading\">9.- Droit applicable<\/h2>\n\n\n\n<p>La relation entre DISE\u00d1OS NT et l&rsquo;Utilisateur sera r\u00e9gie par la r\u00e9glementation espagnole en vigueur.<\/p>\n\n\n\n<hr class=\"wp-block-separator has-css-opacity\"\/>\n\n\n\n<p><a id=\"_msocom_1\"><\/a><\/p>\n\n\n\n<p>&nbsp;<a href=\"#_msoanchor_1\">[ACM1]<\/a>Incluir enlace<\/p>\n","protected":false},"excerpt":{"rendered":"<p>1.- Informations l\u00e9gales et acceptation Le site Internet www.notejido.com (le \u00ab Site Internet \u00bb) appartient \u00e0 :\u2022 CONCEPTION ET APPLICATIONS [&hellip;]<\/p>\n","protected":false},"author":2,"featured_media":1683,"parent":0,"menu_order":44,"comment_status":"closed","ping_status":"closed","template":"","meta":{"_acf_changed":false,"footnotes":""},"class_list":["post-4719","page","type-page","status-publish","has-post-thumbnail","hentry"],"acf":[],"yoast_head":"<!-- This site is optimized with the Yoast SEO plugin v27.3 - https:\/\/yoast.com\/product\/yoast-seo-wordpress\/ -->\n<title>Avis juridique - Disenos NT<\/title>\n<meta name=\"description\" content=\"L&#039;utilisation du Web par les Utilisateurs implique l&#039;acceptation de toutes les conditions incluses dans les pr\u00e9sentes Avis juridique.\" \/>\n<meta name=\"robots\" content=\"index, follow, max-snippet:-1, max-image-preview:large, max-video-preview:-1\" \/>\n<link rel=\"canonical\" href=\"https:\/\/notejido.com\/fr\/avis-juridique\/\" \/>\n<meta property=\"og:locale\" content=\"fr_FR\" \/>\n<meta property=\"og:type\" content=\"article\" \/>\n<meta property=\"og:title\" content=\"Avis juridique - Disenos NT\" \/>\n<meta property=\"og:description\" content=\"L&#039;utilisation du Web par les Utilisateurs implique l&#039;acceptation de toutes les conditions incluses dans les pr\u00e9sentes Avis juridique.\" \/>\n<meta property=\"og:url\" content=\"https:\/\/notejido.com\/fr\/avis-juridique\/\" \/>\n<meta property=\"og:site_name\" content=\"Disenos NT\" \/>\n<meta property=\"article:modified_time\" content=\"2024-11-19T16:40:43+00:00\" \/>\n<meta property=\"og:image\" content=\"https:\/\/notejido.com\/wp-content\/uploads\/2019\/10\/bg-us.jpg\" \/>\n\t<meta property=\"og:image:width\" content=\"1600\" \/>\n\t<meta property=\"og:image:height\" content=\"1000\" \/>\n\t<meta property=\"og:image:type\" content=\"image\/jpeg\" \/>\n<meta name=\"twitter:card\" content=\"summary_large_image\" \/>\n<meta name=\"twitter:label1\" content=\"Dur\u00e9e de lecture estim\u00e9e\" \/>\n\t<meta name=\"twitter:data1\" content=\"8 minutes\" \/>\n<script type=\"application\/ld+json\" class=\"yoast-schema-graph\">{\"@context\":\"https:\\\/\\\/schema.org\",\"@graph\":[{\"@type\":\"WebPage\",\"@id\":\"https:\\\/\\\/notejido.com\\\/fr\\\/avis-juridique\\\/\",\"url\":\"https:\\\/\\\/notejido.com\\\/fr\\\/avis-juridique\\\/\",\"name\":\"Avis juridique - Disenos NT\",\"isPartOf\":{\"@id\":\"https:\\\/\\\/notejido.com\\\/fr\\\/#website\"},\"primaryImageOfPage\":{\"@id\":\"https:\\\/\\\/notejido.com\\\/fr\\\/avis-juridique\\\/#primaryimage\"},\"image\":{\"@id\":\"https:\\\/\\\/notejido.com\\\/fr\\\/avis-juridique\\\/#primaryimage\"},\"thumbnailUrl\":\"https:\\\/\\\/notejido.com\\\/wp-content\\\/uploads\\\/2019\\\/10\\\/bg-us.jpg\",\"datePublished\":\"2019-12-02T10:55:15+00:00\",\"dateModified\":\"2024-11-19T16:40:43+00:00\",\"description\":\"L'utilisation du Web par les Utilisateurs implique l'acceptation de toutes les conditions incluses dans les pr\u00e9sentes Avis juridique.\",\"breadcrumb\":{\"@id\":\"https:\\\/\\\/notejido.com\\\/fr\\\/avis-juridique\\\/#breadcrumb\"},\"inLanguage\":\"fr-FR\",\"potentialAction\":[{\"@type\":\"ReadAction\",\"target\":[\"https:\\\/\\\/notejido.com\\\/fr\\\/avis-juridique\\\/\"]}]},{\"@type\":\"ImageObject\",\"inLanguage\":\"fr-FR\",\"@id\":\"https:\\\/\\\/notejido.com\\\/fr\\\/avis-juridique\\\/#primaryimage\",\"url\":\"https:\\\/\\\/notejido.com\\\/wp-content\\\/uploads\\\/2019\\\/10\\\/bg-us.jpg\",\"contentUrl\":\"https:\\\/\\\/notejido.com\\\/wp-content\\\/uploads\\\/2019\\\/10\\\/bg-us.jpg\",\"width\":1600,\"height\":1000,\"caption\":\"Connaissez nous\"},{\"@type\":\"BreadcrumbList\",\"@id\":\"https:\\\/\\\/notejido.com\\\/fr\\\/avis-juridique\\\/#breadcrumb\",\"itemListElement\":[{\"@type\":\"ListItem\",\"position\":1,\"name\":\"Portada\",\"item\":\"https:\\\/\\\/notejido.com\\\/fr\\\/\"},{\"@type\":\"ListItem\",\"position\":2,\"name\":\"Avis juridique\"}]},{\"@type\":\"WebSite\",\"@id\":\"https:\\\/\\\/notejido.com\\\/fr\\\/#website\",\"url\":\"https:\\\/\\\/notejido.com\\\/fr\\\/\",\"name\":\"Disenos NT\",\"description\":\"Bolsas reutilizables, art\u00edculos higi\u00e9nicos-sanitarios, manteles desechables  y otro packaging promocional en material flexible\",\"potentialAction\":[{\"@type\":\"SearchAction\",\"target\":{\"@type\":\"EntryPoint\",\"urlTemplate\":\"https:\\\/\\\/notejido.com\\\/fr\\\/?s={search_term_string}\"},\"query-input\":{\"@type\":\"PropertyValueSpecification\",\"valueRequired\":true,\"valueName\":\"search_term_string\"}}],\"inLanguage\":\"fr-FR\"}]}<\/script>\n<!-- \/ Yoast SEO plugin. -->","yoast_head_json":{"title":"Avis juridique - Disenos NT","description":"L'utilisation du Web par les Utilisateurs implique l'acceptation de toutes les conditions incluses dans les pr\u00e9sentes Avis juridique.","robots":{"index":"index","follow":"follow","max-snippet":"max-snippet:-1","max-image-preview":"max-image-preview:large","max-video-preview":"max-video-preview:-1"},"canonical":"https:\/\/notejido.com\/fr\/avis-juridique\/","og_locale":"fr_FR","og_type":"article","og_title":"Avis juridique - Disenos NT","og_description":"L'utilisation du Web par les Utilisateurs implique l'acceptation de toutes les conditions incluses dans les pr\u00e9sentes Avis juridique.","og_url":"https:\/\/notejido.com\/fr\/avis-juridique\/","og_site_name":"Disenos NT","article_modified_time":"2024-11-19T16:40:43+00:00","og_image":[{"width":1600,"height":1000,"url":"https:\/\/notejido.com\/wp-content\/uploads\/2019\/10\/bg-us.jpg","type":"image\/jpeg"}],"twitter_card":"summary_large_image","twitter_misc":{"Dur\u00e9e de lecture estim\u00e9e":"8 minutes"},"schema":{"@context":"https:\/\/schema.org","@graph":[{"@type":"WebPage","@id":"https:\/\/notejido.com\/fr\/avis-juridique\/","url":"https:\/\/notejido.com\/fr\/avis-juridique\/","name":"Avis juridique - Disenos NT","isPartOf":{"@id":"https:\/\/notejido.com\/fr\/#website"},"primaryImageOfPage":{"@id":"https:\/\/notejido.com\/fr\/avis-juridique\/#primaryimage"},"image":{"@id":"https:\/\/notejido.com\/fr\/avis-juridique\/#primaryimage"},"thumbnailUrl":"https:\/\/notejido.com\/wp-content\/uploads\/2019\/10\/bg-us.jpg","datePublished":"2019-12-02T10:55:15+00:00","dateModified":"2024-11-19T16:40:43+00:00","description":"L'utilisation du Web par les Utilisateurs implique l'acceptation de toutes les conditions incluses dans les pr\u00e9sentes Avis juridique.","breadcrumb":{"@id":"https:\/\/notejido.com\/fr\/avis-juridique\/#breadcrumb"},"inLanguage":"fr-FR","potentialAction":[{"@type":"ReadAction","target":["https:\/\/notejido.com\/fr\/avis-juridique\/"]}]},{"@type":"ImageObject","inLanguage":"fr-FR","@id":"https:\/\/notejido.com\/fr\/avis-juridique\/#primaryimage","url":"https:\/\/notejido.com\/wp-content\/uploads\/2019\/10\/bg-us.jpg","contentUrl":"https:\/\/notejido.com\/wp-content\/uploads\/2019\/10\/bg-us.jpg","width":1600,"height":1000,"caption":"Connaissez nous"},{"@type":"BreadcrumbList","@id":"https:\/\/notejido.com\/fr\/avis-juridique\/#breadcrumb","itemListElement":[{"@type":"ListItem","position":1,"name":"Portada","item":"https:\/\/notejido.com\/fr\/"},{"@type":"ListItem","position":2,"name":"Avis juridique"}]},{"@type":"WebSite","@id":"https:\/\/notejido.com\/fr\/#website","url":"https:\/\/notejido.com\/fr\/","name":"Disenos NT","description":"Bolsas reutilizables, art\u00edculos higi\u00e9nicos-sanitarios, manteles desechables  y otro packaging promocional en material flexible","potentialAction":[{"@type":"SearchAction","target":{"@type":"EntryPoint","urlTemplate":"https:\/\/notejido.com\/fr\/?s={search_term_string}"},"query-input":{"@type":"PropertyValueSpecification","valueRequired":true,"valueName":"search_term_string"}}],"inLanguage":"fr-FR"}]}},"_links":{"self":[{"href":"https:\/\/notejido.com\/fr\/wp-json\/wp\/v2\/pages\/4719","targetHints":{"allow":["GET"]}}],"collection":[{"href":"https:\/\/notejido.com\/fr\/wp-json\/wp\/v2\/pages"}],"about":[{"href":"https:\/\/notejido.com\/fr\/wp-json\/wp\/v2\/types\/page"}],"author":[{"embeddable":true,"href":"https:\/\/notejido.com\/fr\/wp-json\/wp\/v2\/users\/2"}],"replies":[{"embeddable":true,"href":"https:\/\/notejido.com\/fr\/wp-json\/wp\/v2\/comments?post=4719"}],"version-history":[{"count":4,"href":"https:\/\/notejido.com\/fr\/wp-json\/wp\/v2\/pages\/4719\/revisions"}],"predecessor-version":[{"id":9506,"href":"https:\/\/notejido.com\/fr\/wp-json\/wp\/v2\/pages\/4719\/revisions\/9506"}],"wp:featuredmedia":[{"embeddable":true,"href":"https:\/\/notejido.com\/fr\/wp-json\/wp\/v2\/media\/1683"}],"wp:attachment":[{"href":"https:\/\/notejido.com\/fr\/wp-json\/wp\/v2\/media?parent=4719"}],"curies":[{"name":"wp","href":"https:\/\/api.w.org\/{rel}","templated":true}]}}