{"id":5345,"date":"2020-05-25T09:14:53","date_gmt":"2020-05-25T09:14:53","guid":{"rendered":"https:\/\/notejido.com\/?page_id=5345"},"modified":"2020-05-25T09:28:04","modified_gmt":"2020-05-25T09:28:04","slug":"demande-de-devis","status":"publish","type":"page","link":"https:\/\/notejido.com\/fr\/demande-de-devis\/","title":{"rendered":"Demande de Devis"},"content":{"rendered":"\n<div style=\"height:100px\" aria-hidden=\"true\" class=\"wp-block-spacer\"><\/div>\n\n\n\n<div class=\"wpcf7 no-js\" id=\"wpcf7-f5339-o1\" lang=\"es-ES\" dir=\"ltr\" data-wpcf7-id=\"5339\">\n<div class=\"screen-reader-response\"><p role=\"status\" aria-live=\"polite\" aria-atomic=\"true\"><\/p> <ul><\/ul><\/div>\n<form action=\"\/fr\/wp-json\/wp\/v2\/pages\/5345#wpcf7-f5339-o1\" method=\"post\" class=\"wpcf7-form init\" aria-label=\"Formulario de contacto\" novalidate=\"novalidate\" data-status=\"init\">\n<fieldset class=\"hidden-fields-container\"><input type=\"hidden\" name=\"_wpcf7\" value=\"5339\" \/><input type=\"hidden\" name=\"_wpcf7_version\" value=\"6.1.5\" \/><input type=\"hidden\" name=\"_wpcf7_locale\" value=\"es_ES\" \/><input type=\"hidden\" name=\"_wpcf7_unit_tag\" value=\"wpcf7-f5339-o1\" \/><input type=\"hidden\" name=\"_wpcf7_container_post\" value=\"0\" \/><input type=\"hidden\" name=\"_wpcf7_posted_data_hash\" value=\"\" \/><input type=\"hidden\" name=\"_wpcf7_recaptcha_response\" value=\"\" \/>\n<\/fieldset>\n<p>1\/ PRODUIT *<br \/>\nQuel type de produit vous int\u00e9resse ?<br \/>\n<span class=\"wpcf7-form-control-wrap\" data-name=\"producto\"><select class=\"wpcf7-form-control wpcf7-select wpcf7-validates-as-required col-xs-12 col-sm-4\" aria-required=\"true\" aria-invalid=\"false\" name=\"producto\"><option value=\"Sacs Thermosoud\u00e9s en Tissu\">Sacs Thermosoud\u00e9s en Tissu<\/option><option value=\"Sacs Cousus en Tissu\">Sacs Cousus en Tissu<\/option><option value=\"Sacs en Papier Kraft\">Sacs en Papier Kraft<\/option><option value=\"Sacs en Papier Luxe\">Sacs en Papier Luxe<\/option><option value=\"Autre Packaging Promotionnel\">Autre Packaging Promotionnel<\/option><option value=\"Housses \u00e0 V\u00eatements\">Housses \u00e0 V\u00eatements<\/option><option value=\"Linge de Table Jetable\">Linge de Table Jetable<\/option><\/select><\/span>\n<\/p>\n<p>2\/ MARQUAGE ET IMPRESSION *<br \/>\nVous souhaitez personnaliser votre article ?<br \/>\n<span class=\"wpcf7-form-control-wrap\" data-name=\"marcajeEImpresion\"><span class=\"wpcf7-form-control wpcf7-radio\"><span class=\"wpcf7-list-item first\"><label><span class=\"wpcf7-list-item-label\">Oui<\/span><input type=\"radio\" name=\"marcajeEImpresion\" value=\"Oui\" checked=\"checked\" \/><\/label><\/span><span class=\"wpcf7-list-item last\"><label><span class=\"wpcf7-list-item-label\">Non<\/span><input type=\"radio\" name=\"marcajeEImpresion\" value=\"Non\" \/><\/label><\/span><\/span><\/span>\n<\/p>\n<p>3\/ QUANTIT\u00c9 *<br \/>\nCombien voulez-vous faire ?<br \/>\n[radio cantidad label_first use_label_element default:1 \"MOINS DE 3000 UNIT\u00c9S\" PLUS DE 3000 UNIT\u00c9S\"]\n<\/p>\n<p>4\/ INFORMATIONS COMPL\u00c9MENTAIRES*<br \/>\n<span class=\"wpcf7-form-control-wrap\" data-name=\"otraInformacionAdicional\"><textarea cols=\"40\" rows=\"10\" maxlength=\"2000\" class=\"wpcf7-form-control wpcf7-textarea\" aria-invalid=\"false\" placeholder=\"\u00c9crivez ici toute autre information que vous souhaitez nous communiquer\" name=\"otraInformacionAdicional\"><\/textarea><\/span>\n<\/p>\n<p>* Soci\u00e9t\u00e9:<br \/>\n<span class=\"wpcf7-form-control-wrap\" data-name=\"empresa\"><input size=\"40\" maxlength=\"400\" class=\"wpcf7-form-control wpcf7-text wpcf7-validates-as-required\" aria-required=\"true\" aria-invalid=\"false\" placeholder=\"Nom de votre soci\u00e9t\u00e9\" value=\"\" type=\"text\" name=\"empresa\" \/><\/span>\n<\/p>\n<p>* T\u00e9l\u00e9phone:<br \/>\n<span class=\"wpcf7-form-control-wrap\" data-name=\"telefono\"><input size=\"40\" maxlength=\"400\" class=\"wpcf7-form-control wpcf7-tel wpcf7-validates-as-required wpcf7-text wpcf7-validates-as-tel\" aria-required=\"true\" aria-invalid=\"false\" value=\"\" type=\"tel\" name=\"telefono\" \/><\/span>\n<\/p>\n<p>* Email:<br \/>\n<span class=\"wpcf7-form-control-wrap\" data-name=\"clienteEmail\"><input size=\"40\" maxlength=\"400\" class=\"wpcf7-form-control wpcf7-email wpcf7-validates-as-required wpcf7-text wpcf7-validates-as-email\" aria-required=\"true\" aria-invalid=\"false\" placeholder=\"mail@domaine.com\" value=\"\" type=\"email\" name=\"clienteEmail\" \/><\/span>\n<\/p>\n<p>* Num\u00e9ro de TVA :<br \/>\n<span class=\"wpcf7-form-control-wrap\" data-name=\"cif\"><input size=\"40\" maxlength=\"400\" class=\"wpcf7-form-control wpcf7-text wpcf7-validates-as-required\" aria-required=\"true\" aria-invalid=\"false\" value=\"\" type=\"text\" name=\"cif\" \/><\/span>\n<\/p>\n<span class=\"wpcf7-form-control-wrap recaptcha\" data-name=\"recaptcha\"><span data-sitekey=\"6LdbvTkrAAAAADcrtXmAGLkMAurEKDulaG-5DjfB\" class=\"wpcf7-form-control wpcf7-recaptcha g-recaptcha\"><\/span>\r\n<noscript>\r\n\t<div class=\"grecaptcha-noscript\">\r\n\t\t<iframe src=\"https:\/\/www.google.com\/recaptcha\/api\/fallback?k=6LdbvTkrAAAAADcrtXmAGLkMAurEKDulaG-5DjfB\" frameborder=\"0\" scrolling=\"no\" width=\"310\" height=\"430\">\r\n\t\t<\/iframe>\r\n\t\t<textarea name=\"g-recaptcha-response\" rows=\"3\" cols=\"40\" placeholder=\"Aqu\u00ed la respuesta de reCAPTCHA\">\r\n\t\t<\/textarea>\r\n\t<\/div>\r\n<\/noscript>\r\n<\/span>\n<p><span class=\"wpcf7-form-control-wrap\" data-name=\"politicaPrivacidad\"><span class=\"wpcf7-form-control wpcf7-acceptance\"><span class=\"wpcf7-list-item\"><label><input type=\"checkbox\" name=\"politicaPrivacidad\" value=\"1\" aria-invalid=\"false\" \/><span class=\"wpcf7-list-item-label\">et j'ai lu et accept\u00e9 la <a href=\"\/politica-privacidad\/\" target=\"_blank\">d\u00e9claration de confidentialit\u00e9<\/a>. *<\/span><\/label><\/span><\/span><\/span>\n<\/p>\n<p><span class=\"wpcf7-form-control-wrap\" data-name=\"recibirInformacion\"><span class=\"wpcf7-form-control wpcf7-acceptance\"><span class=\"wpcf7-list-item\"><label><input type=\"checkbox\" name=\"recibirInformacion\" value=\"1\" aria-invalid=\"false\" \/><span class=\"wpcf7-list-item-label\">J'accepte de recevoir des informations. <br> <small>Nous vous contacterons pour vous conseiller et vous fournir des informations concernant ce produit et toute autre information de nature commerciale, telles que des offres, promotions ou actualit\u00e9s qui vous int\u00e9resseront s\u00fbrement.<\/small><\/span><\/label><\/span><\/span><\/span>\n<\/p>\n<p class=\"text-center\">\n<input class=\"wpcf7-form-control wpcf7-hidden clientify_cookie\" value=\"\" type=\"hidden\" name=\"clientify_cookie\" \/><input class=\"wpcf7-form-control wpcf7-submit has-spinner\" type=\"submit\" value=\"Envoyer\" \/>\n<\/p><div class=\"wpcf7-response-output\" aria-hidden=\"true\"><\/div>\n<\/form>\n<\/div>\n\n","protected":false},"excerpt":{"rendered":"","protected":false},"author":1,"featured_media":5176,"parent":0,"menu_order":39,"comment_status":"closed","ping_status":"closed","template":"","meta":{"_acf_changed":false,"footnotes":""},"class_list":["post-5345","page","type-page","status-publish","has-post-thumbnail","hentry"],"acf":[],"yoast_head":"<!-- This site is optimized with the Yoast SEO plugin v27.3 - https:\/\/yoast.com\/product\/yoast-seo-wordpress\/ -->\n<title>Demande de Devis - Disenos NT<\/title>\n<meta name=\"robots\" content=\"index, follow, max-snippet:-1, max-image-preview:large, max-video-preview:-1\" \/>\n<link rel=\"canonical\" href=\"https:\/\/notejido.com\/fr\/demande-de-devis\/\" \/>\n<meta property=\"og:locale\" content=\"fr_FR\" \/>\n<meta property=\"og:type\" content=\"article\" \/>\n<meta property=\"og:title\" content=\"Demande de Devis - Disenos NT\" \/>\n<meta property=\"og:url\" content=\"https:\/\/notejido.com\/fr\/demande-de-devis\/\" \/>\n<meta property=\"og:site_name\" content=\"Disenos NT\" \/>\n<meta property=\"article:modified_time\" content=\"2020-05-25T09:28:04+00:00\" \/>\n<meta property=\"og:image\" content=\"https:\/\/notejido.com\/wp-content\/uploads\/2020\/03\/iStock-1159797754.jpg\" \/>\n\t<meta property=\"og:image:width\" content=\"2121\" \/>\n\t<meta property=\"og:image:height\" content=\"1414\" \/>\n\t<meta property=\"og:image:type\" content=\"image\/jpeg\" \/>\n<meta name=\"twitter:card\" content=\"summary_large_image\" \/>\n<script type=\"application\/ld+json\" class=\"yoast-schema-graph\">{\"@context\":\"https:\\\/\\\/schema.org\",\"@graph\":[{\"@type\":\"WebPage\",\"@id\":\"https:\\\/\\\/notejido.com\\\/fr\\\/demande-de-devis\\\/\",\"url\":\"https:\\\/\\\/notejido.com\\\/fr\\\/demande-de-devis\\\/\",\"name\":\"Demande de Devis - Disenos NT\",\"isPartOf\":{\"@id\":\"https:\\\/\\\/notejido.com\\\/fr\\\/#website\"},\"primaryImageOfPage\":{\"@id\":\"https:\\\/\\\/notejido.com\\\/fr\\\/demande-de-devis\\\/#primaryimage\"},\"image\":{\"@id\":\"https:\\\/\\\/notejido.com\\\/fr\\\/demande-de-devis\\\/#primaryimage\"},\"thumbnailUrl\":\"https:\\\/\\\/notejido.com\\\/wp-content\\\/uploads\\\/2020\\\/03\\\/iStock-1159797754.jpg\",\"datePublished\":\"2020-05-25T09:14:53+00:00\",\"dateModified\":\"2020-05-25T09:28:04+00:00\",\"breadcrumb\":{\"@id\":\"https:\\\/\\\/notejido.com\\\/fr\\\/demande-de-devis\\\/#breadcrumb\"},\"inLanguage\":\"fr-FR\",\"potentialAction\":[{\"@type\":\"ReadAction\",\"target\":[\"https:\\\/\\\/notejido.com\\\/fr\\\/demande-de-devis\\\/\"]}]},{\"@type\":\"ImageObject\",\"inLanguage\":\"fr-FR\",\"@id\":\"https:\\\/\\\/notejido.com\\\/fr\\\/demande-de-devis\\\/#primaryimage\",\"url\":\"https:\\\/\\\/notejido.com\\\/wp-content\\\/uploads\\\/2020\\\/03\\\/iStock-1159797754.jpg\",\"contentUrl\":\"https:\\\/\\\/notejido.com\\\/wp-content\\\/uploads\\\/2020\\\/03\\\/iStock-1159797754.jpg\",\"width\":2121,\"height\":1414,\"caption\":\"Proffessional Accountant calculating and filling Tax form\"},{\"@type\":\"BreadcrumbList\",\"@id\":\"https:\\\/\\\/notejido.com\\\/fr\\\/demande-de-devis\\\/#breadcrumb\",\"itemListElement\":[{\"@type\":\"ListItem\",\"position\":1,\"name\":\"Portada\",\"item\":\"https:\\\/\\\/notejido.com\\\/fr\\\/\"},{\"@type\":\"ListItem\",\"position\":2,\"name\":\"Demande de Devis\"}]},{\"@type\":\"WebSite\",\"@id\":\"https:\\\/\\\/notejido.com\\\/fr\\\/#website\",\"url\":\"https:\\\/\\\/notejido.com\\\/fr\\\/\",\"name\":\"Disenos NT\",\"description\":\"Bolsas reutilizables, art\u00edculos higi\u00e9nicos-sanitarios, manteles desechables  y otro packaging promocional en material flexible\",\"potentialAction\":[{\"@type\":\"SearchAction\",\"target\":{\"@type\":\"EntryPoint\",\"urlTemplate\":\"https:\\\/\\\/notejido.com\\\/fr\\\/?s={search_term_string}\"},\"query-input\":{\"@type\":\"PropertyValueSpecification\",\"valueRequired\":true,\"valueName\":\"search_term_string\"}}],\"inLanguage\":\"fr-FR\"}]}<\/script>\n<!-- \/ Yoast SEO plugin. -->","yoast_head_json":{"title":"Demande de Devis - Disenos NT","robots":{"index":"index","follow":"follow","max-snippet":"max-snippet:-1","max-image-preview":"max-image-preview:large","max-video-preview":"max-video-preview:-1"},"canonical":"https:\/\/notejido.com\/fr\/demande-de-devis\/","og_locale":"fr_FR","og_type":"article","og_title":"Demande de Devis - Disenos NT","og_url":"https:\/\/notejido.com\/fr\/demande-de-devis\/","og_site_name":"Disenos NT","article_modified_time":"2020-05-25T09:28:04+00:00","og_image":[{"width":2121,"height":1414,"url":"https:\/\/notejido.com\/wp-content\/uploads\/2020\/03\/iStock-1159797754.jpg","type":"image\/jpeg"}],"twitter_card":"summary_large_image","schema":{"@context":"https:\/\/schema.org","@graph":[{"@type":"WebPage","@id":"https:\/\/notejido.com\/fr\/demande-de-devis\/","url":"https:\/\/notejido.com\/fr\/demande-de-devis\/","name":"Demande de Devis - Disenos NT","isPartOf":{"@id":"https:\/\/notejido.com\/fr\/#website"},"primaryImageOfPage":{"@id":"https:\/\/notejido.com\/fr\/demande-de-devis\/#primaryimage"},"image":{"@id":"https:\/\/notejido.com\/fr\/demande-de-devis\/#primaryimage"},"thumbnailUrl":"https:\/\/notejido.com\/wp-content\/uploads\/2020\/03\/iStock-1159797754.jpg","datePublished":"2020-05-25T09:14:53+00:00","dateModified":"2020-05-25T09:28:04+00:00","breadcrumb":{"@id":"https:\/\/notejido.com\/fr\/demande-de-devis\/#breadcrumb"},"inLanguage":"fr-FR","potentialAction":[{"@type":"ReadAction","target":["https:\/\/notejido.com\/fr\/demande-de-devis\/"]}]},{"@type":"ImageObject","inLanguage":"fr-FR","@id":"https:\/\/notejido.com\/fr\/demande-de-devis\/#primaryimage","url":"https:\/\/notejido.com\/wp-content\/uploads\/2020\/03\/iStock-1159797754.jpg","contentUrl":"https:\/\/notejido.com\/wp-content\/uploads\/2020\/03\/iStock-1159797754.jpg","width":2121,"height":1414,"caption":"Proffessional Accountant calculating and filling Tax form"},{"@type":"BreadcrumbList","@id":"https:\/\/notejido.com\/fr\/demande-de-devis\/#breadcrumb","itemListElement":[{"@type":"ListItem","position":1,"name":"Portada","item":"https:\/\/notejido.com\/fr\/"},{"@type":"ListItem","position":2,"name":"Demande de Devis"}]},{"@type":"WebSite","@id":"https:\/\/notejido.com\/fr\/#website","url":"https:\/\/notejido.com\/fr\/","name":"Disenos NT","description":"Bolsas reutilizables, art\u00edculos higi\u00e9nicos-sanitarios, manteles desechables  y otro packaging promocional en material flexible","potentialAction":[{"@type":"SearchAction","target":{"@type":"EntryPoint","urlTemplate":"https:\/\/notejido.com\/fr\/?s={search_term_string}"},"query-input":{"@type":"PropertyValueSpecification","valueRequired":true,"valueName":"search_term_string"}}],"inLanguage":"fr-FR"}]}},"_links":{"self":[{"href":"https:\/\/notejido.com\/fr\/wp-json\/wp\/v2\/pages\/5345","targetHints":{"allow":["GET"]}}],"collection":[{"href":"https:\/\/notejido.com\/fr\/wp-json\/wp\/v2\/pages"}],"about":[{"href":"https:\/\/notejido.com\/fr\/wp-json\/wp\/v2\/types\/page"}],"author":[{"embeddable":true,"href":"https:\/\/notejido.com\/fr\/wp-json\/wp\/v2\/users\/1"}],"replies":[{"embeddable":true,"href":"https:\/\/notejido.com\/fr\/wp-json\/wp\/v2\/comments?post=5345"}],"version-history":[{"count":4,"href":"https:\/\/notejido.com\/fr\/wp-json\/wp\/v2\/pages\/5345\/revisions"}],"predecessor-version":[{"id":5351,"href":"https:\/\/notejido.com\/fr\/wp-json\/wp\/v2\/pages\/5345\/revisions\/5351"}],"wp:featuredmedia":[{"embeddable":true,"href":"https:\/\/notejido.com\/fr\/wp-json\/wp\/v2\/media\/5176"}],"wp:attachment":[{"href":"https:\/\/notejido.com\/fr\/wp-json\/wp\/v2\/media?parent=5345"}],"curies":[{"name":"wp","href":"https:\/\/api.w.org\/{rel}","templated":true}]}}