{"id":6579,"date":"2022-04-07T08:46:26","date_gmt":"2022-04-07T08:46:26","guid":{"rendered":"https:\/\/notejido.com\/?page_id=6579"},"modified":"2022-04-07T08:46:27","modified_gmt":"2022-04-07T08:46:27","slug":"politique-de-confidentialite","status":"publish","type":"page","link":"https:\/\/notejido.com\/fr\/politique-de-confidentialite\/","title":{"rendered":"POLITIQUE DE CONFIDENTIALIT\u00c9"},"content":{"rendered":"\n<p>Aux fins des dispositions de la r\u00e9glementation en vigueur sur la protection des donn\u00e9es personnelles, par le biais de la pr\u00e9sente politique de confidentialit\u00e9, DISE\u00d1O Y APLICACIONES DEL NOTEJIDO, S.L. (\u201cDISE\u00d1OS NT\u201d) informa a los usuarios (el \u201cUsuario\u201d o \u201cUsuarios\u201d) de la web www.notejido.com, del que es titular y responsable (la \u201cWeb\u201d), acerca de su pol\u00edtica de protecci\u00f3n de los Informations personnelles.<\/p>\n\n\n\n<p>De cette mani\u00e8re, les Utilisateurs peuvent d\u00e9terminer librement et volontairement s&rsquo;ils souhaitent fournir \u00e0 DISE\u00d1OS NT les donn\u00e9es personnelles qui peuvent \u00eatre n\u00e9cessaires ou qui peuvent \u00eatre obtenues \u00e0 leur sujet lors de l&rsquo;acc\u00e8s et de l&rsquo;utilisation du Web, ainsi que des services offerts par DESIGNS NT.<\/p>\n\n\n\n<h3 class=\"wp-block-heading\">Qui est responsable du traitement de vos donn\u00e9es personnelles ?<\/h3>\n\n\n\n<p>Responsable du traitement : DISE\u00d1OS Y APLICACIONES DEL NO TEJIDO, S.L.<br>Adresse : Pol. Ind. El Chaparral s\/n, 23692 Santa Ana, Alcal\u00e1 la Real (Ja\u00e9n), Espagne.<br>Courriel : rgpd@grupodisenosnt.com<\/p>\n\n\n\n<h3 class=\"wp-block-heading\">Dans quel but traitons-nous vos donn\u00e9es ?<\/h3>\n\n\n\n<p>Selon l&rsquo;endroit o\u00f9 vous nous fournissez vos donn\u00e9es, nous les traiterons aux fins suivantes :<\/p>\n\n\n\n<figure class=\"wp-block-table\"><table><tbody><tr><td>(1) Gestion de votre inscription au Compte<\/td><td>Lorsque vous vous inscrivez sur le Web, les donn\u00e9es personnelles que vous fournissez, soit en votre nom propre, soit en tant que repr\u00e9sentant l\u00e9gal de votre entreprise, seront collect\u00e9es pour vous identifier et vous donner acc\u00e8s aux services fournis en tant qu&rsquo;utilisateur enregistr\u00e9. Nous les traiterons \u00e9galement pour vous informer de toute modification de nos services.<\/td><\/tr><tr><td>(2) Gestion de l&rsquo;achat de produits.<\/td><td>Lorsque vous achetez l&rsquo;un de nos Produits, les donn\u00e9es obtenues seront trait\u00e9es pour g\u00e9rer leur livraison.<\/td><\/tr><tr><td>(3) Adressez vos questions et\/ou demande de budget<\/td><td>Si vous avez des questions ou souhaitez demander un devis, nous traiterons vos donn\u00e9es pour g\u00e9rer vos questions ou suggestions.<\/td><\/tr><tr><td>(4) Envoi d&rsquo;informations commerciales et newsletter<\/td><td>Pour vous envoyer des communications commerciales personnalis\u00e9es en fonction de vos pr\u00e9f\u00e9rences et vous tenir inform\u00e9 de nos produits, initiatives et services, par voie \u00e9lectronique ou non. Vous pouvez vous d\u00e9sabonner \u00e0 tout moment en envoyant un e-mail \u00e0 rgpd@grupodisenosnt.com<\/td><\/tr><tr><td>(5) Mener des enqu\u00eates<\/td><td>Afin de s&rsquo;assurer que la qualit\u00e9 de nos services et produits soit toujours \u00e0 la hauteur de vos attentes, DISE\u00d1OS NT peut vous inviter \u00e0 remplir, par e-mail, des questionnaires sur votre exp\u00e9rience et votre niveau de satisfaction. Les questionnaires ne porteront que sur les produits que vous avez achet\u00e9s ou les services que vous avez utilis\u00e9s (par exemple, notre service client).<\/td><\/tr><tr><td>(6) Processus de s\u00e9lection pour les postes vacants (Travaillez avec nous)<\/td><td>Consultez ici les <a href=\"https:\/\/notejido.com\/informacion-de-proteccion-de-datos-de-candidatos\/\" target=\"_blank\" rel=\"noreferrer noopener\">Informations sur la protection des donn\u00e9es des candidats <\/a><\/td><\/tr><\/tbody><\/table><\/figure>\n\n\n\n<hr class=\"wp-block-separator\"\/>\n\n\n\n<p><a id=\"_msocom_1\"><\/a><\/p>\n\n\n\n<h3 class=\"wp-block-heading\">Quelle est la l\u00e9gitimit\u00e9 l\u00e9gale du traitement de vos donn\u00e9es ?<\/h3>\n\n\n\n<p>Les bases l\u00e9gitimes du traitement de vos donn\u00e9es personnelles sont :<\/p>\n\n\n\n<ul class=\"wp-block-list\"><li>L&rsquo;ex\u00e9cution d&rsquo;un contrat ou pour effectuer des d\u00e9marches avant la conclusion d&rsquo;un contrat, pour g\u00e9rer votre inscription au compte (1) ainsi qu&rsquo;\u00e0 des fins strictement li\u00e9es \u00e0 l&rsquo;achat de produits (2).<\/li><li>L&rsquo;int\u00e9r\u00eat l\u00e9gitime de DISE\u00d1OS NT&nbsp;:<br>o Pour g\u00e9rer votre requ\u00eate par rapport \u00e0 celle-ci ou \u00e0 la demande de budget (3).<br>o Pour envoyer des informations commerciales et des newsletters, si vous avez contract\u00e9 l&rsquo;un de nos produits et tant que vous ne vous y \u00eates pas oppos\u00e9 (4).<br>o R\u00e9aliser des enqu\u00eates et des \u00e9tudes de march\u00e9 (5).<\/li><li>Consentement Si vous n&rsquo;avez aucune relation pr\u00e9alable avec nous, nous vous demanderons votre consentement pour envoyer des communications commerciales (4). Vous pouvez retirer votre consentement \u00e0 tout moment.<br>Dans le cas d&rsquo;e-mails de marketing direct et\/ou de newsletters, vous pouvez retirer votre consentement en cliquant sur le lien \u00ab\u00a0se d\u00e9sinscrire\u00a0\u00bb.<\/li><li>Respect des obligations l\u00e9gales, de nature fiscale, comptable, administrative ou autre r\u00e9glement\u00e9es par la r\u00e9glementation applicable \u00e0 tout moment.<\/li><\/ul>\n\n\n\n<h3 class=\"wp-block-heading\">D&rsquo;o\u00f9 obtenons-nous vos donn\u00e9es&nbsp;?<\/h3>\n\n\n\n<p>Les donn\u00e9es personnelles obtenues par DISE\u00d1OS NT varient en fonction du service que vous utilisez. Pour toute activit\u00e9, DISE\u00d1OS NT traitera vos donn\u00e9es d&rsquo;identification et vos coordonn\u00e9es. De plus, nous traiterons \u00e9galement :<\/p>\n\n\n\n<ul class=\"wp-block-list\"><li>En cas d&rsquo;achat de produits, des donn\u00e9es li\u00e9es au paiement et des donn\u00e9es professionnelles (dans le cas o\u00f9 vous \u00eates un Professionnel).<\/li><li>Vos pr\u00e9f\u00e9rences commerciales, au cas o\u00f9 nous les traitons pour l&rsquo;envoi de newsletters.<\/li><\/ul>\n\n\n\n<p>DISE\u00d1OS NT ne traitera pas des cat\u00e9gories particuli\u00e8res de donn\u00e9es, telles que des informations sur votre race, vos opinions politiques, votre religion, votre sant\u00e9 ou votre orientation sexuelle, sauf si vous avez choisi de nous fournir ces informations.<\/p>\n\n\n\n<h3 class=\"wp-block-heading\">A qui communiquons-nous vos donn\u00e9es ?<\/h3>\n\n\n\n<p>DISE\u00d1OS NT peut partager vos donn\u00e9es personnelles avec les soci\u00e9t\u00e9s du Groupe ainsi qu&rsquo;avec les prestataires de services impliqu\u00e9s dans la livraison des produits que vous achetez. Par exemple, nous communiquerons vos coordonn\u00e9es \u00e0 des soci\u00e9t\u00e9s de logistique pour l&rsquo;exp\u00e9dition des Produits.<\/p>\n\n\n\n<p>DISE\u00d1OS NT ne partagera pas vos donn\u00e9es personnelles avec un autre tiers, sauf si vous avez votre consentement pr\u00e9alable pour le faire.<\/p>\n\n\n\n<h3 class=\"wp-block-heading\">Combien de temps conservons-nous vos donn\u00e9es ?<\/h3>\n\n\n\n<p>DISE\u00d1OS NT traitera vos donn\u00e9es personnelles aussi longtemps qu&rsquo;elles sont n\u00e9cessaires aux fins pour lesquelles elles ont \u00e9t\u00e9 collect\u00e9es.<\/p>\n\n\n\n<p>Lorsque celles-ci ne seront plus n\u00e9cessaires pour r\u00e9aliser les finalit\u00e9s pour lesquelles elles ont \u00e9t\u00e9 obtenues, nous proc\u00e9derons au blocage de vos donn\u00e9es (afin que DISE\u00d1OS NT n&rsquo;y ait pas acc\u00e8s) pendant les p\u00e9riodes \u00e9tablies dans les dispositions applicables ou, le cas \u00e9ch\u00e9ant, dans les relations contractuelles entretenues avec DISE\u00d1OS NT, \u00e9tant disponibles uniquement \u00e0 la demande des juges et des tribunaux, du minist\u00e8re public ou des administrations publiques comp\u00e9tentes pendant le d\u00e9lai de prescription des actions.<\/p>\n\n\n\n<p>Une fois ces d\u00e9lais \u00e9coul\u00e9s, DISE\u00d1OS NT proc\u00e9dera \u00e0 la suppression physique ou \u00e0 l&rsquo;anonymisation de ceux-ci.<\/p>\n\n\n\n<h3 class=\"wp-block-heading\">Quels sont vos droits ?<\/h3>\n\n\n\n<p>Vous pouvez exercer les droits d&rsquo;acc\u00e8s, de portabilit\u00e9, de rectification, de suppression, de limitation, d&rsquo;opposition, et ne pas faire l&rsquo;objet d&rsquo;une d\u00e9cision fond\u00e9e uniquement sur un traitement automatis\u00e9. De m\u00eame, vous pouvez r\u00e9voquer \u00e0 tout moment le consentement que vous avez donn\u00e9.<\/p>\n\n\n\n<p>Pour toute demande li\u00e9e \u00e0 l&rsquo;exercice de ces droits ou toute autre question li\u00e9e au traitement, vous pouvez exercer ces droits au moyen d&rsquo;une demande \u00e9crite adress\u00e9e \u00e0 DISE\u00d1OS NT via l&rsquo;adresse e-mail indiqu\u00e9e au d\u00e9but de la politique de confidentialit\u00e9.<\/p>\n\n\n\n<p>Toute r\u00e9clamation li\u00e9e au traitement signal\u00e9 ici peut \u00eatre d\u00e9pos\u00e9e aupr\u00e8s de l&rsquo;Agence espagnole de protection des donn\u00e9es (www.aepd.es) pour l&rsquo;exercice de toute r\u00e9clamation qu&rsquo;elle juge, en tant qu&rsquo;organisme public espagnol charg\u00e9 d&rsquo;assurer le respect de la r\u00e9glementation ici avertie.<\/p>\n","protected":false},"excerpt":{"rendered":"<p>Aux fins des dispositions de la r\u00e9glementation en vigueur sur la protection des donn\u00e9es personnelles, par le biais de la [&hellip;]<\/p>\n","protected":false},"author":4,"featured_media":0,"parent":0,"menu_order":0,"comment_status":"closed","ping_status":"closed","template":"","meta":{"_acf_changed":false,"footnotes":""},"class_list":["post-6579","page","type-page","status-publish","hentry"],"acf":[],"yoast_head":"<!-- This site is optimized with the Yoast SEO plugin v27.2 - https:\/\/yoast.com\/product\/yoast-seo-wordpress\/ -->\n<title>POLITIQUE DE CONFIDENTIALIT\u00c9 - Disenos NT<\/title>\n<meta name=\"robots\" content=\"index, follow, max-snippet:-1, max-image-preview:large, max-video-preview:-1\" \/>\n<link rel=\"canonical\" href=\"https:\/\/notejido.com\/fr\/politique-de-confidentialite\/\" \/>\n<meta property=\"og:locale\" content=\"fr_FR\" \/>\n<meta property=\"og:type\" content=\"article\" \/>\n<meta property=\"og:title\" content=\"POLITIQUE DE CONFIDENTIALIT\u00c9 - Disenos NT\" \/>\n<meta property=\"og:description\" content=\"Aux fins des dispositions de la r\u00e9glementation en vigueur sur la protection des donn\u00e9es personnelles, par le biais de la [&hellip;]\" \/>\n<meta property=\"og:url\" content=\"https:\/\/notejido.com\/fr\/politique-de-confidentialite\/\" \/>\n<meta property=\"og:site_name\" content=\"Disenos NT\" \/>\n<meta property=\"article:modified_time\" content=\"2022-04-07T08:46:27+00:00\" \/>\n<meta name=\"twitter:card\" content=\"summary_large_image\" \/>\n<meta name=\"twitter:label1\" content=\"Dur\u00e9e de lecture estim\u00e9e\" \/>\n\t<meta name=\"twitter:data1\" content=\"5 minutes\" \/>\n<script type=\"application\/ld+json\" class=\"yoast-schema-graph\">{\"@context\":\"https:\/\/schema.org\",\"@graph\":[{\"@type\":\"WebPage\",\"@id\":\"https:\/\/notejido.com\/fr\/politique-de-confidentialite\/\",\"url\":\"https:\/\/notejido.com\/fr\/politique-de-confidentialite\/\",\"name\":\"POLITIQUE DE CONFIDENTIALIT\u00c9 - Disenos NT\",\"isPartOf\":{\"@id\":\"https:\/\/notejido.com\/fr\/#website\"},\"datePublished\":\"2022-04-07T08:46:26+00:00\",\"dateModified\":\"2022-04-07T08:46:27+00:00\",\"breadcrumb\":{\"@id\":\"https:\/\/notejido.com\/fr\/politique-de-confidentialite\/#breadcrumb\"},\"inLanguage\":\"fr-FR\",\"potentialAction\":[{\"@type\":\"ReadAction\",\"target\":[\"https:\/\/notejido.com\/fr\/politique-de-confidentialite\/\"]}]},{\"@type\":\"BreadcrumbList\",\"@id\":\"https:\/\/notejido.com\/fr\/politique-de-confidentialite\/#breadcrumb\",\"itemListElement\":[{\"@type\":\"ListItem\",\"position\":1,\"name\":\"Portada\",\"item\":\"https:\/\/notejido.com\/fr\/\"},{\"@type\":\"ListItem\",\"position\":2,\"name\":\"POLITIQUE DE CONFIDENTIALIT\u00c9\"}]},{\"@type\":\"WebSite\",\"@id\":\"https:\/\/notejido.com\/fr\/#website\",\"url\":\"https:\/\/notejido.com\/fr\/\",\"name\":\"Disenos NT\",\"description\":\"Bolsas reutilizables, art\u00edculos higi\u00e9nicos-sanitarios, manteles desechables  y otro packaging promocional en material flexible\",\"potentialAction\":[{\"@type\":\"SearchAction\",\"target\":{\"@type\":\"EntryPoint\",\"urlTemplate\":\"https:\/\/notejido.com\/fr\/?s={search_term_string}\"},\"query-input\":{\"@type\":\"PropertyValueSpecification\",\"valueRequired\":true,\"valueName\":\"search_term_string\"}}],\"inLanguage\":\"fr-FR\"}]}<\/script>\n<!-- \/ Yoast SEO plugin. -->","yoast_head_json":{"title":"POLITIQUE DE CONFIDENTIALIT\u00c9 - Disenos NT","robots":{"index":"index","follow":"follow","max-snippet":"max-snippet:-1","max-image-preview":"max-image-preview:large","max-video-preview":"max-video-preview:-1"},"canonical":"https:\/\/notejido.com\/fr\/politique-de-confidentialite\/","og_locale":"fr_FR","og_type":"article","og_title":"POLITIQUE DE CONFIDENTIALIT\u00c9 - Disenos NT","og_description":"Aux fins des dispositions de la r\u00e9glementation en vigueur sur la protection des donn\u00e9es personnelles, par le biais de la [&hellip;]","og_url":"https:\/\/notejido.com\/fr\/politique-de-confidentialite\/","og_site_name":"Disenos NT","article_modified_time":"2022-04-07T08:46:27+00:00","twitter_card":"summary_large_image","twitter_misc":{"Dur\u00e9e de lecture estim\u00e9e":"5 minutes"},"schema":{"@context":"https:\/\/schema.org","@graph":[{"@type":"WebPage","@id":"https:\/\/notejido.com\/fr\/politique-de-confidentialite\/","url":"https:\/\/notejido.com\/fr\/politique-de-confidentialite\/","name":"POLITIQUE DE CONFIDENTIALIT\u00c9 - Disenos NT","isPartOf":{"@id":"https:\/\/notejido.com\/fr\/#website"},"datePublished":"2022-04-07T08:46:26+00:00","dateModified":"2022-04-07T08:46:27+00:00","breadcrumb":{"@id":"https:\/\/notejido.com\/fr\/politique-de-confidentialite\/#breadcrumb"},"inLanguage":"fr-FR","potentialAction":[{"@type":"ReadAction","target":["https:\/\/notejido.com\/fr\/politique-de-confidentialite\/"]}]},{"@type":"BreadcrumbList","@id":"https:\/\/notejido.com\/fr\/politique-de-confidentialite\/#breadcrumb","itemListElement":[{"@type":"ListItem","position":1,"name":"Portada","item":"https:\/\/notejido.com\/fr\/"},{"@type":"ListItem","position":2,"name":"POLITIQUE DE CONFIDENTIALIT\u00c9"}]},{"@type":"WebSite","@id":"https:\/\/notejido.com\/fr\/#website","url":"https:\/\/notejido.com\/fr\/","name":"Disenos NT","description":"Bolsas reutilizables, art\u00edculos higi\u00e9nicos-sanitarios, manteles desechables  y otro packaging promocional en material flexible","potentialAction":[{"@type":"SearchAction","target":{"@type":"EntryPoint","urlTemplate":"https:\/\/notejido.com\/fr\/?s={search_term_string}"},"query-input":{"@type":"PropertyValueSpecification","valueRequired":true,"valueName":"search_term_string"}}],"inLanguage":"fr-FR"}]}},"_links":{"self":[{"href":"https:\/\/notejido.com\/fr\/wp-json\/wp\/v2\/pages\/6579","targetHints":{"allow":["GET"]}}],"collection":[{"href":"https:\/\/notejido.com\/fr\/wp-json\/wp\/v2\/pages"}],"about":[{"href":"https:\/\/notejido.com\/fr\/wp-json\/wp\/v2\/types\/page"}],"author":[{"embeddable":true,"href":"https:\/\/notejido.com\/fr\/wp-json\/wp\/v2\/users\/4"}],"replies":[{"embeddable":true,"href":"https:\/\/notejido.com\/fr\/wp-json\/wp\/v2\/comments?post=6579"}],"version-history":[{"count":1,"href":"https:\/\/notejido.com\/fr\/wp-json\/wp\/v2\/pages\/6579\/revisions"}],"predecessor-version":[{"id":6580,"href":"https:\/\/notejido.com\/fr\/wp-json\/wp\/v2\/pages\/6579\/revisions\/6580"}],"wp:attachment":[{"href":"https:\/\/notejido.com\/fr\/wp-json\/wp\/v2\/media?parent=6579"}],"curies":[{"name":"wp","href":"https:\/\/api.w.org\/{rel}","templated":true}]}}