{"id":8349,"date":"2024-11-04T12:19:50","date_gmt":"2024-11-04T12:19:50","guid":{"rendered":"https:\/\/notejido.com\/manteleria-especial-horeca-y-retail\/"},"modified":"2024-11-12T12:43:52","modified_gmt":"2024-11-12T12:43:52","slug":"linge-de-table-special-horeca-et-retail","status":"publish","type":"page","link":"https:\/\/notejido.com\/fr\/linge-de-table-special-horeca-et-retail\/","title":{"rendered":"Linge de table sp\u00e9cial Horeca et Retail"},"content":{"rendered":"<div id=\"pl-gb8349-69d0c3002c6bb\"  class=\"panel-layout\" ><div id=\"pg-gb8349-69d0c3002c6bb-0\"  class=\"panel-grid panel-has-style\" ><div class=\"section-intro panel-row-style panel-row-style-for-gb8349-69d0c3002c6bb-0\" ><div id=\"pgc-gb8349-69d0c3002c6bb-0-0\"  class=\"panel-grid-cell\" ><div id=\"panel-gb8349-69d0c3002c6bb-0-0-0\" class=\"so-panel widget widget_sow-editor panel-first-child panel-last-child\" data-index=\"0\" ><div\n\t\t\t\n\t\t\tclass=\"so-widget-sow-editor so-widget-sow-editor-base\"\n\t\t\t\n\t\t>\n<div class=\"siteorigin-widget-tinymce textwidget\">\n\t<p>Nappes individuelles, chemins de table, nappes carr\u00e9es et rectangulaires&#8230; la plus large gamme de formats, couleurs et designs pour habiller votre table de la mani\u00e8re la plus simple, la plus confortable et la plus \u00e9conomique.<\/p>\n<\/div>\n<\/div><\/div><\/div><\/div><\/div><div id=\"pg-gb8349-69d0c3002c6bb-1\"  class=\"panel-grid panel-has-style\" ><div class=\"sector-products panel-row-style panel-row-style-for-gb8349-69d0c3002c6bb-1\" ><div id=\"pgc-gb8349-69d0c3002c6bb-1-0\"  class=\"panel-grid-cell panel-grid-cell-mobile-last\" ><div class=\"sector-products-item panel-cell-style panel-cell-style-for-gb8349-69d0c3002c6bb-1-0\" ><div id=\"panel-gb8349-69d0c3002c6bb-1-0-0\" class=\"so-panel widget widget_sow-editor panel-first-child panel-last-child\" data-index=\"1\" ><div\n\t\t\t\n\t\t\tclass=\"so-widget-sow-editor so-widget-sow-editor-base\"\n\t\t\t\n\t\t>\n<div class=\"siteorigin-widget-tinymce textwidget\">\n\t<h3>Linge de table jetable<\/h3>\n<div><a href=\"https:\/\/notejido.com\/fr\/produits\/linge-de-table-jetable\/\"><\/a><\/div>\n<\/div>\n<\/div><\/div><\/div><\/div><div id=\"pgc-gb8349-69d0c3002c6bb-1-1\"  class=\"panel-grid-cell panel-grid-cell-empty\" ><\/div><\/div><\/div><\/div>","protected":false},"excerpt":{"rendered":"<p>Nappes individuelles, chemins de table, nappes carr\u00e9es et rectangulaires&#8230; la plus large gamme de formats, couleurs et designs pour habiller [&hellip;]<\/p>\n","protected":false},"author":5,"featured_media":8343,"parent":0,"menu_order":4,"comment_status":"closed","ping_status":"closed","template":"page-sector.php","meta":{"_acf_changed":false,"footnotes":""},"class_list":["post-8349","page","type-page","status-publish","has-post-thumbnail","hentry"],"acf":[],"yoast_head":"<!-- This site is optimized with the Yoast SEO plugin v27.2 - https:\/\/yoast.com\/product\/yoast-seo-wordpress\/ -->\n<title>Linge de table sp\u00e9cial Horeca et Retail - Disenos NT<\/title>\n<meta name=\"robots\" content=\"index, follow, max-snippet:-1, max-image-preview:large, max-video-preview:-1\" \/>\n<link rel=\"canonical\" href=\"https:\/\/notejido.com\/fr\/linge-de-table-special-horeca-et-retail\/\" \/>\n<meta property=\"og:locale\" content=\"fr_FR\" \/>\n<meta property=\"og:type\" content=\"article\" \/>\n<meta property=\"og:title\" content=\"Linge de table sp\u00e9cial Horeca et Retail - Disenos NT\" \/>\n<meta property=\"og:description\" content=\"Nappes individuelles, chemins de table, nappes carr\u00e9es et rectangulaires... la plus large gamme de formats, couleurs et designs pour habiller [&hellip;]\" \/>\n<meta property=\"og:url\" content=\"https:\/\/notejido.com\/fr\/linge-de-table-special-horeca-et-retail\/\" \/>\n<meta property=\"og:site_name\" content=\"Disenos NT\" \/>\n<meta property=\"article:modified_time\" content=\"2024-11-12T12:43:52+00:00\" \/>\n<meta property=\"og:image\" content=\"https:\/\/notejido.com\/wp-content\/uploads\/2024\/11\/MANTEL_NO_TEJIDO_REDONDO_BURDEOS-scaled.jpg\" \/>\n\t<meta property=\"og:image:width\" content=\"2560\" \/>\n\t<meta property=\"og:image:height\" content=\"1707\" \/>\n\t<meta property=\"og:image:type\" content=\"image\/jpeg\" \/>\n<meta name=\"twitter:card\" content=\"summary_large_image\" \/>\n<meta name=\"twitter:label1\" content=\"Dur\u00e9e de lecture estim\u00e9e\" \/>\n\t<meta name=\"twitter:data1\" content=\"1 minute\" \/>\n<script type=\"application\/ld+json\" class=\"yoast-schema-graph\">{\"@context\":\"https:\/\/schema.org\",\"@graph\":[{\"@type\":\"WebPage\",\"@id\":\"https:\/\/notejido.com\/fr\/linge-de-table-special-horeca-et-retail\/\",\"url\":\"https:\/\/notejido.com\/fr\/linge-de-table-special-horeca-et-retail\/\",\"name\":\"Linge de table sp\u00e9cial Horeca et Retail - Disenos NT\",\"isPartOf\":{\"@id\":\"https:\/\/notejido.com\/fr\/#website\"},\"primaryImageOfPage\":{\"@id\":\"https:\/\/notejido.com\/fr\/linge-de-table-special-horeca-et-retail\/#primaryimage\"},\"image\":{\"@id\":\"https:\/\/notejido.com\/fr\/linge-de-table-special-horeca-et-retail\/#primaryimage\"},\"thumbnailUrl\":\"https:\/\/notejido.com\/wp-content\/uploads\/2024\/11\/MANTEL_NO_TEJIDO_REDONDO_BURDEOS-scaled.jpg\",\"datePublished\":\"2024-11-04T12:19:50+00:00\",\"dateModified\":\"2024-11-12T12:43:52+00:00\",\"breadcrumb\":{\"@id\":\"https:\/\/notejido.com\/fr\/linge-de-table-special-horeca-et-retail\/#breadcrumb\"},\"inLanguage\":\"fr-FR\",\"potentialAction\":[{\"@type\":\"ReadAction\",\"target\":[\"https:\/\/notejido.com\/fr\/linge-de-table-special-horeca-et-retail\/\"]}]},{\"@type\":\"ImageObject\",\"inLanguage\":\"fr-FR\",\"@id\":\"https:\/\/notejido.com\/fr\/linge-de-table-special-horeca-et-retail\/#primaryimage\",\"url\":\"https:\/\/notejido.com\/wp-content\/uploads\/2024\/11\/MANTEL_NO_TEJIDO_REDONDO_BURDEOS-scaled.jpg\",\"contentUrl\":\"https:\/\/notejido.com\/wp-content\/uploads\/2024\/11\/MANTEL_NO_TEJIDO_REDONDO_BURDEOS-scaled.jpg\",\"width\":2560,\"height\":1707,\"caption\":\"Manteler\u00eda especial HORECA Y Retail\"},{\"@type\":\"BreadcrumbList\",\"@id\":\"https:\/\/notejido.com\/fr\/linge-de-table-special-horeca-et-retail\/#breadcrumb\",\"itemListElement\":[{\"@type\":\"ListItem\",\"position\":1,\"name\":\"Portada\",\"item\":\"https:\/\/notejido.com\/fr\/\"},{\"@type\":\"ListItem\",\"position\":2,\"name\":\"Linge de table sp\u00e9cial Horeca et Retail\"}]},{\"@type\":\"WebSite\",\"@id\":\"https:\/\/notejido.com\/fr\/#website\",\"url\":\"https:\/\/notejido.com\/fr\/\",\"name\":\"Disenos NT\",\"description\":\"Bolsas reutilizables, art\u00edculos higi\u00e9nicos-sanitarios, manteles desechables  y otro packaging promocional en material flexible\",\"potentialAction\":[{\"@type\":\"SearchAction\",\"target\":{\"@type\":\"EntryPoint\",\"urlTemplate\":\"https:\/\/notejido.com\/fr\/?s={search_term_string}\"},\"query-input\":{\"@type\":\"PropertyValueSpecification\",\"valueRequired\":true,\"valueName\":\"search_term_string\"}}],\"inLanguage\":\"fr-FR\"}]}<\/script>\n<!-- \/ Yoast SEO plugin. -->","yoast_head_json":{"title":"Linge de table sp\u00e9cial Horeca et Retail - Disenos NT","robots":{"index":"index","follow":"follow","max-snippet":"max-snippet:-1","max-image-preview":"max-image-preview:large","max-video-preview":"max-video-preview:-1"},"canonical":"https:\/\/notejido.com\/fr\/linge-de-table-special-horeca-et-retail\/","og_locale":"fr_FR","og_type":"article","og_title":"Linge de table sp\u00e9cial Horeca et Retail - Disenos NT","og_description":"Nappes individuelles, chemins de table, nappes carr\u00e9es et rectangulaires... la plus large gamme de formats, couleurs et designs pour habiller [&hellip;]","og_url":"https:\/\/notejido.com\/fr\/linge-de-table-special-horeca-et-retail\/","og_site_name":"Disenos NT","article_modified_time":"2024-11-12T12:43:52+00:00","og_image":[{"width":2560,"height":1707,"url":"https:\/\/notejido.com\/wp-content\/uploads\/2024\/11\/MANTEL_NO_TEJIDO_REDONDO_BURDEOS-scaled.jpg","type":"image\/jpeg"}],"twitter_card":"summary_large_image","twitter_misc":{"Dur\u00e9e de lecture estim\u00e9e":"1 minute"},"schema":{"@context":"https:\/\/schema.org","@graph":[{"@type":"WebPage","@id":"https:\/\/notejido.com\/fr\/linge-de-table-special-horeca-et-retail\/","url":"https:\/\/notejido.com\/fr\/linge-de-table-special-horeca-et-retail\/","name":"Linge de table sp\u00e9cial Horeca et Retail - Disenos NT","isPartOf":{"@id":"https:\/\/notejido.com\/fr\/#website"},"primaryImageOfPage":{"@id":"https:\/\/notejido.com\/fr\/linge-de-table-special-horeca-et-retail\/#primaryimage"},"image":{"@id":"https:\/\/notejido.com\/fr\/linge-de-table-special-horeca-et-retail\/#primaryimage"},"thumbnailUrl":"https:\/\/notejido.com\/wp-content\/uploads\/2024\/11\/MANTEL_NO_TEJIDO_REDONDO_BURDEOS-scaled.jpg","datePublished":"2024-11-04T12:19:50+00:00","dateModified":"2024-11-12T12:43:52+00:00","breadcrumb":{"@id":"https:\/\/notejido.com\/fr\/linge-de-table-special-horeca-et-retail\/#breadcrumb"},"inLanguage":"fr-FR","potentialAction":[{"@type":"ReadAction","target":["https:\/\/notejido.com\/fr\/linge-de-table-special-horeca-et-retail\/"]}]},{"@type":"ImageObject","inLanguage":"fr-FR","@id":"https:\/\/notejido.com\/fr\/linge-de-table-special-horeca-et-retail\/#primaryimage","url":"https:\/\/notejido.com\/wp-content\/uploads\/2024\/11\/MANTEL_NO_TEJIDO_REDONDO_BURDEOS-scaled.jpg","contentUrl":"https:\/\/notejido.com\/wp-content\/uploads\/2024\/11\/MANTEL_NO_TEJIDO_REDONDO_BURDEOS-scaled.jpg","width":2560,"height":1707,"caption":"Manteler\u00eda especial HORECA Y Retail"},{"@type":"BreadcrumbList","@id":"https:\/\/notejido.com\/fr\/linge-de-table-special-horeca-et-retail\/#breadcrumb","itemListElement":[{"@type":"ListItem","position":1,"name":"Portada","item":"https:\/\/notejido.com\/fr\/"},{"@type":"ListItem","position":2,"name":"Linge de table sp\u00e9cial Horeca et Retail"}]},{"@type":"WebSite","@id":"https:\/\/notejido.com\/fr\/#website","url":"https:\/\/notejido.com\/fr\/","name":"Disenos NT","description":"Bolsas reutilizables, art\u00edculos higi\u00e9nicos-sanitarios, manteles desechables  y otro packaging promocional en material flexible","potentialAction":[{"@type":"SearchAction","target":{"@type":"EntryPoint","urlTemplate":"https:\/\/notejido.com\/fr\/?s={search_term_string}"},"query-input":{"@type":"PropertyValueSpecification","valueRequired":true,"valueName":"search_term_string"}}],"inLanguage":"fr-FR"}]}},"_links":{"self":[{"href":"https:\/\/notejido.com\/fr\/wp-json\/wp\/v2\/pages\/8349","targetHints":{"allow":["GET"]}}],"collection":[{"href":"https:\/\/notejido.com\/fr\/wp-json\/wp\/v2\/pages"}],"about":[{"href":"https:\/\/notejido.com\/fr\/wp-json\/wp\/v2\/types\/page"}],"author":[{"embeddable":true,"href":"https:\/\/notejido.com\/fr\/wp-json\/wp\/v2\/users\/5"}],"replies":[{"embeddable":true,"href":"https:\/\/notejido.com\/fr\/wp-json\/wp\/v2\/comments?post=8349"}],"version-history":[{"count":3,"href":"https:\/\/notejido.com\/fr\/wp-json\/wp\/v2\/pages\/8349\/revisions"}],"predecessor-version":[{"id":8991,"href":"https:\/\/notejido.com\/fr\/wp-json\/wp\/v2\/pages\/8349\/revisions\/8991"}],"wp:featuredmedia":[{"embeddable":true,"href":"https:\/\/notejido.com\/fr\/wp-json\/wp\/v2\/media\/8343"}],"wp:attachment":[{"href":"https:\/\/notejido.com\/fr\/wp-json\/wp\/v2\/media?parent=8349"}],"curies":[{"name":"wp","href":"https:\/\/api.w.org\/{rel}","templated":true}]}}