{"id":3364,"date":"2019-09-25T15:00:45","date_gmt":"2019-09-25T15:00:45","guid":{"rendered":"https:\/\/notejido.com\/productos\/bolsas-de-tela-termoselladas\/"},"modified":"2026-04-07T12:08:32","modified_gmt":"2026-04-07T12:08:32","slug":"sacs-thermosoudes-en-tissu","status":"publish","type":"product","link":"https:\/\/notejido.com\/fr\/produits\/sacs-thermosoudes-en-tissu\/","title":{"rendered":"Sacs en tissu non tiss\u00e9"},"content":{"rendered":"<div id=\"pl-gb3364-69db84baab968\"  class=\"panel-layout\" ><div id=\"pg-gb3364-69db84baab968-0\"  class=\"panel-grid panel-has-style\" ><div class=\"section-intro panel-row-style panel-row-style-for-gb3364-69db84baab968-0\" ><div id=\"pgc-gb3364-69db84baab968-0-0\"  class=\"panel-grid-cell\" ><div id=\"panel-gb3364-69db84baab968-0-0-0\" class=\"so-panel widget widget_sow-editor panel-first-child panel-last-child\" data-index=\"0\" ><div\n\t\t\t\n\t\t\tclass=\"so-widget-sow-editor so-widget-sow-editor-base\"\n\t\t\t\n\t\t>\n<div class=\"siteorigin-widget-tinymce textwidget\">\n\t<p>Fabriqu\u00e9s avec des mat\u00e9riaux 100% recyclables: non tiss\u00e9 ou PP tiss\u00e9. Avec ou sans pelliculage, les sacs thermosoud\u00e9s sont le choix la plus \u00e9conomique, r\u00e9sistante et pratique pour personnaliser. Id\u00e9aux pour tout type de produit ou commerce.<\/p>\n<\/div>\n<\/div><\/div><\/div><\/div><\/div><\/div>","protected":false},"featured_media":2411,"template":"","class_list":["post-3364","product","type-product","status-publish","has-post-thumbnail","hentry"],"acf":[],"yoast_head":"<!-- This site is optimized with the Yoast SEO plugin v27.3 - https:\/\/yoast.com\/product\/yoast-seo-wordpress\/ -->\n<title>Sacs en tissu non tiss\u00e9 - Disenos NT<\/title>\n<meta name=\"robots\" content=\"index, follow, max-snippet:-1, max-image-preview:large, max-video-preview:-1\" \/>\n<link rel=\"canonical\" href=\"https:\/\/notejido.com\/fr\/produits\/sacs-thermosoudes-en-tissu\/\" \/>\n<meta property=\"og:locale\" content=\"fr_FR\" \/>\n<meta property=\"og:type\" content=\"article\" \/>\n<meta property=\"og:title\" content=\"Sacs en tissu non tiss\u00e9 - Disenos NT\" \/>\n<meta property=\"og:description\" content=\"Fabriqu\u00e9s avec des mat\u00e9riaux 100% recyclables: non tiss\u00e9 ou PP tiss\u00e9. Avec ou sans pelliculage, les sacs thermosoud\u00e9s sont le [&hellip;]\" \/>\n<meta property=\"og:url\" content=\"https:\/\/notejido.com\/fr\/produits\/sacs-thermosoudes-en-tissu\/\" \/>\n<meta property=\"og:site_name\" content=\"Disenos NT\" \/>\n<meta property=\"article:modified_time\" content=\"2026-04-07T12:08:32+00:00\" \/>\n<meta property=\"og:image\" content=\"https:\/\/notejido.com\/wp-content\/uploads\/2019\/11\/bg-termosellada03.jpg\" \/>\n\t<meta property=\"og:image:width\" content=\"1600\" \/>\n\t<meta property=\"og:image:height\" content=\"1000\" \/>\n\t<meta property=\"og:image:type\" content=\"image\/jpeg\" \/>\n<meta name=\"twitter:card\" content=\"summary_large_image\" \/>\n<script type=\"application\/ld+json\" class=\"yoast-schema-graph\">{\"@context\":\"https:\\\/\\\/schema.org\",\"@graph\":[{\"@type\":\"WebPage\",\"@id\":\"https:\\\/\\\/notejido.com\\\/fr\\\/produits\\\/sacs-thermosoudes-en-tissu\\\/\",\"url\":\"https:\\\/\\\/notejido.com\\\/fr\\\/produits\\\/sacs-thermosoudes-en-tissu\\\/\",\"name\":\"Sacs en tissu non tiss\u00e9 - Disenos NT\",\"isPartOf\":{\"@id\":\"https:\\\/\\\/notejido.com\\\/fr\\\/#website\"},\"primaryImageOfPage\":{\"@id\":\"https:\\\/\\\/notejido.com\\\/fr\\\/produits\\\/sacs-thermosoudes-en-tissu\\\/#primaryimage\"},\"image\":{\"@id\":\"https:\\\/\\\/notejido.com\\\/fr\\\/produits\\\/sacs-thermosoudes-en-tissu\\\/#primaryimage\"},\"thumbnailUrl\":\"https:\\\/\\\/notejido.com\\\/wp-content\\\/uploads\\\/2019\\\/11\\\/bg-termosellada03.jpg\",\"datePublished\":\"2019-09-25T15:00:45+00:00\",\"dateModified\":\"2026-04-07T12:08:32+00:00\",\"breadcrumb\":{\"@id\":\"https:\\\/\\\/notejido.com\\\/fr\\\/produits\\\/sacs-thermosoudes-en-tissu\\\/#breadcrumb\"},\"inLanguage\":\"fr-FR\",\"potentialAction\":[{\"@type\":\"ReadAction\",\"target\":[\"https:\\\/\\\/notejido.com\\\/fr\\\/produits\\\/sacs-thermosoudes-en-tissu\\\/\"]}]},{\"@type\":\"ImageObject\",\"inLanguage\":\"fr-FR\",\"@id\":\"https:\\\/\\\/notejido.com\\\/fr\\\/produits\\\/sacs-thermosoudes-en-tissu\\\/#primaryimage\",\"url\":\"https:\\\/\\\/notejido.com\\\/wp-content\\\/uploads\\\/2019\\\/11\\\/bg-termosellada03.jpg\",\"contentUrl\":\"https:\\\/\\\/notejido.com\\\/wp-content\\\/uploads\\\/2019\\\/11\\\/bg-termosellada03.jpg\",\"width\":1600,\"height\":1000,\"caption\":\"Bolsa de tela termosellada\"},{\"@type\":\"BreadcrumbList\",\"@id\":\"https:\\\/\\\/notejido.com\\\/fr\\\/produits\\\/sacs-thermosoudes-en-tissu\\\/#breadcrumb\",\"itemListElement\":[{\"@type\":\"ListItem\",\"position\":1,\"name\":\"Portada\",\"item\":\"https:\\\/\\\/notejido.com\\\/fr\\\/\"},{\"@type\":\"ListItem\",\"position\":2,\"name\":\"Sacs en tissu non tiss\u00e9\"}]},{\"@type\":\"WebSite\",\"@id\":\"https:\\\/\\\/notejido.com\\\/fr\\\/#website\",\"url\":\"https:\\\/\\\/notejido.com\\\/fr\\\/\",\"name\":\"Disenos NT\",\"description\":\"Bolsas reutilizables, art\u00edculos higi\u00e9nicos-sanitarios, manteles desechables  y otro packaging promocional en material flexible\",\"potentialAction\":[{\"@type\":\"SearchAction\",\"target\":{\"@type\":\"EntryPoint\",\"urlTemplate\":\"https:\\\/\\\/notejido.com\\\/fr\\\/?s={search_term_string}\"},\"query-input\":{\"@type\":\"PropertyValueSpecification\",\"valueRequired\":true,\"valueName\":\"search_term_string\"}}],\"inLanguage\":\"fr-FR\"}]}<\/script>\n<!-- \/ Yoast SEO plugin. -->","yoast_head_json":{"title":"Sacs en tissu non tiss\u00e9 - Disenos NT","robots":{"index":"index","follow":"follow","max-snippet":"max-snippet:-1","max-image-preview":"max-image-preview:large","max-video-preview":"max-video-preview:-1"},"canonical":"https:\/\/notejido.com\/fr\/produits\/sacs-thermosoudes-en-tissu\/","og_locale":"fr_FR","og_type":"article","og_title":"Sacs en tissu non tiss\u00e9 - Disenos NT","og_description":"Fabriqu\u00e9s avec des mat\u00e9riaux 100% recyclables: non tiss\u00e9 ou PP tiss\u00e9. Avec ou sans pelliculage, les sacs thermosoud\u00e9s sont le [&hellip;]","og_url":"https:\/\/notejido.com\/fr\/produits\/sacs-thermosoudes-en-tissu\/","og_site_name":"Disenos NT","article_modified_time":"2026-04-07T12:08:32+00:00","og_image":[{"width":1600,"height":1000,"url":"https:\/\/notejido.com\/wp-content\/uploads\/2019\/11\/bg-termosellada03.jpg","type":"image\/jpeg"}],"twitter_card":"summary_large_image","schema":{"@context":"https:\/\/schema.org","@graph":[{"@type":"WebPage","@id":"https:\/\/notejido.com\/fr\/produits\/sacs-thermosoudes-en-tissu\/","url":"https:\/\/notejido.com\/fr\/produits\/sacs-thermosoudes-en-tissu\/","name":"Sacs en tissu non tiss\u00e9 - Disenos NT","isPartOf":{"@id":"https:\/\/notejido.com\/fr\/#website"},"primaryImageOfPage":{"@id":"https:\/\/notejido.com\/fr\/produits\/sacs-thermosoudes-en-tissu\/#primaryimage"},"image":{"@id":"https:\/\/notejido.com\/fr\/produits\/sacs-thermosoudes-en-tissu\/#primaryimage"},"thumbnailUrl":"https:\/\/notejido.com\/wp-content\/uploads\/2019\/11\/bg-termosellada03.jpg","datePublished":"2019-09-25T15:00:45+00:00","dateModified":"2026-04-07T12:08:32+00:00","breadcrumb":{"@id":"https:\/\/notejido.com\/fr\/produits\/sacs-thermosoudes-en-tissu\/#breadcrumb"},"inLanguage":"fr-FR","potentialAction":[{"@type":"ReadAction","target":["https:\/\/notejido.com\/fr\/produits\/sacs-thermosoudes-en-tissu\/"]}]},{"@type":"ImageObject","inLanguage":"fr-FR","@id":"https:\/\/notejido.com\/fr\/produits\/sacs-thermosoudes-en-tissu\/#primaryimage","url":"https:\/\/notejido.com\/wp-content\/uploads\/2019\/11\/bg-termosellada03.jpg","contentUrl":"https:\/\/notejido.com\/wp-content\/uploads\/2019\/11\/bg-termosellada03.jpg","width":1600,"height":1000,"caption":"Bolsa de tela termosellada"},{"@type":"BreadcrumbList","@id":"https:\/\/notejido.com\/fr\/produits\/sacs-thermosoudes-en-tissu\/#breadcrumb","itemListElement":[{"@type":"ListItem","position":1,"name":"Portada","item":"https:\/\/notejido.com\/fr\/"},{"@type":"ListItem","position":2,"name":"Sacs en tissu non tiss\u00e9"}]},{"@type":"WebSite","@id":"https:\/\/notejido.com\/fr\/#website","url":"https:\/\/notejido.com\/fr\/","name":"Disenos NT","description":"Bolsas reutilizables, art\u00edculos higi\u00e9nicos-sanitarios, manteles desechables  y otro packaging promocional en material flexible","potentialAction":[{"@type":"SearchAction","target":{"@type":"EntryPoint","urlTemplate":"https:\/\/notejido.com\/fr\/?s={search_term_string}"},"query-input":{"@type":"PropertyValueSpecification","valueRequired":true,"valueName":"search_term_string"}}],"inLanguage":"fr-FR"}]}},"_links":{"self":[{"href":"https:\/\/notejido.com\/fr\/wp-json\/wp\/v2\/product\/3364","targetHints":{"allow":["GET"]}}],"collection":[{"href":"https:\/\/notejido.com\/fr\/wp-json\/wp\/v2\/product"}],"about":[{"href":"https:\/\/notejido.com\/fr\/wp-json\/wp\/v2\/types\/product"}],"wp:featuredmedia":[{"embeddable":true,"href":"https:\/\/notejido.com\/fr\/wp-json\/wp\/v2\/media\/2411"}],"wp:attachment":[{"href":"https:\/\/notejido.com\/fr\/wp-json\/wp\/v2\/media?parent=3364"}],"curies":[{"name":"wp","href":"https:\/\/api.w.org\/{rel}","templated":true}]}}