{"id":3402,"date":"2019-09-25T16:08:55","date_gmt":"2019-09-25T16:08:55","guid":{"rendered":"https:\/\/notejido.com\/productos\/bolsas-de-papel-de-lujo\/"},"modified":"2019-12-25T10:44:01","modified_gmt":"2019-12-25T10:44:01","slug":"sacs-en-papier-luxe","status":"publish","type":"product","link":"https:\/\/notejido.com\/fr\/produits\/sacs-en-papier-luxe\/","title":{"rendered":"Sacs en papier luxe"},"content":{"rendered":"<div id=\"pl-gb3402-69d73e6d4febb\"  class=\"panel-layout\" ><div id=\"pg-gb3402-69d73e6d4febb-0\"  class=\"panel-grid panel-has-style\" ><div class=\"section-intro panel-row-style panel-row-style-for-gb3402-69d73e6d4febb-0\" ><div id=\"pgc-gb3402-69d73e6d4febb-0-0\"  class=\"panel-grid-cell\" ><div id=\"panel-gb3402-69d73e6d4febb-0-0-0\" class=\"so-panel widget widget_sow-editor panel-first-child panel-last-child\" data-index=\"0\" ><div\n\t\t\t\n\t\t\tclass=\"so-widget-sow-editor so-widget-sow-editor-base\"\n\t\t\t\n\t\t>\n<div class=\"siteorigin-widget-tinymce textwidget\">\n\t<p>L\u2019emballage premium pour ce type de commerces qui prennent soin des d\u00e9tails au maximum. Il s\u2019agit de l\u2019option privil\u00e9gi\u00e9e des grandes maisons de mode, bijouteries, \u00e9tablissements sp\u00e9cialis\u00e9s en cosm\u00e9tique, boutiques, etc.<\/p>\n<\/div>\n<\/div><\/div><\/div><\/div><\/div><\/div>","protected":false},"featured_media":1671,"template":"","class_list":["post-3402","product","type-product","status-publish","has-post-thumbnail","hentry"],"acf":[],"yoast_head":"<!-- This site is optimized with the Yoast SEO plugin v27.3 - https:\/\/yoast.com\/product\/yoast-seo-wordpress\/ -->\n<title>Sacs en papier luxe - Disenos NT<\/title>\n<meta name=\"robots\" content=\"index, follow, max-snippet:-1, max-image-preview:large, max-video-preview:-1\" \/>\n<link rel=\"canonical\" href=\"https:\/\/notejido.com\/fr\/produits\/sacs-en-papier-luxe\/\" \/>\n<meta property=\"og:locale\" content=\"fr_FR\" \/>\n<meta property=\"og:type\" content=\"article\" \/>\n<meta property=\"og:title\" content=\"Sacs en papier luxe - Disenos NT\" \/>\n<meta property=\"og:description\" content=\"L\u2019emballage premium pour ce type de commerces qui prennent soin des d\u00e9tails au maximum. Il s\u2019agit de l\u2019option privil\u00e9gi\u00e9e des [&hellip;]\" \/>\n<meta property=\"og:url\" content=\"https:\/\/notejido.com\/fr\/produits\/sacs-en-papier-luxe\/\" \/>\n<meta property=\"og:site_name\" content=\"Disenos NT\" \/>\n<meta property=\"article:modified_time\" content=\"2019-12-25T10:44:01+00:00\" \/>\n<meta property=\"og:image\" content=\"https:\/\/notejido.com\/wp-content\/uploads\/2019\/09\/p-03-1.jpg\" \/>\n\t<meta property=\"og:image:width\" content=\"1600\" \/>\n\t<meta property=\"og:image:height\" content=\"1000\" \/>\n\t<meta property=\"og:image:type\" content=\"image\/jpeg\" \/>\n<meta name=\"twitter:card\" content=\"summary_large_image\" \/>\n<script type=\"application\/ld+json\" class=\"yoast-schema-graph\">{\"@context\":\"https:\\\/\\\/schema.org\",\"@graph\":[{\"@type\":\"WebPage\",\"@id\":\"https:\\\/\\\/notejido.com\\\/fr\\\/produits\\\/sacs-en-papier-luxe\\\/\",\"url\":\"https:\\\/\\\/notejido.com\\\/fr\\\/produits\\\/sacs-en-papier-luxe\\\/\",\"name\":\"Sacs en papier luxe - Disenos NT\",\"isPartOf\":{\"@id\":\"https:\\\/\\\/notejido.com\\\/fr\\\/#website\"},\"primaryImageOfPage\":{\"@id\":\"https:\\\/\\\/notejido.com\\\/fr\\\/produits\\\/sacs-en-papier-luxe\\\/#primaryimage\"},\"image\":{\"@id\":\"https:\\\/\\\/notejido.com\\\/fr\\\/produits\\\/sacs-en-papier-luxe\\\/#primaryimage\"},\"thumbnailUrl\":\"https:\\\/\\\/notejido.com\\\/wp-content\\\/uploads\\\/2019\\\/09\\\/p-03-1.jpg\",\"datePublished\":\"2019-09-25T16:08:55+00:00\",\"dateModified\":\"2019-12-25T10:44:01+00:00\",\"breadcrumb\":{\"@id\":\"https:\\\/\\\/notejido.com\\\/fr\\\/produits\\\/sacs-en-papier-luxe\\\/#breadcrumb\"},\"inLanguage\":\"fr-FR\",\"potentialAction\":[{\"@type\":\"ReadAction\",\"target\":[\"https:\\\/\\\/notejido.com\\\/fr\\\/produits\\\/sacs-en-papier-luxe\\\/\"]}]},{\"@type\":\"ImageObject\",\"inLanguage\":\"fr-FR\",\"@id\":\"https:\\\/\\\/notejido.com\\\/fr\\\/produits\\\/sacs-en-papier-luxe\\\/#primaryimage\",\"url\":\"https:\\\/\\\/notejido.com\\\/wp-content\\\/uploads\\\/2019\\\/09\\\/p-03-1.jpg\",\"contentUrl\":\"https:\\\/\\\/notejido.com\\\/wp-content\\\/uploads\\\/2019\\\/09\\\/p-03-1.jpg\",\"width\":1600,\"height\":1000,\"caption\":\"Luxury paper bags\"},{\"@type\":\"BreadcrumbList\",\"@id\":\"https:\\\/\\\/notejido.com\\\/fr\\\/produits\\\/sacs-en-papier-luxe\\\/#breadcrumb\",\"itemListElement\":[{\"@type\":\"ListItem\",\"position\":1,\"name\":\"Portada\",\"item\":\"https:\\\/\\\/notejido.com\\\/fr\\\/\"},{\"@type\":\"ListItem\",\"position\":2,\"name\":\"Sacs en papier luxe\"}]},{\"@type\":\"WebSite\",\"@id\":\"https:\\\/\\\/notejido.com\\\/fr\\\/#website\",\"url\":\"https:\\\/\\\/notejido.com\\\/fr\\\/\",\"name\":\"Disenos NT\",\"description\":\"Bolsas reutilizables, art\u00edculos higi\u00e9nicos-sanitarios, manteles desechables  y otro packaging promocional en material flexible\",\"potentialAction\":[{\"@type\":\"SearchAction\",\"target\":{\"@type\":\"EntryPoint\",\"urlTemplate\":\"https:\\\/\\\/notejido.com\\\/fr\\\/?s={search_term_string}\"},\"query-input\":{\"@type\":\"PropertyValueSpecification\",\"valueRequired\":true,\"valueName\":\"search_term_string\"}}],\"inLanguage\":\"fr-FR\"}]}<\/script>\n<!-- \/ Yoast SEO plugin. -->","yoast_head_json":{"title":"Sacs en papier luxe - Disenos NT","robots":{"index":"index","follow":"follow","max-snippet":"max-snippet:-1","max-image-preview":"max-image-preview:large","max-video-preview":"max-video-preview:-1"},"canonical":"https:\/\/notejido.com\/fr\/produits\/sacs-en-papier-luxe\/","og_locale":"fr_FR","og_type":"article","og_title":"Sacs en papier luxe - Disenos NT","og_description":"L\u2019emballage premium pour ce type de commerces qui prennent soin des d\u00e9tails au maximum. Il s\u2019agit de l\u2019option privil\u00e9gi\u00e9e des [&hellip;]","og_url":"https:\/\/notejido.com\/fr\/produits\/sacs-en-papier-luxe\/","og_site_name":"Disenos NT","article_modified_time":"2019-12-25T10:44:01+00:00","og_image":[{"width":1600,"height":1000,"url":"https:\/\/notejido.com\/wp-content\/uploads\/2019\/09\/p-03-1.jpg","type":"image\/jpeg"}],"twitter_card":"summary_large_image","schema":{"@context":"https:\/\/schema.org","@graph":[{"@type":"WebPage","@id":"https:\/\/notejido.com\/fr\/produits\/sacs-en-papier-luxe\/","url":"https:\/\/notejido.com\/fr\/produits\/sacs-en-papier-luxe\/","name":"Sacs en papier luxe - Disenos NT","isPartOf":{"@id":"https:\/\/notejido.com\/fr\/#website"},"primaryImageOfPage":{"@id":"https:\/\/notejido.com\/fr\/produits\/sacs-en-papier-luxe\/#primaryimage"},"image":{"@id":"https:\/\/notejido.com\/fr\/produits\/sacs-en-papier-luxe\/#primaryimage"},"thumbnailUrl":"https:\/\/notejido.com\/wp-content\/uploads\/2019\/09\/p-03-1.jpg","datePublished":"2019-09-25T16:08:55+00:00","dateModified":"2019-12-25T10:44:01+00:00","breadcrumb":{"@id":"https:\/\/notejido.com\/fr\/produits\/sacs-en-papier-luxe\/#breadcrumb"},"inLanguage":"fr-FR","potentialAction":[{"@type":"ReadAction","target":["https:\/\/notejido.com\/fr\/produits\/sacs-en-papier-luxe\/"]}]},{"@type":"ImageObject","inLanguage":"fr-FR","@id":"https:\/\/notejido.com\/fr\/produits\/sacs-en-papier-luxe\/#primaryimage","url":"https:\/\/notejido.com\/wp-content\/uploads\/2019\/09\/p-03-1.jpg","contentUrl":"https:\/\/notejido.com\/wp-content\/uploads\/2019\/09\/p-03-1.jpg","width":1600,"height":1000,"caption":"Luxury paper bags"},{"@type":"BreadcrumbList","@id":"https:\/\/notejido.com\/fr\/produits\/sacs-en-papier-luxe\/#breadcrumb","itemListElement":[{"@type":"ListItem","position":1,"name":"Portada","item":"https:\/\/notejido.com\/fr\/"},{"@type":"ListItem","position":2,"name":"Sacs en papier luxe"}]},{"@type":"WebSite","@id":"https:\/\/notejido.com\/fr\/#website","url":"https:\/\/notejido.com\/fr\/","name":"Disenos NT","description":"Bolsas reutilizables, art\u00edculos higi\u00e9nicos-sanitarios, manteles desechables  y otro packaging promocional en material flexible","potentialAction":[{"@type":"SearchAction","target":{"@type":"EntryPoint","urlTemplate":"https:\/\/notejido.com\/fr\/?s={search_term_string}"},"query-input":{"@type":"PropertyValueSpecification","valueRequired":true,"valueName":"search_term_string"}}],"inLanguage":"fr-FR"}]}},"_links":{"self":[{"href":"https:\/\/notejido.com\/fr\/wp-json\/wp\/v2\/product\/3402","targetHints":{"allow":["GET"]}}],"collection":[{"href":"https:\/\/notejido.com\/fr\/wp-json\/wp\/v2\/product"}],"about":[{"href":"https:\/\/notejido.com\/fr\/wp-json\/wp\/v2\/types\/product"}],"wp:featuredmedia":[{"embeddable":true,"href":"https:\/\/notejido.com\/fr\/wp-json\/wp\/v2\/media\/1671"}],"wp:attachment":[{"href":"https:\/\/notejido.com\/fr\/wp-json\/wp\/v2\/media?parent=3402"}],"curies":[{"name":"wp","href":"https:\/\/api.w.org\/{rel}","templated":true}]}}