{"id":8329,"date":"2024-11-04T09:16:44","date_gmt":"2024-11-04T09:16:44","guid":{"rendered":"https:\/\/notejido.com\/productos\/proteccion-corporal\/"},"modified":"2024-11-12T10:25:34","modified_gmt":"2024-11-12T10:25:34","slug":"protection-corporelle","status":"publish","type":"product","link":"https:\/\/notejido.com\/fr\/produits\/protection-corporelle\/","title":{"rendered":"Protection corporelle"},"content":{"rendered":"<div id=\"pl-gb8329-69d23aaad694a\"  class=\"panel-layout\" ><div id=\"pg-gb8329-69d23aaad694a-0\"  class=\"panel-grid panel-has-style\" ><div class=\"section-intro panel-row-style panel-row-style-for-gb8329-69d23aaad694a-0\" ><div id=\"pgc-gb8329-69d23aaad694a-0-0\"  class=\"panel-grid-cell\" ><div id=\"panel-gb8329-69d23aaad694a-0-0-0\" class=\"so-panel widget widget_sow-editor panel-first-child panel-last-child\" data-index=\"0\" ><div\n\t\t\t\n\t\t\tclass=\"so-widget-sow-editor so-widget-sow-editor-base\"\n\t\t\t\n\t\t>\n<div class=\"siteorigin-widget-tinymce textwidget\">\n\t<p style=\"text-align: center;\">La gamme de <strong data-rich-text-format-boundary=\"true\">protection corporelle<\/strong> est destin\u00e9e aux produits hygi\u00e9no-sanitaires qui prot\u00e8gent le personnel soignant et les patients contre d&rsquo;\u00e9ventuels agents infectieux. Tous ces produits se caract\u00e9risent par leur fabrication avec un tissu <strong>performant<\/strong>, <strong>extra doux<\/strong>, <strong>confortable<\/strong> et <strong>respirant<\/strong>. <\/p>\n<\/div>\n<\/div><\/div><\/div><\/div><\/div><\/div>\n<p><\/p>\n","protected":false},"featured_media":8025,"template":"","class_list":["post-8329","product","type-product","status-publish","has-post-thumbnail","hentry"],"acf":[],"yoast_head":"<!-- This site is optimized with the Yoast SEO plugin v27.2 - https:\/\/yoast.com\/product\/yoast-seo-wordpress\/ -->\n<title>Protection corporelle - Disenos NT<\/title>\n<meta name=\"robots\" content=\"index, follow, max-snippet:-1, max-image-preview:large, max-video-preview:-1\" \/>\n<link rel=\"canonical\" href=\"https:\/\/notejido.com\/fr\/produits\/protection-corporelle\/\" \/>\n<meta property=\"og:locale\" content=\"fr_FR\" \/>\n<meta property=\"og:type\" content=\"article\" \/>\n<meta property=\"og:title\" content=\"Protection corporelle - Disenos NT\" \/>\n<meta property=\"og:description\" content=\"La gamme de protection corporelle est destin\u00e9e aux produits hygi\u00e9no-sanitaires qui prot\u00e8gent le personnel soignant et les patients contre d&#039;\u00e9ventuels [&hellip;]\" \/>\n<meta property=\"og:url\" content=\"https:\/\/notejido.com\/fr\/produits\/protection-corporelle\/\" \/>\n<meta property=\"og:site_name\" content=\"Disenos NT\" \/>\n<meta property=\"article:modified_time\" content=\"2024-11-12T10:25:34+00:00\" \/>\n<meta property=\"og:image\" content=\"https:\/\/notejido.com\/wp-content\/uploads\/2024\/10\/PROTECCION-CORPORAL-SANITARIA-scaled.jpg\" \/>\n\t<meta property=\"og:image:width\" content=\"2560\" \/>\n\t<meta property=\"og:image:height\" content=\"1707\" \/>\n\t<meta property=\"og:image:type\" content=\"image\/jpeg\" \/>\n<meta name=\"twitter:card\" content=\"summary_large_image\" \/>\n<meta name=\"twitter:label1\" content=\"Dur\u00e9e de lecture estim\u00e9e\" \/>\n\t<meta name=\"twitter:data1\" content=\"1 minute\" \/>\n<script type=\"application\/ld+json\" class=\"yoast-schema-graph\">{\"@context\":\"https:\/\/schema.org\",\"@graph\":[{\"@type\":\"WebPage\",\"@id\":\"https:\/\/notejido.com\/fr\/produits\/protection-corporelle\/\",\"url\":\"https:\/\/notejido.com\/fr\/produits\/protection-corporelle\/\",\"name\":\"Protection corporelle - Disenos NT\",\"isPartOf\":{\"@id\":\"https:\/\/notejido.com\/fr\/#website\"},\"primaryImageOfPage\":{\"@id\":\"https:\/\/notejido.com\/fr\/produits\/protection-corporelle\/#primaryimage\"},\"image\":{\"@id\":\"https:\/\/notejido.com\/fr\/produits\/protection-corporelle\/#primaryimage\"},\"thumbnailUrl\":\"https:\/\/notejido.com\/wp-content\/uploads\/2024\/10\/PROTECCION-CORPORAL-SANITARIA-scaled.jpg\",\"datePublished\":\"2024-11-04T09:16:44+00:00\",\"dateModified\":\"2024-11-12T10:25:34+00:00\",\"breadcrumb\":{\"@id\":\"https:\/\/notejido.com\/fr\/produits\/protection-corporelle\/#breadcrumb\"},\"inLanguage\":\"fr-FR\",\"potentialAction\":[{\"@type\":\"ReadAction\",\"target\":[\"https:\/\/notejido.com\/fr\/produits\/protection-corporelle\/\"]}]},{\"@type\":\"ImageObject\",\"inLanguage\":\"fr-FR\",\"@id\":\"https:\/\/notejido.com\/fr\/produits\/protection-corporelle\/#primaryimage\",\"url\":\"https:\/\/notejido.com\/wp-content\/uploads\/2024\/10\/PROTECCION-CORPORAL-SANITARIA-scaled.jpg\",\"contentUrl\":\"https:\/\/notejido.com\/wp-content\/uploads\/2024\/10\/PROTECCION-CORPORAL-SANITARIA-scaled.jpg\",\"width\":2560,\"height\":1707,\"caption\":\"Close up of surgeon standing in operating room with crossing hands, ready to work on patient\"},{\"@type\":\"BreadcrumbList\",\"@id\":\"https:\/\/notejido.com\/fr\/produits\/protection-corporelle\/#breadcrumb\",\"itemListElement\":[{\"@type\":\"ListItem\",\"position\":1,\"name\":\"Portada\",\"item\":\"https:\/\/notejido.com\/fr\/\"},{\"@type\":\"ListItem\",\"position\":2,\"name\":\"Protection corporelle\"}]},{\"@type\":\"WebSite\",\"@id\":\"https:\/\/notejido.com\/fr\/#website\",\"url\":\"https:\/\/notejido.com\/fr\/\",\"name\":\"Disenos NT\",\"description\":\"Bolsas reutilizables, art\u00edculos higi\u00e9nicos-sanitarios, manteles desechables  y otro packaging promocional en material flexible\",\"potentialAction\":[{\"@type\":\"SearchAction\",\"target\":{\"@type\":\"EntryPoint\",\"urlTemplate\":\"https:\/\/notejido.com\/fr\/?s={search_term_string}\"},\"query-input\":{\"@type\":\"PropertyValueSpecification\",\"valueRequired\":true,\"valueName\":\"search_term_string\"}}],\"inLanguage\":\"fr-FR\"}]}<\/script>\n<!-- \/ Yoast SEO plugin. -->","yoast_head_json":{"title":"Protection corporelle - Disenos NT","robots":{"index":"index","follow":"follow","max-snippet":"max-snippet:-1","max-image-preview":"max-image-preview:large","max-video-preview":"max-video-preview:-1"},"canonical":"https:\/\/notejido.com\/fr\/produits\/protection-corporelle\/","og_locale":"fr_FR","og_type":"article","og_title":"Protection corporelle - Disenos NT","og_description":"La gamme de protection corporelle est destin\u00e9e aux produits hygi\u00e9no-sanitaires qui prot\u00e8gent le personnel soignant et les patients contre d'\u00e9ventuels [&hellip;]","og_url":"https:\/\/notejido.com\/fr\/produits\/protection-corporelle\/","og_site_name":"Disenos NT","article_modified_time":"2024-11-12T10:25:34+00:00","og_image":[{"width":2560,"height":1707,"url":"https:\/\/notejido.com\/wp-content\/uploads\/2024\/10\/PROTECCION-CORPORAL-SANITARIA-scaled.jpg","type":"image\/jpeg"}],"twitter_card":"summary_large_image","twitter_misc":{"Dur\u00e9e de lecture estim\u00e9e":"1 minute"},"schema":{"@context":"https:\/\/schema.org","@graph":[{"@type":"WebPage","@id":"https:\/\/notejido.com\/fr\/produits\/protection-corporelle\/","url":"https:\/\/notejido.com\/fr\/produits\/protection-corporelle\/","name":"Protection corporelle - Disenos NT","isPartOf":{"@id":"https:\/\/notejido.com\/fr\/#website"},"primaryImageOfPage":{"@id":"https:\/\/notejido.com\/fr\/produits\/protection-corporelle\/#primaryimage"},"image":{"@id":"https:\/\/notejido.com\/fr\/produits\/protection-corporelle\/#primaryimage"},"thumbnailUrl":"https:\/\/notejido.com\/wp-content\/uploads\/2024\/10\/PROTECCION-CORPORAL-SANITARIA-scaled.jpg","datePublished":"2024-11-04T09:16:44+00:00","dateModified":"2024-11-12T10:25:34+00:00","breadcrumb":{"@id":"https:\/\/notejido.com\/fr\/produits\/protection-corporelle\/#breadcrumb"},"inLanguage":"fr-FR","potentialAction":[{"@type":"ReadAction","target":["https:\/\/notejido.com\/fr\/produits\/protection-corporelle\/"]}]},{"@type":"ImageObject","inLanguage":"fr-FR","@id":"https:\/\/notejido.com\/fr\/produits\/protection-corporelle\/#primaryimage","url":"https:\/\/notejido.com\/wp-content\/uploads\/2024\/10\/PROTECCION-CORPORAL-SANITARIA-scaled.jpg","contentUrl":"https:\/\/notejido.com\/wp-content\/uploads\/2024\/10\/PROTECCION-CORPORAL-SANITARIA-scaled.jpg","width":2560,"height":1707,"caption":"Close up of surgeon standing in operating room with crossing hands, ready to work on patient"},{"@type":"BreadcrumbList","@id":"https:\/\/notejido.com\/fr\/produits\/protection-corporelle\/#breadcrumb","itemListElement":[{"@type":"ListItem","position":1,"name":"Portada","item":"https:\/\/notejido.com\/fr\/"},{"@type":"ListItem","position":2,"name":"Protection corporelle"}]},{"@type":"WebSite","@id":"https:\/\/notejido.com\/fr\/#website","url":"https:\/\/notejido.com\/fr\/","name":"Disenos NT","description":"Bolsas reutilizables, art\u00edculos higi\u00e9nicos-sanitarios, manteles desechables  y otro packaging promocional en material flexible","potentialAction":[{"@type":"SearchAction","target":{"@type":"EntryPoint","urlTemplate":"https:\/\/notejido.com\/fr\/?s={search_term_string}"},"query-input":{"@type":"PropertyValueSpecification","valueRequired":true,"valueName":"search_term_string"}}],"inLanguage":"fr-FR"}]}},"_links":{"self":[{"href":"https:\/\/notejido.com\/fr\/wp-json\/wp\/v2\/product\/8329","targetHints":{"allow":["GET"]}}],"collection":[{"href":"https:\/\/notejido.com\/fr\/wp-json\/wp\/v2\/product"}],"about":[{"href":"https:\/\/notejido.com\/fr\/wp-json\/wp\/v2\/types\/product"}],"wp:featuredmedia":[{"embeddable":true,"href":"https:\/\/notejido.com\/fr\/wp-json\/wp\/v2\/media\/8025"}],"wp:attachment":[{"href":"https:\/\/notejido.com\/fr\/wp-json\/wp\/v2\/media?parent=8329"}],"curies":[{"name":"wp","href":"https:\/\/api.w.org\/{rel}","templated":true}]}}