{"id":8334,"date":"2024-11-04T12:00:36","date_gmt":"2024-11-04T12:00:36","guid":{"rendered":"https:\/\/notejido.com\/productos\/fundas-protectoras\/"},"modified":"2024-11-12T11:24:59","modified_gmt":"2024-11-12T11:24:59","slug":"housses-de-protection","status":"publish","type":"product","link":"https:\/\/notejido.com\/fr\/produits\/housses-de-protection\/","title":{"rendered":"Housses de protection"},"content":{"rendered":"<div id=\"pl-gb8334-69d0dbf425d88\"  class=\"panel-layout\" ><div id=\"pg-gb8334-69d0dbf425d88-0\"  class=\"panel-grid panel-has-style\" ><div class=\"section-intro panel-row-style panel-row-style-for-gb8334-69d0dbf425d88-0\" ><div id=\"pgc-gb8334-69d0dbf425d88-0-0\"  class=\"panel-grid-cell\" ><div id=\"panel-gb8334-69d0dbf425d88-0-0-0\" class=\"so-panel widget widget_sow-editor panel-first-child panel-last-child\" data-index=\"0\" ><div\n\t\t\t\n\t\t\tclass=\"so-widget-sow-editor so-widget-sow-editor-base\"\n\t\t\t\n\t\t>\n<div class=\"siteorigin-widget-tinymce textwidget\">\n\t<p style=\"text-align: center;\">Les <strong>housses de protection<\/strong> sont utilis\u00e9es dans les h\u00f4pitaux pour les situations o\u00f9 le roulement des patients est \u00e9lev\u00e9, prot\u00e9geant ainsi contre les agents infectieux. Ils se distinguent principalement par <strong>leur<\/strong> <strong>imperm\u00e9abilit\u00e9<\/strong>, <strong>leur r\u00e9sistance<\/strong> et <strong>leur extr\u00eame douceur<\/strong> pour un plus grand confort du patient.<\/p>\n<\/div>\n<\/div><\/div><\/div><\/div><\/div><\/div>\n\n\n<p><\/p>\n","protected":false},"featured_media":8031,"template":"","class_list":["post-8334","product","type-product","status-publish","has-post-thumbnail","hentry"],"acf":[],"yoast_head":"<!-- This site is optimized with the Yoast SEO plugin v27.2 - https:\/\/yoast.com\/product\/yoast-seo-wordpress\/ -->\n<title>Housses de protection - Disenos NT<\/title>\n<meta name=\"robots\" content=\"index, follow, max-snippet:-1, max-image-preview:large, max-video-preview:-1\" \/>\n<link rel=\"canonical\" href=\"https:\/\/notejido.com\/fr\/produits\/housses-de-protection\/\" \/>\n<meta property=\"og:locale\" content=\"fr_FR\" \/>\n<meta property=\"og:type\" content=\"article\" \/>\n<meta property=\"og:title\" content=\"Housses de protection - Disenos NT\" \/>\n<meta property=\"og:description\" content=\"Les housses de protection sont utilis\u00e9es dans les h\u00f4pitaux pour les situations o\u00f9 le roulement des patients est \u00e9lev\u00e9, prot\u00e9geant [&hellip;]\" \/>\n<meta property=\"og:url\" content=\"https:\/\/notejido.com\/fr\/produits\/housses-de-protection\/\" \/>\n<meta property=\"og:site_name\" content=\"Disenos NT\" \/>\n<meta property=\"article:modified_time\" content=\"2024-11-12T11:24:59+00:00\" \/>\n<meta property=\"og:image\" content=\"https:\/\/notejido.com\/wp-content\/uploads\/2024\/10\/FUNDAS-PROTECTORAS-DE-HOSPITAL-scaled.jpg\" \/>\n\t<meta property=\"og:image:width\" content=\"2560\" \/>\n\t<meta property=\"og:image:height\" content=\"1440\" \/>\n\t<meta property=\"og:image:type\" content=\"image\/jpeg\" \/>\n<meta name=\"twitter:card\" content=\"summary_large_image\" \/>\n<meta name=\"twitter:label1\" content=\"Dur\u00e9e de lecture estim\u00e9e\" \/>\n\t<meta name=\"twitter:data1\" content=\"1 minute\" \/>\n<script type=\"application\/ld+json\" class=\"yoast-schema-graph\">{\"@context\":\"https:\/\/schema.org\",\"@graph\":[{\"@type\":\"WebPage\",\"@id\":\"https:\/\/notejido.com\/fr\/produits\/housses-de-protection\/\",\"url\":\"https:\/\/notejido.com\/fr\/produits\/housses-de-protection\/\",\"name\":\"Housses de protection - Disenos NT\",\"isPartOf\":{\"@id\":\"https:\/\/notejido.com\/fr\/#website\"},\"primaryImageOfPage\":{\"@id\":\"https:\/\/notejido.com\/fr\/produits\/housses-de-protection\/#primaryimage\"},\"image\":{\"@id\":\"https:\/\/notejido.com\/fr\/produits\/housses-de-protection\/#primaryimage\"},\"thumbnailUrl\":\"https:\/\/notejido.com\/wp-content\/uploads\/2024\/10\/FUNDAS-PROTECTORAS-DE-HOSPITAL-scaled.jpg\",\"datePublished\":\"2024-11-04T12:00:36+00:00\",\"dateModified\":\"2024-11-12T11:24:59+00:00\",\"breadcrumb\":{\"@id\":\"https:\/\/notejido.com\/fr\/produits\/housses-de-protection\/#breadcrumb\"},\"inLanguage\":\"fr-FR\",\"potentialAction\":[{\"@type\":\"ReadAction\",\"target\":[\"https:\/\/notejido.com\/fr\/produits\/housses-de-protection\/\"]}]},{\"@type\":\"ImageObject\",\"inLanguage\":\"fr-FR\",\"@id\":\"https:\/\/notejido.com\/fr\/produits\/housses-de-protection\/#primaryimage\",\"url\":\"https:\/\/notejido.com\/wp-content\/uploads\/2024\/10\/FUNDAS-PROTECTORAS-DE-HOSPITAL-scaled.jpg\",\"contentUrl\":\"https:\/\/notejido.com\/wp-content\/uploads\/2024\/10\/FUNDAS-PROTECTORAS-DE-HOSPITAL-scaled.jpg\",\"width\":2560,\"height\":1440,\"caption\":\"Expert young nurse working at the hospital, she is making the bed and changing sheets, healthcare service and assistance concept\"},{\"@type\":\"BreadcrumbList\",\"@id\":\"https:\/\/notejido.com\/fr\/produits\/housses-de-protection\/#breadcrumb\",\"itemListElement\":[{\"@type\":\"ListItem\",\"position\":1,\"name\":\"Portada\",\"item\":\"https:\/\/notejido.com\/fr\/\"},{\"@type\":\"ListItem\",\"position\":2,\"name\":\"Housses de protection\"}]},{\"@type\":\"WebSite\",\"@id\":\"https:\/\/notejido.com\/fr\/#website\",\"url\":\"https:\/\/notejido.com\/fr\/\",\"name\":\"Disenos NT\",\"description\":\"Bolsas reutilizables, art\u00edculos higi\u00e9nicos-sanitarios, manteles desechables  y otro packaging promocional en material flexible\",\"potentialAction\":[{\"@type\":\"SearchAction\",\"target\":{\"@type\":\"EntryPoint\",\"urlTemplate\":\"https:\/\/notejido.com\/fr\/?s={search_term_string}\"},\"query-input\":{\"@type\":\"PropertyValueSpecification\",\"valueRequired\":true,\"valueName\":\"search_term_string\"}}],\"inLanguage\":\"fr-FR\"}]}<\/script>\n<!-- \/ Yoast SEO plugin. -->","yoast_head_json":{"title":"Housses de protection - Disenos NT","robots":{"index":"index","follow":"follow","max-snippet":"max-snippet:-1","max-image-preview":"max-image-preview:large","max-video-preview":"max-video-preview:-1"},"canonical":"https:\/\/notejido.com\/fr\/produits\/housses-de-protection\/","og_locale":"fr_FR","og_type":"article","og_title":"Housses de protection - Disenos NT","og_description":"Les housses de protection sont utilis\u00e9es dans les h\u00f4pitaux pour les situations o\u00f9 le roulement des patients est \u00e9lev\u00e9, prot\u00e9geant [&hellip;]","og_url":"https:\/\/notejido.com\/fr\/produits\/housses-de-protection\/","og_site_name":"Disenos NT","article_modified_time":"2024-11-12T11:24:59+00:00","og_image":[{"width":2560,"height":1440,"url":"https:\/\/notejido.com\/wp-content\/uploads\/2024\/10\/FUNDAS-PROTECTORAS-DE-HOSPITAL-scaled.jpg","type":"image\/jpeg"}],"twitter_card":"summary_large_image","twitter_misc":{"Dur\u00e9e de lecture estim\u00e9e":"1 minute"},"schema":{"@context":"https:\/\/schema.org","@graph":[{"@type":"WebPage","@id":"https:\/\/notejido.com\/fr\/produits\/housses-de-protection\/","url":"https:\/\/notejido.com\/fr\/produits\/housses-de-protection\/","name":"Housses de protection - Disenos NT","isPartOf":{"@id":"https:\/\/notejido.com\/fr\/#website"},"primaryImageOfPage":{"@id":"https:\/\/notejido.com\/fr\/produits\/housses-de-protection\/#primaryimage"},"image":{"@id":"https:\/\/notejido.com\/fr\/produits\/housses-de-protection\/#primaryimage"},"thumbnailUrl":"https:\/\/notejido.com\/wp-content\/uploads\/2024\/10\/FUNDAS-PROTECTORAS-DE-HOSPITAL-scaled.jpg","datePublished":"2024-11-04T12:00:36+00:00","dateModified":"2024-11-12T11:24:59+00:00","breadcrumb":{"@id":"https:\/\/notejido.com\/fr\/produits\/housses-de-protection\/#breadcrumb"},"inLanguage":"fr-FR","potentialAction":[{"@type":"ReadAction","target":["https:\/\/notejido.com\/fr\/produits\/housses-de-protection\/"]}]},{"@type":"ImageObject","inLanguage":"fr-FR","@id":"https:\/\/notejido.com\/fr\/produits\/housses-de-protection\/#primaryimage","url":"https:\/\/notejido.com\/wp-content\/uploads\/2024\/10\/FUNDAS-PROTECTORAS-DE-HOSPITAL-scaled.jpg","contentUrl":"https:\/\/notejido.com\/wp-content\/uploads\/2024\/10\/FUNDAS-PROTECTORAS-DE-HOSPITAL-scaled.jpg","width":2560,"height":1440,"caption":"Expert young nurse working at the hospital, she is making the bed and changing sheets, healthcare service and assistance concept"},{"@type":"BreadcrumbList","@id":"https:\/\/notejido.com\/fr\/produits\/housses-de-protection\/#breadcrumb","itemListElement":[{"@type":"ListItem","position":1,"name":"Portada","item":"https:\/\/notejido.com\/fr\/"},{"@type":"ListItem","position":2,"name":"Housses de protection"}]},{"@type":"WebSite","@id":"https:\/\/notejido.com\/fr\/#website","url":"https:\/\/notejido.com\/fr\/","name":"Disenos NT","description":"Bolsas reutilizables, art\u00edculos higi\u00e9nicos-sanitarios, manteles desechables  y otro packaging promocional en material flexible","potentialAction":[{"@type":"SearchAction","target":{"@type":"EntryPoint","urlTemplate":"https:\/\/notejido.com\/fr\/?s={search_term_string}"},"query-input":{"@type":"PropertyValueSpecification","valueRequired":true,"valueName":"search_term_string"}}],"inLanguage":"fr-FR"}]}},"_links":{"self":[{"href":"https:\/\/notejido.com\/fr\/wp-json\/wp\/v2\/product\/8334","targetHints":{"allow":["GET"]}}],"collection":[{"href":"https:\/\/notejido.com\/fr\/wp-json\/wp\/v2\/product"}],"about":[{"href":"https:\/\/notejido.com\/fr\/wp-json\/wp\/v2\/types\/product"}],"wp:featuredmedia":[{"embeddable":true,"href":"https:\/\/notejido.com\/fr\/wp-json\/wp\/v2\/media\/8031"}],"wp:attachment":[{"href":"https:\/\/notejido.com\/fr\/wp-json\/wp\/v2\/media?parent=8334"}],"curies":[{"name":"wp","href":"https:\/\/api.w.org\/{rel}","templated":true}]}}