{"id":3717,"date":"2019-10-27T10:07:38","date_gmt":"2019-10-27T10:07:38","guid":{"rendered":"https:\/\/notejido.com\/sostenibilidad-y-rsc\/"},"modified":"2024-07-12T06:32:54","modified_gmt":"2024-07-12T06:32:54","slug":"sostenibilidad-y-rsc","status":"publish","type":"page","link":"https:\/\/notejido.com\/it\/sostenibilidad-y-rsc\/","title":{"rendered":"Sostenibilit\u00e1 e CSR"},"content":{"rendered":"<div id=\"pl-gb3717-69d2985daf5ad\"  class=\"panel-layout wp-block-siteorigin-panels-layout-block\" ><div id=\"pg-gb3717-69d2985daf5ad-0\"  class=\"panel-grid panel-has-style\" ><div class=\"section-narrow panel-row-style panel-row-style-for-gb3717-69d2985daf5ad-0\" ><div id=\"pgc-gb3717-69d2985daf5ad-0-0\"  class=\"panel-grid-cell\" ><div id=\"panel-gb3717-69d2985daf5ad-0-0-0\" class=\"so-panel widget widget_sow-editor panel-first-child panel-last-child\" data-index=\"0\" ><div\n\t\t\t\n\t\t\tclass=\"so-widget-sow-editor so-widget-sow-editor-base\"\n\t\t\t\n\t\t>\n<div class=\"siteorigin-widget-tinymce textwidget\">\n\t<p style=\"text-align: center;\">In segno di riconoscimento e impegno per la responsabilit\u00e0 sociale delle imprese, abbiamo ottenuto il livello Silver Recognition basato sugli standard internazionali di sostenibilit\u00e0 di Ecovadis, il fornitore di rating di sostenibilit\u00e0 aziendale pi\u00f9 riconosciuto al mondo.<\/p>\n<\/div>\n<\/div><\/div><\/div><\/div><\/div><div id=\"pg-gb3717-69d2985daf5ad-1\"  class=\"panel-grid panel-has-style\" ><div class=\"section-icons panel-row-style panel-row-style-for-gb3717-69d2985daf5ad-1\" ><div id=\"pgc-gb3717-69d2985daf5ad-1-0\"  class=\"panel-grid-cell\" ><div id=\"panel-gb3717-69d2985daf5ad-1-0-0\" class=\"so-panel widget widget_sow-image panel-first-child\" data-index=\"1\" ><div\n\t\t\t\n\t\t\tclass=\"so-widget-sow-image so-widget-sow-image-default-c67d20f9f743-3717\"\n\t\t\t\n\t\t>\n<div class=\"sow-image-container\">\n\t\t<img \n\tsrc=\"https:\/\/notejido.com\/wp-content\/uploads\/2019\/10\/ico-ma.png\" width=\"209\" height=\"209\" sizes=\"(max-width: 209px) 100vw, 209px\" alt=\"\" \t\tclass=\"so-widget-image\"\/>\n\t<\/div>\n\n<\/div><\/div><div id=\"panel-gb3717-69d2985daf5ad-1-0-1\" class=\"so-panel widget widget_sow-editor panel-last-child\" data-index=\"2\" ><div\n\t\t\t\n\t\t\tclass=\"so-widget-sow-editor so-widget-sow-editor-base\"\n\t\t\t\n\t\t>\n<div class=\"siteorigin-widget-tinymce textwidget\">\n\t<h3 style=\"text-align: center;\">Ambiente<\/h3>\n<\/div>\n<\/div><\/div><\/div><div id=\"pgc-gb3717-69d2985daf5ad-1-1\"  class=\"panel-grid-cell\" ><div id=\"panel-gb3717-69d2985daf5ad-1-1-0\" class=\"so-panel widget widget_sow-image panel-first-child\" data-index=\"3\" ><div\n\t\t\t\n\t\t\tclass=\"so-widget-sow-image so-widget-sow-image-default-c67d20f9f743-3717\"\n\t\t\t\n\t\t>\n<div class=\"sow-image-container\">\n\t\t<img \n\tsrc=\"https:\/\/notejido.com\/wp-content\/uploads\/2019\/10\/ico-dh.png\" width=\"209\" height=\"209\" sizes=\"(max-width: 209px) 100vw, 209px\" alt=\"\" \t\tclass=\"so-widget-image\"\/>\n\t<\/div>\n\n<\/div><\/div><div id=\"panel-gb3717-69d2985daf5ad-1-1-1\" class=\"so-panel widget widget_sow-editor panel-last-child\" data-index=\"4\" ><div\n\t\t\t\n\t\t\tclass=\"so-widget-sow-editor so-widget-sow-editor-base\"\n\t\t\t\n\t\t>\n<div class=\"siteorigin-widget-tinymce textwidget\">\n\t<h3 style=\"text-align: center;\">Pratiche lavorative e Diritti Umani<\/h3>\n<\/div>\n<\/div><\/div><\/div><div id=\"pgc-gb3717-69d2985daf5ad-1-2\"  class=\"panel-grid-cell\" ><div id=\"panel-gb3717-69d2985daf5ad-1-2-0\" class=\"so-panel widget widget_sow-image panel-first-child\" data-index=\"5\" ><div\n\t\t\t\n\t\t\tclass=\"so-widget-sow-image so-widget-sow-image-default-c67d20f9f743-3717\"\n\t\t\t\n\t\t>\n<div class=\"sow-image-container\">\n\t\t<img \n\tsrc=\"https:\/\/notejido.com\/wp-content\/uploads\/2019\/10\/ico-bpe.png\" width=\"209\" height=\"209\" sizes=\"(max-width: 209px) 100vw, 209px\" alt=\"\" \t\tclass=\"so-widget-image\"\/>\n\t<\/div>\n\n<\/div><\/div><div id=\"panel-gb3717-69d2985daf5ad-1-2-1\" class=\"so-panel widget widget_sow-editor panel-last-child\" data-index=\"6\" ><div\n\t\t\t\n\t\t\tclass=\"so-widget-sow-editor so-widget-sow-editor-base\"\n\t\t\t\n\t\t>\n<div class=\"siteorigin-widget-tinymce textwidget\">\n\t<h3 style=\"text-align: center;\">Buone pratiche aziendali<\/h3>\n<\/div>\n<\/div><\/div><\/div><div id=\"pgc-gb3717-69d2985daf5ad-1-3\"  class=\"panel-grid-cell\" ><div id=\"panel-gb3717-69d2985daf5ad-1-3-0\" class=\"so-panel widget widget_sow-image panel-first-child\" data-index=\"7\" ><div\n\t\t\t\n\t\t\tclass=\"so-widget-sow-image so-widget-sow-image-default-c67d20f9f743-3717\"\n\t\t\t\n\t\t>\n<div class=\"sow-image-container\">\n\t\t<img \n\tsrc=\"https:\/\/notejido.com\/wp-content\/uploads\/2019\/10\/ico-as.png\" width=\"209\" height=\"209\" sizes=\"(max-width: 209px) 100vw, 209px\" alt=\"\" \t\tclass=\"so-widget-image\"\/>\n\t<\/div>\n\n<\/div><\/div><div id=\"panel-gb3717-69d2985daf5ad-1-3-1\" class=\"so-panel widget widget_sow-editor panel-last-child\" data-index=\"8\" ><div\n\t\t\t\n\t\t\tclass=\"so-widget-sow-editor so-widget-sow-editor-base\"\n\t\t\t\n\t\t>\n<div class=\"siteorigin-widget-tinymce textwidget\">\n\t<h3 style=\"text-align: center;\">Approvvigionamento sostenibile<\/h3>\n<\/div>\n<\/div><\/div><\/div><\/div><\/div><div id=\"pg-gb3717-69d2985daf5ad-2\"  class=\"panel-grid panel-has-style\" ><div class=\"section-narrow panel-row-style panel-row-style-for-gb3717-69d2985daf5ad-2\" ><div id=\"pgc-gb3717-69d2985daf5ad-2-0\"  class=\"panel-grid-cell\" ><div id=\"panel-gb3717-69d2985daf5ad-2-0-0\" class=\"so-panel widget widget_sow-editor panel-first-child panel-last-child\" data-index=\"9\" ><div\n\t\t\t\n\t\t\tclass=\"so-widget-sow-editor so-widget-sow-editor-base\"\n\t\t\t\n\t\t>\n<div class=\"siteorigin-widget-tinymce textwidget\">\n\t<p style=\"text-align: center;\">Il concetto di sostenibilit\u00e0 \u00e8 intrinseco a tutti i processi della catena del valore, evidenziando l\u2019impatto positivo della nostra attivit\u00e0 aziendale sui nostri clienti, dipendenti, partner e sulle comunit\u00e0 in cui operiamo.<\/p>\n<\/div>\n<\/div><\/div><\/div><\/div><\/div><div id=\"pg-gb3717-69d2985daf5ad-3\"  class=\"panel-grid panel-has-style\" ><div class=\"section-gray siteorigin-panels-stretch panel-row-style panel-row-style-for-gb3717-69d2985daf5ad-3\" data-stretch-type=\"full\" ><div id=\"pgc-gb3717-69d2985daf5ad-3-0\"  class=\"panel-grid-cell\" ><div class=\"panel-cell-style panel-cell-style-for-gb3717-69d2985daf5ad-3-0\" ><div id=\"panel-gb3717-69d2985daf5ad-3-0-0\" class=\"so-panel widget widget_sow-editor panel-first-child\" data-index=\"10\" ><div\n\t\t\t\n\t\t\tclass=\"so-widget-sow-editor so-widget-sow-editor-base\"\n\t\t\t\n\t\t>\n<div class=\"siteorigin-widget-tinymce textwidget\">\n\t<p class=\"pre-title\" style=\"text-align: center;\">Impegno con l\u2019ambiente<\/p>\n<h2 style=\"text-align: center;\">La gestione ambientale<\/h2>\n<\/div>\n<\/div><\/div><div id=\"panel-gb3717-69d2985daf5ad-3-0-1\" class=\"so-panel widget widget_sow-editor panel-last-child\" data-index=\"11\" ><div class=\"panel-widget-style panel-widget-style-for-gb3717-69d2985daf5ad-3-0-1\" ><div\n\t\t\t\n\t\t\tclass=\"so-widget-sow-editor so-widget-sow-editor-base\"\n\t\t\t\n\t\t>\n<div class=\"siteorigin-widget-tinymce textwidget\">\n\t<p>Noi di Dise\u00f1os NT offriamo soluzioni di packaging e imballaggio flessibile sempre pi\u00f9 sostenibili e rispettose dell&#8217;ambiente. Offriamo prodotti riciclabili al 100%, riducendo cos\u00ec il nostro impatto.<\/p>\n<p>Il nostro obiettivo \u00e8 calcolare, ridurre e compensare le nostre emissioni in modo che i nostri processi siano pi\u00f9 ottimizzati e sostenibili.<\/p>\n<p>Dato il nostro impegno e la consapevolezza ambientale, calcoliamo le emissioni della nostra attivit\u00e0 principale attraverso l&#8217;analisi del ciclo di vita e il calcolo dell&#8217;impronta di carbonio del prodotto.<\/p>\n<p>La nostra produzione in Spagna ci consente di ridurre le emissioni di CO2 e minimizzare l\u2019impatto ambientale rispetto alle importazioni asiatiche.<\/p>\n<p>Il nostro obiettivo \u00e8 continuare a essere un leader sociale e ambientale, generando posti di lavoro, fornendo benessere e creando valore per tutti i nostri dipendenti e gruppi di interesse. Innovazione, miglioramento della qualit\u00e0 e sostenibilit\u00e0 segnano le nostre aree di crescita.<\/p>\n<\/div>\n<\/div><\/div><\/div><\/div><\/div><\/div><\/div><div id=\"pg-gb3717-69d2985daf5ad-4\"  class=\"panel-grid panel-has-style\" ><div class=\"siteorigin-panels-stretch panel-row-style panel-row-style-for-gb3717-69d2985daf5ad-4\" data-stretch-type=\"full-width-stretch\" ><div id=\"pgc-gb3717-69d2985daf5ad-4-0\"  class=\"panel-grid-cell panel-grid-cell-mobile-last\" ><div id=\"panel-gb3717-69d2985daf5ad-4-0-0\" class=\"so-panel widget widget_sow-editor panel-first-child panel-last-child\" data-index=\"12\" ><div class=\"block-txt-info panel-widget-style panel-widget-style-for-gb3717-69d2985daf5ad-4-0-0\" ><div\n\t\t\t\n\t\t\tclass=\"so-widget-sow-editor so-widget-sow-editor-base\"\n\t\t\t\n\t\t>\n<div class=\"siteorigin-widget-tinymce textwidget\">\n\t<p class=\"pre-title\">Compromesso sociale<\/p>\n<h2>Cause sociali<\/h2>\n<p>Le azioni di responsabilit\u00e0 sociale fanno parte della nostra cultura e dei nostri valori. Promuoviamo azioni sociali e siamo immersi in progetti di collocamento in collaborazione con Repsol per realizzare un progetto di integrazione sociale.<\/p>\n<p>Un progetto consolidato che consiste nell&#8217;offrire formazione e lavoro a madri sole con figli a carico, di diverse nazionalit\u00e0, senza sostegno familiare e vittime di violenza in tutte le sue forme.<\/p>\n<\/div>\n<\/div><\/div><\/div><\/div><div id=\"pgc-gb3717-69d2985daf5ad-4-1\"  class=\"panel-grid-cell panel-grid-cell-empty\" ><div class=\"panel-cell-style panel-cell-style-for-gb3717-69d2985daf5ad-4-1\" ><\/div><\/div><\/div><\/div><div id=\"pg-gb3717-69d2985daf5ad-5\"  class=\"panel-grid panel-has-style\" ><div class=\"section-gray siteorigin-panels-stretch panel-row-style panel-row-style-for-gb3717-69d2985daf5ad-5\" data-stretch-type=\"full\" ><div id=\"pgc-gb3717-69d2985daf5ad-5-0\"  class=\"panel-grid-cell\" ><div class=\"panel-cell-style panel-cell-style-for-gb3717-69d2985daf5ad-5-0\" ><div id=\"panel-gb3717-69d2985daf5ad-5-0-0\" class=\"so-panel widget widget_sow-editor panel-first-child panel-last-child\" data-index=\"13\" ><div\n\t\t\t\n\t\t\tclass=\"so-widget-sow-editor so-widget-sow-editor-base\"\n\t\t\t\n\t\t>\n<div class=\"siteorigin-widget-tinymce textwidget\">\n\t<p class=\"pre-title\">Impegno nel lavoro<\/p>\n<h2>Buone pratiche imprenditoriali<\/h2>\n<p>Gestiamo cinque stabilimenti produttivi che offrono opportunit\u00e0 in un ambiente di lavoro cooperativo, innovativo ed equo. Il nostro obiettivo \u00e8 promuovere un luogo di lavoro sano e sicuro, promuovendo al contempo l\u2019inclusione di lavoratori di ogni provenienza.<\/p>\n<p>In Dise\u00f1os NT pretendiamo i pi\u00f9 alti standard etici da tutti i nostri professionisti. A supporto di ci\u00f2, abbiamo creato un <a href=\"https:\/\/notejido.com\/mk\/codigo-conducta-y-etica-en.pdf\">Codice di condotta ed etica<\/a> come riferimento per guidare i professionisti nel prendere le giuste decisioni in ogni circostanza. Inoltre, abbiamo stabilito un <a href=\"https:\/\/mknotejido@www.notejido.com\/mk\/03%20Pol%C3%ADtica%20de%20compras%20responsables%20_ESP_Rev%202%20012024.pdf?_gl=1*1k9rnqh*_ga*MjA4MTI2MzUzNy4xNzIwNzYzMjU4*_ga_5VZYDRBE6T*MTcyMDc2MzI1Ny4xLjEuMTcyMDc2NDcwOS4wLjAuMA..\">Codice di approvvigionamento responsabile<\/a> per regolare le interazioni tra il cliente e l&#8217;azienda.<\/p>\n<\/div>\n<\/div><\/div><\/div><\/div><div id=\"pgc-gb3717-69d2985daf5ad-5-1\"  class=\"panel-grid-cell\" ><div class=\"panel-cell-style panel-cell-style-for-gb3717-69d2985daf5ad-5-1\" ><div id=\"panel-gb3717-69d2985daf5ad-5-1-0\" class=\"so-panel widget widget_sow-editor panel-first-child panel-last-child\" data-index=\"14\" ><div\n\t\t\t\n\t\t\tclass=\"so-widget-sow-editor so-widget-sow-editor-base\"\n\t\t\t\n\t\t>\n<div class=\"siteorigin-widget-tinymce textwidget\">\n\t<p class=\"pre-title\">Impegno per la sostenibilit\u00e1 con i fornitori<\/p>\n<h2>Approvvigionamento sostenibile<\/h2>\n<p>Il nostro impegno si basa sullo sviluppo di una filiera produttiva efficiente e sostenibile fin dalle sue origini. La produzione integrata \u00e8 intrinseca al concetto di economia circolare.<\/p>\n<p>Questo modello di circolarit\u00e0 coinvolge la realizzazione del prodotto, il suo utilizzo e riutilizzo.<\/p>\n<p>Inoltre disponiamo della Certificazione di Catena di Custodia di Gestione Forestale PEFC, che verifica la tracciabilit\u00e0 dei prodotti realizzati con legno e suoi derivati. In questo modo possiamo garantire che la carta con cui sono realizzate le nostre borse proviene da foreste gestite in modo sostenibile.<\/p>\n<\/div>\n<\/div><\/div><\/div><\/div><\/div><\/div><\/div>\n\n\n<p><\/p>\n","protected":false},"excerpt":{"rendered":"<p>In segno di riconoscimento e impegno per la responsabilit\u00e0 sociale delle imprese, abbiamo ottenuto il livello Silver Recognition basato sugli [&hellip;]<\/p>\n","protected":false},"author":2,"featured_media":7505,"parent":0,"menu_order":80,"comment_status":"closed","ping_status":"closed","template":"","meta":{"_acf_changed":false,"footnotes":""},"class_list":["post-3717","page","type-page","status-publish","has-post-thumbnail","hentry"],"acf":[],"yoast_head":"<!-- This site is optimized with the Yoast SEO plugin v27.2 - https:\/\/yoast.com\/product\/yoast-seo-wordpress\/ -->\n<title>Sostenibilit\u00e1 e CSR - Disenos NT<\/title>\n<meta name=\"robots\" content=\"index, follow, max-snippet:-1, max-image-preview:large, max-video-preview:-1\" \/>\n<link rel=\"canonical\" href=\"https:\/\/notejido.com\/it\/sostenibilidad-y-rsc\/\" \/>\n<meta property=\"og:locale\" content=\"it_IT\" \/>\n<meta property=\"og:type\" content=\"article\" \/>\n<meta property=\"og:title\" content=\"Sostenibilit\u00e1 e CSR - Disenos NT\" \/>\n<meta property=\"og:description\" content=\"In segno di riconoscimento e impegno per la responsabilit\u00e0 sociale delle imprese, abbiamo ottenuto il livello Silver Recognition basato sugli [&hellip;]\" \/>\n<meta property=\"og:url\" content=\"https:\/\/notejido.com\/it\/sostenibilidad-y-rsc\/\" \/>\n<meta property=\"og:site_name\" content=\"Disenos NT\" \/>\n<meta property=\"article:modified_time\" content=\"2024-07-12T06:32:54+00:00\" \/>\n<meta property=\"og:image\" content=\"https:\/\/notejido.com\/wp-content\/uploads\/2024\/07\/SOSTENIBILIDAD-Y-RSC.jpg\" \/>\n\t<meta property=\"og:image:width\" content=\"794\" \/>\n\t<meta property=\"og:image:height\" content=\"404\" \/>\n\t<meta property=\"og:image:type\" content=\"image\/jpeg\" \/>\n<meta name=\"twitter:card\" content=\"summary_large_image\" \/>\n<meta name=\"twitter:label1\" content=\"Tempo di lettura stimato\" \/>\n\t<meta name=\"twitter:data1\" content=\"4 minuti\" \/>\n<script type=\"application\/ld+json\" class=\"yoast-schema-graph\">{\"@context\":\"https:\/\/schema.org\",\"@graph\":[{\"@type\":\"WebPage\",\"@id\":\"https:\/\/notejido.com\/it\/sostenibilidad-y-rsc\/\",\"url\":\"https:\/\/notejido.com\/it\/sostenibilidad-y-rsc\/\",\"name\":\"Sostenibilit\u00e1 e CSR - Disenos NT\",\"isPartOf\":{\"@id\":\"https:\/\/notejido.com\/it\/#website\"},\"primaryImageOfPage\":{\"@id\":\"https:\/\/notejido.com\/it\/sostenibilidad-y-rsc\/#primaryimage\"},\"image\":{\"@id\":\"https:\/\/notejido.com\/it\/sostenibilidad-y-rsc\/#primaryimage\"},\"thumbnailUrl\":\"https:\/\/notejido.com\/wp-content\/uploads\/2024\/07\/SOSTENIBILIDAD-Y-RSC.jpg\",\"datePublished\":\"2019-10-27T10:07:38+00:00\",\"dateModified\":\"2024-07-12T06:32:54+00:00\",\"breadcrumb\":{\"@id\":\"https:\/\/notejido.com\/it\/sostenibilidad-y-rsc\/#breadcrumb\"},\"inLanguage\":\"it-IT\",\"potentialAction\":[{\"@type\":\"ReadAction\",\"target\":[\"https:\/\/notejido.com\/it\/sostenibilidad-y-rsc\/\"]}]},{\"@type\":\"ImageObject\",\"inLanguage\":\"it-IT\",\"@id\":\"https:\/\/notejido.com\/it\/sostenibilidad-y-rsc\/#primaryimage\",\"url\":\"https:\/\/notejido.com\/wp-content\/uploads\/2024\/07\/SOSTENIBILIDAD-Y-RSC.jpg\",\"contentUrl\":\"https:\/\/notejido.com\/wp-content\/uploads\/2024\/07\/SOSTENIBILIDAD-Y-RSC.jpg\",\"width\":794,\"height\":404,\"caption\":\"Sostenibilidad y RSC\"},{\"@type\":\"BreadcrumbList\",\"@id\":\"https:\/\/notejido.com\/it\/sostenibilidad-y-rsc\/#breadcrumb\",\"itemListElement\":[{\"@type\":\"ListItem\",\"position\":1,\"name\":\"Portada\",\"item\":\"https:\/\/notejido.com\/it\/\"},{\"@type\":\"ListItem\",\"position\":2,\"name\":\"Sostenibilit\u00e1 e CSR\"}]},{\"@type\":\"WebSite\",\"@id\":\"https:\/\/notejido.com\/it\/#website\",\"url\":\"https:\/\/notejido.com\/it\/\",\"name\":\"Disenos NT\",\"description\":\"Bolsas reutilizables, art\u00edculos higi\u00e9nicos-sanitarios, manteles desechables  y otro packaging promocional en material flexible\",\"potentialAction\":[{\"@type\":\"SearchAction\",\"target\":{\"@type\":\"EntryPoint\",\"urlTemplate\":\"https:\/\/notejido.com\/it\/?s={search_term_string}\"},\"query-input\":{\"@type\":\"PropertyValueSpecification\",\"valueRequired\":true,\"valueName\":\"search_term_string\"}}],\"inLanguage\":\"it-IT\"}]}<\/script>\n<!-- \/ Yoast SEO plugin. -->","yoast_head_json":{"title":"Sostenibilit\u00e1 e CSR - Disenos NT","robots":{"index":"index","follow":"follow","max-snippet":"max-snippet:-1","max-image-preview":"max-image-preview:large","max-video-preview":"max-video-preview:-1"},"canonical":"https:\/\/notejido.com\/it\/sostenibilidad-y-rsc\/","og_locale":"it_IT","og_type":"article","og_title":"Sostenibilit\u00e1 e CSR - Disenos NT","og_description":"In segno di riconoscimento e impegno per la responsabilit\u00e0 sociale delle imprese, abbiamo ottenuto il livello Silver Recognition basato sugli [&hellip;]","og_url":"https:\/\/notejido.com\/it\/sostenibilidad-y-rsc\/","og_site_name":"Disenos NT","article_modified_time":"2024-07-12T06:32:54+00:00","og_image":[{"width":794,"height":404,"url":"https:\/\/notejido.com\/wp-content\/uploads\/2024\/07\/SOSTENIBILIDAD-Y-RSC.jpg","type":"image\/jpeg"}],"twitter_card":"summary_large_image","twitter_misc":{"Tempo di lettura stimato":"4 minuti"},"schema":{"@context":"https:\/\/schema.org","@graph":[{"@type":"WebPage","@id":"https:\/\/notejido.com\/it\/sostenibilidad-y-rsc\/","url":"https:\/\/notejido.com\/it\/sostenibilidad-y-rsc\/","name":"Sostenibilit\u00e1 e CSR - Disenos NT","isPartOf":{"@id":"https:\/\/notejido.com\/it\/#website"},"primaryImageOfPage":{"@id":"https:\/\/notejido.com\/it\/sostenibilidad-y-rsc\/#primaryimage"},"image":{"@id":"https:\/\/notejido.com\/it\/sostenibilidad-y-rsc\/#primaryimage"},"thumbnailUrl":"https:\/\/notejido.com\/wp-content\/uploads\/2024\/07\/SOSTENIBILIDAD-Y-RSC.jpg","datePublished":"2019-10-27T10:07:38+00:00","dateModified":"2024-07-12T06:32:54+00:00","breadcrumb":{"@id":"https:\/\/notejido.com\/it\/sostenibilidad-y-rsc\/#breadcrumb"},"inLanguage":"it-IT","potentialAction":[{"@type":"ReadAction","target":["https:\/\/notejido.com\/it\/sostenibilidad-y-rsc\/"]}]},{"@type":"ImageObject","inLanguage":"it-IT","@id":"https:\/\/notejido.com\/it\/sostenibilidad-y-rsc\/#primaryimage","url":"https:\/\/notejido.com\/wp-content\/uploads\/2024\/07\/SOSTENIBILIDAD-Y-RSC.jpg","contentUrl":"https:\/\/notejido.com\/wp-content\/uploads\/2024\/07\/SOSTENIBILIDAD-Y-RSC.jpg","width":794,"height":404,"caption":"Sostenibilidad y RSC"},{"@type":"BreadcrumbList","@id":"https:\/\/notejido.com\/it\/sostenibilidad-y-rsc\/#breadcrumb","itemListElement":[{"@type":"ListItem","position":1,"name":"Portada","item":"https:\/\/notejido.com\/it\/"},{"@type":"ListItem","position":2,"name":"Sostenibilit\u00e1 e CSR"}]},{"@type":"WebSite","@id":"https:\/\/notejido.com\/it\/#website","url":"https:\/\/notejido.com\/it\/","name":"Disenos NT","description":"Bolsas reutilizables, art\u00edculos higi\u00e9nicos-sanitarios, manteles desechables  y otro packaging promocional en material flexible","potentialAction":[{"@type":"SearchAction","target":{"@type":"EntryPoint","urlTemplate":"https:\/\/notejido.com\/it\/?s={search_term_string}"},"query-input":{"@type":"PropertyValueSpecification","valueRequired":true,"valueName":"search_term_string"}}],"inLanguage":"it-IT"}]}},"_links":{"self":[{"href":"https:\/\/notejido.com\/it\/wp-json\/wp\/v2\/pages\/3717","targetHints":{"allow":["GET"]}}],"collection":[{"href":"https:\/\/notejido.com\/it\/wp-json\/wp\/v2\/pages"}],"about":[{"href":"https:\/\/notejido.com\/it\/wp-json\/wp\/v2\/types\/page"}],"author":[{"embeddable":true,"href":"https:\/\/notejido.com\/it\/wp-json\/wp\/v2\/users\/2"}],"replies":[{"embeddable":true,"href":"https:\/\/notejido.com\/it\/wp-json\/wp\/v2\/comments?post=3717"}],"version-history":[{"count":5,"href":"https:\/\/notejido.com\/it\/wp-json\/wp\/v2\/pages\/3717\/revisions"}],"predecessor-version":[{"id":7547,"href":"https:\/\/notejido.com\/it\/wp-json\/wp\/v2\/pages\/3717\/revisions\/7547"}],"wp:featuredmedia":[{"embeddable":true,"href":"https:\/\/notejido.com\/it\/wp-json\/wp\/v2\/media\/7505"}],"wp:attachment":[{"href":"https:\/\/notejido.com\/it\/wp-json\/wp\/v2\/media?parent=3717"}],"curies":[{"name":"wp","href":"https:\/\/api.w.org\/{rel}","templated":true}]}}