{"id":4701,"date":"2019-12-02T10:42:43","date_gmt":"2019-12-02T10:42:43","guid":{"rendered":"https:\/\/notejido.com\/politica-de-cookies\/"},"modified":"2021-11-22T16:45:32","modified_gmt":"2021-11-22T16:45:32","slug":"politica-de-cookies","status":"publish","type":"page","link":"https:\/\/notejido.com\/it\/politica-de-cookies\/","title":{"rendered":"Politica sui cookie"},"content":{"rendered":"\n<p>Dise\u00f1o y Aplicaciones del No Tejido, S.L. (di seguito, DISE\u00d1OS NT) informa, attraverso la presente Cookie Policy, sull&#8217;utilizzo dei dispositivi di memorizzazione e recupero dei dati sui terminali degli utenti.<\/p>\n\n\n\n<h2 class=\"wp-block-heading\">Cosa sono i cookie?<\/h2>\n\n\n\n<p>Un cookie \u00e8 un file che viene scaricato sul tuo computer\/smartphone\/tablet quando accedi a determinate pagine web. I cookie consentono a una pagina Web, tra le altre cose, di archiviare e recuperare informazioni sulle abitudini di navigazione di un utente o del suo dispositivo e, a seconda delle informazioni che contengono e del modo in cui utilizza il suo dispositivo, possono essere utilizzati per riconoscere l&#8217;utente.<\/p>\n\n\n\n<h2 class=\"wp-block-heading\">Per cosa NT Designs utilizza i cookie?<\/h2>\n\n\n\n<p>Ai sensi dell&#8217;articolo 22 della legge sui servizi della societ\u00e0 dell&#8217;informazione e del commercio elettronico, nonch\u00e9 nel considerando (30) del regolamento generale sulla protezione dei dati, questo sito Web utilizza cookie o altri dispositivi di archiviazione e recupero delle informazioni per tenere traccia delle interazioni degli utenti con il servizi offerti sul Sito.<\/p>\n\n\n\n<p>I cookie consentono di riconoscere il browser dell&#8217;Utente, nonch\u00e9 il tipo di dispositivo da cui si accede al Sito, e sono utilizzati per facilitare la visita successiva dell&#8217;Utente e rendere pi\u00f9 utile il Sito.<\/p>\n\n\n\n<p>DISE\u00d1OS NT utilizza i cookie per i seguenti scopi:<\/p>\n\n\n\n<p>1 &#8211; Assicurati che il sito web funzioni correttamente.<br> 2 &#8211; Memorizza le tue preferenze, come la lingua che hai selezionato al fine di ottimizzare la navigazione dell&#8217;utente.<br> 3 &#8211; Raccogliere informazioni statistiche anonime per ottimizzare la navigazione e migliorare il sito.<\/p>\n\n\n\n<h2 class=\"wp-block-heading\">Che tipo di cookie utilizza questo sito web?<\/h2>\n\n\n\n<p><strong>Cookie di analisi <\/strong><\/p>\n\n\n\n<p>Son aqu\u00e9llas que posibilitan el seguimiento y an\u00e1lisis del comportamiento de los usuarios en nuestra p\u00e1gina. La informaci\u00f3n recogida se utiliza para la medici\u00f3n de la actividad de los usuarios en la web y la elaboraci\u00f3n de perfiles de navegaci\u00f3n de los usuarios, con la finalidad de mejorar la web, as\u00ed como los productos y servicios ofertados.<\/p>\n\n\n\n<p><strong>Cookie di marketing<\/strong><\/p>\n\n\n\n<p>Sono quelli che consentono la gestione efficace degli spazi pubblicitari inseriti nel web in base a criteri come il contenuto o la frequenza con cui vengono visualizzati gli annunci.<\/p>\n\n\n\n<p>Per utilizzare questo sito Web \u00e8 necessario installare i cookie. In caso contrario, non saremo in grado di fornire molti dei servizi che mostriamo. L&#8217;utente non pu\u00f2 accettarli o configurare il proprio browser per bloccarli e, se del caso, eliminarli.<\/p>\n\n\n\n<h2 class=\"wp-block-heading\">Chi utilizza i cookie?<\/h2>\n\n\n\n<p>I cookie utilizzati in questo sito Web sono utilizzati dalla persona giuridica responsabile di questo sito Web e dai seguenti servizi o fornitori di servizi:<br>   \u2022 Google Analytics: \u00e8 un servizio di analisi web che utilizza cookie di analisi. Informativa sulla privacy di Google Analytics.<\/p>\n\n\n\n<h2 class=\"wp-block-heading\">Come posso disattivare o eliminare i Cookie?<\/h2>\n\n\n\n<p>L&#8217;utente pu\u00f2, in qualsiasi momento, scegliere quali cookie desidera utilizzare su questo sito web.<\/p>\n\n\n\n<h2 class=\"wp-block-heading\">Cosa succede se i cookie sono disabilitati?<\/h2>\n\n\n\n<p>Alcune funzionalit\u00e0 dei Servizi saranno disabilitate.<\/p>\n","protected":false},"excerpt":{"rendered":"<p>Dise\u00f1o y Aplicaciones del No Tejido, S.L. (di seguito, DISE\u00d1OS NT) informa, attraverso la presente Cookie Policy, sull&#8217;utilizzo dei dispositivi [&hellip;]<\/p>\n","protected":false},"author":2,"featured_media":1685,"parent":0,"menu_order":52,"comment_status":"closed","ping_status":"closed","template":"","meta":{"_acf_changed":false,"footnotes":""},"class_list":["post-4701","page","type-page","status-publish","has-post-thumbnail","hentry"],"acf":[],"yoast_head":"<!-- This site is optimized with the Yoast SEO plugin v27.2 - https:\/\/yoast.com\/product\/yoast-seo-wordpress\/ -->\n<title>Politica sui cookie - Disenos NT<\/title>\n<meta name=\"robots\" content=\"index, follow, max-snippet:-1, max-image-preview:large, max-video-preview:-1\" \/>\n<link rel=\"canonical\" href=\"https:\/\/notejido.com\/it\/politica-de-cookies\/\" \/>\n<meta property=\"og:locale\" content=\"it_IT\" \/>\n<meta property=\"og:type\" content=\"article\" \/>\n<meta property=\"og:title\" content=\"Politica sui cookie - Disenos NT\" \/>\n<meta property=\"og:description\" content=\"Dise\u00f1o y Aplicaciones del No Tejido, S.L. (di seguito, DISE\u00d1OS NT) informa, attraverso la presente Cookie Policy, sull&#8217;utilizzo dei dispositivi [&hellip;]\" \/>\n<meta property=\"og:url\" content=\"https:\/\/notejido.com\/it\/politica-de-cookies\/\" \/>\n<meta property=\"og:site_name\" content=\"Disenos NT\" \/>\n<meta property=\"article:modified_time\" content=\"2021-11-22T16:45:32+00:00\" \/>\n<meta property=\"og:image\" content=\"https:\/\/notejido.com\/wp-content\/uploads\/2019\/10\/bg-us.jpg\" \/>\n\t<meta property=\"og:image:width\" content=\"1600\" \/>\n\t<meta property=\"og:image:height\" content=\"1000\" \/>\n\t<meta property=\"og:image:type\" content=\"image\/jpeg\" \/>\n<meta name=\"twitter:card\" content=\"summary_large_image\" \/>\n<meta name=\"twitter:label1\" content=\"Tempo di lettura stimato\" \/>\n\t<meta name=\"twitter:data1\" content=\"2 minuti\" \/>\n<script type=\"application\/ld+json\" class=\"yoast-schema-graph\">{\"@context\":\"https:\/\/schema.org\",\"@graph\":[{\"@type\":\"WebPage\",\"@id\":\"https:\/\/notejido.com\/it\/politica-de-cookies\/\",\"url\":\"https:\/\/notejido.com\/it\/politica-de-cookies\/\",\"name\":\"Politica sui cookie - Disenos NT\",\"isPartOf\":{\"@id\":\"https:\/\/notejido.com\/it\/#website\"},\"primaryImageOfPage\":{\"@id\":\"https:\/\/notejido.com\/it\/politica-de-cookies\/#primaryimage\"},\"image\":{\"@id\":\"https:\/\/notejido.com\/it\/politica-de-cookies\/#primaryimage\"},\"thumbnailUrl\":\"https:\/\/notejido.com\/wp-content\/uploads\/2019\/10\/bg-us.jpg\",\"datePublished\":\"2019-12-02T10:42:43+00:00\",\"dateModified\":\"2021-11-22T16:45:32+00:00\",\"breadcrumb\":{\"@id\":\"https:\/\/notejido.com\/it\/politica-de-cookies\/#breadcrumb\"},\"inLanguage\":\"it-IT\",\"potentialAction\":[{\"@type\":\"ReadAction\",\"target\":[\"https:\/\/notejido.com\/it\/politica-de-cookies\/\"]}]},{\"@type\":\"ImageObject\",\"inLanguage\":\"it-IT\",\"@id\":\"https:\/\/notejido.com\/it\/politica-de-cookies\/#primaryimage\",\"url\":\"https:\/\/notejido.com\/wp-content\/uploads\/2019\/10\/bg-us.jpg\",\"contentUrl\":\"https:\/\/notejido.com\/wp-content\/uploads\/2019\/10\/bg-us.jpg\",\"width\":1600,\"height\":1000,\"caption\":\"Edificio Dise\u00f1os NT\"},{\"@type\":\"BreadcrumbList\",\"@id\":\"https:\/\/notejido.com\/it\/politica-de-cookies\/#breadcrumb\",\"itemListElement\":[{\"@type\":\"ListItem\",\"position\":1,\"name\":\"Portada\",\"item\":\"https:\/\/notejido.com\/it\/\"},{\"@type\":\"ListItem\",\"position\":2,\"name\":\"Politica sui cookie\"}]},{\"@type\":\"WebSite\",\"@id\":\"https:\/\/notejido.com\/it\/#website\",\"url\":\"https:\/\/notejido.com\/it\/\",\"name\":\"Disenos NT\",\"description\":\"Bolsas reutilizables, art\u00edculos higi\u00e9nicos-sanitarios, manteles desechables  y otro packaging promocional en material flexible\",\"potentialAction\":[{\"@type\":\"SearchAction\",\"target\":{\"@type\":\"EntryPoint\",\"urlTemplate\":\"https:\/\/notejido.com\/it\/?s={search_term_string}\"},\"query-input\":{\"@type\":\"PropertyValueSpecification\",\"valueRequired\":true,\"valueName\":\"search_term_string\"}}],\"inLanguage\":\"it-IT\"}]}<\/script>\n<!-- \/ Yoast SEO plugin. -->","yoast_head_json":{"title":"Politica sui cookie - Disenos NT","robots":{"index":"index","follow":"follow","max-snippet":"max-snippet:-1","max-image-preview":"max-image-preview:large","max-video-preview":"max-video-preview:-1"},"canonical":"https:\/\/notejido.com\/it\/politica-de-cookies\/","og_locale":"it_IT","og_type":"article","og_title":"Politica sui cookie - Disenos NT","og_description":"Dise\u00f1o y Aplicaciones del No Tejido, S.L. (di seguito, DISE\u00d1OS NT) informa, attraverso la presente Cookie Policy, sull&#8217;utilizzo dei dispositivi [&hellip;]","og_url":"https:\/\/notejido.com\/it\/politica-de-cookies\/","og_site_name":"Disenos NT","article_modified_time":"2021-11-22T16:45:32+00:00","og_image":[{"width":1600,"height":1000,"url":"https:\/\/notejido.com\/wp-content\/uploads\/2019\/10\/bg-us.jpg","type":"image\/jpeg"}],"twitter_card":"summary_large_image","twitter_misc":{"Tempo di lettura stimato":"2 minuti"},"schema":{"@context":"https:\/\/schema.org","@graph":[{"@type":"WebPage","@id":"https:\/\/notejido.com\/it\/politica-de-cookies\/","url":"https:\/\/notejido.com\/it\/politica-de-cookies\/","name":"Politica sui cookie - Disenos NT","isPartOf":{"@id":"https:\/\/notejido.com\/it\/#website"},"primaryImageOfPage":{"@id":"https:\/\/notejido.com\/it\/politica-de-cookies\/#primaryimage"},"image":{"@id":"https:\/\/notejido.com\/it\/politica-de-cookies\/#primaryimage"},"thumbnailUrl":"https:\/\/notejido.com\/wp-content\/uploads\/2019\/10\/bg-us.jpg","datePublished":"2019-12-02T10:42:43+00:00","dateModified":"2021-11-22T16:45:32+00:00","breadcrumb":{"@id":"https:\/\/notejido.com\/it\/politica-de-cookies\/#breadcrumb"},"inLanguage":"it-IT","potentialAction":[{"@type":"ReadAction","target":["https:\/\/notejido.com\/it\/politica-de-cookies\/"]}]},{"@type":"ImageObject","inLanguage":"it-IT","@id":"https:\/\/notejido.com\/it\/politica-de-cookies\/#primaryimage","url":"https:\/\/notejido.com\/wp-content\/uploads\/2019\/10\/bg-us.jpg","contentUrl":"https:\/\/notejido.com\/wp-content\/uploads\/2019\/10\/bg-us.jpg","width":1600,"height":1000,"caption":"Edificio Dise\u00f1os NT"},{"@type":"BreadcrumbList","@id":"https:\/\/notejido.com\/it\/politica-de-cookies\/#breadcrumb","itemListElement":[{"@type":"ListItem","position":1,"name":"Portada","item":"https:\/\/notejido.com\/it\/"},{"@type":"ListItem","position":2,"name":"Politica sui cookie"}]},{"@type":"WebSite","@id":"https:\/\/notejido.com\/it\/#website","url":"https:\/\/notejido.com\/it\/","name":"Disenos NT","description":"Bolsas reutilizables, art\u00edculos higi\u00e9nicos-sanitarios, manteles desechables  y otro packaging promocional en material flexible","potentialAction":[{"@type":"SearchAction","target":{"@type":"EntryPoint","urlTemplate":"https:\/\/notejido.com\/it\/?s={search_term_string}"},"query-input":{"@type":"PropertyValueSpecification","valueRequired":true,"valueName":"search_term_string"}}],"inLanguage":"it-IT"}]}},"_links":{"self":[{"href":"https:\/\/notejido.com\/it\/wp-json\/wp\/v2\/pages\/4701","targetHints":{"allow":["GET"]}}],"collection":[{"href":"https:\/\/notejido.com\/it\/wp-json\/wp\/v2\/pages"}],"about":[{"href":"https:\/\/notejido.com\/it\/wp-json\/wp\/v2\/types\/page"}],"author":[{"embeddable":true,"href":"https:\/\/notejido.com\/it\/wp-json\/wp\/v2\/users\/2"}],"replies":[{"embeddable":true,"href":"https:\/\/notejido.com\/it\/wp-json\/wp\/v2\/comments?post=4701"}],"version-history":[{"count":1,"href":"https:\/\/notejido.com\/it\/wp-json\/wp\/v2\/pages\/4701\/revisions"}],"predecessor-version":[{"id":6262,"href":"https:\/\/notejido.com\/it\/wp-json\/wp\/v2\/pages\/4701\/revisions\/6262"}],"wp:featuredmedia":[{"embeddable":true,"href":"https:\/\/notejido.com\/it\/wp-json\/wp\/v2\/media\/1685"}],"wp:attachment":[{"href":"https:\/\/notejido.com\/it\/wp-json\/wp\/v2\/media?parent=4701"}],"curies":[{"name":"wp","href":"https:\/\/api.w.org\/{rel}","templated":true}]}}