{"id":4721,"date":"2019-12-02T10:55:15","date_gmt":"2019-12-02T10:55:15","guid":{"rendered":"https:\/\/notejido.com\/condiciones-generales-de-venta\/"},"modified":"2022-04-07T07:26:21","modified_gmt":"2022-04-07T07:26:21","slug":"aviso-legal","status":"publish","type":"page","link":"https:\/\/notejido.com\/it\/aviso-legal\/","title":{"rendered":"AVVISO LEGALE"},"content":{"rendered":"\n<h2 class=\"wp-block-heading\">1.- Informazioni legali e accettazione<\/h2>\n\n\n\n<p>Il sito web www.notejido.com (il \u201cSito web\u201d) \u00e8 di propriet\u00e0 di:<br>\u2022 PROGETTAZIONE E APPLICAZIONI DI NOTEJIDO, S.L.<br>Iscritta nel Registro Mercantile di Ja\u00e9n, al foglio 65 del volume 21, voce 1, di pagina J-728.<br>NIF: B23258635<br>Sede Legale: Pol. Ind. El Chaparral s\/n, 23692 Santa Ana, Alcal\u00e1 la Real (Ja\u00e9n), Spagna.<br>E-mail: info@dntbags.com<br>I termini e le condizioni contenuti in questo Avviso Legale regolano l&#8217;uso del Web che DISE\u00d1O Y APLICACIONES DEL NOTEJIDO, S.L. (di seguito, &#8220;DISE\u00d1OS NT&#8221;) mette a disposizione degli utenti che vi accedono. (di seguito, l&#8217;\u201cUtente\u201d o gli \u201cUtenti\u201d).<\/p>\n\n\n\n<p>L&#8217;utilizzo del Web da parte degli Utenti implica l&#8217;accettazione di tutte le condizioni contenute in questo Avviso Legale.<\/p>\n\n\n\n<p>L&#8217;acquisto dei prodotti offerti dal Web \u00e8 soggetto alle Condizioni di Acquisto che, ove opportuno, completano i presenti termini e condizioni, e rispetto alle quali l&#8217;Utente deve prestare il proprio consenso.<\/p>\n\n\n\n<p>L&#8217;accesso e\/o l&#8217;utilizzo di detti servizi e contenuti esprime la piena e incondizionata accettazione delle condizioni particolari nella versione pubblicata da DISE\u00d1OS NT nel momento in cui si verifica tale accesso e\/o utilizzo.<\/p>\n\n\n\n<p>\u00c8 possibile che, durante l&#8217;erogazione dei servizi inclusi nel Web, il nome del dominio sotto il quale vengono forniti tali servizi venga modificato. Pertanto, gli Utenti sono consapevoli e accettano questa possibilit\u00e0, nel qual caso rimangono pienamente in vigore gli obblighi assunti dagli Utenti e da DISE\u00d1OS NT in conformit\u00e0 con le disposizioni del presente documento.<\/p>\n\n\n\n<h2 class=\"wp-block-heading\">2.- Condizioni di utilizzo dei contenuti e dei servizi<\/h2>\n\n\n\n<p>Gli utenti possono accedere ai servizi e ai contenuti solo attraverso i mezzi o le procedure che sono stati messi a loro disposizione a tal fine sul Web o sono comunemente utilizzati su Internet a tale scopo, a condizione che non comportino la violazione dei diritti di propriet\u00e0 intellettuale o industriale o implicare un qualche tipo di danno al Web e\/o alle sue informazioni o ai servizi offerti.<\/p>\n\n\n\n<p>L&#8217;Utente si impegna a utilizzare i contenuti e i servizi in modo diligente, legale, corretto e lecito e, in particolare, si impegna a titolo esemplificativo e non esaustivo ad astenersi da:<\/p>\n\n\n\n<p>\u2022 utilizzare il contenuto ei servizi in modo e per scopi contrari alla legge, al buon costume e ai buoni costumi generalmente accettati o all&#8217;ordine pubblico;<br>\u2022 Violare i diritti di propriet\u00e0 intellettuale o industriale di DISE\u00d1OS NT o di terzi;<br>\u2022 utilizzare i servizi ei contenuti in modo tale da poter essere dannoso o sovraccaricare il funzionamento del Sito;<br>\u2022 compiere operazioni fraudolente o che possano favorire condotte illecite o fraudolente di qualsiasi genere; e<br>\u2022 utilizzare i contenuti ei servizi e, in particolare, le informazioni di qualsiasi genere ottenute tramite il Web per qualsiasi tipo di finalit\u00e0 pubblicitaria e, in particolare, per inviare pubblicit\u00e0, comunicazioni a fini di vendita diretta o per qualsiasi altro tipo di finalit\u00e0 commerciale, messaggi non richiesti, individuati o indirizzati a una pluralit\u00e0 di persone, nonch\u00e9 commercializzazione o divulgazione in qualsiasi modo di tali informazioni senza l&#8217;autorizzazione del titolare e\/o di DISE\u00d1OS NT.<\/p>\n\n\n\n<p>Gli utenti saranno responsabili per i danni di qualsiasi natura che DISE\u00d1OS NT potrebbe subire, direttamente o indirettamente, a causa della violazione di uno qualsiasi degli obblighi derivanti dal presente Avviso legale o dalla legge in relazione all&#8217;uso del Web.<\/p>\n\n\n\n<h2 class=\"wp-block-heading\">3.- Link a terzi (link in uscita)<\/h2>\n\n\n\n<p>Il Sito pu\u00f2 contenere link che consentono agli Utenti di accedere a siti web di terzi (\u201cSiti di Terze Parti\u201d), il che non deve presupporre l&#8217;esistenza di accordi con i responsabili o titolari degli stessi. In questi casi, DISE\u00d1OS NT non \u00e8 responsabile del contenuto di detti siti web. Qualsiasi utilizzo di un collegamento o l&#8217;accesso a un sito Web non proprietario \u00e8 effettuato a volont\u00e0 ed esclusivo rischio dell&#8217;Utente.<br>Nel caso in cui l&#8217;Utente ritenga che esista un Sito Web di Terze parti con contenuti illegali o inappropriati, pu\u00f2 informare DISE\u00d1OS NT all&#8217;indirizzo di contatto indicato nella prima sezione della presente Nota Legale, indicando:<br>\u2022 del chiamante: nome, indirizzo, numero di telefono e indirizzo email;<br>\u2022 una descrizione dei fatti che rivelino la natura illecita o inappropriata del Sito Collegato; e<br>\u2022 un&#8217;espressa dichiarazione che le informazioni contenute nella comunicazione sono esatte.<\/p>\n\n\n\n<h2 class=\"wp-block-heading\">4.- Collegamenti al Web (link in entrata)<\/h2>\n\n\n\n<p>Gli utenti che desiderano inserire collegamenti al Web dai propri siti Web possono farlo a condizione che la pagina Web che stabilisce il collegamento sia conforme alla legge e in nessun caso collegamenti a contenuti che:<br>\u2022 sono illegali, lesivi o contrari alla morale e ai buoni costumi (pornografici, violenti, razzisti, ecc.);<br>\u2022 indurre o indurre nell&#8217;utente la falsa convinzione che DISE\u00d1OS NT sottoscriva, avalli, aderisca o in qualsiasi modo supporti le idee, manifestazioni o espressioni, legali o illegali, del mittente;<br>\u2022 sono inadeguati o non pertinenti all&#8217;attivit\u00e0 di DISE\u00d1OS NT rispetto al luogo, al contenuto e al tema del sito web del mittente.<br>DISE\u00d1OS NT pu\u00f2 richiedere, in qualsiasi momento e senza necessit\u00e0 di motivare tale richiesta, la rimozione di qualsiasi collegamento al Sito Web, dopodich\u00e9 il responsabile del sito Web di collegamento dovr\u00e0 rimuoverlo immediatamente.<\/p>\n\n\n\n<h2 class=\"wp-block-heading\">5- Propriet\u00e0 intellettuale e industriale<\/h2>\n\n\n\n<p>La totalit\u00e0 dei contenuti del Web, intendendo con questi, a titolo esemplificativo, i testi, le fotografie, la grafica, le immagini, le icone, la tecnologia, i software, i link, i domini, i marchi e altri contenuti, inclusi i contenuti audiovisivi o sonori, nonch\u00e9 come il suo design, la grafica e i codici sorgente sono di propriet\u00e0 esclusiva di DISE\u00d1OS NT, o di terzi i cui diritti, se del caso, sono riconosciuti da DISE\u00d1OS NT e sono soggetti a diritti di propriet\u00e0 intellettuale e industriale protetti dalla legislazione nazionale e internazionale.<\/p>\n\n\n\n<p>\u00c8 severamente vietato qualsiasi utilizzo di uno qualsiasi degli elementi soggetti a propriet\u00e0 industriale e intellettuale per qualsiasi scopo, in particolare commerciale, cos\u00ec come la sua distribuzione, comunicazione pubblica, modifica, alterazione, trasformazione o decompilazione, se non espressamente autorizzato per iscritto da DESIGNS NT o il proprietario della stessa.<\/p>\n\n\n\n<h2 class=\"wp-block-heading\">6.- Esclusione di garanzie e responsabilit\u00e0<\/h2>\n\n\n\n<p>DISE\u00d1OS NT non sar\u00e0 responsabile:<\/p>\n\n\n\n<p>(i) in caso di interruzioni del servizio, ritardi, errori, malfunzionamenti e, in generale, altri inconvenienti che hanno origine da cause indipendenti dalla volont\u00e0 di DISE\u00d1OS NT, e\/o dovuti a dolo o colpa degli Utenti e\/o originati da cause di forza maggiore. Fermo restando quanto previsto dall&#8217;articolo 1105 del Codice Civile, per nozione di Forza Maggiore si intende anche, in aggiunta, e ai fini delle presenti condizioni generali, tutti quegli eventi che si verificano al di fuori del controllo di DISE\u00d1OS NT, quali: soggetti terzi, operatori o societ\u00e0 di servizi, atti governativi, mancato accesso a reti di terzi, atti od omissioni di Pubbliche Autorit\u00e0, quelli prodotti a seguito di fenomeni naturali, blackout, scioperi, disturbi dell&#8217;ordine pubblico, attacchi hacker , cracker o altri terzi alla sicurezza o all&#8217;integrit\u00e0 del sistema informatico o qualsiasi altro che derivi da un evento causato da un prevedibile progresso tecnologico. In ogni caso, qualunque sia la sua causa, DISE\u00d1OS NT non si assume alcuna responsabilit\u00e0 per danni diretti o indiretti, danni consequenziali e\/o mancati guadagni.<\/p>\n\n\n\n<p>(ii) a causa dell&#8217;uso che gli Utenti fanno dei contenuti del Sito, nonch\u00e9 di qualsiasi altro materiale contenuto nel Sito, che possa comportare una violazione di qualsiasi tipo di norma nazionale o internazionale in materia di diritti di propriet\u00e0 intellettuale o industriale. altri diritti di terzi;<\/p>\n\n\n\n<p>(iii) di eventuali errori di sicurezza che possono verificarsi a causa dell&#8217;utilizzo di versioni del browser non aggiornate, o delle conseguenze che possono derivare dal malfunzionamento del browser, siano esse dovute a configurazione inadeguata, presenza di virus informatici o qualsiasi altra causa al di fuori DISE\u00d1OS NT.<\/p>\n\n\n\n<h2 class=\"wp-block-heading\">7.- Utilizzo di password<\/h2>\n\n\n\n<p>Per accedere al Web non sar\u00e0 richiesta la registrazione dell&#8217;Utente, tuttavia, per acquistare i prodotti offerti attraverso il Web, sar\u00e0 necessario che l&#8217;Utente si registri nell&#8217;account Web (di seguito, \u201cAccount DISE\u00d1OS NT\u201d).<\/p>\n\n\n\n<p>L&#8217;accesso ai servizi forniti attraverso il Web pu\u00f2 essere effettuato con o senza previa registrazione degli Utenti nell&#8217;account Web (di seguito, &#8220;Account DISE\u00d1OS NT&#8221;).<\/p>\n\n\n\n<p>Per registrarsi come Titolare sar\u00e0 richiesta la scelta di una password che consenta l&#8217;accesso all&#8217;Account DISE\u00d1OS NT. Per quanto riguarda la richiesta di dati personali da parte di DISE\u00d1OS NT, si seguiranno le disposizioni della Privacy Policy.<\/p>\n\n\n\n<p>Le password saranno personali e non cedibili, non potendo essere cedute, anche temporaneamente, a terzi. A tal proposito, gli Utenti si impegnano a fare un uso diligente ea mantenere segreta la password assegnata.<\/p>\n\n\n\n<p>Nel caso in cui gli Utenti conoscano o sospettino lo smarrimento, il furto o l&#8217;utilizzo della propria password da parte di terzi, devono informare DISE\u00d1OS NT di tale circostanza il prima possibile.<\/p>\n\n\n\n<p>Ciascun Utente sar\u00e0 responsabile delle spese e dei danni causati dall&#8217;utilizzo dei servizi da parte di terzi che utilizzino a tal fine la propria password a causa di un uso non diligente o della perdita della stessa da parte dell&#8217;Utente.<\/p>\n\n\n\n<h2 class=\"wp-block-heading\">8.- Generalit\u00e0<\/h2>\n\n\n\n<p>Qualsiasi clausola o disposizione del presente Avviso Legale che sia o diventi illegale, non valida o inapplicabile sar\u00e0 esclusa da essa e sar\u00e0 considerata inapplicabile nella misura di tale illegalit\u00e0, invalidit\u00e0 o inapplicabilit\u00e0, e sar\u00e0 sostituita da un&#8217;altra che assomigli il pi\u00f9 possibile quanto sopra, ma non pregiudicher\u00e0 o dannegger\u00e0 le restanti disposizioni, le quali saranno escluse da qualsiasi clausola o disposizione illegale, non valida o inapplicabile e rimarranno in pieno vigore ed efficacia.<\/p>\n\n\n\n<p>DISE\u00d1OS NT esclude qualsiasi tipo di garanzia, e, pertanto, \u00e8 esente da ogni responsabilit\u00e0 derivata da quanto sopra espresso, nonch\u00e9 da altri aspetti non contemplati nel presente documento.<\/p>\n\n\n\n<h2 class=\"wp-block-heading\">9.- Legge applicabile<\/h2>\n\n\n\n<p>Il rapporto tra DISE\u00d1OS NT e l&#8217;Utente sar\u00e0 regolato dalle vigenti normative spagnole.<\/p>\n\n\n\n<hr class=\"wp-block-separator\"\/>\n\n\n\n<p><a id=\"_msocom_1\"><\/a><\/p>\n\n\n\n<p>&nbsp;<a href=\"#_msoanchor_1\">[ACM1]<\/a>Incluir enlace<\/p>\n","protected":false},"excerpt":{"rendered":"<p>1.- Informazioni legali e accettazione Il sito web www.notejido.com (il \u201cSito web\u201d) \u00e8 di propriet\u00e0 di:\u2022 PROGETTAZIONE E APPLICAZIONI DI [&hellip;]<\/p>\n","protected":false},"author":2,"featured_media":1685,"parent":0,"menu_order":47,"comment_status":"closed","ping_status":"closed","template":"","meta":{"_acf_changed":false,"footnotes":""},"class_list":["post-4721","page","type-page","status-publish","has-post-thumbnail","hentry"],"acf":[],"yoast_head":"<!-- This site is optimized with the Yoast SEO plugin v27.2 - https:\/\/yoast.com\/product\/yoast-seo-wordpress\/ -->\n<title>AVVISO LEGALE - Disenos NT<\/title>\n<meta name=\"robots\" content=\"index, follow, max-snippet:-1, max-image-preview:large, max-video-preview:-1\" \/>\n<link rel=\"canonical\" href=\"https:\/\/notejido.com\/it\/aviso-legal\/\" \/>\n<meta property=\"og:locale\" content=\"it_IT\" \/>\n<meta property=\"og:type\" content=\"article\" \/>\n<meta property=\"og:title\" content=\"AVVISO LEGALE - Disenos NT\" \/>\n<meta property=\"og:description\" content=\"1.- Informazioni legali e accettazione Il sito web www.notejido.com (il \u201cSito web\u201d) \u00e8 di propriet\u00e0 di:\u2022 PROGETTAZIONE E APPLICAZIONI DI [&hellip;]\" \/>\n<meta property=\"og:url\" content=\"https:\/\/notejido.com\/it\/aviso-legal\/\" \/>\n<meta property=\"og:site_name\" content=\"Disenos NT\" \/>\n<meta property=\"article:modified_time\" content=\"2022-04-07T07:26:21+00:00\" \/>\n<meta property=\"og:image\" content=\"https:\/\/notejido.com\/wp-content\/uploads\/2019\/10\/bg-us.jpg\" \/>\n\t<meta property=\"og:image:width\" content=\"1600\" \/>\n\t<meta property=\"og:image:height\" content=\"1000\" \/>\n\t<meta property=\"og:image:type\" content=\"image\/jpeg\" \/>\n<meta name=\"twitter:card\" content=\"summary_large_image\" \/>\n<meta name=\"twitter:label1\" content=\"Tempo di lettura stimato\" \/>\n\t<meta name=\"twitter:data1\" content=\"8 minuti\" \/>\n<script type=\"application\/ld+json\" class=\"yoast-schema-graph\">{\"@context\":\"https:\/\/schema.org\",\"@graph\":[{\"@type\":\"WebPage\",\"@id\":\"https:\/\/notejido.com\/it\/aviso-legal\/\",\"url\":\"https:\/\/notejido.com\/it\/aviso-legal\/\",\"name\":\"AVVISO LEGALE - Disenos NT\",\"isPartOf\":{\"@id\":\"https:\/\/notejido.com\/it\/#website\"},\"primaryImageOfPage\":{\"@id\":\"https:\/\/notejido.com\/it\/aviso-legal\/#primaryimage\"},\"image\":{\"@id\":\"https:\/\/notejido.com\/it\/aviso-legal\/#primaryimage\"},\"thumbnailUrl\":\"https:\/\/notejido.com\/wp-content\/uploads\/2019\/10\/bg-us.jpg\",\"datePublished\":\"2019-12-02T10:55:15+00:00\",\"dateModified\":\"2022-04-07T07:26:21+00:00\",\"breadcrumb\":{\"@id\":\"https:\/\/notejido.com\/it\/aviso-legal\/#breadcrumb\"},\"inLanguage\":\"it-IT\",\"potentialAction\":[{\"@type\":\"ReadAction\",\"target\":[\"https:\/\/notejido.com\/it\/aviso-legal\/\"]}]},{\"@type\":\"ImageObject\",\"inLanguage\":\"it-IT\",\"@id\":\"https:\/\/notejido.com\/it\/aviso-legal\/#primaryimage\",\"url\":\"https:\/\/notejido.com\/wp-content\/uploads\/2019\/10\/bg-us.jpg\",\"contentUrl\":\"https:\/\/notejido.com\/wp-content\/uploads\/2019\/10\/bg-us.jpg\",\"width\":1600,\"height\":1000,\"caption\":\"Edificio Dise\u00f1os NT\"},{\"@type\":\"BreadcrumbList\",\"@id\":\"https:\/\/notejido.com\/it\/aviso-legal\/#breadcrumb\",\"itemListElement\":[{\"@type\":\"ListItem\",\"position\":1,\"name\":\"Portada\",\"item\":\"https:\/\/notejido.com\/it\/\"},{\"@type\":\"ListItem\",\"position\":2,\"name\":\"AVVISO LEGALE\"}]},{\"@type\":\"WebSite\",\"@id\":\"https:\/\/notejido.com\/it\/#website\",\"url\":\"https:\/\/notejido.com\/it\/\",\"name\":\"Disenos NT\",\"description\":\"Bolsas reutilizables, art\u00edculos higi\u00e9nicos-sanitarios, manteles desechables  y otro packaging promocional en material flexible\",\"potentialAction\":[{\"@type\":\"SearchAction\",\"target\":{\"@type\":\"EntryPoint\",\"urlTemplate\":\"https:\/\/notejido.com\/it\/?s={search_term_string}\"},\"query-input\":{\"@type\":\"PropertyValueSpecification\",\"valueRequired\":true,\"valueName\":\"search_term_string\"}}],\"inLanguage\":\"it-IT\"}]}<\/script>\n<!-- \/ Yoast SEO plugin. -->","yoast_head_json":{"title":"AVVISO LEGALE - Disenos NT","robots":{"index":"index","follow":"follow","max-snippet":"max-snippet:-1","max-image-preview":"max-image-preview:large","max-video-preview":"max-video-preview:-1"},"canonical":"https:\/\/notejido.com\/it\/aviso-legal\/","og_locale":"it_IT","og_type":"article","og_title":"AVVISO LEGALE - Disenos NT","og_description":"1.- Informazioni legali e accettazione Il sito web www.notejido.com (il \u201cSito web\u201d) \u00e8 di propriet\u00e0 di:\u2022 PROGETTAZIONE E APPLICAZIONI DI [&hellip;]","og_url":"https:\/\/notejido.com\/it\/aviso-legal\/","og_site_name":"Disenos NT","article_modified_time":"2022-04-07T07:26:21+00:00","og_image":[{"width":1600,"height":1000,"url":"https:\/\/notejido.com\/wp-content\/uploads\/2019\/10\/bg-us.jpg","type":"image\/jpeg"}],"twitter_card":"summary_large_image","twitter_misc":{"Tempo di lettura stimato":"8 minuti"},"schema":{"@context":"https:\/\/schema.org","@graph":[{"@type":"WebPage","@id":"https:\/\/notejido.com\/it\/aviso-legal\/","url":"https:\/\/notejido.com\/it\/aviso-legal\/","name":"AVVISO LEGALE - Disenos NT","isPartOf":{"@id":"https:\/\/notejido.com\/it\/#website"},"primaryImageOfPage":{"@id":"https:\/\/notejido.com\/it\/aviso-legal\/#primaryimage"},"image":{"@id":"https:\/\/notejido.com\/it\/aviso-legal\/#primaryimage"},"thumbnailUrl":"https:\/\/notejido.com\/wp-content\/uploads\/2019\/10\/bg-us.jpg","datePublished":"2019-12-02T10:55:15+00:00","dateModified":"2022-04-07T07:26:21+00:00","breadcrumb":{"@id":"https:\/\/notejido.com\/it\/aviso-legal\/#breadcrumb"},"inLanguage":"it-IT","potentialAction":[{"@type":"ReadAction","target":["https:\/\/notejido.com\/it\/aviso-legal\/"]}]},{"@type":"ImageObject","inLanguage":"it-IT","@id":"https:\/\/notejido.com\/it\/aviso-legal\/#primaryimage","url":"https:\/\/notejido.com\/wp-content\/uploads\/2019\/10\/bg-us.jpg","contentUrl":"https:\/\/notejido.com\/wp-content\/uploads\/2019\/10\/bg-us.jpg","width":1600,"height":1000,"caption":"Edificio Dise\u00f1os NT"},{"@type":"BreadcrumbList","@id":"https:\/\/notejido.com\/it\/aviso-legal\/#breadcrumb","itemListElement":[{"@type":"ListItem","position":1,"name":"Portada","item":"https:\/\/notejido.com\/it\/"},{"@type":"ListItem","position":2,"name":"AVVISO LEGALE"}]},{"@type":"WebSite","@id":"https:\/\/notejido.com\/it\/#website","url":"https:\/\/notejido.com\/it\/","name":"Disenos NT","description":"Bolsas reutilizables, art\u00edculos higi\u00e9nicos-sanitarios, manteles desechables  y otro packaging promocional en material flexible","potentialAction":[{"@type":"SearchAction","target":{"@type":"EntryPoint","urlTemplate":"https:\/\/notejido.com\/it\/?s={search_term_string}"},"query-input":{"@type":"PropertyValueSpecification","valueRequired":true,"valueName":"search_term_string"}}],"inLanguage":"it-IT"}]}},"_links":{"self":[{"href":"https:\/\/notejido.com\/it\/wp-json\/wp\/v2\/pages\/4721","targetHints":{"allow":["GET"]}}],"collection":[{"href":"https:\/\/notejido.com\/it\/wp-json\/wp\/v2\/pages"}],"about":[{"href":"https:\/\/notejido.com\/it\/wp-json\/wp\/v2\/types\/page"}],"author":[{"embeddable":true,"href":"https:\/\/notejido.com\/it\/wp-json\/wp\/v2\/users\/2"}],"replies":[{"embeddable":true,"href":"https:\/\/notejido.com\/it\/wp-json\/wp\/v2\/comments?post=4721"}],"version-history":[{"count":5,"href":"https:\/\/notejido.com\/it\/wp-json\/wp\/v2\/pages\/4721\/revisions"}],"predecessor-version":[{"id":6565,"href":"https:\/\/notejido.com\/it\/wp-json\/wp\/v2\/pages\/4721\/revisions\/6565"}],"wp:featuredmedia":[{"embeddable":true,"href":"https:\/\/notejido.com\/it\/wp-json\/wp\/v2\/media\/1685"}],"wp:attachment":[{"href":"https:\/\/notejido.com\/it\/wp-json\/wp\/v2\/media?parent=4721"}],"curies":[{"name":"wp","href":"https:\/\/api.w.org\/{rel}","templated":true}]}}