{"id":6589,"date":"2022-04-07T09:16:56","date_gmt":"2022-04-07T09:16:56","guid":{"rendered":"https:\/\/notejido.com\/?page_id=6589"},"modified":"2022-04-07T09:16:57","modified_gmt":"2022-04-07T09:16:57","slug":"politica-sulla-riservatezza","status":"publish","type":"page","link":"https:\/\/notejido.com\/it\/politica-sulla-riservatezza\/","title":{"rendered":"POLITICA SULLA RISERVATEZZA"},"content":{"rendered":"\n<p>Ai fini delle disposizioni delle normative vigenti in materia di protezione dei dati personali, attraverso la presente Informativa sulla privacy, DISE\u00d1O Y APLICACIONES DEL NOTEJIDO, S.L. (\u201cDISE\u00d1OS NT\u201d) informa gli utenti (l&#8217;\u201cUtente\u201d o gli \u201cUtenti\u201d) del sito web www.notejido.com, di cui \u00e8 titolare e responsabile (il \u201cSito\u201d), circa la propria politica di protezione dei dati personali. .<\/p>\n\n\n\n<p>In questo modo, gli Utenti possono determinare liberamente e volontariamente se desiderano fornire a DISE\u00d1OS NT i dati personali che possono essere richiesti o che possono essere ottenuti su di loro durante l&#8217;accesso e l&#8217;utilizzo del Web, nonch\u00e9 i servizi offerti da DESIGNS NT.<\/p>\n\n\n\n<h3 class=\"wp-block-heading\">Chi \u00e8 il responsabile del trattamento dei tuoi dati personali?<\/h3>\n\n\n\n<p>Titolare del trattamento: DISE\u00d1OS Y APLICACIONES DEL NO TEJIDO, S.L.<br>Indirizzo: Pol. Ind. El Chaparral s\/n, 23692 Santa Ana, Alcal\u00e1 la Real (Ja\u00e9n), Spagna.<br>E-mail: rgpd@grupodisenosnt.com<\/p>\n\n\n\n<p>Per quale scopo trattiamo i tuoi dati?<\/p>\n\n\n\n<p>A seconda di dove ci fornisci i tuoi dati, li tratteremo per le seguenti finalit\u00e0:<\/p>\n\n\n\n<figure class=\"wp-block-table\"><table><tbody><tr><td>(1) Gestione della tua registrazione nell&#8217;Account<\/td><td>Al momento della registrazione al Web, i dati personali da te forniti, per conto tuo o in qualit\u00e0 di rappresentante legale della tua azienda, saranno raccolti per identificarti e consentirti di accedere ai servizi forniti come utente registrato. Li tratteremo anche per informarti di eventuali modifiche ai nostri servizi.<\/td><\/tr><tr><td>(2) Gestione dell&#8217;acquisto dei prodotti.<\/td><td>Quando acquisti uno qualsiasi dei nostri Prodotti, i dati ottenuti verranno elaborati per gestirne la consegna.<\/td><\/tr><tr><td>(3) Rispondi alle tue domande e\/o alla tua richiesta di budget<\/td><td>Se hai domande o vuoi richiedere un preventivo, elaboreremo i tuoi dati per gestire le tue domande o suggerimenti.<\/td><\/tr><tr><td>(4) Invio di informazioni commerciali e newsletter<\/td><td>Per inviarti comunicazioni commerciali personalizzate in base alle tue preferenze e tenerti aggiornato sui nostri prodotti, iniziative e servizi, con mezzi elettronici e non. Puoi annullare l&#8217;iscrizione in qualsiasi momento inviando un&#8217;e-mail a rgpd@grupodisenosnt.com<\/td><\/tr><tr><td>(5) Condurre sondaggi<\/td><td>Per garantire che la qualit\u00e0 dei nostri servizi e prodotti sia sempre all&#8217;altezza delle vostre aspettative, DISE\u00d1OS NT pu\u00f2 invitarvi a compilare, via e-mail, questionari sulla vostra esperienza e sul vostro livello di soddisfazione. I questionari riguarderanno solo i prodotti che hai acquistato oi servizi che hai utilizzato (ad es. il nostro Servizio Clienti).<\/td><\/tr><tr><td>(6) Processo di selezione per offerte di lavoro (Lavora con noi)<\/td><td>Consulta qui l&#8217;<a href=\"https:\/\/notejido.com\/informacion-de-proteccion-de-datos-de-candidatos\/\" target=\"_blank\" rel=\"noreferrer noopener\">Informativa sulla protezione dei dati dei candidati<\/a><\/td><\/tr><\/tbody><\/table><\/figure>\n\n\n\n<hr class=\"wp-block-separator\"\/>\n\n\n\n<h3 class=\"wp-block-heading\"><strong>Qual \u00e8 la legittimit\u00e0 giuridica del trattamento dei tuoi dati?<\/strong><\/h3>\n\n\n\n<p>Le basi legittime per il trattamento dei tuoi dati personali sono:<\/p>\n\n\n\n<ul class=\"wp-block-list\"><li>L&#8217;esecuzione di un contratto o l&#8217;adozione di provvedimenti prima della conclusione di un contratto, per gestire la tua registrazione nell&#8217;account (1) nonch\u00e9 per finalit\u00e0 strettamente legate all&#8217;acquisto dei prodotti (2).<\/li><li>L&#8217;interesse legittimo di DISE\u00d1OS NT:<br>o Per gestire la tua richiesta in relazione ad essa o la richiesta di budget (3).<br>o Per inviare informazioni commerciali e newsletter, nel caso in cui tu abbia contratto uno qualsiasi dei nostri prodotti e fintanto che non ti sei opposto (4).<br>o Realizzare indagini e studi di mercato (5).<\/li><li>Consenso Se non hai precedenti rapporti con noi, ti chiederemo il consenso per l&#8217;invio di comunicazioni commerciali (4). Puoi revocare il tuo consenso in qualsiasi momento.<br>In caso di e-mail di marketing diretto e\/o newsletter, puoi revocare il tuo consenso facendo clic sul link &#8220;cancellami&#8221;.<\/li><li>Adempimento di obblighi di legge, di natura fiscale, contabile, amministrativa o altro disciplinati dalla normativa sempre applicabile.<\/li><\/ul>\n\n\n\n<h3 class=\"wp-block-heading\">Da dove prendiamo i tuoi dati?<\/h3>\n\n\n\n<p>I dati personali ottenuti da DISE\u00d1OS NT variano a seconda del servizio utilizzato. Per qualsiasi attivit\u00e0 DISE\u00d1OS NT tratter\u00e0 i tuoi dati identificativi e di contatto. Inoltre, tratteremo anche:<\/p>\n\n\n\n<ul class=\"wp-block-list\"><li>In caso di acquisto di prodotti, dati relativi al pagamento e dati professionali (nel caso in cui tu sia un Professionista).<\/li><li>Le tue preferenze commerciali, nel caso le trattiamo per l&#8217;invio di newsletter.<\/li><\/ul>\n\n\n\n<p>DISE\u00d1OS NT non elaborer\u00e0 categorie speciali di dati, come informazioni sulla tua razza, opinioni politiche, religione, salute o orientamento sessuale, a meno che tu non abbia scelto di fornirci tali informazioni.<\/p>\n\n\n\n<h3 class=\"wp-block-heading\">A chi comunichiamo i tuoi dati?<\/h3>\n\n\n\n<p>DISE\u00d1OS NT pu\u00f2 condividere i tuoi dati personali con le societ\u00e0 del Gruppo nonch\u00e9 con i fornitori di servizi coinvolti nella consegna dei prodotti che acquisti. Ad esempio, comunicheremo i tuoi dati di contatto alle societ\u00e0 di logistica per la spedizione dei Prodotti.<\/p>\n\n\n\n<p>DISE\u00d1OS NT non condivider\u00e0 i tuoi dati personali con terze parti, a meno che tu non abbia il tuo previo consenso a farlo.<\/p>\n\n\n\n<h3 class=\"wp-block-heading\">Per quanto tempo conserviamo i tuoi dati?<\/h3>\n\n\n\n<p>DISE\u00d1OS NT tratter\u00e0 i tuoi dati personali per tutto il tempo necessario allo scopo per il quale sono stati raccolti.<\/p>\n\n\n\n<p>Quando questi non saranno pi\u00f9 necessari per l&#8217;espletamento delle finalit\u00e0 per cui sono stati ottenuti, si proceder\u00e0 al blocco dei Suoi dati (in modo che DISE\u00d1OS NT non abbia accesso agli stessi) nei periodi stabiliti dalle disposizioni applicabili o, se del caso, in i rapporti contrattuali intrattenuti con DISE\u00d1OS NT, essendo disponibili solo su richiesta di Giudici e Tribunali, del Pubblico Ministero o delle Pubbliche Amministrazioni competenti durante il termine di prescrizione delle azioni.<\/p>\n\n\n\n<p>Decorsi tali periodi, DISE\u00d1OS NT proceder\u00e0 alla cancellazione fisica o all&#8217;anonimizzazione degli stessi.<\/p>\n\n\n\n<h3 class=\"wp-block-heading\">Quali sono i tuoi diritti?<\/h3>\n\n\n\n<p>Puoi esercitare i diritti di accesso, portabilit\u00e0, rettifica, cancellazione, limitazione, opposizione e di non essere oggetto di una decisione basata unicamente sul trattamento automatizzato. Parimenti, puoi revocare in qualsiasi momento il consenso che hai prestato.<\/p>\n\n\n\n<p>Per qualsiasi richiesta relativa all&#8217;esercizio di tali diritti o per qualsiasi altra questione connessa al trattamento, potr\u00e0 esercitare tali diritti mediante richiesta scritta indirizzata a DISE\u00d1OS NT tramite l&#8217;indirizzo di posta elettronica indicato all&#8217;inizio della Privacy Policy.<\/p>\n\n\n\n<p>Qualsiasi reclamo relativo al trattamento qui riportato pu\u00f2 essere presentato all&#8217;Agenzia spagnola per la protezione dei dati (www.aepd.es) per l&#8217;esercizio di qualsiasi reclamo che ritenga, come ha avvertito l&#8217;ente pubblico spagnolo responsabile di garantire il rispetto delle norme ivi contenute.<\/p>\n\n\n\n<p><a id=\"_msocom_1\"><\/a><\/p>\n","protected":false},"excerpt":{"rendered":"<p>Ai fini delle disposizioni delle normative vigenti in materia di protezione dei dati personali, attraverso la presente Informativa sulla privacy, [&hellip;]<\/p>\n","protected":false},"author":4,"featured_media":0,"parent":0,"menu_order":0,"comment_status":"closed","ping_status":"closed","template":"","meta":{"_acf_changed":false,"footnotes":""},"class_list":["post-6589","page","type-page","status-publish","hentry"],"acf":[],"yoast_head":"<!-- This site is optimized with the Yoast SEO plugin v27.2 - https:\/\/yoast.com\/product\/yoast-seo-wordpress\/ -->\n<title>POLITICA SULLA RISERVATEZZA - Disenos NT<\/title>\n<meta name=\"robots\" content=\"index, follow, max-snippet:-1, max-image-preview:large, max-video-preview:-1\" \/>\n<link rel=\"canonical\" href=\"https:\/\/notejido.com\/it\/politica-sulla-riservatezza\/\" \/>\n<meta property=\"og:locale\" content=\"it_IT\" \/>\n<meta property=\"og:type\" content=\"article\" \/>\n<meta property=\"og:title\" content=\"POLITICA SULLA RISERVATEZZA - Disenos NT\" \/>\n<meta property=\"og:description\" content=\"Ai fini delle disposizioni delle normative vigenti in materia di protezione dei dati personali, attraverso la presente Informativa sulla privacy, [&hellip;]\" \/>\n<meta property=\"og:url\" content=\"https:\/\/notejido.com\/it\/politica-sulla-riservatezza\/\" \/>\n<meta property=\"og:site_name\" content=\"Disenos NT\" \/>\n<meta property=\"article:modified_time\" content=\"2022-04-07T09:16:57+00:00\" \/>\n<meta name=\"twitter:card\" content=\"summary_large_image\" \/>\n<meta name=\"twitter:label1\" content=\"Tempo di lettura stimato\" \/>\n\t<meta name=\"twitter:data1\" content=\"5 minuti\" \/>\n<script type=\"application\/ld+json\" class=\"yoast-schema-graph\">{\"@context\":\"https:\/\/schema.org\",\"@graph\":[{\"@type\":\"WebPage\",\"@id\":\"https:\/\/notejido.com\/it\/politica-sulla-riservatezza\/\",\"url\":\"https:\/\/notejido.com\/it\/politica-sulla-riservatezza\/\",\"name\":\"POLITICA SULLA RISERVATEZZA - Disenos NT\",\"isPartOf\":{\"@id\":\"https:\/\/notejido.com\/it\/#website\"},\"datePublished\":\"2022-04-07T09:16:56+00:00\",\"dateModified\":\"2022-04-07T09:16:57+00:00\",\"breadcrumb\":{\"@id\":\"https:\/\/notejido.com\/it\/politica-sulla-riservatezza\/#breadcrumb\"},\"inLanguage\":\"it-IT\",\"potentialAction\":[{\"@type\":\"ReadAction\",\"target\":[\"https:\/\/notejido.com\/it\/politica-sulla-riservatezza\/\"]}]},{\"@type\":\"BreadcrumbList\",\"@id\":\"https:\/\/notejido.com\/it\/politica-sulla-riservatezza\/#breadcrumb\",\"itemListElement\":[{\"@type\":\"ListItem\",\"position\":1,\"name\":\"Portada\",\"item\":\"https:\/\/notejido.com\/it\/\"},{\"@type\":\"ListItem\",\"position\":2,\"name\":\"POLITICA SULLA RISERVATEZZA\"}]},{\"@type\":\"WebSite\",\"@id\":\"https:\/\/notejido.com\/it\/#website\",\"url\":\"https:\/\/notejido.com\/it\/\",\"name\":\"Disenos NT\",\"description\":\"Bolsas reutilizables, art\u00edculos higi\u00e9nicos-sanitarios, manteles desechables  y otro packaging promocional en material flexible\",\"potentialAction\":[{\"@type\":\"SearchAction\",\"target\":{\"@type\":\"EntryPoint\",\"urlTemplate\":\"https:\/\/notejido.com\/it\/?s={search_term_string}\"},\"query-input\":{\"@type\":\"PropertyValueSpecification\",\"valueRequired\":true,\"valueName\":\"search_term_string\"}}],\"inLanguage\":\"it-IT\"}]}<\/script>\n<!-- \/ Yoast SEO plugin. -->","yoast_head_json":{"title":"POLITICA SULLA RISERVATEZZA - Disenos NT","robots":{"index":"index","follow":"follow","max-snippet":"max-snippet:-1","max-image-preview":"max-image-preview:large","max-video-preview":"max-video-preview:-1"},"canonical":"https:\/\/notejido.com\/it\/politica-sulla-riservatezza\/","og_locale":"it_IT","og_type":"article","og_title":"POLITICA SULLA RISERVATEZZA - Disenos NT","og_description":"Ai fini delle disposizioni delle normative vigenti in materia di protezione dei dati personali, attraverso la presente Informativa sulla privacy, [&hellip;]","og_url":"https:\/\/notejido.com\/it\/politica-sulla-riservatezza\/","og_site_name":"Disenos NT","article_modified_time":"2022-04-07T09:16:57+00:00","twitter_card":"summary_large_image","twitter_misc":{"Tempo di lettura stimato":"5 minuti"},"schema":{"@context":"https:\/\/schema.org","@graph":[{"@type":"WebPage","@id":"https:\/\/notejido.com\/it\/politica-sulla-riservatezza\/","url":"https:\/\/notejido.com\/it\/politica-sulla-riservatezza\/","name":"POLITICA SULLA RISERVATEZZA - Disenos NT","isPartOf":{"@id":"https:\/\/notejido.com\/it\/#website"},"datePublished":"2022-04-07T09:16:56+00:00","dateModified":"2022-04-07T09:16:57+00:00","breadcrumb":{"@id":"https:\/\/notejido.com\/it\/politica-sulla-riservatezza\/#breadcrumb"},"inLanguage":"it-IT","potentialAction":[{"@type":"ReadAction","target":["https:\/\/notejido.com\/it\/politica-sulla-riservatezza\/"]}]},{"@type":"BreadcrumbList","@id":"https:\/\/notejido.com\/it\/politica-sulla-riservatezza\/#breadcrumb","itemListElement":[{"@type":"ListItem","position":1,"name":"Portada","item":"https:\/\/notejido.com\/it\/"},{"@type":"ListItem","position":2,"name":"POLITICA SULLA RISERVATEZZA"}]},{"@type":"WebSite","@id":"https:\/\/notejido.com\/it\/#website","url":"https:\/\/notejido.com\/it\/","name":"Disenos NT","description":"Bolsas reutilizables, art\u00edculos higi\u00e9nicos-sanitarios, manteles desechables  y otro packaging promocional en material flexible","potentialAction":[{"@type":"SearchAction","target":{"@type":"EntryPoint","urlTemplate":"https:\/\/notejido.com\/it\/?s={search_term_string}"},"query-input":{"@type":"PropertyValueSpecification","valueRequired":true,"valueName":"search_term_string"}}],"inLanguage":"it-IT"}]}},"_links":{"self":[{"href":"https:\/\/notejido.com\/it\/wp-json\/wp\/v2\/pages\/6589","targetHints":{"allow":["GET"]}}],"collection":[{"href":"https:\/\/notejido.com\/it\/wp-json\/wp\/v2\/pages"}],"about":[{"href":"https:\/\/notejido.com\/it\/wp-json\/wp\/v2\/types\/page"}],"author":[{"embeddable":true,"href":"https:\/\/notejido.com\/it\/wp-json\/wp\/v2\/users\/4"}],"replies":[{"embeddable":true,"href":"https:\/\/notejido.com\/it\/wp-json\/wp\/v2\/comments?post=6589"}],"version-history":[{"count":1,"href":"https:\/\/notejido.com\/it\/wp-json\/wp\/v2\/pages\/6589\/revisions"}],"predecessor-version":[{"id":6590,"href":"https:\/\/notejido.com\/it\/wp-json\/wp\/v2\/pages\/6589\/revisions\/6590"}],"wp:attachment":[{"href":"https:\/\/notejido.com\/it\/wp-json\/wp\/v2\/media?parent=6589"}],"curies":[{"name":"wp","href":"https:\/\/api.w.org\/{rel}","templated":true}]}}