{"id":3715,"date":"2019-10-27T10:07:38","date_gmt":"2019-10-27T10:07:38","guid":{"rendered":"https:\/\/notejido.com\/sostenibilidad-y-rsc\/"},"modified":"2024-07-12T06:37:45","modified_gmt":"2024-07-12T06:37:45","slug":"sostenibilidad-y-rsc","status":"publish","type":"page","link":"https:\/\/notejido.com\/pt-pt\/sostenibilidad-y-rsc\/","title":{"rendered":"Sustenibilidade e RSC"},"content":{"rendered":"<div id=\"pl-gb3715-69d0fe3ba31b5\"  class=\"panel-layout wp-block-siteorigin-panels-layout-block\" ><div id=\"pg-gb3715-69d0fe3ba31b5-0\"  class=\"panel-grid panel-has-style\" ><div class=\"section-narrow panel-row-style panel-row-style-for-gb3715-69d0fe3ba31b5-0\" ><div id=\"pgc-gb3715-69d0fe3ba31b5-0-0\"  class=\"panel-grid-cell\" ><div id=\"panel-gb3715-69d0fe3ba31b5-0-0-0\" class=\"so-panel widget widget_sow-editor panel-first-child panel-last-child\" data-index=\"0\" ><div\n\t\t\t\n\t\t\tclass=\"so-widget-sow-editor so-widget-sow-editor-base\"\n\t\t\t\n\t\t>\n<div class=\"siteorigin-widget-tinymce textwidget\">\n\t<p style=\"text-align: center;\">Em reconhecimento e compromisso com a responsabilidade social corporativa, atingimos o n\u00edvel Silver Recognition com base nos padr\u00f5es internacionais de sustentabilidade da Ecovadis, o mais reconhecido fornecedor de classifica\u00e7\u00f5es de sustentabilidade corporativa do mundo.<\/p>\n<\/div>\n<\/div><\/div><\/div><\/div><\/div><div id=\"pg-gb3715-69d0fe3ba31b5-1\"  class=\"panel-grid panel-has-style\" ><div class=\"section-icons panel-row-style panel-row-style-for-gb3715-69d0fe3ba31b5-1\" ><div id=\"pgc-gb3715-69d0fe3ba31b5-1-0\"  class=\"panel-grid-cell\" ><div id=\"panel-gb3715-69d0fe3ba31b5-1-0-0\" class=\"so-panel widget widget_sow-image panel-first-child\" data-index=\"1\" ><div\n\t\t\t\n\t\t\tclass=\"so-widget-sow-image so-widget-sow-image-default-c67d20f9f743-3715\"\n\t\t\t\n\t\t>\n<div class=\"sow-image-container\">\n\t\t<img \n\tsrc=\"https:\/\/notejido.com\/wp-content\/uploads\/2019\/10\/ico-ma.png\" width=\"209\" height=\"209\" sizes=\"(max-width: 209px) 100vw, 209px\" alt=\"\" \t\tclass=\"so-widget-image\"\/>\n\t<\/div>\n\n<\/div><\/div><div id=\"panel-gb3715-69d0fe3ba31b5-1-0-1\" class=\"so-panel widget widget_sow-editor panel-last-child\" data-index=\"2\" ><div\n\t\t\t\n\t\t\tclass=\"so-widget-sow-editor so-widget-sow-editor-base\"\n\t\t\t\n\t\t>\n<div class=\"siteorigin-widget-tinymce textwidget\">\n\t<h3 style=\"text-align: center;\">Meio ambiente<\/h3>\n<\/div>\n<\/div><\/div><\/div><div id=\"pgc-gb3715-69d0fe3ba31b5-1-1\"  class=\"panel-grid-cell\" ><div id=\"panel-gb3715-69d0fe3ba31b5-1-1-0\" class=\"so-panel widget widget_sow-image panel-first-child\" data-index=\"3\" ><div\n\t\t\t\n\t\t\tclass=\"so-widget-sow-image so-widget-sow-image-default-c67d20f9f743-3715\"\n\t\t\t\n\t\t>\n<div class=\"sow-image-container\">\n\t\t<img \n\tsrc=\"https:\/\/notejido.com\/wp-content\/uploads\/2019\/10\/ico-dh.png\" width=\"209\" height=\"209\" sizes=\"(max-width: 209px) 100vw, 209px\" alt=\"\" \t\tclass=\"so-widget-image\"\/>\n\t<\/div>\n\n<\/div><\/div><div id=\"panel-gb3715-69d0fe3ba31b5-1-1-1\" class=\"so-panel widget widget_sow-editor panel-last-child\" data-index=\"4\" ><div\n\t\t\t\n\t\t\tclass=\"so-widget-sow-editor so-widget-sow-editor-base\"\n\t\t\t\n\t\t>\n<div class=\"siteorigin-widget-tinymce textwidget\">\n\t<h3 style=\"text-align: center;\">Pr\u00e1ticas laborais y Direitos Humanos<\/h3>\n<\/div>\n<\/div><\/div><\/div><div id=\"pgc-gb3715-69d0fe3ba31b5-1-2\"  class=\"panel-grid-cell\" ><div id=\"panel-gb3715-69d0fe3ba31b5-1-2-0\" class=\"so-panel widget widget_sow-image panel-first-child\" data-index=\"5\" ><div\n\t\t\t\n\t\t\tclass=\"so-widget-sow-image so-widget-sow-image-default-c67d20f9f743-3715\"\n\t\t\t\n\t\t>\n<div class=\"sow-image-container\">\n\t\t<img \n\tsrc=\"https:\/\/notejido.com\/wp-content\/uploads\/2019\/10\/ico-bpe.png\" width=\"209\" height=\"209\" sizes=\"(max-width: 209px) 100vw, 209px\" alt=\"\" \t\tclass=\"so-widget-image\"\/>\n\t<\/div>\n\n<\/div><\/div><div id=\"panel-gb3715-69d0fe3ba31b5-1-2-1\" class=\"so-panel widget widget_sow-editor panel-last-child\" data-index=\"6\" ><div\n\t\t\t\n\t\t\tclass=\"so-widget-sow-editor so-widget-sow-editor-base\"\n\t\t\t\n\t\t>\n<div class=\"siteorigin-widget-tinymce textwidget\">\n\t<h3 style=\"text-align: center;\">Boas pr\u00e1ticas empresariais<\/h3>\n<\/div>\n<\/div><\/div><\/div><div id=\"pgc-gb3715-69d0fe3ba31b5-1-3\"  class=\"panel-grid-cell\" ><div id=\"panel-gb3715-69d0fe3ba31b5-1-3-0\" class=\"so-panel widget widget_sow-image panel-first-child\" data-index=\"7\" ><div\n\t\t\t\n\t\t\tclass=\"so-widget-sow-image so-widget-sow-image-default-c67d20f9f743-3715\"\n\t\t\t\n\t\t>\n<div class=\"sow-image-container\">\n\t\t<img \n\tsrc=\"https:\/\/notejido.com\/wp-content\/uploads\/2019\/10\/ico-as.png\" width=\"209\" height=\"209\" sizes=\"(max-width: 209px) 100vw, 209px\" alt=\"\" \t\tclass=\"so-widget-image\"\/>\n\t<\/div>\n\n<\/div><\/div><div id=\"panel-gb3715-69d0fe3ba31b5-1-3-1\" class=\"so-panel widget widget_sow-editor panel-last-child\" data-index=\"8\" ><div\n\t\t\t\n\t\t\tclass=\"so-widget-sow-editor so-widget-sow-editor-base\"\n\t\t\t\n\t\t>\n<div class=\"siteorigin-widget-tinymce textwidget\">\n\t<h3 style=\"text-align: center;\">Aprovisionamento sustent\u00e1vel<\/h3>\n<\/div>\n<\/div><\/div><\/div><\/div><\/div><div id=\"pg-gb3715-69d0fe3ba31b5-2\"  class=\"panel-grid panel-has-style\" ><div class=\"section-narrow panel-row-style panel-row-style-for-gb3715-69d0fe3ba31b5-2\" ><div id=\"pgc-gb3715-69d0fe3ba31b5-2-0\"  class=\"panel-grid-cell\" ><div id=\"panel-gb3715-69d0fe3ba31b5-2-0-0\" class=\"so-panel widget widget_sow-editor panel-first-child panel-last-child\" data-index=\"9\" ><div\n\t\t\t\n\t\t\tclass=\"so-widget-sow-editor so-widget-sow-editor-base\"\n\t\t\t\n\t\t>\n<div class=\"siteorigin-widget-tinymce textwidget\">\n\t<p style=\"text-align: center;\">O conceito de sustentabilidade est\u00e1 intr\u00ednseco a todos os processos da cadeia de valor, evidenciando o impacto positivo da nossa atividade empresarial nos nossos clientes, colaboradores, parceiros e comunidades onde operamos.<\/p>\n<\/div>\n<\/div><\/div><\/div><\/div><\/div><div id=\"pg-gb3715-69d0fe3ba31b5-3\"  class=\"panel-grid panel-has-style\" ><div class=\"section-gray siteorigin-panels-stretch panel-row-style panel-row-style-for-gb3715-69d0fe3ba31b5-3\" data-stretch-type=\"full\" ><div id=\"pgc-gb3715-69d0fe3ba31b5-3-0\"  class=\"panel-grid-cell\" ><div class=\"panel-cell-style panel-cell-style-for-gb3715-69d0fe3ba31b5-3-0\" ><div id=\"panel-gb3715-69d0fe3ba31b5-3-0-0\" class=\"so-panel widget widget_sow-editor panel-first-child\" data-index=\"10\" ><div\n\t\t\t\n\t\t\tclass=\"so-widget-sow-editor so-widget-sow-editor-base\"\n\t\t\t\n\t\t>\n<div class=\"siteorigin-widget-tinymce textwidget\">\n\t<p class=\"pre-title\" style=\"text-align: center;\">Compromisso com o meio ambiente<\/p>\n<h2 style=\"text-align: center;\">Gest\u00e3o Ambiental<\/h2>\n<\/div>\n<\/div><\/div><div id=\"panel-gb3715-69d0fe3ba31b5-3-0-1\" class=\"so-panel widget widget_sow-editor panel-last-child\" data-index=\"11\" ><div class=\"panel-widget-style panel-widget-style-for-gb3715-69d0fe3ba31b5-3-0-1\" ><div\n\t\t\t\n\t\t\tclass=\"so-widget-sow-editor so-widget-sow-editor-base\"\n\t\t\t\n\t\t>\n<div class=\"siteorigin-widget-tinymce textwidget\">\n\t<p>Na Dise\u00f1os NT oferecemos solu\u00e7\u00f5es de embalagens e embalagens flex\u00edveis cada vez mais sustent\u00e1veis e amigas do ambiente. Oferecemos produtos 100% recicl\u00e1veis, reduzindo assim o nosso impacto.<\/p>\n<p>Nosso objetivo \u00e9 calcular, reduzir e compensar nossas emiss\u00f5es para que nossos processos sejam mais otimizados e sustent\u00e1veis.<\/p>\n<p>Dado o nosso compromisso e consci\u00eancia ambiental, calculamos as emiss\u00f5es da nossa atividade principal atrav\u00e9s da an\u00e1lise do ciclo de vida e do c\u00e1lculo da pegada de carbono do produto.<\/p>\n<p>A nossa fabrica\u00e7\u00e3o em Espanha permite-nos reduzir as emiss\u00f5es de CO2 e minimizar o impacto ambiental em compara\u00e7\u00e3o com as importa\u00e7\u00f5es asi\u00e1ticas.<\/p>\n<p>Nosso objetivo \u00e9 continuar sendo l\u00edder social e ambiental, gerando empregos, proporcionando bem-estar e criando valor para todos os nossos colaboradores e grupos de interesse. Inova\u00e7\u00e3o, melhoria da qualidade e sustentabilidade marcam as nossas \u00e1reas de crescimento.<\/p>\n<\/div>\n<\/div><\/div><\/div><\/div><\/div><\/div><\/div><div id=\"pg-gb3715-69d0fe3ba31b5-4\"  class=\"panel-grid panel-has-style\" ><div class=\"siteorigin-panels-stretch panel-row-style panel-row-style-for-gb3715-69d0fe3ba31b5-4\" data-stretch-type=\"full-width-stretch\" ><div id=\"pgc-gb3715-69d0fe3ba31b5-4-0\"  class=\"panel-grid-cell panel-grid-cell-mobile-last\" ><div id=\"panel-gb3715-69d0fe3ba31b5-4-0-0\" class=\"so-panel widget widget_sow-editor panel-first-child panel-last-child\" data-index=\"12\" ><div class=\"block-txt-info panel-widget-style panel-widget-style-for-gb3715-69d0fe3ba31b5-4-0-0\" ><div\n\t\t\t\n\t\t\tclass=\"so-widget-sow-editor so-widget-sow-editor-base\"\n\t\t\t\n\t\t>\n<div class=\"siteorigin-widget-tinymce textwidget\">\n\t<p class=\"pre-title\">Compromisso social<\/p>\n<h2>Causas sociais<\/h2>\n<p>As a\u00e7\u00f5es de responsabilidade social fazem parte da nossa cultura e valores. Promovemos a\u00e7\u00f5es sociais e estamos imersos em projetos de coloca\u00e7\u00e3o em colabora\u00e7\u00e3o com a Repsol para implementar um projeto de integra\u00e7\u00e3o social.<\/p>\n<p>Um projeto consolidado que consiste em oferecer forma\u00e7\u00e3o e emprego a m\u00e3es solteiras com filhos dependentes, de diversas nacionalidades, sem apoio familiar e v\u00edtimas de viol\u00eancia em todas as suas formas.<\/p>\n<p>&nbsp;<\/p>\n<\/div>\n<\/div><\/div><\/div><\/div><div id=\"pgc-gb3715-69d0fe3ba31b5-4-1\"  class=\"panel-grid-cell panel-grid-cell-empty\" ><div class=\"panel-cell-style panel-cell-style-for-gb3715-69d0fe3ba31b5-4-1\" ><\/div><\/div><\/div><\/div><div id=\"pg-gb3715-69d0fe3ba31b5-5\"  class=\"panel-grid panel-has-style\" ><div class=\"section-gray siteorigin-panels-stretch panel-row-style panel-row-style-for-gb3715-69d0fe3ba31b5-5\" data-stretch-type=\"full\" ><div id=\"pgc-gb3715-69d0fe3ba31b5-5-0\"  class=\"panel-grid-cell\" ><div class=\"panel-cell-style panel-cell-style-for-gb3715-69d0fe3ba31b5-5-0\" ><div id=\"panel-gb3715-69d0fe3ba31b5-5-0-0\" class=\"so-panel widget widget_sow-editor panel-first-child panel-last-child\" data-index=\"13\" ><div\n\t\t\t\n\t\t\tclass=\"so-widget-sow-editor so-widget-sow-editor-base\"\n\t\t\t\n\t\t>\n<div class=\"siteorigin-widget-tinymce textwidget\">\n\t<p class=\"pre-title\">Compromisso laboral<\/p>\n<h2>Boas pr\u00e1ticas empresariais<\/h2>\n<p>Operamos cinco instala\u00e7\u00f5es de fabrica\u00e7\u00e3o que oferecem oportunidades em um ambiente de trabalho cooperativo, inovador e igualit\u00e1rio. Nosso objetivo \u00e9 promover um local de trabalho saud\u00e1vel e seguro, ao mesmo tempo que promovemos a inclus\u00e3o de trabalhadores de todas as origens.<\/p>\n<p>Na Dise\u00f1os NT exigimos os mais elevados padr\u00f5es \u00e9ticos de todos os nossos profissionais. Para apoiar isso, criamos um <a href=\"https:\/\/notejido.com\/mk\/codigo-conducta-y-etica-en.pdf\">C\u00f3digo de Conduta e \u00c9tica<\/a> como refer\u00eancia para orientar os profissionais na tomada de decis\u00f5es corretas em qualquer circunst\u00e2ncia. Al\u00e9m disso, estabelecemos um <a href=\"https:\/\/mknotejido@www.notejido.com\/mk\/03%20Pol%C3%ADtica%20de%20compras%20responsables%20_ESP_Rev%202%20012024.pdf?_gl=1*1k9rnqh*_ga*MjA4MTI2MzUzNy4xNzIwNzYzMjU4*_ga_5VZYDRBE6T*MTcyMDc2MzI1Ny4xLjEuMTcyMDc2NDcwOS4wLjAuMA..\">C\u00f3digo de Compra Respons\u00e1vel<\/a> para reger as intera\u00e7\u00f5es entre o cliente e a empresa.<\/p>\n<\/div>\n<\/div><\/div><\/div><\/div><div id=\"pgc-gb3715-69d0fe3ba31b5-5-1\"  class=\"panel-grid-cell\" ><div class=\"panel-cell-style panel-cell-style-for-gb3715-69d0fe3ba31b5-5-1\" ><div id=\"panel-gb3715-69d0fe3ba31b5-5-1-0\" class=\"so-panel widget widget_sow-editor panel-first-child panel-last-child\" data-index=\"14\" ><div\n\t\t\t\n\t\t\tclass=\"so-widget-sow-editor so-widget-sow-editor-base\"\n\t\t\t\n\t\t>\n<div class=\"siteorigin-widget-tinymce textwidget\">\n\t<p class=\"pre-title\">Compromisso de sustenibilidade com fornecedores<\/p>\n<h2>Provis\u00f5es sustent\u00e1veis<\/h2>\n<p>Nosso compromisso est\u00e1 baseado no desenvolvimento de uma cadeia produtiva eficiente e sustent\u00e1vel desde a sua origem. A produ\u00e7\u00e3o integrada tem intr\u00ednseco o conceito de economia circular.<\/p>\n<p>Este modelo de circularidade envolve a fabrica\u00e7\u00e3o do produto, sua utiliza\u00e7\u00e3o e reutiliza\u00e7\u00e3o.<\/p>\n<p>Al\u00e9m disso, possu\u00edmos a Certifica\u00e7\u00e3o de Cadeia de Cust\u00f3dia de Manejo Florestal PEFC, que verifica a rastreabilidade de produtos feitos com madeira e seus derivados. Desta forma podemos garantir que o papel com que s\u00e3o feitos os nossos sacos prov\u00e9m de florestas geridas de forma sustent\u00e1vel.<\/p>\n<p>&nbsp;<\/p>\n<\/div>\n<\/div><\/div><\/div><\/div><\/div><\/div><\/div>\n\n\n<p><\/p>\n","protected":false},"excerpt":{"rendered":"<p>Em reconhecimento e compromisso com a responsabilidade social corporativa, atingimos o n\u00edvel Silver Recognition com base nos padr\u00f5es internacionais de [&hellip;]<\/p>\n","protected":false},"author":2,"featured_media":7506,"parent":0,"menu_order":79,"comment_status":"closed","ping_status":"closed","template":"","meta":{"_acf_changed":false,"footnotes":""},"class_list":["post-3715","page","type-page","status-publish","has-post-thumbnail","hentry"],"acf":[],"yoast_head":"<!-- This site is optimized with the Yoast SEO plugin v27.2 - https:\/\/yoast.com\/product\/yoast-seo-wordpress\/ -->\n<title>Sustenibilidade e RSC - Disenos NT<\/title>\n<meta name=\"robots\" content=\"index, follow, max-snippet:-1, max-image-preview:large, max-video-preview:-1\" \/>\n<link rel=\"canonical\" href=\"https:\/\/notejido.com\/pt-pt\/sostenibilidad-y-rsc\/\" \/>\n<meta property=\"og:locale\" content=\"pt_PT\" \/>\n<meta property=\"og:type\" content=\"article\" \/>\n<meta property=\"og:title\" content=\"Sustenibilidade e RSC - Disenos NT\" \/>\n<meta property=\"og:description\" content=\"Em reconhecimento e compromisso com a responsabilidade social corporativa, atingimos o n\u00edvel Silver Recognition com base nos padr\u00f5es internacionais de [&hellip;]\" \/>\n<meta property=\"og:url\" content=\"https:\/\/notejido.com\/pt-pt\/sostenibilidad-y-rsc\/\" \/>\n<meta property=\"og:site_name\" content=\"Disenos NT\" \/>\n<meta property=\"article:modified_time\" content=\"2024-07-12T06:37:45+00:00\" \/>\n<meta property=\"og:image\" content=\"https:\/\/notejido.com\/wp-content\/uploads\/2024\/07\/SOSTENIBILIDAD-Y-RSC.jpg\" \/>\n\t<meta property=\"og:image:width\" content=\"794\" \/>\n\t<meta property=\"og:image:height\" content=\"404\" \/>\n\t<meta property=\"og:image:type\" content=\"image\/jpeg\" \/>\n<meta name=\"twitter:card\" content=\"summary_large_image\" \/>\n<meta name=\"twitter:label1\" content=\"Tempo estimado de leitura\" \/>\n\t<meta name=\"twitter:data1\" content=\"4 minutos\" \/>\n<script type=\"application\/ld+json\" class=\"yoast-schema-graph\">{\"@context\":\"https:\/\/schema.org\",\"@graph\":[{\"@type\":\"WebPage\",\"@id\":\"https:\/\/notejido.com\/pt-pt\/sostenibilidad-y-rsc\/\",\"url\":\"https:\/\/notejido.com\/pt-pt\/sostenibilidad-y-rsc\/\",\"name\":\"Sustenibilidade e RSC - Disenos NT\",\"isPartOf\":{\"@id\":\"https:\/\/notejido.com\/pt-pt\/#website\"},\"primaryImageOfPage\":{\"@id\":\"https:\/\/notejido.com\/pt-pt\/sostenibilidad-y-rsc\/#primaryimage\"},\"image\":{\"@id\":\"https:\/\/notejido.com\/pt-pt\/sostenibilidad-y-rsc\/#primaryimage\"},\"thumbnailUrl\":\"https:\/\/notejido.com\/wp-content\/uploads\/2024\/07\/SOSTENIBILIDAD-Y-RSC.jpg\",\"datePublished\":\"2019-10-27T10:07:38+00:00\",\"dateModified\":\"2024-07-12T06:37:45+00:00\",\"breadcrumb\":{\"@id\":\"https:\/\/notejido.com\/pt-pt\/sostenibilidad-y-rsc\/#breadcrumb\"},\"inLanguage\":\"pt-PT\",\"potentialAction\":[{\"@type\":\"ReadAction\",\"target\":[\"https:\/\/notejido.com\/pt-pt\/sostenibilidad-y-rsc\/\"]}]},{\"@type\":\"ImageObject\",\"inLanguage\":\"pt-PT\",\"@id\":\"https:\/\/notejido.com\/pt-pt\/sostenibilidad-y-rsc\/#primaryimage\",\"url\":\"https:\/\/notejido.com\/wp-content\/uploads\/2024\/07\/SOSTENIBILIDAD-Y-RSC.jpg\",\"contentUrl\":\"https:\/\/notejido.com\/wp-content\/uploads\/2024\/07\/SOSTENIBILIDAD-Y-RSC.jpg\",\"width\":794,\"height\":404,\"caption\":\"Sostenibilidad y RSC\"},{\"@type\":\"BreadcrumbList\",\"@id\":\"https:\/\/notejido.com\/pt-pt\/sostenibilidad-y-rsc\/#breadcrumb\",\"itemListElement\":[{\"@type\":\"ListItem\",\"position\":1,\"name\":\"Portada\",\"item\":\"https:\/\/notejido.com\/pt-pt\/\"},{\"@type\":\"ListItem\",\"position\":2,\"name\":\"Sustenibilidade e RSC\"}]},{\"@type\":\"WebSite\",\"@id\":\"https:\/\/notejido.com\/pt-pt\/#website\",\"url\":\"https:\/\/notejido.com\/pt-pt\/\",\"name\":\"Disenos NT\",\"description\":\"Bolsas reutilizables, art\u00edculos higi\u00e9nicos-sanitarios, manteles desechables  y otro packaging promocional en material flexible\",\"potentialAction\":[{\"@type\":\"SearchAction\",\"target\":{\"@type\":\"EntryPoint\",\"urlTemplate\":\"https:\/\/notejido.com\/pt-pt\/?s={search_term_string}\"},\"query-input\":{\"@type\":\"PropertyValueSpecification\",\"valueRequired\":true,\"valueName\":\"search_term_string\"}}],\"inLanguage\":\"pt-PT\"}]}<\/script>\n<!-- \/ Yoast SEO plugin. -->","yoast_head_json":{"title":"Sustenibilidade e RSC - Disenos NT","robots":{"index":"index","follow":"follow","max-snippet":"max-snippet:-1","max-image-preview":"max-image-preview:large","max-video-preview":"max-video-preview:-1"},"canonical":"https:\/\/notejido.com\/pt-pt\/sostenibilidad-y-rsc\/","og_locale":"pt_PT","og_type":"article","og_title":"Sustenibilidade e RSC - Disenos NT","og_description":"Em reconhecimento e compromisso com a responsabilidade social corporativa, atingimos o n\u00edvel Silver Recognition com base nos padr\u00f5es internacionais de [&hellip;]","og_url":"https:\/\/notejido.com\/pt-pt\/sostenibilidad-y-rsc\/","og_site_name":"Disenos NT","article_modified_time":"2024-07-12T06:37:45+00:00","og_image":[{"width":794,"height":404,"url":"https:\/\/notejido.com\/wp-content\/uploads\/2024\/07\/SOSTENIBILIDAD-Y-RSC.jpg","type":"image\/jpeg"}],"twitter_card":"summary_large_image","twitter_misc":{"Tempo estimado de leitura":"4 minutos"},"schema":{"@context":"https:\/\/schema.org","@graph":[{"@type":"WebPage","@id":"https:\/\/notejido.com\/pt-pt\/sostenibilidad-y-rsc\/","url":"https:\/\/notejido.com\/pt-pt\/sostenibilidad-y-rsc\/","name":"Sustenibilidade e RSC - Disenos NT","isPartOf":{"@id":"https:\/\/notejido.com\/pt-pt\/#website"},"primaryImageOfPage":{"@id":"https:\/\/notejido.com\/pt-pt\/sostenibilidad-y-rsc\/#primaryimage"},"image":{"@id":"https:\/\/notejido.com\/pt-pt\/sostenibilidad-y-rsc\/#primaryimage"},"thumbnailUrl":"https:\/\/notejido.com\/wp-content\/uploads\/2024\/07\/SOSTENIBILIDAD-Y-RSC.jpg","datePublished":"2019-10-27T10:07:38+00:00","dateModified":"2024-07-12T06:37:45+00:00","breadcrumb":{"@id":"https:\/\/notejido.com\/pt-pt\/sostenibilidad-y-rsc\/#breadcrumb"},"inLanguage":"pt-PT","potentialAction":[{"@type":"ReadAction","target":["https:\/\/notejido.com\/pt-pt\/sostenibilidad-y-rsc\/"]}]},{"@type":"ImageObject","inLanguage":"pt-PT","@id":"https:\/\/notejido.com\/pt-pt\/sostenibilidad-y-rsc\/#primaryimage","url":"https:\/\/notejido.com\/wp-content\/uploads\/2024\/07\/SOSTENIBILIDAD-Y-RSC.jpg","contentUrl":"https:\/\/notejido.com\/wp-content\/uploads\/2024\/07\/SOSTENIBILIDAD-Y-RSC.jpg","width":794,"height":404,"caption":"Sostenibilidad y RSC"},{"@type":"BreadcrumbList","@id":"https:\/\/notejido.com\/pt-pt\/sostenibilidad-y-rsc\/#breadcrumb","itemListElement":[{"@type":"ListItem","position":1,"name":"Portada","item":"https:\/\/notejido.com\/pt-pt\/"},{"@type":"ListItem","position":2,"name":"Sustenibilidade e RSC"}]},{"@type":"WebSite","@id":"https:\/\/notejido.com\/pt-pt\/#website","url":"https:\/\/notejido.com\/pt-pt\/","name":"Disenos NT","description":"Bolsas reutilizables, art\u00edculos higi\u00e9nicos-sanitarios, manteles desechables  y otro packaging promocional en material flexible","potentialAction":[{"@type":"SearchAction","target":{"@type":"EntryPoint","urlTemplate":"https:\/\/notejido.com\/pt-pt\/?s={search_term_string}"},"query-input":{"@type":"PropertyValueSpecification","valueRequired":true,"valueName":"search_term_string"}}],"inLanguage":"pt-PT"}]}},"_links":{"self":[{"href":"https:\/\/notejido.com\/pt-pt\/wp-json\/wp\/v2\/pages\/3715","targetHints":{"allow":["GET"]}}],"collection":[{"href":"https:\/\/notejido.com\/pt-pt\/wp-json\/wp\/v2\/pages"}],"about":[{"href":"https:\/\/notejido.com\/pt-pt\/wp-json\/wp\/v2\/types\/page"}],"author":[{"embeddable":true,"href":"https:\/\/notejido.com\/pt-pt\/wp-json\/wp\/v2\/users\/2"}],"replies":[{"embeddable":true,"href":"https:\/\/notejido.com\/pt-pt\/wp-json\/wp\/v2\/comments?post=3715"}],"version-history":[{"count":5,"href":"https:\/\/notejido.com\/pt-pt\/wp-json\/wp\/v2\/pages\/3715\/revisions"}],"predecessor-version":[{"id":7550,"href":"https:\/\/notejido.com\/pt-pt\/wp-json\/wp\/v2\/pages\/3715\/revisions\/7550"}],"wp:featuredmedia":[{"embeddable":true,"href":"https:\/\/notejido.com\/pt-pt\/wp-json\/wp\/v2\/media\/7506"}],"wp:attachment":[{"href":"https:\/\/notejido.com\/pt-pt\/wp-json\/wp\/v2\/media?parent=3715"}],"curies":[{"name":"wp","href":"https:\/\/api.w.org\/{rel}","templated":true}]}}