{"id":3764,"date":"2019-10-27T11:17:36","date_gmt":"2019-10-27T11:17:36","guid":{"rendered":"https:\/\/notejido.com\/calidad\/"},"modified":"2026-04-06T11:34:07","modified_gmt":"2026-04-06T11:34:07","slug":"calidad","status":"publish","type":"page","link":"https:\/\/notejido.com\/pt-pt\/calidad\/","title":{"rendered":"Qualidade"},"content":{"rendered":"<div id=\"pl-gb3764-69db87ecabed0\"  class=\"panel-layout wp-block-siteorigin-panels-layout-block\" ><div id=\"pg-gb3764-69db87ecabed0-0\"  class=\"panel-grid panel-no-style\" ><div id=\"pgc-gb3764-69db87ecabed0-0-0\"  class=\"panel-grid-cell\" ><div id=\"panel-gb3764-69db87ecabed0-0-0-0\" class=\"so-panel widget widget_sow-editor panel-first-child panel-last-child\" data-index=\"0\" ><div class=\"panel-widget-style panel-widget-style-for-gb3764-69db87ecabed0-0-0-0\" ><div\n\t\t\t\n\t\t\tclass=\"so-widget-sow-editor so-widget-sow-editor-base\"\n\t\t\t\n\t\t>\n<div class=\"siteorigin-widget-tinymce textwidget\">\n\t<p style=\"text-align: center;\">As seguintes certifica\u00e7\u00f5es apoiam o nosso desejo de melhoria cont\u00ednua e garantem o nosso <strong>compromisso com a qualidade e a sustentabilidade social e ambiental<\/strong>:<\/p>\n<\/div>\n<\/div><\/div><\/div><\/div><\/div><div id=\"pg-gb3764-69db87ecabed0-1\"  class=\"panel-grid panel-has-style\" ><div class=\"border-top panel-row-style panel-row-style-for-gb3764-69db87ecabed0-1\" ><div id=\"pgc-gb3764-69db87ecabed0-1-0\"  class=\"panel-grid-cell\" ><div id=\"panel-gb3764-69db87ecabed0-1-0-0\" class=\"so-panel widget widget_sow-image panel-first-child panel-last-child\" data-index=\"1\" ><div\n\t\t\t\n\t\t\tclass=\"so-widget-sow-image so-widget-sow-image-default-c67d20f9f743-3764\"\n\t\t\t\n\t\t>\n<div class=\"sow-image-container\">\n\t\t<img \n\tsrc=\"https:\/\/notejido.com\/wp-content\/uploads\/2023\/04\/BRC.png\" width=\"4167\" height=\"2500\" srcset=\"https:\/\/notejido.com\/wp-content\/uploads\/2023\/04\/BRC.png 4167w, https:\/\/notejido.com\/wp-content\/uploads\/2023\/04\/BRC-500x300.png 500w, https:\/\/notejido.com\/wp-content\/uploads\/2023\/04\/BRC-1110x666.png 1110w, https:\/\/notejido.com\/wp-content\/uploads\/2023\/04\/BRC-768x461.png 768w, https:\/\/notejido.com\/wp-content\/uploads\/2023\/04\/BRC-1536x922.png 1536w, https:\/\/notejido.com\/wp-content\/uploads\/2023\/04\/BRC-2048x1229.png 2048w\" sizes=\"(max-width: 4167px) 100vw, 4167px\" alt=\"BRCGS Consumer Products Certification\" \t\tclass=\"so-widget-image\"\/>\n\t<\/div>\n\n<\/div><\/div><\/div><div id=\"pgc-gb3764-69db87ecabed0-1-1\"  class=\"panel-grid-cell\" ><div id=\"panel-gb3764-69db87ecabed0-1-1-0\" class=\"so-panel widget widget_sow-editor panel-first-child panel-last-child\" data-index=\"2\" ><div class=\"panel-widget-style panel-widget-style-for-gb3764-69db87ecabed0-1-1-0\" ><div\n\t\t\t\n\t\t\tclass=\"so-widget-sow-editor so-widget-sow-editor-base\"\n\t\t\t\n\t\t>\n<div class=\"siteorigin-widget-tinymce textwidget\">\n\t<h3><strong>BRCGS \u2013<\/strong> Consumer<strong> Products<\/strong><\/h3>\n<p>Certifica o fornecimento de produtos de consumo seguros, legais e de qualidade.<\/p>\n<\/div>\n<\/div><\/div><\/div><\/div><\/div><\/div><div id=\"pg-gb3764-69db87ecabed0-2\"  class=\"panel-grid panel-has-style\" ><div class=\"border-top panel-row-style panel-row-style-for-gb3764-69db87ecabed0-2\" ><div id=\"pgc-gb3764-69db87ecabed0-2-0\"  class=\"panel-grid-cell\" ><div id=\"panel-gb3764-69db87ecabed0-2-0-0\" class=\"so-panel widget widget_sow-image panel-first-child panel-last-child\" data-index=\"3\" ><div\n\t\t\t\n\t\t\tclass=\"so-widget-sow-image so-widget-sow-image-default-c67d20f9f743-3764\"\n\t\t\t\n\t\t>\n<div class=\"sow-image-container\">\n\t\t<img \n\tsrc=\"https:\/\/notejido.com\/wp-content\/uploads\/2025\/11\/ISO-9001-1.png\" width=\"250\" height=\"140\" sizes=\"(max-width: 250px) 100vw, 250px\" title=\"ISO-9001\" alt=\"\" \t\tclass=\"so-widget-image\"\/>\n\t<\/div>\n\n<\/div><\/div><\/div><div id=\"pgc-gb3764-69db87ecabed0-2-1\"  class=\"panel-grid-cell\" ><div id=\"panel-gb3764-69db87ecabed0-2-1-0\" class=\"so-panel widget widget_sow-editor panel-first-child panel-last-child\" data-index=\"4\" ><div class=\"panel-widget-style panel-widget-style-for-gb3764-69db87ecabed0-2-1-0\" ><div\n\t\t\t\n\t\t\tclass=\"so-widget-sow-editor so-widget-sow-editor-base\"\n\t\t\t\n\t\t>\n<div class=\"siteorigin-widget-tinymce textwidget\">\n\t<h3><strong>Certifica\u00e7\u00e3o<\/strong> ISO<strong> 9001<\/strong><\/h3>\n<p>Qualidade e satisfa\u00e7\u00e3o do cliente, a nossa principal marca de identidade.<\/p>\n<\/div>\n<\/div><\/div><\/div><\/div><\/div><\/div><div id=\"pg-gb3764-69db87ecabed0-3\"  class=\"panel-grid panel-has-style\" ><div class=\"border-top panel-row-style panel-row-style-for-gb3764-69db87ecabed0-3\" ><div id=\"pgc-gb3764-69db87ecabed0-3-0\"  class=\"panel-grid-cell\" ><div id=\"panel-gb3764-69db87ecabed0-3-0-0\" class=\"so-panel widget widget_sow-image panel-first-child panel-last-child\" data-index=\"5\" ><div\n\t\t\t\n\t\t\tclass=\"so-widget-sow-image so-widget-sow-image-default-8b5b6f678277-3764\"\n\t\t\t\n\t\t>\n<div class=\"sow-image-container\">\n\t\t<img \n\tsrc=\"https:\/\/notejido.com\/wp-content\/uploads\/2025\/11\/ISO-14001-1.png\" width=\"250\" height=\"140\" sizes=\"(max-width: 250px) 100vw, 250px\" title=\"ISO-14001\" alt=\"\" \t\tclass=\"so-widget-image\"\/>\n\t<\/div>\n\n<\/div><\/div><\/div><div id=\"pgc-gb3764-69db87ecabed0-3-1\"  class=\"panel-grid-cell\" ><div id=\"panel-gb3764-69db87ecabed0-3-1-0\" class=\"so-panel widget widget_sow-editor panel-first-child panel-last-child\" data-index=\"6\" ><div class=\"panel-widget-style panel-widget-style-for-gb3764-69db87ecabed0-3-1-0\" ><div\n\t\t\t\n\t\t\tclass=\"so-widget-sow-editor so-widget-sow-editor-base\"\n\t\t\t\n\t\t>\n<div class=\"siteorigin-widget-tinymce textwidget\">\n\t<h3><strong>Certifica\u00e7\u00e3o<\/strong> ISO 14001<\/h3>\n<p>A prote\u00e7\u00e3o e o respeito ao meio ambiente s\u00e3o parte integrante do nosso modelo de neg\u00f3cios.<\/p>\n<\/div>\n<\/div><\/div><\/div><\/div><\/div><\/div><div id=\"pg-gb3764-69db87ecabed0-4\"  class=\"panel-grid panel-has-style\" ><div class=\"border-top panel-row-style panel-row-style-for-gb3764-69db87ecabed0-4\" ><div id=\"pgc-gb3764-69db87ecabed0-4-0\"  class=\"panel-grid-cell\" ><div id=\"panel-gb3764-69db87ecabed0-4-0-0\" class=\"so-panel widget widget_sow-image panel-first-child panel-last-child\" data-index=\"7\" ><div\n\t\t\t\n\t\t\tclass=\"so-widget-sow-image so-widget-sow-image-default-8b5b6f678277-3764\"\n\t\t\t\n\t\t>\n<div class=\"sow-image-container\">\n\t\t<img \n\tsrc=\"https:\/\/notejido.com\/wp-content\/uploads\/2025\/12\/ISO-14006-1.png\" width=\"250\" height=\"140\" sizes=\"(max-width: 250px) 100vw, 250px\" title=\"ISO 14006\" alt=\"ISO 14006\" \t\tclass=\"so-widget-image\"\/>\n\t<\/div>\n\n<\/div><\/div><\/div><div id=\"pgc-gb3764-69db87ecabed0-4-1\"  class=\"panel-grid-cell\" ><div id=\"panel-gb3764-69db87ecabed0-4-1-0\" class=\"so-panel widget widget_sow-editor panel-first-child panel-last-child\" data-index=\"8\" ><div class=\"panel-widget-style panel-widget-style-for-gb3764-69db87ecabed0-4-1-0\" ><div\n\t\t\t\n\t\t\tclass=\"so-widget-sow-editor so-widget-sow-editor-base\"\n\t\t\t\n\t\t>\n<div class=\"siteorigin-widget-tinymce textwidget\">\n\t<h3><strong>Certifica\u00e7\u00e3o<\/strong> ISO 14006<\/h3>\n<p>Gest\u00e3o ambiental no \u00e2mbito do design e desenvolvimento de produtos, contribuindo para a redu\u00e7\u00e3o do impacto ambiental ao longo do seu ciclo de vida.<\/p>\n<\/div>\n<\/div><\/div><\/div><\/div><\/div><\/div><div id=\"pg-gb3764-69db87ecabed0-5\"  class=\"panel-grid panel-has-style\" ><div class=\"border-top panel-row-style panel-row-style-for-gb3764-69db87ecabed0-5\" ><div id=\"pgc-gb3764-69db87ecabed0-5-0\"  class=\"panel-grid-cell\" ><div id=\"panel-gb3764-69db87ecabed0-5-0-0\" class=\"so-panel widget widget_sow-image panel-first-child panel-last-child\" data-index=\"9\" ><div\n\t\t\t\n\t\t\tclass=\"so-widget-sow-image so-widget-sow-image-default-8b5b6f678277-3764\"\n\t\t\t\n\t\t>\n<div class=\"sow-image-container\">\n\t\t<img \n\tsrc=\"https:\/\/notejido.com\/wp-content\/uploads\/2024\/07\/SELLO-ISO-13485_GENERICO-01.png\" width=\"1616\" height=\"1251\" srcset=\"https:\/\/notejido.com\/wp-content\/uploads\/2024\/07\/SELLO-ISO-13485_GENERICO-01.png 1616w, https:\/\/notejido.com\/wp-content\/uploads\/2024\/07\/SELLO-ISO-13485_GENERICO-01-388x300.png 388w, https:\/\/notejido.com\/wp-content\/uploads\/2024\/07\/SELLO-ISO-13485_GENERICO-01-1110x859.png 1110w, https:\/\/notejido.com\/wp-content\/uploads\/2024\/07\/SELLO-ISO-13485_GENERICO-01-768x595.png 768w, https:\/\/notejido.com\/wp-content\/uploads\/2024\/07\/SELLO-ISO-13485_GENERICO-01-1536x1189.png 1536w\" sizes=\"(max-width: 1616px) 100vw, 1616px\" alt=\"Certificaci\u00f3n de calidad ISO 13485\" \t\tclass=\"so-widget-image\"\/>\n\t<\/div>\n\n<\/div><\/div><\/div><div id=\"pgc-gb3764-69db87ecabed0-5-1\"  class=\"panel-grid-cell\" ><div id=\"panel-gb3764-69db87ecabed0-5-1-0\" class=\"so-panel widget widget_sow-editor panel-first-child panel-last-child\" data-index=\"10\" ><div class=\"panel-widget-style panel-widget-style-for-gb3764-69db87ecabed0-5-1-0\" ><div\n\t\t\t\n\t\t\tclass=\"so-widget-sow-editor so-widget-sow-editor-base\"\n\t\t\t\n\t\t>\n<div class=\"siteorigin-widget-tinymce textwidget\">\n\t<h3><strong>Certifica\u00e7\u00e3o<\/strong> ISO 13485<\/h3>\n<p>Certifica\u00e7\u00e3o internacional de gest\u00e3o da qualidade para fabrica\u00e7\u00e3o de produtos higi\u00eanicos e sanit\u00e1rios.<\/p>\n<\/div>\n<\/div><\/div><\/div><\/div><\/div><\/div><div id=\"pg-gb3764-69db87ecabed0-6\"  class=\"panel-grid panel-has-style\" ><div class=\"border-top panel-row-style panel-row-style-for-gb3764-69db87ecabed0-6\" ><div id=\"pgc-gb3764-69db87ecabed0-6-0\"  class=\"panel-grid-cell\" ><div id=\"panel-gb3764-69db87ecabed0-6-0-0\" class=\"so-panel widget widget_sow-image panel-first-child panel-last-child\" data-index=\"11\" ><div\n\t\t\t\n\t\t\tclass=\"so-widget-sow-image so-widget-sow-image-default-c67d20f9f743-3764\"\n\t\t\t\n\t\t>\n<div class=\"sow-image-container\">\n\t\t<img \n\tsrc=\"https:\/\/notejido.com\/wp-content\/uploads\/2024\/07\/PEFC-PRO-B-P.png\" width=\"553\" height=\"550\" srcset=\"https:\/\/notejido.com\/wp-content\/uploads\/2024\/07\/PEFC-PRO-B-P.png 553w, https:\/\/notejido.com\/wp-content\/uploads\/2024\/07\/PEFC-PRO-B-P-302x300.png 302w\" sizes=\"(max-width: 553px) 100vw, 553px\" alt=\"\" \t\tclass=\"so-widget-image\"\/>\n\t<\/div>\n\n<\/div><\/div><\/div><div id=\"pgc-gb3764-69db87ecabed0-6-1\"  class=\"panel-grid-cell\" ><div id=\"panel-gb3764-69db87ecabed0-6-1-0\" class=\"so-panel widget widget_sow-editor panel-first-child panel-last-child\" data-index=\"12\" ><div class=\"panel-widget-style panel-widget-style-for-gb3764-69db87ecabed0-6-1-0\" ><div\n\t\t\t\n\t\t\tclass=\"so-widget-sow-editor so-widget-sow-editor-base\"\n\t\t\t\n\t\t>\n<div class=\"siteorigin-widget-tinymce textwidget\">\n\t<h3>Gest\u00e3o PEFC<\/h3>\n<p>Garante que o papel utilizado no fabrico dos nossos sacos prov\u00e9m de florestas geridas de forma sustent\u00e1vel.<\/p>\n<\/div>\n<\/div><\/div><\/div><\/div><\/div><\/div><div id=\"pg-gb3764-69db87ecabed0-7\"  class=\"panel-grid panel-has-style\" ><div class=\"border-top panel-row-style panel-row-style-for-gb3764-69db87ecabed0-7\" ><div id=\"pgc-gb3764-69db87ecabed0-7-0\"  class=\"panel-grid-cell\" ><div id=\"panel-gb3764-69db87ecabed0-7-0-0\" class=\"so-panel widget widget_sow-image panel-first-child panel-last-child\" data-index=\"13\" ><div\n\t\t\t\n\t\t\tclass=\"so-widget-sow-image so-widget-sow-image-default-c67d20f9f743-3764\"\n\t\t\t\n\t\t>\n<div class=\"sow-image-container\">\n\t\t<img \n\tsrc=\"https:\/\/notejido.com\/wp-content\/uploads\/2019\/10\/oekotex.png\" width=\"584\" height=\"307\" srcset=\"https:\/\/notejido.com\/wp-content\/uploads\/2019\/10\/oekotex.png 584w, https:\/\/notejido.com\/wp-content\/uploads\/2019\/10\/oekotex-285x150.png 285w, https:\/\/notejido.com\/wp-content\/uploads\/2019\/10\/oekotex-571x300.png 571w\" sizes=\"(max-width: 584px) 100vw, 584px\" alt=\"\" \t\tclass=\"so-widget-image\"\/>\n\t<\/div>\n\n<\/div><\/div><\/div><div id=\"pgc-gb3764-69db87ecabed0-7-1\"  class=\"panel-grid-cell\" ><div id=\"panel-gb3764-69db87ecabed0-7-1-0\" class=\"so-panel widget widget_sow-editor panel-first-child panel-last-child\" data-index=\"14\" ><div class=\"panel-widget-style panel-widget-style-for-gb3764-69db87ecabed0-7-1-0\" ><div\n\t\t\t\n\t\t\tclass=\"so-widget-sow-editor so-widget-sow-editor-base\"\n\t\t\t\n\t\t>\n<div class=\"siteorigin-widget-tinymce textwidget\">\n\t<h3>Oekotex<strong><br \/>\n<\/strong><\/h3>\n<p>Garante que os t\u00eaxteis utilizados no fabrico dos nossos sacos n\u00e3o cont\u00eam nenhum tipo de subst\u00e2ncia qu\u00edmica t\u00f3xica na sua composi\u00e7\u00e3o.<\/p>\n<\/div>\n<\/div><\/div><\/div><\/div><\/div><\/div><div id=\"pg-gb3764-69db87ecabed0-8\"  class=\"panel-grid panel-has-style\" ><div class=\"border-top panel-row-style panel-row-style-for-gb3764-69db87ecabed0-8\" ><div id=\"pgc-gb3764-69db87ecabed0-8-0\"  class=\"panel-grid-cell\" ><div id=\"panel-gb3764-69db87ecabed0-8-0-0\" class=\"so-panel widget widget_sow-image panel-first-child panel-last-child\" data-index=\"15\" ><div\n\t\t\t\n\t\t\tclass=\"so-widget-sow-image so-widget-sow-image-default-c67d20f9f743-3764\"\n\t\t\t\n\t\t>\n<div class=\"sow-image-container\">\n\t\t<img \n\tsrc=\"https:\/\/notejido.com\/wp-content\/uploads\/2025\/09\/ecovadis2025-300x300.png\" width=\"150\" height=\"150\" srcset=\"https:\/\/notejido.com\/wp-content\/uploads\/2025\/09\/ecovadis2025-300x300.png 300w, https:\/\/notejido.com\/wp-content\/uploads\/2025\/09\/ecovadis2025-1024x1024.png 1024w, https:\/\/notejido.com\/wp-content\/uploads\/2025\/09\/ecovadis2025-768x768.png 768w, https:\/\/notejido.com\/wp-content\/uploads\/2025\/09\/ecovadis2025-1536x1536.png 1536w, https:\/\/notejido.com\/wp-content\/uploads\/2025\/09\/ecovadis2025.png 1667w\" sizes=\"(max-width: 150px) 100vw, 150px\" title=\"Certificato ecovadis\" alt=\"Certificato ecovadis\" \t\tclass=\"so-widget-image\"\/>\n\t<\/div>\n\n<\/div><\/div><\/div><div id=\"pgc-gb3764-69db87ecabed0-8-1\"  class=\"panel-grid-cell\" ><div id=\"panel-gb3764-69db87ecabed0-8-1-0\" class=\"so-panel widget widget_sow-editor panel-first-child panel-last-child\" data-index=\"16\" ><div class=\"panel-widget-style panel-widget-style-for-gb3764-69db87ecabed0-8-1-0\" ><div\n\t\t\t\n\t\t\tclass=\"so-widget-sow-editor so-widget-sow-editor-base\"\n\t\t\t\n\t\t>\n<div class=\"siteorigin-widget-tinymce textwidget\">\n\t<h3><strong>Ecovadis<br \/>\n<\/strong><\/h3>\n<p>Reconhecimento do nosso desempenho ambiental e do nosso compromisso \u00e9tico e social.<\/p>\n<\/div>\n<\/div><\/div><\/div><\/div><\/div><\/div><div id=\"pg-gb3764-69db87ecabed0-9\"  class=\"panel-grid panel-has-style\" ><div class=\"border-top panel-row-style panel-row-style-for-gb3764-69db87ecabed0-9\" ><div id=\"pgc-gb3764-69db87ecabed0-9-0\"  class=\"panel-grid-cell panel-grid-cell-empty panel-grid-cell-mobile-last\" ><\/div><div id=\"pgc-gb3764-69db87ecabed0-9-1\"  class=\"panel-grid-cell panel-grid-cell-empty\" ><\/div><\/div><\/div><div id=\"pg-gb3764-69db87ecabed0-10\"  class=\"panel-grid panel-no-style\" ><div id=\"pgc-gb3764-69db87ecabed0-10-0\"  class=\"panel-grid-cell\" ><div id=\"panel-gb3764-69db87ecabed0-10-0-0\" class=\"so-panel widget widget_sow-editor panel-first-child panel-last-child\" data-index=\"17\" ><div\n\t\t\t\n\t\t\tclass=\"so-widget-sow-editor so-widget-sow-editor-base\"\n\t\t\t\n\t\t>\n<div class=\"siteorigin-widget-tinymce textwidget\">\n\t<p style=\"text-align: center;\">A <strong>Pol\u00edtica de Gest\u00e3o Integrada do Grupo Dise\u00f1os NT<\/strong>, um grupo do qual fazemos parte, est\u00e1 dispon\u00edvel <strong><a href=\"https:\/\/notejido.com\/wp-content\/uploads\/2026\/04\/Politica-de-Calidad-Grupo-Rev.-8-feb-26.pdf\" target=\"_blank\" rel=\"noopener noreferrer\">aqui<\/a><\/strong> para todas as partes interessadas. Pode acceder aos nossos certificados <a href=\"mailto:info@notejido.com?subject=CERTIFICADOS%DE%CALIDAD\">aqui<\/a>.<\/p>\n<\/div>\n<\/div><\/div><\/div><\/div><\/div>","protected":false},"excerpt":{"rendered":"<p>As seguintes certifica\u00e7\u00f5es apoiam o nosso desejo de melhoria cont\u00ednua e garantem o nosso compromisso com a qualidade e a [&hellip;]<\/p>\n","protected":false},"author":2,"featured_media":7639,"parent":0,"menu_order":75,"comment_status":"closed","ping_status":"closed","template":"","meta":{"_acf_changed":false,"footnotes":""},"class_list":["post-3764","page","type-page","status-publish","has-post-thumbnail","hentry"],"acf":[],"yoast_head":"<!-- This site is optimized with the Yoast SEO plugin v27.3 - https:\/\/yoast.com\/product\/yoast-seo-wordpress\/ -->\n<title>Qualidade - Disenos NT<\/title>\n<meta name=\"robots\" content=\"index, follow, max-snippet:-1, max-image-preview:large, max-video-preview:-1\" \/>\n<link rel=\"canonical\" href=\"https:\/\/notejido.com\/pt-pt\/calidad\/\" \/>\n<meta property=\"og:locale\" content=\"pt_PT\" \/>\n<meta property=\"og:type\" content=\"article\" \/>\n<meta property=\"og:title\" content=\"Qualidade - Disenos NT\" \/>\n<meta property=\"og:description\" content=\"As seguintes certifica\u00e7\u00f5es apoiam o nosso desejo de melhoria cont\u00ednua e garantem o nosso compromisso com a qualidade e a [&hellip;]\" \/>\n<meta property=\"og:url\" content=\"https:\/\/notejido.com\/pt-pt\/calidad\/\" \/>\n<meta property=\"og:site_name\" content=\"Disenos NT\" \/>\n<meta property=\"article:modified_time\" content=\"2026-04-06T11:34:07+00:00\" \/>\n<meta property=\"og:image\" content=\"https:\/\/notejido.com\/wp-content\/uploads\/2024\/07\/CALIDAD-PORTADA.jpg\" \/>\n\t<meta property=\"og:image:width\" content=\"1898\" \/>\n\t<meta property=\"og:image:height\" content=\"681\" \/>\n\t<meta property=\"og:image:type\" content=\"image\/jpeg\" \/>\n<meta name=\"twitter:card\" content=\"summary_large_image\" \/>\n<meta name=\"twitter:label1\" content=\"Tempo estimado de leitura\" \/>\n\t<meta name=\"twitter:data1\" content=\"3 minutos\" \/>\n<script type=\"application\/ld+json\" class=\"yoast-schema-graph\">{\"@context\":\"https:\\\/\\\/schema.org\",\"@graph\":[{\"@type\":\"WebPage\",\"@id\":\"https:\\\/\\\/notejido.com\\\/pt-pt\\\/calidad\\\/\",\"url\":\"https:\\\/\\\/notejido.com\\\/pt-pt\\\/calidad\\\/\",\"name\":\"Qualidade - Disenos NT\",\"isPartOf\":{\"@id\":\"https:\\\/\\\/notejido.com\\\/pt-pt\\\/#website\"},\"primaryImageOfPage\":{\"@id\":\"https:\\\/\\\/notejido.com\\\/pt-pt\\\/calidad\\\/#primaryimage\"},\"image\":{\"@id\":\"https:\\\/\\\/notejido.com\\\/pt-pt\\\/calidad\\\/#primaryimage\"},\"thumbnailUrl\":\"https:\\\/\\\/notejido.com\\\/wp-content\\\/uploads\\\/2024\\\/07\\\/CALIDAD-PORTADA.jpg\",\"datePublished\":\"2019-10-27T11:17:36+00:00\",\"dateModified\":\"2026-04-06T11:34:07+00:00\",\"breadcrumb\":{\"@id\":\"https:\\\/\\\/notejido.com\\\/pt-pt\\\/calidad\\\/#breadcrumb\"},\"inLanguage\":\"pt-PT\",\"potentialAction\":[{\"@type\":\"ReadAction\",\"target\":[\"https:\\\/\\\/notejido.com\\\/pt-pt\\\/calidad\\\/\"]}]},{\"@type\":\"ImageObject\",\"inLanguage\":\"pt-PT\",\"@id\":\"https:\\\/\\\/notejido.com\\\/pt-pt\\\/calidad\\\/#primaryimage\",\"url\":\"https:\\\/\\\/notejido.com\\\/wp-content\\\/uploads\\\/2024\\\/07\\\/CALIDAD-PORTADA.jpg\",\"contentUrl\":\"https:\\\/\\\/notejido.com\\\/wp-content\\\/uploads\\\/2024\\\/07\\\/CALIDAD-PORTADA.jpg\",\"width\":1898,\"height\":681,\"caption\":\"Calidad\"},{\"@type\":\"BreadcrumbList\",\"@id\":\"https:\\\/\\\/notejido.com\\\/pt-pt\\\/calidad\\\/#breadcrumb\",\"itemListElement\":[{\"@type\":\"ListItem\",\"position\":1,\"name\":\"Portada\",\"item\":\"https:\\\/\\\/notejido.com\\\/pt-pt\\\/\"},{\"@type\":\"ListItem\",\"position\":2,\"name\":\"Qualidade\"}]},{\"@type\":\"WebSite\",\"@id\":\"https:\\\/\\\/notejido.com\\\/pt-pt\\\/#website\",\"url\":\"https:\\\/\\\/notejido.com\\\/pt-pt\\\/\",\"name\":\"Disenos NT\",\"description\":\"Bolsas reutilizables, art\u00edculos higi\u00e9nicos-sanitarios, manteles desechables  y otro packaging promocional en material flexible\",\"potentialAction\":[{\"@type\":\"SearchAction\",\"target\":{\"@type\":\"EntryPoint\",\"urlTemplate\":\"https:\\\/\\\/notejido.com\\\/pt-pt\\\/?s={search_term_string}\"},\"query-input\":{\"@type\":\"PropertyValueSpecification\",\"valueRequired\":true,\"valueName\":\"search_term_string\"}}],\"inLanguage\":\"pt-PT\"}]}<\/script>\n<!-- \/ Yoast SEO plugin. -->","yoast_head_json":{"title":"Qualidade - Disenos NT","robots":{"index":"index","follow":"follow","max-snippet":"max-snippet:-1","max-image-preview":"max-image-preview:large","max-video-preview":"max-video-preview:-1"},"canonical":"https:\/\/notejido.com\/pt-pt\/calidad\/","og_locale":"pt_PT","og_type":"article","og_title":"Qualidade - Disenos NT","og_description":"As seguintes certifica\u00e7\u00f5es apoiam o nosso desejo de melhoria cont\u00ednua e garantem o nosso compromisso com a qualidade e a [&hellip;]","og_url":"https:\/\/notejido.com\/pt-pt\/calidad\/","og_site_name":"Disenos NT","article_modified_time":"2026-04-06T11:34:07+00:00","og_image":[{"width":1898,"height":681,"url":"https:\/\/notejido.com\/wp-content\/uploads\/2024\/07\/CALIDAD-PORTADA.jpg","type":"image\/jpeg"}],"twitter_card":"summary_large_image","twitter_misc":{"Tempo estimado de leitura":"3 minutos"},"schema":{"@context":"https:\/\/schema.org","@graph":[{"@type":"WebPage","@id":"https:\/\/notejido.com\/pt-pt\/calidad\/","url":"https:\/\/notejido.com\/pt-pt\/calidad\/","name":"Qualidade - Disenos NT","isPartOf":{"@id":"https:\/\/notejido.com\/pt-pt\/#website"},"primaryImageOfPage":{"@id":"https:\/\/notejido.com\/pt-pt\/calidad\/#primaryimage"},"image":{"@id":"https:\/\/notejido.com\/pt-pt\/calidad\/#primaryimage"},"thumbnailUrl":"https:\/\/notejido.com\/wp-content\/uploads\/2024\/07\/CALIDAD-PORTADA.jpg","datePublished":"2019-10-27T11:17:36+00:00","dateModified":"2026-04-06T11:34:07+00:00","breadcrumb":{"@id":"https:\/\/notejido.com\/pt-pt\/calidad\/#breadcrumb"},"inLanguage":"pt-PT","potentialAction":[{"@type":"ReadAction","target":["https:\/\/notejido.com\/pt-pt\/calidad\/"]}]},{"@type":"ImageObject","inLanguage":"pt-PT","@id":"https:\/\/notejido.com\/pt-pt\/calidad\/#primaryimage","url":"https:\/\/notejido.com\/wp-content\/uploads\/2024\/07\/CALIDAD-PORTADA.jpg","contentUrl":"https:\/\/notejido.com\/wp-content\/uploads\/2024\/07\/CALIDAD-PORTADA.jpg","width":1898,"height":681,"caption":"Calidad"},{"@type":"BreadcrumbList","@id":"https:\/\/notejido.com\/pt-pt\/calidad\/#breadcrumb","itemListElement":[{"@type":"ListItem","position":1,"name":"Portada","item":"https:\/\/notejido.com\/pt-pt\/"},{"@type":"ListItem","position":2,"name":"Qualidade"}]},{"@type":"WebSite","@id":"https:\/\/notejido.com\/pt-pt\/#website","url":"https:\/\/notejido.com\/pt-pt\/","name":"Disenos NT","description":"Bolsas reutilizables, art\u00edculos higi\u00e9nicos-sanitarios, manteles desechables  y otro packaging promocional en material flexible","potentialAction":[{"@type":"SearchAction","target":{"@type":"EntryPoint","urlTemplate":"https:\/\/notejido.com\/pt-pt\/?s={search_term_string}"},"query-input":{"@type":"PropertyValueSpecification","valueRequired":true,"valueName":"search_term_string"}}],"inLanguage":"pt-PT"}]}},"_links":{"self":[{"href":"https:\/\/notejido.com\/pt-pt\/wp-json\/wp\/v2\/pages\/3764","targetHints":{"allow":["GET"]}}],"collection":[{"href":"https:\/\/notejido.com\/pt-pt\/wp-json\/wp\/v2\/pages"}],"about":[{"href":"https:\/\/notejido.com\/pt-pt\/wp-json\/wp\/v2\/types\/page"}],"author":[{"embeddable":true,"href":"https:\/\/notejido.com\/pt-pt\/wp-json\/wp\/v2\/users\/2"}],"replies":[{"embeddable":true,"href":"https:\/\/notejido.com\/pt-pt\/wp-json\/wp\/v2\/comments?post=3764"}],"version-history":[{"count":4,"href":"https:\/\/notejido.com\/pt-pt\/wp-json\/wp\/v2\/pages\/3764\/revisions"}],"predecessor-version":[{"id":10717,"href":"https:\/\/notejido.com\/pt-pt\/wp-json\/wp\/v2\/pages\/3764\/revisions\/10717"}],"wp:featuredmedia":[{"embeddable":true,"href":"https:\/\/notejido.com\/pt-pt\/wp-json\/wp\/v2\/media\/7639"}],"wp:attachment":[{"href":"https:\/\/notejido.com\/pt-pt\/wp-json\/wp\/v2\/media?parent=3764"}],"curies":[{"name":"wp","href":"https:\/\/api.w.org\/{rel}","templated":true}]}}