{"id":3873,"date":"2019-10-30T10:00:59","date_gmt":"2019-10-30T10:00:59","guid":{"rendered":"https:\/\/notejido.com\/compra-on-line\/"},"modified":"2020-05-05T12:41:34","modified_gmt":"2020-05-05T12:41:34","slug":"compra-on-line","status":"publish","type":"page","link":"https:\/\/notejido.com\/pt-pt\/compra-on-line\/","title":{"rendered":"Compra on line"},"content":{"rendered":"<div id=\"pl-gb3873-69d041be37bd1\"  class=\"panel-layout\" ><div id=\"pg-gb3873-69d041be37bd1-0\"  class=\"panel-grid panel-has-style\" ><div class=\"section-intro panel-row-style panel-row-style-for-gb3873-69d041be37bd1-0\" ><div id=\"pgc-gb3873-69d041be37bd1-0-0\"  class=\"panel-grid-cell\" ><div id=\"panel-gb3873-69d041be37bd1-0-0-0\" class=\"so-panel widget widget_sow-editor panel-first-child panel-last-child\" data-index=\"0\" ><div\n\t\t\t\n\t\t\tclass=\"so-widget-sow-editor so-widget-sow-editor-base\"\n\t\t\t\n\t\t>\n<div class=\"siteorigin-widget-tinymce textwidget\">\n\t<p>Em <strong>BAGS COLLECTION <\/strong>poder\u00e1s comprar todo tipo de <strong>sacos reutiliz\u00e1veis em stock<\/strong>. Muitos modelos e tamanhos dispon\u00edveis em diferentes materiais, como n\u00e3o tecidos, r\u00e1fia, algod\u00e3o, papel, PET reciclado, entre outros.<\/p>\n<p>Se precisa de <strong>sacos e capas personalizadas<\/strong>, este \u00e9 o seu lugar! Fabricamos todos os tipos de <strong>embalagens de material flex\u00edvel<\/strong>.<\/p>\n<p>Al\u00e9m disso, os profissionais do canal <strong>HoReCa e Food Service<\/strong> encontrar\u00e3o na nova marca <strong>NWN<\/strong>, a mais ampla gama de toalhas de mesa descart\u00e1veis de tela n\u00e3o tecida A maneira mais f\u00e1cil, confort\u00e1vel e econ\u00f3mica de vestir a sua mesa!<\/p>\n<p>E, em breve, vestidos, chap\u00e9us, m\u00e1scaras, capas de sapatos e outras roupas descart\u00e1veis na nova linha <strong>DPPE,<\/strong> especializada em prote\u00e7\u00e3o, seguran\u00e7a e higiene profissional.<\/p>\n<p>Temos tudo o que precisa para o seu neg\u00f3cio ao melhor pre\u00e7o e com a garantia do Grupo Dise\u00f1os NT.<\/p>\n<\/div>\n<\/div><\/div><\/div><\/div><\/div><div id=\"pg-gb3873-69d041be37bd1-1\"  class=\"panel-grid panel-has-style\" ><div class=\"section-online panel-row-style panel-row-style-for-gb3873-69d041be37bd1-1\" ><div id=\"pgc-gb3873-69d041be37bd1-1-0\"  class=\"panel-grid-cell\" ><div class=\"section-online-item panel-cell-style panel-cell-style-for-gb3873-69d041be37bd1-1-0\" ><div id=\"panel-gb3873-69d041be37bd1-1-0-0\" class=\"so-panel widget widget_sow-image panel-first-child\" data-index=\"1\" ><div class=\"shop-item-img panel-widget-style panel-widget-style-for-gb3873-69d041be37bd1-1-0-0\" ><div\n\t\t\t\n\t\t\tclass=\"so-widget-sow-image so-widget-sow-image-default-8b5b6f678277-3873\"\n\t\t\t\n\t\t>\n<div class=\"sow-image-container\">\n\t\t<img \n\tsrc=\"https:\/\/notejido.com\/wp-content\/uploads\/2019\/11\/production-hover.jpg\" width=\"500\" height=\"500\" srcset=\"https:\/\/notejido.com\/wp-content\/uploads\/2019\/11\/production-hover.jpg 500w, https:\/\/notejido.com\/wp-content\/uploads\/2019\/11\/production-hover-300x300.jpg 300w\" sizes=\"(max-width: 500px) 100vw, 500px\" alt=\"\" \t\tclass=\"so-widget-image\"\/>\n\t<\/div>\n\n<\/div><\/div><\/div><div id=\"panel-gb3873-69d041be37bd1-1-0-1\" class=\"so-panel widget widget_sow-image\" data-index=\"2\" ><div\n\t\t\t\n\t\t\tclass=\"so-widget-sow-image so-widget-sow-image-default-c67d20f9f743-3873\"\n\t\t\t\n\t\t><\/div><\/div><div id=\"panel-gb3873-69d041be37bd1-1-0-2\" class=\"so-panel widget widget_sow-editor panel-last-child\" data-index=\"3\" ><div\n\t\t\t\n\t\t\tclass=\"so-widget-sow-editor so-widget-sow-editor-base\"\n\t\t\t\n\t\t>\n<div class=\"siteorigin-widget-tinymce textwidget\">\n\t<h3>Precisas de sacos personalizados \u00e0 medida?<\/h3>\n<p>Os nossos especialistas em packaging personalizado entrar\u00e3o em contato para escolher a solu\u00e7\u00e3o que melhor se adapte \u00e0s necessidades da sua marca ou empresa.<\/p>\n<\/div>\n<\/div><\/div><\/div><\/div><div id=\"pgc-gb3873-69d041be37bd1-1-1\"  class=\"panel-grid-cell\" ><div class=\"section-online-item panel-cell-style panel-cell-style-for-gb3873-69d041be37bd1-1-1\" ><div id=\"panel-gb3873-69d041be37bd1-1-1-0\" class=\"so-panel widget widget_sow-image panel-first-child\" data-index=\"4\" ><div class=\"shop-item-img panel-widget-style panel-widget-style-for-gb3873-69d041be37bd1-1-1-0\" ><div\n\t\t\t\n\t\t\tclass=\"so-widget-sow-image so-widget-sow-image-default-8b5b6f678277-3873\"\n\t\t\t\n\t\t>\n<div class=\"sow-image-container\">\n\t\t<img \n\tsrc=\"https:\/\/notejido.com\/wp-content\/uploads\/2019\/11\/collection-hover.jpg\" width=\"500\" height=\"500\" srcset=\"https:\/\/notejido.com\/wp-content\/uploads\/2019\/11\/collection-hover.jpg 500w, https:\/\/notejido.com\/wp-content\/uploads\/2019\/11\/collection-hover-300x300.jpg 300w\" sizes=\"(max-width: 500px) 100vw, 500px\" alt=\"\" \t\tclass=\"so-widget-image\"\/>\n\t<\/div>\n\n<\/div><\/div><\/div><div id=\"panel-gb3873-69d041be37bd1-1-1-1\" class=\"so-panel widget widget_sow-image\" data-index=\"5\" ><div\n\t\t\t\n\t\t\tclass=\"so-widget-sow-image so-widget-sow-image-default-c67d20f9f743-3873\"\n\t\t\t\n\t\t><\/div><\/div><div id=\"panel-gb3873-69d041be37bd1-1-1-2\" class=\"so-panel widget widget_sow-editor panel-last-child\" data-index=\"6\" ><div\n\t\t\t\n\t\t\tclass=\"so-widget-sow-editor so-widget-sow-editor-base\"\n\t\t\t\n\t\t>\n<div class=\"siteorigin-widget-tinymce textwidget\">\n\t<h3>Os teus sacos dispon\u00edveis em apenas 48H!<\/h3>\n<p>A maior variedade de sacos reutiliz\u00e1veis em stock do mercado, em cores lisas ou impressas. E se precisar de personaliz\u00e1-los com o seu logotipo ou imagem da marca, lembre-se que oferecemos um servi\u00e7o de impress\u00e3o de alta qualidade a um pre\u00e7o imbat\u00edvel.<br \/>\n<a target=\"_blank\" href=\"https:\/\/dntbags.com\"><\/a><\/p>\n<\/div>\n<\/div><\/div><\/div><\/div><\/div><\/div><div id=\"pg-gb3873-69d041be37bd1-2\"  class=\"panel-grid panel-has-style\" ><div class=\"section-online panel-row-style panel-row-style-for-gb3873-69d041be37bd1-2\" ><div id=\"pgc-gb3873-69d041be37bd1-2-0\"  class=\"panel-grid-cell\" ><div class=\"section-online-item panel-cell-style panel-cell-style-for-gb3873-69d041be37bd1-2-0\" ><div id=\"panel-gb3873-69d041be37bd1-2-0-0\" class=\"so-panel widget widget_sow-image panel-first-child\" data-index=\"7\" ><div class=\"shop-item-img panel-widget-style panel-widget-style-for-gb3873-69d041be37bd1-2-0-0\" ><div\n\t\t\t\n\t\t\tclass=\"so-widget-sow-image so-widget-sow-image-default-8b5b6f678277-3873\"\n\t\t\t\n\t\t>\n<div class=\"sow-image-container\">\n\t\t<img \n\tsrc=\"https:\/\/notejido.com\/wp-content\/uploads\/2019\/11\/nwn-hover.jpg\" width=\"500\" height=\"500\" srcset=\"https:\/\/notejido.com\/wp-content\/uploads\/2019\/11\/nwn-hover.jpg 500w, https:\/\/notejido.com\/wp-content\/uploads\/2019\/11\/nwn-hover-300x300.jpg 300w\" sizes=\"(max-width: 500px) 100vw, 500px\" alt=\"\" \t\tclass=\"so-widget-image\"\/>\n\t<\/div>\n\n<\/div><\/div><\/div><div id=\"panel-gb3873-69d041be37bd1-2-0-1\" class=\"so-panel widget widget_sow-image\" data-index=\"8\" ><div\n\t\t\t\n\t\t\tclass=\"so-widget-sow-image so-widget-sow-image-default-c67d20f9f743-3873\"\n\t\t\t\n\t\t>\n<div class=\"sow-image-container\">\n\t\t<img \n\tsrc=\"https:\/\/notejido.com\/wp-content\/uploads\/2019\/11\/nwn-02.png\" width=\"128\" height=\"186\" sizes=\"(max-width: 128px) 100vw, 128px\" alt=\"\" \t\tclass=\"so-widget-image\"\/>\n\t<\/div>\n\n<\/div><\/div><div id=\"panel-gb3873-69d041be37bd1-2-0-2\" class=\"so-panel widget widget_sow-editor panel-last-child\" data-index=\"9\" ><div\n\t\t\t\n\t\t\tclass=\"so-widget-sow-editor so-widget-sow-editor-base\"\n\t\t\t\n\t\t>\n<div class=\"siteorigin-widget-tinymce textwidget\">\n\t<h3>Non Woven Table Linens<\/h3>\n<p>Descubra a nova linha de toalhas de mesa descart\u00e1veis de tela n\u00e3o tecida. Toalhas de mesa que combinam funcionalidade, seguran\u00e7a e design.<br \/>\n<a target=\"_blank\" href=\"http:\/\/nwnfoodservice.com\"><\/a><\/p>\n<\/div>\n<\/div><\/div><\/div><\/div><div id=\"pgc-gb3873-69d041be37bd1-2-1\"  class=\"panel-grid-cell\" ><div class=\"section-online-item panel-cell-style panel-cell-style-for-gb3873-69d041be37bd1-2-1\" ><div id=\"panel-gb3873-69d041be37bd1-2-1-0\" class=\"so-panel widget widget_sow-image panel-first-child\" data-index=\"10\" ><div class=\"shop-item-img panel-widget-style panel-widget-style-for-gb3873-69d041be37bd1-2-1-0\" ><div\n\t\t\t\n\t\t\tclass=\"so-widget-sow-image so-widget-sow-image-default-8b5b6f678277-3873\"\n\t\t\t\n\t\t>\n<div class=\"sow-image-container\">\n\t\t<img \n\tsrc=\"https:\/\/notejido.com\/wp-content\/uploads\/2019\/11\/dppe-hover.jpg\" width=\"500\" height=\"500\" srcset=\"https:\/\/notejido.com\/wp-content\/uploads\/2019\/11\/dppe-hover.jpg 500w, https:\/\/notejido.com\/wp-content\/uploads\/2019\/11\/dppe-hover-300x300.jpg 300w\" sizes=\"(max-width: 500px) 100vw, 500px\" alt=\"\" \t\tclass=\"so-widget-image\"\/>\n\t<\/div>\n\n<\/div><\/div><\/div><div id=\"panel-gb3873-69d041be37bd1-2-1-1\" class=\"so-panel widget widget_sow-image\" data-index=\"11\" ><div\n\t\t\t\n\t\t\tclass=\"so-widget-sow-image so-widget-sow-image-default-c67d20f9f743-3873\"\n\t\t\t\n\t\t>\n<div class=\"sow-image-container\">\n\t\t<img \n\tsrc=\"https:\/\/notejido.com\/wp-content\/uploads\/2020\/05\/LOGO-DNT-PROTECTION-BLANCO.jpg\" width=\"720\" height=\"720\" srcset=\"https:\/\/notejido.com\/wp-content\/uploads\/2020\/05\/LOGO-DNT-PROTECTION-BLANCO.jpg 720w, https:\/\/notejido.com\/wp-content\/uploads\/2020\/05\/LOGO-DNT-PROTECTION-BLANCO-300x300.jpg 300w\" sizes=\"(max-width: 720px) 100vw, 720px\" alt=\"DNT PROTECTION\" \t\tclass=\"so-widget-image\"\/>\n\t<\/div>\n\n<\/div><\/div><div id=\"panel-gb3873-69d041be37bd1-2-1-2\" class=\"so-panel widget widget_sow-editor panel-last-child\" data-index=\"12\" ><div\n\t\t\t\n\t\t\tclass=\"so-widget-sow-editor so-widget-sow-editor-base\"\n\t\t\t\n\t\t>\n<div class=\"siteorigin-widget-tinymce textwidget\">\n\t<h3>Disposable Personal Protective Equipment<\/h3>\n<p>Roupas de trabalho descart\u00e1veis: vestidos, chap\u00e9us, m\u00e1scaras, cal\u00e7ados&#8230;<br \/>\n<a target=\"_blank\" href=\"https:\/\/catalogue.dntprotection.com\/en\"><\/a><\/p>\n<\/div>\n<\/div><\/div><\/div><\/div><\/div><\/div><\/div>\n\n\n<p><\/p>\n","protected":false},"excerpt":{"rendered":"<p>Em BAGS COLLECTION poder\u00e1s comprar todo tipo de sacos reutiliz\u00e1veis em stock. Muitos modelos e tamanhos dispon\u00edveis em diferentes materiais, [&hellip;]<\/p>\n","protected":false},"author":2,"featured_media":3875,"parent":0,"menu_order":64,"comment_status":"closed","ping_status":"closed","template":"","meta":{"_acf_changed":false,"footnotes":""},"class_list":["post-3873","page","type-page","status-publish","has-post-thumbnail","hentry"],"acf":[],"yoast_head":"<!-- This site is optimized with the Yoast SEO plugin v27.2 - https:\/\/yoast.com\/product\/yoast-seo-wordpress\/ -->\n<title>Compra on line - Disenos NT<\/title>\n<meta name=\"robots\" content=\"index, follow, max-snippet:-1, max-image-preview:large, max-video-preview:-1\" \/>\n<link rel=\"canonical\" href=\"https:\/\/notejido.com\/pt-pt\/compra-on-line\/\" \/>\n<meta property=\"og:locale\" content=\"pt_PT\" \/>\n<meta property=\"og:type\" content=\"article\" \/>\n<meta property=\"og:title\" content=\"Compra on line - Disenos NT\" \/>\n<meta property=\"og:description\" content=\"Em BAGS COLLECTION poder\u00e1s comprar todo tipo de sacos reutiliz\u00e1veis em stock. Muitos modelos e tamanhos dispon\u00edveis em diferentes materiais, [&hellip;]\" \/>\n<meta property=\"og:url\" content=\"https:\/\/notejido.com\/pt-pt\/compra-on-line\/\" \/>\n<meta property=\"og:site_name\" content=\"Disenos NT\" \/>\n<meta property=\"article:modified_time\" content=\"2020-05-05T12:41:34+00:00\" \/>\n<meta property=\"og:image\" content=\"https:\/\/notejido.com\/wp-content\/uploads\/2019\/11\/bg-shop.jpg\" \/>\n\t<meta property=\"og:image:width\" content=\"1600\" \/>\n\t<meta property=\"og:image:height\" content=\"1000\" \/>\n\t<meta property=\"og:image:type\" content=\"image\/jpeg\" \/>\n<meta name=\"twitter:card\" content=\"summary_large_image\" \/>\n<script type=\"application\/ld+json\" class=\"yoast-schema-graph\">{\"@context\":\"https:\/\/schema.org\",\"@graph\":[{\"@type\":\"WebPage\",\"@id\":\"https:\/\/notejido.com\/pt-pt\/compra-on-line\/\",\"url\":\"https:\/\/notejido.com\/pt-pt\/compra-on-line\/\",\"name\":\"Compra on line - Disenos NT\",\"isPartOf\":{\"@id\":\"https:\/\/notejido.com\/pt-pt\/#website\"},\"primaryImageOfPage\":{\"@id\":\"https:\/\/notejido.com\/pt-pt\/compra-on-line\/#primaryimage\"},\"image\":{\"@id\":\"https:\/\/notejido.com\/pt-pt\/compra-on-line\/#primaryimage\"},\"thumbnailUrl\":\"https:\/\/notejido.com\/wp-content\/uploads\/2019\/11\/bg-shop.jpg\",\"datePublished\":\"2019-10-30T10:00:59+00:00\",\"dateModified\":\"2020-05-05T12:41:34+00:00\",\"breadcrumb\":{\"@id\":\"https:\/\/notejido.com\/pt-pt\/compra-on-line\/#breadcrumb\"},\"inLanguage\":\"pt-PT\",\"potentialAction\":[{\"@type\":\"ReadAction\",\"target\":[\"https:\/\/notejido.com\/pt-pt\/compra-on-line\/\"]}]},{\"@type\":\"ImageObject\",\"inLanguage\":\"pt-PT\",\"@id\":\"https:\/\/notejido.com\/pt-pt\/compra-on-line\/#primaryimage\",\"url\":\"https:\/\/notejido.com\/wp-content\/uploads\/2019\/11\/bg-shop.jpg\",\"contentUrl\":\"https:\/\/notejido.com\/wp-content\/uploads\/2019\/11\/bg-shop.jpg\",\"width\":1600,\"height\":1000},{\"@type\":\"BreadcrumbList\",\"@id\":\"https:\/\/notejido.com\/pt-pt\/compra-on-line\/#breadcrumb\",\"itemListElement\":[{\"@type\":\"ListItem\",\"position\":1,\"name\":\"Portada\",\"item\":\"https:\/\/notejido.com\/pt-pt\/\"},{\"@type\":\"ListItem\",\"position\":2,\"name\":\"Compra on line\"}]},{\"@type\":\"WebSite\",\"@id\":\"https:\/\/notejido.com\/pt-pt\/#website\",\"url\":\"https:\/\/notejido.com\/pt-pt\/\",\"name\":\"Disenos NT\",\"description\":\"Bolsas reutilizables, art\u00edculos higi\u00e9nicos-sanitarios, manteles desechables  y otro packaging promocional en material flexible\",\"potentialAction\":[{\"@type\":\"SearchAction\",\"target\":{\"@type\":\"EntryPoint\",\"urlTemplate\":\"https:\/\/notejido.com\/pt-pt\/?s={search_term_string}\"},\"query-input\":{\"@type\":\"PropertyValueSpecification\",\"valueRequired\":true,\"valueName\":\"search_term_string\"}}],\"inLanguage\":\"pt-PT\"}]}<\/script>\n<!-- \/ Yoast SEO plugin. -->","yoast_head_json":{"title":"Compra on line - Disenos NT","robots":{"index":"index","follow":"follow","max-snippet":"max-snippet:-1","max-image-preview":"max-image-preview:large","max-video-preview":"max-video-preview:-1"},"canonical":"https:\/\/notejido.com\/pt-pt\/compra-on-line\/","og_locale":"pt_PT","og_type":"article","og_title":"Compra on line - Disenos NT","og_description":"Em BAGS COLLECTION poder\u00e1s comprar todo tipo de sacos reutiliz\u00e1veis em stock. Muitos modelos e tamanhos dispon\u00edveis em diferentes materiais, [&hellip;]","og_url":"https:\/\/notejido.com\/pt-pt\/compra-on-line\/","og_site_name":"Disenos NT","article_modified_time":"2020-05-05T12:41:34+00:00","og_image":[{"width":1600,"height":1000,"url":"https:\/\/notejido.com\/wp-content\/uploads\/2019\/11\/bg-shop.jpg","type":"image\/jpeg"}],"twitter_card":"summary_large_image","schema":{"@context":"https:\/\/schema.org","@graph":[{"@type":"WebPage","@id":"https:\/\/notejido.com\/pt-pt\/compra-on-line\/","url":"https:\/\/notejido.com\/pt-pt\/compra-on-line\/","name":"Compra on line - Disenos NT","isPartOf":{"@id":"https:\/\/notejido.com\/pt-pt\/#website"},"primaryImageOfPage":{"@id":"https:\/\/notejido.com\/pt-pt\/compra-on-line\/#primaryimage"},"image":{"@id":"https:\/\/notejido.com\/pt-pt\/compra-on-line\/#primaryimage"},"thumbnailUrl":"https:\/\/notejido.com\/wp-content\/uploads\/2019\/11\/bg-shop.jpg","datePublished":"2019-10-30T10:00:59+00:00","dateModified":"2020-05-05T12:41:34+00:00","breadcrumb":{"@id":"https:\/\/notejido.com\/pt-pt\/compra-on-line\/#breadcrumb"},"inLanguage":"pt-PT","potentialAction":[{"@type":"ReadAction","target":["https:\/\/notejido.com\/pt-pt\/compra-on-line\/"]}]},{"@type":"ImageObject","inLanguage":"pt-PT","@id":"https:\/\/notejido.com\/pt-pt\/compra-on-line\/#primaryimage","url":"https:\/\/notejido.com\/wp-content\/uploads\/2019\/11\/bg-shop.jpg","contentUrl":"https:\/\/notejido.com\/wp-content\/uploads\/2019\/11\/bg-shop.jpg","width":1600,"height":1000},{"@type":"BreadcrumbList","@id":"https:\/\/notejido.com\/pt-pt\/compra-on-line\/#breadcrumb","itemListElement":[{"@type":"ListItem","position":1,"name":"Portada","item":"https:\/\/notejido.com\/pt-pt\/"},{"@type":"ListItem","position":2,"name":"Compra on line"}]},{"@type":"WebSite","@id":"https:\/\/notejido.com\/pt-pt\/#website","url":"https:\/\/notejido.com\/pt-pt\/","name":"Disenos NT","description":"Bolsas reutilizables, art\u00edculos higi\u00e9nicos-sanitarios, manteles desechables  y otro packaging promocional en material flexible","potentialAction":[{"@type":"SearchAction","target":{"@type":"EntryPoint","urlTemplate":"https:\/\/notejido.com\/pt-pt\/?s={search_term_string}"},"query-input":{"@type":"PropertyValueSpecification","valueRequired":true,"valueName":"search_term_string"}}],"inLanguage":"pt-PT"}]}},"_links":{"self":[{"href":"https:\/\/notejido.com\/pt-pt\/wp-json\/wp\/v2\/pages\/3873","targetHints":{"allow":["GET"]}}],"collection":[{"href":"https:\/\/notejido.com\/pt-pt\/wp-json\/wp\/v2\/pages"}],"about":[{"href":"https:\/\/notejido.com\/pt-pt\/wp-json\/wp\/v2\/types\/page"}],"author":[{"embeddable":true,"href":"https:\/\/notejido.com\/pt-pt\/wp-json\/wp\/v2\/users\/2"}],"replies":[{"embeddable":true,"href":"https:\/\/notejido.com\/pt-pt\/wp-json\/wp\/v2\/comments?post=3873"}],"version-history":[{"count":3,"href":"https:\/\/notejido.com\/pt-pt\/wp-json\/wp\/v2\/pages\/3873\/revisions"}],"predecessor-version":[{"id":5310,"href":"https:\/\/notejido.com\/pt-pt\/wp-json\/wp\/v2\/pages\/3873\/revisions\/5310"}],"wp:featuredmedia":[{"embeddable":true,"href":"https:\/\/notejido.com\/pt-pt\/wp-json\/wp\/v2\/media\/3875"}],"wp:attachment":[{"href":"https:\/\/notejido.com\/pt-pt\/wp-json\/wp\/v2\/media?parent=3873"}],"curies":[{"name":"wp","href":"https:\/\/api.w.org\/{rel}","templated":true}]}}