{"id":3953,"date":"2019-05-10T08:59:17","date_gmt":"2019-05-10T08:59:17","guid":{"rendered":"https:\/\/notejido.com\/bolsas-comercio-y-boutiques\/"},"modified":"2019-11-27T09:03:33","modified_gmt":"2019-11-27T09:03:33","slug":"bolsas-comercio-y-boutiques","status":"publish","type":"page","link":"https:\/\/notejido.com\/pt-pt\/bolsas-comercio-y-boutiques\/","title":{"rendered":"Com\u00e9rcio e Boutiques"},"content":{"rendered":"<div id=\"pl-gb3953-69d29919d13b2\"  class=\"panel-layout\" ><div id=\"pg-gb3953-69d29919d13b2-0\"  class=\"panel-grid panel-has-style\" ><div class=\"section-intro panel-row-style panel-row-style-for-gb3953-69d29919d13b2-0\" ><div id=\"pgc-gb3953-69d29919d13b2-0-0\"  class=\"panel-grid-cell\" ><div id=\"panel-gb3953-69d29919d13b2-0-0-0\" class=\"so-panel widget widget_sow-editor panel-first-child panel-last-child\" data-index=\"0\" ><div\n\t\t\t\n\t\t\tclass=\"so-widget-sow-editor so-widget-sow-editor-base\"\n\t\t\t\n\t\t>\n<div class=\"siteorigin-widget-tinymce textwidget\">\n\t<p>Os sacos personalizados s\u00e3o o suporte perfeito n\u00e3o apenas para armazenar as compras dos seus clientes, mas tamb\u00e9m para impulsionar a sua marca e promover os seus neg\u00f3cios fora do estabelecimento.<\/p>\n<p>Hoje, lojas, boutiques est\u00e3o conscientes da import\u00e2ncia de oferecer sacos personalizados aos seus clientes. Al\u00e9m de ser o suporte para guardar as compras dos seus clientes, s\u00e3o o meio perfeito para projetar a imagem da sua empresa. Um saco personalizado, seja de tecido, algod\u00e3o, papel Kraft ou papel de luxo, diz muito sobre o com\u00e9rcio. O cliente levar\u00e1 o saco com o design personalizado da sua loja para qualquer lugar, ajudando a espalhar a sua imagem e promover a sua marca onde quer que v\u00e1.<\/p>\n<\/div>\n<\/div><\/div><\/div><\/div><\/div><div id=\"pg-gb3953-69d29919d13b2-1\"  class=\"panel-grid panel-has-style\" ><div class=\"sector-products panel-row-style panel-row-style-for-gb3953-69d29919d13b2-1\" ><div id=\"pgc-gb3953-69d29919d13b2-1-0\"  class=\"panel-grid-cell\" ><div class=\"sector-products-item panel-cell-style panel-cell-style-for-gb3953-69d29919d13b2-1-0\" ><div id=\"panel-gb3953-69d29919d13b2-1-0-0\" class=\"so-panel widget widget_sow-editor panel-first-child panel-last-child\" data-index=\"1\" ><div\n\t\t\t\n\t\t\tclass=\"so-widget-sow-editor so-widget-sow-editor-base\"\n\t\t\t\n\t\t>\n<div class=\"siteorigin-widget-tinymce textwidget\">\n\t<h3>Sacos de papel de luxo<\/h3>\n<p>A embalagem premium para as empresas que cuidam de todos os detalhes. S\u00e3o o formato favorito das grandes marcas de moda, joias, cosm\u00e9ticos, boutiques, etc.<\/p>\n<div><a href=\"https:\/\/notejido.com\/productos\/bolsas-de-papel-de-lujo\/\"><\/a><\/div>\n<\/div>\n<\/div><\/div><\/div><\/div><div id=\"pgc-gb3953-69d29919d13b2-1-1\"  class=\"panel-grid-cell\" ><div class=\"sector-products-item panel-cell-style panel-cell-style-for-gb3953-69d29919d13b2-1-1\" ><div id=\"panel-gb3953-69d29919d13b2-1-1-0\" class=\"so-panel widget widget_sow-editor panel-first-child panel-last-child\" data-index=\"2\" ><div\n\t\t\t\n\t\t\tclass=\"so-widget-sow-editor so-widget-sow-editor-base\"\n\t\t\t\n\t\t>\n<div class=\"siteorigin-widget-tinymce textwidget\">\n\t<h3>Sacos de papel Kraft<\/h3>\n<p>O pacote ecol\u00f3gico por excel\u00eancia: 100% recicl\u00e1vel, reutiliz\u00e1vel e biodegrad\u00e1vel. Das bolsas elegantes e cl\u00e1ssicas de cor natural ou castanhos a v\u00e1rias cores e formatos \u00e0 sua escolha: base larga, com al\u00e7a encaracolada, etc.<\/p>\n<div><a href=\"https:\/\/notejido.com\/productos\/bolsas-de-papel-kraft\/\"><\/a><\/div>\n<\/div>\n<\/div><\/div><\/div><\/div><\/div><\/div><div id=\"pg-gb3953-69d29919d13b2-2\"  class=\"panel-grid panel-has-style\" ><div class=\"sector-products panel-row-style panel-row-style-for-gb3953-69d29919d13b2-2\" ><div id=\"pgc-gb3953-69d29919d13b2-2-0\"  class=\"panel-grid-cell\" ><div class=\"sector-products-item panel-cell-style panel-cell-style-for-gb3953-69d29919d13b2-2-0\" ><div id=\"panel-gb3953-69d29919d13b2-2-0-0\" class=\"so-panel widget widget_sow-editor panel-first-child panel-last-child\" data-index=\"3\" ><div\n\t\t\t\n\t\t\tclass=\"so-widget-sow-editor so-widget-sow-editor-base\"\n\t\t\t\n\t\t>\n<div class=\"siteorigin-widget-tinymce textwidget\">\n\t<h3>Sacos de tecido selados t\u00e9rmicos<\/h3>\n<p>Feitos de materiais 100% recicl\u00e1veis: n\u00e3o tecidos ou r\u00e1fia. Os sacos selados a quente, laminados ou n\u00e3o, s\u00e3o a op\u00e7\u00e3o mais econ\u00f3mica, robusta e vers\u00e1til para personalizar. Ideal para qualquer tipo de produto ou empresa.<\/p>\n<div><a href=\"https:\/\/notejido.com\/productos\/bolsas-de-tela-termoselladas\/\"><\/a><\/div>\n<\/div>\n<\/div><\/div><\/div><\/div><div id=\"pgc-gb3953-69d29919d13b2-2-1\"  class=\"panel-grid-cell\" ><div class=\"sector-products-item panel-cell-style panel-cell-style-for-gb3953-69d29919d13b2-2-1\" ><div id=\"panel-gb3953-69d29919d13b2-2-1-0\" class=\"so-panel widget widget_sow-editor panel-first-child panel-last-child\" data-index=\"4\" ><div\n\t\t\t\n\t\t\tclass=\"so-widget-sow-editor so-widget-sow-editor-base\"\n\t\t\t\n\t\t>\n<div class=\"siteorigin-widget-tinymce textwidget\">\n\t<h3>Capas porta-fatos<\/h3>\n<p>Ideal para preservar, proteger e transportar as roupas mais delicadas: vestidos de noiva, trajes de comunh\u00e3o, vestidos de festa, etc. O suporte perfeito para evitar que as roupas manchem ou enruguem durante o transporte.<\/p>\n<div><a href=\"https:\/\/notejido.com\/productos\/fundas-portatrajes\/\"><\/a><\/div>\n<\/div>\n<\/div><\/div><\/div><\/div><\/div><\/div><\/div>","protected":false},"excerpt":{"rendered":"<p>Os sacos personalizados s\u00e3o o suporte perfeito n\u00e3o apenas para armazenar as compras dos seus clientes, mas tamb\u00e9m para impulsionar [&hellip;]<\/p>\n","protected":false},"author":2,"featured_media":3955,"parent":0,"menu_order":1,"comment_status":"closed","ping_status":"closed","template":"page-sector.php","meta":{"_acf_changed":false,"footnotes":""},"class_list":["post-3953","page","type-page","status-publish","has-post-thumbnail","hentry"],"acf":[],"yoast_head":"<!-- This site is optimized with the Yoast SEO plugin v27.2 - https:\/\/yoast.com\/product\/yoast-seo-wordpress\/ -->\n<title>Com\u00e9rcio e Boutiques - Disenos NT<\/title>\n<meta name=\"robots\" content=\"index, follow, max-snippet:-1, max-image-preview:large, max-video-preview:-1\" \/>\n<link rel=\"canonical\" href=\"https:\/\/notejido.com\/pt-pt\/bolsas-comercio-y-boutiques\/\" \/>\n<meta property=\"og:locale\" content=\"pt_PT\" \/>\n<meta property=\"og:type\" content=\"article\" \/>\n<meta property=\"og:title\" content=\"Com\u00e9rcio e Boutiques - Disenos NT\" \/>\n<meta property=\"og:description\" content=\"Os sacos personalizados s\u00e3o o suporte perfeito n\u00e3o apenas para armazenar as compras dos seus clientes, mas tamb\u00e9m para impulsionar [&hellip;]\" \/>\n<meta property=\"og:url\" content=\"https:\/\/notejido.com\/pt-pt\/bolsas-comercio-y-boutiques\/\" \/>\n<meta property=\"og:site_name\" content=\"Disenos NT\" \/>\n<meta property=\"article:modified_time\" content=\"2019-11-27T09:03:33+00:00\" \/>\n<meta property=\"og:image\" content=\"https:\/\/notejido.com\/wp-content\/uploads\/2019\/09\/s-02b.jpg\" \/>\n\t<meta property=\"og:image:width\" content=\"1600\" \/>\n\t<meta property=\"og:image:height\" content=\"1000\" \/>\n\t<meta property=\"og:image:type\" content=\"image\/jpeg\" \/>\n<meta name=\"twitter:card\" content=\"summary_large_image\" \/>\n<script type=\"application\/ld+json\" class=\"yoast-schema-graph\">{\"@context\":\"https:\/\/schema.org\",\"@graph\":[{\"@type\":\"WebPage\",\"@id\":\"https:\/\/notejido.com\/pt-pt\/bolsas-comercio-y-boutiques\/\",\"url\":\"https:\/\/notejido.com\/pt-pt\/bolsas-comercio-y-boutiques\/\",\"name\":\"Com\u00e9rcio e Boutiques - Disenos NT\",\"isPartOf\":{\"@id\":\"https:\/\/notejido.com\/pt-pt\/#website\"},\"primaryImageOfPage\":{\"@id\":\"https:\/\/notejido.com\/pt-pt\/bolsas-comercio-y-boutiques\/#primaryimage\"},\"image\":{\"@id\":\"https:\/\/notejido.com\/pt-pt\/bolsas-comercio-y-boutiques\/#primaryimage\"},\"thumbnailUrl\":\"https:\/\/notejido.com\/wp-content\/uploads\/2019\/09\/s-02b.jpg\",\"datePublished\":\"2019-05-10T08:59:17+00:00\",\"dateModified\":\"2019-11-27T09:03:33+00:00\",\"breadcrumb\":{\"@id\":\"https:\/\/notejido.com\/pt-pt\/bolsas-comercio-y-boutiques\/#breadcrumb\"},\"inLanguage\":\"pt-PT\",\"potentialAction\":[{\"@type\":\"ReadAction\",\"target\":[\"https:\/\/notejido.com\/pt-pt\/bolsas-comercio-y-boutiques\/\"]}]},{\"@type\":\"ImageObject\",\"inLanguage\":\"pt-PT\",\"@id\":\"https:\/\/notejido.com\/pt-pt\/bolsas-comercio-y-boutiques\/#primaryimage\",\"url\":\"https:\/\/notejido.com\/wp-content\/uploads\/2019\/09\/s-02b.jpg\",\"contentUrl\":\"https:\/\/notejido.com\/wp-content\/uploads\/2019\/09\/s-02b.jpg\",\"width\":1600,\"height\":1000,\"caption\":\"Comercio y Boutiques\"},{\"@type\":\"BreadcrumbList\",\"@id\":\"https:\/\/notejido.com\/pt-pt\/bolsas-comercio-y-boutiques\/#breadcrumb\",\"itemListElement\":[{\"@type\":\"ListItem\",\"position\":1,\"name\":\"Portada\",\"item\":\"https:\/\/notejido.com\/pt-pt\/\"},{\"@type\":\"ListItem\",\"position\":2,\"name\":\"Com\u00e9rcio e Boutiques\"}]},{\"@type\":\"WebSite\",\"@id\":\"https:\/\/notejido.com\/pt-pt\/#website\",\"url\":\"https:\/\/notejido.com\/pt-pt\/\",\"name\":\"Disenos NT\",\"description\":\"Bolsas reutilizables, art\u00edculos higi\u00e9nicos-sanitarios, manteles desechables  y otro packaging promocional en material flexible\",\"potentialAction\":[{\"@type\":\"SearchAction\",\"target\":{\"@type\":\"EntryPoint\",\"urlTemplate\":\"https:\/\/notejido.com\/pt-pt\/?s={search_term_string}\"},\"query-input\":{\"@type\":\"PropertyValueSpecification\",\"valueRequired\":true,\"valueName\":\"search_term_string\"}}],\"inLanguage\":\"pt-PT\"}]}<\/script>\n<!-- \/ Yoast SEO plugin. -->","yoast_head_json":{"title":"Com\u00e9rcio e Boutiques - Disenos NT","robots":{"index":"index","follow":"follow","max-snippet":"max-snippet:-1","max-image-preview":"max-image-preview:large","max-video-preview":"max-video-preview:-1"},"canonical":"https:\/\/notejido.com\/pt-pt\/bolsas-comercio-y-boutiques\/","og_locale":"pt_PT","og_type":"article","og_title":"Com\u00e9rcio e Boutiques - Disenos NT","og_description":"Os sacos personalizados s\u00e3o o suporte perfeito n\u00e3o apenas para armazenar as compras dos seus clientes, mas tamb\u00e9m para impulsionar [&hellip;]","og_url":"https:\/\/notejido.com\/pt-pt\/bolsas-comercio-y-boutiques\/","og_site_name":"Disenos NT","article_modified_time":"2019-11-27T09:03:33+00:00","og_image":[{"width":1600,"height":1000,"url":"https:\/\/notejido.com\/wp-content\/uploads\/2019\/09\/s-02b.jpg","type":"image\/jpeg"}],"twitter_card":"summary_large_image","schema":{"@context":"https:\/\/schema.org","@graph":[{"@type":"WebPage","@id":"https:\/\/notejido.com\/pt-pt\/bolsas-comercio-y-boutiques\/","url":"https:\/\/notejido.com\/pt-pt\/bolsas-comercio-y-boutiques\/","name":"Com\u00e9rcio e Boutiques - Disenos NT","isPartOf":{"@id":"https:\/\/notejido.com\/pt-pt\/#website"},"primaryImageOfPage":{"@id":"https:\/\/notejido.com\/pt-pt\/bolsas-comercio-y-boutiques\/#primaryimage"},"image":{"@id":"https:\/\/notejido.com\/pt-pt\/bolsas-comercio-y-boutiques\/#primaryimage"},"thumbnailUrl":"https:\/\/notejido.com\/wp-content\/uploads\/2019\/09\/s-02b.jpg","datePublished":"2019-05-10T08:59:17+00:00","dateModified":"2019-11-27T09:03:33+00:00","breadcrumb":{"@id":"https:\/\/notejido.com\/pt-pt\/bolsas-comercio-y-boutiques\/#breadcrumb"},"inLanguage":"pt-PT","potentialAction":[{"@type":"ReadAction","target":["https:\/\/notejido.com\/pt-pt\/bolsas-comercio-y-boutiques\/"]}]},{"@type":"ImageObject","inLanguage":"pt-PT","@id":"https:\/\/notejido.com\/pt-pt\/bolsas-comercio-y-boutiques\/#primaryimage","url":"https:\/\/notejido.com\/wp-content\/uploads\/2019\/09\/s-02b.jpg","contentUrl":"https:\/\/notejido.com\/wp-content\/uploads\/2019\/09\/s-02b.jpg","width":1600,"height":1000,"caption":"Comercio y Boutiques"},{"@type":"BreadcrumbList","@id":"https:\/\/notejido.com\/pt-pt\/bolsas-comercio-y-boutiques\/#breadcrumb","itemListElement":[{"@type":"ListItem","position":1,"name":"Portada","item":"https:\/\/notejido.com\/pt-pt\/"},{"@type":"ListItem","position":2,"name":"Com\u00e9rcio e Boutiques"}]},{"@type":"WebSite","@id":"https:\/\/notejido.com\/pt-pt\/#website","url":"https:\/\/notejido.com\/pt-pt\/","name":"Disenos NT","description":"Bolsas reutilizables, art\u00edculos higi\u00e9nicos-sanitarios, manteles desechables  y otro packaging promocional en material flexible","potentialAction":[{"@type":"SearchAction","target":{"@type":"EntryPoint","urlTemplate":"https:\/\/notejido.com\/pt-pt\/?s={search_term_string}"},"query-input":{"@type":"PropertyValueSpecification","valueRequired":true,"valueName":"search_term_string"}}],"inLanguage":"pt-PT"}]}},"_links":{"self":[{"href":"https:\/\/notejido.com\/pt-pt\/wp-json\/wp\/v2\/pages\/3953","targetHints":{"allow":["GET"]}}],"collection":[{"href":"https:\/\/notejido.com\/pt-pt\/wp-json\/wp\/v2\/pages"}],"about":[{"href":"https:\/\/notejido.com\/pt-pt\/wp-json\/wp\/v2\/types\/page"}],"author":[{"embeddable":true,"href":"https:\/\/notejido.com\/pt-pt\/wp-json\/wp\/v2\/users\/2"}],"replies":[{"embeddable":true,"href":"https:\/\/notejido.com\/pt-pt\/wp-json\/wp\/v2\/comments?post=3953"}],"version-history":[{"count":2,"href":"https:\/\/notejido.com\/pt-pt\/wp-json\/wp\/v2\/pages\/3953\/revisions"}],"predecessor-version":[{"id":3999,"href":"https:\/\/notejido.com\/pt-pt\/wp-json\/wp\/v2\/pages\/3953\/revisions\/3999"}],"wp:featuredmedia":[{"embeddable":true,"href":"https:\/\/notejido.com\/pt-pt\/wp-json\/wp\/v2\/media\/3955"}],"wp:attachment":[{"href":"https:\/\/notejido.com\/pt-pt\/wp-json\/wp\/v2\/media?parent=3953"}],"curies":[{"name":"wp","href":"https:\/\/api.w.org\/{rel}","templated":true}]}}