{"id":3959,"date":"2019-09-24T15:18:50","date_gmt":"2019-09-24T15:18:50","guid":{"rendered":"https:\/\/notejido.com\/bolsas-publicidad-y-promocion\/"},"modified":"2019-11-28T09:00:27","modified_gmt":"2019-11-28T09:00:27","slug":"bolsas-publicidad-y-promocion","status":"publish","type":"page","link":"https:\/\/notejido.com\/pt-pt\/bolsas-publicidad-y-promocion\/","title":{"rendered":"Promo\u00e7\u00e3o e publicidade"},"content":{"rendered":"<div id=\"pl-gb3959-69d22f6c78125\"  class=\"panel-layout\" ><div id=\"pg-gb3959-69d22f6c78125-0\"  class=\"panel-grid panel-has-style\" ><div class=\"section-intro panel-row-style panel-row-style-for-gb3959-69d22f6c78125-0\" ><div id=\"pgc-gb3959-69d22f6c78125-0-0\"  class=\"panel-grid-cell\" ><div id=\"panel-gb3959-69d22f6c78125-0-0-0\" class=\"so-panel widget widget_sow-editor panel-first-child panel-last-child\" data-index=\"0\" ><div\n\t\t\t\n\t\t\tclass=\"so-widget-sow-editor so-widget-sow-editor-base\"\n\t\t\t\n\t\t>\n<div class=\"siteorigin-widget-tinymce textwidget\">\n\t<p>Econ\u00f3micos, pr\u00e1ticos e funcionais, assim s\u00e3o os sacos publicit\u00e1rios; o brinde promocional mais exigido em campanhas promocionais, devido ao seu baixo custo e ao alto impacto que geram durante a sua vida \u00fatil. No campo das campanhas publicit\u00e1rias, apostar em presentes \u00fateis e usados com frequ\u00eancia garante o sucesso e a divulga\u00e7\u00e3o de qualquer campanha. Al\u00e9m disso, sacos reutiliz\u00e1veis podem ser usados in\u00fameras vezes durante um longo per\u00edodo de tempo. Precisa de mais argumentos para incluir sacos promocionais nas suas campanhas publicit\u00e1rias?<\/p>\n<\/div>\n<\/div><\/div><\/div><\/div><\/div><div id=\"pg-gb3959-69d22f6c78125-1\"  class=\"panel-grid panel-has-style\" ><div class=\"sector-products panel-row-style panel-row-style-for-gb3959-69d22f6c78125-1\" ><div id=\"pgc-gb3959-69d22f6c78125-1-0\"  class=\"panel-grid-cell\" ><div class=\"sector-products-item panel-cell-style panel-cell-style-for-gb3959-69d22f6c78125-1-0\" ><div id=\"panel-gb3959-69d22f6c78125-1-0-0\" class=\"so-panel widget widget_sow-editor panel-first-child panel-last-child\" data-index=\"1\" ><div\n\t\t\t\n\t\t\tclass=\"so-widget-sow-editor so-widget-sow-editor-base\"\n\t\t\t\n\t\t>\n<div class=\"siteorigin-widget-tinymce textwidget\">\n\t<h3>Sacos de papel Kraft<\/h3>\n<p>O pacote ecol\u00f3gico por excel\u00eancia: 100% recicl\u00e1vel, reutiliz\u00e1vel e biodegrad\u00e1vel. Das bolsas elegantes e cl\u00e1ssicas de cor natural ou castanhos a v\u00e1rias cores e formatos \u00e0 sua escolha: base larga, com al\u00e7a encaracolada, etc.<\/p>\n<\/div>\n<\/div><\/div><\/div><\/div><div id=\"pgc-gb3959-69d22f6c78125-1-1\"  class=\"panel-grid-cell\" ><div class=\"sector-products-item panel-cell-style panel-cell-style-for-gb3959-69d22f6c78125-1-1\" ><div id=\"panel-gb3959-69d22f6c78125-1-1-0\" class=\"so-panel widget widget_sow-editor panel-first-child panel-last-child\" data-index=\"2\" ><div\n\t\t\t\n\t\t\tclass=\"so-widget-sow-editor so-widget-sow-editor-base\"\n\t\t\t\n\t\t>\n<div class=\"siteorigin-widget-tinymce textwidget\">\n\t<h3>Sacos de papel de luxo<\/h3>\n<p>A embalagem premium para as empresas que cuidam de todos os detalhes. S\u00e3o o formato favorito das grandes marcas de moda, joias, cosm\u00e9ticos, boutiques, etc.<\/p>\n<p>&nbsp;<\/p>\n<div><\/div>\n<\/div>\n<\/div><\/div><\/div><\/div><\/div><\/div><div id=\"pg-gb3959-69d22f6c78125-2\"  class=\"panel-grid panel-has-style\" ><div class=\"sector-products panel-row-style panel-row-style-for-gb3959-69d22f6c78125-2\" ><div id=\"pgc-gb3959-69d22f6c78125-2-0\"  class=\"panel-grid-cell\" ><div class=\"sector-products-item panel-cell-style panel-cell-style-for-gb3959-69d22f6c78125-2-0\" ><div id=\"panel-gb3959-69d22f6c78125-2-0-0\" class=\"so-panel widget widget_sow-editor panel-first-child panel-last-child\" data-index=\"3\" ><div\n\t\t\t\n\t\t\tclass=\"so-widget-sow-editor so-widget-sow-editor-base\"\n\t\t\t\n\t\t>\n<div class=\"siteorigin-widget-tinymce textwidget\">\n\t<h3>Sacos de tecido costurados<\/h3>\n<p>Feitos \u00e0 m\u00e3o, s\u00e3o a op\u00e7\u00e3o ideal para quem procura uma resist\u00eancia extra duradoura. Aqui encontra a maior variedade do mercado: algod\u00e3o, r\u00e1fia, PET reciclado, n\u00e3o tecido, poli\u00e9ster&#8230;<\/p>\n<div><\/div>\n<\/div>\n<\/div><\/div><\/div><\/div><div id=\"pgc-gb3959-69d22f6c78125-2-1\"  class=\"panel-grid-cell\" ><div class=\"sector-products-item panel-cell-style panel-cell-style-for-gb3959-69d22f6c78125-2-1\" ><div id=\"panel-gb3959-69d22f6c78125-2-1-0\" class=\"so-panel widget widget_sow-editor panel-first-child panel-last-child\" data-index=\"4\" ><div\n\t\t\t\n\t\t\tclass=\"so-widget-sow-editor so-widget-sow-editor-base\"\n\t\t\t\n\t\t>\n<div class=\"siteorigin-widget-tinymce textwidget\">\n\t<h3>Sacos de tecido selados t\u00e9rmicos<\/h3>\n<p>Feitos de materiais 100% recicl\u00e1veis: n\u00e3o tecidos ou r\u00e1fia. Os sacos selados a quente, laminados ou n\u00e3o, s\u00e3o a op\u00e7\u00e3o mais econ\u00f3mica, robusta e vers\u00e1til para personalizar. Ideal para qualquer tipo de produto ou empresa.<\/p>\n<p>&nbsp;<\/p>\n<div><\/div>\n<\/div>\n<\/div><\/div><\/div><\/div><\/div><\/div><div id=\"pg-gb3959-69d22f6c78125-3\"  class=\"panel-grid panel-has-style\" ><div class=\"sector-products panel-row-style panel-row-style-for-gb3959-69d22f6c78125-3\" ><div id=\"pgc-gb3959-69d22f6c78125-3-0\"  class=\"panel-grid-cell\" ><div class=\"sector-products-item panel-cell-style panel-cell-style-for-gb3959-69d22f6c78125-3-0\" ><div id=\"panel-gb3959-69d22f6c78125-3-0-0\" class=\"so-panel widget widget_sow-editor panel-first-child panel-last-child\" data-index=\"5\" ><div\n\t\t\t\n\t\t\tclass=\"so-widget-sow-editor so-widget-sow-editor-base\"\n\t\t\t\n\t\t>\n<div class=\"siteorigin-widget-tinymce textwidget\">\n\t<h3>Capas porta-fatos<\/h3>\n<p>Ideal para preservar, proteger e transportar as roupas mais delicadas: vestidos de noiva, trajes de comunh\u00e3o, vestidos de festa, etc. O suporte perfeito para evitar que as roupas manchem ou enruguem durante o transporte.<\/p>\n<div><\/div>\n<\/div>\n<\/div><\/div><\/div><\/div><div id=\"pgc-gb3959-69d22f6c78125-3-1\"  class=\"panel-grid-cell\" ><div class=\"sector-products-item panel-cell-style panel-cell-style-for-gb3959-69d22f6c78125-3-1\" ><div id=\"panel-gb3959-69d22f6c78125-3-1-0\" class=\"so-panel widget widget_sow-editor panel-first-child panel-last-child\" data-index=\"6\" ><div\n\t\t\t\n\t\t\tclass=\"so-widget-sow-editor so-widget-sow-editor-base\"\n\t\t\t\n\t\t>\n<div class=\"siteorigin-widget-tinymce textwidget\">\n\t<h3>Outras embalagens promocionais<\/h3>\n<p>Brindes promocionais s\u00e3o uma das melhores alternativas de embalagens personalizadas para aumentar as vendas e gerar mais mem\u00f3rias da marca. Sacos, mochilas, capas &#8230; embalagens \u00fateis, para uso di\u00e1rio e com custos muito baixos, garantir\u00e3o o sucesso das suas campanhas de marketing direto.<\/p>\n<\/div>\n<\/div><\/div><\/div><\/div><\/div><\/div><\/div>","protected":false},"excerpt":{"rendered":"<p>Econ\u00f3micos, pr\u00e1ticos e funcionais, assim s\u00e3o os sacos publicit\u00e1rios; o brinde promocional mais exigido em campanhas promocionais, devido ao seu [&hellip;]<\/p>\n","protected":false},"author":2,"featured_media":3960,"parent":0,"menu_order":3,"comment_status":"closed","ping_status":"closed","template":"page-sector.php","meta":{"_acf_changed":false,"footnotes":""},"class_list":["post-3959","page","type-page","status-publish","has-post-thumbnail","hentry"],"acf":[],"yoast_head":"<!-- This site is optimized with the Yoast SEO plugin v27.2 - https:\/\/yoast.com\/product\/yoast-seo-wordpress\/ -->\n<title>Promo\u00e7\u00e3o e publicidade - Disenos NT<\/title>\n<meta name=\"robots\" content=\"index, follow, max-snippet:-1, max-image-preview:large, max-video-preview:-1\" \/>\n<link rel=\"canonical\" href=\"https:\/\/notejido.com\/pt-pt\/bolsas-publicidad-y-promocion\/\" \/>\n<meta property=\"og:locale\" content=\"pt_PT\" \/>\n<meta property=\"og:type\" content=\"article\" \/>\n<meta property=\"og:title\" content=\"Promo\u00e7\u00e3o e publicidade - Disenos NT\" \/>\n<meta property=\"og:description\" content=\"Econ\u00f3micos, pr\u00e1ticos e funcionais, assim s\u00e3o os sacos publicit\u00e1rios; o brinde promocional mais exigido em campanhas promocionais, devido ao seu [&hellip;]\" \/>\n<meta property=\"og:url\" content=\"https:\/\/notejido.com\/pt-pt\/bolsas-publicidad-y-promocion\/\" \/>\n<meta property=\"og:site_name\" content=\"Disenos NT\" \/>\n<meta property=\"article:modified_time\" content=\"2019-11-28T09:00:27+00:00\" \/>\n<meta property=\"og:image\" content=\"https:\/\/notejido.com\/wp-content\/uploads\/2019\/09\/s-03.jpg\" \/>\n\t<meta property=\"og:image:width\" content=\"1600\" \/>\n\t<meta property=\"og:image:height\" content=\"1000\" \/>\n\t<meta property=\"og:image:type\" content=\"image\/jpeg\" \/>\n<meta name=\"twitter:card\" content=\"summary_large_image\" \/>\n<script type=\"application\/ld+json\" class=\"yoast-schema-graph\">{\"@context\":\"https:\/\/schema.org\",\"@graph\":[{\"@type\":\"WebPage\",\"@id\":\"https:\/\/notejido.com\/pt-pt\/bolsas-publicidad-y-promocion\/\",\"url\":\"https:\/\/notejido.com\/pt-pt\/bolsas-publicidad-y-promocion\/\",\"name\":\"Promo\u00e7\u00e3o e publicidade - Disenos NT\",\"isPartOf\":{\"@id\":\"https:\/\/notejido.com\/pt-pt\/#website\"},\"primaryImageOfPage\":{\"@id\":\"https:\/\/notejido.com\/pt-pt\/bolsas-publicidad-y-promocion\/#primaryimage\"},\"image\":{\"@id\":\"https:\/\/notejido.com\/pt-pt\/bolsas-publicidad-y-promocion\/#primaryimage\"},\"thumbnailUrl\":\"https:\/\/notejido.com\/wp-content\/uploads\/2019\/09\/s-03.jpg\",\"datePublished\":\"2019-09-24T15:18:50+00:00\",\"dateModified\":\"2019-11-28T09:00:27+00:00\",\"breadcrumb\":{\"@id\":\"https:\/\/notejido.com\/pt-pt\/bolsas-publicidad-y-promocion\/#breadcrumb\"},\"inLanguage\":\"pt-PT\",\"potentialAction\":[{\"@type\":\"ReadAction\",\"target\":[\"https:\/\/notejido.com\/pt-pt\/bolsas-publicidad-y-promocion\/\"]}]},{\"@type\":\"ImageObject\",\"inLanguage\":\"pt-PT\",\"@id\":\"https:\/\/notejido.com\/pt-pt\/bolsas-publicidad-y-promocion\/#primaryimage\",\"url\":\"https:\/\/notejido.com\/wp-content\/uploads\/2019\/09\/s-03.jpg\",\"contentUrl\":\"https:\/\/notejido.com\/wp-content\/uploads\/2019\/09\/s-03.jpg\",\"width\":1600,\"height\":1000,\"caption\":\"Publicidad y Promoci\u00f3n\"},{\"@type\":\"BreadcrumbList\",\"@id\":\"https:\/\/notejido.com\/pt-pt\/bolsas-publicidad-y-promocion\/#breadcrumb\",\"itemListElement\":[{\"@type\":\"ListItem\",\"position\":1,\"name\":\"Portada\",\"item\":\"https:\/\/notejido.com\/pt-pt\/\"},{\"@type\":\"ListItem\",\"position\":2,\"name\":\"Promo\u00e7\u00e3o e publicidade\"}]},{\"@type\":\"WebSite\",\"@id\":\"https:\/\/notejido.com\/pt-pt\/#website\",\"url\":\"https:\/\/notejido.com\/pt-pt\/\",\"name\":\"Disenos NT\",\"description\":\"Bolsas reutilizables, art\u00edculos higi\u00e9nicos-sanitarios, manteles desechables  y otro packaging promocional en material flexible\",\"potentialAction\":[{\"@type\":\"SearchAction\",\"target\":{\"@type\":\"EntryPoint\",\"urlTemplate\":\"https:\/\/notejido.com\/pt-pt\/?s={search_term_string}\"},\"query-input\":{\"@type\":\"PropertyValueSpecification\",\"valueRequired\":true,\"valueName\":\"search_term_string\"}}],\"inLanguage\":\"pt-PT\"}]}<\/script>\n<!-- \/ Yoast SEO plugin. -->","yoast_head_json":{"title":"Promo\u00e7\u00e3o e publicidade - Disenos NT","robots":{"index":"index","follow":"follow","max-snippet":"max-snippet:-1","max-image-preview":"max-image-preview:large","max-video-preview":"max-video-preview:-1"},"canonical":"https:\/\/notejido.com\/pt-pt\/bolsas-publicidad-y-promocion\/","og_locale":"pt_PT","og_type":"article","og_title":"Promo\u00e7\u00e3o e publicidade - Disenos NT","og_description":"Econ\u00f3micos, pr\u00e1ticos e funcionais, assim s\u00e3o os sacos publicit\u00e1rios; o brinde promocional mais exigido em campanhas promocionais, devido ao seu [&hellip;]","og_url":"https:\/\/notejido.com\/pt-pt\/bolsas-publicidad-y-promocion\/","og_site_name":"Disenos NT","article_modified_time":"2019-11-28T09:00:27+00:00","og_image":[{"width":1600,"height":1000,"url":"https:\/\/notejido.com\/wp-content\/uploads\/2019\/09\/s-03.jpg","type":"image\/jpeg"}],"twitter_card":"summary_large_image","schema":{"@context":"https:\/\/schema.org","@graph":[{"@type":"WebPage","@id":"https:\/\/notejido.com\/pt-pt\/bolsas-publicidad-y-promocion\/","url":"https:\/\/notejido.com\/pt-pt\/bolsas-publicidad-y-promocion\/","name":"Promo\u00e7\u00e3o e publicidade - Disenos NT","isPartOf":{"@id":"https:\/\/notejido.com\/pt-pt\/#website"},"primaryImageOfPage":{"@id":"https:\/\/notejido.com\/pt-pt\/bolsas-publicidad-y-promocion\/#primaryimage"},"image":{"@id":"https:\/\/notejido.com\/pt-pt\/bolsas-publicidad-y-promocion\/#primaryimage"},"thumbnailUrl":"https:\/\/notejido.com\/wp-content\/uploads\/2019\/09\/s-03.jpg","datePublished":"2019-09-24T15:18:50+00:00","dateModified":"2019-11-28T09:00:27+00:00","breadcrumb":{"@id":"https:\/\/notejido.com\/pt-pt\/bolsas-publicidad-y-promocion\/#breadcrumb"},"inLanguage":"pt-PT","potentialAction":[{"@type":"ReadAction","target":["https:\/\/notejido.com\/pt-pt\/bolsas-publicidad-y-promocion\/"]}]},{"@type":"ImageObject","inLanguage":"pt-PT","@id":"https:\/\/notejido.com\/pt-pt\/bolsas-publicidad-y-promocion\/#primaryimage","url":"https:\/\/notejido.com\/wp-content\/uploads\/2019\/09\/s-03.jpg","contentUrl":"https:\/\/notejido.com\/wp-content\/uploads\/2019\/09\/s-03.jpg","width":1600,"height":1000,"caption":"Publicidad y Promoci\u00f3n"},{"@type":"BreadcrumbList","@id":"https:\/\/notejido.com\/pt-pt\/bolsas-publicidad-y-promocion\/#breadcrumb","itemListElement":[{"@type":"ListItem","position":1,"name":"Portada","item":"https:\/\/notejido.com\/pt-pt\/"},{"@type":"ListItem","position":2,"name":"Promo\u00e7\u00e3o e publicidade"}]},{"@type":"WebSite","@id":"https:\/\/notejido.com\/pt-pt\/#website","url":"https:\/\/notejido.com\/pt-pt\/","name":"Disenos NT","description":"Bolsas reutilizables, art\u00edculos higi\u00e9nicos-sanitarios, manteles desechables  y otro packaging promocional en material flexible","potentialAction":[{"@type":"SearchAction","target":{"@type":"EntryPoint","urlTemplate":"https:\/\/notejido.com\/pt-pt\/?s={search_term_string}"},"query-input":{"@type":"PropertyValueSpecification","valueRequired":true,"valueName":"search_term_string"}}],"inLanguage":"pt-PT"}]}},"_links":{"self":[{"href":"https:\/\/notejido.com\/pt-pt\/wp-json\/wp\/v2\/pages\/3959","targetHints":{"allow":["GET"]}}],"collection":[{"href":"https:\/\/notejido.com\/pt-pt\/wp-json\/wp\/v2\/pages"}],"about":[{"href":"https:\/\/notejido.com\/pt-pt\/wp-json\/wp\/v2\/types\/page"}],"author":[{"embeddable":true,"href":"https:\/\/notejido.com\/pt-pt\/wp-json\/wp\/v2\/users\/2"}],"replies":[{"embeddable":true,"href":"https:\/\/notejido.com\/pt-pt\/wp-json\/wp\/v2\/comments?post=3959"}],"version-history":[{"count":2,"href":"https:\/\/notejido.com\/pt-pt\/wp-json\/wp\/v2\/pages\/3959\/revisions"}],"predecessor-version":[{"id":4404,"href":"https:\/\/notejido.com\/pt-pt\/wp-json\/wp\/v2\/pages\/3959\/revisions\/4404"}],"wp:featuredmedia":[{"embeddable":true,"href":"https:\/\/notejido.com\/pt-pt\/wp-json\/wp\/v2\/media\/3960"}],"wp:attachment":[{"href":"https:\/\/notejido.com\/pt-pt\/wp-json\/wp\/v2\/media?parent=3959"}],"curies":[{"name":"wp","href":"https:\/\/api.w.org\/{rel}","templated":true}]}}