{"id":3981,"date":"2019-09-24T15:08:46","date_gmt":"2019-09-24T15:08:46","guid":{"rendered":"https:\/\/notejido.com\/bolsas-hosteleria\/"},"modified":"2026-04-07T11:51:44","modified_gmt":"2026-04-07T11:51:44","slug":"bolsas-hosteleria","status":"publish","type":"page","link":"https:\/\/notejido.com\/pt-pt\/bolsas-hosteleria\/","title":{"rendered":"Sacos para a Restaura\u00e7\u00e3o e Take away"},"content":{"rendered":"<div id=\"pl-gb3981-69e8a6647991c\"  class=\"panel-layout\" ><div id=\"pg-gb3981-69e8a6647991c-0\"  class=\"panel-grid panel-has-style\" ><div class=\"section-intro panel-row-style panel-row-style-for-gb3981-69e8a6647991c-0\" ><div id=\"pgc-gb3981-69e8a6647991c-0-0\"  class=\"panel-grid-cell\" ><div id=\"panel-gb3981-69e8a6647991c-0-0-0\" class=\"so-panel widget widget_sow-editor panel-first-child panel-last-child\" data-index=\"0\" ><div\n\t\t\t\n\t\t\tclass=\"so-widget-sow-editor so-widget-sow-editor-base\"\n\t\t\t\n\t\t>\n<div class=\"siteorigin-widget-tinymce textwidget\">\n\t<p>A maior variedade de toalhas de mesa de uso \u00fanico para o canal HORECA e Retail. Al\u00e9m disso, aqui encontra todos os tipos de embalagens &#8220;take-away&#8221;, como sacos de papel Kraft com largura especial, ideais para transportar alimentos ou para empresas com servi\u00e7o de &#8220;entrega&#8221;.Todas as nossas toalhas de mesa foram fabricadas em Espanha, cumprindo os mais altos padr\u00f5es de qualidade e seguran\u00e7a alimentar. Hipoalerg\u00e9nicas, livre de subst\u00e2ncias nocivas \u00e0 sa\u00fade e adequadas para contato com alimentos. Deixe-se aconselhar pela nossa equipa de especialistas!<\/p>\n<\/div>\n<\/div><\/div><\/div><\/div><\/div><div id=\"pg-gb3981-69e8a6647991c-1\"  class=\"panel-grid panel-has-style\" ><div class=\"sector-products panel-row-style panel-row-style-for-gb3981-69e8a6647991c-1\" ><div id=\"pgc-gb3981-69e8a6647991c-1-0\"  class=\"panel-grid-cell\" ><div class=\"sector-products-item panel-cell-style panel-cell-style-for-gb3981-69e8a6647991c-1-0\" ><div id=\"panel-gb3981-69e8a6647991c-1-0-0\" class=\"so-panel widget widget_sow-editor panel-first-child panel-last-child\" data-index=\"1\" ><div\n\t\t\t\n\t\t\tclass=\"so-widget-sow-editor so-widget-sow-editor-base\"\n\t\t\t\n\t\t>\n<div class=\"siteorigin-widget-tinymce textwidget\">\n\t<h3>Sacos de papel Kraft<\/h3>\n<p>O pacote ecol\u00f3gico por excel\u00eancia: 100% recicl\u00e1vel, reutiliz\u00e1vel e biodegrad\u00e1vel. Das bolsas elegantes e cl\u00e1ssicas de cor natural ou castanhos a v\u00e1rias cores e formatos \u00e0 sua escolha: base larga, com al\u00e7a encaracolada, etc.<\/p>\n<div><a href=\"https:\/\/notejido.com\/productos\/bolsas-de-papel-kraft\/\"><\/a><\/div>\n<\/div>\n<\/div><\/div><\/div><\/div><div id=\"pgc-gb3981-69e8a6647991c-1-1\"  class=\"panel-grid-cell\" ><div class=\"sector-products-item panel-cell-style panel-cell-style-for-gb3981-69e8a6647991c-1-1\" ><div id=\"panel-gb3981-69e8a6647991c-1-1-0\" class=\"so-panel widget widget_sow-editor panel-first-child panel-last-child\" data-index=\"2\" ><div\n\t\t\t\n\t\t\tclass=\"so-widget-sow-editor so-widget-sow-editor-base\"\n\t\t\t\n\t\t>\n<div class=\"siteorigin-widget-tinymce textwidget\">\n\t<h3>Mesas descart\u00e1veis<\/h3>\n<p>Jogos americanos, toalhas de mesa, toalhas quadradas e retangulares &#8230; a mais ampla variedade de formatos, cores e desenhos para vestir a sua mesa da maneira mais f\u00e1cil, confort\u00e1vel e econ\u00f3mica.<\/p>\n<div><a href=\"https:\/\/notejido.com\/productos\/manteles\/\"><\/a><\/div>\n<\/div>\n<\/div><\/div><\/div><\/div><\/div><\/div><div id=\"pg-gb3981-69e8a6647991c-2\"  class=\"panel-grid panel-has-style\" ><div class=\"sector-products panel-row-style panel-row-style-for-gb3981-69e8a6647991c-2\" ><div id=\"pgc-gb3981-69e8a6647991c-2-0\"  class=\"panel-grid-cell\" ><div class=\"sector-products-item panel-cell-style panel-cell-style-for-gb3981-69e8a6647991c-2-0\" ><div id=\"panel-gb3981-69e8a6647991c-2-0-0\" class=\"so-panel widget widget_sow-editor panel-first-child panel-last-child\" data-index=\"3\" ><div\n\t\t\t\n\t\t\tclass=\"so-widget-sow-editor so-widget-sow-editor-base\"\n\t\t\t\n\t\t>\n<div class=\"siteorigin-widget-tinymce textwidget\">\n\t<h3>Sacos de tecido selados t\u00e9rmicos<\/h3>\n<p>Feitos de materiais 100% recicl\u00e1veis: n\u00e3o tecidos ou r\u00e1fia. Os sacos selados a quente, laminados ou n\u00e3o, s\u00e3o a op\u00e7\u00e3o mais econ\u00f3mica, robusta e vers\u00e1til para personalizar. Ideal para qualquer tipo de produto ou empresa.<\/p>\n<div><a href=\"https:\/\/notejido.com\/productos\/bolsas-de-tela-termoselladas\/\"><\/a><\/div>\n<\/div>\n<\/div><\/div><\/div><\/div><div id=\"pgc-gb3981-69e8a6647991c-2-1\"  class=\"panel-grid-cell\" ><div class=\"sector-products-item panel-cell-style panel-cell-style-for-gb3981-69e8a6647991c-2-1\" ><div id=\"panel-gb3981-69e8a6647991c-2-1-0\" class=\"so-panel widget widget_sow-editor panel-first-child panel-last-child\" data-index=\"4\" ><div\n\t\t\t\n\t\t\tclass=\"so-widget-sow-editor so-widget-sow-editor-base\"\n\t\t\t\n\t\t>\n<div class=\"siteorigin-widget-tinymce textwidget\">\n\t<h3>Sacos de tecido costurados<\/h3>\n<p>Feitos \u00e0 m\u00e3o, s\u00e3o a op\u00e7\u00e3o ideal para quem procura uma resist\u00eancia extra duradoura. Aqui encontra a maior variedade do mercado: algod\u00e3o, r\u00e1fia, PET reciclado, n\u00e3o tecido, poli\u00e9ster&#8230;<\/p>\n<div><a href=\"https:\/\/notejido.com\/productos\/bolsas-de-tela-cosidas\/\"><\/a><\/div>\n<\/div>\n<\/div><\/div><\/div><\/div><\/div><\/div><div id=\"pg-gb3981-69e8a6647991c-3\"  class=\"panel-grid panel-has-style\" ><div class=\"sector-products panel-row-style panel-row-style-for-gb3981-69e8a6647991c-3\" ><div id=\"pgc-gb3981-69e8a6647991c-3-0\"  class=\"panel-grid-cell panel-grid-cell-mobile-last\" ><div class=\"sector-products-item panel-cell-style panel-cell-style-for-gb3981-69e8a6647991c-3-0\" ><div id=\"panel-gb3981-69e8a6647991c-3-0-0\" class=\"so-panel widget widget_sow-editor panel-first-child panel-last-child\" data-index=\"5\" ><div\n\t\t\t\n\t\t\tclass=\"so-widget-sow-editor so-widget-sow-editor-base\"\n\t\t\t\n\t\t>\n<div class=\"siteorigin-widget-tinymce textwidget\">\n\t<h3>Outras embalagens promocionais<\/h3>\n<p>Brindes promocionais s\u00e3o uma das melhores alternativas de embalagens personalizadas para aumentar as vendas e gerar mais mem\u00f3rias da marca. Sacos, mochilas, capas&#8230; embalagens \u00fateis, para uso di\u00e1rio e com custos muito baixos, garantir\u00e3o o sucesso das suas campanhas de marketing direto.<\/p>\n<div><a href=\"https:\/\/notejido.com\/productos\/otro-packaging-promocional\/\"><\/a><\/div>\n<\/div>\n<\/div><\/div><\/div><\/div><div id=\"pgc-gb3981-69e8a6647991c-3-1\"  class=\"panel-grid-cell panel-grid-cell-empty\" ><\/div><\/div><\/div><\/div>","protected":false},"excerpt":{"rendered":"<p>A maior variedade de toalhas de mesa de uso \u00fanico para o canal HORECA e Retail. Al\u00e9m disso, aqui encontra [&hellip;]<\/p>\n","protected":false},"author":2,"featured_media":3982,"parent":0,"menu_order":2,"comment_status":"closed","ping_status":"closed","template":"page-sector.php","meta":{"_acf_changed":false,"footnotes":""},"class_list":["post-3981","page","type-page","status-publish","has-post-thumbnail","hentry"],"acf":[],"yoast_head":"<!-- This site is optimized with the Yoast SEO plugin v27.3 - https:\/\/yoast.com\/product\/yoast-seo-wordpress\/ -->\n<title>Sacos para a Restaura\u00e7\u00e3o e Take away - Disenos NT<\/title>\n<meta name=\"robots\" content=\"index, follow, max-snippet:-1, max-image-preview:large, max-video-preview:-1\" \/>\n<link rel=\"canonical\" href=\"https:\/\/notejido.com\/pt-pt\/bolsas-hosteleria\/\" \/>\n<meta property=\"og:locale\" content=\"pt_PT\" \/>\n<meta property=\"og:type\" content=\"article\" \/>\n<meta property=\"og:title\" content=\"Sacos para a Restaura\u00e7\u00e3o e Take away - Disenos NT\" \/>\n<meta property=\"og:description\" content=\"A maior variedade de toalhas de mesa de uso \u00fanico para o canal HORECA e Retail. Al\u00e9m disso, aqui encontra [&hellip;]\" \/>\n<meta property=\"og:url\" content=\"https:\/\/notejido.com\/pt-pt\/bolsas-hosteleria\/\" \/>\n<meta property=\"og:site_name\" content=\"Disenos NT\" \/>\n<meta property=\"article:modified_time\" content=\"2026-04-07T11:51:44+00:00\" \/>\n<meta property=\"og:image\" content=\"https:\/\/notejido.com\/wp-content\/uploads\/2019\/09\/s04.jpg\" \/>\n\t<meta property=\"og:image:width\" content=\"1600\" \/>\n\t<meta property=\"og:image:height\" content=\"1000\" \/>\n\t<meta property=\"og:image:type\" content=\"image\/jpeg\" \/>\n<meta name=\"twitter:card\" content=\"summary_large_image\" \/>\n<script type=\"application\/ld+json\" class=\"yoast-schema-graph\">{\"@context\":\"https:\\\/\\\/schema.org\",\"@graph\":[{\"@type\":\"WebPage\",\"@id\":\"https:\\\/\\\/notejido.com\\\/pt-pt\\\/bolsas-hosteleria\\\/\",\"url\":\"https:\\\/\\\/notejido.com\\\/pt-pt\\\/bolsas-hosteleria\\\/\",\"name\":\"Sacos para a Restaura\u00e7\u00e3o e Take away - Disenos NT\",\"isPartOf\":{\"@id\":\"https:\\\/\\\/notejido.com\\\/pt-pt\\\/#website\"},\"primaryImageOfPage\":{\"@id\":\"https:\\\/\\\/notejido.com\\\/pt-pt\\\/bolsas-hosteleria\\\/#primaryimage\"},\"image\":{\"@id\":\"https:\\\/\\\/notejido.com\\\/pt-pt\\\/bolsas-hosteleria\\\/#primaryimage\"},\"thumbnailUrl\":\"https:\\\/\\\/notejido.com\\\/wp-content\\\/uploads\\\/2019\\\/09\\\/s04.jpg\",\"datePublished\":\"2019-09-24T15:08:46+00:00\",\"dateModified\":\"2026-04-07T11:51:44+00:00\",\"breadcrumb\":{\"@id\":\"https:\\\/\\\/notejido.com\\\/pt-pt\\\/bolsas-hosteleria\\\/#breadcrumb\"},\"inLanguage\":\"pt-PT\",\"potentialAction\":[{\"@type\":\"ReadAction\",\"target\":[\"https:\\\/\\\/notejido.com\\\/pt-pt\\\/bolsas-hosteleria\\\/\"]}]},{\"@type\":\"ImageObject\",\"inLanguage\":\"pt-PT\",\"@id\":\"https:\\\/\\\/notejido.com\\\/pt-pt\\\/bolsas-hosteleria\\\/#primaryimage\",\"url\":\"https:\\\/\\\/notejido.com\\\/wp-content\\\/uploads\\\/2019\\\/09\\\/s04.jpg\",\"contentUrl\":\"https:\\\/\\\/notejido.com\\\/wp-content\\\/uploads\\\/2019\\\/09\\\/s04.jpg\",\"width\":1600,\"height\":1000,\"caption\":\"Hosteler\u00eda\"},{\"@type\":\"BreadcrumbList\",\"@id\":\"https:\\\/\\\/notejido.com\\\/pt-pt\\\/bolsas-hosteleria\\\/#breadcrumb\",\"itemListElement\":[{\"@type\":\"ListItem\",\"position\":1,\"name\":\"Portada\",\"item\":\"https:\\\/\\\/notejido.com\\\/pt-pt\\\/\"},{\"@type\":\"ListItem\",\"position\":2,\"name\":\"Sacos para a Restaura\u00e7\u00e3o e Take away\"}]},{\"@type\":\"WebSite\",\"@id\":\"https:\\\/\\\/notejido.com\\\/pt-pt\\\/#website\",\"url\":\"https:\\\/\\\/notejido.com\\\/pt-pt\\\/\",\"name\":\"Disenos NT\",\"description\":\"Bolsas reutilizables, art\u00edculos higi\u00e9nicos-sanitarios, manteles desechables  y otro packaging promocional en material flexible\",\"potentialAction\":[{\"@type\":\"SearchAction\",\"target\":{\"@type\":\"EntryPoint\",\"urlTemplate\":\"https:\\\/\\\/notejido.com\\\/pt-pt\\\/?s={search_term_string}\"},\"query-input\":{\"@type\":\"PropertyValueSpecification\",\"valueRequired\":true,\"valueName\":\"search_term_string\"}}],\"inLanguage\":\"pt-PT\"}]}<\/script>\n<!-- \/ Yoast SEO plugin. -->","yoast_head_json":{"title":"Sacos para a Restaura\u00e7\u00e3o e Take away - Disenos NT","robots":{"index":"index","follow":"follow","max-snippet":"max-snippet:-1","max-image-preview":"max-image-preview:large","max-video-preview":"max-video-preview:-1"},"canonical":"https:\/\/notejido.com\/pt-pt\/bolsas-hosteleria\/","og_locale":"pt_PT","og_type":"article","og_title":"Sacos para a Restaura\u00e7\u00e3o e Take away - Disenos NT","og_description":"A maior variedade de toalhas de mesa de uso \u00fanico para o canal HORECA e Retail. Al\u00e9m disso, aqui encontra [&hellip;]","og_url":"https:\/\/notejido.com\/pt-pt\/bolsas-hosteleria\/","og_site_name":"Disenos NT","article_modified_time":"2026-04-07T11:51:44+00:00","og_image":[{"width":1600,"height":1000,"url":"https:\/\/notejido.com\/wp-content\/uploads\/2019\/09\/s04.jpg","type":"image\/jpeg"}],"twitter_card":"summary_large_image","schema":{"@context":"https:\/\/schema.org","@graph":[{"@type":"WebPage","@id":"https:\/\/notejido.com\/pt-pt\/bolsas-hosteleria\/","url":"https:\/\/notejido.com\/pt-pt\/bolsas-hosteleria\/","name":"Sacos para a Restaura\u00e7\u00e3o e Take away - Disenos NT","isPartOf":{"@id":"https:\/\/notejido.com\/pt-pt\/#website"},"primaryImageOfPage":{"@id":"https:\/\/notejido.com\/pt-pt\/bolsas-hosteleria\/#primaryimage"},"image":{"@id":"https:\/\/notejido.com\/pt-pt\/bolsas-hosteleria\/#primaryimage"},"thumbnailUrl":"https:\/\/notejido.com\/wp-content\/uploads\/2019\/09\/s04.jpg","datePublished":"2019-09-24T15:08:46+00:00","dateModified":"2026-04-07T11:51:44+00:00","breadcrumb":{"@id":"https:\/\/notejido.com\/pt-pt\/bolsas-hosteleria\/#breadcrumb"},"inLanguage":"pt-PT","potentialAction":[{"@type":"ReadAction","target":["https:\/\/notejido.com\/pt-pt\/bolsas-hosteleria\/"]}]},{"@type":"ImageObject","inLanguage":"pt-PT","@id":"https:\/\/notejido.com\/pt-pt\/bolsas-hosteleria\/#primaryimage","url":"https:\/\/notejido.com\/wp-content\/uploads\/2019\/09\/s04.jpg","contentUrl":"https:\/\/notejido.com\/wp-content\/uploads\/2019\/09\/s04.jpg","width":1600,"height":1000,"caption":"Hosteler\u00eda"},{"@type":"BreadcrumbList","@id":"https:\/\/notejido.com\/pt-pt\/bolsas-hosteleria\/#breadcrumb","itemListElement":[{"@type":"ListItem","position":1,"name":"Portada","item":"https:\/\/notejido.com\/pt-pt\/"},{"@type":"ListItem","position":2,"name":"Sacos para a Restaura\u00e7\u00e3o e Take away"}]},{"@type":"WebSite","@id":"https:\/\/notejido.com\/pt-pt\/#website","url":"https:\/\/notejido.com\/pt-pt\/","name":"Disenos NT","description":"Bolsas reutilizables, art\u00edculos higi\u00e9nicos-sanitarios, manteles desechables  y otro packaging promocional en material flexible","potentialAction":[{"@type":"SearchAction","target":{"@type":"EntryPoint","urlTemplate":"https:\/\/notejido.com\/pt-pt\/?s={search_term_string}"},"query-input":{"@type":"PropertyValueSpecification","valueRequired":true,"valueName":"search_term_string"}}],"inLanguage":"pt-PT"}]}},"_links":{"self":[{"href":"https:\/\/notejido.com\/pt-pt\/wp-json\/wp\/v2\/pages\/3981","targetHints":{"allow":["GET"]}}],"collection":[{"href":"https:\/\/notejido.com\/pt-pt\/wp-json\/wp\/v2\/pages"}],"about":[{"href":"https:\/\/notejido.com\/pt-pt\/wp-json\/wp\/v2\/types\/page"}],"author":[{"embeddable":true,"href":"https:\/\/notejido.com\/pt-pt\/wp-json\/wp\/v2\/users\/2"}],"replies":[{"embeddable":true,"href":"https:\/\/notejido.com\/pt-pt\/wp-json\/wp\/v2\/comments?post=3981"}],"version-history":[{"count":4,"href":"https:\/\/notejido.com\/pt-pt\/wp-json\/wp\/v2\/pages\/3981\/revisions"}],"predecessor-version":[{"id":10840,"href":"https:\/\/notejido.com\/pt-pt\/wp-json\/wp\/v2\/pages\/3981\/revisions\/10840"}],"wp:featuredmedia":[{"embeddable":true,"href":"https:\/\/notejido.com\/pt-pt\/wp-json\/wp\/v2\/media\/3982"}],"wp:attachment":[{"href":"https:\/\/notejido.com\/pt-pt\/wp-json\/wp\/v2\/media?parent=3981"}],"curies":[{"name":"wp","href":"https:\/\/api.w.org\/{rel}","templated":true}]}}