{"id":3987,"date":"2019-05-10T08:52:16","date_gmt":"2019-05-10T08:52:16","guid":{"rendered":"https:\/\/notejido.com\/bolsas-supermercados-y-grandes-superficies\/"},"modified":"2026-04-07T11:50:57","modified_gmt":"2026-04-07T11:50:57","slug":"bolsas-supermercados-y-grandes-superficies","status":"publish","type":"page","link":"https:\/\/notejido.com\/pt-pt\/bolsas-supermercados-y-grandes-superficies\/","title":{"rendered":"Sacos para supermercados e grandes superf\u00edcies"},"content":{"rendered":"<div id=\"pl-gb3987-69eae12a3ef21\"  class=\"panel-layout\" ><div id=\"pg-gb3987-69eae12a3ef21-0\"  class=\"panel-grid panel-has-style\" ><div class=\"section-intro panel-row-style panel-row-style-for-gb3987-69eae12a3ef21-0\" ><div id=\"pgc-gb3987-69eae12a3ef21-0-0\"  class=\"panel-grid-cell\" ><div id=\"panel-gb3987-69eae12a3ef21-0-0-0\" class=\"so-panel widget widget_sow-editor panel-first-child panel-last-child\" data-index=\"0\" ><div\n\t\t\t\n\t\t\tclass=\"so-widget-sow-editor so-widget-sow-editor-base\"\n\t\t\t\n\t\t>\n<div class=\"siteorigin-widget-tinymce textwidget\">\n\t<p>Sacos reutiliz\u00e1veis extremamente resistentes, capazes de suportar mais de 15 kg e com uma vida \u00fatil de mais de 100 utiliza\u00e7\u00f5es. Feitos com materiais sustent\u00e1veis, como n\u00e3o tecido, r\u00e1fia, algod\u00e3o ou papel, sem d\u00favida, a alternativa mais &#8220;ECO&#8221; para o seu ponto de venda. Os consumidores est\u00e3o cada vez mais conscientes do meio ambiente e do impacto negativo dos sacos de pl\u00e1stico descart\u00e1veis. Essa maior consciencializa\u00e7\u00e3o ecol\u00f3gica reflete-se numa maior demanda por sacos reutiliz\u00e1veis. Da\u00ed a import\u00e2ncia de oferecer sacos resistentes para o transporte da compra, mas ao mesmo tempo s\u00e3o 100% respeitadores do meio ambiente. Ofere\u00e7a aos seus clientes solu\u00e7\u00f5es sustent\u00e1veis, incentive o consumo respons\u00e1vel e ofere\u00e7a sacos reutiliz\u00e1veis.<\/p>\n<\/div>\n<\/div><\/div><\/div><\/div><\/div><div id=\"pg-gb3987-69eae12a3ef21-1\"  class=\"panel-grid panel-has-style\" ><div class=\"sector-products panel-row-style panel-row-style-for-gb3987-69eae12a3ef21-1\" ><div id=\"pgc-gb3987-69eae12a3ef21-1-0\"  class=\"panel-grid-cell\" ><div class=\"sector-products-item panel-cell-style panel-cell-style-for-gb3987-69eae12a3ef21-1-0\" ><div id=\"panel-gb3987-69eae12a3ef21-1-0-0\" class=\"so-panel widget widget_sow-editor panel-first-child panel-last-child\" data-index=\"1\" ><div\n\t\t\t\n\t\t\tclass=\"so-widget-sow-editor so-widget-sow-editor-base\"\n\t\t\t\n\t\t>\n<div class=\"siteorigin-widget-tinymce textwidget\">\n\t<h3>Sacos de papel Kraft<\/h3>\n<p>O pacote ecol\u00f3gico por excel\u00eancia: 100% recicl\u00e1vel, reutiliz\u00e1vel e biodegrad\u00e1vel. Das bolsas elegantes e cl\u00e1ssicas de cor natural ou castanhos a v\u00e1rias cores e formatos \u00e0 sua escolha: base larga, com al\u00e7a encaracolada, etc.<\/p>\n<div><a href=\"https:\/\/notejido.com\/productos\/bolsas-de-papel-kraft\/\"><\/a><\/div>\n<\/div>\n<\/div><\/div><\/div><\/div><div id=\"pgc-gb3987-69eae12a3ef21-1-1\"  class=\"panel-grid-cell\" ><div class=\"sector-products-item panel-cell-style panel-cell-style-for-gb3987-69eae12a3ef21-1-1\" ><div id=\"panel-gb3987-69eae12a3ef21-1-1-0\" class=\"so-panel widget widget_sow-editor panel-first-child panel-last-child\" data-index=\"2\" ><div\n\t\t\t\n\t\t\tclass=\"so-widget-sow-editor so-widget-sow-editor-base\"\n\t\t\t\n\t\t>\n<div class=\"siteorigin-widget-tinymce textwidget\">\n\t<h3>Sacos de tecido costurados<\/h3>\n<p>Feitos \u00e0 m\u00e3o, s\u00e3o a op\u00e7\u00e3o ideal para quem procura uma resist\u00eancia extra duradoura. Aqui encontra a maior variedade do mercado: algod\u00e3o, r\u00e1fia, PET reciclado, n\u00e3o tecido, poli\u00e9ster&#8230;<\/p>\n<div><a href=\"https:\/\/notejido.com\/productos\/bolsas-de-tela-cosidas\/\"><\/a><\/div>\n<\/div>\n<\/div><\/div><\/div><\/div><\/div><\/div><div id=\"pg-gb3987-69eae12a3ef21-2\"  class=\"panel-grid panel-has-style\" ><div class=\"sector-products panel-row-style panel-row-style-for-gb3987-69eae12a3ef21-2\" ><div id=\"pgc-gb3987-69eae12a3ef21-2-0\"  class=\"panel-grid-cell panel-grid-cell-mobile-last\" ><div class=\"sector-products-item panel-cell-style panel-cell-style-for-gb3987-69eae12a3ef21-2-0\" ><div id=\"panel-gb3987-69eae12a3ef21-2-0-0\" class=\"so-panel widget widget_sow-editor panel-first-child panel-last-child\" data-index=\"3\" ><div\n\t\t\t\n\t\t\tclass=\"so-widget-sow-editor so-widget-sow-editor-base\"\n\t\t\t\n\t\t>\n<div class=\"siteorigin-widget-tinymce textwidget\">\n\t<h3>Sacos de tecido selados t\u00e9rmicos<\/h3>\n<p>Feitos de materiais 100% recicl\u00e1veis: n\u00e3o tecidos ou r\u00e1fia. Os sacos selados a quente, laminados ou n\u00e3o, s\u00e3o a op\u00e7\u00e3o mais econ\u00f3mica, robusta e vers\u00e1til para personalizar. Ideal para qualquer tipo de produto ou empresa.<\/p>\n<div><a href=\"https:\/\/notejido.com\/productos\/bolsas-de-tela-termoselladas\/\"><\/a><\/div>\n<\/div>\n<\/div><\/div><\/div><\/div><div id=\"pgc-gb3987-69eae12a3ef21-2-1\"  class=\"panel-grid-cell panel-grid-cell-empty\" ><\/div><\/div><\/div><\/div>","protected":false},"excerpt":{"rendered":"<p>Sacos reutiliz\u00e1veis extremamente resistentes, capazes de suportar mais de 15 kg e com uma vida \u00fatil de mais de 100 [&hellip;]<\/p>\n","protected":false},"author":2,"featured_media":3945,"parent":0,"menu_order":0,"comment_status":"closed","ping_status":"closed","template":"page-sector.php","meta":{"_acf_changed":false,"footnotes":""},"class_list":["post-3987","page","type-page","status-publish","has-post-thumbnail","hentry"],"acf":[],"yoast_head":"<!-- This site is optimized with the Yoast SEO plugin v27.3 - https:\/\/yoast.com\/product\/yoast-seo-wordpress\/ -->\n<title>Sacos para supermercados e grandes superf\u00edcies - Disenos NT<\/title>\n<meta name=\"robots\" content=\"index, follow, max-snippet:-1, max-image-preview:large, max-video-preview:-1\" \/>\n<link rel=\"canonical\" href=\"https:\/\/notejido.com\/pt-pt\/bolsas-supermercados-y-grandes-superficies\/\" \/>\n<meta property=\"og:locale\" content=\"pt_PT\" \/>\n<meta property=\"og:type\" content=\"article\" \/>\n<meta property=\"og:title\" content=\"Sacos para supermercados e grandes superf\u00edcies - Disenos NT\" \/>\n<meta property=\"og:description\" content=\"Sacos reutiliz\u00e1veis extremamente resistentes, capazes de suportar mais de 15 kg e com uma vida \u00fatil de mais de 100 [&hellip;]\" \/>\n<meta property=\"og:url\" content=\"https:\/\/notejido.com\/pt-pt\/bolsas-supermercados-y-grandes-superficies\/\" \/>\n<meta property=\"og:site_name\" content=\"Disenos NT\" \/>\n<meta property=\"article:modified_time\" content=\"2026-04-07T11:50:57+00:00\" \/>\n<meta property=\"og:image\" content=\"https:\/\/notejido.com\/wp-content\/uploads\/2019\/09\/s-01b.jpg\" \/>\n\t<meta property=\"og:image:width\" content=\"1600\" \/>\n\t<meta property=\"og:image:height\" content=\"1000\" \/>\n\t<meta property=\"og:image:type\" content=\"image\/jpeg\" \/>\n<meta name=\"twitter:card\" content=\"summary_large_image\" \/>\n<script type=\"application\/ld+json\" class=\"yoast-schema-graph\">{\"@context\":\"https:\\\/\\\/schema.org\",\"@graph\":[{\"@type\":\"WebPage\",\"@id\":\"https:\\\/\\\/notejido.com\\\/pt-pt\\\/bolsas-supermercados-y-grandes-superficies\\\/\",\"url\":\"https:\\\/\\\/notejido.com\\\/pt-pt\\\/bolsas-supermercados-y-grandes-superficies\\\/\",\"name\":\"Sacos para supermercados e grandes superf\u00edcies - Disenos NT\",\"isPartOf\":{\"@id\":\"https:\\\/\\\/notejido.com\\\/pt-pt\\\/#website\"},\"primaryImageOfPage\":{\"@id\":\"https:\\\/\\\/notejido.com\\\/pt-pt\\\/bolsas-supermercados-y-grandes-superficies\\\/#primaryimage\"},\"image\":{\"@id\":\"https:\\\/\\\/notejido.com\\\/pt-pt\\\/bolsas-supermercados-y-grandes-superficies\\\/#primaryimage\"},\"thumbnailUrl\":\"https:\\\/\\\/notejido.com\\\/wp-content\\\/uploads\\\/2019\\\/09\\\/s-01b.jpg\",\"datePublished\":\"2019-05-10T08:52:16+00:00\",\"dateModified\":\"2026-04-07T11:50:57+00:00\",\"breadcrumb\":{\"@id\":\"https:\\\/\\\/notejido.com\\\/pt-pt\\\/bolsas-supermercados-y-grandes-superficies\\\/#breadcrumb\"},\"inLanguage\":\"pt-PT\",\"potentialAction\":[{\"@type\":\"ReadAction\",\"target\":[\"https:\\\/\\\/notejido.com\\\/pt-pt\\\/bolsas-supermercados-y-grandes-superficies\\\/\"]}]},{\"@type\":\"ImageObject\",\"inLanguage\":\"pt-PT\",\"@id\":\"https:\\\/\\\/notejido.com\\\/pt-pt\\\/bolsas-supermercados-y-grandes-superficies\\\/#primaryimage\",\"url\":\"https:\\\/\\\/notejido.com\\\/wp-content\\\/uploads\\\/2019\\\/09\\\/s-01b.jpg\",\"contentUrl\":\"https:\\\/\\\/notejido.com\\\/wp-content\\\/uploads\\\/2019\\\/09\\\/s-01b.jpg\",\"width\":1600,\"height\":1000,\"caption\":\"Supermercados y Grandes superficies\"},{\"@type\":\"BreadcrumbList\",\"@id\":\"https:\\\/\\\/notejido.com\\\/pt-pt\\\/bolsas-supermercados-y-grandes-superficies\\\/#breadcrumb\",\"itemListElement\":[{\"@type\":\"ListItem\",\"position\":1,\"name\":\"Portada\",\"item\":\"https:\\\/\\\/notejido.com\\\/pt-pt\\\/\"},{\"@type\":\"ListItem\",\"position\":2,\"name\":\"Sacos para supermercados e grandes superf\u00edcies\"}]},{\"@type\":\"WebSite\",\"@id\":\"https:\\\/\\\/notejido.com\\\/pt-pt\\\/#website\",\"url\":\"https:\\\/\\\/notejido.com\\\/pt-pt\\\/\",\"name\":\"Disenos NT\",\"description\":\"Bolsas reutilizables, art\u00edculos higi\u00e9nicos-sanitarios, manteles desechables  y otro packaging promocional en material flexible\",\"potentialAction\":[{\"@type\":\"SearchAction\",\"target\":{\"@type\":\"EntryPoint\",\"urlTemplate\":\"https:\\\/\\\/notejido.com\\\/pt-pt\\\/?s={search_term_string}\"},\"query-input\":{\"@type\":\"PropertyValueSpecification\",\"valueRequired\":true,\"valueName\":\"search_term_string\"}}],\"inLanguage\":\"pt-PT\"}]}<\/script>\n<!-- \/ Yoast SEO plugin. -->","yoast_head_json":{"title":"Sacos para supermercados e grandes superf\u00edcies - Disenos NT","robots":{"index":"index","follow":"follow","max-snippet":"max-snippet:-1","max-image-preview":"max-image-preview:large","max-video-preview":"max-video-preview:-1"},"canonical":"https:\/\/notejido.com\/pt-pt\/bolsas-supermercados-y-grandes-superficies\/","og_locale":"pt_PT","og_type":"article","og_title":"Sacos para supermercados e grandes superf\u00edcies - Disenos NT","og_description":"Sacos reutiliz\u00e1veis extremamente resistentes, capazes de suportar mais de 15 kg e com uma vida \u00fatil de mais de 100 [&hellip;]","og_url":"https:\/\/notejido.com\/pt-pt\/bolsas-supermercados-y-grandes-superficies\/","og_site_name":"Disenos NT","article_modified_time":"2026-04-07T11:50:57+00:00","og_image":[{"width":1600,"height":1000,"url":"https:\/\/notejido.com\/wp-content\/uploads\/2019\/09\/s-01b.jpg","type":"image\/jpeg"}],"twitter_card":"summary_large_image","schema":{"@context":"https:\/\/schema.org","@graph":[{"@type":"WebPage","@id":"https:\/\/notejido.com\/pt-pt\/bolsas-supermercados-y-grandes-superficies\/","url":"https:\/\/notejido.com\/pt-pt\/bolsas-supermercados-y-grandes-superficies\/","name":"Sacos para supermercados e grandes superf\u00edcies - Disenos NT","isPartOf":{"@id":"https:\/\/notejido.com\/pt-pt\/#website"},"primaryImageOfPage":{"@id":"https:\/\/notejido.com\/pt-pt\/bolsas-supermercados-y-grandes-superficies\/#primaryimage"},"image":{"@id":"https:\/\/notejido.com\/pt-pt\/bolsas-supermercados-y-grandes-superficies\/#primaryimage"},"thumbnailUrl":"https:\/\/notejido.com\/wp-content\/uploads\/2019\/09\/s-01b.jpg","datePublished":"2019-05-10T08:52:16+00:00","dateModified":"2026-04-07T11:50:57+00:00","breadcrumb":{"@id":"https:\/\/notejido.com\/pt-pt\/bolsas-supermercados-y-grandes-superficies\/#breadcrumb"},"inLanguage":"pt-PT","potentialAction":[{"@type":"ReadAction","target":["https:\/\/notejido.com\/pt-pt\/bolsas-supermercados-y-grandes-superficies\/"]}]},{"@type":"ImageObject","inLanguage":"pt-PT","@id":"https:\/\/notejido.com\/pt-pt\/bolsas-supermercados-y-grandes-superficies\/#primaryimage","url":"https:\/\/notejido.com\/wp-content\/uploads\/2019\/09\/s-01b.jpg","contentUrl":"https:\/\/notejido.com\/wp-content\/uploads\/2019\/09\/s-01b.jpg","width":1600,"height":1000,"caption":"Supermercados y Grandes superficies"},{"@type":"BreadcrumbList","@id":"https:\/\/notejido.com\/pt-pt\/bolsas-supermercados-y-grandes-superficies\/#breadcrumb","itemListElement":[{"@type":"ListItem","position":1,"name":"Portada","item":"https:\/\/notejido.com\/pt-pt\/"},{"@type":"ListItem","position":2,"name":"Sacos para supermercados e grandes superf\u00edcies"}]},{"@type":"WebSite","@id":"https:\/\/notejido.com\/pt-pt\/#website","url":"https:\/\/notejido.com\/pt-pt\/","name":"Disenos NT","description":"Bolsas reutilizables, art\u00edculos higi\u00e9nicos-sanitarios, manteles desechables  y otro packaging promocional en material flexible","potentialAction":[{"@type":"SearchAction","target":{"@type":"EntryPoint","urlTemplate":"https:\/\/notejido.com\/pt-pt\/?s={search_term_string}"},"query-input":{"@type":"PropertyValueSpecification","valueRequired":true,"valueName":"search_term_string"}}],"inLanguage":"pt-PT"}]}},"_links":{"self":[{"href":"https:\/\/notejido.com\/pt-pt\/wp-json\/wp\/v2\/pages\/3987","targetHints":{"allow":["GET"]}}],"collection":[{"href":"https:\/\/notejido.com\/pt-pt\/wp-json\/wp\/v2\/pages"}],"about":[{"href":"https:\/\/notejido.com\/pt-pt\/wp-json\/wp\/v2\/types\/page"}],"author":[{"embeddable":true,"href":"https:\/\/notejido.com\/pt-pt\/wp-json\/wp\/v2\/users\/2"}],"replies":[{"embeddable":true,"href":"https:\/\/notejido.com\/pt-pt\/wp-json\/wp\/v2\/comments?post=3987"}],"version-history":[{"count":5,"href":"https:\/\/notejido.com\/pt-pt\/wp-json\/wp\/v2\/pages\/3987\/revisions"}],"predecessor-version":[{"id":10836,"href":"https:\/\/notejido.com\/pt-pt\/wp-json\/wp\/v2\/pages\/3987\/revisions\/10836"}],"wp:featuredmedia":[{"embeddable":true,"href":"https:\/\/notejido.com\/pt-pt\/wp-json\/wp\/v2\/media\/3945"}],"wp:attachment":[{"href":"https:\/\/notejido.com\/pt-pt\/wp-json\/wp\/v2\/media?parent=3987"}],"curies":[{"name":"wp","href":"https:\/\/api.w.org\/{rel}","templated":true}]}}