{"id":4459,"date":"2019-02-19T10:51:02","date_gmt":"2019-02-19T10:51:02","guid":{"rendered":"https:\/\/notejido.com\/inicio\/"},"modified":"2026-04-07T11:39:13","modified_gmt":"2026-04-07T11:39:13","slug":"inicio","status":"publish","type":"page","link":"https:\/\/notejido.com\/pt-pt\/","title":{"rendered":"In\u00edcio"},"content":{"rendered":"<div id=\"pl-gb4459-69db75384f8c2\"  class=\"panel-layout\" ><div id=\"pg-gb4459-69db75384f8c2-0\"  class=\"panel-grid panel-no-style\" ><div id=\"pgc-gb4459-69db75384f8c2-0-0\"  class=\"panel-grid-cell\" ><div id=\"panel-gb4459-69db75384f8c2-0-0-0\" class=\"so-panel widget widget_sow-editor panel-first-child panel-last-child\" data-index=\"0\" ><div class=\"section-intro panel-widget-style panel-widget-style-for-gb4459-69db75384f8c2-0-0-0\" ><div\n\t\t\t\n\t\t\tclass=\"so-widget-sow-editor so-widget-sow-editor-base\"\n\t\t\t\n\t\t>\n<div class=\"siteorigin-widget-tinymce textwidget\">\n\t<h2 style=\"text-align: center;\">SOMOS O SEU PARCEIRO ESTRAT\u00c9GICO<\/h2>\n<p style=\"text-align: center;\">Beneficie de uma proposta de valor diferenciada<\/p>\n<\/div>\n<\/div><\/div><\/div><\/div><\/div><div id=\"pg-gb4459-69db75384f8c2-1\"  class=\"panel-grid panel-has-style\" ><div class=\"section-numbers panel-row-style panel-row-style-for-gb4459-69db75384f8c2-1\" ><div id=\"pgc-gb4459-69db75384f8c2-1-0\"  class=\"panel-grid-cell\" ><div id=\"panel-gb4459-69db75384f8c2-1-0-0\" class=\"so-panel widget widget_sow-image panel-first-child\" data-index=\"1\" ><div\n\t\t\t\n\t\t\tclass=\"so-widget-sow-image so-widget-sow-image-default-c67d20f9f743-4459\"\n\t\t\t\n\t\t>\n<div class=\"sow-image-container\">\n\t\t<img \n\tsrc=\"https:\/\/notejido.com\/wp-content\/uploads\/2026\/03\/35-anos.png\" width=\"91\" height=\"91\" sizes=\"(max-width: 91px) 100vw, 91px\" title=\"+35 a\u00f1os\" alt=\"\" \t\tclass=\"so-widget-image\"\/>\n\t<\/div>\n\n<\/div><\/div><div id=\"panel-gb4459-69db75384f8c2-1-0-1\" class=\"so-panel widget widget_sow-editor panel-last-child\" data-index=\"2\" ><div\n\t\t\t\n\t\t\tclass=\"so-widget-sow-editor so-widget-sow-editor-base\"\n\t\t\t\n\t\t>\n<div class=\"siteorigin-widget-tinymce textwidget\">\n\t<h3 style=\"text-align: center;\">+35 anos no sector de embalagens<\/h3>\n<\/div>\n<\/div><\/div><\/div><div id=\"pgc-gb4459-69db75384f8c2-1-1\"  class=\"panel-grid-cell\" ><div id=\"panel-gb4459-69db75384f8c2-1-1-0\" class=\"so-panel widget widget_sow-image panel-first-child\" data-index=\"3\" ><div\n\t\t\t\n\t\t\tclass=\"so-widget-sow-image so-widget-sow-image-default-c67d20f9f743-4459\"\n\t\t\t\n\t\t>\n<div class=\"sow-image-container\">\n\t\t<img \n\tsrc=\"https:\/\/notejido.com\/wp-content\/uploads\/2026\/03\/produccion-integrada.png\" width=\"91\" height=\"91\" sizes=\"(max-width: 91px) 100vw, 91px\" title=\"produccion integrada\" alt=\"\" \t\tclass=\"so-widget-image\"\/>\n\t<\/div>\n\n<\/div><\/div><div id=\"panel-gb4459-69db75384f8c2-1-1-1\" class=\"so-panel widget widget_sow-editor panel-last-child\" data-index=\"4\" ><div\n\t\t\t\n\t\t\tclass=\"so-widget-sow-editor so-widget-sow-editor-base\"\n\t\t\t\n\t\t>\n<div class=\"siteorigin-widget-tinymce textwidget\">\n\t<h3 style=\"text-align: center;\">Produ\u00e7\u00e3o 100% integrada sem intermedi\u00e1rios<\/h3>\n<\/div>\n<\/div><\/div><\/div><div id=\"pgc-gb4459-69db75384f8c2-1-2\"  class=\"panel-grid-cell\" ><div id=\"panel-gb4459-69db75384f8c2-1-2-0\" class=\"so-panel widget widget_sow-image panel-first-child\" data-index=\"5\" ><div\n\t\t\t\n\t\t\tclass=\"so-widget-sow-image so-widget-sow-image-default-c67d20f9f743-4459\"\n\t\t\t\n\t\t>\n<div class=\"sow-image-container\">\n\t\t<img \n\tsrc=\"https:\/\/notejido.com\/wp-content\/uploads\/2026\/03\/certificaciones.png\" width=\"91\" height=\"91\" sizes=\"(max-width: 91px) 100vw, 91px\" alt=\"\" \t\tclass=\"so-widget-image\"\/>\n\t<\/div>\n\n<\/div><\/div><div id=\"panel-gb4459-69db75384f8c2-1-2-1\" class=\"so-panel widget widget_sow-editor panel-last-child\" data-index=\"6\" ><div\n\t\t\t\n\t\t\tclass=\"so-widget-sow-editor so-widget-sow-editor-base\"\n\t\t\t\n\t\t>\n<div class=\"siteorigin-widget-tinymce textwidget\">\n\t<h3 style=\"text-align: center;\">Certifica\u00e7\u00f5es de qualidade avan\u00e7adas e atualizadas<\/h3>\n<\/div>\n<\/div><\/div><\/div><\/div><\/div><div id=\"pg-gb4459-69db75384f8c2-2\"  class=\"panel-grid panel-has-style\" ><div class=\"section-numbers panel-row-style panel-row-style-for-gb4459-69db75384f8c2-2\" ><div id=\"pgc-gb4459-69db75384f8c2-2-0\"  class=\"panel-grid-cell\" ><div id=\"panel-gb4459-69db75384f8c2-2-0-0\" class=\"so-panel widget widget_sow-image panel-first-child\" data-index=\"7\" ><div\n\t\t\t\n\t\t\tclass=\"so-widget-sow-image so-widget-sow-image-default-c67d20f9f743-4459\"\n\t\t\t\n\t\t>\n<div class=\"sow-image-container\">\n\t\t<img \n\tsrc=\"https:\/\/notejido.com\/wp-content\/uploads\/2026\/03\/sostenibilidad.png\" width=\"91\" height=\"91\" sizes=\"(max-width: 91px) 100vw, 91px\" alt=\"\" \t\tclass=\"so-widget-image\"\/>\n\t<\/div>\n\n<\/div><\/div><div id=\"panel-gb4459-69db75384f8c2-2-0-1\" class=\"so-panel widget widget_sow-editor panel-last-child\" data-index=\"8\" ><div\n\t\t\t\n\t\t\tclass=\"so-widget-sow-editor so-widget-sow-editor-base\"\n\t\t\t\n\t\t>\n<div class=\"siteorigin-widget-tinymce textwidget\">\n\t<h3 style=\"text-align: center;\">Compromisso com a sustentabilidade e meio ambiente<\/h3>\n<\/div>\n<\/div><\/div><\/div><div id=\"pgc-gb4459-69db75384f8c2-2-1\"  class=\"panel-grid-cell\" ><div id=\"panel-gb4459-69db75384f8c2-2-1-0\" class=\"so-panel widget widget_sow-image panel-first-child\" data-index=\"9\" ><div\n\t\t\t\n\t\t\tclass=\"so-widget-sow-image so-widget-sow-image-default-c67d20f9f743-4459\"\n\t\t\t\n\t\t>\n<div class=\"sow-image-container\">\n\t\t<img \n\tsrc=\"https:\/\/notejido.com\/wp-content\/uploads\/2026\/03\/catalogo-mayor-oferta.png\" width=\"91\" height=\"91\" sizes=\"(max-width: 91px) 100vw, 91px\" title=\"catalogo mayor oferta\" alt=\"\" \t\tclass=\"so-widget-image\"\/>\n\t<\/div>\n\n<\/div><\/div><div id=\"panel-gb4459-69db75384f8c2-2-1-1\" class=\"so-panel widget widget_sow-editor panel-last-child\" data-index=\"10\" ><div\n\t\t\t\n\t\t\tclass=\"so-widget-sow-editor so-widget-sow-editor-base\"\n\t\t\t\n\t\t>\n<div class=\"siteorigin-widget-tinymce textwidget\">\n\t<h3 style=\"text-align: center;\">Cat\u00e1logo com a maior oferta de formatos e materiais<\/h3>\n<\/div>\n<\/div><\/div><\/div><div id=\"pgc-gb4459-69db75384f8c2-2-2\"  class=\"panel-grid-cell\" ><div id=\"panel-gb4459-69db75384f8c2-2-2-0\" class=\"so-panel widget widget_sow-image panel-first-child\" data-index=\"11\" ><div\n\t\t\t\n\t\t\tclass=\"so-widget-sow-image so-widget-sow-image-default-c67d20f9f743-4459\"\n\t\t\t\n\t\t>\n<div class=\"sow-image-container\">\n\t\t<img \n\tsrc=\"https:\/\/notejido.com\/wp-content\/uploads\/2026\/03\/flexibilidad-productiva.png\" width=\"91\" height=\"91\" sizes=\"(max-width: 91px) 100vw, 91px\" title=\"flexibilidad productiva\" alt=\"\" \t\tclass=\"so-widget-image\"\/>\n\t<\/div>\n\n<\/div><\/div><div id=\"panel-gb4459-69db75384f8c2-2-2-1\" class=\"so-panel widget widget_sow-editor panel-last-child\" data-index=\"12\" ><div\n\t\t\t\n\t\t\tclass=\"so-widget-sow-editor so-widget-sow-editor-base\"\n\t\t\t\n\t\t>\n<div class=\"siteorigin-widget-tinymce textwidget\">\n\t<h3 style=\"text-align: center;\">Flexibilidade produtiva e agilidade nas entregas sem ruturas de stock<\/h3>\n<\/div>\n<\/div><\/div><\/div><\/div><\/div><\/div>","protected":false},"excerpt":{"rendered":"<p>SOMOS O SEU PARCEIRO ESTRAT\u00c9GICO Beneficie de uma proposta de valor diferenciada +35 anos no sector de embalagens Produ\u00e7\u00e3o 100% [&hellip;]<\/p>\n","protected":false},"author":2,"featured_media":0,"parent":0,"menu_order":128,"comment_status":"closed","ping_status":"closed","template":"","meta":{"_acf_changed":false,"footnotes":""},"class_list":["post-4459","page","type-page","status-publish","hentry"],"acf":[],"yoast_head":"<!-- This site is optimized with the Yoast SEO plugin v27.3 - https:\/\/yoast.com\/product\/yoast-seo-wordpress\/ -->\n<title>In\u00edcio - Disenos NT<\/title>\n<meta name=\"robots\" content=\"index, follow, max-snippet:-1, max-image-preview:large, max-video-preview:-1\" \/>\n<link rel=\"canonical\" href=\"https:\/\/notejido.com\/pt-pt\/\" \/>\n<meta property=\"og:locale\" content=\"pt_PT\" \/>\n<meta property=\"og:type\" content=\"article\" \/>\n<meta property=\"og:title\" content=\"In\u00edcio - Disenos NT\" \/>\n<meta property=\"og:description\" content=\"SOMOS O SEU PARCEIRO ESTRAT\u00c9GICO Beneficie de uma proposta de valor diferenciada +35 anos no sector de embalagens Produ\u00e7\u00e3o 100% [&hellip;]\" \/>\n<meta property=\"og:url\" content=\"https:\/\/notejido.com\/pt-pt\/\" \/>\n<meta property=\"og:site_name\" content=\"Disenos NT\" \/>\n<meta property=\"article:modified_time\" content=\"2026-04-07T11:39:13+00:00\" \/>\n<meta name=\"twitter:card\" content=\"summary_large_image\" \/>\n<meta name=\"twitter:label1\" content=\"Tempo estimado de leitura\" \/>\n\t<meta name=\"twitter:data1\" content=\"2 minutos\" \/>\n<script type=\"application\/ld+json\" class=\"yoast-schema-graph\">{\"@context\":\"https:\\\/\\\/schema.org\",\"@graph\":[{\"@type\":\"WebPage\",\"@id\":\"https:\\\/\\\/notejido.com\\\/pt-pt\\\/\",\"url\":\"https:\\\/\\\/notejido.com\\\/pt-pt\\\/\",\"name\":\"In\u00edcio - Disenos NT\",\"isPartOf\":{\"@id\":\"https:\\\/\\\/notejido.com\\\/pt-pt\\\/#website\"},\"datePublished\":\"2019-02-19T10:51:02+00:00\",\"dateModified\":\"2026-04-07T11:39:13+00:00\",\"breadcrumb\":{\"@id\":\"https:\\\/\\\/notejido.com\\\/pt-pt\\\/#breadcrumb\"},\"inLanguage\":\"pt-PT\",\"potentialAction\":[{\"@type\":\"ReadAction\",\"target\":[\"https:\\\/\\\/notejido.com\\\/pt-pt\\\/\"]}]},{\"@type\":\"BreadcrumbList\",\"@id\":\"https:\\\/\\\/notejido.com\\\/pt-pt\\\/#breadcrumb\",\"itemListElement\":[{\"@type\":\"ListItem\",\"position\":1,\"name\":\"Portada\",\"item\":\"https:\\\/\\\/notejido.com\\\/pt-pt\\\/\"},{\"@type\":\"ListItem\",\"position\":2,\"name\":\"In\u00edcio\"}]},{\"@type\":\"WebSite\",\"@id\":\"https:\\\/\\\/notejido.com\\\/pt-pt\\\/#website\",\"url\":\"https:\\\/\\\/notejido.com\\\/pt-pt\\\/\",\"name\":\"Disenos NT\",\"description\":\"Bolsas reutilizables, art\u00edculos higi\u00e9nicos-sanitarios, manteles desechables  y otro packaging promocional en material flexible\",\"potentialAction\":[{\"@type\":\"SearchAction\",\"target\":{\"@type\":\"EntryPoint\",\"urlTemplate\":\"https:\\\/\\\/notejido.com\\\/pt-pt\\\/?s={search_term_string}\"},\"query-input\":{\"@type\":\"PropertyValueSpecification\",\"valueRequired\":true,\"valueName\":\"search_term_string\"}}],\"inLanguage\":\"pt-PT\"}]}<\/script>\n<!-- \/ Yoast SEO plugin. -->","yoast_head_json":{"title":"In\u00edcio - Disenos NT","robots":{"index":"index","follow":"follow","max-snippet":"max-snippet:-1","max-image-preview":"max-image-preview:large","max-video-preview":"max-video-preview:-1"},"canonical":"https:\/\/notejido.com\/pt-pt\/","og_locale":"pt_PT","og_type":"article","og_title":"In\u00edcio - Disenos NT","og_description":"SOMOS O SEU PARCEIRO ESTRAT\u00c9GICO Beneficie de uma proposta de valor diferenciada +35 anos no sector de embalagens Produ\u00e7\u00e3o 100% [&hellip;]","og_url":"https:\/\/notejido.com\/pt-pt\/","og_site_name":"Disenos NT","article_modified_time":"2026-04-07T11:39:13+00:00","twitter_card":"summary_large_image","twitter_misc":{"Tempo estimado de leitura":"2 minutos"},"schema":{"@context":"https:\/\/schema.org","@graph":[{"@type":"WebPage","@id":"https:\/\/notejido.com\/pt-pt\/","url":"https:\/\/notejido.com\/pt-pt\/","name":"In\u00edcio - Disenos NT","isPartOf":{"@id":"https:\/\/notejido.com\/pt-pt\/#website"},"datePublished":"2019-02-19T10:51:02+00:00","dateModified":"2026-04-07T11:39:13+00:00","breadcrumb":{"@id":"https:\/\/notejido.com\/pt-pt\/#breadcrumb"},"inLanguage":"pt-PT","potentialAction":[{"@type":"ReadAction","target":["https:\/\/notejido.com\/pt-pt\/"]}]},{"@type":"BreadcrumbList","@id":"https:\/\/notejido.com\/pt-pt\/#breadcrumb","itemListElement":[{"@type":"ListItem","position":1,"name":"Portada","item":"https:\/\/notejido.com\/pt-pt\/"},{"@type":"ListItem","position":2,"name":"In\u00edcio"}]},{"@type":"WebSite","@id":"https:\/\/notejido.com\/pt-pt\/#website","url":"https:\/\/notejido.com\/pt-pt\/","name":"Disenos NT","description":"Bolsas reutilizables, art\u00edculos higi\u00e9nicos-sanitarios, manteles desechables  y otro packaging promocional en material flexible","potentialAction":[{"@type":"SearchAction","target":{"@type":"EntryPoint","urlTemplate":"https:\/\/notejido.com\/pt-pt\/?s={search_term_string}"},"query-input":{"@type":"PropertyValueSpecification","valueRequired":true,"valueName":"search_term_string"}}],"inLanguage":"pt-PT"}]}},"_links":{"self":[{"href":"https:\/\/notejido.com\/pt-pt\/wp-json\/wp\/v2\/pages\/4459","targetHints":{"allow":["GET"]}}],"collection":[{"href":"https:\/\/notejido.com\/pt-pt\/wp-json\/wp\/v2\/pages"}],"about":[{"href":"https:\/\/notejido.com\/pt-pt\/wp-json\/wp\/v2\/types\/page"}],"author":[{"embeddable":true,"href":"https:\/\/notejido.com\/pt-pt\/wp-json\/wp\/v2\/users\/2"}],"replies":[{"embeddable":true,"href":"https:\/\/notejido.com\/pt-pt\/wp-json\/wp\/v2\/comments?post=4459"}],"version-history":[{"count":5,"href":"https:\/\/notejido.com\/pt-pt\/wp-json\/wp\/v2\/pages\/4459\/revisions"}],"predecessor-version":[{"id":10784,"href":"https:\/\/notejido.com\/pt-pt\/wp-json\/wp\/v2\/pages\/4459\/revisions\/10784"}],"wp:attachment":[{"href":"https:\/\/notejido.com\/pt-pt\/wp-json\/wp\/v2\/media?parent=4459"}],"curies":[{"name":"wp","href":"https:\/\/api.w.org\/{rel}","templated":true}]}}