{"id":4702,"date":"2019-12-02T10:42:43","date_gmt":"2019-12-02T10:42:43","guid":{"rendered":"https:\/\/notejido.com\/politica-de-cookies\/"},"modified":"2021-11-22T16:51:20","modified_gmt":"2021-11-22T16:51:20","slug":"politica-de-cookies","status":"publish","type":"page","link":"https:\/\/notejido.com\/pt-pt\/politica-de-cookies\/","title":{"rendered":"Pol\u00edtica de Cookies"},"content":{"rendered":"\n<p>Dise\u00f1o y Aplicaciones del No Tejido, S.L. (doravante DISE\u00d1OS NT) informa, atrav\u00e9s desta Pol\u00edtica de Cookies, sobre a utiliza\u00e7\u00e3o de dispositivos de armazenamento e recupera\u00e7\u00e3o de dados em terminais de usu\u00e1rios.<\/p>\n\n\n\n<h2 class=\"wp-block-heading\">O que s\u00e3o cookies?<\/h2>\n\n\n\n<p>Um cookie \u00e9 um arquivo que \u00e9 baixado para seu computador \/ smartphone \/ tablet quando voc\u00ea acessa certas p\u00e1ginas da web. Os cookies permitem que uma p\u00e1gina web, entre outras coisas, armazene e recupere informa\u00e7\u00f5es sobre os h\u00e1bitos de navega\u00e7\u00e3o de um usu\u00e1rio ou de seu equipamento e, dependendo das informa\u00e7\u00f5es que contenham e da forma como utiliza seu equipamento, podem ser usados \u200b\u200bpara reconhec\u00ea-los ao usu\u00e1rio.<\/p>\n\n\n\n<h2 class=\"wp-block-heading\">Para que a Dise\u00f1os NT usa cookies?<\/h2>\n\n\n\n<p>De acordo com o artigo 22 da Lei de Servi\u00e7os da Sociedade da Informa\u00e7\u00e3o e Com\u00e9rcio Eletr\u00f4nico, bem como no Considerando (30) Regulamento Geral de Prote\u00e7\u00e3o de Dados, este Site usa cookies ou outros dispositivos de armazenamento e recupera\u00e7\u00e3o de informa\u00e7\u00e3o para rastrear as intera\u00e7\u00f5es dos Usu\u00e1rios com o servi\u00e7os oferecidos no site.<\/p>\n\n\n\n<p>Os cookies permitem reconhecer o navegador de um Utilizador, bem como o tipo de dispositivo a partir do qual se acede ao Site, e s\u00e3o utilizados para facilitar a pr\u00f3xima visita do Utilizador e tornar o Site mais \u00fatil.<\/p>\n\n\n\n<p>DISE\u00d1OS NT usa cookies para os seguintes fins:<\/p>\n\n\n\n<p>1 &#8211; Verifique se o site funciona corretamente.<br>2 &#8211; Armazene suas prefer\u00eancias, como o idioma que voc\u00ea selecionou para otimizar a navega\u00e7\u00e3o do usu\u00e1rio.<br>3 &#8211; Coletar informa\u00e7\u00f5es estat\u00edsticas an\u00f4nimas para otimizar a navega\u00e7\u00e3o e aprimorar o site.<\/p>\n\n\n\n<h2 class=\"wp-block-heading\">Que tipo de cookies este site usa?<\/h2>\n\n\n\n<p><strong>Cookies de an\u00e1lise<\/strong><\/p>\n\n\n\n<p>S\u00e3o aqueles que permitem o monitoramento e an\u00e1lise do comportamento do usu\u00e1rio em nossa p\u00e1gina. As informa\u00e7\u00f5es coletadas s\u00e3o utilizadas para medir a atividade do usu\u00e1rio na web e para criar perfis de navega\u00e7\u00e3o do usu\u00e1rio, a fim de melhorar a web, bem como os produtos e servi\u00e7os oferecidos.<\/p>\n\n\n\n<p><strong>Cookies de Marketing<\/strong><\/p>\n\n\n\n<p>S\u00e3o aqueles que permitem a gest\u00e3o eficaz dos espa\u00e7os publicit\u00e1rios inclu\u00eddos na web com base em crit\u00e9rios como o conte\u00fado ou a frequ\u00eancia com que os an\u00fancios s\u00e3o apresentados.<\/p>\n\n\n\n<p>Para usar este site \u00e9 necess\u00e1rio instalar cookies. Caso contr\u00e1rio, n\u00e3o seremos capazes de fornecer muitos dos servi\u00e7os que mostramos. O usu\u00e1rio n\u00e3o pode aceit\u00e1-los ou configurar seu navegador para bloque\u00e1-los e, quando apropriado, elimin\u00e1-los.<\/p>\n\n\n\n<h2 class=\"wp-block-heading\">Quem usa cookies?<\/h2>\n\n\n\n<p>Os cookies utilizados neste site s\u00e3o utilizados pela pessoa jur\u00eddica respons\u00e1vel por este site e pelos seguintes servi\u00e7os ou prestadores de servi\u00e7os:<br>   \u2022 Google Analytics: \u00e9 um servi\u00e7o de an\u00e1lise da web que utiliza cookies de an\u00e1lise. Pol\u00edtica de privacidade do Google Analytics.<\/p>\n\n\n\n<h2 class=\"wp-block-heading\">Como posso desativar ou eliminar Cookies?<\/h2>\n\n\n\n<p>O usu\u00e1rio pode, a qualquer momento, escolher com quais cookies deseja trabalhar neste site.<\/p>\n\n\n\n<h2 class=\"wp-block-heading\">O que acontece se os cookies forem desativados?<\/h2>\n\n\n\n<p>Algumas funcionalidades dos Servi\u00e7os ser\u00e3o desativadas.<\/p>\n","protected":false},"excerpt":{"rendered":"<p>Dise\u00f1o y Aplicaciones del No Tejido, S.L. (doravante DISE\u00d1OS NT) informa, atrav\u00e9s desta Pol\u00edtica de Cookies, sobre a utiliza\u00e7\u00e3o de [&hellip;]<\/p>\n","protected":false},"author":2,"featured_media":3628,"parent":0,"menu_order":53,"comment_status":"closed","ping_status":"closed","template":"","meta":{"_acf_changed":false,"footnotes":""},"class_list":["post-4702","page","type-page","status-publish","has-post-thumbnail","hentry"],"acf":[],"yoast_head":"<!-- This site is optimized with the Yoast SEO plugin v27.2 - https:\/\/yoast.com\/product\/yoast-seo-wordpress\/ -->\n<title>Pol\u00edtica de Cookies - Disenos NT<\/title>\n<meta name=\"robots\" content=\"index, follow, max-snippet:-1, max-image-preview:large, max-video-preview:-1\" \/>\n<link rel=\"canonical\" href=\"https:\/\/notejido.com\/pt-pt\/politica-de-cookies\/\" \/>\n<meta property=\"og:locale\" content=\"pt_PT\" \/>\n<meta property=\"og:type\" content=\"article\" \/>\n<meta property=\"og:title\" content=\"Pol\u00edtica de Cookies - Disenos NT\" \/>\n<meta property=\"og:description\" content=\"Dise\u00f1o y Aplicaciones del No Tejido, S.L. (doravante DISE\u00d1OS NT) informa, atrav\u00e9s desta Pol\u00edtica de Cookies, sobre a utiliza\u00e7\u00e3o de [&hellip;]\" \/>\n<meta property=\"og:url\" content=\"https:\/\/notejido.com\/pt-pt\/politica-de-cookies\/\" \/>\n<meta property=\"og:site_name\" content=\"Disenos NT\" \/>\n<meta property=\"article:modified_time\" content=\"2021-11-22T16:51:20+00:00\" \/>\n<meta property=\"og:image\" content=\"https:\/\/notejido.com\/wp-content\/uploads\/2019\/10\/bg-us.jpg\" \/>\n\t<meta property=\"og:image:width\" content=\"1600\" \/>\n\t<meta property=\"og:image:height\" content=\"1000\" \/>\n\t<meta property=\"og:image:type\" content=\"image\/jpeg\" \/>\n<meta name=\"twitter:card\" content=\"summary_large_image\" \/>\n<meta name=\"twitter:label1\" content=\"Tempo estimado de leitura\" \/>\n\t<meta name=\"twitter:data1\" content=\"3 minutos\" \/>\n<script type=\"application\/ld+json\" class=\"yoast-schema-graph\">{\"@context\":\"https:\/\/schema.org\",\"@graph\":[{\"@type\":\"WebPage\",\"@id\":\"https:\/\/notejido.com\/pt-pt\/politica-de-cookies\/\",\"url\":\"https:\/\/notejido.com\/pt-pt\/politica-de-cookies\/\",\"name\":\"Pol\u00edtica de Cookies - Disenos NT\",\"isPartOf\":{\"@id\":\"https:\/\/notejido.com\/pt-pt\/#website\"},\"primaryImageOfPage\":{\"@id\":\"https:\/\/notejido.com\/pt-pt\/politica-de-cookies\/#primaryimage\"},\"image\":{\"@id\":\"https:\/\/notejido.com\/pt-pt\/politica-de-cookies\/#primaryimage\"},\"thumbnailUrl\":\"https:\/\/notejido.com\/wp-content\/uploads\/2019\/10\/bg-us.jpg\",\"datePublished\":\"2019-12-02T10:42:43+00:00\",\"dateModified\":\"2021-11-22T16:51:20+00:00\",\"breadcrumb\":{\"@id\":\"https:\/\/notejido.com\/pt-pt\/politica-de-cookies\/#breadcrumb\"},\"inLanguage\":\"pt-PT\",\"potentialAction\":[{\"@type\":\"ReadAction\",\"target\":[\"https:\/\/notejido.com\/pt-pt\/politica-de-cookies\/\"]}]},{\"@type\":\"ImageObject\",\"inLanguage\":\"pt-PT\",\"@id\":\"https:\/\/notejido.com\/pt-pt\/politica-de-cookies\/#primaryimage\",\"url\":\"https:\/\/notejido.com\/wp-content\/uploads\/2019\/10\/bg-us.jpg\",\"contentUrl\":\"https:\/\/notejido.com\/wp-content\/uploads\/2019\/10\/bg-us.jpg\",\"width\":1600,\"height\":1000,\"caption\":\"Edificio Dise\u00f1os NT\"},{\"@type\":\"BreadcrumbList\",\"@id\":\"https:\/\/notejido.com\/pt-pt\/politica-de-cookies\/#breadcrumb\",\"itemListElement\":[{\"@type\":\"ListItem\",\"position\":1,\"name\":\"Portada\",\"item\":\"https:\/\/notejido.com\/pt-pt\/\"},{\"@type\":\"ListItem\",\"position\":2,\"name\":\"Pol\u00edtica de Cookies\"}]},{\"@type\":\"WebSite\",\"@id\":\"https:\/\/notejido.com\/pt-pt\/#website\",\"url\":\"https:\/\/notejido.com\/pt-pt\/\",\"name\":\"Disenos NT\",\"description\":\"Bolsas reutilizables, art\u00edculos higi\u00e9nicos-sanitarios, manteles desechables  y otro packaging promocional en material flexible\",\"potentialAction\":[{\"@type\":\"SearchAction\",\"target\":{\"@type\":\"EntryPoint\",\"urlTemplate\":\"https:\/\/notejido.com\/pt-pt\/?s={search_term_string}\"},\"query-input\":{\"@type\":\"PropertyValueSpecification\",\"valueRequired\":true,\"valueName\":\"search_term_string\"}}],\"inLanguage\":\"pt-PT\"}]}<\/script>\n<!-- \/ Yoast SEO plugin. -->","yoast_head_json":{"title":"Pol\u00edtica de Cookies - Disenos NT","robots":{"index":"index","follow":"follow","max-snippet":"max-snippet:-1","max-image-preview":"max-image-preview:large","max-video-preview":"max-video-preview:-1"},"canonical":"https:\/\/notejido.com\/pt-pt\/politica-de-cookies\/","og_locale":"pt_PT","og_type":"article","og_title":"Pol\u00edtica de Cookies - Disenos NT","og_description":"Dise\u00f1o y Aplicaciones del No Tejido, S.L. (doravante DISE\u00d1OS NT) informa, atrav\u00e9s desta Pol\u00edtica de Cookies, sobre a utiliza\u00e7\u00e3o de [&hellip;]","og_url":"https:\/\/notejido.com\/pt-pt\/politica-de-cookies\/","og_site_name":"Disenos NT","article_modified_time":"2021-11-22T16:51:20+00:00","og_image":[{"width":1600,"height":1000,"url":"https:\/\/notejido.com\/wp-content\/uploads\/2019\/10\/bg-us.jpg","type":"image\/jpeg"}],"twitter_card":"summary_large_image","twitter_misc":{"Tempo estimado de leitura":"3 minutos"},"schema":{"@context":"https:\/\/schema.org","@graph":[{"@type":"WebPage","@id":"https:\/\/notejido.com\/pt-pt\/politica-de-cookies\/","url":"https:\/\/notejido.com\/pt-pt\/politica-de-cookies\/","name":"Pol\u00edtica de Cookies - Disenos NT","isPartOf":{"@id":"https:\/\/notejido.com\/pt-pt\/#website"},"primaryImageOfPage":{"@id":"https:\/\/notejido.com\/pt-pt\/politica-de-cookies\/#primaryimage"},"image":{"@id":"https:\/\/notejido.com\/pt-pt\/politica-de-cookies\/#primaryimage"},"thumbnailUrl":"https:\/\/notejido.com\/wp-content\/uploads\/2019\/10\/bg-us.jpg","datePublished":"2019-12-02T10:42:43+00:00","dateModified":"2021-11-22T16:51:20+00:00","breadcrumb":{"@id":"https:\/\/notejido.com\/pt-pt\/politica-de-cookies\/#breadcrumb"},"inLanguage":"pt-PT","potentialAction":[{"@type":"ReadAction","target":["https:\/\/notejido.com\/pt-pt\/politica-de-cookies\/"]}]},{"@type":"ImageObject","inLanguage":"pt-PT","@id":"https:\/\/notejido.com\/pt-pt\/politica-de-cookies\/#primaryimage","url":"https:\/\/notejido.com\/wp-content\/uploads\/2019\/10\/bg-us.jpg","contentUrl":"https:\/\/notejido.com\/wp-content\/uploads\/2019\/10\/bg-us.jpg","width":1600,"height":1000,"caption":"Edificio Dise\u00f1os NT"},{"@type":"BreadcrumbList","@id":"https:\/\/notejido.com\/pt-pt\/politica-de-cookies\/#breadcrumb","itemListElement":[{"@type":"ListItem","position":1,"name":"Portada","item":"https:\/\/notejido.com\/pt-pt\/"},{"@type":"ListItem","position":2,"name":"Pol\u00edtica de Cookies"}]},{"@type":"WebSite","@id":"https:\/\/notejido.com\/pt-pt\/#website","url":"https:\/\/notejido.com\/pt-pt\/","name":"Disenos NT","description":"Bolsas reutilizables, art\u00edculos higi\u00e9nicos-sanitarios, manteles desechables  y otro packaging promocional en material flexible","potentialAction":[{"@type":"SearchAction","target":{"@type":"EntryPoint","urlTemplate":"https:\/\/notejido.com\/pt-pt\/?s={search_term_string}"},"query-input":{"@type":"PropertyValueSpecification","valueRequired":true,"valueName":"search_term_string"}}],"inLanguage":"pt-PT"}]}},"_links":{"self":[{"href":"https:\/\/notejido.com\/pt-pt\/wp-json\/wp\/v2\/pages\/4702","targetHints":{"allow":["GET"]}}],"collection":[{"href":"https:\/\/notejido.com\/pt-pt\/wp-json\/wp\/v2\/pages"}],"about":[{"href":"https:\/\/notejido.com\/pt-pt\/wp-json\/wp\/v2\/types\/page"}],"author":[{"embeddable":true,"href":"https:\/\/notejido.com\/pt-pt\/wp-json\/wp\/v2\/users\/2"}],"replies":[{"embeddable":true,"href":"https:\/\/notejido.com\/pt-pt\/wp-json\/wp\/v2\/comments?post=4702"}],"version-history":[{"count":1,"href":"https:\/\/notejido.com\/pt-pt\/wp-json\/wp\/v2\/pages\/4702\/revisions"}],"predecessor-version":[{"id":6263,"href":"https:\/\/notejido.com\/pt-pt\/wp-json\/wp\/v2\/pages\/4702\/revisions\/6263"}],"wp:featuredmedia":[{"embeddable":true,"href":"https:\/\/notejido.com\/pt-pt\/wp-json\/wp\/v2\/media\/3628"}],"wp:attachment":[{"href":"https:\/\/notejido.com\/pt-pt\/wp-json\/wp\/v2\/media?parent=4702"}],"curies":[{"name":"wp","href":"https:\/\/api.w.org\/{rel}","templated":true}]}}