{"id":5713,"date":"2020-10-28T11:19:16","date_gmt":"2020-10-28T11:19:16","guid":{"rendered":"https:\/\/notejido.com\/artigos-higienico-sanitarios\/"},"modified":"2020-10-28T13:37:04","modified_gmt":"2020-10-28T13:37:04","slug":"artigos-higienico-sanitarios","status":"publish","type":"page","link":"https:\/\/notejido.com\/pt-pt\/artigos-higienico-sanitarios\/","title":{"rendered":"Artigos Higienico-Sanit\u00e1rios"},"content":{"rendered":"\n<p><strong>DNT Protection<\/strong> es la nueva gama de <strong>productos de protecci\u00f3n higi\u00e9nico-sanitarios desechables<\/strong> de no-tejidofabricados \u00edntegramente en Espa\u00f1a. En esta nueva gama, compuesta por tres l\u00edneas de producto: <strong>respiratorio, cuerpo y fundas protectoras,<\/strong> los profesionales del <strong>sector sanitario,<\/strong> de la <strong>industria alimentaria<\/strong> y <strong>qu\u00edmica,<\/strong> encontrar\u00e1n los art\u00edculos de protecci\u00f3n necesarios para desempe\u00f1ar su actividad de forma segura. Adem\u00e1s, todos los productos est\u00e1n certificados con <strong>OEKO-TEX\u00ae<\/strong>, un textil hipoalerg\u00e9nico, apto para el contacto con la piel. <\/p>\n","protected":false},"excerpt":{"rendered":"<p>DNT Protection es la nueva gama de productos de protecci\u00f3n higi\u00e9nico-sanitarios desechables de no-tejidofabricados \u00edntegramente en Espa\u00f1a. En esta nueva [&hellip;]<\/p>\n","protected":false},"author":2,"featured_media":0,"parent":0,"menu_order":24,"comment_status":"closed","ping_status":"closed","template":"page-product.php","meta":{"_acf_changed":false,"footnotes":""},"class_list":["post-5713","page","type-page","status-publish","hentry"],"acf":[],"yoast_head":"<!-- This site is optimized with the Yoast SEO plugin v27.3 - https:\/\/yoast.com\/product\/yoast-seo-wordpress\/ -->\n<title>Artigos Higienico-Sanit\u00e1rios - Disenos NT<\/title>\n<meta name=\"robots\" content=\"index, follow, max-snippet:-1, max-image-preview:large, max-video-preview:-1\" \/>\n<link rel=\"canonical\" href=\"https:\/\/notejido.com\/pt-pt\/artigos-higienico-sanitarios\/\" \/>\n<meta property=\"og:locale\" content=\"pt_PT\" \/>\n<meta property=\"og:type\" content=\"article\" \/>\n<meta property=\"og:title\" content=\"Artigos Higienico-Sanit\u00e1rios - Disenos NT\" \/>\n<meta property=\"og:description\" content=\"DNT Protection es la nueva gama de productos de protecci\u00f3n higi\u00e9nico-sanitarios desechables de no-tejidofabricados \u00edntegramente en Espa\u00f1a. En esta nueva [&hellip;]\" \/>\n<meta property=\"og:url\" content=\"https:\/\/notejido.com\/pt-pt\/artigos-higienico-sanitarios\/\" \/>\n<meta property=\"og:site_name\" content=\"Disenos NT\" \/>\n<meta property=\"article:modified_time\" content=\"2020-10-28T13:37:04+00:00\" \/>\n<meta name=\"twitter:card\" content=\"summary_large_image\" \/>\n<script type=\"application\/ld+json\" class=\"yoast-schema-graph\">{\"@context\":\"https:\\\/\\\/schema.org\",\"@graph\":[{\"@type\":\"WebPage\",\"@id\":\"https:\\\/\\\/notejido.com\\\/pt-pt\\\/artigos-higienico-sanitarios\\\/\",\"url\":\"https:\\\/\\\/notejido.com\\\/pt-pt\\\/artigos-higienico-sanitarios\\\/\",\"name\":\"Artigos Higienico-Sanit\u00e1rios - Disenos NT\",\"isPartOf\":{\"@id\":\"https:\\\/\\\/notejido.com\\\/pt-pt\\\/#website\"},\"datePublished\":\"2020-10-28T11:19:16+00:00\",\"dateModified\":\"2020-10-28T13:37:04+00:00\",\"breadcrumb\":{\"@id\":\"https:\\\/\\\/notejido.com\\\/pt-pt\\\/artigos-higienico-sanitarios\\\/#breadcrumb\"},\"inLanguage\":\"pt-PT\",\"potentialAction\":[{\"@type\":\"ReadAction\",\"target\":[\"https:\\\/\\\/notejido.com\\\/pt-pt\\\/artigos-higienico-sanitarios\\\/\"]}]},{\"@type\":\"BreadcrumbList\",\"@id\":\"https:\\\/\\\/notejido.com\\\/pt-pt\\\/artigos-higienico-sanitarios\\\/#breadcrumb\",\"itemListElement\":[{\"@type\":\"ListItem\",\"position\":1,\"name\":\"Portada\",\"item\":\"https:\\\/\\\/notejido.com\\\/pt-pt\\\/\"},{\"@type\":\"ListItem\",\"position\":2,\"name\":\"Artigos Higienico-Sanit\u00e1rios\"}]},{\"@type\":\"WebSite\",\"@id\":\"https:\\\/\\\/notejido.com\\\/pt-pt\\\/#website\",\"url\":\"https:\\\/\\\/notejido.com\\\/pt-pt\\\/\",\"name\":\"Disenos NT\",\"description\":\"Bolsas reutilizables, art\u00edculos higi\u00e9nicos-sanitarios, manteles desechables  y otro packaging promocional en material flexible\",\"potentialAction\":[{\"@type\":\"SearchAction\",\"target\":{\"@type\":\"EntryPoint\",\"urlTemplate\":\"https:\\\/\\\/notejido.com\\\/pt-pt\\\/?s={search_term_string}\"},\"query-input\":{\"@type\":\"PropertyValueSpecification\",\"valueRequired\":true,\"valueName\":\"search_term_string\"}}],\"inLanguage\":\"pt-PT\"}]}<\/script>\n<!-- \/ Yoast SEO plugin. -->","yoast_head_json":{"title":"Artigos Higienico-Sanit\u00e1rios - Disenos NT","robots":{"index":"index","follow":"follow","max-snippet":"max-snippet:-1","max-image-preview":"max-image-preview:large","max-video-preview":"max-video-preview:-1"},"canonical":"https:\/\/notejido.com\/pt-pt\/artigos-higienico-sanitarios\/","og_locale":"pt_PT","og_type":"article","og_title":"Artigos Higienico-Sanit\u00e1rios - Disenos NT","og_description":"DNT Protection es la nueva gama de productos de protecci\u00f3n higi\u00e9nico-sanitarios desechables de no-tejidofabricados \u00edntegramente en Espa\u00f1a. En esta nueva [&hellip;]","og_url":"https:\/\/notejido.com\/pt-pt\/artigos-higienico-sanitarios\/","og_site_name":"Disenos NT","article_modified_time":"2020-10-28T13:37:04+00:00","twitter_card":"summary_large_image","schema":{"@context":"https:\/\/schema.org","@graph":[{"@type":"WebPage","@id":"https:\/\/notejido.com\/pt-pt\/artigos-higienico-sanitarios\/","url":"https:\/\/notejido.com\/pt-pt\/artigos-higienico-sanitarios\/","name":"Artigos Higienico-Sanit\u00e1rios - Disenos NT","isPartOf":{"@id":"https:\/\/notejido.com\/pt-pt\/#website"},"datePublished":"2020-10-28T11:19:16+00:00","dateModified":"2020-10-28T13:37:04+00:00","breadcrumb":{"@id":"https:\/\/notejido.com\/pt-pt\/artigos-higienico-sanitarios\/#breadcrumb"},"inLanguage":"pt-PT","potentialAction":[{"@type":"ReadAction","target":["https:\/\/notejido.com\/pt-pt\/artigos-higienico-sanitarios\/"]}]},{"@type":"BreadcrumbList","@id":"https:\/\/notejido.com\/pt-pt\/artigos-higienico-sanitarios\/#breadcrumb","itemListElement":[{"@type":"ListItem","position":1,"name":"Portada","item":"https:\/\/notejido.com\/pt-pt\/"},{"@type":"ListItem","position":2,"name":"Artigos Higienico-Sanit\u00e1rios"}]},{"@type":"WebSite","@id":"https:\/\/notejido.com\/pt-pt\/#website","url":"https:\/\/notejido.com\/pt-pt\/","name":"Disenos NT","description":"Bolsas reutilizables, art\u00edculos higi\u00e9nicos-sanitarios, manteles desechables  y otro packaging promocional en material flexible","potentialAction":[{"@type":"SearchAction","target":{"@type":"EntryPoint","urlTemplate":"https:\/\/notejido.com\/pt-pt\/?s={search_term_string}"},"query-input":{"@type":"PropertyValueSpecification","valueRequired":true,"valueName":"search_term_string"}}],"inLanguage":"pt-PT"}]}},"_links":{"self":[{"href":"https:\/\/notejido.com\/pt-pt\/wp-json\/wp\/v2\/pages\/5713","targetHints":{"allow":["GET"]}}],"collection":[{"href":"https:\/\/notejido.com\/pt-pt\/wp-json\/wp\/v2\/pages"}],"about":[{"href":"https:\/\/notejido.com\/pt-pt\/wp-json\/wp\/v2\/types\/page"}],"author":[{"embeddable":true,"href":"https:\/\/notejido.com\/pt-pt\/wp-json\/wp\/v2\/users\/2"}],"replies":[{"embeddable":true,"href":"https:\/\/notejido.com\/pt-pt\/wp-json\/wp\/v2\/comments?post=5713"}],"version-history":[{"count":3,"href":"https:\/\/notejido.com\/pt-pt\/wp-json\/wp\/v2\/pages\/5713\/revisions"}],"predecessor-version":[{"id":5716,"href":"https:\/\/notejido.com\/pt-pt\/wp-json\/wp\/v2\/pages\/5713\/revisions\/5716"}],"wp:attachment":[{"href":"https:\/\/notejido.com\/pt-pt\/wp-json\/wp\/v2\/media?parent=5713"}],"curies":[{"name":"wp","href":"https:\/\/api.w.org\/{rel}","templated":true}]}}