{"id":5717,"date":"2020-10-28T11:38:12","date_gmt":"2020-10-28T11:38:12","guid":{"rendered":"https:\/\/notejido.com\/setor-da-saude-e-farmaceutico\/"},"modified":"2024-11-12T11:51:46","modified_gmt":"2024-11-12T11:51:46","slug":"setor-da-saude-e-farmaceutico","status":"publish","type":"page","link":"https:\/\/notejido.com\/pt-pt\/setor-da-saude-e-farmaceutico\/","title":{"rendered":"Setor da Sa\u00fade e Farmac\u00eautico"},"content":{"rendered":"<div id=\"pl-gb5717-69d0f753bfe29\"  class=\"panel-layout\" ><div id=\"pg-gb5717-69d0f753bfe29-0\"  class=\"panel-grid panel-has-style\" ><div class=\"section-intro panel-row-style panel-row-style-for-gb5717-69d0f753bfe29-0\" ><div id=\"pgc-gb5717-69d0f753bfe29-0-0\"  class=\"panel-grid-cell\" ><div id=\"panel-gb5717-69d0f753bfe29-0-0-0\" class=\"so-panel widget widget_sow-editor panel-first-child panel-last-child\" data-index=\"0\" ><div\n\t\t\t\n\t\t\tclass=\"so-widget-sow-editor so-widget-sow-editor-base\"\n\t\t\t\n\t\t>\n<div class=\"siteorigin-widget-tinymce textwidget\">\n\t<p><strong>DNT Protection<\/strong> \u00e9 a nova gama de <strong>produtos descart\u00e1veis \u200b\u200bde prote\u00e7\u00e3o higi\u00e9nico-sanit\u00e1ria<\/strong> em tecido n\u00e3o tecido fabricados inteiramente em Espanha. Nesta nova gama, composta por tr\u00eas linhas de produtos: <strong>capas respirat\u00f3rias<\/strong>, <strong>corporais<\/strong> e de <strong>prote\u00e7\u00e3o<\/strong>, os profissionais do <strong>setor da sa\u00fade<\/strong>, da<strong> ind\u00fastria alimentar<\/strong> e <strong>qu\u00edmica<\/strong> encontrar\u00e3o os artigos de prote\u00e7\u00e3o necess\u00e1rios para o desempenho da sua atividade com seguran\u00e7a. Al\u00e9m disso, todos os produtos s\u00e3o certificados com <strong>OEKO-TEX\u00ae<\/strong>, um tecido hipoalerg\u00eanico, adequado para contato com a pele.<\/p>\n<\/div>\n<\/div><\/div><\/div><\/div><\/div><div id=\"pg-gb5717-69d0f753bfe29-1\"  class=\"panel-grid panel-has-style\" ><div class=\"sector-products panel-row-style panel-row-style-for-gb5717-69d0f753bfe29-1\" ><div id=\"pgc-gb5717-69d0f753bfe29-1-0\"  class=\"panel-grid-cell\" ><div class=\"sector-products-item panel-cell-style panel-cell-style-for-gb5717-69d0f753bfe29-1-0\" ><div id=\"panel-gb5717-69d0f753bfe29-1-0-0\" class=\"so-panel widget widget_sow-editor panel-first-child panel-last-child\" data-index=\"1\" ><div class=\"panel-widget-style panel-widget-style-for-gb5717-69d0f753bfe29-1-0-0\" ><div\n\t\t\t\n\t\t\tclass=\"so-widget-sow-editor so-widget-sow-editor-base\"\n\t\t\t\n\t\t>\n<div class=\"siteorigin-widget-tinymce textwidget\">\n\t<h3>Prote\u00e7\u00e3o respirat\u00f3ria<\/h3>\n<div><a href=\"https:\/\/notejido.com\/pt-pt\/produtos\/protecao-respiratoria\/\"><\/a><\/div>\n<\/div>\n<\/div><\/div><\/div><\/div><\/div><div id=\"pgc-gb5717-69d0f753bfe29-1-1\"  class=\"panel-grid-cell\" ><div class=\"sector-products-item panel-cell-style panel-cell-style-for-gb5717-69d0f753bfe29-1-1\" ><div id=\"panel-gb5717-69d0f753bfe29-1-1-0\" class=\"so-panel widget widget_sow-editor panel-first-child panel-last-child\" data-index=\"2\" ><div class=\"panel-widget-style panel-widget-style-for-gb5717-69d0f753bfe29-1-1-0\" ><div\n\t\t\t\n\t\t\tclass=\"so-widget-sow-editor so-widget-sow-editor-base\"\n\t\t\t\n\t\t>\n<div class=\"siteorigin-widget-tinymce textwidget\">\n\t<h3>Prote\u00e7\u00e3o corporal<\/h3>\n<div><a href=\"https:\/\/notejido.com\/pt-pt\/produtos\/protecao-corporal\/\"><\/a><\/div>\n<\/div>\n<\/div><\/div><\/div><\/div><\/div><\/div><\/div><div id=\"pg-gb5717-69d0f753bfe29-2\"  class=\"panel-grid panel-has-style\" ><div class=\"sector-products panel-row-style panel-row-style-for-gb5717-69d0f753bfe29-2\" ><div id=\"pgc-gb5717-69d0f753bfe29-2-0\"  class=\"panel-grid-cell panel-grid-cell-mobile-last\" ><div class=\"sector-products-item panel-cell-style panel-cell-style-for-gb5717-69d0f753bfe29-2-0\" ><div id=\"panel-gb5717-69d0f753bfe29-2-0-0\" class=\"so-panel widget widget_sow-editor panel-first-child panel-last-child\" data-index=\"3\" ><div class=\"panel-widget-style panel-widget-style-for-gb5717-69d0f753bfe29-2-0-0\" ><div\n\t\t\t\n\t\t\tclass=\"so-widget-sow-editor so-widget-sow-editor-base\"\n\t\t\t\n\t\t>\n<div class=\"siteorigin-widget-tinymce textwidget\">\n\t<h3>Capas protetoras<\/h3>\n<div><a href=\"https:\/\/notejido.com\/pt-pt\/produtos\/capas-protetoras\/\"><\/a><\/div>\n<\/div>\n<\/div><\/div><\/div><\/div><\/div><div id=\"pgc-gb5717-69d0f753bfe29-2-1\"  class=\"panel-grid-cell panel-grid-cell-empty\" ><\/div><\/div><\/div><\/div>\n\n\n<p><\/p>\n","protected":false},"excerpt":{"rendered":"<p>DNT Protection \u00e9 a nova gama de produtos descart\u00e1veis \u200b\u200bde prote\u00e7\u00e3o higi\u00e9nico-sanit\u00e1ria em tecido n\u00e3o tecido fabricados inteiramente em Espanha. [&hellip;]<\/p>\n","protected":false},"author":2,"featured_media":8021,"parent":0,"menu_order":5,"comment_status":"closed","ping_status":"closed","template":"page-sector.php","meta":{"_acf_changed":false,"footnotes":""},"class_list":["post-5717","page","type-page","status-publish","has-post-thumbnail","hentry"],"acf":[],"yoast_head":"<!-- This site is optimized with the Yoast SEO plugin v27.2 - https:\/\/yoast.com\/product\/yoast-seo-wordpress\/ -->\n<title>Setor da Sa\u00fade e Farmac\u00eautico - Disenos NT<\/title>\n<meta name=\"robots\" content=\"index, follow, max-snippet:-1, max-image-preview:large, max-video-preview:-1\" \/>\n<link rel=\"canonical\" href=\"https:\/\/notejido.com\/pt-pt\/setor-da-saude-e-farmaceutico\/\" \/>\n<meta property=\"og:locale\" content=\"pt_PT\" \/>\n<meta property=\"og:type\" content=\"article\" \/>\n<meta property=\"og:title\" content=\"Setor da Sa\u00fade e Farmac\u00eautico - Disenos NT\" \/>\n<meta property=\"og:description\" content=\"DNT Protection \u00e9 a nova gama de produtos descart\u00e1veis \u200b\u200bde prote\u00e7\u00e3o higi\u00e9nico-sanit\u00e1ria em tecido n\u00e3o tecido fabricados inteiramente em Espanha. [&hellip;]\" \/>\n<meta property=\"og:url\" content=\"https:\/\/notejido.com\/pt-pt\/setor-da-saude-e-farmaceutico\/\" \/>\n<meta property=\"og:site_name\" content=\"Disenos NT\" \/>\n<meta property=\"article:modified_time\" content=\"2024-11-12T11:51:46+00:00\" \/>\n<meta property=\"og:image\" content=\"https:\/\/notejido.com\/wp-content\/uploads\/2024\/10\/BATA-CIRUJANO-NO-TEJIDO.jpg\" \/>\n\t<meta property=\"og:image:width\" content=\"794\" \/>\n\t<meta property=\"og:image:height\" content=\"529\" \/>\n\t<meta property=\"og:image:type\" content=\"image\/jpeg\" \/>\n<meta name=\"twitter:card\" content=\"summary_large_image\" \/>\n<meta name=\"twitter:label1\" content=\"Tempo estimado de leitura\" \/>\n\t<meta name=\"twitter:data1\" content=\"1 minuto\" \/>\n<script type=\"application\/ld+json\" class=\"yoast-schema-graph\">{\"@context\":\"https:\/\/schema.org\",\"@graph\":[{\"@type\":\"WebPage\",\"@id\":\"https:\/\/notejido.com\/pt-pt\/setor-da-saude-e-farmaceutico\/\",\"url\":\"https:\/\/notejido.com\/pt-pt\/setor-da-saude-e-farmaceutico\/\",\"name\":\"Setor da Sa\u00fade e Farmac\u00eautico - Disenos NT\",\"isPartOf\":{\"@id\":\"https:\/\/notejido.com\/pt-pt\/#website\"},\"primaryImageOfPage\":{\"@id\":\"https:\/\/notejido.com\/pt-pt\/setor-da-saude-e-farmaceutico\/#primaryimage\"},\"image\":{\"@id\":\"https:\/\/notejido.com\/pt-pt\/setor-da-saude-e-farmaceutico\/#primaryimage\"},\"thumbnailUrl\":\"https:\/\/notejido.com\/wp-content\/uploads\/2024\/10\/BATA-CIRUJANO-NO-TEJIDO.jpg\",\"datePublished\":\"2020-10-28T11:38:12+00:00\",\"dateModified\":\"2024-11-12T11:51:46+00:00\",\"breadcrumb\":{\"@id\":\"https:\/\/notejido.com\/pt-pt\/setor-da-saude-e-farmaceutico\/#breadcrumb\"},\"inLanguage\":\"pt-PT\",\"potentialAction\":[{\"@type\":\"ReadAction\",\"target\":[\"https:\/\/notejido.com\/pt-pt\/setor-da-saude-e-farmaceutico\/\"]}]},{\"@type\":\"ImageObject\",\"inLanguage\":\"pt-PT\",\"@id\":\"https:\/\/notejido.com\/pt-pt\/setor-da-saude-e-farmaceutico\/#primaryimage\",\"url\":\"https:\/\/notejido.com\/wp-content\/uploads\/2024\/10\/BATA-CIRUJANO-NO-TEJIDO.jpg\",\"contentUrl\":\"https:\/\/notejido.com\/wp-content\/uploads\/2024\/10\/BATA-CIRUJANO-NO-TEJIDO.jpg\",\"width\":794,\"height\":529,\"caption\":\"Sanitario Farmacia e Industria\"},{\"@type\":\"BreadcrumbList\",\"@id\":\"https:\/\/notejido.com\/pt-pt\/setor-da-saude-e-farmaceutico\/#breadcrumb\",\"itemListElement\":[{\"@type\":\"ListItem\",\"position\":1,\"name\":\"Portada\",\"item\":\"https:\/\/notejido.com\/pt-pt\/\"},{\"@type\":\"ListItem\",\"position\":2,\"name\":\"Setor da Sa\u00fade e Farmac\u00eautico\"}]},{\"@type\":\"WebSite\",\"@id\":\"https:\/\/notejido.com\/pt-pt\/#website\",\"url\":\"https:\/\/notejido.com\/pt-pt\/\",\"name\":\"Disenos NT\",\"description\":\"Bolsas reutilizables, art\u00edculos higi\u00e9nicos-sanitarios, manteles desechables  y otro packaging promocional en material flexible\",\"potentialAction\":[{\"@type\":\"SearchAction\",\"target\":{\"@type\":\"EntryPoint\",\"urlTemplate\":\"https:\/\/notejido.com\/pt-pt\/?s={search_term_string}\"},\"query-input\":{\"@type\":\"PropertyValueSpecification\",\"valueRequired\":true,\"valueName\":\"search_term_string\"}}],\"inLanguage\":\"pt-PT\"}]}<\/script>\n<!-- \/ Yoast SEO plugin. -->","yoast_head_json":{"title":"Setor da Sa\u00fade e Farmac\u00eautico - Disenos NT","robots":{"index":"index","follow":"follow","max-snippet":"max-snippet:-1","max-image-preview":"max-image-preview:large","max-video-preview":"max-video-preview:-1"},"canonical":"https:\/\/notejido.com\/pt-pt\/setor-da-saude-e-farmaceutico\/","og_locale":"pt_PT","og_type":"article","og_title":"Setor da Sa\u00fade e Farmac\u00eautico - Disenos NT","og_description":"DNT Protection \u00e9 a nova gama de produtos descart\u00e1veis \u200b\u200bde prote\u00e7\u00e3o higi\u00e9nico-sanit\u00e1ria em tecido n\u00e3o tecido fabricados inteiramente em Espanha. [&hellip;]","og_url":"https:\/\/notejido.com\/pt-pt\/setor-da-saude-e-farmaceutico\/","og_site_name":"Disenos NT","article_modified_time":"2024-11-12T11:51:46+00:00","og_image":[{"width":794,"height":529,"url":"https:\/\/notejido.com\/wp-content\/uploads\/2024\/10\/BATA-CIRUJANO-NO-TEJIDO.jpg","type":"image\/jpeg"}],"twitter_card":"summary_large_image","twitter_misc":{"Tempo estimado de leitura":"1 minuto"},"schema":{"@context":"https:\/\/schema.org","@graph":[{"@type":"WebPage","@id":"https:\/\/notejido.com\/pt-pt\/setor-da-saude-e-farmaceutico\/","url":"https:\/\/notejido.com\/pt-pt\/setor-da-saude-e-farmaceutico\/","name":"Setor da Sa\u00fade e Farmac\u00eautico - Disenos NT","isPartOf":{"@id":"https:\/\/notejido.com\/pt-pt\/#website"},"primaryImageOfPage":{"@id":"https:\/\/notejido.com\/pt-pt\/setor-da-saude-e-farmaceutico\/#primaryimage"},"image":{"@id":"https:\/\/notejido.com\/pt-pt\/setor-da-saude-e-farmaceutico\/#primaryimage"},"thumbnailUrl":"https:\/\/notejido.com\/wp-content\/uploads\/2024\/10\/BATA-CIRUJANO-NO-TEJIDO.jpg","datePublished":"2020-10-28T11:38:12+00:00","dateModified":"2024-11-12T11:51:46+00:00","breadcrumb":{"@id":"https:\/\/notejido.com\/pt-pt\/setor-da-saude-e-farmaceutico\/#breadcrumb"},"inLanguage":"pt-PT","potentialAction":[{"@type":"ReadAction","target":["https:\/\/notejido.com\/pt-pt\/setor-da-saude-e-farmaceutico\/"]}]},{"@type":"ImageObject","inLanguage":"pt-PT","@id":"https:\/\/notejido.com\/pt-pt\/setor-da-saude-e-farmaceutico\/#primaryimage","url":"https:\/\/notejido.com\/wp-content\/uploads\/2024\/10\/BATA-CIRUJANO-NO-TEJIDO.jpg","contentUrl":"https:\/\/notejido.com\/wp-content\/uploads\/2024\/10\/BATA-CIRUJANO-NO-TEJIDO.jpg","width":794,"height":529,"caption":"Sanitario Farmacia e Industria"},{"@type":"BreadcrumbList","@id":"https:\/\/notejido.com\/pt-pt\/setor-da-saude-e-farmaceutico\/#breadcrumb","itemListElement":[{"@type":"ListItem","position":1,"name":"Portada","item":"https:\/\/notejido.com\/pt-pt\/"},{"@type":"ListItem","position":2,"name":"Setor da Sa\u00fade e Farmac\u00eautico"}]},{"@type":"WebSite","@id":"https:\/\/notejido.com\/pt-pt\/#website","url":"https:\/\/notejido.com\/pt-pt\/","name":"Disenos NT","description":"Bolsas reutilizables, art\u00edculos higi\u00e9nicos-sanitarios, manteles desechables  y otro packaging promocional en material flexible","potentialAction":[{"@type":"SearchAction","target":{"@type":"EntryPoint","urlTemplate":"https:\/\/notejido.com\/pt-pt\/?s={search_term_string}"},"query-input":{"@type":"PropertyValueSpecification","valueRequired":true,"valueName":"search_term_string"}}],"inLanguage":"pt-PT"}]}},"_links":{"self":[{"href":"https:\/\/notejido.com\/pt-pt\/wp-json\/wp\/v2\/pages\/5717","targetHints":{"allow":["GET"]}}],"collection":[{"href":"https:\/\/notejido.com\/pt-pt\/wp-json\/wp\/v2\/pages"}],"about":[{"href":"https:\/\/notejido.com\/pt-pt\/wp-json\/wp\/v2\/types\/page"}],"author":[{"embeddable":true,"href":"https:\/\/notejido.com\/pt-pt\/wp-json\/wp\/v2\/users\/2"}],"replies":[{"embeddable":true,"href":"https:\/\/notejido.com\/pt-pt\/wp-json\/wp\/v2\/comments?post=5717"}],"version-history":[{"count":4,"href":"https:\/\/notejido.com\/pt-pt\/wp-json\/wp\/v2\/pages\/5717\/revisions"}],"predecessor-version":[{"id":8919,"href":"https:\/\/notejido.com\/pt-pt\/wp-json\/wp\/v2\/pages\/5717\/revisions\/8919"}],"wp:featuredmedia":[{"embeddable":true,"href":"https:\/\/notejido.com\/pt-pt\/wp-json\/wp\/v2\/media\/8021"}],"wp:attachment":[{"href":"https:\/\/notejido.com\/pt-pt\/wp-json\/wp\/v2\/media?parent=5717"}],"curies":[{"name":"wp","href":"https:\/\/api.w.org\/{rel}","templated":true}]}}