{"id":6592,"date":"2022-04-07T09:25:14","date_gmt":"2022-04-07T09:25:14","guid":{"rendered":"https:\/\/notejido.com\/?page_id=6592"},"modified":"2022-04-07T09:25:15","modified_gmt":"2022-04-07T09:25:15","slug":"politica-de-privacidade","status":"publish","type":"page","link":"https:\/\/notejido.com\/pt-pt\/politica-de-privacidade\/","title":{"rendered":"POL\u00cdTICA DE PRIVACIDADE"},"content":{"rendered":"\n<p>Para efeitos do disposto na normativa vigente sobre a prote\u00e7\u00e3o de dados pessoais, atrav\u00e9s desta Pol\u00edtica de Privacidade, DISE\u00d1O Y APLICACIONES DEL NOTEJIDO, S.L. (\u201cDISE\u00d1OS NT\u201d) informa a los usuarios (el \u201cUsuario\u201d o \u201cUsuarios\u201d) de la web www.notejido.com, del que es titular y responsable (la \u201cWeb\u201d), acerca de su pol\u00edtica de protecci\u00f3n de los dados pessoais.<\/p>\n\n\n\n<p>Desta forma, os Usu\u00e1rios podem determinar livre e voluntariamente se desejam fornecer \u00e0 DISE\u00d1OS NT os dados pessoais que possam ser solicitados ou que possam ser obtidos sobre eles ao acessar e utilizar a Web, bem como os servi\u00e7os oferecidos pela DISE\u00d1OS NT.<\/p>\n\n\n\n<h3 class=\"wp-block-heading\">Quem \u00e9 respons\u00e1vel pelo tratamento dos seus dados pessoais?<\/h3>\n\n\n\n<p>Controlador de dados: DISE\u00d1OS Y APLICACIONES DEL NO TEJIDO, S.L.<br>Endere\u00e7o: Pol. Ind. El Chaparral s\/n, 23692 Santa Ana, Alcal\u00e1 la Real (Ja\u00e9n), Espanha.<br>E-mail: rgpd@grupodisenosnt.com<\/p>\n\n\n\n<h3 class=\"wp-block-heading\">Com que finalidade tratamos os seus dados?<\/h3>\n\n\n\n<p>Dependendo de onde voc\u00ea nos fornecer seus dados, n\u00f3s os trataremos para as seguintes finalidades:<\/p>\n\n\n\n<figure class=\"wp-block-table\"><table><tbody><tr><td>(1) Gest\u00e3o do seu registo na Conta<\/td><td>Quando voc\u00ea se registra na Web, os dados pessoais que voc\u00ea fornece, seja em seu pr\u00f3prio nome ou como representante legal de sua empresa, ser\u00e3o coletados para identific\u00e1-lo e dar-lhe acesso aos servi\u00e7os prestados como usu\u00e1rio registrado. Tamb\u00e9m os trataremos para inform\u00e1-lo sobre quaisquer altera\u00e7\u00f5es em nossos servi\u00e7os.<\/td><\/tr><tr><td>(2) Gest\u00e3o da compra de produtos.<\/td><td>Quando voc\u00ea compra qualquer um de nossos Produtos, os dados obtidos ser\u00e3o processados \u200b\u200bpara gerenciar sua entrega.<\/td><\/tr><tr><td>(3) Responda \u00e0s suas d\u00favidas e\/ou solicita\u00e7\u00e3o de or\u00e7amento<\/td><td>Se voc\u00ea tiver alguma d\u00favida ou quiser solicitar um or\u00e7amento, processaremos seus dados para gerenciar suas d\u00favidas ou sugest\u00f5es.<\/td><\/tr><tr><td>(4) Envio de informa\u00e7\u00f5es comerciais e newsletter<\/td><td>Para lhe enviar comunica\u00e7\u00f5es comerciais personalizadas de acordo com as suas prefer\u00eancias e mant\u00ea-lo atualizado sobre os nossos produtos, iniciativas e servi\u00e7os, por meios eletr\u00f3nicos ou n\u00e3o eletr\u00f3nicos. Voc\u00ea pode cancelar a inscri\u00e7\u00e3o a qualquer momento enviando um e-mail para rgpd@grupodisenosnt.com<\/td><\/tr><tr><td>(5) Realizar pesquisas<\/td><td>Para garantir que a qualidade de nossos servi\u00e7os e produtos esteja sempre \u00e0 altura de suas expectativas, a DISE\u00d1OS NT poder\u00e1 convid\u00e1-lo a preencher, por e-mail, question\u00e1rios sobre sua experi\u00eancia e seu n\u00edvel de satisfa\u00e7\u00e3o. Os question\u00e1rios ser\u00e3o apenas sobre produtos que voc\u00ea comprou ou servi\u00e7os que voc\u00ea usou (por exemplo, nosso Atendimento ao Cliente).<\/td><\/tr><tr><td>(6) Processo seletivo para vagas de emprego (Trabalhe conosco)<\/td><td>Consulte aqui a <a href=\"https:\/\/notejido.com\/informacion-de-proteccion-de-datos-de-candidatos\/\" target=\"_blank\" rel=\"noreferrer noopener\">Informa\u00e7\u00e3o de Prote\u00e7\u00e3o de Dados do Candidato.<\/a><\/td><\/tr><\/tbody><\/table><\/figure>\n\n\n\n<h3 class=\"wp-block-heading\">Qual \u00e9 a legitimidade legal para o tratamento dos seus dados?<\/h3>\n\n\n\n<p>As bases leg\u00edtimas para o tratamento dos seus dados pessoais s\u00e3o:<\/p>\n\n\n\n<ul class=\"wp-block-list\"><li>A celebra\u00e7\u00e3o de um contrato ou dilig\u00eancias pr\u00e9vias \u00e0 celebra\u00e7\u00e3o de um contrato, para gerir o seu registo na conta (1), bem como para fins estritamente relacionados com a compra de produtos (2).<\/li><li>O interesse leg\u00edtimo da DISE\u00d1OS NT:<br>o Para gerir a sua consulta em rela\u00e7\u00e3o a ela ou ao pedido de or\u00e7amento (3).<br>o Para enviar informa\u00e7\u00f5es comerciais e newsletters, caso tenha contratado algum dos nossos produtos e desde que n\u00e3o tenha contestado (4).<br>o Realizar pesquisas e estudos de mercado (5).<\/li><li>Consentimento Caso n\u00e3o tenha rela\u00e7\u00e3o pr\u00e9via conosco, solicitaremos seu consentimento para o envio de comunica\u00e7\u00f5es comerciais (4). Voc\u00ea pode retirar seu consentimento a qualquer momento.<br>No caso de e-mails de marketing direto e\/ou newsletters, voc\u00ea pode retirar seu consentimento clicando no link &#8220;cancelar inscri\u00e7\u00e3o&#8221;.<\/li><li>Cumprimento das obriga\u00e7\u00f5es legais, de natureza fiscal, contabil\u00edstica, administrativa ou de outra natureza regulamentadas nos regulamentos aplic\u00e1veis \u200b\u200bem cada momento.<\/li><\/ul>\n\n\n\n<h3 class=\"wp-block-heading\">De onde obtemos seus dados?<\/h3>\n\n\n\n<p>Os dados pessoais obtidos por DISE\u00d1OS NT variam de acordo com o servi\u00e7o que voc\u00ea utiliza. Para qualquer atividade, a DISE\u00d1OS NT processar\u00e1 seus dados de identifica\u00e7\u00e3o e dados de contato. Al\u00e9m disso, tamb\u00e9m trataremos:<\/p>\n\n\n\n<ul class=\"wp-block-list\"><li>Em caso de compra de produtos, dados relativos ao pagamento e dados profissionais (no caso de voc\u00ea ser um Profissional).<\/li><li>Suas prefer\u00eancias comerciais, caso as tratemos para envio de newsletters.<\/li><\/ul>\n\n\n\n<p>A DISE\u00d1OS NT n\u00e3o processar\u00e1 categorias especiais de dados, como informa\u00e7\u00f5es sobre sua ra\u00e7a, opini\u00f5es pol\u00edticas, religi\u00e3o, sa\u00fade ou orienta\u00e7\u00e3o sexual, a menos que voc\u00ea tenha optado por nos fornecer essas informa\u00e7\u00f5es.<\/p>\n\n\n\n<h3 class=\"wp-block-heading\">A quem comunicamos os seus dados?<\/h3>\n\n\n\n<p>A DISE\u00d1OS NT poder\u00e1 compartilhar seus dados pessoais com as empresas do Grupo, bem como com os prestadores de servi\u00e7os envolvidos na entrega dos produtos adquiridos. Por exemplo, comunicaremos seus dados de contato \u00e0s empresas de log\u00edstica para o envio dos Produtos.<\/p>\n\n\n\n<p>A DISE\u00d1OS NT n\u00e3o compartilhar\u00e1 seus dados pessoais com terceiros, a menos que voc\u00ea tenha seu consentimento pr\u00e9vio para faz\u00ea-lo.<\/p>\n\n\n\n<h3 class=\"wp-block-heading\">Por quanto tempo mantemos seus dados?<\/h3>\n\n\n\n<p>A DISE\u00d1OS NT tratar\u00e1 os seus dados pessoais enquanto forem necess\u00e1rios para a finalidade para a qual foram recolhidos.<\/p>\n\n\n\n<p>Quando estes j\u00e1 n\u00e3o forem necess\u00e1rios para a realiza\u00e7\u00e3o dos fins para os quais foram obtidos, procederemos ao bloqueio dos seus dados (para que DISE\u00d1OS NT n\u00e3o tenha acesso aos mesmos) durante os per\u00edodos estabelecidos nas disposi\u00e7\u00f5es aplic\u00e1veis \u200b\u200bou, se for o caso, em as rela\u00e7\u00f5es contratuais mantidas com a DISE\u00d1OS NT, estando dispon\u00edveis apenas a pedido de Ju\u00edzes e tribunais, do Minist\u00e9rio P\u00fablico ou das Administra\u00e7\u00f5es P\u00fablicas competentes durante o prazo de prescri\u00e7\u00e3o das a\u00e7\u00f5es.<\/p>\n\n\n\n<p>Decorridos esses prazos, a DISE\u00d1OS NT proceder\u00e1 \u00e0 elimina\u00e7\u00e3o f\u00edsica ou anonimiza\u00e7\u00e3o dos mesmos.<\/p>\n\n\n\n<h3 class=\"wp-block-heading\">Quais s\u00e3o seus direitos?<\/h3>\n\n\n\n<p>Voc\u00ea pode exercer os direitos de acesso, portabilidade, retifica\u00e7\u00e3o, exclus\u00e3o, limita\u00e7\u00e3o, oposi\u00e7\u00e3o e n\u00e3o ser objeto de uma decis\u00e3o baseada exclusivamente no processamento automatizado. Da mesma forma, voc\u00ea pode revogar a qualquer momento o consentimento que voc\u00ea deu.<\/p>\n\n\n\n<p>Para qualquer solicita\u00e7\u00e3o relacionada ao exerc\u00edcio desses direitos ou qualquer outro assunto relacionado ao tratamento, voc\u00ea pode exercer esses direitos por meio de uma solicita\u00e7\u00e3o escrita dirigida a DISE\u00d1OS NT atrav\u00e9s do endere\u00e7o de e-mail indicado no in\u00edcio da Pol\u00edtica de Privacidade.<\/p>\n\n\n\n<p>Qualquer reclama\u00e7\u00e3o relacionada com o tratamento aqui reportado pode ser apresentada \u00e0 Ag\u00eancia Espanhola de Prote\u00e7\u00e3o de Dados (www.aepd.es) para o exerc\u00edcio de qualquer reclama\u00e7\u00e3o que considere, como advertiu o organismo p\u00fablico espanhol respons\u00e1vel por garantir o cumprimento da normativa.<\/p>\n","protected":false},"excerpt":{"rendered":"<p>Para efeitos do disposto na normativa vigente sobre a prote\u00e7\u00e3o de dados pessoais, atrav\u00e9s desta Pol\u00edtica de Privacidade, DISE\u00d1O Y [&hellip;]<\/p>\n","protected":false},"author":4,"featured_media":0,"parent":0,"menu_order":0,"comment_status":"closed","ping_status":"closed","template":"","meta":{"_acf_changed":false,"footnotes":""},"class_list":["post-6592","page","type-page","status-publish","hentry"],"acf":[],"yoast_head":"<!-- This site is optimized with the Yoast SEO plugin v27.3 - https:\/\/yoast.com\/product\/yoast-seo-wordpress\/ -->\n<title>POL\u00cdTICA DE PRIVACIDADE - Disenos NT<\/title>\n<meta name=\"robots\" content=\"index, follow, max-snippet:-1, max-image-preview:large, max-video-preview:-1\" \/>\n<link rel=\"canonical\" href=\"https:\/\/notejido.com\/pt-pt\/politica-de-privacidade\/\" \/>\n<meta property=\"og:locale\" content=\"pt_PT\" \/>\n<meta property=\"og:type\" content=\"article\" \/>\n<meta property=\"og:title\" content=\"POL\u00cdTICA DE PRIVACIDADE - Disenos NT\" \/>\n<meta property=\"og:description\" content=\"Para efeitos do disposto na normativa vigente sobre a prote\u00e7\u00e3o de dados pessoais, atrav\u00e9s desta Pol\u00edtica de Privacidade, DISE\u00d1O Y [&hellip;]\" \/>\n<meta property=\"og:url\" content=\"https:\/\/notejido.com\/pt-pt\/politica-de-privacidade\/\" \/>\n<meta property=\"og:site_name\" content=\"Disenos NT\" \/>\n<meta property=\"article:modified_time\" content=\"2022-04-07T09:25:15+00:00\" \/>\n<meta name=\"twitter:card\" content=\"summary_large_image\" \/>\n<meta name=\"twitter:label1\" content=\"Tempo estimado de leitura\" \/>\n\t<meta name=\"twitter:data1\" content=\"5 minutos\" \/>\n<script type=\"application\/ld+json\" class=\"yoast-schema-graph\">{\"@context\":\"https:\\\/\\\/schema.org\",\"@graph\":[{\"@type\":\"WebPage\",\"@id\":\"https:\\\/\\\/notejido.com\\\/pt-pt\\\/politica-de-privacidade\\\/\",\"url\":\"https:\\\/\\\/notejido.com\\\/pt-pt\\\/politica-de-privacidade\\\/\",\"name\":\"POL\u00cdTICA DE PRIVACIDADE - Disenos NT\",\"isPartOf\":{\"@id\":\"https:\\\/\\\/notejido.com\\\/pt-pt\\\/#website\"},\"datePublished\":\"2022-04-07T09:25:14+00:00\",\"dateModified\":\"2022-04-07T09:25:15+00:00\",\"breadcrumb\":{\"@id\":\"https:\\\/\\\/notejido.com\\\/pt-pt\\\/politica-de-privacidade\\\/#breadcrumb\"},\"inLanguage\":\"pt-PT\",\"potentialAction\":[{\"@type\":\"ReadAction\",\"target\":[\"https:\\\/\\\/notejido.com\\\/pt-pt\\\/politica-de-privacidade\\\/\"]}]},{\"@type\":\"BreadcrumbList\",\"@id\":\"https:\\\/\\\/notejido.com\\\/pt-pt\\\/politica-de-privacidade\\\/#breadcrumb\",\"itemListElement\":[{\"@type\":\"ListItem\",\"position\":1,\"name\":\"Portada\",\"item\":\"https:\\\/\\\/notejido.com\\\/pt-pt\\\/\"},{\"@type\":\"ListItem\",\"position\":2,\"name\":\"POL\u00cdTICA DE PRIVACIDADE\"}]},{\"@type\":\"WebSite\",\"@id\":\"https:\\\/\\\/notejido.com\\\/pt-pt\\\/#website\",\"url\":\"https:\\\/\\\/notejido.com\\\/pt-pt\\\/\",\"name\":\"Disenos NT\",\"description\":\"Bolsas reutilizables, art\u00edculos higi\u00e9nicos-sanitarios, manteles desechables  y otro packaging promocional en material flexible\",\"potentialAction\":[{\"@type\":\"SearchAction\",\"target\":{\"@type\":\"EntryPoint\",\"urlTemplate\":\"https:\\\/\\\/notejido.com\\\/pt-pt\\\/?s={search_term_string}\"},\"query-input\":{\"@type\":\"PropertyValueSpecification\",\"valueRequired\":true,\"valueName\":\"search_term_string\"}}],\"inLanguage\":\"pt-PT\"}]}<\/script>\n<!-- \/ Yoast SEO plugin. -->","yoast_head_json":{"title":"POL\u00cdTICA DE PRIVACIDADE - Disenos NT","robots":{"index":"index","follow":"follow","max-snippet":"max-snippet:-1","max-image-preview":"max-image-preview:large","max-video-preview":"max-video-preview:-1"},"canonical":"https:\/\/notejido.com\/pt-pt\/politica-de-privacidade\/","og_locale":"pt_PT","og_type":"article","og_title":"POL\u00cdTICA DE PRIVACIDADE - Disenos NT","og_description":"Para efeitos do disposto na normativa vigente sobre a prote\u00e7\u00e3o de dados pessoais, atrav\u00e9s desta Pol\u00edtica de Privacidade, DISE\u00d1O Y [&hellip;]","og_url":"https:\/\/notejido.com\/pt-pt\/politica-de-privacidade\/","og_site_name":"Disenos NT","article_modified_time":"2022-04-07T09:25:15+00:00","twitter_card":"summary_large_image","twitter_misc":{"Tempo estimado de leitura":"5 minutos"},"schema":{"@context":"https:\/\/schema.org","@graph":[{"@type":"WebPage","@id":"https:\/\/notejido.com\/pt-pt\/politica-de-privacidade\/","url":"https:\/\/notejido.com\/pt-pt\/politica-de-privacidade\/","name":"POL\u00cdTICA DE PRIVACIDADE - Disenos NT","isPartOf":{"@id":"https:\/\/notejido.com\/pt-pt\/#website"},"datePublished":"2022-04-07T09:25:14+00:00","dateModified":"2022-04-07T09:25:15+00:00","breadcrumb":{"@id":"https:\/\/notejido.com\/pt-pt\/politica-de-privacidade\/#breadcrumb"},"inLanguage":"pt-PT","potentialAction":[{"@type":"ReadAction","target":["https:\/\/notejido.com\/pt-pt\/politica-de-privacidade\/"]}]},{"@type":"BreadcrumbList","@id":"https:\/\/notejido.com\/pt-pt\/politica-de-privacidade\/#breadcrumb","itemListElement":[{"@type":"ListItem","position":1,"name":"Portada","item":"https:\/\/notejido.com\/pt-pt\/"},{"@type":"ListItem","position":2,"name":"POL\u00cdTICA DE PRIVACIDADE"}]},{"@type":"WebSite","@id":"https:\/\/notejido.com\/pt-pt\/#website","url":"https:\/\/notejido.com\/pt-pt\/","name":"Disenos NT","description":"Bolsas reutilizables, art\u00edculos higi\u00e9nicos-sanitarios, manteles desechables  y otro packaging promocional en material flexible","potentialAction":[{"@type":"SearchAction","target":{"@type":"EntryPoint","urlTemplate":"https:\/\/notejido.com\/pt-pt\/?s={search_term_string}"},"query-input":{"@type":"PropertyValueSpecification","valueRequired":true,"valueName":"search_term_string"}}],"inLanguage":"pt-PT"}]}},"_links":{"self":[{"href":"https:\/\/notejido.com\/pt-pt\/wp-json\/wp\/v2\/pages\/6592","targetHints":{"allow":["GET"]}}],"collection":[{"href":"https:\/\/notejido.com\/pt-pt\/wp-json\/wp\/v2\/pages"}],"about":[{"href":"https:\/\/notejido.com\/pt-pt\/wp-json\/wp\/v2\/types\/page"}],"author":[{"embeddable":true,"href":"https:\/\/notejido.com\/pt-pt\/wp-json\/wp\/v2\/users\/4"}],"replies":[{"embeddable":true,"href":"https:\/\/notejido.com\/pt-pt\/wp-json\/wp\/v2\/comments?post=6592"}],"version-history":[{"count":1,"href":"https:\/\/notejido.com\/pt-pt\/wp-json\/wp\/v2\/pages\/6592\/revisions"}],"predecessor-version":[{"id":6593,"href":"https:\/\/notejido.com\/pt-pt\/wp-json\/wp\/v2\/pages\/6592\/revisions\/6593"}],"wp:attachment":[{"href":"https:\/\/notejido.com\/pt-pt\/wp-json\/wp\/v2\/media?parent=6592"}],"curies":[{"name":"wp","href":"https:\/\/api.w.org\/{rel}","templated":true}]}}