{"id":3912,"date":"2019-09-25T15:55:44","date_gmt":"2019-09-25T15:55:44","guid":{"rendered":"https:\/\/notejido.com\/productos\/bolsas-de-tela-cosidas\/"},"modified":"2019-12-24T12:27:42","modified_gmt":"2019-12-24T12:27:42","slug":"sacos-de-tecido-costurados","status":"publish","type":"product","link":"https:\/\/notejido.com\/pt-pt\/produtos\/sacos-de-tecido-costurados\/","title":{"rendered":"Sacos de tecido costurados"},"content":{"rendered":"<div id=\"pl-gb3912-69d0fcd4767d4\"  class=\"panel-layout\" ><div id=\"pg-gb3912-69d0fcd4767d4-0\"  class=\"panel-grid panel-has-style\" ><div class=\"section-intro panel-row-style panel-row-style-for-gb3912-69d0fcd4767d4-0\" ><div id=\"pgc-gb3912-69d0fcd4767d4-0-0\"  class=\"panel-grid-cell\" ><div id=\"panel-gb3912-69d0fcd4767d4-0-0-0\" class=\"so-panel widget widget_sow-editor panel-first-child panel-last-child\" data-index=\"0\" ><div\n\t\t\t\n\t\t\tclass=\"so-widget-sow-editor so-widget-sow-editor-base\"\n\t\t\t\n\t\t>\n<div class=\"siteorigin-widget-tinymce textwidget\">\n\t<p>Feitos \u00e0 m\u00e3o, s\u00e3o a op\u00e7\u00e3o ideal para quem procura uma resist\u00eancia extra duradoura. Aqui encontra a maior variedade do mercado: algod\u00e3o, r\u00e1fia, PET reciclado, n\u00e3o tecido, poli\u00e9ster&#8230;<\/p>\n<\/div>\n<\/div><\/div><\/div><\/div><\/div><\/div>","protected":false},"featured_media":3913,"template":"","class_list":["post-3912","product","type-product","status-publish","has-post-thumbnail","hentry"],"acf":[],"yoast_head":"<!-- This site is optimized with the Yoast SEO plugin v27.2 - https:\/\/yoast.com\/product\/yoast-seo-wordpress\/ -->\n<title>Sacos de tecido costurados - Disenos NT<\/title>\n<meta name=\"robots\" content=\"index, follow, max-snippet:-1, max-image-preview:large, max-video-preview:-1\" \/>\n<link rel=\"canonical\" href=\"https:\/\/notejido.com\/pt-pt\/produtos\/sacos-de-tecido-costurados\/\" \/>\n<meta property=\"og:locale\" content=\"pt_PT\" \/>\n<meta property=\"og:type\" content=\"article\" \/>\n<meta property=\"og:title\" content=\"Sacos de tecido costurados - Disenos NT\" \/>\n<meta property=\"og:description\" content=\"Feitos \u00e0 m\u00e3o, s\u00e3o a op\u00e7\u00e3o ideal para quem procura uma resist\u00eancia extra duradoura. Aqui encontra a maior variedade do [&hellip;]\" \/>\n<meta property=\"og:url\" content=\"https:\/\/notejido.com\/pt-pt\/produtos\/sacos-de-tecido-costurados\/\" \/>\n<meta property=\"og:site_name\" content=\"Disenos NT\" \/>\n<meta property=\"article:modified_time\" content=\"2019-12-24T12:27:42+00:00\" \/>\n<meta property=\"og:image\" content=\"https:\/\/notejido.com\/wp-content\/uploads\/2019\/09\/p-02.jpg\" \/>\n\t<meta property=\"og:image:width\" content=\"1600\" \/>\n\t<meta property=\"og:image:height\" content=\"1000\" \/>\n\t<meta property=\"og:image:type\" content=\"image\/jpeg\" \/>\n<meta name=\"twitter:card\" content=\"summary_large_image\" \/>\n<script type=\"application\/ld+json\" class=\"yoast-schema-graph\">{\"@context\":\"https:\/\/schema.org\",\"@graph\":[{\"@type\":\"WebPage\",\"@id\":\"https:\/\/notejido.com\/pt-pt\/produtos\/sacos-de-tecido-costurados\/\",\"url\":\"https:\/\/notejido.com\/pt-pt\/produtos\/sacos-de-tecido-costurados\/\",\"name\":\"Sacos de tecido costurados - Disenos NT\",\"isPartOf\":{\"@id\":\"https:\/\/notejido.com\/pt-pt\/#website\"},\"primaryImageOfPage\":{\"@id\":\"https:\/\/notejido.com\/pt-pt\/produtos\/sacos-de-tecido-costurados\/#primaryimage\"},\"image\":{\"@id\":\"https:\/\/notejido.com\/pt-pt\/produtos\/sacos-de-tecido-costurados\/#primaryimage\"},\"thumbnailUrl\":\"https:\/\/notejido.com\/wp-content\/uploads\/2019\/09\/p-02.jpg\",\"datePublished\":\"2019-09-25T15:55:44+00:00\",\"dateModified\":\"2019-12-24T12:27:42+00:00\",\"breadcrumb\":{\"@id\":\"https:\/\/notejido.com\/pt-pt\/produtos\/sacos-de-tecido-costurados\/#breadcrumb\"},\"inLanguage\":\"pt-PT\",\"potentialAction\":[{\"@type\":\"ReadAction\",\"target\":[\"https:\/\/notejido.com\/pt-pt\/produtos\/sacos-de-tecido-costurados\/\"]}]},{\"@type\":\"ImageObject\",\"inLanguage\":\"pt-PT\",\"@id\":\"https:\/\/notejido.com\/pt-pt\/produtos\/sacos-de-tecido-costurados\/#primaryimage\",\"url\":\"https:\/\/notejido.com\/wp-content\/uploads\/2019\/09\/p-02.jpg\",\"contentUrl\":\"https:\/\/notejido.com\/wp-content\/uploads\/2019\/09\/p-02.jpg\",\"width\":1600,\"height\":1000,\"caption\":\"Bolsas de tela cosidas\"},{\"@type\":\"BreadcrumbList\",\"@id\":\"https:\/\/notejido.com\/pt-pt\/produtos\/sacos-de-tecido-costurados\/#breadcrumb\",\"itemListElement\":[{\"@type\":\"ListItem\",\"position\":1,\"name\":\"Portada\",\"item\":\"https:\/\/notejido.com\/pt-pt\/\"},{\"@type\":\"ListItem\",\"position\":2,\"name\":\"Sacos de tecido costurados\"}]},{\"@type\":\"WebSite\",\"@id\":\"https:\/\/notejido.com\/pt-pt\/#website\",\"url\":\"https:\/\/notejido.com\/pt-pt\/\",\"name\":\"Disenos NT\",\"description\":\"Bolsas reutilizables, art\u00edculos higi\u00e9nicos-sanitarios, manteles desechables  y otro packaging promocional en material flexible\",\"potentialAction\":[{\"@type\":\"SearchAction\",\"target\":{\"@type\":\"EntryPoint\",\"urlTemplate\":\"https:\/\/notejido.com\/pt-pt\/?s={search_term_string}\"},\"query-input\":{\"@type\":\"PropertyValueSpecification\",\"valueRequired\":true,\"valueName\":\"search_term_string\"}}],\"inLanguage\":\"pt-PT\"}]}<\/script>\n<!-- \/ Yoast SEO plugin. -->","yoast_head_json":{"title":"Sacos de tecido costurados - Disenos NT","robots":{"index":"index","follow":"follow","max-snippet":"max-snippet:-1","max-image-preview":"max-image-preview:large","max-video-preview":"max-video-preview:-1"},"canonical":"https:\/\/notejido.com\/pt-pt\/produtos\/sacos-de-tecido-costurados\/","og_locale":"pt_PT","og_type":"article","og_title":"Sacos de tecido costurados - Disenos NT","og_description":"Feitos \u00e0 m\u00e3o, s\u00e3o a op\u00e7\u00e3o ideal para quem procura uma resist\u00eancia extra duradoura. Aqui encontra a maior variedade do [&hellip;]","og_url":"https:\/\/notejido.com\/pt-pt\/produtos\/sacos-de-tecido-costurados\/","og_site_name":"Disenos NT","article_modified_time":"2019-12-24T12:27:42+00:00","og_image":[{"width":1600,"height":1000,"url":"https:\/\/notejido.com\/wp-content\/uploads\/2019\/09\/p-02.jpg","type":"image\/jpeg"}],"twitter_card":"summary_large_image","schema":{"@context":"https:\/\/schema.org","@graph":[{"@type":"WebPage","@id":"https:\/\/notejido.com\/pt-pt\/produtos\/sacos-de-tecido-costurados\/","url":"https:\/\/notejido.com\/pt-pt\/produtos\/sacos-de-tecido-costurados\/","name":"Sacos de tecido costurados - Disenos NT","isPartOf":{"@id":"https:\/\/notejido.com\/pt-pt\/#website"},"primaryImageOfPage":{"@id":"https:\/\/notejido.com\/pt-pt\/produtos\/sacos-de-tecido-costurados\/#primaryimage"},"image":{"@id":"https:\/\/notejido.com\/pt-pt\/produtos\/sacos-de-tecido-costurados\/#primaryimage"},"thumbnailUrl":"https:\/\/notejido.com\/wp-content\/uploads\/2019\/09\/p-02.jpg","datePublished":"2019-09-25T15:55:44+00:00","dateModified":"2019-12-24T12:27:42+00:00","breadcrumb":{"@id":"https:\/\/notejido.com\/pt-pt\/produtos\/sacos-de-tecido-costurados\/#breadcrumb"},"inLanguage":"pt-PT","potentialAction":[{"@type":"ReadAction","target":["https:\/\/notejido.com\/pt-pt\/produtos\/sacos-de-tecido-costurados\/"]}]},{"@type":"ImageObject","inLanguage":"pt-PT","@id":"https:\/\/notejido.com\/pt-pt\/produtos\/sacos-de-tecido-costurados\/#primaryimage","url":"https:\/\/notejido.com\/wp-content\/uploads\/2019\/09\/p-02.jpg","contentUrl":"https:\/\/notejido.com\/wp-content\/uploads\/2019\/09\/p-02.jpg","width":1600,"height":1000,"caption":"Bolsas de tela cosidas"},{"@type":"BreadcrumbList","@id":"https:\/\/notejido.com\/pt-pt\/produtos\/sacos-de-tecido-costurados\/#breadcrumb","itemListElement":[{"@type":"ListItem","position":1,"name":"Portada","item":"https:\/\/notejido.com\/pt-pt\/"},{"@type":"ListItem","position":2,"name":"Sacos de tecido costurados"}]},{"@type":"WebSite","@id":"https:\/\/notejido.com\/pt-pt\/#website","url":"https:\/\/notejido.com\/pt-pt\/","name":"Disenos NT","description":"Bolsas reutilizables, art\u00edculos higi\u00e9nicos-sanitarios, manteles desechables  y otro packaging promocional en material flexible","potentialAction":[{"@type":"SearchAction","target":{"@type":"EntryPoint","urlTemplate":"https:\/\/notejido.com\/pt-pt\/?s={search_term_string}"},"query-input":{"@type":"PropertyValueSpecification","valueRequired":true,"valueName":"search_term_string"}}],"inLanguage":"pt-PT"}]}},"_links":{"self":[{"href":"https:\/\/notejido.com\/pt-pt\/wp-json\/wp\/v2\/product\/3912","targetHints":{"allow":["GET"]}}],"collection":[{"href":"https:\/\/notejido.com\/pt-pt\/wp-json\/wp\/v2\/product"}],"about":[{"href":"https:\/\/notejido.com\/pt-pt\/wp-json\/wp\/v2\/types\/product"}],"wp:featuredmedia":[{"embeddable":true,"href":"https:\/\/notejido.com\/pt-pt\/wp-json\/wp\/v2\/media\/3913"}],"wp:attachment":[{"href":"https:\/\/notejido.com\/pt-pt\/wp-json\/wp\/v2\/media?parent=3912"}],"curies":[{"name":"wp","href":"https:\/\/api.w.org\/{rel}","templated":true}]}}